{"id":4181,"date":"2025-03-15T00:27:41","date_gmt":"2025-03-14T16:27:41","guid":{"rendered":"https:\/\/ruishengglassco.com\/?post_type=product&#038;p=4181"},"modified":"2025-07-16T16:11:45","modified_gmt":"2025-07-16T08:11:45","slug":"rs105-1500ml-alcohol-botellas-de-vidrio-con-tapa","status":"publish","type":"product","link":"https:\/\/ruishengglassco.com\/es\/producto\/rs105-1500ml-alcohol-botellas-de-vidrio-con-tapa","title":{"rendered":"RS105: Botellas de vidrio para alcohol de 1500 ml con tapa"},"content":{"rendered":"<p><span style=\"font-size: 14.4px;\">Ruisheng, un fabricante profesional de botellas de vidrio en China, produce botellas de vidrio a granel con tapa para alcohol. La f\u00e1brica se ha centrado en la fabricaci\u00f3n de botellas de vidrio de alta calidad desde 2009. Nuestras botellas de vidrio con tapa son perfectas para bebidas alcoh\u00f3licas. Pueden ser utilizadas como botellas de whisky, brandy, vodka, ron o ginebra. Bodegas, centros comerciales, supermercados y mayoristas de botellas de vidrio a menudo las eligen.<\/span><\/p>\n<p><span style=\"font-size: 14.4px;\"><br \/>Ruisheng, proveedor de botellas de vidrio, utiliza vidrio superflint para fabricar sus botellas con tap\u00f3n. Este material hace que las botellas sean claras, transparentes y lisas. Ruisheng ofrece tres tipos de tapas para elegir: Corcho, Tap\u00f3n de rosca y Tap\u00f3n de Guala. Mientras tanto, ofrecemos servicio de botellas de vidrio personalizadas: plantilla de botella de vidrio, Color, Capacidad, Logotipo, y Otros. Aqu\u00ed hay algunos detalles sobre nuestra botella de vidrio al por mayor:<\/span><\/p>\n<h2>Acerca de las botellas de alcohol de 1500 ml al por mayor<\/h2>\n<ul>\n<li><strong>Nombre:\u00a0<\/strong>\u00a0Botellas de vidrio para alcohol de 1500 ml<\/li>\n<li><strong>Marca:<\/strong>\u00a0RS<\/li>\n<li><strong>Color:<\/strong>\u00a0Claro<\/li>\n<li><strong>Material:<\/strong>\u00a0Material blanco cristalino, material extremadamente blanco<\/li>\n<li><strong>MOQ:<\/strong>\u00a010000 UNIDADES<\/li>\n<li><strong>Caracter\u00edstica:<\/strong>\u00a0Alta calidad, m\u00e1s transparente, irrompible, reciclable<\/li>\n<li><strong>Est\u00e1ndar:<\/strong>\u00a0ISO9001:2008, ISO14001:2004, FDA<\/li>\n<li><strong>M\u00e9todo de embalaje:<\/strong>\u00a0Embalaje est\u00e1ndar para exportaci\u00f3n o personalizado<\/li>\n<li><strong>Plazo de pago:<\/strong>\u00a0T\/T, L\/C, Western Union, Paypal.<\/li>\n<li><strong>Plazo de entrega:<\/strong>\u00a0En un plazo de 20-30 d\u00edas en funci\u00f3n del tama\u00f1o y la cantidad solicitados.<\/li>\n<li><strong>Ofrecer muestras gratuitas si tenemos<\/strong><\/li>\n<\/ul>\n<p><span style=\"font-size: 14.4px;\">Ruisheng se ha convertido en una gran empresa internacional tras casi 10 a\u00f1os de desarrollo. Abarca m\u00e1s de 300.000 acres y produce m\u00e1s de 120.000 botellas diarias. Nuestras botellas de vidrio con tap\u00f3n de corcho se exportan a los EE.UU., Reino Unido, Francia, Egipto, Emiratos \u00c1rabes Unidos, Argentina, Am\u00e9rica del Sur, y otros pa\u00edses.<\/span><\/p>\n<p><span style=\"font-size: 14.4px;\"><br \/>Si est\u00e1 interesado en los frascos de vidrio con tapa a granel, no dude en ponerse en contacto con nosotros. Le responderemos en un plazo de 24 horas. Tambi\u00e9n puede dejar un mensaje para nosotros, nos pondremos en contacto con usted lo antes posible.<\/span><\/p>","protected":false},"excerpt":{"rendered":"<table class=\"tg\">\n<tbody>\n<tr>\n<th class=\"tg-24i8\" colspan=\"2\">Botellas de vidrio para alcohol de 1500 ml con tapa<\/th>\n<\/tr>\n<tr>\n<td class=\"tg-b7b8\">Referencia:<\/td>\n<td class=\"tg-b7b8\">RS105<\/td>\n<\/tr>\n<tr>\n<td class=\"tg-yw4l\">Material principal:<\/td>\n<td class=\"tg-yw4l\">Vidrio de alto s\u00edlex (,este material tambi\u00e9n se llama vidrio blanco cristalino )<\/td>\n<\/tr>\n<tr>\n<td class=\"tg-b7b8\">Cap:<\/td>\n<td class=\"tg-b7b8\">Tap\u00f3n de corcho, tap\u00f3n de rosca, tap\u00f3n de guala.<\/td>\n<\/tr>\n<tr>\n<td class=\"tg-yw4l\">Capacidad:<\/td>\n<td class=\"tg-yw4l\">1500ML<\/td>\n<\/tr>\n<tr>\n<td class=\"tg-b7b8\">Caracter\u00edstica:<\/td>\n<td class=\"tg-b7b8\">Ecol\u00f3gico<\/td>\n<\/tr>\n<tr>\n<td class=\"tg-yw4l\">MOQ:<\/td>\n<td class=\"tg-yw4l\">10000 UNIDADES<\/td>\n<\/tr>\n<tr>\n<td class=\"tg-b7b8\">Manera de embalar:<\/td>\n<td class=\"tg-b7b8\">Cart\u00f3n est\u00e1ndar para exportaci\u00f3n \/ Pal\u00e9 \/ cart\u00f3n est\u00e1ndar para exportaci\u00f3n y pal\u00e9<\/td>\n<\/tr>\n<tr>\n<td class=\"tg-yw4l\">OEM\/ODM:<\/td>\n<td class=\"tg-yw4l\">Bienvenido<\/td>\n<\/tr>\n<tr>\n<td class=\"tg-b7b8\">Origen del lugar:<\/td>\n<td class=\"tg-b7b8\">Shandong,China<\/td>\n<\/tr>\n<tr>\n<td class=\"tg-yw4l\">Piezas\/Ctn:<\/td>\n<td class=\"tg-yw4l\">24 unidades o seg\u00fan las necesidades del cliente<\/td>\n<\/tr>\n<\/tbody>\n<\/table>","protected":false},"featured_media":4182,"comment_status":"closed","ping_status":"closed","template":"","meta":[],"product_cat":[49],"class_list":{"0":"post-4181","1":"product","2":"type-product","3":"status-publish","4":"has-post-thumbnail","6":"product_cat-1500ml-liquor-bottle-manufacturer","8":"first","9":"instock","10":"shipping-taxable","11":"product-type-simple"},"yoast_head":"<!-- This site is optimized with the Yoast SEO plugin v22.0 - https:\/\/yoast.com\/wordpress\/plugins\/seo\/ -->\n<title>Bulk Glass Bottles With Lids | 1500ml Alcohol Bottles Wholesale-RS<\/title>\n<meta name=\"description\" content=\"Bulk Glass Bottles with Lids in Wholesale Price! High Quality 1500ml Alcohol Glass Bottles With Free Sample&amp;5 Years Warranty.\" \/>\n<meta name=\"robots\" content=\"index, follow, max-snippet:-1, max-image-preview:large, max-video-preview:-1\" \/>\n<link rel=\"canonical\" href=\"https:\/\/ruishengglassco.com\/es\/producto\/rs105-1500ml-alcohol-botellas-de-vidrio-con-tapa\" \/>\n<meta property=\"og:locale\" content=\"es_ES\" \/>\n<meta property=\"og:type\" content=\"article\" \/>\n<meta property=\"og:title\" content=\"Bulk Glass Bottles With Lids | 1500ml Alcohol Bottles Wholesale-RS\" \/>\n<meta property=\"og:description\" content=\"Bulk Glass Bottles with Lids in Wholesale Price! High Quality 1500ml Alcohol Glass Bottles With Free Sample&amp;5 Years Warranty.\" \/>\n<meta property=\"og:url\" content=\"https:\/\/ruishengglassco.com\/es\/producto\/rs105-1500ml-alcohol-botellas-de-vidrio-con-tapa\" \/>\n<meta property=\"article:publisher\" content=\"https:\/\/www.facebook.com\/ruishengglassbottles\" \/>\n<meta property=\"article:modified_time\" content=\"2025-07-16T08:11:45+00:00\" \/>\n<meta property=\"og:image\" content=\"https:\/\/ruishengglassco.com\/wp-content\/uploads\/2025\/03\/RS105-1500ml-Alcohol-Glass-Bottles-With-Lids.webp\" \/>\n\t<meta property=\"og:image:width\" content=\"640\" \/>\n\t<meta property=\"og:image:height\" content=\"640\" \/>\n\t<meta property=\"og:image:type\" content=\"image\/webp\" \/>\n<meta name=\"twitter:card\" content=\"summary_large_image\" \/>\n<meta name=\"twitter:label1\" content=\"Tiempo de lectura\" \/>\n\t<meta name=\"twitter:data1\" content=\"2 minutos\" \/>\n<script type=\"application\/ld+json\" class=\"yoast-schema-graph\">{\"@context\":\"https:\/\/schema.org\",\"@graph\":[{\"@type\":\"WebPage\",\"@id\":\"https:\/\/ruishengglassco.com\/product\/rs105-1500ml-alcohol-glass-bottles-with-lids\",\"url\":\"https:\/\/ruishengglassco.com\/product\/rs105-1500ml-alcohol-glass-bottles-with-lids\",\"name\":\"Bulk Glass Bottles With Lids | 1500ml Alcohol Bottles Wholesale-RS\",\"isPartOf\":{\"@id\":\"https:\/\/ruishengglassco.com\/#website\"},\"datePublished\":\"2025-03-14T16:27:41+00:00\",\"dateModified\":\"2025-07-16T08:11:45+00:00\",\"description\":\"Bulk Glass Bottles with Lids in Wholesale Price! High Quality 1500ml Alcohol Glass Bottles With Free Sample&5 Years Warranty.\",\"breadcrumb\":{\"@id\":\"https:\/\/ruishengglassco.com\/product\/rs105-1500ml-alcohol-glass-bottles-with-lids#breadcrumb\"},\"inLanguage\":\"es\",\"potentialAction\":[{\"@type\":\"ReadAction\",\"target\":[\"https:\/\/ruishengglassco.com\/product\/rs105-1500ml-alcohol-glass-bottles-with-lids\"]}]},{\"@type\":\"BreadcrumbList\",\"@id\":\"https:\/\/ruishengglassco.com\/product\/rs105-1500ml-alcohol-glass-bottles-with-lids#breadcrumb\",\"itemListElement\":[{\"@type\":\"ListItem\",\"position\":1,\"name\":\"Home\",\"item\":\"https:\/\/ruishengglassco.com\/\"},{\"@type\":\"ListItem\",\"position\":2,\"name\":\"Products\",\"item\":\"https:\/\/ruishengglassco.com\/products\"},{\"@type\":\"ListItem\",\"position\":3,\"name\":\"RS105: 1500ml Alcohol Glass Bottles With Lids\"}]},{\"@type\":\"WebSite\",\"@id\":\"https:\/\/ruishengglassco.com\/#website\",\"url\":\"https:\/\/ruishengglassco.com\/\",\"name\":\"Ruisheng Glass\",\"description\":\"\",\"publisher\":{\"@id\":\"https:\/\/ruishengglassco.com\/#organization\"},\"potentialAction\":[{\"@type\":\"SearchAction\",\"target\":{\"@type\":\"EntryPoint\",\"urlTemplate\":\"https:\/\/ruishengglassco.com\/?s={search_term_string}\"},\"query-input\":\"required name=search_term_string\"}],\"inLanguage\":\"es\"},{\"@type\":\"Organization\",\"@id\":\"https:\/\/ruishengglassco.com\/#organization\",\"name\":\"Shandong Yuncheng Ruisheng Glass Co., Ltd\",\"url\":\"https:\/\/ruishengglassco.com\/\",\"logo\":{\"@type\":\"ImageObject\",\"inLanguage\":\"es\",\"@id\":\"https:\/\/ruishengglassco.com\/#\/schema\/logo\/image\/\",\"url\":\"https:\/\/ruishengglassco.com\/wp-content\/uploads\/2023\/09\/ruisheng_logo_icon.webp\",\"contentUrl\":\"https:\/\/ruishengglassco.com\/wp-content\/uploads\/2023\/09\/ruisheng_logo_icon.webp\",\"width\":400,\"height\":233,\"caption\":\"Shandong Yuncheng Ruisheng Glass Co., Ltd\"},\"image\":{\"@id\":\"https:\/\/ruishengglassco.com\/#\/schema\/logo\/image\/\"},\"sameAs\":[\"https:\/\/www.facebook.com\/ruishengglassbottles\",\"https:\/\/www.instagram.com\/Ruishengglassbottlewholesales\/\",\"https:\/\/www.youtube.com\/channel\/UCMmbMNGwsL-XrtjfSFLCdVQ\"]}]}<\/script>\n<!-- \/ Yoast SEO plugin. -->","yoast_head_json":{"title":"Bulk Glass Bottles With Lids | 1500ml Alcohol Bottles Wholesale-RS","description":"Bulk Glass Bottles with Lids in Wholesale Price! High Quality 1500ml Alcohol Glass Bottles With Free Sample&5 Years Warranty.","robots":{"index":"index","follow":"follow","max-snippet":"max-snippet:-1","max-image-preview":"max-image-preview:large","max-video-preview":"max-video-preview:-1"},"canonical":"https:\/\/ruishengglassco.com\/es\/producto\/rs105-1500ml-alcohol-botellas-de-vidrio-con-tapa","og_locale":"es_ES","og_type":"article","og_title":"Bulk Glass Bottles With Lids | 1500ml Alcohol Bottles Wholesale-RS","og_description":"Bulk Glass Bottles with Lids in Wholesale Price! High Quality 1500ml Alcohol Glass Bottles With Free Sample&5 Years Warranty.","og_url":"https:\/\/ruishengglassco.com\/es\/producto\/rs105-1500ml-alcohol-botellas-de-vidrio-con-tapa","article_publisher":"https:\/\/www.facebook.com\/ruishengglassbottles","article_modified_time":"2025-07-16T08:11:45+00:00","og_image":[{"width":640,"height":640,"url":"https:\/\/ruishengglassco.com\/wp-content\/uploads\/2025\/03\/RS105-1500ml-Alcohol-Glass-Bottles-With-Lids.webp","type":"image\/webp"}],"twitter_card":"summary_large_image","twitter_misc":{"Tiempo de lectura":"2 minutos"},"schema":{"@context":"https:\/\/schema.org","@graph":[{"@type":"WebPage","@id":"https:\/\/ruishengglassco.com\/product\/rs105-1500ml-alcohol-glass-bottles-with-lids","url":"https:\/\/ruishengglassco.com\/product\/rs105-1500ml-alcohol-glass-bottles-with-lids","name":"Bulk Glass Bottles With Lids | 1500ml Alcohol Bottles Wholesale-RS","isPartOf":{"@id":"https:\/\/ruishengglassco.com\/#website"},"datePublished":"2025-03-14T16:27:41+00:00","dateModified":"2025-07-16T08:11:45+00:00","description":"Bulk Glass Bottles with Lids in Wholesale Price! High Quality 1500ml Alcohol Glass Bottles With Free Sample&5 Years Warranty.","breadcrumb":{"@id":"https:\/\/ruishengglassco.com\/product\/rs105-1500ml-alcohol-glass-bottles-with-lids#breadcrumb"},"inLanguage":"es","potentialAction":[{"@type":"ReadAction","target":["https:\/\/ruishengglassco.com\/product\/rs105-1500ml-alcohol-glass-bottles-with-lids"]}]},{"@type":"BreadcrumbList","@id":"https:\/\/ruishengglassco.com\/product\/rs105-1500ml-alcohol-glass-bottles-with-lids#breadcrumb","itemListElement":[{"@type":"ListItem","position":1,"name":"Home","item":"https:\/\/ruishengglassco.com\/"},{"@type":"ListItem","position":2,"name":"Products","item":"https:\/\/ruishengglassco.com\/products"},{"@type":"ListItem","position":3,"name":"RS105: 1500ml Alcohol Glass Bottles With Lids"}]},{"@type":"WebSite","@id":"https:\/\/ruishengglassco.com\/#website","url":"https:\/\/ruishengglassco.com\/","name":"Ruisheng Glass","description":"","publisher":{"@id":"https:\/\/ruishengglassco.com\/#organization"},"potentialAction":[{"@type":"SearchAction","target":{"@type":"EntryPoint","urlTemplate":"https:\/\/ruishengglassco.com\/?s={search_term_string}"},"query-input":"required name=search_term_string"}],"inLanguage":"es"},{"@type":"Organization","@id":"https:\/\/ruishengglassco.com\/#organization","name":"Shandong Yuncheng Ruisheng Glass Co., Ltd","url":"https:\/\/ruishengglassco.com\/","logo":{"@type":"ImageObject","inLanguage":"es","@id":"https:\/\/ruishengglassco.com\/#\/schema\/logo\/image\/","url":"https:\/\/ruishengglassco.com\/wp-content\/uploads\/2023\/09\/ruisheng_logo_icon.webp","contentUrl":"https:\/\/ruishengglassco.com\/wp-content\/uploads\/2023\/09\/ruisheng_logo_icon.webp","width":400,"height":233,"caption":"Shandong Yuncheng Ruisheng Glass Co., Ltd"},"image":{"@id":"https:\/\/ruishengglassco.com\/#\/schema\/logo\/image\/"},"sameAs":["https:\/\/www.facebook.com\/ruishengglassbottles","https:\/\/www.instagram.com\/Ruishengglassbottlewholesales\/","https:\/\/www.youtube.com\/channel\/UCMmbMNGwsL-XrtjfSFLCdVQ"]}]}},"_links":{"self":[{"href":"https:\/\/ruishengglassco.com\/es\/wp-json\/wp\/v2\/product\/4181","targetHints":{"allow":["GET"]}}],"collection":[{"href":"https:\/\/ruishengglassco.com\/es\/wp-json\/wp\/v2\/product"}],"about":[{"href":"https:\/\/ruishengglassco.com\/es\/wp-json\/wp\/v2\/types\/product"}],"replies":[{"embeddable":true,"href":"https:\/\/ruishengglassco.com\/es\/wp-json\/wp\/v2\/comments?post=4181"}],"wp:featuredmedia":[{"embeddable":true,"href":"https:\/\/ruishengglassco.com\/es\/wp-json\/wp\/v2\/media\/4182"}],"wp:attachment":[{"href":"https:\/\/ruishengglassco.com\/es\/wp-json\/wp\/v2\/media?parent=4181"}],"wp:term":[{"taxonomy":"product_cat","embeddable":true,"href":"https:\/\/ruishengglassco.com\/es\/wp-json\/wp\/v2\/product_cat?post=4181"}],"curies":[{"name":"wp","href":"https:\/\/api.w.org\/{rel}","templated":true}]}}