{"id":4179,"date":"2025-03-15T00:25:45","date_gmt":"2025-03-14T16:25:45","guid":{"rendered":"https:\/\/ruishengglassco.com\/?post_type=product&#038;p=4179"},"modified":"2025-09-11T16:00:58","modified_gmt":"2025-09-11T08:00:58","slug":"rs106-al-por-mayor-50ml-botellas-de-licor-con-tapones-de-corcho","status":"publish","type":"product","link":"https:\/\/ruishengglassco.com\/es\/producto\/rs106-al-por-mayor-50ml-botellas-de-licor-con-tapones-de-corcho","title":{"rendered":"RS106: Venta al por mayor de botellas de licor de 50 ml con tap\u00f3n de corcho"},"content":{"rendered":"<p><span data-preserver-spaces=\"true\">Estos\u00a0<\/span><em><span data-preserver-spaces=\"true\">Botellas de licor de 50 ml<\/span><\/em><span data-preserver-spaces=\"true\"> con corchos al por mayor son una de las botellas de vidrio de 50ml de nuestra f\u00e1brica. Esta mini botella de vidrio de 50ml es cuadrada. Puede utilizar esta botella para contener cualquier l\u00edquido, como una bebida, aceite, perfume u otros l\u00edquidos.<\/span><\/p>\n<p><span data-preserver-spaces=\"true\">Esta botella de licor de cristal de 50 ml con tapones de corcho <\/span><span data-preserver-spaces=\"true\">se hace<\/span><span data-preserver-spaces=\"true\"> de vidrio flint de alta calidad, tambi\u00e9n conocido como vidrio blanco cristal. Esta botella de vidrio es obvia y muy s\u00f3lida. El tipo de cierre es de rosca y, si es necesario, puede cambiarlo.<\/span><\/p>\n<p><span data-preserver-spaces=\"true\">Podemos ofrecer servicios de impresi\u00f3n, como serigraf\u00eda y estampaci\u00f3n en caliente, etc., en las botellas de vidrio peque\u00f1as. Y tambi\u00e9n podemos escarchar la superficie.<\/span><\/p>\n<p><span data-preserver-spaces=\"true\">El tama\u00f1o de estas botellas de licor vac\u00edas en venta es de 130x70mm, y normalmente las empaquetamos en cajas de 30 unidades.<\/span><\/p>\n<h2><span data-preserver-spaces=\"true\">La Forma De Embalaje De Estas Botellas De Licor De 50ml Al Por Mayor Con Tapones De Corcho<\/span><\/h2>\n<p><span data-preserver-spaces=\"true\">Hay tres formas de utilizar estas mini botellas de licor.<\/span><\/p>\n<p><span data-preserver-spaces=\"true\">La primera forma es el envasado en cart\u00f3n. Este m\u00e9todo de embalaje <\/span><span data-preserver-spaces=\"true\">es conforme<\/span><span data-preserver-spaces=\"true\"> con la norma internacional de embalaje para exportaci\u00f3n. El cart\u00f3n se embala con tabiques ondulados.<\/span><\/p>\n<p><span data-preserver-spaces=\"true\">La segunda forma es el embalaje en pal\u00e9s. Este pal\u00e9 no es de fumigaci\u00f3n y su tama\u00f1o est\u00e1ndar es de 100x120 cm. Solemos utilizar papel de pl\u00e1stico para envolver las botellas y los pal\u00e9s. Esto garantiza la seguridad de las botellas de vidrio en tr\u00e1nsito.<\/span><\/p>\n<p><span data-preserver-spaces=\"true\">La \u00faltima forma es el embalaje en cart\u00f3n y pal\u00e9s. Es el m\u00e9todo m\u00e1s seguro para las botellas de vidrio. El cart\u00f3n puede ser un cart\u00f3n est\u00e1ndar de exportaci\u00f3n.<\/span><\/p>\n<p><span data-preserver-spaces=\"true\">Como somos fabricantes de botellas de vidrio, tenemos miles de moldes de botellas de vidrio en nuestras instalaciones. Tal vez uno de ellos es lo que necesita. Si desea hacer botellas de vidrio personalizadas, tambi\u00e9n podemos dise\u00f1ar y hacer para usted despu\u00e9s de conseguir sus demandas.<\/span><\/p>\n<p><span data-preserver-spaces=\"true\">Tambi\u00e9n podemos ofrecer <\/span><span data-preserver-spaces=\"true\">diferente<\/span><span data-preserver-spaces=\"true\"> cierres para las mini botellas de licor vac\u00edas, <\/span><span data-preserver-spaces=\"true\">como<\/span><span data-preserver-spaces=\"true\"> corcho, tap\u00f3n de rosca, <\/span><span data-preserver-spaces=\"true\">guala<\/span><span data-preserver-spaces=\"true\"> tapa, <\/span><span data-preserver-spaces=\"true\">etc.<\/span><span data-preserver-spaces=\"true\">.<\/span><span data-preserver-spaces=\"true\">\u00a0 Si tiene alguna pregunta sobre las botellas de vidrio, no dude en ponerse en contacto con nosotros.<\/span><\/p>","protected":false},"excerpt":{"rendered":"<table>\n<tbody>\n<tr>\n<th colspan=\"2\">Botellas de licor peque\u00f1as de 50 ml al por mayor<\/th>\n<\/tr>\n<tr>\n<td>Referencia:<\/td>\n<td>RS106<\/td>\n<\/tr>\n<tr>\n<td>Material principal:<\/td>\n<td>Vidrio s\u00faper flint ( este material tambi\u00e9n se llama vidrio blanco cristalino )<\/td>\n<\/tr>\n<tr>\n<td>Cap:<\/td>\n<td>Tap\u00f3n de corcho<\/td>\n<\/tr>\n<tr>\n<td>Capacidad:<\/td>\n<td>50 ml<\/td>\n<\/tr>\n<tr>\n<td>Caracter\u00edstica:<\/td>\n<td>Ecol\u00f3gico<\/td>\n<\/tr>\n<tr>\n<td>MOQ:<\/td>\n<td>10000 UNIDADES<\/td>\n<\/tr>\n<tr>\n<td>Manera de embalar:<\/td>\n<td>Cart\u00f3n est\u00e1ndar para exportaci\u00f3n \/ Pal\u00e9 \/ cart\u00f3n est\u00e1ndar para exportaci\u00f3n y pal\u00e9<\/td>\n<\/tr>\n<tr>\n<td>OEM\/ODM:<\/td>\n<td>Bienvenido<\/td>\n<\/tr>\n<tr>\n<td>Origen del lugar:<\/td>\n<td>Shandong,China<\/td>\n<\/tr>\n<tr>\n<td>Piezas\/Ctn:<\/td>\n<td>24 unidades o seg\u00fan las necesidades del cliente<\/td>\n<\/tr>\n<\/tbody>\n<\/table>","protected":false},"featured_media":4180,"comment_status":"closed","ping_status":"closed","template":"","meta":[],"product_cat":[48],"class_list":{"0":"post-4179","1":"product","2":"type-product","3":"status-publish","4":"has-post-thumbnail","6":"product_cat-50ml-mini-liquor-bottle-manufacturer","8":"first","9":"instock","10":"shipping-taxable","11":"product-type-simple"},"yoast_head":"<!-- This site is optimized with the Yoast SEO plugin v22.0 - https:\/\/yoast.com\/wordpress\/plugins\/seo\/ -->\n<title>50ml Liquor Bottles With Corks Wholesale | Mini Spirit Bottles Suppliers<\/title>\n<meta name=\"description\" content=\"Buy 50ml Liquor Bottles With Corks Wholesale From Mini Spirit Bottles Suppliers. Factory Outlet Price&amp;High Quality Assurance. Get Quote Here.\" \/>\n<meta name=\"robots\" content=\"index, follow, max-snippet:-1, max-image-preview:large, max-video-preview:-1\" \/>\n<link rel=\"canonical\" href=\"https:\/\/ruishengglassco.com\/es\/producto\/rs106-al-por-mayor-50ml-botellas-de-licor-con-tapones-de-corcho\" \/>\n<meta property=\"og:locale\" content=\"es_ES\" \/>\n<meta property=\"og:type\" content=\"article\" \/>\n<meta property=\"og:title\" content=\"50ml Liquor Bottles With Corks Wholesale | Mini Spirit Bottles Suppliers\" \/>\n<meta property=\"og:description\" content=\"Buy 50ml Liquor Bottles With Corks Wholesale From Mini Spirit Bottles Suppliers. Factory Outlet Price&amp;High Quality Assurance. Get Quote Here.\" \/>\n<meta property=\"og:url\" content=\"https:\/\/ruishengglassco.com\/es\/producto\/rs106-al-por-mayor-50ml-botellas-de-licor-con-tapones-de-corcho\" \/>\n<meta property=\"article:publisher\" content=\"https:\/\/www.facebook.com\/ruishengglassbottles\" \/>\n<meta property=\"article:modified_time\" content=\"2025-09-11T08:00:58+00:00\" \/>\n<meta property=\"og:image\" content=\"https:\/\/ruishengglassco.com\/wp-content\/uploads\/2025\/03\/RS106-Wholesale-50ml-Liquor-Bottles-With-Corks.webp\" \/>\n\t<meta property=\"og:image:width\" content=\"800\" \/>\n\t<meta property=\"og:image:height\" content=\"800\" \/>\n\t<meta property=\"og:image:type\" content=\"image\/webp\" \/>\n<meta name=\"twitter:card\" content=\"summary_large_image\" \/>\n<meta name=\"twitter:label1\" content=\"Tiempo de lectura\" \/>\n\t<meta name=\"twitter:data1\" content=\"2 minutos\" \/>\n<script type=\"application\/ld+json\" class=\"yoast-schema-graph\">{\"@context\":\"https:\/\/schema.org\",\"@graph\":[{\"@type\":\"WebPage\",\"@id\":\"https:\/\/ruishengglassco.com\/product\/rs106-wholesale-50ml-liquor-bottles-with-corks\",\"url\":\"https:\/\/ruishengglassco.com\/product\/rs106-wholesale-50ml-liquor-bottles-with-corks\",\"name\":\"50ml Liquor Bottles With Corks Wholesale | Mini Spirit Bottles Suppliers\",\"isPartOf\":{\"@id\":\"https:\/\/ruishengglassco.com\/#website\"},\"datePublished\":\"2025-03-14T16:25:45+00:00\",\"dateModified\":\"2025-09-11T08:00:58+00:00\",\"description\":\"Buy 50ml Liquor Bottles With Corks Wholesale From Mini Spirit Bottles Suppliers. Factory Outlet Price&High Quality Assurance. Get Quote Here.\",\"breadcrumb\":{\"@id\":\"https:\/\/ruishengglassco.com\/product\/rs106-wholesale-50ml-liquor-bottles-with-corks#breadcrumb\"},\"inLanguage\":\"es\",\"potentialAction\":[{\"@type\":\"ReadAction\",\"target\":[\"https:\/\/ruishengglassco.com\/product\/rs106-wholesale-50ml-liquor-bottles-with-corks\"]}]},{\"@type\":\"BreadcrumbList\",\"@id\":\"https:\/\/ruishengglassco.com\/product\/rs106-wholesale-50ml-liquor-bottles-with-corks#breadcrumb\",\"itemListElement\":[{\"@type\":\"ListItem\",\"position\":1,\"name\":\"Home\",\"item\":\"https:\/\/ruishengglassco.com\/\"},{\"@type\":\"ListItem\",\"position\":2,\"name\":\"Products\",\"item\":\"https:\/\/ruishengglassco.com\/products\"},{\"@type\":\"ListItem\",\"position\":3,\"name\":\"RS106: Wholesale 50ml Liquor Bottles With Corks\"}]},{\"@type\":\"WebSite\",\"@id\":\"https:\/\/ruishengglassco.com\/#website\",\"url\":\"https:\/\/ruishengglassco.com\/\",\"name\":\"Ruisheng Glass\",\"description\":\"\",\"publisher\":{\"@id\":\"https:\/\/ruishengglassco.com\/#organization\"},\"potentialAction\":[{\"@type\":\"SearchAction\",\"target\":{\"@type\":\"EntryPoint\",\"urlTemplate\":\"https:\/\/ruishengglassco.com\/?s={search_term_string}\"},\"query-input\":\"required name=search_term_string\"}],\"inLanguage\":\"es\"},{\"@type\":\"Organization\",\"@id\":\"https:\/\/ruishengglassco.com\/#organization\",\"name\":\"Shandong Yuncheng Ruisheng Glass Co., Ltd\",\"url\":\"https:\/\/ruishengglassco.com\/\",\"logo\":{\"@type\":\"ImageObject\",\"inLanguage\":\"es\",\"@id\":\"https:\/\/ruishengglassco.com\/#\/schema\/logo\/image\/\",\"url\":\"https:\/\/ruishengglassco.com\/wp-content\/uploads\/2023\/09\/ruisheng_logo_icon.webp\",\"contentUrl\":\"https:\/\/ruishengglassco.com\/wp-content\/uploads\/2023\/09\/ruisheng_logo_icon.webp\",\"width\":400,\"height\":233,\"caption\":\"Shandong Yuncheng Ruisheng Glass Co., Ltd\"},\"image\":{\"@id\":\"https:\/\/ruishengglassco.com\/#\/schema\/logo\/image\/\"},\"sameAs\":[\"https:\/\/www.facebook.com\/ruishengglassbottles\",\"https:\/\/www.instagram.com\/Ruishengglassbottlewholesales\/\",\"https:\/\/www.youtube.com\/channel\/UCMmbMNGwsL-XrtjfSFLCdVQ\"]}]}<\/script>\n<!-- \/ Yoast SEO plugin. -->","yoast_head_json":{"title":"50ml Liquor Bottles With Corks Wholesale | Mini Spirit Bottles Suppliers","description":"Buy 50ml Liquor Bottles With Corks Wholesale From Mini Spirit Bottles Suppliers. Factory Outlet Price&High Quality Assurance. Get Quote Here.","robots":{"index":"index","follow":"follow","max-snippet":"max-snippet:-1","max-image-preview":"max-image-preview:large","max-video-preview":"max-video-preview:-1"},"canonical":"https:\/\/ruishengglassco.com\/es\/producto\/rs106-al-por-mayor-50ml-botellas-de-licor-con-tapones-de-corcho","og_locale":"es_ES","og_type":"article","og_title":"50ml Liquor Bottles With Corks Wholesale | Mini Spirit Bottles Suppliers","og_description":"Buy 50ml Liquor Bottles With Corks Wholesale From Mini Spirit Bottles Suppliers. Factory Outlet Price&High Quality Assurance. Get Quote Here.","og_url":"https:\/\/ruishengglassco.com\/es\/producto\/rs106-al-por-mayor-50ml-botellas-de-licor-con-tapones-de-corcho","article_publisher":"https:\/\/www.facebook.com\/ruishengglassbottles","article_modified_time":"2025-09-11T08:00:58+00:00","og_image":[{"width":800,"height":800,"url":"https:\/\/ruishengglassco.com\/wp-content\/uploads\/2025\/03\/RS106-Wholesale-50ml-Liquor-Bottles-With-Corks.webp","type":"image\/webp"}],"twitter_card":"summary_large_image","twitter_misc":{"Tiempo de lectura":"2 minutos"},"schema":{"@context":"https:\/\/schema.org","@graph":[{"@type":"WebPage","@id":"https:\/\/ruishengglassco.com\/product\/rs106-wholesale-50ml-liquor-bottles-with-corks","url":"https:\/\/ruishengglassco.com\/product\/rs106-wholesale-50ml-liquor-bottles-with-corks","name":"50ml Liquor Bottles With Corks Wholesale | Mini Spirit Bottles Suppliers","isPartOf":{"@id":"https:\/\/ruishengglassco.com\/#website"},"datePublished":"2025-03-14T16:25:45+00:00","dateModified":"2025-09-11T08:00:58+00:00","description":"Buy 50ml Liquor Bottles With Corks Wholesale From Mini Spirit Bottles Suppliers. Factory Outlet Price&High Quality Assurance. Get Quote Here.","breadcrumb":{"@id":"https:\/\/ruishengglassco.com\/product\/rs106-wholesale-50ml-liquor-bottles-with-corks#breadcrumb"},"inLanguage":"es","potentialAction":[{"@type":"ReadAction","target":["https:\/\/ruishengglassco.com\/product\/rs106-wholesale-50ml-liquor-bottles-with-corks"]}]},{"@type":"BreadcrumbList","@id":"https:\/\/ruishengglassco.com\/product\/rs106-wholesale-50ml-liquor-bottles-with-corks#breadcrumb","itemListElement":[{"@type":"ListItem","position":1,"name":"Home","item":"https:\/\/ruishengglassco.com\/"},{"@type":"ListItem","position":2,"name":"Products","item":"https:\/\/ruishengglassco.com\/products"},{"@type":"ListItem","position":3,"name":"RS106: Wholesale 50ml Liquor Bottles With Corks"}]},{"@type":"WebSite","@id":"https:\/\/ruishengglassco.com\/#website","url":"https:\/\/ruishengglassco.com\/","name":"Ruisheng Glass","description":"","publisher":{"@id":"https:\/\/ruishengglassco.com\/#organization"},"potentialAction":[{"@type":"SearchAction","target":{"@type":"EntryPoint","urlTemplate":"https:\/\/ruishengglassco.com\/?s={search_term_string}"},"query-input":"required name=search_term_string"}],"inLanguage":"es"},{"@type":"Organization","@id":"https:\/\/ruishengglassco.com\/#organization","name":"Shandong Yuncheng Ruisheng Glass Co., Ltd","url":"https:\/\/ruishengglassco.com\/","logo":{"@type":"ImageObject","inLanguage":"es","@id":"https:\/\/ruishengglassco.com\/#\/schema\/logo\/image\/","url":"https:\/\/ruishengglassco.com\/wp-content\/uploads\/2023\/09\/ruisheng_logo_icon.webp","contentUrl":"https:\/\/ruishengglassco.com\/wp-content\/uploads\/2023\/09\/ruisheng_logo_icon.webp","width":400,"height":233,"caption":"Shandong Yuncheng Ruisheng Glass Co., Ltd"},"image":{"@id":"https:\/\/ruishengglassco.com\/#\/schema\/logo\/image\/"},"sameAs":["https:\/\/www.facebook.com\/ruishengglassbottles","https:\/\/www.instagram.com\/Ruishengglassbottlewholesales\/","https:\/\/www.youtube.com\/channel\/UCMmbMNGwsL-XrtjfSFLCdVQ"]}]}},"_links":{"self":[{"href":"https:\/\/ruishengglassco.com\/es\/wp-json\/wp\/v2\/product\/4179","targetHints":{"allow":["GET"]}}],"collection":[{"href":"https:\/\/ruishengglassco.com\/es\/wp-json\/wp\/v2\/product"}],"about":[{"href":"https:\/\/ruishengglassco.com\/es\/wp-json\/wp\/v2\/types\/product"}],"replies":[{"embeddable":true,"href":"https:\/\/ruishengglassco.com\/es\/wp-json\/wp\/v2\/comments?post=4179"}],"wp:featuredmedia":[{"embeddable":true,"href":"https:\/\/ruishengglassco.com\/es\/wp-json\/wp\/v2\/media\/4180"}],"wp:attachment":[{"href":"https:\/\/ruishengglassco.com\/es\/wp-json\/wp\/v2\/media?parent=4179"}],"wp:term":[{"taxonomy":"product_cat","embeddable":true,"href":"https:\/\/ruishengglassco.com\/es\/wp-json\/wp\/v2\/product_cat?post=4179"}],"curies":[{"name":"wp","href":"https:\/\/api.w.org\/{rel}","templated":true}]}}