{"id":4177,"date":"2025-03-15T00:23:46","date_gmt":"2025-03-14T16:23:46","guid":{"rendered":"https:\/\/ruishengglassco.com\/?post_type=product&#038;p=4177"},"modified":"2025-07-16T15:33:40","modified_gmt":"2025-07-16T07:33:40","slug":"rs107-fabricantes-de-botellas-de-vidrio-con-tapa-a-granel","status":"publish","type":"product","link":"https:\/\/ruishengglassco.com\/es\/producto\/rs107-fabricantes-de-botellas-de-vidrio-con-tapa-a-granel","title":{"rendered":"RS107: Botellas de vidrio a granel con tapa Fabricantes"},"content":{"rendered":"<p>\u00bfQuiere vender al por mayor botellas de licor vac\u00edas? Ruisheng, fabricante l\u00edder de botellas de vidrio con tap\u00f3n, ofrece una gama de botellas de vidrio con tapa al por mayor. Ofrecen botellas de vidrio redondas Boston, botellas de vidrio cuadradas y botellas con formas personalizadas. Tambi\u00e9n ofrecen botellas con tap\u00f3n especiales para licores, como whisky, brandy, ron y vodka.<\/p>\n<p>Haga una artesan\u00eda o env\u00edo de mercanc\u00edas se inclin\u00f3 sobre los clientes mediante la selecci\u00f3n de una botella de vidrio m\u00e1s peque\u00f1o o m\u00e1s grande botella de vidrio al por mayor. Los tama\u00f1os disponibles van de 50 ml a 1500 ml. Se pueden aceptar pedidos personalizados.  La mayor\u00eda de las botellas de vidrio para la venta est\u00e1n hechos de material de vidrio de alta fluidez que hace que el cuerpo de la botella de licor m\u00e1s fuerte y m\u00e1s bella. Garantizamos que todas las botellas de vidrio transparente con tap\u00f3n son no t\u00f3xicas, 100% reciclables, reutilizables y seguras para el medio ambiente.<\/p>\n<p>Esta botella de vidrio de 750ml al por mayor tiene una forma \u00fanica; la parte superior es ancha, y la parte inferior es delgada, y tiene un patr\u00f3n en el lateral. Tambi\u00e9n podemos personalizar las botellas de acuerdo con los dibujos que nos proporcion\u00f3; podemos hacer cualquier botella que desee.<\/p>\n<h2>Informaci\u00f3n de Venta de botellas de licor vac\u00edas a granel:<\/h2>\n<ul>\n<li>Material principal: vidrio de alto s\u00edlex<\/li>\n<li>Tap\u00f3n: tap\u00f3n de rosca<\/li>\n<li>Referencia: RS107<\/li>\n<li>MOQ: 10000 PCS<\/li>\n<li>Capacidad: 700 ml 750 ml<\/li>\n<li>Pzs\/Ctn: 24pzs<\/li>\n<li>Origen del lugar: Shandong, China<\/li>\n<li>Caracter\u00edstica: Ecol\u00f3gico<\/li>\n<\/ul>\n<p>Ruisheng tiene una larga historia en la fabricaci\u00f3n de botellas de vidrio de 700 ml. Nuestro equipo tiene mucha experiencia, por lo que estamos seguros de que podemos crear un producto que le encantar\u00e1. Las botellas de vidrio transparente Ruisheng son populares en Europa, EE.UU., Australia y m\u00e1s. Todos los productos son conocidos por su innovaci\u00f3n y funcionalidad.<\/p>\n<p>Ruisheng Glass Bottle ha ampliado sus instalaciones y ha introducido m\u00e1quinas avanzadas, lo que ha dado como resultado una velocidad de producci\u00f3n significativamente mayor que antes. As\u00ed que vamos a hacer buenas botellas en la fecha fijada, y entregar la mercanc\u00eda a usted.<\/p>\n<p>Si desea comprar botellas de licor vac\u00edas a granel, p\u00f3ngase en contacto con nosotros. Le responderemos en un plazo de 24 horas.<br \/>Espero que pueda hacer un pedido.<\/p>","protected":false},"excerpt":{"rendered":"<table class=\"tg\">\n<tbody>\n<tr>\n<th class=\"tg-24i8\" colspan=\"2\">Botellas de vidrio de 700 ml y botellas de vidrio transparente de 750 ml<\/th>\n<\/tr>\n<tr>\n<td class=\"tg-b7b8\">Material principal:<\/td>\n<td class=\"tg-b7b8\">Cristal alto de s\u00edlex<\/td>\n<\/tr>\n<tr>\n<td class=\"tg-yw4l\">Cap:<\/td>\n<td class=\"tg-yw4l\">Tap\u00f3n de rosca<\/td>\n<\/tr>\n<tr>\n<td class=\"tg-b7b8\">Capacidad:<\/td>\n<td class=\"tg-b7b8\">700 ml 750 ml<\/td>\n<\/tr>\n<tr>\n<td class=\"tg-yw4l\">Caracter\u00edstica:<\/td>\n<td class=\"tg-yw4l\">Ecol\u00f3gico<\/td>\n<\/tr>\n<tr>\n<td class=\"tg-b7b8\">MOQ:<\/td>\n<td class=\"tg-b7b8\">10000 UNIDADES<\/td>\n<\/tr>\n<tr>\n<td class=\"tg-yw4l\">Origen del lugar:<\/td>\n<td class=\"tg-yw4l\">Shandong,China<\/td>\n<\/tr>\n<tr>\n<td class=\"tg-b7b8\">Piezas\/Ctn:<\/td>\n<td class=\"tg-b7b8\">24 unidades<\/td>\n<\/tr>\n<tr>\n<td class=\"tg-yw4l\">Referencia:<\/td>\n<td class=\"tg-yw4l\">RS107<\/td>\n<\/tr>\n<tr>\n<td class=\"tg-b7b8\">Forma de env\u00edo:<\/td>\n<td class=\"tg-b7b8\">Ship,Express<\/td>\n<\/tr>\n<tr>\n<td class=\"tg-yw4l\">OEM\/ODM:<\/td>\n<td class=\"tg-yw4l\">Todos<\/td>\n<\/tr>\n<\/tbody>\n<\/table>","protected":false},"featured_media":4178,"comment_status":"closed","ping_status":"closed","template":"","meta":[],"product_cat":[44,40],"class_list":{"0":"post-4177","1":"product","2":"type-product","3":"status-publish","4":"has-post-thumbnail","6":"product_cat-700ml-liquor-bottle-manufacturer","7":"product_cat-750ml-liquor-bottle-manufacturer","9":"first","10":"instock","11":"shipping-taxable","12":"product-type-simple"},"yoast_head":"<!-- This site is optimized with the Yoast SEO plugin v22.0 - https:\/\/yoast.com\/wordpress\/plugins\/seo\/ -->\n<title>Bulk Empty Liquor Bottles For Sale | Glass Bottles With Lids<\/title>\n<meta name=\"description\" content=\"Do you want to bulk empty liquor ottles for sale? Click here to wholesale glass bottles with lids for spirit. Factory Outlet Price&amp;Free Sample.\" \/>\n<meta name=\"robots\" content=\"index, follow, max-snippet:-1, max-image-preview:large, max-video-preview:-1\" \/>\n<link rel=\"canonical\" href=\"https:\/\/ruishengglassco.com\/es\/producto\/rs107-fabricantes-de-botellas-de-vidrio-con-tapa-a-granel\" \/>\n<meta property=\"og:locale\" content=\"es_ES\" \/>\n<meta property=\"og:type\" content=\"article\" \/>\n<meta property=\"og:title\" content=\"Bulk Empty Liquor Bottles For Sale | Glass Bottles With Lids\" \/>\n<meta property=\"og:description\" content=\"Do you want to bulk empty liquor ottles for sale? Click here to wholesale glass bottles with lids for spirit. Factory Outlet Price&amp;Free Sample.\" \/>\n<meta property=\"og:url\" content=\"https:\/\/ruishengglassco.com\/es\/producto\/rs107-fabricantes-de-botellas-de-vidrio-con-tapa-a-granel\" \/>\n<meta property=\"article:publisher\" content=\"https:\/\/www.facebook.com\/ruishengglassbottles\" \/>\n<meta property=\"article:modified_time\" content=\"2025-07-16T07:33:40+00:00\" \/>\n<meta property=\"og:image\" content=\"https:\/\/ruishengglassco.com\/wp-content\/uploads\/2025\/03\/RS107-Bulk-Glass-Bottles-With-Lids-Wholesale.webp\" \/>\n\t<meta property=\"og:image:width\" content=\"800\" \/>\n\t<meta property=\"og:image:height\" content=\"800\" \/>\n\t<meta property=\"og:image:type\" content=\"image\/webp\" \/>\n<meta name=\"twitter:card\" content=\"summary_large_image\" \/>\n<meta name=\"twitter:label1\" content=\"Tiempo de lectura\" \/>\n\t<meta name=\"twitter:data1\" content=\"2 minutos\" \/>\n<script type=\"application\/ld+json\" class=\"yoast-schema-graph\">{\"@context\":\"https:\/\/schema.org\",\"@graph\":[{\"@type\":\"WebPage\",\"@id\":\"https:\/\/ruishengglassco.com\/product\/rs107-bulk-glass-bottles-with-lids-manufacturers\",\"url\":\"https:\/\/ruishengglassco.com\/product\/rs107-bulk-glass-bottles-with-lids-manufacturers\",\"name\":\"Bulk Empty Liquor Bottles For Sale | Glass Bottles With Lids\",\"isPartOf\":{\"@id\":\"https:\/\/ruishengglassco.com\/#website\"},\"datePublished\":\"2025-03-14T16:23:46+00:00\",\"dateModified\":\"2025-07-16T07:33:40+00:00\",\"description\":\"Do you want to bulk empty liquor ottles for sale? Click here to wholesale glass bottles with lids for spirit. Factory Outlet Price&Free Sample.\",\"breadcrumb\":{\"@id\":\"https:\/\/ruishengglassco.com\/product\/rs107-bulk-glass-bottles-with-lids-manufacturers#breadcrumb\"},\"inLanguage\":\"es\",\"potentialAction\":[{\"@type\":\"ReadAction\",\"target\":[\"https:\/\/ruishengglassco.com\/product\/rs107-bulk-glass-bottles-with-lids-manufacturers\"]}]},{\"@type\":\"BreadcrumbList\",\"@id\":\"https:\/\/ruishengglassco.com\/product\/rs107-bulk-glass-bottles-with-lids-manufacturers#breadcrumb\",\"itemListElement\":[{\"@type\":\"ListItem\",\"position\":1,\"name\":\"Home\",\"item\":\"https:\/\/ruishengglassco.com\/\"},{\"@type\":\"ListItem\",\"position\":2,\"name\":\"Products\",\"item\":\"https:\/\/ruishengglassco.com\/products\"},{\"@type\":\"ListItem\",\"position\":3,\"name\":\"RS107: Bulk Glass Bottles With Lids Manufacturers\"}]},{\"@type\":\"WebSite\",\"@id\":\"https:\/\/ruishengglassco.com\/#website\",\"url\":\"https:\/\/ruishengglassco.com\/\",\"name\":\"Ruisheng Glass\",\"description\":\"\",\"publisher\":{\"@id\":\"https:\/\/ruishengglassco.com\/#organization\"},\"potentialAction\":[{\"@type\":\"SearchAction\",\"target\":{\"@type\":\"EntryPoint\",\"urlTemplate\":\"https:\/\/ruishengglassco.com\/?s={search_term_string}\"},\"query-input\":\"required name=search_term_string\"}],\"inLanguage\":\"es\"},{\"@type\":\"Organization\",\"@id\":\"https:\/\/ruishengglassco.com\/#organization\",\"name\":\"Shandong Yuncheng Ruisheng Glass Co., Ltd\",\"url\":\"https:\/\/ruishengglassco.com\/\",\"logo\":{\"@type\":\"ImageObject\",\"inLanguage\":\"es\",\"@id\":\"https:\/\/ruishengglassco.com\/#\/schema\/logo\/image\/\",\"url\":\"https:\/\/ruishengglassco.com\/wp-content\/uploads\/2023\/09\/ruisheng_logo_icon.webp\",\"contentUrl\":\"https:\/\/ruishengglassco.com\/wp-content\/uploads\/2023\/09\/ruisheng_logo_icon.webp\",\"width\":400,\"height\":233,\"caption\":\"Shandong Yuncheng Ruisheng Glass Co., Ltd\"},\"image\":{\"@id\":\"https:\/\/ruishengglassco.com\/#\/schema\/logo\/image\/\"},\"sameAs\":[\"https:\/\/www.facebook.com\/ruishengglassbottles\",\"https:\/\/www.instagram.com\/Ruishengglassbottlewholesales\/\",\"https:\/\/www.youtube.com\/channel\/UCMmbMNGwsL-XrtjfSFLCdVQ\"]}]}<\/script>\n<!-- \/ Yoast SEO plugin. -->","yoast_head_json":{"title":"Bulk Empty Liquor Bottles For Sale | Glass Bottles With Lids","description":"Do you want to bulk empty liquor ottles for sale? Click here to wholesale glass bottles with lids for spirit. Factory Outlet Price&Free Sample.","robots":{"index":"index","follow":"follow","max-snippet":"max-snippet:-1","max-image-preview":"max-image-preview:large","max-video-preview":"max-video-preview:-1"},"canonical":"https:\/\/ruishengglassco.com\/es\/producto\/rs107-fabricantes-de-botellas-de-vidrio-con-tapa-a-granel","og_locale":"es_ES","og_type":"article","og_title":"Bulk Empty Liquor Bottles For Sale | Glass Bottles With Lids","og_description":"Do you want to bulk empty liquor ottles for sale? Click here to wholesale glass bottles with lids for spirit. Factory Outlet Price&Free Sample.","og_url":"https:\/\/ruishengglassco.com\/es\/producto\/rs107-fabricantes-de-botellas-de-vidrio-con-tapa-a-granel","article_publisher":"https:\/\/www.facebook.com\/ruishengglassbottles","article_modified_time":"2025-07-16T07:33:40+00:00","og_image":[{"width":800,"height":800,"url":"https:\/\/ruishengglassco.com\/wp-content\/uploads\/2025\/03\/RS107-Bulk-Glass-Bottles-With-Lids-Wholesale.webp","type":"image\/webp"}],"twitter_card":"summary_large_image","twitter_misc":{"Tiempo de lectura":"2 minutos"},"schema":{"@context":"https:\/\/schema.org","@graph":[{"@type":"WebPage","@id":"https:\/\/ruishengglassco.com\/product\/rs107-bulk-glass-bottles-with-lids-manufacturers","url":"https:\/\/ruishengglassco.com\/product\/rs107-bulk-glass-bottles-with-lids-manufacturers","name":"Bulk Empty Liquor Bottles For Sale | Glass Bottles With Lids","isPartOf":{"@id":"https:\/\/ruishengglassco.com\/#website"},"datePublished":"2025-03-14T16:23:46+00:00","dateModified":"2025-07-16T07:33:40+00:00","description":"Do you want to bulk empty liquor ottles for sale? Click here to wholesale glass bottles with lids for spirit. Factory Outlet Price&Free Sample.","breadcrumb":{"@id":"https:\/\/ruishengglassco.com\/product\/rs107-bulk-glass-bottles-with-lids-manufacturers#breadcrumb"},"inLanguage":"es","potentialAction":[{"@type":"ReadAction","target":["https:\/\/ruishengglassco.com\/product\/rs107-bulk-glass-bottles-with-lids-manufacturers"]}]},{"@type":"BreadcrumbList","@id":"https:\/\/ruishengglassco.com\/product\/rs107-bulk-glass-bottles-with-lids-manufacturers#breadcrumb","itemListElement":[{"@type":"ListItem","position":1,"name":"Home","item":"https:\/\/ruishengglassco.com\/"},{"@type":"ListItem","position":2,"name":"Products","item":"https:\/\/ruishengglassco.com\/products"},{"@type":"ListItem","position":3,"name":"RS107: Bulk Glass Bottles With Lids Manufacturers"}]},{"@type":"WebSite","@id":"https:\/\/ruishengglassco.com\/#website","url":"https:\/\/ruishengglassco.com\/","name":"Ruisheng Glass","description":"","publisher":{"@id":"https:\/\/ruishengglassco.com\/#organization"},"potentialAction":[{"@type":"SearchAction","target":{"@type":"EntryPoint","urlTemplate":"https:\/\/ruishengglassco.com\/?s={search_term_string}"},"query-input":"required name=search_term_string"}],"inLanguage":"es"},{"@type":"Organization","@id":"https:\/\/ruishengglassco.com\/#organization","name":"Shandong Yuncheng Ruisheng Glass Co., Ltd","url":"https:\/\/ruishengglassco.com\/","logo":{"@type":"ImageObject","inLanguage":"es","@id":"https:\/\/ruishengglassco.com\/#\/schema\/logo\/image\/","url":"https:\/\/ruishengglassco.com\/wp-content\/uploads\/2023\/09\/ruisheng_logo_icon.webp","contentUrl":"https:\/\/ruishengglassco.com\/wp-content\/uploads\/2023\/09\/ruisheng_logo_icon.webp","width":400,"height":233,"caption":"Shandong Yuncheng Ruisheng Glass Co., Ltd"},"image":{"@id":"https:\/\/ruishengglassco.com\/#\/schema\/logo\/image\/"},"sameAs":["https:\/\/www.facebook.com\/ruishengglassbottles","https:\/\/www.instagram.com\/Ruishengglassbottlewholesales\/","https:\/\/www.youtube.com\/channel\/UCMmbMNGwsL-XrtjfSFLCdVQ"]}]}},"_links":{"self":[{"href":"https:\/\/ruishengglassco.com\/es\/wp-json\/wp\/v2\/product\/4177","targetHints":{"allow":["GET"]}}],"collection":[{"href":"https:\/\/ruishengglassco.com\/es\/wp-json\/wp\/v2\/product"}],"about":[{"href":"https:\/\/ruishengglassco.com\/es\/wp-json\/wp\/v2\/types\/product"}],"replies":[{"embeddable":true,"href":"https:\/\/ruishengglassco.com\/es\/wp-json\/wp\/v2\/comments?post=4177"}],"wp:featuredmedia":[{"embeddable":true,"href":"https:\/\/ruishengglassco.com\/es\/wp-json\/wp\/v2\/media\/4178"}],"wp:attachment":[{"href":"https:\/\/ruishengglassco.com\/es\/wp-json\/wp\/v2\/media?parent=4177"}],"wp:term":[{"taxonomy":"product_cat","embeddable":true,"href":"https:\/\/ruishengglassco.com\/es\/wp-json\/wp\/v2\/product_cat?post=4177"}],"curies":[{"name":"wp","href":"https:\/\/api.w.org\/{rel}","templated":true}]}}