{"id":4175,"date":"2025-03-15T00:21:26","date_gmt":"2025-03-14T16:21:26","guid":{"rendered":"https:\/\/ruishengglassco.com\/?post_type=product&#038;p=4175"},"modified":"2025-09-12T08:51:20","modified_gmt":"2025-09-12T00:51:20","slug":"rs108-botella-de-licor-personalizada-de-fabricantes-de-botellas-de-vidrio","status":"publish","type":"product","link":"https:\/\/ruishengglassco.com\/es\/producto\/rs108-botella-de-licor-personalizada-de-fabricantes-de-botellas-de-vidrio","title":{"rendered":"RS108: Botella de licor personalizada de fabricantes de botellas de vidrio"},"content":{"rendered":"<p>Estas botellas de vidrio personalizadas de 250ml con tapas al por mayor de uno de los mayores fabricantes de botellas de licor de Shandong - Shandong Yuncheng Ruisheng Glass Co., Ltd. Nuestra empresa es la empresa industrial y comercial de botellas de vidrio para licores, podemos hacer diferentes botellas de vidrio para licores y ofrecer un servicio integral para los clientes.<\/p>\n<p>Nuestras botellas de vidrio personalizadas de 250ml con tap\u00f3n de corcho est\u00e1n hechas de forma cuadrada.  Estas botellas de vidrio para l\u00edquidos pueden contener vodka, whisky, agua, aceite y otros licores. Como este tipo de sellado es un tap\u00f3n de rosca, puede sellar la botella cuando deje la mitad del licor en la botella. Si no le gusta el tap\u00f3n de rosca para estas botellas, tambi\u00e9n podemos cambiarlo por uno de corcho.<\/p>\n<p>El material de estas peque\u00f1as botellas de vidrio es vidrio de alto pedernal. Estas botellas de vidrio son muy claras, lisas y duraderas. Puede volver a utilizarla. Esta botella de vidrio es muy clara, tambi\u00e9n se puede utilizar para hacer decoraciones de vidrio DIY.<\/p>\n<p>Si desea hacer su logotipo en estas mini botellas, podemos ofrecer un logotipo de calcoman\u00eda, logotipo de impresi\u00f3n de seda, o logotipo en relieve en las botellas de vidrio. Tambi\u00e9n podemos pintar cualquier color en estas botellas si las necesita.<\/p>\n<p>Hay m\u00e1s de 500 empleados en nuestra f\u00e1brica, incluyendo m\u00e1s de 30 QC y un grupo de ingenieros cualificados. Todas las botellas de vidrio personalizadas necesitan el control de calidad para comprobar muchas veces. Podemos asegurarnos de que todas las botellas de vidrio pasar\u00e1n el control de calidad antes de enviarlas a nuestra f\u00e1brica.<\/p>\n<h2>Los detalles de este 250ml botellas de vidrio personalizado<\/h2>\n<ul>\n<li>Material principal: vidrio de alto s\u00edlex<\/li>\n<li>Tap\u00f3n: tap\u00f3n de rosca<\/li>\n<li>Referencia:RS108<\/li>\n<li>MOQ: 10000 PCS<\/li>\n<li>Capacidad:250 ml<\/li>\n<li>Tama\u00f1o: 5\u00d723 cm<\/li>\n<li>Origen del lugar: Shandong, China<\/li>\n<li>Caracter\u00edstica: Ecol\u00f3gico<\/li>\n<li>Forma de embalaje:<br \/>\n1. Cart\u00f3n est\u00e1ndar de exportaci\u00f3n<br \/>\n2. Pal\u00e9 con envoltura de pl\u00e1stico<br \/>\n3. Cart\u00f3n y pal\u00e9 de exportaci\u00f3n est\u00e1ndar<\/li>\n<\/ul>\n<p>Adem\u00e1s de las botellas de vidrio personalizadas de 250ml con tapa, Shandong Yuncheng Ruisheng tambi\u00e9n tiene peque\u00f1as botellas de 100 ml para l\u00edquidos, botellas de vidrio de 375ml, botellas de vidrio grandes de 700ml, botellas de vidrio para licor de 750ml, botellas de vidrio de 1000ml con tap\u00f3n, botella de vidrio grande de 1,5 litros y etc. Por supuesto, como fabricantes profesionales de botellas de vidrio, podemos dise\u00f1ar la capacidad de acuerdo a sus necesidades.<\/p>","protected":false},"excerpt":{"rendered":"<table class=\"tg\">\n<tbody>\n<tr>\n<th class=\"tg-24i8\" colspan=\"2\">250ml botellas de vidrio personalizados con tapas de los fabricantes<\/th>\n<\/tr>\n<tr>\n<td class=\"tg-b7b8\">Referencia:<\/td>\n<td class=\"tg-b7b8\">RS108<\/td>\n<\/tr>\n<tr>\n<td class=\"tg-yw4l\">Material principal:<\/td>\n<td class=\"tg-yw4l\">Vidrio High Flint<\/td>\n<\/tr>\n<tr>\n<td class=\"tg-b7b8\">Cap:<\/td>\n<td class=\"tg-b7b8\">Tapa roscada<\/td>\n<\/tr>\n<tr>\n<td class=\"tg-yw4l\">Capacidad:<\/td>\n<td class=\"tg-yw4l\">250 ml<\/td>\n<\/tr>\n<tr>\n<td class=\"tg-b7b8\">Caracter\u00edstica:<\/td>\n<td class=\"tg-b7b8\">Ecol\u00f3gico<\/td>\n<\/tr>\n<tr>\n<td class=\"tg-yw4l\">MOQ:<\/td>\n<td class=\"tg-yw4l\">10000 UNIDADES<\/td>\n<\/tr>\n<tr>\n<td class=\"tg-b7b8\">Forma de env\u00edo:<\/td>\n<td class=\"tg-b7b8\">Ship,Express<\/td>\n<\/tr>\n<tr>\n<td class=\"tg-yw4l\">OEM\/ODM:<\/td>\n<td class=\"tg-yw4l\">Bienvenido<\/td>\n<\/tr>\n<tr>\n<td class=\"tg-b7b8\">Origen del lugar:<\/td>\n<td class=\"tg-b7b8\">Shandong,China<\/td>\n<\/tr>\n<tr>\n<td class=\"tg-yw4l\">Piezas\/Ctn:<\/td>\n<td class=\"tg-yw4l\">24 piezas \/ 20 piezas \/ 15 piezas<\/td>\n<\/tr>\n<\/tbody>\n<\/table>","protected":false},"featured_media":4176,"comment_status":"closed","ping_status":"closed","template":"","meta":[],"product_cat":[45],"class_list":{"0":"post-4175","1":"product","2":"type-product","3":"status-publish","4":"has-post-thumbnail","6":"product_cat-custom-glass-bottle","8":"first","9":"instock","10":"shipping-taxable","11":"product-type-simple"},"yoast_head":"<!-- This site is optimized with the Yoast SEO plugin v22.0 - https:\/\/yoast.com\/wordpress\/plugins\/seo\/ -->\n<title>Custom Glass Bottles With Lids | Personalized Liquor Bottle Manufacturers<\/title>\n<meta name=\"description\" content=\"Buy Custom Glass Bottles With Lids From China Liquor Bottle Manufacturer. Unique Design Glass Bottle With Qaulity Assurance.\" \/>\n<meta name=\"robots\" content=\"index, follow, max-snippet:-1, max-image-preview:large, max-video-preview:-1\" \/>\n<link rel=\"canonical\" href=\"https:\/\/ruishengglassco.com\/es\/producto\/rs108-botella-de-licor-personalizada-de-fabricantes-de-botellas-de-vidrio\" \/>\n<meta property=\"og:locale\" content=\"es_ES\" \/>\n<meta property=\"og:type\" content=\"article\" \/>\n<meta property=\"og:title\" content=\"Custom Glass Bottles With Lids | Personalized Liquor Bottle Manufacturers\" \/>\n<meta property=\"og:description\" content=\"Buy Custom Glass Bottles With Lids From China Liquor Bottle Manufacturer. Unique Design Glass Bottle With Qaulity Assurance.\" \/>\n<meta property=\"og:url\" content=\"https:\/\/ruishengglassco.com\/es\/producto\/rs108-botella-de-licor-personalizada-de-fabricantes-de-botellas-de-vidrio\" \/>\n<meta property=\"article:publisher\" content=\"https:\/\/www.facebook.com\/ruishengglassbottles\" \/>\n<meta property=\"article:modified_time\" content=\"2025-09-12T00:51:20+00:00\" \/>\n<meta property=\"og:image\" content=\"https:\/\/ruishengglassco.com\/wp-content\/uploads\/2025\/03\/RS108-Custom-Liquor-Bottle-From-Glass-Bottle-Manufacturers.webp\" \/>\n\t<meta property=\"og:image:width\" content=\"400\" \/>\n\t<meta property=\"og:image:height\" content=\"400\" \/>\n\t<meta property=\"og:image:type\" content=\"image\/webp\" \/>\n<meta name=\"twitter:card\" content=\"summary_large_image\" \/>\n<meta name=\"twitter:label1\" content=\"Tiempo de lectura\" \/>\n\t<meta name=\"twitter:data1\" content=\"2 minutos\" \/>\n<script type=\"application\/ld+json\" class=\"yoast-schema-graph\">{\"@context\":\"https:\/\/schema.org\",\"@graph\":[{\"@type\":\"WebPage\",\"@id\":\"https:\/\/ruishengglassco.com\/product\/rs108-custom-liquor-bottle-from-glass-bottle-manufacturers\",\"url\":\"https:\/\/ruishengglassco.com\/product\/rs108-custom-liquor-bottle-from-glass-bottle-manufacturers\",\"name\":\"Custom Glass Bottles With Lids | Personalized Liquor Bottle Manufacturers\",\"isPartOf\":{\"@id\":\"https:\/\/ruishengglassco.com\/#website\"},\"datePublished\":\"2025-03-14T16:21:26+00:00\",\"dateModified\":\"2025-09-12T00:51:20+00:00\",\"description\":\"Buy Custom Glass Bottles With Lids From China Liquor Bottle Manufacturer. Unique Design Glass Bottle With Qaulity Assurance.\",\"breadcrumb\":{\"@id\":\"https:\/\/ruishengglassco.com\/product\/rs108-custom-liquor-bottle-from-glass-bottle-manufacturers#breadcrumb\"},\"inLanguage\":\"es\",\"potentialAction\":[{\"@type\":\"ReadAction\",\"target\":[\"https:\/\/ruishengglassco.com\/product\/rs108-custom-liquor-bottle-from-glass-bottle-manufacturers\"]}]},{\"@type\":\"BreadcrumbList\",\"@id\":\"https:\/\/ruishengglassco.com\/product\/rs108-custom-liquor-bottle-from-glass-bottle-manufacturers#breadcrumb\",\"itemListElement\":[{\"@type\":\"ListItem\",\"position\":1,\"name\":\"Home\",\"item\":\"https:\/\/ruishengglassco.com\/\"},{\"@type\":\"ListItem\",\"position\":2,\"name\":\"Products\",\"item\":\"https:\/\/ruishengglassco.com\/products\"},{\"@type\":\"ListItem\",\"position\":3,\"name\":\"RS108: Custom Liquor Bottle From Glass Bottle Manufacturers\"}]},{\"@type\":\"WebSite\",\"@id\":\"https:\/\/ruishengglassco.com\/#website\",\"url\":\"https:\/\/ruishengglassco.com\/\",\"name\":\"Ruisheng Glass\",\"description\":\"\",\"publisher\":{\"@id\":\"https:\/\/ruishengglassco.com\/#organization\"},\"potentialAction\":[{\"@type\":\"SearchAction\",\"target\":{\"@type\":\"EntryPoint\",\"urlTemplate\":\"https:\/\/ruishengglassco.com\/?s={search_term_string}\"},\"query-input\":\"required name=search_term_string\"}],\"inLanguage\":\"es\"},{\"@type\":\"Organization\",\"@id\":\"https:\/\/ruishengglassco.com\/#organization\",\"name\":\"Shandong Yuncheng Ruisheng Glass Co., Ltd\",\"url\":\"https:\/\/ruishengglassco.com\/\",\"logo\":{\"@type\":\"ImageObject\",\"inLanguage\":\"es\",\"@id\":\"https:\/\/ruishengglassco.com\/#\/schema\/logo\/image\/\",\"url\":\"https:\/\/ruishengglassco.com\/wp-content\/uploads\/2023\/09\/ruisheng_logo_icon.webp\",\"contentUrl\":\"https:\/\/ruishengglassco.com\/wp-content\/uploads\/2023\/09\/ruisheng_logo_icon.webp\",\"width\":400,\"height\":233,\"caption\":\"Shandong Yuncheng Ruisheng Glass Co., Ltd\"},\"image\":{\"@id\":\"https:\/\/ruishengglassco.com\/#\/schema\/logo\/image\/\"},\"sameAs\":[\"https:\/\/www.facebook.com\/ruishengglassbottles\",\"https:\/\/www.instagram.com\/Ruishengglassbottlewholesales\/\",\"https:\/\/www.youtube.com\/channel\/UCMmbMNGwsL-XrtjfSFLCdVQ\"]}]}<\/script>\n<!-- \/ Yoast SEO plugin. -->","yoast_head_json":{"title":"Custom Glass Bottles With Lids | Personalized Liquor Bottle Manufacturers","description":"Buy Custom Glass Bottles With Lids From China Liquor Bottle Manufacturer. Unique Design Glass Bottle With Qaulity Assurance.","robots":{"index":"index","follow":"follow","max-snippet":"max-snippet:-1","max-image-preview":"max-image-preview:large","max-video-preview":"max-video-preview:-1"},"canonical":"https:\/\/ruishengglassco.com\/es\/producto\/rs108-botella-de-licor-personalizada-de-fabricantes-de-botellas-de-vidrio","og_locale":"es_ES","og_type":"article","og_title":"Custom Glass Bottles With Lids | Personalized Liquor Bottle Manufacturers","og_description":"Buy Custom Glass Bottles With Lids From China Liquor Bottle Manufacturer. Unique Design Glass Bottle With Qaulity Assurance.","og_url":"https:\/\/ruishengglassco.com\/es\/producto\/rs108-botella-de-licor-personalizada-de-fabricantes-de-botellas-de-vidrio","article_publisher":"https:\/\/www.facebook.com\/ruishengglassbottles","article_modified_time":"2025-09-12T00:51:20+00:00","og_image":[{"width":400,"height":400,"url":"https:\/\/ruishengglassco.com\/wp-content\/uploads\/2025\/03\/RS108-Custom-Liquor-Bottle-From-Glass-Bottle-Manufacturers.webp","type":"image\/webp"}],"twitter_card":"summary_large_image","twitter_misc":{"Tiempo de lectura":"2 minutos"},"schema":{"@context":"https:\/\/schema.org","@graph":[{"@type":"WebPage","@id":"https:\/\/ruishengglassco.com\/product\/rs108-custom-liquor-bottle-from-glass-bottle-manufacturers","url":"https:\/\/ruishengglassco.com\/product\/rs108-custom-liquor-bottle-from-glass-bottle-manufacturers","name":"Custom Glass Bottles With Lids | Personalized Liquor Bottle Manufacturers","isPartOf":{"@id":"https:\/\/ruishengglassco.com\/#website"},"datePublished":"2025-03-14T16:21:26+00:00","dateModified":"2025-09-12T00:51:20+00:00","description":"Buy Custom Glass Bottles With Lids From China Liquor Bottle Manufacturer. Unique Design Glass Bottle With Qaulity Assurance.","breadcrumb":{"@id":"https:\/\/ruishengglassco.com\/product\/rs108-custom-liquor-bottle-from-glass-bottle-manufacturers#breadcrumb"},"inLanguage":"es","potentialAction":[{"@type":"ReadAction","target":["https:\/\/ruishengglassco.com\/product\/rs108-custom-liquor-bottle-from-glass-bottle-manufacturers"]}]},{"@type":"BreadcrumbList","@id":"https:\/\/ruishengglassco.com\/product\/rs108-custom-liquor-bottle-from-glass-bottle-manufacturers#breadcrumb","itemListElement":[{"@type":"ListItem","position":1,"name":"Home","item":"https:\/\/ruishengglassco.com\/"},{"@type":"ListItem","position":2,"name":"Products","item":"https:\/\/ruishengglassco.com\/products"},{"@type":"ListItem","position":3,"name":"RS108: Custom Liquor Bottle From Glass Bottle Manufacturers"}]},{"@type":"WebSite","@id":"https:\/\/ruishengglassco.com\/#website","url":"https:\/\/ruishengglassco.com\/","name":"Ruisheng Glass","description":"","publisher":{"@id":"https:\/\/ruishengglassco.com\/#organization"},"potentialAction":[{"@type":"SearchAction","target":{"@type":"EntryPoint","urlTemplate":"https:\/\/ruishengglassco.com\/?s={search_term_string}"},"query-input":"required name=search_term_string"}],"inLanguage":"es"},{"@type":"Organization","@id":"https:\/\/ruishengglassco.com\/#organization","name":"Shandong Yuncheng Ruisheng Glass Co., Ltd","url":"https:\/\/ruishengglassco.com\/","logo":{"@type":"ImageObject","inLanguage":"es","@id":"https:\/\/ruishengglassco.com\/#\/schema\/logo\/image\/","url":"https:\/\/ruishengglassco.com\/wp-content\/uploads\/2023\/09\/ruisheng_logo_icon.webp","contentUrl":"https:\/\/ruishengglassco.com\/wp-content\/uploads\/2023\/09\/ruisheng_logo_icon.webp","width":400,"height":233,"caption":"Shandong Yuncheng Ruisheng Glass Co., Ltd"},"image":{"@id":"https:\/\/ruishengglassco.com\/#\/schema\/logo\/image\/"},"sameAs":["https:\/\/www.facebook.com\/ruishengglassbottles","https:\/\/www.instagram.com\/Ruishengglassbottlewholesales\/","https:\/\/www.youtube.com\/channel\/UCMmbMNGwsL-XrtjfSFLCdVQ"]}]}},"_links":{"self":[{"href":"https:\/\/ruishengglassco.com\/es\/wp-json\/wp\/v2\/product\/4175","targetHints":{"allow":["GET"]}}],"collection":[{"href":"https:\/\/ruishengglassco.com\/es\/wp-json\/wp\/v2\/product"}],"about":[{"href":"https:\/\/ruishengglassco.com\/es\/wp-json\/wp\/v2\/types\/product"}],"replies":[{"embeddable":true,"href":"https:\/\/ruishengglassco.com\/es\/wp-json\/wp\/v2\/comments?post=4175"}],"wp:featuredmedia":[{"embeddable":true,"href":"https:\/\/ruishengglassco.com\/es\/wp-json\/wp\/v2\/media\/4176"}],"wp:attachment":[{"href":"https:\/\/ruishengglassco.com\/es\/wp-json\/wp\/v2\/media?parent=4175"}],"wp:term":[{"taxonomy":"product_cat","embeddable":true,"href":"https:\/\/ruishengglassco.com\/es\/wp-json\/wp\/v2\/product_cat?post=4175"}],"curies":[{"name":"wp","href":"https:\/\/api.w.org\/{rel}","templated":true}]}}