{"id":4173,"date":"2025-03-15T00:19:29","date_gmt":"2025-03-14T16:19:29","guid":{"rendered":"https:\/\/ruishengglassco.com\/?post_type=product&#038;p=4173"},"modified":"2025-07-16T15:28:37","modified_gmt":"2025-07-16T07:28:37","slug":"rs109700ml-1000ml-botella-de-licor-de-vidrio-proveedores","status":"publish","type":"product","link":"https:\/\/ruishengglassco.com\/es\/producto\/rs109700ml-1000ml-botella-de-licor-de-vidrio-proveedores","title":{"rendered":"RS109:700ml 1000ml Botella de licor de vidrio Proveedores"},"content":{"rendered":"<div class=\"\" data-block=\"true\" data-editor=\"fjt74\" data-offset-key=\"de3pj-0-0\">\n<div class=\"public-DraftStyleDefault-block public-DraftStyleDefault-ltr\" data-offset-key=\"de3pj-0-0\">\n<p><span data-preserver-spaces=\"true\">Shandong Yuncheng Ruisheng Glass Co., <\/span><span data-preserver-spaces=\"true\">Ltd<\/span><span data-preserver-spaces=\"true\"> es uno de los vasos espirituosos <\/span><span data-preserver-spaces=\"true\">proveedores de botellas<\/span><span data-preserver-spaces=\"true\">, <\/span><strong><em><span data-preserver-spaces=\"true\">botellas de licor al por mayor<\/span><\/em><\/strong><span data-preserver-spaces=\"true\"> 700 ml<\/span><span data-preserver-spaces=\"true\">750ml,<\/span><span data-preserver-spaces=\"true\"> 1000 ml, <\/span><span data-preserver-spaces=\"true\">y<\/span><span data-preserver-spaces=\"true\"> muchos otros <\/span><span data-preserver-spaces=\"true\">botellas de vidrio de capacidad<\/span><span data-preserver-spaces=\"true\"> para bebidas alcoh\u00f3licas.<\/span><span data-preserver-spaces=\"true\">\u00a0 En nuestra f\u00e1brica, producimos una variedad de l\u00edquidos<\/span><span data-preserver-spaces=\"true\"> botellas de vidrio, incluidas botellas de vidrio de vodka, botellas de brandy, <\/span><span data-preserver-spaces=\"true\">botellas de ginebra, y m\u00e1s. No s\u00f3lo producimos botellas de vidrio de alta calidad, sino que tambi\u00e9n fabricamos botellas de vidrio de calidad media.<\/span><\/p>\n<p><span data-preserver-spaces=\"true\">\u00a0<\/span><\/p>\n<p><span data-preserver-spaces=\"true\">Aqu\u00ed ver\u00e1 una serie de botellas de vidrio redondas <\/span><span data-preserver-spaces=\"true\">como 500 ml<\/span><span data-preserver-spaces=\"true\">, <\/span><span data-preserver-spaces=\"true\">700 ml, 750 ml y<\/span><span data-preserver-spaces=\"true\"> 1000 ml.<\/span> <span data-preserver-spaces=\"true\">Podemos ofrecer botellas de vidrio desnudo, botellas de vidrio esmerilado y<\/span> <span data-preserver-spaces=\"true\">botellas de vidrio pintadas<\/span><span data-preserver-spaces=\"true\">; esto es seg\u00fan<\/span><span data-preserver-spaces=\"true\"> a su <\/span><span data-preserver-spaces=\"true\">exige<\/span><span data-preserver-spaces=\"true\">.<\/span><span data-preserver-spaces=\"true\"> Si necesita un logotipo, tambi\u00e9n podemos crear un logotipo para serigraf\u00eda, calcoman\u00eda o<\/span> <span data-preserver-spaces=\"true\">Logotipo estampado en caliente en las botellas.<\/span><\/p>\n<p><span data-preserver-spaces=\"true\">\u00a0<\/span><\/p>\n<p><span data-preserver-spaces=\"true\">Esta botella de licor de vidrio est\u00e1 acabada con corcho; normalmente utilizamos corcho de alto pol\u00edmero, corcho complejo, corcho de madera y otros tipos de corcho. <\/span><span data-preserver-spaces=\"true\">Nuestras botellas de vidrio de 1000 ml <\/span><span data-preserver-spaces=\"true\">tambi\u00e9n<\/span><span data-preserver-spaces=\"true\"> pueden cambiar su traje de boca <\/span><span data-preserver-spaces=\"true\">para la<\/span><span data-preserver-spaces=\"true\"> tap\u00f3n de rosca.<\/span> <span data-preserver-spaces=\"true\">Y sobre<\/span><span data-preserver-spaces=\"true\"> el tap\u00f3n de rosca, nos <\/span><span data-preserver-spaces=\"true\">puede<\/span><span data-preserver-spaces=\"true\"> ofrecen un tap\u00f3n de rosca corto, un tap\u00f3n de rosca medio y un tap\u00f3n de rosca largo.<\/span><\/p>\n<p><span data-preserver-spaces=\"true\">\u00a0<\/span><\/p>\n<p><span data-preserver-spaces=\"true\">Disponemos de una serie de estrictos sistemas de gesti\u00f3n de calidad para estas botellas de vidrio. <\/span><span data-preserver-spaces=\"true\">Todas las botellas de vidrio <\/span><span data-preserver-spaces=\"true\">enviarse<\/span><span data-preserver-spaces=\"true\"> de nuestra oficina antes de pasar la prueba de control de calidad. Todos nuestros productos gozan de una gran reputaci\u00f3n por su innovaci\u00f3n y funcionalidad entre clientes de todo el mundo.<\/span><\/p>\n<p><span data-preserver-spaces=\"true\">\u00a0<\/span><\/p>\n<p><span data-preserver-spaces=\"true\">Aceptamos pedidos OEM y ODM. <\/span><span data-preserver-spaces=\"true\">Si usted <\/span><span data-preserver-spaces=\"true\">desea<\/span><span data-preserver-spaces=\"true\"> a <\/span><span data-preserver-spaces=\"true\">escriba a<\/span><span data-preserver-spaces=\"true\"> botellas de vidrio personalizadas, tambi\u00e9n podemos <\/span><span data-preserver-spaces=\"true\">escriba a<\/span><span data-preserver-spaces=\"true\"> para ti.<\/span><span data-preserver-spaces=\"true\"> S\u00f3lo hace falta que ofrezcas fotos o muestras.<\/span><\/p>\n<\/div>\n<\/div>\n<h2 class=\"public-DraftStyleDefault-block public-DraftStyleDefault-ltr\" data-offset-key=\"8ln21-0-0\"><span data-offset-key=\"8ln21-0-0\">Los detalles de las botellas de licor al por mayor<\/span><\/h2>\n<div class=\"\" data-block=\"true\" data-editor=\"fjt74\" data-offset-key=\"a9lcl-0-0\">\n<div class=\"public-DraftStyleDefault-block public-DraftStyleDefault-ltr\" data-offset-key=\"a9lcl-0-0\"><span data-offset-key=\"a9lcl-0-0\">\u00a0<\/span><\/div>\n<\/div>\n<ul>\n<li class=\"public-DraftStyleDefault-block public-DraftStyleDefault-ltr\" data-offset-key=\"36vqo-0-0\"><span data-offset-key=\"36vqo-0-0\">Material principal: vidrio de alto s\u00edlex<\/span><span data-offset-key=\"fu6iu-0-0\"><br data-text=\"true\" \/><\/span><\/li>\n<li class=\"public-DraftStyleDefault-block public-DraftStyleDefault-ltr\" data-offset-key=\"5mmf-0-0\"><span data-offset-key=\"5mmf-0-0\">Tapa Corcho<\/span><\/li>\n<li data-block=\"true\" data-editor=\"fjt74\" data-offset-key=\"9fcta-0-0\"><span data-offset-key=\"80bg6-0-0\">Referencia: RS109<\/span><\/li>\n<li data-block=\"true\" data-editor=\"fjt74\" data-offset-key=\"asnef-0-0\"><span data-offset-key=\"5l13k-0-0\">MOQ: 10000 PCS<\/span><\/li>\n<li data-block=\"true\" data-editor=\"fjt74\" data-offset-key=\"2uifl-0-0\"><span data-offset-key=\"fb1pn-0-0\">Capacidad: 500 ml 700 ml 750 ml 1000 ml<\/span><\/li>\n<li data-block=\"true\" data-editor=\"fjt74\" data-offset-key=\"9sgma-0-0\"><span data-offset-key=\"93ppb-0-0\">Pcs\/Ctn: 24pcs o 20pcs<\/span><\/li>\n<li data-block=\"true\" data-editor=\"fjt74\" data-offset-key=\"e3qd7-0-0\"><span data-offset-key=\"8sp57-0-0\">Origen del lugar: Shandong, China<\/span><\/li>\n<li data-block=\"true\" data-editor=\"fjt74\" data-offset-key=\"a6c0-0-0\"><span data-offset-key=\"73gcj-0-0\">Caracter\u00edstica: <\/span><span class=\"adverb\"><span data-offset-key=\"73gcj-1-0\">Ecol\u00f3gico<\/span><\/span><\/li>\n<\/ul>\n<div class=\"\" data-block=\"true\" data-editor=\"fjt74\" data-offset-key=\"dp5u9-0-0\">\n<div class=\"public-DraftStyleDefault-block public-DraftStyleDefault-ltr\" data-offset-key=\"dp5u9-0-0\"><span data-offset-key=\"dp5u9-0-0\">\u00a0<\/span><\/div>\n<\/div>\n<div class=\"\" data-block=\"true\" data-editor=\"fjt74\" data-offset-key=\"arq5a-0-0\">\n<div class=\"public-DraftStyleDefault-block public-DraftStyleDefault-ltr\" data-offset-key=\"arq5a-0-0\"><span data-offset-key=\"arq5a-0-0\">Si usted <\/span><span class=\"passivevoice\"><span data-offset-key=\"arq5a-1-0\">est\u00e1n interesados<\/span><\/span><span data-offset-key=\"arq5a-2-0\"> en botellas de licor al por mayor precio, p\u00f3ngase en contacto con nosotros. Haremos todo lo posible para usted.<\/span><\/div>\n<\/div>","protected":false},"excerpt":{"rendered":"<table class=\"tg\">\n<tbody>\n<tr>\n<th class=\"tg-24i8\" colspan=\"2\">Mayorista Botellas de Licor 700ml 1000ml<\/th>\n<\/tr>\n<tr>\n<td class=\"tg-b7b8\">Referencia:<\/td>\n<td class=\"tg-b7b8\">RS109<\/td>\n<\/tr>\n<tr>\n<td class=\"tg-yw4l\">Material principal:<\/td>\n<td class=\"tg-yw4l\">Cristal alto de s\u00edlex<\/td>\n<\/tr>\n<tr>\n<td class=\"tg-b7b8\">Cap:<\/td>\n<td class=\"tg-b7b8\">tapa de rosca<\/td>\n<\/tr>\n<tr>\n<td class=\"tg-yw4l\">Capacidad:<\/td>\n<td class=\"tg-yw4l\">500ml 700ml 750ml 1000ml<\/td>\n<\/tr>\n<tr>\n<td class=\"tg-b7b8\">Caracter\u00edstica:<\/td>\n<td class=\"tg-b7b8\">Ecol\u00f3gico<\/td>\n<\/tr>\n<tr>\n<td class=\"tg-yw4l\">MOQ:<\/td>\n<td class=\"tg-yw4l\">10000 UNIDADES<\/td>\n<\/tr>\n<tr>\n<td class=\"tg-b7b8\">Forma de env\u00edo:<\/td>\n<td class=\"tg-b7b8\">Buque, Expreso<\/td>\n<\/tr>\n<tr>\n<td class=\"tg-yw4l\">OEM\/ODM:<\/td>\n<td class=\"tg-yw4l\">Bienvenido<\/td>\n<\/tr>\n<tr>\n<td class=\"tg-b7b8\">Origen del lugar:<\/td>\n<td class=\"tg-b7b8\">Shandong, China<\/td>\n<\/tr>\n<tr>\n<td class=\"tg-yw4l\">Piezas\/Ctn:<\/td>\n<td class=\"tg-yw4l\">24 o 20 unidades<\/td>\n<\/tr>\n<\/tbody>\n<\/table>","protected":false},"featured_media":4174,"comment_status":"closed","ping_status":"closed","template":"","meta":[],"product_cat":[44,43],"class_list":{"0":"post-4173","1":"product","2":"type-product","3":"status-publish","4":"has-post-thumbnail","6":"product_cat-700ml-liquor-bottle-manufacturer","7":"product_cat-1000ml-liquor-bottle-manufacturer","9":"first","10":"instock","11":"shipping-taxable","12":"product-type-simple"},"yoast_head":"<!-- This site is optimized with the Yoast SEO plugin v22.0 - https:\/\/yoast.com\/wordpress\/plugins\/seo\/ -->\n<title>Wholesale Liquor Bottles 700ml 1000ml | Spirit Glass Bottle Suppliers<\/title>\n<meta name=\"description\" content=\"Shandong Yuncheng Ruisheng Glass Co., Ltd is One Of The Spirit Glass Bottle Suppliers, Wholesale Liquor Bottles 700ml 1000ml In Bulk Cheap Price.\" \/>\n<meta name=\"robots\" content=\"index, follow, max-snippet:-1, max-image-preview:large, max-video-preview:-1\" \/>\n<link rel=\"canonical\" href=\"https:\/\/ruishengglassco.com\/es\/producto\/rs109700ml-1000ml-botella-de-licor-de-vidrio-proveedores\" \/>\n<meta property=\"og:locale\" content=\"es_ES\" \/>\n<meta property=\"og:type\" content=\"article\" \/>\n<meta property=\"og:title\" content=\"Wholesale Liquor Bottles 700ml 1000ml | Spirit Glass Bottle Suppliers\" \/>\n<meta property=\"og:description\" content=\"Shandong Yuncheng Ruisheng Glass Co., Ltd is One Of The Spirit Glass Bottle Suppliers, Wholesale Liquor Bottles 700ml 1000ml In Bulk Cheap Price.\" \/>\n<meta property=\"og:url\" content=\"https:\/\/ruishengglassco.com\/es\/producto\/rs109700ml-1000ml-botella-de-licor-de-vidrio-proveedores\" \/>\n<meta property=\"article:publisher\" content=\"https:\/\/www.facebook.com\/ruishengglassbottles\" \/>\n<meta property=\"article:modified_time\" content=\"2025-07-16T07:28:37+00:00\" \/>\n<meta property=\"og:image\" content=\"https:\/\/ruishengglassco.com\/wp-content\/uploads\/2025\/03\/RS109-700ml-1000ml-Glass-Liquor-Bottle-Suppliers.webp\" \/>\n\t<meta property=\"og:image:width\" content=\"800\" \/>\n\t<meta property=\"og:image:height\" content=\"800\" \/>\n\t<meta property=\"og:image:type\" content=\"image\/webp\" \/>\n<meta name=\"twitter:card\" content=\"summary_large_image\" \/>\n<meta name=\"twitter:label1\" content=\"Tiempo de lectura\" \/>\n\t<meta name=\"twitter:data1\" content=\"2 minutos\" \/>\n<script type=\"application\/ld+json\" class=\"yoast-schema-graph\">{\"@context\":\"https:\/\/schema.org\",\"@graph\":[{\"@type\":\"WebPage\",\"@id\":\"https:\/\/ruishengglassco.com\/product\/rs109700ml-1000ml-glass-liquor-bottle-suppliers\",\"url\":\"https:\/\/ruishengglassco.com\/product\/rs109700ml-1000ml-glass-liquor-bottle-suppliers\",\"name\":\"Wholesale Liquor Bottles 700ml 1000ml | Spirit Glass Bottle Suppliers\",\"isPartOf\":{\"@id\":\"https:\/\/ruishengglassco.com\/#website\"},\"datePublished\":\"2025-03-14T16:19:29+00:00\",\"dateModified\":\"2025-07-16T07:28:37+00:00\",\"description\":\"Shandong Yuncheng Ruisheng Glass Co., Ltd is One Of The Spirit Glass Bottle Suppliers, Wholesale Liquor Bottles 700ml 1000ml In Bulk Cheap Price.\",\"breadcrumb\":{\"@id\":\"https:\/\/ruishengglassco.com\/product\/rs109700ml-1000ml-glass-liquor-bottle-suppliers#breadcrumb\"},\"inLanguage\":\"es\",\"potentialAction\":[{\"@type\":\"ReadAction\",\"target\":[\"https:\/\/ruishengglassco.com\/product\/rs109700ml-1000ml-glass-liquor-bottle-suppliers\"]}]},{\"@type\":\"BreadcrumbList\",\"@id\":\"https:\/\/ruishengglassco.com\/product\/rs109700ml-1000ml-glass-liquor-bottle-suppliers#breadcrumb\",\"itemListElement\":[{\"@type\":\"ListItem\",\"position\":1,\"name\":\"Home\",\"item\":\"https:\/\/ruishengglassco.com\/\"},{\"@type\":\"ListItem\",\"position\":2,\"name\":\"Products\",\"item\":\"https:\/\/ruishengglassco.com\/products\"},{\"@type\":\"ListItem\",\"position\":3,\"name\":\"RS109:700ml 1000ml Glass Liquor Bottle Suppliers\"}]},{\"@type\":\"WebSite\",\"@id\":\"https:\/\/ruishengglassco.com\/#website\",\"url\":\"https:\/\/ruishengglassco.com\/\",\"name\":\"Ruisheng Glass\",\"description\":\"\",\"publisher\":{\"@id\":\"https:\/\/ruishengglassco.com\/#organization\"},\"potentialAction\":[{\"@type\":\"SearchAction\",\"target\":{\"@type\":\"EntryPoint\",\"urlTemplate\":\"https:\/\/ruishengglassco.com\/?s={search_term_string}\"},\"query-input\":\"required name=search_term_string\"}],\"inLanguage\":\"es\"},{\"@type\":\"Organization\",\"@id\":\"https:\/\/ruishengglassco.com\/#organization\",\"name\":\"Shandong Yuncheng Ruisheng Glass Co., Ltd\",\"url\":\"https:\/\/ruishengglassco.com\/\",\"logo\":{\"@type\":\"ImageObject\",\"inLanguage\":\"es\",\"@id\":\"https:\/\/ruishengglassco.com\/#\/schema\/logo\/image\/\",\"url\":\"https:\/\/ruishengglassco.com\/wp-content\/uploads\/2023\/09\/ruisheng_logo_icon.webp\",\"contentUrl\":\"https:\/\/ruishengglassco.com\/wp-content\/uploads\/2023\/09\/ruisheng_logo_icon.webp\",\"width\":400,\"height\":233,\"caption\":\"Shandong Yuncheng Ruisheng Glass Co., Ltd\"},\"image\":{\"@id\":\"https:\/\/ruishengglassco.com\/#\/schema\/logo\/image\/\"},\"sameAs\":[\"https:\/\/www.facebook.com\/ruishengglassbottles\",\"https:\/\/www.instagram.com\/Ruishengglassbottlewholesales\/\",\"https:\/\/www.youtube.com\/channel\/UCMmbMNGwsL-XrtjfSFLCdVQ\"]}]}<\/script>\n<!-- \/ Yoast SEO plugin. -->","yoast_head_json":{"title":"Wholesale Liquor Bottles 700ml 1000ml | Spirit Glass Bottle Suppliers","description":"Shandong Yuncheng Ruisheng Glass Co., Ltd is One Of The Spirit Glass Bottle Suppliers, Wholesale Liquor Bottles 700ml 1000ml In Bulk Cheap Price.","robots":{"index":"index","follow":"follow","max-snippet":"max-snippet:-1","max-image-preview":"max-image-preview:large","max-video-preview":"max-video-preview:-1"},"canonical":"https:\/\/ruishengglassco.com\/es\/producto\/rs109700ml-1000ml-botella-de-licor-de-vidrio-proveedores","og_locale":"es_ES","og_type":"article","og_title":"Wholesale Liquor Bottles 700ml 1000ml | Spirit Glass Bottle Suppliers","og_description":"Shandong Yuncheng Ruisheng Glass Co., Ltd is One Of The Spirit Glass Bottle Suppliers, Wholesale Liquor Bottles 700ml 1000ml In Bulk Cheap Price.","og_url":"https:\/\/ruishengglassco.com\/es\/producto\/rs109700ml-1000ml-botella-de-licor-de-vidrio-proveedores","article_publisher":"https:\/\/www.facebook.com\/ruishengglassbottles","article_modified_time":"2025-07-16T07:28:37+00:00","og_image":[{"width":800,"height":800,"url":"https:\/\/ruishengglassco.com\/wp-content\/uploads\/2025\/03\/RS109-700ml-1000ml-Glass-Liquor-Bottle-Suppliers.webp","type":"image\/webp"}],"twitter_card":"summary_large_image","twitter_misc":{"Tiempo de lectura":"2 minutos"},"schema":{"@context":"https:\/\/schema.org","@graph":[{"@type":"WebPage","@id":"https:\/\/ruishengglassco.com\/product\/rs109700ml-1000ml-glass-liquor-bottle-suppliers","url":"https:\/\/ruishengglassco.com\/product\/rs109700ml-1000ml-glass-liquor-bottle-suppliers","name":"Wholesale Liquor Bottles 700ml 1000ml | Spirit Glass Bottle Suppliers","isPartOf":{"@id":"https:\/\/ruishengglassco.com\/#website"},"datePublished":"2025-03-14T16:19:29+00:00","dateModified":"2025-07-16T07:28:37+00:00","description":"Shandong Yuncheng Ruisheng Glass Co., Ltd is One Of The Spirit Glass Bottle Suppliers, Wholesale Liquor Bottles 700ml 1000ml In Bulk Cheap Price.","breadcrumb":{"@id":"https:\/\/ruishengglassco.com\/product\/rs109700ml-1000ml-glass-liquor-bottle-suppliers#breadcrumb"},"inLanguage":"es","potentialAction":[{"@type":"ReadAction","target":["https:\/\/ruishengglassco.com\/product\/rs109700ml-1000ml-glass-liquor-bottle-suppliers"]}]},{"@type":"BreadcrumbList","@id":"https:\/\/ruishengglassco.com\/product\/rs109700ml-1000ml-glass-liquor-bottle-suppliers#breadcrumb","itemListElement":[{"@type":"ListItem","position":1,"name":"Home","item":"https:\/\/ruishengglassco.com\/"},{"@type":"ListItem","position":2,"name":"Products","item":"https:\/\/ruishengglassco.com\/products"},{"@type":"ListItem","position":3,"name":"RS109:700ml 1000ml Glass Liquor Bottle Suppliers"}]},{"@type":"WebSite","@id":"https:\/\/ruishengglassco.com\/#website","url":"https:\/\/ruishengglassco.com\/","name":"Ruisheng Glass","description":"","publisher":{"@id":"https:\/\/ruishengglassco.com\/#organization"},"potentialAction":[{"@type":"SearchAction","target":{"@type":"EntryPoint","urlTemplate":"https:\/\/ruishengglassco.com\/?s={search_term_string}"},"query-input":"required name=search_term_string"}],"inLanguage":"es"},{"@type":"Organization","@id":"https:\/\/ruishengglassco.com\/#organization","name":"Shandong Yuncheng Ruisheng Glass Co., Ltd","url":"https:\/\/ruishengglassco.com\/","logo":{"@type":"ImageObject","inLanguage":"es","@id":"https:\/\/ruishengglassco.com\/#\/schema\/logo\/image\/","url":"https:\/\/ruishengglassco.com\/wp-content\/uploads\/2023\/09\/ruisheng_logo_icon.webp","contentUrl":"https:\/\/ruishengglassco.com\/wp-content\/uploads\/2023\/09\/ruisheng_logo_icon.webp","width":400,"height":233,"caption":"Shandong Yuncheng Ruisheng Glass Co., Ltd"},"image":{"@id":"https:\/\/ruishengglassco.com\/#\/schema\/logo\/image\/"},"sameAs":["https:\/\/www.facebook.com\/ruishengglassbottles","https:\/\/www.instagram.com\/Ruishengglassbottlewholesales\/","https:\/\/www.youtube.com\/channel\/UCMmbMNGwsL-XrtjfSFLCdVQ"]}]}},"_links":{"self":[{"href":"https:\/\/ruishengglassco.com\/es\/wp-json\/wp\/v2\/product\/4173","targetHints":{"allow":["GET"]}}],"collection":[{"href":"https:\/\/ruishengglassco.com\/es\/wp-json\/wp\/v2\/product"}],"about":[{"href":"https:\/\/ruishengglassco.com\/es\/wp-json\/wp\/v2\/types\/product"}],"replies":[{"embeddable":true,"href":"https:\/\/ruishengglassco.com\/es\/wp-json\/wp\/v2\/comments?post=4173"}],"wp:featuredmedia":[{"embeddable":true,"href":"https:\/\/ruishengglassco.com\/es\/wp-json\/wp\/v2\/media\/4174"}],"wp:attachment":[{"href":"https:\/\/ruishengglassco.com\/es\/wp-json\/wp\/v2\/media?parent=4173"}],"wp:term":[{"taxonomy":"product_cat","embeddable":true,"href":"https:\/\/ruishengglassco.com\/es\/wp-json\/wp\/v2\/product_cat?post=4173"}],"curies":[{"name":"wp","href":"https:\/\/api.w.org\/{rel}","templated":true}]}}