{"id":4171,"date":"2025-03-15T00:17:11","date_gmt":"2025-03-14T16:17:11","guid":{"rendered":"https:\/\/ruishengglassco.com\/?post_type=product&#038;p=4171"},"modified":"2025-09-11T16:08:31","modified_gmt":"2025-09-11T08:08:31","slug":"rs110-al-por-mayor-250ml-botella-de-licor-verde-salida-de-fabrica","status":"publish","type":"product","link":"https:\/\/ruishengglassco.com\/es\/producto\/rs110-al-por-mayor-250ml-botella-de-licor-verde-salida-de-fabrica","title":{"rendered":"RS110: Mayorista 250ml Botella de Licor Verde Salida de F\u00e1brica"},"content":{"rendered":"<h2>Botella de vidrio verde de 250 ml al por mayor<\/h2>\n<p>Botellas de vidrio verde de 250ml al por mayor es uno de los productos de nuestra empresa. Tambi\u00e9n fabricamos botellas de vidrio verde de 500ml, 700ml, 750ml y 1000ml para licores.<\/p>\n<p>Utilizamos tecnolog\u00eda de pulverizaci\u00f3n para estas botellas de vidrio redondas, y compartimos equipos de producci\u00f3n avanzados para fabricar botellas. Nuestras botellas se fabrican r\u00e1pidamente y con un alto nivel de calidad.<\/p>\n<p>Ruishsheng Glass Bottle es un fabricante principal de botellas de licor vac\u00edas y proveedor de botellas de vidrio. Si prefiere otros colores y capacidades, tambi\u00e9n podemos personalizar botellas de vidrio para usted.<\/p>\n<h2>Informaci\u00f3n sobre Venta de botellas de vidrio peque\u00f1as de 250 ml a granel<\/h2>\n<ul>\n<li>Material principal: vidrio de alto s\u00edlex<\/li>\n<li>Tap\u00f3n: tap\u00f3n de rosca<\/li>\n<li>Referencia: RS110<\/li>\n<li>MOQ: 10000 PCS<\/li>\n<li>Capacidad: 200 ml<\/li>\n<li>Pzs\/Ctn: 24pzs<\/li>\n<li>Origen del lugar: Shandong,China<\/li>\n<li>Caracter\u00edstica: Ecol\u00f3gico<\/li>\n<\/ul>\n<p>Esta botella redonda Boston de vidrio transparente se puede utilizar en botellas de vidrio de vino, botellas de vodka, botellas de brandy y otras botellas. A muchos clientes les gusta esta botella de vidrio porque quieren utilizarla para mantener su jugo. Si desea m\u00e1s botellas para bebidas, tambi\u00e9n podemos ofrecerle botellas de vidrio para bebidas al por mayor.<\/p>\n<p>Nuestros productos pasan la inspecci\u00f3n nacional de calidad, por lo que la calidad de cada botella est\u00e1 garantizada.<\/p>\n<p>Adem\u00e1s, nuestra empresa ofrece un servicio posventa de primera clase; nos ocuparemos de cualquier problema que pueda tener.<\/p>\n<p>Nuestros principales productos son botellas de vidrio de alta calidad, incluyendo botellas de vodka, botellas de brandy, botellas de whisky, botellas de licor, botellas de mermelada, y m\u00e1s. Tambi\u00e9n podemos ofrecer botellas de vidrio \u00e1mbar, botellas verdes y botellas de agua. Nuestro principal mercado es Europa, EE.UU., Australia, Am\u00e9rica, etc. Todos los productos gozan de una gran reputaci\u00f3n por su innovaci\u00f3n y funcionalidad.<\/p>\n<p>Si est\u00e1 interesado en alguna de nuestras botellitas de vidrio con tap\u00f3n de corcho, no dude en ponerse en contacto con nosotros para obtener m\u00e1s informaci\u00f3n.<\/p>\n<p>Tambi\u00e9n podemos facilitarle nuestro cat\u00e1logo, para que pueda elegir el que m\u00e1s le guste.<\/p>\n<p>Le invitamos a visitar nuestra empresa y hacer un pedido. Dispondremos de personal especial para llevarnos hasta all\u00ed.<\/p>\n<p>Por favor, considere estos Mini botellas de vidrio transparente, botellas de vidrio de 250 ml, para la venta.<br \/>\nP\u00f3ngase en contacto con nosotros en cualquier momento. Le responderemos en un plazo de 24 horas.<\/p>","protected":false},"excerpt":{"rendered":"<table class=\"tg\">\n<tbody>\n<tr>\n<th class=\"tg-24i8\" colspan=\"2\">Botella de vidrio verde de 250 ml al por mayor<\/th>\n<\/tr>\n<tr>\n<td class=\"tg-b7b8\">Referencia:<\/td>\n<td class=\"tg-b7b8\">RS110<\/td>\n<\/tr>\n<tr>\n<td class=\"tg-yw4l\">Material principal:<\/td>\n<td class=\"tg-yw4l\">Vidrio High Flint<\/td>\n<\/tr>\n<tr>\n<td class=\"tg-b7b8\">Cap:<\/td>\n<td class=\"tg-b7b8\">Tapa roscada<\/td>\n<\/tr>\n<tr>\n<td class=\"tg-yw4l\">Capacidad:<\/td>\n<td class=\"tg-yw4l\">200 ml 250 ml<\/td>\n<\/tr>\n<tr>\n<td class=\"tg-b7b8\">Caracter\u00edstica:<\/td>\n<td class=\"tg-b7b8\">Ecol\u00f3gico<\/td>\n<\/tr>\n<tr>\n<td class=\"tg-yw4l\">MOQ:<\/td>\n<td class=\"tg-yw4l\">10000 UNIDADES<\/td>\n<\/tr>\n<tr>\n<td class=\"tg-b7b8\">Forma de env\u00edo:<\/td>\n<td class=\"tg-b7b8\">Ship,Express<\/td>\n<\/tr>\n<tr>\n<td class=\"tg-yw4l\">OEM\/ODM:<\/td>\n<td class=\"tg-yw4l\">Bienvenido<\/td>\n<\/tr>\n<tr>\n<td class=\"tg-b7b8\">Origen del lugar:<\/td>\n<td class=\"tg-b7b8\">Shandong,China<\/td>\n<\/tr>\n<tr>\n<td class=\"tg-yw4l\">Piezas\/Ctn:<\/td>\n<td class=\"tg-yw4l\">24 piezas \/ 20 piezas \/ 15 piezas<\/td>\n<\/tr>\n<\/tbody>\n<\/table>","protected":false},"featured_media":4172,"comment_status":"closed","ping_status":"closed","template":"","meta":[],"product_cat":[47],"class_list":{"0":"post-4171","1":"product","2":"type-product","3":"status-publish","4":"has-post-thumbnail","6":"product_cat-250ml-liquor-bottle-manufacturer","8":"first","9":"instock","10":"shipping-taxable","11":"product-type-simple"},"yoast_head":"<!-- This site is optimized with the Yoast SEO plugin v22.0 - https:\/\/yoast.com\/wordpress\/plugins\/seo\/ -->\n<title>250ml Green Glass Bottle Wholesale | Empty Liquor Bottles Manufacturer<\/title>\n<meta name=\"description\" content=\"Ruisheng Glass Bottle, A professional Empty Liquor Bottles Manufacturer, sales 250ml Green Glass Bottle Wholesale in Factory Outlet Bulk Price.\" \/>\n<meta name=\"robots\" content=\"index, follow, max-snippet:-1, max-image-preview:large, max-video-preview:-1\" \/>\n<link rel=\"canonical\" href=\"https:\/\/ruishengglassco.com\/es\/producto\/rs110-al-por-mayor-250ml-botella-de-licor-verde-salida-de-fabrica\" \/>\n<meta property=\"og:locale\" content=\"es_ES\" \/>\n<meta property=\"og:type\" content=\"article\" \/>\n<meta property=\"og:title\" content=\"250ml Green Glass Bottle Wholesale | Empty Liquor Bottles Manufacturer\" \/>\n<meta property=\"og:description\" content=\"Ruisheng Glass Bottle, A professional Empty Liquor Bottles Manufacturer, sales 250ml Green Glass Bottle Wholesale in Factory Outlet Bulk Price.\" \/>\n<meta property=\"og:url\" content=\"https:\/\/ruishengglassco.com\/es\/producto\/rs110-al-por-mayor-250ml-botella-de-licor-verde-salida-de-fabrica\" \/>\n<meta property=\"article:publisher\" content=\"https:\/\/www.facebook.com\/ruishengglassbottles\" \/>\n<meta property=\"article:modified_time\" content=\"2025-09-11T08:08:31+00:00\" \/>\n<meta property=\"og:image\" content=\"https:\/\/ruishengglassco.com\/wp-content\/uploads\/2025\/03\/RS110-Wholesale-250ml-Green-Liquor-Bottle-Factory-Outlet.webp\" \/>\n\t<meta property=\"og:image:width\" content=\"400\" \/>\n\t<meta property=\"og:image:height\" content=\"400\" \/>\n\t<meta property=\"og:image:type\" content=\"image\/webp\" \/>\n<meta name=\"twitter:card\" content=\"summary_large_image\" \/>\n<meta name=\"twitter:label1\" content=\"Tiempo de lectura\" \/>\n\t<meta name=\"twitter:data1\" content=\"2 minutos\" \/>\n<script type=\"application\/ld+json\" class=\"yoast-schema-graph\">{\"@context\":\"https:\/\/schema.org\",\"@graph\":[{\"@type\":\"WebPage\",\"@id\":\"https:\/\/ruishengglassco.com\/product\/rs110-wholesale-250ml-green-liquor-bottle-factory-outlet\",\"url\":\"https:\/\/ruishengglassco.com\/product\/rs110-wholesale-250ml-green-liquor-bottle-factory-outlet\",\"name\":\"250ml Green Glass Bottle Wholesale | Empty Liquor Bottles Manufacturer\",\"isPartOf\":{\"@id\":\"https:\/\/ruishengglassco.com\/#website\"},\"datePublished\":\"2025-03-14T16:17:11+00:00\",\"dateModified\":\"2025-09-11T08:08:31+00:00\",\"description\":\"Ruisheng Glass Bottle, A professional Empty Liquor Bottles Manufacturer, sales 250ml Green Glass Bottle Wholesale in Factory Outlet Bulk Price.\",\"breadcrumb\":{\"@id\":\"https:\/\/ruishengglassco.com\/product\/rs110-wholesale-250ml-green-liquor-bottle-factory-outlet#breadcrumb\"},\"inLanguage\":\"es\",\"potentialAction\":[{\"@type\":\"ReadAction\",\"target\":[\"https:\/\/ruishengglassco.com\/product\/rs110-wholesale-250ml-green-liquor-bottle-factory-outlet\"]}]},{\"@type\":\"BreadcrumbList\",\"@id\":\"https:\/\/ruishengglassco.com\/product\/rs110-wholesale-250ml-green-liquor-bottle-factory-outlet#breadcrumb\",\"itemListElement\":[{\"@type\":\"ListItem\",\"position\":1,\"name\":\"Home\",\"item\":\"https:\/\/ruishengglassco.com\/\"},{\"@type\":\"ListItem\",\"position\":2,\"name\":\"Products\",\"item\":\"https:\/\/ruishengglassco.com\/products\"},{\"@type\":\"ListItem\",\"position\":3,\"name\":\"RS110: Wholesale 250ml Green Liquor Bottle Factory Outlet\"}]},{\"@type\":\"WebSite\",\"@id\":\"https:\/\/ruishengglassco.com\/#website\",\"url\":\"https:\/\/ruishengglassco.com\/\",\"name\":\"Ruisheng Glass\",\"description\":\"\",\"publisher\":{\"@id\":\"https:\/\/ruishengglassco.com\/#organization\"},\"potentialAction\":[{\"@type\":\"SearchAction\",\"target\":{\"@type\":\"EntryPoint\",\"urlTemplate\":\"https:\/\/ruishengglassco.com\/?s={search_term_string}\"},\"query-input\":\"required name=search_term_string\"}],\"inLanguage\":\"es\"},{\"@type\":\"Organization\",\"@id\":\"https:\/\/ruishengglassco.com\/#organization\",\"name\":\"Shandong Yuncheng Ruisheng Glass Co., Ltd\",\"url\":\"https:\/\/ruishengglassco.com\/\",\"logo\":{\"@type\":\"ImageObject\",\"inLanguage\":\"es\",\"@id\":\"https:\/\/ruishengglassco.com\/#\/schema\/logo\/image\/\",\"url\":\"https:\/\/ruishengglassco.com\/wp-content\/uploads\/2023\/09\/ruisheng_logo_icon.webp\",\"contentUrl\":\"https:\/\/ruishengglassco.com\/wp-content\/uploads\/2023\/09\/ruisheng_logo_icon.webp\",\"width\":400,\"height\":233,\"caption\":\"Shandong Yuncheng Ruisheng Glass Co., Ltd\"},\"image\":{\"@id\":\"https:\/\/ruishengglassco.com\/#\/schema\/logo\/image\/\"},\"sameAs\":[\"https:\/\/www.facebook.com\/ruishengglassbottles\",\"https:\/\/www.instagram.com\/Ruishengglassbottlewholesales\/\",\"https:\/\/www.youtube.com\/channel\/UCMmbMNGwsL-XrtjfSFLCdVQ\"]}]}<\/script>\n<!-- \/ Yoast SEO plugin. -->","yoast_head_json":{"title":"250ml Green Glass Bottle Wholesale | Empty Liquor Bottles Manufacturer","description":"Ruisheng Glass Bottle, A professional Empty Liquor Bottles Manufacturer, sales 250ml Green Glass Bottle Wholesale in Factory Outlet Bulk Price.","robots":{"index":"index","follow":"follow","max-snippet":"max-snippet:-1","max-image-preview":"max-image-preview:large","max-video-preview":"max-video-preview:-1"},"canonical":"https:\/\/ruishengglassco.com\/es\/producto\/rs110-al-por-mayor-250ml-botella-de-licor-verde-salida-de-fabrica","og_locale":"es_ES","og_type":"article","og_title":"250ml Green Glass Bottle Wholesale | Empty Liquor Bottles Manufacturer","og_description":"Ruisheng Glass Bottle, A professional Empty Liquor Bottles Manufacturer, sales 250ml Green Glass Bottle Wholesale in Factory Outlet Bulk Price.","og_url":"https:\/\/ruishengglassco.com\/es\/producto\/rs110-al-por-mayor-250ml-botella-de-licor-verde-salida-de-fabrica","article_publisher":"https:\/\/www.facebook.com\/ruishengglassbottles","article_modified_time":"2025-09-11T08:08:31+00:00","og_image":[{"width":400,"height":400,"url":"https:\/\/ruishengglassco.com\/wp-content\/uploads\/2025\/03\/RS110-Wholesale-250ml-Green-Liquor-Bottle-Factory-Outlet.webp","type":"image\/webp"}],"twitter_card":"summary_large_image","twitter_misc":{"Tiempo de lectura":"2 minutos"},"schema":{"@context":"https:\/\/schema.org","@graph":[{"@type":"WebPage","@id":"https:\/\/ruishengglassco.com\/product\/rs110-wholesale-250ml-green-liquor-bottle-factory-outlet","url":"https:\/\/ruishengglassco.com\/product\/rs110-wholesale-250ml-green-liquor-bottle-factory-outlet","name":"250ml Green Glass Bottle Wholesale | Empty Liquor Bottles Manufacturer","isPartOf":{"@id":"https:\/\/ruishengglassco.com\/#website"},"datePublished":"2025-03-14T16:17:11+00:00","dateModified":"2025-09-11T08:08:31+00:00","description":"Ruisheng Glass Bottle, A professional Empty Liquor Bottles Manufacturer, sales 250ml Green Glass Bottle Wholesale in Factory Outlet Bulk Price.","breadcrumb":{"@id":"https:\/\/ruishengglassco.com\/product\/rs110-wholesale-250ml-green-liquor-bottle-factory-outlet#breadcrumb"},"inLanguage":"es","potentialAction":[{"@type":"ReadAction","target":["https:\/\/ruishengglassco.com\/product\/rs110-wholesale-250ml-green-liquor-bottle-factory-outlet"]}]},{"@type":"BreadcrumbList","@id":"https:\/\/ruishengglassco.com\/product\/rs110-wholesale-250ml-green-liquor-bottle-factory-outlet#breadcrumb","itemListElement":[{"@type":"ListItem","position":1,"name":"Home","item":"https:\/\/ruishengglassco.com\/"},{"@type":"ListItem","position":2,"name":"Products","item":"https:\/\/ruishengglassco.com\/products"},{"@type":"ListItem","position":3,"name":"RS110: Wholesale 250ml Green Liquor Bottle Factory Outlet"}]},{"@type":"WebSite","@id":"https:\/\/ruishengglassco.com\/#website","url":"https:\/\/ruishengglassco.com\/","name":"Ruisheng Glass","description":"","publisher":{"@id":"https:\/\/ruishengglassco.com\/#organization"},"potentialAction":[{"@type":"SearchAction","target":{"@type":"EntryPoint","urlTemplate":"https:\/\/ruishengglassco.com\/?s={search_term_string}"},"query-input":"required name=search_term_string"}],"inLanguage":"es"},{"@type":"Organization","@id":"https:\/\/ruishengglassco.com\/#organization","name":"Shandong Yuncheng Ruisheng Glass Co., Ltd","url":"https:\/\/ruishengglassco.com\/","logo":{"@type":"ImageObject","inLanguage":"es","@id":"https:\/\/ruishengglassco.com\/#\/schema\/logo\/image\/","url":"https:\/\/ruishengglassco.com\/wp-content\/uploads\/2023\/09\/ruisheng_logo_icon.webp","contentUrl":"https:\/\/ruishengglassco.com\/wp-content\/uploads\/2023\/09\/ruisheng_logo_icon.webp","width":400,"height":233,"caption":"Shandong Yuncheng Ruisheng Glass Co., Ltd"},"image":{"@id":"https:\/\/ruishengglassco.com\/#\/schema\/logo\/image\/"},"sameAs":["https:\/\/www.facebook.com\/ruishengglassbottles","https:\/\/www.instagram.com\/Ruishengglassbottlewholesales\/","https:\/\/www.youtube.com\/channel\/UCMmbMNGwsL-XrtjfSFLCdVQ"]}]}},"_links":{"self":[{"href":"https:\/\/ruishengglassco.com\/es\/wp-json\/wp\/v2\/product\/4171","targetHints":{"allow":["GET"]}}],"collection":[{"href":"https:\/\/ruishengglassco.com\/es\/wp-json\/wp\/v2\/product"}],"about":[{"href":"https:\/\/ruishengglassco.com\/es\/wp-json\/wp\/v2\/types\/product"}],"replies":[{"embeddable":true,"href":"https:\/\/ruishengglassco.com\/es\/wp-json\/wp\/v2\/comments?post=4171"}],"wp:featuredmedia":[{"embeddable":true,"href":"https:\/\/ruishengglassco.com\/es\/wp-json\/wp\/v2\/media\/4172"}],"wp:attachment":[{"href":"https:\/\/ruishengglassco.com\/es\/wp-json\/wp\/v2\/media?parent=4171"}],"wp:term":[{"taxonomy":"product_cat","embeddable":true,"href":"https:\/\/ruishengglassco.com\/es\/wp-json\/wp\/v2\/product_cat?post=4171"}],"curies":[{"name":"wp","href":"https:\/\/api.w.org\/{rel}","templated":true}]}}