{"id":4169,"date":"2025-03-15T00:14:47","date_gmt":"2025-03-14T16:14:47","guid":{"rendered":"https:\/\/ruishengglassco.com\/?post_type=product&#038;p=4169"},"modified":"2025-07-17T13:43:18","modified_gmt":"2025-07-17T05:43:18","slug":"rs111-50cl-botella-de-vidrio-de-licor-personalizada-proveedores","status":"publish","type":"product","link":"https:\/\/ruishengglassco.com\/es\/producto\/rs111-50cl-botella-de-vidrio-de-licor-personalizada-proveedores","title":{"rendered":"RS111: Proveedores de botellas de vidrio para licores de 50 cl personalizadas"},"content":{"rendered":"<p><span data-preserver-spaces=\"true\">Ruisheng Glass Company es uno de los 50cl vidrio licor personalizado <\/span><span data-preserver-spaces=\"true\">proveedores de botellas<\/span><span data-preserver-spaces=\"true\">.<\/span><span data-preserver-spaces=\"true\"> Esta empresa ofrece una gran variedad de botellas de vidrio para licores. La mayor\u00eda de las botellas de vidrio para licores est\u00e1n disponibles en verde o transparente (flint). El tama\u00f1o de las botellas de vidrio oscila entre 50 ml y 3 litros. El vidrio ofrece una excelente resistencia y compatibilidad con materiales <\/span><span data-preserver-spaces=\"true\">no se puede almacenar<\/span><span data-preserver-spaces=\"true\"> en recipientes de pl\u00e1stico. <\/span><span data-preserver-spaces=\"true\">Las botellas de vidrio son at\u00f3xicas, 100% reciclables, reutilizables y <\/span><span data-preserver-spaces=\"true\">seguro para el planeta<\/span><span data-preserver-spaces=\"true\">.<\/span><\/p>\n<p><span data-preserver-spaces=\"true\">Esta botella de licor personalizada de 50 cl <\/span><span data-preserver-spaces=\"true\">se hace<\/span><span data-preserver-spaces=\"true\"> de material de vidrio de alto s\u00edlex. Gracias a su grosor, estas botellas de vidrio dan una sensaci\u00f3n de mayor calidad. El tipo de cierre de estas botellas de vidrio es un tap\u00f3n de gala. Esta botella de vidrio tiene forma cuadrada.<\/span><\/p>\n<p><span data-preserver-spaces=\"true\">Ruisheng Glass Company se dedica a la fabricaci\u00f3n de botellas de vidrio para licores de alta calidad. Hay muchas formas en nuestra f\u00e1brica. Tales como formas redondas, formas oblongas, formas cuadradas y otras formas personalizadas. El tama\u00f1o de nuestras botellas de vidrio es de 50ml, 100ml, 125ml, 250ml, 375ml, 500ml, 700ml, 750ml, 1000ml, 3000ml y otros tama\u00f1os personalizados como 187ml. Todos nuestros productos tienen precios al por mayor y al por mayor.<\/span><\/p>\n<h5><span data-preserver-spaces=\"true\">Los Detalles de la Botella de Vidrio para Licor Personalizada de 50cl<\/span><\/h5>\n<p><span data-preserver-spaces=\"true\">Esta botella de vidrio para licor personalizada de 50 cl pesa 580 g. Y esta botella tiene un fondo pesado. <\/span><span data-preserver-spaces=\"true\">Hay un <\/span><span data-preserver-spaces=\"true\">forma de arco en el<\/span><span data-preserver-spaces=\"true\"> fondo.<\/span> <span data-preserver-spaces=\"true\">La botella <\/span><span data-preserver-spaces=\"true\">parece<\/span><span data-preserver-spaces=\"true\"> una antigua muralla; el hombro exterior es m\u00e1s bajo que el <\/span><span data-preserver-spaces=\"true\">en<\/span><span data-preserver-spaces=\"true\"> hombro.<\/span> <span data-preserver-spaces=\"true\">El tipo de cierre de esta botella es un tap\u00f3n de gala; podemos ofrecer tapones de pl\u00e1stico <\/span><span data-preserver-spaces=\"true\">g<\/span><span data-preserver-spaces=\"true\">ala tapones y aluminio plastico <\/span><span data-preserver-spaces=\"true\">gala <\/span><span data-preserver-spaces=\"true\">tapas, <\/span><span data-preserver-spaces=\"true\">seg\u00fan<\/span><span data-preserver-spaces=\"true\"> cliente <\/span><span data-preserver-spaces=\"true\">exige<\/span><span data-preserver-spaces=\"true\">.<\/span><\/p>\n<p><span data-preserver-spaces=\"true\">Como somos fabricantes de botellas de vidrio con un equipo de dise\u00f1adores cualificados, aceptamos pedidos OEM. <\/span><span data-preserver-spaces=\"true\">Puede <\/span><span data-preserver-spaces=\"true\">d\u00e9<\/span><span data-preserver-spaces=\"true\"> su muestra o <\/span><span data-preserver-spaces=\"true\">su<\/span><span data-preserver-spaces=\"true\"> idea <\/span><span data-preserver-spaces=\"true\">acerca de<\/span> <span data-preserver-spaces=\"true\">50 cl<\/span><span data-preserver-spaces=\"true\"> botella de cristal de licor personalizada, <\/span><span data-preserver-spaces=\"true\">nosotros<\/span> <span data-preserver-spaces=\"true\">ser\u00eda<\/span><span data-preserver-spaces=\"true\"> dise\u00f1o y <\/span><span data-preserver-spaces=\"true\">escriba a<\/span><span data-preserver-spaces=\"true\"> sus botellas de vidrio personalizadas.<\/span><span data-preserver-spaces=\"true\"> Tambi\u00e9n ofrecemos servicios personalizados integrales.<\/span><\/p>","protected":false},"excerpt":{"rendered":"<p>Ruisheng Glass Company es uno de los proveedores de botellas de vidrio para licor personalizadas de 50cl. Esta empresa ofrece una variedad de botellas de vidrio para licores. La mayor\u00eda de las botellas de vidrio para licores est\u00e1n disponibles en verde o transparente ( flint). El tama\u00f1o de las botellas de vidrio est\u00e1 disponible en 50ml a 3 litros. El vidrio ofrece una excelente resistencia, durabilidad y compatibilidad para materiales que no pueden almacenarse en recipientes de pl\u00e1stico. Las botellas de vidrio no son t\u00f3xicas, son 100% reciclables, reutilizables y seguras para el planeta.<\/p>","protected":false},"featured_media":4170,"comment_status":"closed","ping_status":"closed","template":"","meta":[],"product_cat":[41],"class_list":{"0":"post-4169","1":"product","2":"type-product","3":"status-publish","4":"has-post-thumbnail","6":"product_cat-500ml-liquor-bottle-manufacturer","8":"first","9":"instock","10":"shipping-taxable","11":"product-type-simple"},"yoast_head":"<!-- This site is optimized with the Yoast SEO plugin v22.0 - https:\/\/yoast.com\/wordpress\/plugins\/seo\/ -->\n<title>Custom Liquor Bottle Suppliers | Engraved Alcohol Bottles Wholesale<\/title>\n<meta name=\"description\" content=\"Custom Liquor Bottle From China Glass Bottle Manufacturer&amp;Supplier. Engraved Alcohol Bottles Wholesale With Factory Outlet Price.\" \/>\n<meta name=\"robots\" content=\"index, follow, max-snippet:-1, max-image-preview:large, max-video-preview:-1\" \/>\n<link rel=\"canonical\" href=\"https:\/\/ruishengglassco.com\/es\/producto\/rs111-50cl-botella-de-vidrio-de-licor-personalizada-proveedores\" \/>\n<meta property=\"og:locale\" content=\"es_ES\" \/>\n<meta property=\"og:type\" content=\"article\" \/>\n<meta property=\"og:title\" content=\"Custom Liquor Bottle Suppliers | Engraved Alcohol Bottles Wholesale\" \/>\n<meta property=\"og:description\" content=\"Custom Liquor Bottle From China Glass Bottle Manufacturer&amp;Supplier. Engraved Alcohol Bottles Wholesale With Factory Outlet Price.\" \/>\n<meta property=\"og:url\" content=\"https:\/\/ruishengglassco.com\/es\/producto\/rs111-50cl-botella-de-vidrio-de-licor-personalizada-proveedores\" \/>\n<meta property=\"article:publisher\" content=\"https:\/\/www.facebook.com\/ruishengglassbottles\" \/>\n<meta property=\"article:modified_time\" content=\"2025-07-17T05:43:18+00:00\" \/>\n<meta property=\"og:image\" content=\"https:\/\/ruishengglassco.com\/wp-content\/uploads\/2025\/03\/RS111-50cl-Custom-Liquor-Glass-Bottle-Suppliers.webp\" \/>\n\t<meta property=\"og:image:width\" content=\"400\" \/>\n\t<meta property=\"og:image:height\" content=\"400\" \/>\n\t<meta property=\"og:image:type\" content=\"image\/webp\" \/>\n<meta name=\"twitter:card\" content=\"summary_large_image\" \/>\n<meta name=\"twitter:label1\" content=\"Tiempo de lectura\" \/>\n\t<meta name=\"twitter:data1\" content=\"2 minutos\" \/>\n<script type=\"application\/ld+json\" class=\"yoast-schema-graph\">{\"@context\":\"https:\/\/schema.org\",\"@graph\":[{\"@type\":\"WebPage\",\"@id\":\"https:\/\/ruishengglassco.com\/product\/rs111-50cl-custom-liquor-glass-bottle-suppliers\",\"url\":\"https:\/\/ruishengglassco.com\/product\/rs111-50cl-custom-liquor-glass-bottle-suppliers\",\"name\":\"Custom Liquor Bottle Suppliers | Engraved Alcohol Bottles Wholesale\",\"isPartOf\":{\"@id\":\"https:\/\/ruishengglassco.com\/#website\"},\"datePublished\":\"2025-03-14T16:14:47+00:00\",\"dateModified\":\"2025-07-17T05:43:18+00:00\",\"description\":\"Custom Liquor Bottle From China Glass Bottle Manufacturer&Supplier. Engraved Alcohol Bottles Wholesale With Factory Outlet Price.\",\"breadcrumb\":{\"@id\":\"https:\/\/ruishengglassco.com\/product\/rs111-50cl-custom-liquor-glass-bottle-suppliers#breadcrumb\"},\"inLanguage\":\"es\",\"potentialAction\":[{\"@type\":\"ReadAction\",\"target\":[\"https:\/\/ruishengglassco.com\/product\/rs111-50cl-custom-liquor-glass-bottle-suppliers\"]}]},{\"@type\":\"BreadcrumbList\",\"@id\":\"https:\/\/ruishengglassco.com\/product\/rs111-50cl-custom-liquor-glass-bottle-suppliers#breadcrumb\",\"itemListElement\":[{\"@type\":\"ListItem\",\"position\":1,\"name\":\"Home\",\"item\":\"https:\/\/ruishengglassco.com\/\"},{\"@type\":\"ListItem\",\"position\":2,\"name\":\"Products\",\"item\":\"https:\/\/ruishengglassco.com\/products\"},{\"@type\":\"ListItem\",\"position\":3,\"name\":\"RS111: 50cl Custom Liquor Glass Bottle Suppliers\"}]},{\"@type\":\"WebSite\",\"@id\":\"https:\/\/ruishengglassco.com\/#website\",\"url\":\"https:\/\/ruishengglassco.com\/\",\"name\":\"Ruisheng Glass\",\"description\":\"\",\"publisher\":{\"@id\":\"https:\/\/ruishengglassco.com\/#organization\"},\"potentialAction\":[{\"@type\":\"SearchAction\",\"target\":{\"@type\":\"EntryPoint\",\"urlTemplate\":\"https:\/\/ruishengglassco.com\/?s={search_term_string}\"},\"query-input\":\"required name=search_term_string\"}],\"inLanguage\":\"es\"},{\"@type\":\"Organization\",\"@id\":\"https:\/\/ruishengglassco.com\/#organization\",\"name\":\"Shandong Yuncheng Ruisheng Glass Co., Ltd\",\"url\":\"https:\/\/ruishengglassco.com\/\",\"logo\":{\"@type\":\"ImageObject\",\"inLanguage\":\"es\",\"@id\":\"https:\/\/ruishengglassco.com\/#\/schema\/logo\/image\/\",\"url\":\"https:\/\/ruishengglassco.com\/wp-content\/uploads\/2023\/09\/ruisheng_logo_icon.webp\",\"contentUrl\":\"https:\/\/ruishengglassco.com\/wp-content\/uploads\/2023\/09\/ruisheng_logo_icon.webp\",\"width\":400,\"height\":233,\"caption\":\"Shandong Yuncheng Ruisheng Glass Co., Ltd\"},\"image\":{\"@id\":\"https:\/\/ruishengglassco.com\/#\/schema\/logo\/image\/\"},\"sameAs\":[\"https:\/\/www.facebook.com\/ruishengglassbottles\",\"https:\/\/www.instagram.com\/Ruishengglassbottlewholesales\/\",\"https:\/\/www.youtube.com\/channel\/UCMmbMNGwsL-XrtjfSFLCdVQ\"]}]}<\/script>\n<!-- \/ Yoast SEO plugin. -->","yoast_head_json":{"title":"Custom Liquor Bottle Suppliers | Engraved Alcohol Bottles Wholesale","description":"Custom Liquor Bottle From China Glass Bottle Manufacturer&Supplier. Engraved Alcohol Bottles Wholesale With Factory Outlet Price.","robots":{"index":"index","follow":"follow","max-snippet":"max-snippet:-1","max-image-preview":"max-image-preview:large","max-video-preview":"max-video-preview:-1"},"canonical":"https:\/\/ruishengglassco.com\/es\/producto\/rs111-50cl-botella-de-vidrio-de-licor-personalizada-proveedores","og_locale":"es_ES","og_type":"article","og_title":"Custom Liquor Bottle Suppliers | Engraved Alcohol Bottles Wholesale","og_description":"Custom Liquor Bottle From China Glass Bottle Manufacturer&Supplier. Engraved Alcohol Bottles Wholesale With Factory Outlet Price.","og_url":"https:\/\/ruishengglassco.com\/es\/producto\/rs111-50cl-botella-de-vidrio-de-licor-personalizada-proveedores","article_publisher":"https:\/\/www.facebook.com\/ruishengglassbottles","article_modified_time":"2025-07-17T05:43:18+00:00","og_image":[{"width":400,"height":400,"url":"https:\/\/ruishengglassco.com\/wp-content\/uploads\/2025\/03\/RS111-50cl-Custom-Liquor-Glass-Bottle-Suppliers.webp","type":"image\/webp"}],"twitter_card":"summary_large_image","twitter_misc":{"Tiempo de lectura":"2 minutos"},"schema":{"@context":"https:\/\/schema.org","@graph":[{"@type":"WebPage","@id":"https:\/\/ruishengglassco.com\/product\/rs111-50cl-custom-liquor-glass-bottle-suppliers","url":"https:\/\/ruishengglassco.com\/product\/rs111-50cl-custom-liquor-glass-bottle-suppliers","name":"Custom Liquor Bottle Suppliers | Engraved Alcohol Bottles Wholesale","isPartOf":{"@id":"https:\/\/ruishengglassco.com\/#website"},"datePublished":"2025-03-14T16:14:47+00:00","dateModified":"2025-07-17T05:43:18+00:00","description":"Custom Liquor Bottle From China Glass Bottle Manufacturer&Supplier. Engraved Alcohol Bottles Wholesale With Factory Outlet Price.","breadcrumb":{"@id":"https:\/\/ruishengglassco.com\/product\/rs111-50cl-custom-liquor-glass-bottle-suppliers#breadcrumb"},"inLanguage":"es","potentialAction":[{"@type":"ReadAction","target":["https:\/\/ruishengglassco.com\/product\/rs111-50cl-custom-liquor-glass-bottle-suppliers"]}]},{"@type":"BreadcrumbList","@id":"https:\/\/ruishengglassco.com\/product\/rs111-50cl-custom-liquor-glass-bottle-suppliers#breadcrumb","itemListElement":[{"@type":"ListItem","position":1,"name":"Home","item":"https:\/\/ruishengglassco.com\/"},{"@type":"ListItem","position":2,"name":"Products","item":"https:\/\/ruishengglassco.com\/products"},{"@type":"ListItem","position":3,"name":"RS111: 50cl Custom Liquor Glass Bottle Suppliers"}]},{"@type":"WebSite","@id":"https:\/\/ruishengglassco.com\/#website","url":"https:\/\/ruishengglassco.com\/","name":"Ruisheng Glass","description":"","publisher":{"@id":"https:\/\/ruishengglassco.com\/#organization"},"potentialAction":[{"@type":"SearchAction","target":{"@type":"EntryPoint","urlTemplate":"https:\/\/ruishengglassco.com\/?s={search_term_string}"},"query-input":"required name=search_term_string"}],"inLanguage":"es"},{"@type":"Organization","@id":"https:\/\/ruishengglassco.com\/#organization","name":"Shandong Yuncheng Ruisheng Glass Co., Ltd","url":"https:\/\/ruishengglassco.com\/","logo":{"@type":"ImageObject","inLanguage":"es","@id":"https:\/\/ruishengglassco.com\/#\/schema\/logo\/image\/","url":"https:\/\/ruishengglassco.com\/wp-content\/uploads\/2023\/09\/ruisheng_logo_icon.webp","contentUrl":"https:\/\/ruishengglassco.com\/wp-content\/uploads\/2023\/09\/ruisheng_logo_icon.webp","width":400,"height":233,"caption":"Shandong Yuncheng Ruisheng Glass Co., Ltd"},"image":{"@id":"https:\/\/ruishengglassco.com\/#\/schema\/logo\/image\/"},"sameAs":["https:\/\/www.facebook.com\/ruishengglassbottles","https:\/\/www.instagram.com\/Ruishengglassbottlewholesales\/","https:\/\/www.youtube.com\/channel\/UCMmbMNGwsL-XrtjfSFLCdVQ"]}]}},"_links":{"self":[{"href":"https:\/\/ruishengglassco.com\/es\/wp-json\/wp\/v2\/product\/4169","targetHints":{"allow":["GET"]}}],"collection":[{"href":"https:\/\/ruishengglassco.com\/es\/wp-json\/wp\/v2\/product"}],"about":[{"href":"https:\/\/ruishengglassco.com\/es\/wp-json\/wp\/v2\/types\/product"}],"replies":[{"embeddable":true,"href":"https:\/\/ruishengglassco.com\/es\/wp-json\/wp\/v2\/comments?post=4169"}],"wp:featuredmedia":[{"embeddable":true,"href":"https:\/\/ruishengglassco.com\/es\/wp-json\/wp\/v2\/media\/4170"}],"wp:attachment":[{"href":"https:\/\/ruishengglassco.com\/es\/wp-json\/wp\/v2\/media?parent=4169"}],"wp:term":[{"taxonomy":"product_cat","embeddable":true,"href":"https:\/\/ruishengglassco.com\/es\/wp-json\/wp\/v2\/product_cat?post=4169"}],"curies":[{"name":"wp","href":"https:\/\/api.w.org\/{rel}","templated":true}]}}