{"id":4165,"date":"2025-03-15T00:08:40","date_gmt":"2025-03-14T16:08:40","guid":{"rendered":"https:\/\/ruishengglassco.com\/?post_type=product&#038;p=4165"},"modified":"2025-09-12T09:37:59","modified_gmt":"2025-09-12T01:37:59","slug":"rs113-proveedor-de-botellas-de-licor-vacias-de-750-ml","status":"publish","type":"product","link":"https:\/\/ruishengglassco.com\/es\/producto\/rs113-proveedor-de-botellas-de-licor-vacias-de-750-ml","title":{"rendered":"RS113: Botellas de licor vac\u00edas de 750 ml Proveedor"},"content":{"rendered":"<h2>Bienvenido a su pedido de 750ml botellas de licor vac\u00edas proveedor<\/h2>\n<p><span data-preserver-spaces=\"true\">\u00bfEst\u00e1 buscando un sitio web donde pueda<\/span> <span data-preserver-spaces=\"true\">\u00bfcomprar botellas de licor por internet?\u00a0 <\/span><span data-preserver-spaces=\"true\">En\u00a0<\/span><em><span data-preserver-spaces=\"true\">Botellas de licor vac\u00edas de 750 ml al por mayor <\/span><\/em><span data-preserver-spaces=\"true\">es uno de <\/span><span data-preserver-spaces=\"true\">el<\/span><span data-preserver-spaces=\"true\"> proyectos <\/span><span data-preserver-spaces=\"true\">en <\/span><a class=\"editor-rtfLink\" href=\"https:\/\/glassbottlewholesale.com\" target=\"_blank\" rel=\"noopener\"><span data-preserver-spaces=\"true\">Ruisheng<\/span><\/a><span data-preserver-spaces=\"true\">, <\/span><span data-preserver-spaces=\"true\">uno de los mayores<\/span><span data-preserver-spaces=\"true\"> licor <\/span><span data-preserver-spaces=\"true\">proveedores de botellas<\/span><span data-preserver-spaces=\"true\"> en China.<\/span><span data-preserver-spaces=\"true\"> Ofrecemos algo m\u00e1s que esta botella de cristal de 750 ml. <\/span><span data-preserver-spaces=\"true\">Echa un vistazo<\/span><span data-preserver-spaces=\"true\"> nuestra gama de botellas de vidrio, <\/span><span data-preserver-spaces=\"true\">como<\/span><span data-preserver-spaces=\"true\"> la minibotella de 50 ml, la botella de 250 ml, la botella de 700 ml y la botella grande de 1 litro.<\/span><span data-preserver-spaces=\"true\"> Pueden servir como botellas para vodka, whisky, brandy, tequila, etc.<\/span><\/p>\n<p><span data-preserver-spaces=\"true\">Acerca de<\/span><span data-preserver-spaces=\"true\"> 750ml botella de licor de vidrio al por mayor, podemos imprimir su logotipo en <\/span><span data-preserver-spaces=\"true\">o imprima su logotipo en<\/span><span data-preserver-spaces=\"true\"> la tapa.<\/span><span data-preserver-spaces=\"true\"> Si no le gusta este color, tambi\u00e9n podemos mezclar colores para adaptarnos a sus preferencias. <\/span><span data-preserver-spaces=\"true\">Las botellas de licor de vidrio a la venta <\/span><span data-preserver-spaces=\"true\">se hacen<\/span><span data-preserver-spaces=\"true\"> de material de vidrio de alto pedernal, lo que hace que los decantadores de licor de vidrio <\/span><span data-preserver-spaces=\"true\">m\u00e1s claro<\/span><span data-preserver-spaces=\"true\">duradero y m\u00e1s suave.<\/span> <span data-preserver-spaces=\"true\">Esta botella vac\u00eda de 750 ml <\/span><span data-preserver-spaces=\"true\">es <\/span><span data-preserver-spaces=\"true\">amordazado<\/span><span data-preserver-spaces=\"true\">su cuello de botella es <\/span><span data-preserver-spaces=\"true\">adecuado para<\/span><span data-preserver-spaces=\"true\"> corcho de madera, corcho pol\u00edmero, corcho sint\u00e9tico y <\/span><span data-preserver-spaces=\"true\">etc.<\/span><span data-preserver-spaces=\"true\">.<\/span><span data-preserver-spaces=\"true\"> Nuestra empresa cuenta con m\u00e1s de 500 empleados y un equipo de ingenieros cualificados. Con una rica experiencia, tenemos una buena reputaci\u00f3n en todo el mundo.<\/span><\/p>\n<p><span data-preserver-spaces=\"true\">Nuestros principales productos son botellas de vidrio vac\u00edas de primera calidad para la venta al por mayor, incluyendo botellas de vino, botellas de vodka, botellas de brandy, botellas de whisky, mini botellas de licor, botellas de mermelada, y m\u00e1s. <\/span><span data-preserver-spaces=\"true\">Nosotros <\/span><span data-preserver-spaces=\"true\">puede<\/span><span data-preserver-spaces=\"true\"> ofrecen botellas de vidrio \u00e1mbar, botellas verdes y<\/span><span data-preserver-spaces=\"true\"> a <\/span><span data-preserver-spaces=\"true\">agua <\/span><span data-preserver-spaces=\"true\">botella<\/span><span data-preserver-spaces=\"true\">.<\/span> <span data-preserver-spaces=\"true\">Nuestra <\/span><span data-preserver-spaces=\"true\">principal<\/span><span data-preserver-spaces=\"true\"> mercados son Europa, los <\/span><span data-preserver-spaces=\"true\">EE.UU.<\/span><span data-preserver-spaces=\"true\">y Australia.<\/span><span data-preserver-spaces=\"true\"> Todos nuestros productos gozan de una s\u00f3lida reputaci\u00f3n por su innovaci\u00f3n y funcionalidad.<\/span><\/p>\n<h2><span data-preserver-spaces=\"true\">\u00a0<\/span><\/h2>\n<p><span style=\"font-size: 23.04px; color: #333333;\">Acerca del proveedor de botellas de licor vac\u00edas de 750 ml<\/span><\/p>\n<ul>\n<li>Material principal: vidrio de alto s\u00edlex<\/li>\n<li>Tap\u00f3n: tap\u00f3n de rosca<\/li>\n<li>Referencia: RS113<\/li>\n<li>MOQ: 10000 PCS<\/li>\n<li>Capacidad: 750 ml<\/li>\n<li>Pzs\/Ctn: 24pzs<\/li>\n<li>Origen del lugar: Shandong, China<\/li>\n<li>Caracter\u00edstica: Ecol\u00f3gico<\/li>\n<\/ul>\n<p>Bienvenido a visitar nuestro sitio web y comprar botellas de licor vac\u00edas en l\u00ednea. Espero que te gusten nuestras botellas de licor de vidrio con tapones de corcho y hacer un pedido.<\/p>\n<p>Si usted est\u00e1 interesado en nuestros precios de esta botella de licor fresco, por favor p\u00f3ngase en contacto con nosotros. Le responderemos en un plazo de 24 horas.<\/p>","protected":false},"excerpt":{"rendered":"<p>Oferta de botellas de licor vac\u00edas de 750 ml al por mayor para proveedores, empresas, mayoristas y distribuidores de botellas de vidrio. Este juego de botellas redondas para licores viene con tap\u00f3n de corcho de madera o tap\u00f3n de rosca. Las botellas de vidrio con tap\u00f3n de corcho ofrecen mayor protecci\u00f3n a sus productos y los mantienen en condiciones primarias. Se ofrece servicio de etiquetado privado.<\/p>\n<h2>Detalles sobre Botellas de Licor Vac\u00edas de 750ml al por mayor<\/h2>\n<ul>\n<li>Referencia: RS113<\/li>\n<li><strong>Se ofrece servicio OEM\/ODM. MOQ:10000pcs(10000 PCS)<\/strong><\/li>\n<li>Tap\u00f3n: Corcho, tap\u00f3n de rosca o personalizado<\/li>\n<li>Material: Vidrio de alto s\u00edlex<\/li>\n<li>Altura de la botella:220 mm<\/li>\n<li>Di\u00e1metro de la botella: 55 mm<\/li>\n<\/ul>","protected":false},"featured_media":4166,"comment_status":"closed","ping_status":"closed","template":"","meta":[],"product_cat":[40,46],"class_list":{"0":"post-4165","1":"product","2":"type-product","3":"status-publish","4":"has-post-thumbnail","6":"product_cat-750ml-liquor-bottle-manufacturer","7":"product_cat-tequila-bottle","9":"first","10":"instock","11":"shipping-taxable","12":"product-type-simple"},"yoast_head":"<!-- This site is optimized with the Yoast SEO plugin v22.0 - https:\/\/yoast.com\/wordpress\/plugins\/seo\/ -->\n<title>750ml Empty Liquor Bottles Supplier | Cheap Glass Bottles Bulk<\/title>\n<meta name=\"description\" content=\"Buy 750ml Empty Liquor Bottles Wholesale From China Glass Bottle Manufacturer. Factory Outlet&amp;Cheap Glass Bottles Bulk Price.\" \/>\n<meta name=\"robots\" content=\"index, follow, max-snippet:-1, max-image-preview:large, max-video-preview:-1\" \/>\n<link rel=\"canonical\" href=\"https:\/\/ruishengglassco.com\/es\/producto\/rs113-proveedor-de-botellas-de-licor-vacias-de-750-ml\" \/>\n<meta property=\"og:locale\" content=\"es_ES\" \/>\n<meta property=\"og:type\" content=\"article\" \/>\n<meta property=\"og:title\" content=\"750ml Empty Liquor Bottles Supplier | Cheap Glass Bottles Bulk\" \/>\n<meta property=\"og:description\" content=\"Buy 750ml Empty Liquor Bottles Wholesale From China Glass Bottle Manufacturer. Factory Outlet&amp;Cheap Glass Bottles Bulk Price.\" \/>\n<meta property=\"og:url\" content=\"https:\/\/ruishengglassco.com\/es\/producto\/rs113-proveedor-de-botellas-de-licor-vacias-de-750-ml\" \/>\n<meta property=\"article:publisher\" content=\"https:\/\/www.facebook.com\/ruishengglassbottles\" \/>\n<meta property=\"article:modified_time\" content=\"2025-09-12T01:37:59+00:00\" \/>\n<meta property=\"og:image\" content=\"https:\/\/ruishengglassco.com\/wp-content\/uploads\/2025\/03\/RS113-750ml-Empty-Liquor-Bottles-Wholesale.webp\" \/>\n\t<meta property=\"og:image:width\" content=\"800\" \/>\n\t<meta property=\"og:image:height\" content=\"800\" \/>\n\t<meta property=\"og:image:type\" content=\"image\/webp\" \/>\n<meta name=\"twitter:card\" content=\"summary_large_image\" \/>\n<meta name=\"twitter:label1\" content=\"Tiempo de lectura\" \/>\n\t<meta name=\"twitter:data1\" content=\"2 minutos\" \/>\n<script type=\"application\/ld+json\" class=\"yoast-schema-graph\">{\"@context\":\"https:\/\/schema.org\",\"@graph\":[{\"@type\":\"WebPage\",\"@id\":\"https:\/\/ruishengglassco.com\/product\/rs113-750ml-empty-liquor-bottles-supplier\",\"url\":\"https:\/\/ruishengglassco.com\/product\/rs113-750ml-empty-liquor-bottles-supplier\",\"name\":\"750ml Empty Liquor Bottles Supplier | Cheap Glass Bottles Bulk\",\"isPartOf\":{\"@id\":\"https:\/\/ruishengglassco.com\/#website\"},\"datePublished\":\"2025-03-14T16:08:40+00:00\",\"dateModified\":\"2025-09-12T01:37:59+00:00\",\"description\":\"Buy 750ml Empty Liquor Bottles Wholesale From China Glass Bottle Manufacturer. Factory Outlet&Cheap Glass Bottles Bulk Price.\",\"breadcrumb\":{\"@id\":\"https:\/\/ruishengglassco.com\/product\/rs113-750ml-empty-liquor-bottles-supplier#breadcrumb\"},\"inLanguage\":\"es\",\"potentialAction\":[{\"@type\":\"ReadAction\",\"target\":[\"https:\/\/ruishengglassco.com\/product\/rs113-750ml-empty-liquor-bottles-supplier\"]}]},{\"@type\":\"BreadcrumbList\",\"@id\":\"https:\/\/ruishengglassco.com\/product\/rs113-750ml-empty-liquor-bottles-supplier#breadcrumb\",\"itemListElement\":[{\"@type\":\"ListItem\",\"position\":1,\"name\":\"Home\",\"item\":\"https:\/\/ruishengglassco.com\/\"},{\"@type\":\"ListItem\",\"position\":2,\"name\":\"Products\",\"item\":\"https:\/\/ruishengglassco.com\/products\"},{\"@type\":\"ListItem\",\"position\":3,\"name\":\"RS113: 750ml Empty Liquor Bottles Supplier\"}]},{\"@type\":\"WebSite\",\"@id\":\"https:\/\/ruishengglassco.com\/#website\",\"url\":\"https:\/\/ruishengglassco.com\/\",\"name\":\"Ruisheng Glass\",\"description\":\"\",\"publisher\":{\"@id\":\"https:\/\/ruishengglassco.com\/#organization\"},\"potentialAction\":[{\"@type\":\"SearchAction\",\"target\":{\"@type\":\"EntryPoint\",\"urlTemplate\":\"https:\/\/ruishengglassco.com\/?s={search_term_string}\"},\"query-input\":\"required name=search_term_string\"}],\"inLanguage\":\"es\"},{\"@type\":\"Organization\",\"@id\":\"https:\/\/ruishengglassco.com\/#organization\",\"name\":\"Shandong Yuncheng Ruisheng Glass Co., Ltd\",\"url\":\"https:\/\/ruishengglassco.com\/\",\"logo\":{\"@type\":\"ImageObject\",\"inLanguage\":\"es\",\"@id\":\"https:\/\/ruishengglassco.com\/#\/schema\/logo\/image\/\",\"url\":\"https:\/\/ruishengglassco.com\/wp-content\/uploads\/2023\/09\/ruisheng_logo_icon.webp\",\"contentUrl\":\"https:\/\/ruishengglassco.com\/wp-content\/uploads\/2023\/09\/ruisheng_logo_icon.webp\",\"width\":400,\"height\":233,\"caption\":\"Shandong Yuncheng Ruisheng Glass Co., Ltd\"},\"image\":{\"@id\":\"https:\/\/ruishengglassco.com\/#\/schema\/logo\/image\/\"},\"sameAs\":[\"https:\/\/www.facebook.com\/ruishengglassbottles\",\"https:\/\/www.instagram.com\/Ruishengglassbottlewholesales\/\",\"https:\/\/www.youtube.com\/channel\/UCMmbMNGwsL-XrtjfSFLCdVQ\"]}]}<\/script>\n<!-- \/ Yoast SEO plugin. -->","yoast_head_json":{"title":"750ml Empty Liquor Bottles Supplier | Cheap Glass Bottles Bulk","description":"Buy 750ml Empty Liquor Bottles Wholesale From China Glass Bottle Manufacturer. Factory Outlet&Cheap Glass Bottles Bulk Price.","robots":{"index":"index","follow":"follow","max-snippet":"max-snippet:-1","max-image-preview":"max-image-preview:large","max-video-preview":"max-video-preview:-1"},"canonical":"https:\/\/ruishengglassco.com\/es\/producto\/rs113-proveedor-de-botellas-de-licor-vacias-de-750-ml","og_locale":"es_ES","og_type":"article","og_title":"750ml Empty Liquor Bottles Supplier | Cheap Glass Bottles Bulk","og_description":"Buy 750ml Empty Liquor Bottles Wholesale From China Glass Bottle Manufacturer. Factory Outlet&Cheap Glass Bottles Bulk Price.","og_url":"https:\/\/ruishengglassco.com\/es\/producto\/rs113-proveedor-de-botellas-de-licor-vacias-de-750-ml","article_publisher":"https:\/\/www.facebook.com\/ruishengglassbottles","article_modified_time":"2025-09-12T01:37:59+00:00","og_image":[{"width":800,"height":800,"url":"https:\/\/ruishengglassco.com\/wp-content\/uploads\/2025\/03\/RS113-750ml-Empty-Liquor-Bottles-Wholesale.webp","type":"image\/webp"}],"twitter_card":"summary_large_image","twitter_misc":{"Tiempo de lectura":"2 minutos"},"schema":{"@context":"https:\/\/schema.org","@graph":[{"@type":"WebPage","@id":"https:\/\/ruishengglassco.com\/product\/rs113-750ml-empty-liquor-bottles-supplier","url":"https:\/\/ruishengglassco.com\/product\/rs113-750ml-empty-liquor-bottles-supplier","name":"750ml Empty Liquor Bottles Supplier | Cheap Glass Bottles Bulk","isPartOf":{"@id":"https:\/\/ruishengglassco.com\/#website"},"datePublished":"2025-03-14T16:08:40+00:00","dateModified":"2025-09-12T01:37:59+00:00","description":"Buy 750ml Empty Liquor Bottles Wholesale From China Glass Bottle Manufacturer. Factory Outlet&Cheap Glass Bottles Bulk Price.","breadcrumb":{"@id":"https:\/\/ruishengglassco.com\/product\/rs113-750ml-empty-liquor-bottles-supplier#breadcrumb"},"inLanguage":"es","potentialAction":[{"@type":"ReadAction","target":["https:\/\/ruishengglassco.com\/product\/rs113-750ml-empty-liquor-bottles-supplier"]}]},{"@type":"BreadcrumbList","@id":"https:\/\/ruishengglassco.com\/product\/rs113-750ml-empty-liquor-bottles-supplier#breadcrumb","itemListElement":[{"@type":"ListItem","position":1,"name":"Home","item":"https:\/\/ruishengglassco.com\/"},{"@type":"ListItem","position":2,"name":"Products","item":"https:\/\/ruishengglassco.com\/products"},{"@type":"ListItem","position":3,"name":"RS113: 750ml Empty Liquor Bottles Supplier"}]},{"@type":"WebSite","@id":"https:\/\/ruishengglassco.com\/#website","url":"https:\/\/ruishengglassco.com\/","name":"Ruisheng Glass","description":"","publisher":{"@id":"https:\/\/ruishengglassco.com\/#organization"},"potentialAction":[{"@type":"SearchAction","target":{"@type":"EntryPoint","urlTemplate":"https:\/\/ruishengglassco.com\/?s={search_term_string}"},"query-input":"required name=search_term_string"}],"inLanguage":"es"},{"@type":"Organization","@id":"https:\/\/ruishengglassco.com\/#organization","name":"Shandong Yuncheng Ruisheng Glass Co., Ltd","url":"https:\/\/ruishengglassco.com\/","logo":{"@type":"ImageObject","inLanguage":"es","@id":"https:\/\/ruishengglassco.com\/#\/schema\/logo\/image\/","url":"https:\/\/ruishengglassco.com\/wp-content\/uploads\/2023\/09\/ruisheng_logo_icon.webp","contentUrl":"https:\/\/ruishengglassco.com\/wp-content\/uploads\/2023\/09\/ruisheng_logo_icon.webp","width":400,"height":233,"caption":"Shandong Yuncheng Ruisheng Glass Co., Ltd"},"image":{"@id":"https:\/\/ruishengglassco.com\/#\/schema\/logo\/image\/"},"sameAs":["https:\/\/www.facebook.com\/ruishengglassbottles","https:\/\/www.instagram.com\/Ruishengglassbottlewholesales\/","https:\/\/www.youtube.com\/channel\/UCMmbMNGwsL-XrtjfSFLCdVQ"]}]}},"_links":{"self":[{"href":"https:\/\/ruishengglassco.com\/es\/wp-json\/wp\/v2\/product\/4165","targetHints":{"allow":["GET"]}}],"collection":[{"href":"https:\/\/ruishengglassco.com\/es\/wp-json\/wp\/v2\/product"}],"about":[{"href":"https:\/\/ruishengglassco.com\/es\/wp-json\/wp\/v2\/types\/product"}],"replies":[{"embeddable":true,"href":"https:\/\/ruishengglassco.com\/es\/wp-json\/wp\/v2\/comments?post=4165"}],"wp:featuredmedia":[{"embeddable":true,"href":"https:\/\/ruishengglassco.com\/es\/wp-json\/wp\/v2\/media\/4166"}],"wp:attachment":[{"href":"https:\/\/ruishengglassco.com\/es\/wp-json\/wp\/v2\/media?parent=4165"}],"wp:term":[{"taxonomy":"product_cat","embeddable":true,"href":"https:\/\/ruishengglassco.com\/es\/wp-json\/wp\/v2\/product_cat?post=4165"}],"curies":[{"name":"wp","href":"https:\/\/api.w.org\/{rel}","templated":true}]}}