{"id":4163,"date":"2025-03-15T00:05:40","date_gmt":"2025-03-14T16:05:40","guid":{"rendered":"https:\/\/ruishengglassco.com\/?post_type=product&#038;p=4163"},"modified":"2025-09-11T16:11:58","modified_gmt":"2025-09-11T08:11:58","slug":"rs114-375ml-botellas-de-vidrio-de-cuello-largo-con-tapon-t","status":"publish","type":"product","link":"https:\/\/ruishengglassco.com\/es\/producto\/rs114-375ml-botellas-de-vidrio-de-cuello-largo-con-tapon-t","title":{"rendered":"RS114: Botellas de vidrio de cuello largo de 375 ml con tap\u00f3n en T"},"content":{"rendered":"<p><span data-preserver-spaces=\"true\">El fabricante de botellas de licor de vidrio de 375ml, Shandong Yuncheng Ruisheng Glass Co., Ltd., es una de las mayores f\u00e1bricas de botellas de vidrio de alto pedernal en China. Y nuestra empresa es una empresa de industria y comercio. Vendemos las botellas de vidrio a Europa, EE.UU., Australia, Am\u00e9rica y otros pa\u00edses y regiones.<\/span><\/p>\n<p><span data-preserver-spaces=\"true\">Esta botella de licor de vidrio de 375 ml tiene forma cil\u00edndrica y<\/span> <span data-preserver-spaces=\"true\">es muy f\u00e1cil de transportar. <\/span><span data-preserver-spaces=\"true\">Estas botellas de vidrio pueden utilizarse<\/span><span data-preserver-spaces=\"true\"> para botellas de vodka, ginebra, whisky y otros l\u00edquidos. Nuestro tipo de cierre para estas botellas es el corcho de madera. Podemos producir tapones de corcho de cualquier tama\u00f1o y con diferentes materiales.<\/span><\/p>\n<h2><span data-preserver-spaces=\"true\">Los detalles de las botellas de licor de vidrio de 375 ml<\/span><\/h2>\n<p><span data-preserver-spaces=\"true\">El di\u00e1metro de la botella de licor de vidrio de 375 ml es de 59 mm \u00b1 1,5 mm, y su altura es de 343,8 mm \u00b1 2 mm. El peso del vidrio de estas botellas es de 580 g.  El acabado del cuello de esta botella de licor de vidrio de 375 ml es T- a<\/span> <span data-preserver-spaces=\"true\">acabado de corcho.<\/span><\/p>\n<p><span data-preserver-spaces=\"true\">El principal material utilizado para estas botellas de vidrio es el vidrio de alto pedernal. Este material es de primera calidad, lo que hace que las botellas de vidrio sean muy claras y duraderas.<\/span><\/p>\n<p><span data-preserver-spaces=\"true\">Sobre la<\/span><span data-preserver-spaces=\"true\"> embalaje <\/span><span data-preserver-spaces=\"true\">camino<\/span><span data-preserver-spaces=\"true\">diferentes cantidades <\/span><span data-preserver-spaces=\"true\">con<\/span><span data-preserver-spaces=\"true\"> diferentes embalajes <\/span><span data-preserver-spaces=\"true\">v\u00edas<\/span><span data-preserver-spaces=\"true\">.<\/span><span data-preserver-spaces=\"true\"> Si su pedido es peque\u00f1o, podemos utilizar el cart\u00f3n est\u00e1ndar para embalar las botellas de vidrio. <\/span><span data-preserver-spaces=\"true\">Existen <\/span><span data-preserver-spaces=\"true\">acerca de<\/span><span data-preserver-spaces=\"true\"> 20 <\/span><span data-preserver-spaces=\"true\">piezas<\/span><span data-preserver-spaces=\"true\"> por caja o 24 <\/span><span data-preserver-spaces=\"true\">piezas<\/span><span data-preserver-spaces=\"true\"> por caja.<\/span><span data-preserver-spaces=\"true\"> Sin embargo, si desea crear una caja de color personalizada para el embalaje, tambi\u00e9n podemos ofrec\u00e9rsela. Si su pedido es muy grande, podemos utilizar el pal\u00e9 sin fumigaci\u00f3n para embalarlo. Si su pedido no es ni muy grande ni muy peque\u00f1o, podemos embalar las botellas de vidrio en una caja de cart\u00f3n y un pal\u00e9.<\/span><\/p>\n<p><span data-preserver-spaces=\"true\">Y, por supuesto, si <\/span><span data-preserver-spaces=\"true\">desea<\/span><span data-preserver-spaces=\"true\"> el envasado de botellas de vidrio con sus especificaciones, tambi\u00e9n podemos <\/span><span data-preserver-spaces=\"true\">hazlo por ti<\/span><span data-preserver-spaces=\"true\">.<\/span><\/p>\n<p><span data-preserver-spaces=\"true\">Como principal fabricante de botellas de licor de vidrio, contamos con un equipo de dise\u00f1o profesional en nuestra f\u00e1brica, y podemos ofrecer pedidos OEM y ODM. <\/span><span data-preserver-spaces=\"true\">Puede <\/span><span data-preserver-spaces=\"true\">s\u00f3lo<\/span><span data-preserver-spaces=\"true\"> dinos <\/span><span data-preserver-spaces=\"true\">que<\/span><span data-preserver-spaces=\"true\"> que desee o env\u00edenos una foto, y<\/span> <span data-preserver-spaces=\"true\">entonces dise\u00f1aremos y <\/span><span data-preserver-spaces=\"true\">escriba a<\/span><span data-preserver-spaces=\"true\"> las botellas de vidrio.<\/span><\/p>","protected":false},"excerpt":{"rendered":"<table class=\"tg\">\n<tbody>\n<tr>\n<th class=\"tg-24i8\" colspan=\"2\">Botellas de vidrio de cuello largo de 375 ml con tap\u00f3n en T<\/th>\n<\/tr>\n<tr>\n<td class=\"tg-b7b8\">Referencia:<\/td>\n<td class=\"tg-b7b8\">RS114<\/td>\n<\/tr>\n<tr>\n<td class=\"tg-yw4l\">Material principal:<\/td>\n<td class=\"tg-yw4l\">Vidrio de alto s\u00edlex ( este material tambi\u00e9n se denomina vidrio blanco cristalino )<\/td>\n<\/tr>\n<tr>\n<td class=\"tg-b7b8\">Cap:<\/td>\n<td class=\"tg-b7b8\">Corcho<\/td>\n<\/tr>\n<tr>\n<td class=\"tg-yw4l\">Capacidad:<\/td>\n<td class=\"tg-yw4l\">375 ml<\/td>\n<\/tr>\n<tr>\n<td class=\"tg-b7b8\">Caracter\u00edstica:<\/td>\n<td class=\"tg-b7b8\">Ecol\u00f3gico<\/td>\n<\/tr>\n<tr>\n<td class=\"tg-yw4l\">MOQ:<\/td>\n<td class=\"tg-yw4l\">10000 UNIDADES<\/td>\n<\/tr>\n<tr>\n<td class=\"tg-b7b8\">Manera de embalar:<\/td>\n<td class=\"tg-b7b8\">Cart\u00f3n est\u00e1ndar para exportaci\u00f3n \/ Pal\u00e9 \/ cart\u00f3n est\u00e1ndar para exportaci\u00f3n y pal\u00e9<\/td>\n<\/tr>\n<tr>\n<td class=\"tg-yw4l\">OEM\/ODM:<\/td>\n<td class=\"tg-yw4l\">Bienvenido<\/td>\n<\/tr>\n<tr>\n<td class=\"tg-b7b8\">Origen del lugar:<\/td>\n<td class=\"tg-b7b8\">Shandong,China<\/td>\n<\/tr>\n<tr>\n<td class=\"tg-yw4l\">Piezas\/Ctn:<\/td>\n<td class=\"tg-yw4l\">24 unidades o seg\u00fan las necesidades del cliente<\/td>\n<\/tr>\n<\/tbody>\n<\/table>","protected":false},"featured_media":4164,"comment_status":"closed","ping_status":"closed","template":"","meta":[],"product_cat":[15,55],"class_list":{"0":"post-4163","1":"product","2":"type-product","3":"status-publish","4":"has-post-thumbnail","6":"product_cat-glass-liquor-spirit-bottles","7":"product_cat-375ml-liquor-bottle-manufacturer","9":"first","10":"instock","11":"shipping-taxable","12":"product-type-simple"},"yoast_head":"<!-- This site is optimized with the Yoast SEO plugin v22.0 - https:\/\/yoast.com\/wordpress\/plugins\/seo\/ -->\n<title>Glass Liquor Bottles Manufacturer | Wholesale Long Neck Glass Bottles<\/title>\n<meta name=\"description\" content=\"Ruisheng, a professional glass liquor bottles manufacturer in China, wholesale long neck glass bottles with T-corks in factory outlet price.\" \/>\n<meta name=\"robots\" content=\"index, follow, max-snippet:-1, max-image-preview:large, max-video-preview:-1\" \/>\n<link rel=\"canonical\" href=\"https:\/\/ruishengglassco.com\/es\/producto\/rs114-375ml-botellas-de-vidrio-de-cuello-largo-con-tapon-t\" \/>\n<meta property=\"og:locale\" content=\"es_ES\" \/>\n<meta property=\"og:type\" content=\"article\" \/>\n<meta property=\"og:title\" content=\"Glass Liquor Bottles Manufacturer | Wholesale Long Neck Glass Bottles\" \/>\n<meta property=\"og:description\" content=\"Ruisheng, a professional glass liquor bottles manufacturer in China, wholesale long neck glass bottles with T-corks in factory outlet price.\" \/>\n<meta property=\"og:url\" content=\"https:\/\/ruishengglassco.com\/es\/producto\/rs114-375ml-botellas-de-vidrio-de-cuello-largo-con-tapon-t\" \/>\n<meta property=\"article:publisher\" content=\"https:\/\/www.facebook.com\/ruishengglassbottles\" \/>\n<meta property=\"article:modified_time\" content=\"2025-09-11T08:11:58+00:00\" \/>\n<meta property=\"og:image\" content=\"https:\/\/ruishengglassco.com\/wp-content\/uploads\/2025\/03\/RS114-375ml-Long-Neck-Glass-Bottles-With-T-cork.webp\" \/>\n\t<meta property=\"og:image:width\" content=\"400\" \/>\n\t<meta property=\"og:image:height\" content=\"400\" \/>\n\t<meta property=\"og:image:type\" content=\"image\/webp\" \/>\n<meta name=\"twitter:card\" content=\"summary_large_image\" \/>\n<meta name=\"twitter:label1\" content=\"Tiempo de lectura\" \/>\n\t<meta name=\"twitter:data1\" content=\"2 minutos\" \/>\n<script type=\"application\/ld+json\" class=\"yoast-schema-graph\">{\"@context\":\"https:\/\/schema.org\",\"@graph\":[{\"@type\":\"WebPage\",\"@id\":\"https:\/\/ruishengglassco.com\/product\/rs114-375ml-long-neck-glass-bottles-with-t-cork\",\"url\":\"https:\/\/ruishengglassco.com\/product\/rs114-375ml-long-neck-glass-bottles-with-t-cork\",\"name\":\"Glass Liquor Bottles Manufacturer | Wholesale Long Neck Glass Bottles\",\"isPartOf\":{\"@id\":\"https:\/\/ruishengglassco.com\/#website\"},\"datePublished\":\"2025-03-14T16:05:40+00:00\",\"dateModified\":\"2025-09-11T08:11:58+00:00\",\"description\":\"Ruisheng, a professional glass liquor bottles manufacturer in China, wholesale long neck glass bottles with T-corks in factory outlet price.\",\"breadcrumb\":{\"@id\":\"https:\/\/ruishengglassco.com\/product\/rs114-375ml-long-neck-glass-bottles-with-t-cork#breadcrumb\"},\"inLanguage\":\"es\",\"potentialAction\":[{\"@type\":\"ReadAction\",\"target\":[\"https:\/\/ruishengglassco.com\/product\/rs114-375ml-long-neck-glass-bottles-with-t-cork\"]}]},{\"@type\":\"BreadcrumbList\",\"@id\":\"https:\/\/ruishengglassco.com\/product\/rs114-375ml-long-neck-glass-bottles-with-t-cork#breadcrumb\",\"itemListElement\":[{\"@type\":\"ListItem\",\"position\":1,\"name\":\"Home\",\"item\":\"https:\/\/ruishengglassco.com\/\"},{\"@type\":\"ListItem\",\"position\":2,\"name\":\"Products\",\"item\":\"https:\/\/ruishengglassco.com\/products\"},{\"@type\":\"ListItem\",\"position\":3,\"name\":\"RS114: 375ml Long Neck Glass Bottles With T- cork\"}]},{\"@type\":\"WebSite\",\"@id\":\"https:\/\/ruishengglassco.com\/#website\",\"url\":\"https:\/\/ruishengglassco.com\/\",\"name\":\"Ruisheng Glass\",\"description\":\"\",\"publisher\":{\"@id\":\"https:\/\/ruishengglassco.com\/#organization\"},\"potentialAction\":[{\"@type\":\"SearchAction\",\"target\":{\"@type\":\"EntryPoint\",\"urlTemplate\":\"https:\/\/ruishengglassco.com\/?s={search_term_string}\"},\"query-input\":\"required name=search_term_string\"}],\"inLanguage\":\"es\"},{\"@type\":\"Organization\",\"@id\":\"https:\/\/ruishengglassco.com\/#organization\",\"name\":\"Shandong Yuncheng Ruisheng Glass Co., Ltd\",\"url\":\"https:\/\/ruishengglassco.com\/\",\"logo\":{\"@type\":\"ImageObject\",\"inLanguage\":\"es\",\"@id\":\"https:\/\/ruishengglassco.com\/#\/schema\/logo\/image\/\",\"url\":\"https:\/\/ruishengglassco.com\/wp-content\/uploads\/2023\/09\/ruisheng_logo_icon.webp\",\"contentUrl\":\"https:\/\/ruishengglassco.com\/wp-content\/uploads\/2023\/09\/ruisheng_logo_icon.webp\",\"width\":400,\"height\":233,\"caption\":\"Shandong Yuncheng Ruisheng Glass Co., Ltd\"},\"image\":{\"@id\":\"https:\/\/ruishengglassco.com\/#\/schema\/logo\/image\/\"},\"sameAs\":[\"https:\/\/www.facebook.com\/ruishengglassbottles\",\"https:\/\/www.instagram.com\/Ruishengglassbottlewholesales\/\",\"https:\/\/www.youtube.com\/channel\/UCMmbMNGwsL-XrtjfSFLCdVQ\"]}]}<\/script>\n<!-- \/ Yoast SEO plugin. -->","yoast_head_json":{"title":"Glass Liquor Bottles Manufacturer | Wholesale Long Neck Glass Bottles","description":"Ruisheng, a professional glass liquor bottles manufacturer in China, wholesale long neck glass bottles with T-corks in factory outlet price.","robots":{"index":"index","follow":"follow","max-snippet":"max-snippet:-1","max-image-preview":"max-image-preview:large","max-video-preview":"max-video-preview:-1"},"canonical":"https:\/\/ruishengglassco.com\/es\/producto\/rs114-375ml-botellas-de-vidrio-de-cuello-largo-con-tapon-t","og_locale":"es_ES","og_type":"article","og_title":"Glass Liquor Bottles Manufacturer | Wholesale Long Neck Glass Bottles","og_description":"Ruisheng, a professional glass liquor bottles manufacturer in China, wholesale long neck glass bottles with T-corks in factory outlet price.","og_url":"https:\/\/ruishengglassco.com\/es\/producto\/rs114-375ml-botellas-de-vidrio-de-cuello-largo-con-tapon-t","article_publisher":"https:\/\/www.facebook.com\/ruishengglassbottles","article_modified_time":"2025-09-11T08:11:58+00:00","og_image":[{"width":400,"height":400,"url":"https:\/\/ruishengglassco.com\/wp-content\/uploads\/2025\/03\/RS114-375ml-Long-Neck-Glass-Bottles-With-T-cork.webp","type":"image\/webp"}],"twitter_card":"summary_large_image","twitter_misc":{"Tiempo de lectura":"2 minutos"},"schema":{"@context":"https:\/\/schema.org","@graph":[{"@type":"WebPage","@id":"https:\/\/ruishengglassco.com\/product\/rs114-375ml-long-neck-glass-bottles-with-t-cork","url":"https:\/\/ruishengglassco.com\/product\/rs114-375ml-long-neck-glass-bottles-with-t-cork","name":"Glass Liquor Bottles Manufacturer | Wholesale Long Neck Glass Bottles","isPartOf":{"@id":"https:\/\/ruishengglassco.com\/#website"},"datePublished":"2025-03-14T16:05:40+00:00","dateModified":"2025-09-11T08:11:58+00:00","description":"Ruisheng, a professional glass liquor bottles manufacturer in China, wholesale long neck glass bottles with T-corks in factory outlet price.","breadcrumb":{"@id":"https:\/\/ruishengglassco.com\/product\/rs114-375ml-long-neck-glass-bottles-with-t-cork#breadcrumb"},"inLanguage":"es","potentialAction":[{"@type":"ReadAction","target":["https:\/\/ruishengglassco.com\/product\/rs114-375ml-long-neck-glass-bottles-with-t-cork"]}]},{"@type":"BreadcrumbList","@id":"https:\/\/ruishengglassco.com\/product\/rs114-375ml-long-neck-glass-bottles-with-t-cork#breadcrumb","itemListElement":[{"@type":"ListItem","position":1,"name":"Home","item":"https:\/\/ruishengglassco.com\/"},{"@type":"ListItem","position":2,"name":"Products","item":"https:\/\/ruishengglassco.com\/products"},{"@type":"ListItem","position":3,"name":"RS114: 375ml Long Neck Glass Bottles With T- cork"}]},{"@type":"WebSite","@id":"https:\/\/ruishengglassco.com\/#website","url":"https:\/\/ruishengglassco.com\/","name":"Ruisheng Glass","description":"","publisher":{"@id":"https:\/\/ruishengglassco.com\/#organization"},"potentialAction":[{"@type":"SearchAction","target":{"@type":"EntryPoint","urlTemplate":"https:\/\/ruishengglassco.com\/?s={search_term_string}"},"query-input":"required name=search_term_string"}],"inLanguage":"es"},{"@type":"Organization","@id":"https:\/\/ruishengglassco.com\/#organization","name":"Shandong Yuncheng Ruisheng Glass Co., Ltd","url":"https:\/\/ruishengglassco.com\/","logo":{"@type":"ImageObject","inLanguage":"es","@id":"https:\/\/ruishengglassco.com\/#\/schema\/logo\/image\/","url":"https:\/\/ruishengglassco.com\/wp-content\/uploads\/2023\/09\/ruisheng_logo_icon.webp","contentUrl":"https:\/\/ruishengglassco.com\/wp-content\/uploads\/2023\/09\/ruisheng_logo_icon.webp","width":400,"height":233,"caption":"Shandong Yuncheng Ruisheng Glass Co., Ltd"},"image":{"@id":"https:\/\/ruishengglassco.com\/#\/schema\/logo\/image\/"},"sameAs":["https:\/\/www.facebook.com\/ruishengglassbottles","https:\/\/www.instagram.com\/Ruishengglassbottlewholesales\/","https:\/\/www.youtube.com\/channel\/UCMmbMNGwsL-XrtjfSFLCdVQ"]}]}},"_links":{"self":[{"href":"https:\/\/ruishengglassco.com\/es\/wp-json\/wp\/v2\/product\/4163","targetHints":{"allow":["GET"]}}],"collection":[{"href":"https:\/\/ruishengglassco.com\/es\/wp-json\/wp\/v2\/product"}],"about":[{"href":"https:\/\/ruishengglassco.com\/es\/wp-json\/wp\/v2\/types\/product"}],"replies":[{"embeddable":true,"href":"https:\/\/ruishengglassco.com\/es\/wp-json\/wp\/v2\/comments?post=4163"}],"wp:featuredmedia":[{"embeddable":true,"href":"https:\/\/ruishengglassco.com\/es\/wp-json\/wp\/v2\/media\/4164"}],"wp:attachment":[{"href":"https:\/\/ruishengglassco.com\/es\/wp-json\/wp\/v2\/media?parent=4163"}],"wp:term":[{"taxonomy":"product_cat","embeddable":true,"href":"https:\/\/ruishengglassco.com\/es\/wp-json\/wp\/v2\/product_cat?post=4163"}],"curies":[{"name":"wp","href":"https:\/\/api.w.org\/{rel}","templated":true}]}}