{"id":4161,"date":"2025-03-15T00:03:49","date_gmt":"2025-03-14T16:03:49","guid":{"rendered":"https:\/\/ruishengglassco.com\/?post_type=product&#038;p=4161"},"modified":"2025-07-16T15:06:09","modified_gmt":"2025-07-16T07:06:09","slug":"rs115-botellas-de-vidrio-cuadradas-personalizadas-de-750-ml-fabricantes","status":"publish","type":"product","link":"https:\/\/ruishengglassco.com\/es\/producto\/rs115-botellas-de-vidrio-cuadradas-personalizadas-de-750-ml-fabricantes","title":{"rendered":"RS115: Custom 750ml botellas cuadradas de vidrio Fabricantes"},"content":{"rendered":"<h2>Botellas de vidrio cuadradas de 750 ml a medida Fabricantes<\/h2>\n<p>Nuestra f\u00e1brica est\u00e1 situada en Shandong, China. Abarca una gran superficie, por lo que contamos con m\u00e1s de 500 trabajadores. Nuestra empresa utiliza equipos avanzados para garantizar la calidad de nuestras botellas de licor personalizadas.<\/p>\n<p>La botella de licor personalizada es uno de los proyectos de alta calidad de nuestra empresa. Nuestros principales productos son botellas de vidrio de primera calidad, incluyendo botellas de vodka, botellas de brandy, botellas de whisky, botellas de licor, botellas de mermelada, y m\u00e1s. Tambi\u00e9n podemos ofrecer botellas de vidrio \u00e1mbar, botellas verdes y botellas de agua.<\/p>\n<p>Nuestra empresa da prioridad a la calidad. Seguimos normas estrictas a la hora de vender al por mayor botellas de licor cuadradas de 750 ml. Garantizamos una botella de vidrio para vino perfecta.<\/p>\n<p>Nuestra botella de licor personalizada se vende bien en el pa\u00eds y en el extranjero. Esperamos sinceramente cooperar con usted. Adem\u00e1s, ofrecemos un servicio postventa de primera clase, y resolveremos cualquier problema relacionado con la carga que pueda tener.<\/p>\n<h4>Detalles sobre la botella de vidrio de 750 ml personalizada al por mayor<\/h4>\n<ul>\n<li>Material principal: vidrio de alto s\u00edlex<\/li>\n<li>Tap\u00f3n: tap\u00f3n de rosca<\/li>\n<li>Referencia: RS115<\/li>\n<li>MOQ: 10000 PCS<\/li>\n<li>Capacidad: 750 ml<\/li>\n<li>Pzs\/Ctn: 24pzs<\/li>\n<li>Origen del lugar: Shandong, China<\/li>\n<li>Caracter\u00edstica: Ecol\u00f3gico<\/li>\n<\/ul>\n<p>Si no le gusta esta botella de licor cuadrada de 750 ml, puede explorar nuestros otros productos, que le ofrecen una amplia gama de opciones para elegir.<\/p>\n<p>Nuestra empresa asiste a menudo a exposiciones en el pa\u00eds y en el extranjero, por lo que nuestro mercado es amplio. Ser\u00e1 un placer poner nuestra amplia experiencia a su servicio. Invitamos cordialmente a clientes de todo el mundo a visitar nuestra f\u00e1brica y cooperar con nosotros.<\/p>\n<p>Espero que le gusten nuestras botellas de vidrio; tambi\u00e9n aceptamos botellas de vidrio personalizadas.<\/p>\n<p>Si est\u00e1 interesado en nuestra botella de licor cuadrada de 750 ml hecha a medida, p\u00f3ngase en contacto con nosotros. Le responderemos en un plazo de 24 horas.<\/p>","protected":false},"excerpt":{"rendered":"<table class=\"tg\">\n<tbody>\n<tr>\n<th class=\"tg-24i8\" colspan=\"2\">Botellas a medida Botella de licor cuadrada de 750 ml<\/th>\n<\/tr>\n<tr>\n<td class=\"tg-b7b8\">Referencia:<\/td>\n<td class=\"tg-b7b8\">RS115<\/td>\n<\/tr>\n<tr>\n<td class=\"tg-yw4l\">Material principal:<\/td>\n<td class=\"tg-yw4l\">Cristal alto de s\u00edlex<\/td>\n<\/tr>\n<tr>\n<td class=\"tg-b7b8\">Cap:<\/td>\n<td class=\"tg-b7b8\">Tapa roscada<\/td>\n<\/tr>\n<tr>\n<td class=\"tg-yw4l\">Capacidad:<\/td>\n<td class=\"tg-yw4l\">750 ml<\/td>\n<\/tr>\n<tr>\n<td class=\"tg-b7b8\">Caracter\u00edstica:<\/td>\n<td class=\"tg-b7b8\">Ecol\u00f3gico<\/td>\n<\/tr>\n<tr>\n<td class=\"tg-yw4l\">MOQ:<\/td>\n<td class=\"tg-yw4l\">10000 UNIDADES<\/td>\n<\/tr>\n<tr>\n<td class=\"tg-b7b8\">Forma de env\u00edo:<\/td>\n<td class=\"tg-b7b8\">Ship,Express<\/td>\n<\/tr>\n<tr>\n<td class=\"tg-yw4l\">OEM\/ODM:<\/td>\n<td class=\"tg-yw4l\">Bienvenido<\/td>\n<\/tr>\n<tr>\n<td class=\"tg-b7b8\">Origen del lugar:<\/td>\n<td class=\"tg-b7b8\">Shandong,China<\/td>\n<\/tr>\n<tr>\n<td class=\"tg-yw4l\">Piezas\/Ctn:<\/td>\n<td class=\"tg-yw4l\">24 o 20 unidades<\/td>\n<\/tr>\n<\/tbody>\n<\/table>","protected":false},"featured_media":4162,"comment_status":"closed","ping_status":"closed","template":"","meta":[],"product_cat":[40,45],"class_list":{"0":"post-4161","1":"product","2":"type-product","3":"status-publish","4":"has-post-thumbnail","6":"product_cat-750ml-liquor-bottle-manufacturer","7":"product_cat-custom-glass-bottle","9":"first","10":"instock","11":"shipping-taxable","12":"product-type-simple"},"yoast_head":"<!-- This site is optimized with the Yoast SEO plugin v22.0 - https:\/\/yoast.com\/wordpress\/plugins\/seo\/ -->\n<title>750ml Square Glass Bottles Manufacturers | Customized Liquor Bottle Company<\/title>\n<meta name=\"description\" content=\"Buy 750ml Square Glass Bottles Wholesale From China Liquor Bottle Company. Factory Outlet&amp;Customized Service Offered. Free Sample Here.\" \/>\n<meta name=\"robots\" content=\"index, follow, max-snippet:-1, max-image-preview:large, max-video-preview:-1\" \/>\n<link rel=\"canonical\" href=\"https:\/\/ruishengglassco.com\/es\/producto\/rs115-botellas-de-vidrio-cuadradas-personalizadas-de-750-ml-fabricantes\" \/>\n<meta property=\"og:locale\" content=\"es_ES\" \/>\n<meta property=\"og:type\" content=\"article\" \/>\n<meta property=\"og:title\" content=\"750ml Square Glass Bottles Manufacturers | Customized Liquor Bottle Company\" \/>\n<meta property=\"og:description\" content=\"Buy 750ml Square Glass Bottles Wholesale From China Liquor Bottle Company. Factory Outlet&amp;Customized Service Offered. Free Sample Here.\" \/>\n<meta property=\"og:url\" content=\"https:\/\/ruishengglassco.com\/es\/producto\/rs115-botellas-de-vidrio-cuadradas-personalizadas-de-750-ml-fabricantes\" \/>\n<meta property=\"article:publisher\" content=\"https:\/\/www.facebook.com\/ruishengglassbottles\" \/>\n<meta property=\"article:modified_time\" content=\"2025-07-16T07:06:09+00:00\" \/>\n<meta property=\"og:image\" content=\"https:\/\/ruishengglassco.com\/wp-content\/uploads\/2025\/03\/RS115-Custom-750ml-Square-Glass-Bottles-Wholesale.webp\" \/>\n\t<meta property=\"og:image:width\" content=\"800\" \/>\n\t<meta property=\"og:image:height\" content=\"800\" \/>\n\t<meta property=\"og:image:type\" content=\"image\/webp\" \/>\n<meta name=\"twitter:card\" content=\"summary_large_image\" \/>\n<meta name=\"twitter:label1\" content=\"Tiempo de lectura\" \/>\n\t<meta name=\"twitter:data1\" content=\"2 minutos\" \/>\n<script type=\"application\/ld+json\" class=\"yoast-schema-graph\">{\"@context\":\"https:\/\/schema.org\",\"@graph\":[{\"@type\":\"WebPage\",\"@id\":\"https:\/\/ruishengglassco.com\/product\/rs115-custom-750ml-square-glass-bottles-manufacturers\",\"url\":\"https:\/\/ruishengglassco.com\/product\/rs115-custom-750ml-square-glass-bottles-manufacturers\",\"name\":\"750ml Square Glass Bottles Manufacturers | Customized Liquor Bottle Company\",\"isPartOf\":{\"@id\":\"https:\/\/ruishengglassco.com\/#website\"},\"datePublished\":\"2025-03-14T16:03:49+00:00\",\"dateModified\":\"2025-07-16T07:06:09+00:00\",\"description\":\"Buy 750ml Square Glass Bottles Wholesale From China Liquor Bottle Company. Factory Outlet&Customized Service Offered. Free Sample Here.\",\"breadcrumb\":{\"@id\":\"https:\/\/ruishengglassco.com\/product\/rs115-custom-750ml-square-glass-bottles-manufacturers#breadcrumb\"},\"inLanguage\":\"es\",\"potentialAction\":[{\"@type\":\"ReadAction\",\"target\":[\"https:\/\/ruishengglassco.com\/product\/rs115-custom-750ml-square-glass-bottles-manufacturers\"]}]},{\"@type\":\"BreadcrumbList\",\"@id\":\"https:\/\/ruishengglassco.com\/product\/rs115-custom-750ml-square-glass-bottles-manufacturers#breadcrumb\",\"itemListElement\":[{\"@type\":\"ListItem\",\"position\":1,\"name\":\"Home\",\"item\":\"https:\/\/ruishengglassco.com\/\"},{\"@type\":\"ListItem\",\"position\":2,\"name\":\"Products\",\"item\":\"https:\/\/ruishengglassco.com\/products\"},{\"@type\":\"ListItem\",\"position\":3,\"name\":\"RS115: Custom 750ml Square Glass Bottles Manufacturers\"}]},{\"@type\":\"WebSite\",\"@id\":\"https:\/\/ruishengglassco.com\/#website\",\"url\":\"https:\/\/ruishengglassco.com\/\",\"name\":\"Ruisheng Glass\",\"description\":\"\",\"publisher\":{\"@id\":\"https:\/\/ruishengglassco.com\/#organization\"},\"potentialAction\":[{\"@type\":\"SearchAction\",\"target\":{\"@type\":\"EntryPoint\",\"urlTemplate\":\"https:\/\/ruishengglassco.com\/?s={search_term_string}\"},\"query-input\":\"required name=search_term_string\"}],\"inLanguage\":\"es\"},{\"@type\":\"Organization\",\"@id\":\"https:\/\/ruishengglassco.com\/#organization\",\"name\":\"Shandong Yuncheng Ruisheng Glass Co., Ltd\",\"url\":\"https:\/\/ruishengglassco.com\/\",\"logo\":{\"@type\":\"ImageObject\",\"inLanguage\":\"es\",\"@id\":\"https:\/\/ruishengglassco.com\/#\/schema\/logo\/image\/\",\"url\":\"https:\/\/ruishengglassco.com\/wp-content\/uploads\/2023\/09\/ruisheng_logo_icon.webp\",\"contentUrl\":\"https:\/\/ruishengglassco.com\/wp-content\/uploads\/2023\/09\/ruisheng_logo_icon.webp\",\"width\":400,\"height\":233,\"caption\":\"Shandong Yuncheng Ruisheng Glass Co., Ltd\"},\"image\":{\"@id\":\"https:\/\/ruishengglassco.com\/#\/schema\/logo\/image\/\"},\"sameAs\":[\"https:\/\/www.facebook.com\/ruishengglassbottles\",\"https:\/\/www.instagram.com\/Ruishengglassbottlewholesales\/\",\"https:\/\/www.youtube.com\/channel\/UCMmbMNGwsL-XrtjfSFLCdVQ\"]}]}<\/script>\n<!-- \/ Yoast SEO plugin. -->","yoast_head_json":{"title":"750ml Square Glass Bottles Manufacturers | Customized Liquor Bottle Company","description":"Buy 750ml Square Glass Bottles Wholesale From China Liquor Bottle Company. Factory Outlet&Customized Service Offered. Free Sample Here.","robots":{"index":"index","follow":"follow","max-snippet":"max-snippet:-1","max-image-preview":"max-image-preview:large","max-video-preview":"max-video-preview:-1"},"canonical":"https:\/\/ruishengglassco.com\/es\/producto\/rs115-botellas-de-vidrio-cuadradas-personalizadas-de-750-ml-fabricantes","og_locale":"es_ES","og_type":"article","og_title":"750ml Square Glass Bottles Manufacturers | Customized Liquor Bottle Company","og_description":"Buy 750ml Square Glass Bottles Wholesale From China Liquor Bottle Company. Factory Outlet&Customized Service Offered. Free Sample Here.","og_url":"https:\/\/ruishengglassco.com\/es\/producto\/rs115-botellas-de-vidrio-cuadradas-personalizadas-de-750-ml-fabricantes","article_publisher":"https:\/\/www.facebook.com\/ruishengglassbottles","article_modified_time":"2025-07-16T07:06:09+00:00","og_image":[{"width":800,"height":800,"url":"https:\/\/ruishengglassco.com\/wp-content\/uploads\/2025\/03\/RS115-Custom-750ml-Square-Glass-Bottles-Wholesale.webp","type":"image\/webp"}],"twitter_card":"summary_large_image","twitter_misc":{"Tiempo de lectura":"2 minutos"},"schema":{"@context":"https:\/\/schema.org","@graph":[{"@type":"WebPage","@id":"https:\/\/ruishengglassco.com\/product\/rs115-custom-750ml-square-glass-bottles-manufacturers","url":"https:\/\/ruishengglassco.com\/product\/rs115-custom-750ml-square-glass-bottles-manufacturers","name":"750ml Square Glass Bottles Manufacturers | Customized Liquor Bottle Company","isPartOf":{"@id":"https:\/\/ruishengglassco.com\/#website"},"datePublished":"2025-03-14T16:03:49+00:00","dateModified":"2025-07-16T07:06:09+00:00","description":"Buy 750ml Square Glass Bottles Wholesale From China Liquor Bottle Company. Factory Outlet&Customized Service Offered. Free Sample Here.","breadcrumb":{"@id":"https:\/\/ruishengglassco.com\/product\/rs115-custom-750ml-square-glass-bottles-manufacturers#breadcrumb"},"inLanguage":"es","potentialAction":[{"@type":"ReadAction","target":["https:\/\/ruishengglassco.com\/product\/rs115-custom-750ml-square-glass-bottles-manufacturers"]}]},{"@type":"BreadcrumbList","@id":"https:\/\/ruishengglassco.com\/product\/rs115-custom-750ml-square-glass-bottles-manufacturers#breadcrumb","itemListElement":[{"@type":"ListItem","position":1,"name":"Home","item":"https:\/\/ruishengglassco.com\/"},{"@type":"ListItem","position":2,"name":"Products","item":"https:\/\/ruishengglassco.com\/products"},{"@type":"ListItem","position":3,"name":"RS115: Custom 750ml Square Glass Bottles Manufacturers"}]},{"@type":"WebSite","@id":"https:\/\/ruishengglassco.com\/#website","url":"https:\/\/ruishengglassco.com\/","name":"Ruisheng Glass","description":"","publisher":{"@id":"https:\/\/ruishengglassco.com\/#organization"},"potentialAction":[{"@type":"SearchAction","target":{"@type":"EntryPoint","urlTemplate":"https:\/\/ruishengglassco.com\/?s={search_term_string}"},"query-input":"required name=search_term_string"}],"inLanguage":"es"},{"@type":"Organization","@id":"https:\/\/ruishengglassco.com\/#organization","name":"Shandong Yuncheng Ruisheng Glass Co., Ltd","url":"https:\/\/ruishengglassco.com\/","logo":{"@type":"ImageObject","inLanguage":"es","@id":"https:\/\/ruishengglassco.com\/#\/schema\/logo\/image\/","url":"https:\/\/ruishengglassco.com\/wp-content\/uploads\/2023\/09\/ruisheng_logo_icon.webp","contentUrl":"https:\/\/ruishengglassco.com\/wp-content\/uploads\/2023\/09\/ruisheng_logo_icon.webp","width":400,"height":233,"caption":"Shandong Yuncheng Ruisheng Glass Co., Ltd"},"image":{"@id":"https:\/\/ruishengglassco.com\/#\/schema\/logo\/image\/"},"sameAs":["https:\/\/www.facebook.com\/ruishengglassbottles","https:\/\/www.instagram.com\/Ruishengglassbottlewholesales\/","https:\/\/www.youtube.com\/channel\/UCMmbMNGwsL-XrtjfSFLCdVQ"]}]}},"_links":{"self":[{"href":"https:\/\/ruishengglassco.com\/es\/wp-json\/wp\/v2\/product\/4161","targetHints":{"allow":["GET"]}}],"collection":[{"href":"https:\/\/ruishengglassco.com\/es\/wp-json\/wp\/v2\/product"}],"about":[{"href":"https:\/\/ruishengglassco.com\/es\/wp-json\/wp\/v2\/types\/product"}],"replies":[{"embeddable":true,"href":"https:\/\/ruishengglassco.com\/es\/wp-json\/wp\/v2\/comments?post=4161"}],"wp:featuredmedia":[{"embeddable":true,"href":"https:\/\/ruishengglassco.com\/es\/wp-json\/wp\/v2\/media\/4162"}],"wp:attachment":[{"href":"https:\/\/ruishengglassco.com\/es\/wp-json\/wp\/v2\/media?parent=4161"}],"wp:term":[{"taxonomy":"product_cat","embeddable":true,"href":"https:\/\/ruishengglassco.com\/es\/wp-json\/wp\/v2\/product_cat?post=4161"}],"curies":[{"name":"wp","href":"https:\/\/api.w.org\/{rel}","templated":true}]}}