{"id":4159,"date":"2025-03-15T00:01:07","date_gmt":"2025-03-14T16:01:07","guid":{"rendered":"https:\/\/ruishengglassco.com\/?post_type=product&#038;p=4159"},"modified":"2025-07-16T15:04:30","modified_gmt":"2025-07-16T07:04:30","slug":"rs120clear-botellas-de-vidrio-de-750-ml-con-tapon-de-rosca-al-por-mayor","status":"publish","type":"product","link":"https:\/\/ruishengglassco.com\/es\/producto\/rs120clear-botellas-de-vidrio-de-750-ml-con-tapon-de-rosca-al-por-mayor","title":{"rendered":"RS120:Botellas de vidrio transparente de 750 ml con tap\u00f3n de rosca F\u00e1brica"},"content":{"rendered":"<p><span data-preserver-spaces=\"true\">Las botellas de vidrio transparente de 750 ml con tap\u00f3n de rosca <\/span><span data-preserver-spaces=\"true\">se fabrican<\/span><span data-preserver-spaces=\"true\"> de Shandong Yuncheng Ruisheng Glass Co., Ltd. Nuestra empresa es uno de los mayores fabricantes de superpedernal<\/span><a class=\"editor-rtfLink\" href=\"https:\/\/ruishengglassco.com\/es\/about-us\/\" target=\"_blank\" rel=\"noopener\"><span data-preserver-spaces=\"true\"> botellas de vidrio para licores<\/span><\/a><span data-preserver-spaces=\"true\"> en China. Nuestra empresa cuenta con m\u00e1s de 500 empleados y un equipo de ingenieros cualificados. Con nuestra rica experiencia, hemos establecido una buena reputaci\u00f3n en todo el mundo.<\/span><\/p>\n<p><span data-preserver-spaces=\"true\">La botella de 750 ml para bebidas espirituosas al por mayor incluye corchos y <\/span><span data-preserver-spaces=\"true\">se elabora<\/span><span data-preserver-spaces=\"true\"> de vidrio de alto pedernal. Este vidrio es <\/span><span data-preserver-spaces=\"true\">borrar<\/span><span data-preserver-spaces=\"true\">, duradero y suave. Es ideal para envasar licores, vodka, brandy, whisky y otras bebidas espirituosas.<\/span><\/p>\n<p><span data-preserver-spaces=\"true\">Ruisheng es un fabricante l\u00edder de botellas de bebidas espirituosas con tap\u00f3n de corcho al por mayor. Nos especializamos en botellas de vidrio de alta calidad, incluidas las de vodka, brandy, whisky, licor y mermelada. Tambi\u00e9n ofrecemos una gran variedad de colores de botellas de bebidas espirituosas al por mayor. <\/span><span data-preserver-spaces=\"true\">Este<\/span><span data-preserver-spaces=\"true\"> incluye botellas de vidrio \u00e1mbar, verde, blanco y transparente. Nuestros principales mercados son el Reino Unido, Estados Unidos, Australia, Canad\u00e1 y el Reino Unido. <\/span><span data-preserver-spaces=\"true\">otros<\/span><span data-preserver-spaces=\"true\">. Todos los productos gozan de una gran reputaci\u00f3n por su innovaci\u00f3n y funcionalidad.<\/span><\/p>\n<p><span data-preserver-spaces=\"true\">\u00bfY c\u00f3mo elegir las botellas de vidrio para e-l\u00edquido? Por favor, seleccione la correcta botella de vidrio transparente para el licor. La primera es la calidad de las botellas de l\u00edquido. De alta calidad<\/span><a class=\"editor-rtfLink\" href=\"https:\/\/ruishengglassco.com\/es\/our-products\/\" target=\"_blank\" rel=\"noopener\"><span data-preserver-spaces=\"true\"> botellas de vidrio<\/span><\/a><span data-preserver-spaces=\"true\"> puede garantizar la calidad del licor y aumentar su valor.\u00a0<\/span><span data-preserver-spaces=\"true\">Adem\u00e1s, los clientes tambi\u00e9n deben prestar atenci\u00f3n a la calidad de los productos de licor, <\/span><span data-preserver-spaces=\"true\">licor<\/span><span data-preserver-spaces=\"true\"> sabor y propaganda cultural <\/span><span data-preserver-spaces=\"true\">para seleccionar<\/span><span data-preserver-spaces=\"true\"> una botella de vidrio l\u00edquida.<\/span><span data-preserver-spaces=\"true\">\u00a0Cuando compre botellas de licor, opte por un fabricante de confianza. As\u00ed estar\u00e1s seguro de la calidad y el precio.<\/span><\/p>\n<p><span data-preserver-spaces=\"true\">Si est\u00e1 interesado en nuestras botellas de vidrio transparente de 750 ml con tap\u00f3n de rosca, <\/span><span data-preserver-spaces=\"true\">p\u00f3ngase en contacto con nosotros<\/span><span data-preserver-spaces=\"true\">.<\/span><span data-preserver-spaces=\"true\"> Le responderemos en un plazo de 24 horas.<\/span><\/p>","protected":false},"excerpt":{"rendered":"<p>Botellas de vidrio transparente de 750 ml de forma redonda con tap\u00f3n de rosca. El bello color de la bebida espirituosa se muestra a trav\u00e9s de la cristaler\u00eda super-flint para Whisky, Brandy, Vodka, etc. Disponible con tap\u00f3n de corcho.<\/p>\n<p>Custom 750ml botella de vidrio Esp\u00edritu Venta al por mayor Detalles:<\/p>\n<ul>\n<li>Referencia: RS120<\/li>\n<li><strong>Se ofrece servicio OEM\/ODM. MOQ:10000pcs(10000 PCS)<\/strong><\/li>\n<li>Tap\u00f3n: Tap\u00f3n de rosca\/Corcho<\/li>\n<li>Material: Vidrio de alto s\u00edlex<\/li>\n<li>Entrega: Muestra gratuita ofrecida dentro de 3-7 d\u00edas. Orden a granel en el plazo de 30 d\u00edas.<\/li>\n<li>Caracter\u00edstica: Ecol\u00f3gico<\/li>\n<\/ul>","protected":false},"featured_media":4160,"comment_status":"closed","ping_status":"closed","template":"","meta":[],"product_cat":[40],"class_list":{"0":"post-4159","1":"product","2":"type-product","3":"status-publish","4":"has-post-thumbnail","6":"product_cat-750ml-liquor-bottle-manufacturer","8":"first","9":"instock","10":"shipping-taxable","11":"product-type-simple"},"yoast_head":"<!-- This site is optimized with the Yoast SEO plugin v22.0 - https:\/\/yoast.com\/wordpress\/plugins\/seo\/ -->\n<title>Clear Glass Bottles With Screw Caps | Wholesale Glass Liquor Bottle<\/title>\n<meta name=\"description\" content=\"Buy Clear Glass Bottles With Screw Caps From China Liquor Bottle Factory. 750ML Glass Liquot Bottle Wholesale In Cheap Price.\" \/>\n<meta name=\"robots\" content=\"index, follow, max-snippet:-1, max-image-preview:large, max-video-preview:-1\" \/>\n<link rel=\"canonical\" href=\"https:\/\/ruishengglassco.com\/es\/producto\/rs120clear-botellas-de-vidrio-de-750-ml-con-tapon-de-rosca-al-por-mayor\" \/>\n<meta property=\"og:locale\" content=\"es_ES\" \/>\n<meta property=\"og:type\" content=\"article\" \/>\n<meta property=\"og:title\" content=\"Clear Glass Bottles With Screw Caps | Wholesale Glass Liquor Bottle\" \/>\n<meta property=\"og:description\" content=\"Buy Clear Glass Bottles With Screw Caps From China Liquor Bottle Factory. 750ML Glass Liquot Bottle Wholesale In Cheap Price.\" \/>\n<meta property=\"og:url\" content=\"https:\/\/ruishengglassco.com\/es\/producto\/rs120clear-botellas-de-vidrio-de-750-ml-con-tapon-de-rosca-al-por-mayor\" \/>\n<meta property=\"article:publisher\" content=\"https:\/\/www.facebook.com\/ruishengglassbottles\" \/>\n<meta property=\"article:modified_time\" content=\"2025-07-16T07:04:30+00:00\" \/>\n<meta property=\"og:image\" content=\"https:\/\/ruishengglassco.com\/wp-content\/uploads\/2025\/03\/RS120-Clear-750ml-Glass-Bottles-With-Screw-Caps-Wholesale.webp\" \/>\n\t<meta property=\"og:image:width\" content=\"800\" \/>\n\t<meta property=\"og:image:height\" content=\"800\" \/>\n\t<meta property=\"og:image:type\" content=\"image\/webp\" \/>\n<meta name=\"twitter:card\" content=\"summary_large_image\" \/>\n<meta name=\"twitter:label1\" content=\"Tiempo de lectura\" \/>\n\t<meta name=\"twitter:data1\" content=\"2 minutos\" \/>\n<script type=\"application\/ld+json\" class=\"yoast-schema-graph\">{\"@context\":\"https:\/\/schema.org\",\"@graph\":[{\"@type\":\"WebPage\",\"@id\":\"https:\/\/ruishengglassco.com\/product\/rs120clear-750ml-glass-bottles-with-screw-caps-wholesale\",\"url\":\"https:\/\/ruishengglassco.com\/product\/rs120clear-750ml-glass-bottles-with-screw-caps-wholesale\",\"name\":\"Clear Glass Bottles With Screw Caps | Wholesale Glass Liquor Bottle\",\"isPartOf\":{\"@id\":\"https:\/\/ruishengglassco.com\/#website\"},\"datePublished\":\"2025-03-14T16:01:07+00:00\",\"dateModified\":\"2025-07-16T07:04:30+00:00\",\"description\":\"Buy Clear Glass Bottles With Screw Caps From China Liquor Bottle Factory. 750ML Glass Liquot Bottle Wholesale In Cheap Price.\",\"breadcrumb\":{\"@id\":\"https:\/\/ruishengglassco.com\/product\/rs120clear-750ml-glass-bottles-with-screw-caps-wholesale#breadcrumb\"},\"inLanguage\":\"es\",\"potentialAction\":[{\"@type\":\"ReadAction\",\"target\":[\"https:\/\/ruishengglassco.com\/product\/rs120clear-750ml-glass-bottles-with-screw-caps-wholesale\"]}]},{\"@type\":\"BreadcrumbList\",\"@id\":\"https:\/\/ruishengglassco.com\/product\/rs120clear-750ml-glass-bottles-with-screw-caps-wholesale#breadcrumb\",\"itemListElement\":[{\"@type\":\"ListItem\",\"position\":1,\"name\":\"Home\",\"item\":\"https:\/\/ruishengglassco.com\/\"},{\"@type\":\"ListItem\",\"position\":2,\"name\":\"Products\",\"item\":\"https:\/\/ruishengglassco.com\/products\"},{\"@type\":\"ListItem\",\"position\":3,\"name\":\"RS120:Clear 750ml Glass Bottles With Screw Caps Factory\"}]},{\"@type\":\"WebSite\",\"@id\":\"https:\/\/ruishengglassco.com\/#website\",\"url\":\"https:\/\/ruishengglassco.com\/\",\"name\":\"Ruisheng Glass\",\"description\":\"\",\"publisher\":{\"@id\":\"https:\/\/ruishengglassco.com\/#organization\"},\"potentialAction\":[{\"@type\":\"SearchAction\",\"target\":{\"@type\":\"EntryPoint\",\"urlTemplate\":\"https:\/\/ruishengglassco.com\/?s={search_term_string}\"},\"query-input\":\"required name=search_term_string\"}],\"inLanguage\":\"es\"},{\"@type\":\"Organization\",\"@id\":\"https:\/\/ruishengglassco.com\/#organization\",\"name\":\"Shandong Yuncheng Ruisheng Glass Co., Ltd\",\"url\":\"https:\/\/ruishengglassco.com\/\",\"logo\":{\"@type\":\"ImageObject\",\"inLanguage\":\"es\",\"@id\":\"https:\/\/ruishengglassco.com\/#\/schema\/logo\/image\/\",\"url\":\"https:\/\/ruishengglassco.com\/wp-content\/uploads\/2023\/09\/ruisheng_logo_icon.webp\",\"contentUrl\":\"https:\/\/ruishengglassco.com\/wp-content\/uploads\/2023\/09\/ruisheng_logo_icon.webp\",\"width\":400,\"height\":233,\"caption\":\"Shandong Yuncheng Ruisheng Glass Co., Ltd\"},\"image\":{\"@id\":\"https:\/\/ruishengglassco.com\/#\/schema\/logo\/image\/\"},\"sameAs\":[\"https:\/\/www.facebook.com\/ruishengglassbottles\",\"https:\/\/www.instagram.com\/Ruishengglassbottlewholesales\/\",\"https:\/\/www.youtube.com\/channel\/UCMmbMNGwsL-XrtjfSFLCdVQ\"]}]}<\/script>\n<!-- \/ Yoast SEO plugin. -->","yoast_head_json":{"title":"Clear Glass Bottles With Screw Caps | Wholesale Glass Liquor Bottle","description":"Buy Clear Glass Bottles With Screw Caps From China Liquor Bottle Factory. 750ML Glass Liquot Bottle Wholesale In Cheap Price.","robots":{"index":"index","follow":"follow","max-snippet":"max-snippet:-1","max-image-preview":"max-image-preview:large","max-video-preview":"max-video-preview:-1"},"canonical":"https:\/\/ruishengglassco.com\/es\/producto\/rs120clear-botellas-de-vidrio-de-750-ml-con-tapon-de-rosca-al-por-mayor","og_locale":"es_ES","og_type":"article","og_title":"Clear Glass Bottles With Screw Caps | Wholesale Glass Liquor Bottle","og_description":"Buy Clear Glass Bottles With Screw Caps From China Liquor Bottle Factory. 750ML Glass Liquot Bottle Wholesale In Cheap Price.","og_url":"https:\/\/ruishengglassco.com\/es\/producto\/rs120clear-botellas-de-vidrio-de-750-ml-con-tapon-de-rosca-al-por-mayor","article_publisher":"https:\/\/www.facebook.com\/ruishengglassbottles","article_modified_time":"2025-07-16T07:04:30+00:00","og_image":[{"width":800,"height":800,"url":"https:\/\/ruishengglassco.com\/wp-content\/uploads\/2025\/03\/RS120-Clear-750ml-Glass-Bottles-With-Screw-Caps-Wholesale.webp","type":"image\/webp"}],"twitter_card":"summary_large_image","twitter_misc":{"Tiempo de lectura":"2 minutos"},"schema":{"@context":"https:\/\/schema.org","@graph":[{"@type":"WebPage","@id":"https:\/\/ruishengglassco.com\/product\/rs120clear-750ml-glass-bottles-with-screw-caps-wholesale","url":"https:\/\/ruishengglassco.com\/product\/rs120clear-750ml-glass-bottles-with-screw-caps-wholesale","name":"Clear Glass Bottles With Screw Caps | Wholesale Glass Liquor Bottle","isPartOf":{"@id":"https:\/\/ruishengglassco.com\/#website"},"datePublished":"2025-03-14T16:01:07+00:00","dateModified":"2025-07-16T07:04:30+00:00","description":"Buy Clear Glass Bottles With Screw Caps From China Liquor Bottle Factory. 750ML Glass Liquot Bottle Wholesale In Cheap Price.","breadcrumb":{"@id":"https:\/\/ruishengglassco.com\/product\/rs120clear-750ml-glass-bottles-with-screw-caps-wholesale#breadcrumb"},"inLanguage":"es","potentialAction":[{"@type":"ReadAction","target":["https:\/\/ruishengglassco.com\/product\/rs120clear-750ml-glass-bottles-with-screw-caps-wholesale"]}]},{"@type":"BreadcrumbList","@id":"https:\/\/ruishengglassco.com\/product\/rs120clear-750ml-glass-bottles-with-screw-caps-wholesale#breadcrumb","itemListElement":[{"@type":"ListItem","position":1,"name":"Home","item":"https:\/\/ruishengglassco.com\/"},{"@type":"ListItem","position":2,"name":"Products","item":"https:\/\/ruishengglassco.com\/products"},{"@type":"ListItem","position":3,"name":"RS120:Clear 750ml Glass Bottles With Screw Caps Factory"}]},{"@type":"WebSite","@id":"https:\/\/ruishengglassco.com\/#website","url":"https:\/\/ruishengglassco.com\/","name":"Ruisheng Glass","description":"","publisher":{"@id":"https:\/\/ruishengglassco.com\/#organization"},"potentialAction":[{"@type":"SearchAction","target":{"@type":"EntryPoint","urlTemplate":"https:\/\/ruishengglassco.com\/?s={search_term_string}"},"query-input":"required name=search_term_string"}],"inLanguage":"es"},{"@type":"Organization","@id":"https:\/\/ruishengglassco.com\/#organization","name":"Shandong Yuncheng Ruisheng Glass Co., Ltd","url":"https:\/\/ruishengglassco.com\/","logo":{"@type":"ImageObject","inLanguage":"es","@id":"https:\/\/ruishengglassco.com\/#\/schema\/logo\/image\/","url":"https:\/\/ruishengglassco.com\/wp-content\/uploads\/2023\/09\/ruisheng_logo_icon.webp","contentUrl":"https:\/\/ruishengglassco.com\/wp-content\/uploads\/2023\/09\/ruisheng_logo_icon.webp","width":400,"height":233,"caption":"Shandong Yuncheng Ruisheng Glass Co., Ltd"},"image":{"@id":"https:\/\/ruishengglassco.com\/#\/schema\/logo\/image\/"},"sameAs":["https:\/\/www.facebook.com\/ruishengglassbottles","https:\/\/www.instagram.com\/Ruishengglassbottlewholesales\/","https:\/\/www.youtube.com\/channel\/UCMmbMNGwsL-XrtjfSFLCdVQ"]}]}},"_links":{"self":[{"href":"https:\/\/ruishengglassco.com\/es\/wp-json\/wp\/v2\/product\/4159","targetHints":{"allow":["GET"]}}],"collection":[{"href":"https:\/\/ruishengglassco.com\/es\/wp-json\/wp\/v2\/product"}],"about":[{"href":"https:\/\/ruishengglassco.com\/es\/wp-json\/wp\/v2\/types\/product"}],"replies":[{"embeddable":true,"href":"https:\/\/ruishengglassco.com\/es\/wp-json\/wp\/v2\/comments?post=4159"}],"wp:featuredmedia":[{"embeddable":true,"href":"https:\/\/ruishengglassco.com\/es\/wp-json\/wp\/v2\/media\/4160"}],"wp:attachment":[{"href":"https:\/\/ruishengglassco.com\/es\/wp-json\/wp\/v2\/media?parent=4159"}],"wp:term":[{"taxonomy":"product_cat","embeddable":true,"href":"https:\/\/ruishengglassco.com\/es\/wp-json\/wp\/v2\/product_cat?post=4159"}],"curies":[{"name":"wp","href":"https:\/\/api.w.org\/{rel}","templated":true}]}}