{"id":4147,"date":"2025-03-14T14:53:10","date_gmt":"2025-03-14T06:53:10","guid":{"rendered":"https:\/\/ruishengglassco.com\/?post_type=product&#038;p=4147"},"modified":"2025-07-16T14:59:45","modified_gmt":"2025-07-16T06:59:45","slug":"rs125-botellas-de-vidrio-decorativas-de-16-oz-con-tapon","status":"publish","type":"product","link":"https:\/\/ruishengglassco.com\/es\/producto\/rs125-botellas-de-vidrio-decorativas-de-16-oz-con-tapon","title":{"rendered":"RS125: Botellas de vidrio decorativas de 16 oz con tap\u00f3n"},"content":{"rendered":"<p><span data-preserver-spaces=\"true\">Estas botellas de vidrio decorativas de 16 oz al por mayor <\/span><span data-preserver-spaces=\"true\">se hacen<\/span><span data-preserver-spaces=\"true\"> de material de vidrio s\u00faper flint. Esta botella de vidrio para licores tiene una base gruesa para resaltar su calidad. Las botellas de vidrio de 16 oz tienen un fondo grueso y un hombro estrecho en la parte superior. El tipo de cierre de esta botella de vidrio es una tapa de gala, y cualquier material est\u00e1 disponible, como una tapa de pl\u00e1stico o tapa de metal.<\/span><\/p>\n<p><span data-preserver-spaces=\"true\">Estas botellas de vidrio decorativas de 16 oz <\/span><span data-preserver-spaces=\"true\">se hacen<\/span><span data-preserver-spaces=\"true\"> en el condado de Yuncheng, provincia de Shandong. El condado de Yuncheng es famoso por sus envases de bebidas. Aqu\u00ed puede encontrar botellas de vidrio para vino, cierres, etiquetas de papel, etiquetas de pl\u00e1stico, etiquetas de metal, cajas de embalaje y otros productos relacionados.<\/span><\/p>\n<p><span data-preserver-spaces=\"true\">Nuestra empresa se dedica a la fabricaci\u00f3n de botellas de vidrio de alta calidad. La f\u00e1brica emplea a unos 500 trabajadores y cuenta con m\u00e1s de 30 empleados de control de calidad. Comprobaremos las botellas de vidrio muchas veces. Despu\u00e9s de que la botella <\/span><span data-preserver-spaces=\"true\">se divide<\/span><span data-preserver-spaces=\"true\"> del molde, la inspeccionaremos por primera vez. Despu\u00e9s de que la botella de vidrio salga de la m\u00e1quina de refrigeraci\u00f3n, volveremos a inspeccionarla. Cuando creamos las etiquetas para las botellas, volvemos a comprobar las botellas de vidrio. Y cuando las empaquetamos, las comprobamos por \u00faltima vez. <\/span><span data-preserver-spaces=\"true\">Para ello, nos aseguraremos de que todos nuestros productos <\/span><span data-preserver-spaces=\"true\">son de<\/span><span data-preserver-spaces=\"true\"> alta calidad antes de enviarlos al cliente.<\/span><\/p>\n<h2><span data-preserver-spaces=\"true\">La informaci\u00f3n sobre las botellas de vidrio decorativas de 16 oz<\/span><\/h2>\n<p><span data-preserver-spaces=\"true\">Estas botellas de vidrio decorativas de 16 oz <\/span><span data-preserver-spaces=\"true\">se hacen<\/span><span data-preserver-spaces=\"true\"> de material de vidrio blanco cristalino. La superficie de las botellas de vidrio es clara y lisa. El peso del vidrio de estas botellas es de 580 g. <\/span><span data-preserver-spaces=\"true\">Nosotros <\/span><span data-preserver-spaces=\"true\">normalmente<\/span><span data-preserver-spaces=\"true\"> envasar las botellas de vidrio <\/span><span data-preserver-spaces=\"true\">para<\/span><span data-preserver-spaces=\"true\"> 24 <\/span><span data-preserver-spaces=\"true\">piezas<\/span><span data-preserver-spaces=\"true\"> por caja de cart\u00f3n est\u00e1ndar para exportaci\u00f3n.<\/span><span data-preserver-spaces=\"true\"> Si tiene alg\u00fan requisito especial, tambi\u00e9n podemos satisfacerlo, como cajas de colores personalizadas y pal\u00e9s sin fumigar.<\/span><\/p>\n<p><span data-preserver-spaces=\"true\">Si usted desea preguntar acerca de nuestras botellas de vidrio decorativas de 16oz u otras botellas de vidrio personalizadas, por favor p\u00f3ngase en contacto con nosotros, y le proporcionaremos nuestro mejor servicio.<\/span><\/p>","protected":false},"excerpt":{"rendered":"<p>Si est\u00e1 interesado en nuestras botellas de zumo de vidrio de 16 oz, p\u00f3ngase en contacto con nosotros. Le contestaremos en el plazo de 24hours.<\/p>","protected":false},"featured_media":4149,"comment_status":"closed","ping_status":"closed","template":"","meta":[],"product_cat":[15],"class_list":{"0":"post-4147","1":"product","2":"type-product","3":"status-publish","4":"has-post-thumbnail","6":"product_cat-glass-liquor-spirit-bottles","8":"first","9":"instock","10":"shipping-taxable","11":"product-type-simple"},"yoast_head":"<!-- This site is optimized with the Yoast SEO plugin v22.0 - https:\/\/yoast.com\/wordpress\/plugins\/seo\/ -->\n<title>16 oz Decorative Glass Bottles Wholesale | Unique Liquor Bottles Supplier<\/title>\n<meta name=\"description\" content=\"Ruisheng, a professional liquor bottles manufacturer &amp; supplier, provide 16 oz decorative glass bottles wholesale in factory outlet price.\" \/>\n<meta name=\"robots\" content=\"index, follow, max-snippet:-1, max-image-preview:large, max-video-preview:-1\" \/>\n<link rel=\"canonical\" href=\"https:\/\/ruishengglassco.com\/es\/producto\/rs125-botellas-de-vidrio-decorativas-de-16-oz-con-tapon\" \/>\n<meta property=\"og:locale\" content=\"es_ES\" \/>\n<meta property=\"og:type\" content=\"article\" \/>\n<meta property=\"og:title\" content=\"16 oz Decorative Glass Bottles Wholesale | Unique Liquor Bottles Supplier\" \/>\n<meta property=\"og:description\" content=\"Ruisheng, a professional liquor bottles manufacturer &amp; supplier, provide 16 oz decorative glass bottles wholesale in factory outlet price.\" \/>\n<meta property=\"og:url\" content=\"https:\/\/ruishengglassco.com\/es\/producto\/rs125-botellas-de-vidrio-decorativas-de-16-oz-con-tapon\" \/>\n<meta property=\"article:publisher\" content=\"https:\/\/www.facebook.com\/ruishengglassbottles\" \/>\n<meta property=\"article:modified_time\" content=\"2025-07-16T06:59:45+00:00\" \/>\n<meta property=\"og:image\" content=\"https:\/\/ruishengglassco.com\/wp-content\/uploads\/2025\/03\/RS125-16-oz-decorative-glass-bottles-with-caps.webp\" \/>\n\t<meta property=\"og:image:width\" content=\"400\" \/>\n\t<meta property=\"og:image:height\" content=\"400\" \/>\n\t<meta property=\"og:image:type\" content=\"image\/webp\" \/>\n<meta name=\"twitter:card\" content=\"summary_large_image\" \/>\n<meta name=\"twitter:label1\" content=\"Tiempo de lectura\" \/>\n\t<meta name=\"twitter:data1\" content=\"2 minutos\" \/>\n<script type=\"application\/ld+json\" class=\"yoast-schema-graph\">{\"@context\":\"https:\/\/schema.org\",\"@graph\":[{\"@type\":\"WebPage\",\"@id\":\"https:\/\/ruishengglassco.com\/product\/rs125-16-oz-decorative-glass-bottles-with-caps\",\"url\":\"https:\/\/ruishengglassco.com\/product\/rs125-16-oz-decorative-glass-bottles-with-caps\",\"name\":\"16 oz Decorative Glass Bottles Wholesale | Unique Liquor Bottles Supplier\",\"isPartOf\":{\"@id\":\"https:\/\/ruishengglassco.com\/#website\"},\"datePublished\":\"2025-03-14T06:53:10+00:00\",\"dateModified\":\"2025-07-16T06:59:45+00:00\",\"description\":\"Ruisheng, a professional liquor bottles manufacturer & supplier, provide 16 oz decorative glass bottles wholesale in factory outlet price.\",\"breadcrumb\":{\"@id\":\"https:\/\/ruishengglassco.com\/product\/rs125-16-oz-decorative-glass-bottles-with-caps#breadcrumb\"},\"inLanguage\":\"es\",\"potentialAction\":[{\"@type\":\"ReadAction\",\"target\":[\"https:\/\/ruishengglassco.com\/product\/rs125-16-oz-decorative-glass-bottles-with-caps\"]}]},{\"@type\":\"BreadcrumbList\",\"@id\":\"https:\/\/ruishengglassco.com\/product\/rs125-16-oz-decorative-glass-bottles-with-caps#breadcrumb\",\"itemListElement\":[{\"@type\":\"ListItem\",\"position\":1,\"name\":\"Home\",\"item\":\"https:\/\/ruishengglassco.com\/\"},{\"@type\":\"ListItem\",\"position\":2,\"name\":\"Products\",\"item\":\"https:\/\/ruishengglassco.com\/products\"},{\"@type\":\"ListItem\",\"position\":3,\"name\":\"RS125: 16 oz Decorative Glass Bottles With Caps\"}]},{\"@type\":\"WebSite\",\"@id\":\"https:\/\/ruishengglassco.com\/#website\",\"url\":\"https:\/\/ruishengglassco.com\/\",\"name\":\"Ruisheng Glass\",\"description\":\"\",\"publisher\":{\"@id\":\"https:\/\/ruishengglassco.com\/#organization\"},\"potentialAction\":[{\"@type\":\"SearchAction\",\"target\":{\"@type\":\"EntryPoint\",\"urlTemplate\":\"https:\/\/ruishengglassco.com\/?s={search_term_string}\"},\"query-input\":\"required name=search_term_string\"}],\"inLanguage\":\"es\"},{\"@type\":\"Organization\",\"@id\":\"https:\/\/ruishengglassco.com\/#organization\",\"name\":\"Shandong Yuncheng Ruisheng Glass Co., Ltd\",\"url\":\"https:\/\/ruishengglassco.com\/\",\"logo\":{\"@type\":\"ImageObject\",\"inLanguage\":\"es\",\"@id\":\"https:\/\/ruishengglassco.com\/#\/schema\/logo\/image\/\",\"url\":\"https:\/\/ruishengglassco.com\/wp-content\/uploads\/2023\/09\/ruisheng_logo_icon.webp\",\"contentUrl\":\"https:\/\/ruishengglassco.com\/wp-content\/uploads\/2023\/09\/ruisheng_logo_icon.webp\",\"width\":400,\"height\":233,\"caption\":\"Shandong Yuncheng Ruisheng Glass Co., Ltd\"},\"image\":{\"@id\":\"https:\/\/ruishengglassco.com\/#\/schema\/logo\/image\/\"},\"sameAs\":[\"https:\/\/www.facebook.com\/ruishengglassbottles\",\"https:\/\/www.instagram.com\/Ruishengglassbottlewholesales\/\",\"https:\/\/www.youtube.com\/channel\/UCMmbMNGwsL-XrtjfSFLCdVQ\"]}]}<\/script>\n<!-- \/ Yoast SEO plugin. -->","yoast_head_json":{"title":"16 oz Decorative Glass Bottles Wholesale | Unique Liquor Bottles Supplier","description":"Ruisheng, a professional liquor bottles manufacturer & supplier, provide 16 oz decorative glass bottles wholesale in factory outlet price.","robots":{"index":"index","follow":"follow","max-snippet":"max-snippet:-1","max-image-preview":"max-image-preview:large","max-video-preview":"max-video-preview:-1"},"canonical":"https:\/\/ruishengglassco.com\/es\/producto\/rs125-botellas-de-vidrio-decorativas-de-16-oz-con-tapon","og_locale":"es_ES","og_type":"article","og_title":"16 oz Decorative Glass Bottles Wholesale | Unique Liquor Bottles Supplier","og_description":"Ruisheng, a professional liquor bottles manufacturer & supplier, provide 16 oz decorative glass bottles wholesale in factory outlet price.","og_url":"https:\/\/ruishengglassco.com\/es\/producto\/rs125-botellas-de-vidrio-decorativas-de-16-oz-con-tapon","article_publisher":"https:\/\/www.facebook.com\/ruishengglassbottles","article_modified_time":"2025-07-16T06:59:45+00:00","og_image":[{"width":400,"height":400,"url":"https:\/\/ruishengglassco.com\/wp-content\/uploads\/2025\/03\/RS125-16-oz-decorative-glass-bottles-with-caps.webp","type":"image\/webp"}],"twitter_card":"summary_large_image","twitter_misc":{"Tiempo de lectura":"2 minutos"},"schema":{"@context":"https:\/\/schema.org","@graph":[{"@type":"WebPage","@id":"https:\/\/ruishengglassco.com\/product\/rs125-16-oz-decorative-glass-bottles-with-caps","url":"https:\/\/ruishengglassco.com\/product\/rs125-16-oz-decorative-glass-bottles-with-caps","name":"16 oz Decorative Glass Bottles Wholesale | Unique Liquor Bottles Supplier","isPartOf":{"@id":"https:\/\/ruishengglassco.com\/#website"},"datePublished":"2025-03-14T06:53:10+00:00","dateModified":"2025-07-16T06:59:45+00:00","description":"Ruisheng, a professional liquor bottles manufacturer & supplier, provide 16 oz decorative glass bottles wholesale in factory outlet price.","breadcrumb":{"@id":"https:\/\/ruishengglassco.com\/product\/rs125-16-oz-decorative-glass-bottles-with-caps#breadcrumb"},"inLanguage":"es","potentialAction":[{"@type":"ReadAction","target":["https:\/\/ruishengglassco.com\/product\/rs125-16-oz-decorative-glass-bottles-with-caps"]}]},{"@type":"BreadcrumbList","@id":"https:\/\/ruishengglassco.com\/product\/rs125-16-oz-decorative-glass-bottles-with-caps#breadcrumb","itemListElement":[{"@type":"ListItem","position":1,"name":"Home","item":"https:\/\/ruishengglassco.com\/"},{"@type":"ListItem","position":2,"name":"Products","item":"https:\/\/ruishengglassco.com\/products"},{"@type":"ListItem","position":3,"name":"RS125: 16 oz Decorative Glass Bottles With Caps"}]},{"@type":"WebSite","@id":"https:\/\/ruishengglassco.com\/#website","url":"https:\/\/ruishengglassco.com\/","name":"Ruisheng Glass","description":"","publisher":{"@id":"https:\/\/ruishengglassco.com\/#organization"},"potentialAction":[{"@type":"SearchAction","target":{"@type":"EntryPoint","urlTemplate":"https:\/\/ruishengglassco.com\/?s={search_term_string}"},"query-input":"required name=search_term_string"}],"inLanguage":"es"},{"@type":"Organization","@id":"https:\/\/ruishengglassco.com\/#organization","name":"Shandong Yuncheng Ruisheng Glass Co., Ltd","url":"https:\/\/ruishengglassco.com\/","logo":{"@type":"ImageObject","inLanguage":"es","@id":"https:\/\/ruishengglassco.com\/#\/schema\/logo\/image\/","url":"https:\/\/ruishengglassco.com\/wp-content\/uploads\/2023\/09\/ruisheng_logo_icon.webp","contentUrl":"https:\/\/ruishengglassco.com\/wp-content\/uploads\/2023\/09\/ruisheng_logo_icon.webp","width":400,"height":233,"caption":"Shandong Yuncheng Ruisheng Glass Co., Ltd"},"image":{"@id":"https:\/\/ruishengglassco.com\/#\/schema\/logo\/image\/"},"sameAs":["https:\/\/www.facebook.com\/ruishengglassbottles","https:\/\/www.instagram.com\/Ruishengglassbottlewholesales\/","https:\/\/www.youtube.com\/channel\/UCMmbMNGwsL-XrtjfSFLCdVQ"]}]}},"_links":{"self":[{"href":"https:\/\/ruishengglassco.com\/es\/wp-json\/wp\/v2\/product\/4147","targetHints":{"allow":["GET"]}}],"collection":[{"href":"https:\/\/ruishengglassco.com\/es\/wp-json\/wp\/v2\/product"}],"about":[{"href":"https:\/\/ruishengglassco.com\/es\/wp-json\/wp\/v2\/types\/product"}],"replies":[{"embeddable":true,"href":"https:\/\/ruishengglassco.com\/es\/wp-json\/wp\/v2\/comments?post=4147"}],"wp:featuredmedia":[{"embeddable":true,"href":"https:\/\/ruishengglassco.com\/es\/wp-json\/wp\/v2\/media\/4149"}],"wp:attachment":[{"href":"https:\/\/ruishengglassco.com\/es\/wp-json\/wp\/v2\/media?parent=4147"}],"wp:term":[{"taxonomy":"product_cat","embeddable":true,"href":"https:\/\/ruishengglassco.com\/es\/wp-json\/wp\/v2\/product_cat?post=4147"}],"curies":[{"name":"wp","href":"https:\/\/api.w.org\/{rel}","templated":true}]}}