{"id":4146,"date":"2025-03-14T13:29:24","date_gmt":"2025-03-14T05:29:24","guid":{"rendered":"https:\/\/ruishengglassco.com\/?post_type=product&#038;p=4146"},"modified":"2025-07-17T13:33:52","modified_gmt":"2025-07-17T05:33:52","slug":"rs127-500ml-etiquetas-personalizadas-para-botellas-de-licor-2","status":"publish","type":"product","link":"https:\/\/ruishengglassco.com\/es\/producto\/rs127-500ml-etiquetas-personalizadas-para-botellas-de-licor-2","title":{"rendered":"RS127: Etiquetas personalizadas para botellas de licor de 500 ml"},"content":{"rendered":"<p>Ruisheng es un fabricante de botellas de licor. Llevan m\u00e1s de 10 a\u00f1os produciendo botellas de licor. Somos un fabricante principal de botellas de vidrio. Ofrecemos botellas de licor al por mayor personalizadas para marcas y empresas.<\/p>\n<p>Estas botellas de licor personalizadas de 500 ml est\u00e1n fabricadas con vidrio de s\u00edlex de alta calidad. Este material hace que el vidrio sea m\u00e1s claro, duradero y suave. Nuestra empresa cuenta con m\u00e1s de 500 empleados y un equipo de ingenieros cualificados. Con nuestra rica experiencia, hemos establecido una buena reputaci\u00f3n en todo el mundo.<\/p>\n<p>Ofrecemos principalmente botellas de vidrio de alta calidad. Nuestra gama incluye botellas de vodka, brandy, whisky, licor, mermelada y m\u00e1s. Tambi\u00e9n podemos ofrecer botellas de vidrio \u00e1mbar, botellas verdes y botellas de agua. Nuestros principales mercados son Europa, EE.UU., Australia y Am\u00e9rica. Todos nuestros productos son conocidos por su innovaci\u00f3n y funcionalidad.<\/p>\n<p><span style=\"color: #333333; font-size: 14.4px;\"><br \/>\nDetalles sobre Botellas de licor personalizadas al por mayor<\/span><\/p>\n<ul>\n<li>Material principal: vidrio de alto s\u00edlex<\/li>\n<li>Tap\u00f3n: tap\u00f3n de rosca<\/li>\n<li>Referencia: RS127<\/li>\n<li>MOQ: 10000 PCS<\/li>\n<li>Capacidad:500 ml<\/li>\n<li>Pcs\/Ctn:24pcs<\/li>\n<li>Origen del lugar: Shandong, China<\/li>\n<li>Caracter\u00edstica: Ecol\u00f3gico<\/li>\n<\/ul>\n<p>Si desea comprar botellas de licor personalizadas al por mayor, por favor <a href=\"https:\/\/glassbottlewholesale.com\/contact\/\">Contacto<\/a>. Si desea hacer botellas de vidrio personalizadas, p\u00f3ngase en contacto con nosotros tambi\u00e9n. Estamos muy contentos de recibir su consulta para la mejor botella de agua de vidrio.<\/p>","protected":false},"excerpt":{"rendered":"<p>Botellas de licor transparentes, claras, elegantes y personalizadas al por mayor de una f\u00e1brica china de fabricaci\u00f3n de botellas de licor. Outlet botellas de vidrio de primera calidad para el licor con un servicio personalizado.<\/p>\n<p><strong><em>-CANTIDAD: 10000 UNIDADES\u00a0<\/em><\/strong><\/p>\n<p>-Muestra gratuita de botellas de alcohol<\/p>\n<p>-Color: Transparente<\/p>\n<p>-Peso: 700 g<\/p>\n<p>-Altura: 228MM\u00b12MM<\/p>\n<p>-DI\u00c1METRO: 90MM\u00b12MM<\/p>\n<p>-Servicios personalizados<\/p>","protected":false},"featured_media":4144,"comment_status":"closed","ping_status":"closed","template":"","meta":[],"product_cat":[15,41],"class_list":{"0":"post-4146","1":"product","2":"type-product","3":"status-publish","4":"has-post-thumbnail","6":"product_cat-glass-liquor-spirit-bottles","7":"product_cat-500ml-liquor-bottle-manufacturer","9":"first","10":"instock","11":"shipping-taxable","12":"product-type-simple"},"yoast_head":"<!-- This site is optimized with the Yoast SEO plugin v22.0 - https:\/\/yoast.com\/wordpress\/plugins\/seo\/ -->\n<title>Personalized Liquor Bottles Wholesale | Bulk Alcoholic Bottles Price<\/title>\n<meta name=\"description\" content=\"Buy Personalized Liquor Bottles Wholesale From China Liquor Bottle Manufacturers. Factory Outlet&amp;Cheap Price. Click here to get bulk alcoholic bottles price\" \/>\n<meta name=\"robots\" content=\"index, follow, max-snippet:-1, max-image-preview:large, max-video-preview:-1\" \/>\n<link rel=\"canonical\" href=\"https:\/\/ruishengglassco.com\/es\/producto\/rs127-500ml-etiquetas-personalizadas-para-botellas-de-licor-2\" \/>\n<meta property=\"og:locale\" content=\"es_ES\" \/>\n<meta property=\"og:type\" content=\"article\" \/>\n<meta property=\"og:title\" content=\"Personalized Liquor Bottles Wholesale | Bulk Alcoholic Bottles Price\" \/>\n<meta property=\"og:description\" content=\"Buy Personalized Liquor Bottles Wholesale From China Liquor Bottle Manufacturers. Factory Outlet&amp;Cheap Price. Click here to get bulk alcoholic bottles price\" \/>\n<meta property=\"og:url\" content=\"https:\/\/ruishengglassco.com\/es\/producto\/rs127-500ml-etiquetas-personalizadas-para-botellas-de-licor-2\" \/>\n<meta property=\"article:publisher\" content=\"https:\/\/www.facebook.com\/ruishengglassbottles\" \/>\n<meta property=\"article:modified_time\" content=\"2025-07-17T05:33:52+00:00\" \/>\n<meta property=\"og:image\" content=\"https:\/\/ruishengglassco.com\/wp-content\/uploads\/2025\/03\/500ml-Personalized-Liquor-Bottle-Labels.webp\" \/>\n\t<meta property=\"og:image:width\" content=\"350\" \/>\n\t<meta property=\"og:image:height\" content=\"350\" \/>\n\t<meta property=\"og:image:type\" content=\"image\/webp\" \/>\n<meta name=\"twitter:card\" content=\"summary_large_image\" \/>\n<meta name=\"twitter:label1\" content=\"Tiempo de lectura\" \/>\n\t<meta name=\"twitter:data1\" content=\"2 minutos\" \/>\n<script type=\"application\/ld+json\" class=\"yoast-schema-graph\">{\"@context\":\"https:\/\/schema.org\",\"@graph\":[{\"@type\":\"WebPage\",\"@id\":\"https:\/\/ruishengglassco.com\/product\/rs127-500ml-personalized-liquor-bottle-labels-2\",\"url\":\"https:\/\/ruishengglassco.com\/product\/rs127-500ml-personalized-liquor-bottle-labels-2\",\"name\":\"Personalized Liquor Bottles Wholesale | Bulk Alcoholic Bottles Price\",\"isPartOf\":{\"@id\":\"https:\/\/ruishengglassco.com\/#website\"},\"datePublished\":\"2025-03-14T05:29:24+00:00\",\"dateModified\":\"2025-07-17T05:33:52+00:00\",\"description\":\"Buy Personalized Liquor Bottles Wholesale From China Liquor Bottle Manufacturers. Factory Outlet&Cheap Price. Click here to get bulk alcoholic bottles price\",\"breadcrumb\":{\"@id\":\"https:\/\/ruishengglassco.com\/product\/rs127-500ml-personalized-liquor-bottle-labels-2#breadcrumb\"},\"inLanguage\":\"es\",\"potentialAction\":[{\"@type\":\"ReadAction\",\"target\":[\"https:\/\/ruishengglassco.com\/product\/rs127-500ml-personalized-liquor-bottle-labels-2\"]}]},{\"@type\":\"BreadcrumbList\",\"@id\":\"https:\/\/ruishengglassco.com\/product\/rs127-500ml-personalized-liquor-bottle-labels-2#breadcrumb\",\"itemListElement\":[{\"@type\":\"ListItem\",\"position\":1,\"name\":\"Home\",\"item\":\"https:\/\/ruishengglassco.com\/\"},{\"@type\":\"ListItem\",\"position\":2,\"name\":\"Products\",\"item\":\"https:\/\/ruishengglassco.com\/products\"},{\"@type\":\"ListItem\",\"position\":3,\"name\":\"RS127: 500ml Personalized Liquor Bottle Labels\"}]},{\"@type\":\"WebSite\",\"@id\":\"https:\/\/ruishengglassco.com\/#website\",\"url\":\"https:\/\/ruishengglassco.com\/\",\"name\":\"Ruisheng Glass\",\"description\":\"\",\"publisher\":{\"@id\":\"https:\/\/ruishengglassco.com\/#organization\"},\"potentialAction\":[{\"@type\":\"SearchAction\",\"target\":{\"@type\":\"EntryPoint\",\"urlTemplate\":\"https:\/\/ruishengglassco.com\/?s={search_term_string}\"},\"query-input\":\"required name=search_term_string\"}],\"inLanguage\":\"es\"},{\"@type\":\"Organization\",\"@id\":\"https:\/\/ruishengglassco.com\/#organization\",\"name\":\"Shandong Yuncheng Ruisheng Glass Co., Ltd\",\"url\":\"https:\/\/ruishengglassco.com\/\",\"logo\":{\"@type\":\"ImageObject\",\"inLanguage\":\"es\",\"@id\":\"https:\/\/ruishengglassco.com\/#\/schema\/logo\/image\/\",\"url\":\"https:\/\/ruishengglassco.com\/wp-content\/uploads\/2023\/09\/ruisheng_logo_icon.webp\",\"contentUrl\":\"https:\/\/ruishengglassco.com\/wp-content\/uploads\/2023\/09\/ruisheng_logo_icon.webp\",\"width\":400,\"height\":233,\"caption\":\"Shandong Yuncheng Ruisheng Glass Co., Ltd\"},\"image\":{\"@id\":\"https:\/\/ruishengglassco.com\/#\/schema\/logo\/image\/\"},\"sameAs\":[\"https:\/\/www.facebook.com\/ruishengglassbottles\",\"https:\/\/www.instagram.com\/Ruishengglassbottlewholesales\/\",\"https:\/\/www.youtube.com\/channel\/UCMmbMNGwsL-XrtjfSFLCdVQ\"]}]}<\/script>\n<!-- \/ Yoast SEO plugin. -->","yoast_head_json":{"title":"Personalized Liquor Bottles Wholesale | Bulk Alcoholic Bottles Price","description":"Buy Personalized Liquor Bottles Wholesale From China Liquor Bottle Manufacturers. Factory Outlet&Cheap Price. Click here to get bulk alcoholic bottles price","robots":{"index":"index","follow":"follow","max-snippet":"max-snippet:-1","max-image-preview":"max-image-preview:large","max-video-preview":"max-video-preview:-1"},"canonical":"https:\/\/ruishengglassco.com\/es\/producto\/rs127-500ml-etiquetas-personalizadas-para-botellas-de-licor-2","og_locale":"es_ES","og_type":"article","og_title":"Personalized Liquor Bottles Wholesale | Bulk Alcoholic Bottles Price","og_description":"Buy Personalized Liquor Bottles Wholesale From China Liquor Bottle Manufacturers. Factory Outlet&Cheap Price. Click here to get bulk alcoholic bottles price","og_url":"https:\/\/ruishengglassco.com\/es\/producto\/rs127-500ml-etiquetas-personalizadas-para-botellas-de-licor-2","article_publisher":"https:\/\/www.facebook.com\/ruishengglassbottles","article_modified_time":"2025-07-17T05:33:52+00:00","og_image":[{"width":350,"height":350,"url":"https:\/\/ruishengglassco.com\/wp-content\/uploads\/2025\/03\/500ml-Personalized-Liquor-Bottle-Labels.webp","type":"image\/webp"}],"twitter_card":"summary_large_image","twitter_misc":{"Tiempo de lectura":"2 minutos"},"schema":{"@context":"https:\/\/schema.org","@graph":[{"@type":"WebPage","@id":"https:\/\/ruishengglassco.com\/product\/rs127-500ml-personalized-liquor-bottle-labels-2","url":"https:\/\/ruishengglassco.com\/product\/rs127-500ml-personalized-liquor-bottle-labels-2","name":"Personalized Liquor Bottles Wholesale | Bulk Alcoholic Bottles Price","isPartOf":{"@id":"https:\/\/ruishengglassco.com\/#website"},"datePublished":"2025-03-14T05:29:24+00:00","dateModified":"2025-07-17T05:33:52+00:00","description":"Buy Personalized Liquor Bottles Wholesale From China Liquor Bottle Manufacturers. Factory Outlet&Cheap Price. Click here to get bulk alcoholic bottles price","breadcrumb":{"@id":"https:\/\/ruishengglassco.com\/product\/rs127-500ml-personalized-liquor-bottle-labels-2#breadcrumb"},"inLanguage":"es","potentialAction":[{"@type":"ReadAction","target":["https:\/\/ruishengglassco.com\/product\/rs127-500ml-personalized-liquor-bottle-labels-2"]}]},{"@type":"BreadcrumbList","@id":"https:\/\/ruishengglassco.com\/product\/rs127-500ml-personalized-liquor-bottle-labels-2#breadcrumb","itemListElement":[{"@type":"ListItem","position":1,"name":"Home","item":"https:\/\/ruishengglassco.com\/"},{"@type":"ListItem","position":2,"name":"Products","item":"https:\/\/ruishengglassco.com\/products"},{"@type":"ListItem","position":3,"name":"RS127: 500ml Personalized Liquor Bottle Labels"}]},{"@type":"WebSite","@id":"https:\/\/ruishengglassco.com\/#website","url":"https:\/\/ruishengglassco.com\/","name":"Ruisheng Glass","description":"","publisher":{"@id":"https:\/\/ruishengglassco.com\/#organization"},"potentialAction":[{"@type":"SearchAction","target":{"@type":"EntryPoint","urlTemplate":"https:\/\/ruishengglassco.com\/?s={search_term_string}"},"query-input":"required name=search_term_string"}],"inLanguage":"es"},{"@type":"Organization","@id":"https:\/\/ruishengglassco.com\/#organization","name":"Shandong Yuncheng Ruisheng Glass Co., Ltd","url":"https:\/\/ruishengglassco.com\/","logo":{"@type":"ImageObject","inLanguage":"es","@id":"https:\/\/ruishengglassco.com\/#\/schema\/logo\/image\/","url":"https:\/\/ruishengglassco.com\/wp-content\/uploads\/2023\/09\/ruisheng_logo_icon.webp","contentUrl":"https:\/\/ruishengglassco.com\/wp-content\/uploads\/2023\/09\/ruisheng_logo_icon.webp","width":400,"height":233,"caption":"Shandong Yuncheng Ruisheng Glass Co., Ltd"},"image":{"@id":"https:\/\/ruishengglassco.com\/#\/schema\/logo\/image\/"},"sameAs":["https:\/\/www.facebook.com\/ruishengglassbottles","https:\/\/www.instagram.com\/Ruishengglassbottlewholesales\/","https:\/\/www.youtube.com\/channel\/UCMmbMNGwsL-XrtjfSFLCdVQ"]}]}},"_links":{"self":[{"href":"https:\/\/ruishengglassco.com\/es\/wp-json\/wp\/v2\/product\/4146","targetHints":{"allow":["GET"]}}],"collection":[{"href":"https:\/\/ruishengglassco.com\/es\/wp-json\/wp\/v2\/product"}],"about":[{"href":"https:\/\/ruishengglassco.com\/es\/wp-json\/wp\/v2\/types\/product"}],"replies":[{"embeddable":true,"href":"https:\/\/ruishengglassco.com\/es\/wp-json\/wp\/v2\/comments?post=4146"}],"wp:featuredmedia":[{"embeddable":true,"href":"https:\/\/ruishengglassco.com\/es\/wp-json\/wp\/v2\/media\/4144"}],"wp:attachment":[{"href":"https:\/\/ruishengglassco.com\/es\/wp-json\/wp\/v2\/media?parent=4146"}],"wp:term":[{"taxonomy":"product_cat","embeddable":true,"href":"https:\/\/ruishengglassco.com\/es\/wp-json\/wp\/v2\/product_cat?post=4146"}],"curies":[{"name":"wp","href":"https:\/\/api.w.org\/{rel}","templated":true}]}}