{"id":4141,"date":"2025-03-14T11:15:14","date_gmt":"2025-03-14T03:15:14","guid":{"rendered":"https:\/\/ruishengglassco.com\/?post_type=product&#038;p=4141"},"modified":"2025-09-12T08:37:31","modified_gmt":"2025-09-12T00:37:31","slug":"rs128-botella-xo-transparente-750ml","status":"publish","type":"product","link":"https:\/\/ruishengglassco.com\/es\/producto\/rs128-botella-xo-transparente-750ml","title":{"rendered":"RS128: Botella transparente de 750 ml de XO"},"content":{"rendered":"<p>Esta Transparente 750ml XO botella con tapones de corcho es una de nuestras ventas calientes 750ml botellas de vidrio al por mayor en el mundo. Es una forma familiar en las botellas de vidrio de 750ml XO.<\/p>\n<p>Nuestra botella transparente de 750ml XO est\u00e1 hecha de materias primas de alta calidad. Las botellas de vidrio de licor ser\u00e1 obvio, suave y no tan fr\u00e1gil como otras botellas de vidrio. Sin escarcha, es muy clara.<\/p>\n<p>Esta botella de 750 ml de XO no es una botella de cristal ligera; reconocer\u00e1 su textura cuando la tenga en la mano.<\/p>\n<h4>Los detalles de la botella XO transparente de 750 ml<\/h4>\n<p>La informaci\u00f3n de la botella de vidrio como bramido:<\/p>\n<ul>\n<li>Material principal: Vidrio s\u00faper s\u00edlex<\/li>\n<li>Tapa Corcho<\/li>\n<li>Referencia: RS128<\/li>\n<li>MOQ: 10000<\/li>\n<li>Capacidad:750 ml<\/li>\n<li>Pzs\/Ctn: 24pzs<\/li>\n<li>Origen del lugar: Shandong, China<\/li>\n<li>Caracter\u00edstica: Ecol\u00f3gico<\/li>\n<\/ul>\n<h4>Los tapones para esta botella de 750ML XO<\/h4>\n<p><span data-preserver-spaces=\"true\">En cuanto a los tapones utilizados para estas botellas XO de 750 ml, nuestra f\u00e1brica produce una gran variedad de tipos. Los diferentes materiales incluyen <\/span><span data-preserver-spaces=\"true\">corcho, como<\/span><span data-preserver-spaces=\"true\"> corcho de alto pol\u00edmero, corcho complejo y corcho de madera. Varios colores de corcho, como corcho dorado, corcho plateado, corcho negro y corcho de otros colores.<\/span><\/p>\n<p><span data-preserver-spaces=\"true\">Este cristal es apto para su uso en muchos pa\u00edses, como Estados Unidos, Europa, Australia y Rusia, entre otros. <\/span><span data-preserver-spaces=\"true\">Hemos establecido <\/span><span data-preserver-spaces=\"true\">cooperaci\u00f3n<\/span><span data-preserver-spaces=\"true\"> con <\/span><span data-preserver-spaces=\"true\">muchos<\/span><span data-preserver-spaces=\"true\"> clientes de todo el mundo y nos hemos ganado su buena reputaci\u00f3n.<\/span><\/p>\n<p><span data-preserver-spaces=\"true\">Nuestra empresa ha invertido en:<\/span><\/p>\n<ul>\n<li><span data-preserver-spaces=\"true\">Dos l\u00edneas de producci\u00f3n de m\u00e1quinas avanzadas 8S totalmente autom\u00e1ticas.<\/span><\/li>\n<li><span data-preserver-spaces=\"true\">Tres l\u00edneas de producci\u00f3n de m\u00e1quinas manuales CNC.<\/span><\/li>\n<li><span data-preserver-spaces=\"true\">Cuatro l\u00edneas de producci\u00f3n de m\u00e1quinas semiautom\u00e1ticas CNC.<\/span><\/li>\n<\/ul>\n<p><span data-preserver-spaces=\"true\">Nuestra f\u00e1brica tambi\u00e9n cuenta con dos conjuntos de m\u00e1quinas IS. La m\u00e1quina 8S y las m\u00e1quinas CNC <\/span><span data-preserver-spaces=\"true\">se utilizan<\/span><span data-preserver-spaces=\"true\"> producir botellas de vidrio de primera calidad - botellas de vidrio de pedernal de cena. La producci\u00f3n diaria es de 120.000 unidades. Las m\u00e1quinas IS <\/span><span data-preserver-spaces=\"true\">se utilizan<\/span><span data-preserver-spaces=\"true\"> para producir botellas de vidrio de calidad media, con un <\/span><span data-preserver-spaces=\"true\">salida<\/span><span data-preserver-spaces=\"true\"> de 200.000 piezas.<\/span><\/p>\n<p><span data-preserver-spaces=\"true\">Somos expertos fabricantes de botellas de vidrio para l\u00edquidos. Tambi\u00e9n podemos fabricar botellas de vidrio personalizadas en funci\u00f3n de lo que deseen nuestros clientes. Puede indicarnos lo que desea y nos encargaremos de que nuestro dise\u00f1ador lo cree para usted.<\/span><\/p>\n<p><span data-preserver-spaces=\"true\">Si desea pedir esta botella transparente de 750 ml de XO o solicitar informaci\u00f3n sobre botellas de vidrio personalizadas, <\/span><span data-preserver-spaces=\"true\">p\u00f3ngase en contacto con nosotros<\/span><span data-preserver-spaces=\"true\">y crearemos la botella que necesita.<\/span><\/p>\n<p><span data-preserver-spaces=\"true\">Adem\u00e1s de botellas XO de 750 ml, tambi\u00e9n ofrecemos botellas de vidrio de 100 ml para la venta al por mayor, botellas de vidrio de 250 ml con tap\u00f3n,\u00a0<\/span><a class=\"editor-rtfLink\" href=\"https:\/\/glassbottlewholesale.com\/375ml-long-neck-glass-bottles-with-t-cork\/\" target=\"_blank\" rel=\"noopener\"><span data-preserver-spaces=\"true\">botellas de vidrio transparente (375 ml)<\/span><\/a><span data-preserver-spaces=\"true\">Botellas de cristal peque\u00f1as (50 cl),<\/span><a class=\"editor-rtfLink\" href=\"https:\/\/glassbottlewholesale.com\/products\/1000ml-glass-bottles\/\" target=\"_blank\" rel=\"noopener\"><span data-preserver-spaces=\"true\"> Botellas de alcohol de 1000 ml<\/span><\/a><span data-preserver-spaces=\"true\">y mucho m\u00e1s. Si desea m\u00e1s informaci\u00f3n sobre nuestras botellas de vidrio al por mayor, p\u00f3ngase en contacto con nosotros. Le responderemos lo antes posible. <\/span><span data-preserver-spaces=\"true\">Nuestra <\/span><span data-preserver-spaces=\"true\">apuntar<\/span><span data-preserver-spaces=\"true\"> es <\/span><span data-preserver-spaces=\"true\">hacer un<\/span><span data-preserver-spaces=\"true\"> vidrio de alta calidad <\/span><span data-preserver-spaces=\"true\">botella<\/span><span data-preserver-spaces=\"true\"> y <\/span><span data-preserver-spaces=\"true\">oferta<\/span><span data-preserver-spaces=\"true\"> el mejor servicio <\/span><span data-preserver-spaces=\"true\">para<\/span><span data-preserver-spaces=\"true\"> clientes <\/span><span data-preserver-spaces=\"true\">de todo el mundo<\/span><span data-preserver-spaces=\"true\">.<\/span><\/p>","protected":false},"excerpt":{"rendered":"<p>Nuestra botella transparente de 750ml XO est\u00e1 hecha de materia prima de primera calidad. Las botellas de vidrio de licor ser\u00e1n muy claras, lisas y menos fr\u00e1giles que otras botellas de vidrio. Sin escarcha, es muy clara. Esta botella Transparente 750ml XO no es una botella de vidrio ligera, usted sabr\u00e1 su textura cuando la tenga en su mano.<\/p>","protected":false},"featured_media":4142,"comment_status":"closed","ping_status":"closed","template":"","meta":[],"product_cat":[40,58],"class_list":{"0":"post-4141","1":"product","2":"type-product","3":"status-publish","4":"has-post-thumbnail","6":"product_cat-750ml-liquor-bottle-manufacturer","7":"product_cat-brandy-bottle","9":"first","10":"instock","11":"shipping-taxable","12":"product-type-simple"},"yoast_head":"<!-- This site is optimized with the Yoast SEO plugin v22.0 - https:\/\/yoast.com\/wordpress\/plugins\/seo\/ -->\n<title>Transparent 750ml XO Bottle Price | Cognac Bottle Supplier<\/title>\n<meta name=\"description\" content=\"Ruisheng, a professional cognac bottle manufacturer, wholesale empty glass bottle for XO, Cognac. Get wholesale transparent 750ml xo bottle price here.\" \/>\n<meta name=\"robots\" content=\"index, follow, max-snippet:-1, max-image-preview:large, max-video-preview:-1\" \/>\n<link rel=\"canonical\" href=\"https:\/\/ruishengglassco.com\/es\/producto\/rs128-botella-xo-transparente-750ml\" \/>\n<meta property=\"og:locale\" content=\"es_ES\" \/>\n<meta property=\"og:type\" content=\"article\" \/>\n<meta property=\"og:title\" content=\"Transparent 750ml XO Bottle Price | Cognac Bottle Supplier\" \/>\n<meta property=\"og:description\" content=\"Ruisheng, a professional cognac bottle manufacturer, wholesale empty glass bottle for XO, Cognac. Get wholesale transparent 750ml xo bottle price here.\" \/>\n<meta property=\"og:url\" content=\"https:\/\/ruishengglassco.com\/es\/producto\/rs128-botella-xo-transparente-750ml\" \/>\n<meta property=\"article:publisher\" content=\"https:\/\/www.facebook.com\/ruishengglassbottles\" \/>\n<meta property=\"article:modified_time\" content=\"2025-09-12T00:37:31+00:00\" \/>\n<meta property=\"og:image\" content=\"https:\/\/ruishengglassco.com\/wp-content\/uploads\/2025\/03\/Transparent-750ml-XO-Bottle.webp\" \/>\n\t<meta property=\"og:image:width\" content=\"800\" \/>\n\t<meta property=\"og:image:height\" content=\"800\" \/>\n\t<meta property=\"og:image:type\" content=\"image\/webp\" \/>\n<meta name=\"twitter:card\" content=\"summary_large_image\" \/>\n<meta name=\"twitter:label1\" content=\"Tiempo de lectura\" \/>\n\t<meta name=\"twitter:data1\" content=\"3 minutos\" \/>\n<script type=\"application\/ld+json\" class=\"yoast-schema-graph\">{\"@context\":\"https:\/\/schema.org\",\"@graph\":[{\"@type\":\"WebPage\",\"@id\":\"https:\/\/ruishengglassco.com\/product\/rs128-transparent-750ml-xo-bottle\",\"url\":\"https:\/\/ruishengglassco.com\/product\/rs128-transparent-750ml-xo-bottle\",\"name\":\"Transparent 750ml XO Bottle Price | Cognac Bottle Supplier\",\"isPartOf\":{\"@id\":\"https:\/\/ruishengglassco.com\/#website\"},\"datePublished\":\"2025-03-14T03:15:14+00:00\",\"dateModified\":\"2025-09-12T00:37:31+00:00\",\"description\":\"Ruisheng, a professional cognac bottle manufacturer, wholesale empty glass bottle for XO, Cognac. Get wholesale transparent 750ml xo bottle price here.\",\"breadcrumb\":{\"@id\":\"https:\/\/ruishengglassco.com\/product\/rs128-transparent-750ml-xo-bottle#breadcrumb\"},\"inLanguage\":\"es\",\"potentialAction\":[{\"@type\":\"ReadAction\",\"target\":[\"https:\/\/ruishengglassco.com\/product\/rs128-transparent-750ml-xo-bottle\"]}]},{\"@type\":\"BreadcrumbList\",\"@id\":\"https:\/\/ruishengglassco.com\/product\/rs128-transparent-750ml-xo-bottle#breadcrumb\",\"itemListElement\":[{\"@type\":\"ListItem\",\"position\":1,\"name\":\"Home\",\"item\":\"https:\/\/ruishengglassco.com\/\"},{\"@type\":\"ListItem\",\"position\":2,\"name\":\"Products\",\"item\":\"https:\/\/ruishengglassco.com\/products\"},{\"@type\":\"ListItem\",\"position\":3,\"name\":\"RS128: Transparent 750ml XO Bottle\"}]},{\"@type\":\"WebSite\",\"@id\":\"https:\/\/ruishengglassco.com\/#website\",\"url\":\"https:\/\/ruishengglassco.com\/\",\"name\":\"Ruisheng Glass\",\"description\":\"\",\"publisher\":{\"@id\":\"https:\/\/ruishengglassco.com\/#organization\"},\"potentialAction\":[{\"@type\":\"SearchAction\",\"target\":{\"@type\":\"EntryPoint\",\"urlTemplate\":\"https:\/\/ruishengglassco.com\/?s={search_term_string}\"},\"query-input\":\"required name=search_term_string\"}],\"inLanguage\":\"es\"},{\"@type\":\"Organization\",\"@id\":\"https:\/\/ruishengglassco.com\/#organization\",\"name\":\"Shandong Yuncheng Ruisheng Glass Co., Ltd\",\"url\":\"https:\/\/ruishengglassco.com\/\",\"logo\":{\"@type\":\"ImageObject\",\"inLanguage\":\"es\",\"@id\":\"https:\/\/ruishengglassco.com\/#\/schema\/logo\/image\/\",\"url\":\"https:\/\/ruishengglassco.com\/wp-content\/uploads\/2023\/09\/ruisheng_logo_icon.webp\",\"contentUrl\":\"https:\/\/ruishengglassco.com\/wp-content\/uploads\/2023\/09\/ruisheng_logo_icon.webp\",\"width\":400,\"height\":233,\"caption\":\"Shandong Yuncheng Ruisheng Glass Co., Ltd\"},\"image\":{\"@id\":\"https:\/\/ruishengglassco.com\/#\/schema\/logo\/image\/\"},\"sameAs\":[\"https:\/\/www.facebook.com\/ruishengglassbottles\",\"https:\/\/www.instagram.com\/Ruishengglassbottlewholesales\/\",\"https:\/\/www.youtube.com\/channel\/UCMmbMNGwsL-XrtjfSFLCdVQ\"]}]}<\/script>\n<!-- \/ Yoast SEO plugin. -->","yoast_head_json":{"title":"Transparent 750ml XO Bottle Price | Cognac Bottle Supplier","description":"Ruisheng, a professional cognac bottle manufacturer, wholesale empty glass bottle for XO, Cognac. Get wholesale transparent 750ml xo bottle price here.","robots":{"index":"index","follow":"follow","max-snippet":"max-snippet:-1","max-image-preview":"max-image-preview:large","max-video-preview":"max-video-preview:-1"},"canonical":"https:\/\/ruishengglassco.com\/es\/producto\/rs128-botella-xo-transparente-750ml","og_locale":"es_ES","og_type":"article","og_title":"Transparent 750ml XO Bottle Price | Cognac Bottle Supplier","og_description":"Ruisheng, a professional cognac bottle manufacturer, wholesale empty glass bottle for XO, Cognac. Get wholesale transparent 750ml xo bottle price here.","og_url":"https:\/\/ruishengglassco.com\/es\/producto\/rs128-botella-xo-transparente-750ml","article_publisher":"https:\/\/www.facebook.com\/ruishengglassbottles","article_modified_time":"2025-09-12T00:37:31+00:00","og_image":[{"width":800,"height":800,"url":"https:\/\/ruishengglassco.com\/wp-content\/uploads\/2025\/03\/Transparent-750ml-XO-Bottle.webp","type":"image\/webp"}],"twitter_card":"summary_large_image","twitter_misc":{"Tiempo de lectura":"3 minutos"},"schema":{"@context":"https:\/\/schema.org","@graph":[{"@type":"WebPage","@id":"https:\/\/ruishengglassco.com\/product\/rs128-transparent-750ml-xo-bottle","url":"https:\/\/ruishengglassco.com\/product\/rs128-transparent-750ml-xo-bottle","name":"Transparent 750ml XO Bottle Price | Cognac Bottle Supplier","isPartOf":{"@id":"https:\/\/ruishengglassco.com\/#website"},"datePublished":"2025-03-14T03:15:14+00:00","dateModified":"2025-09-12T00:37:31+00:00","description":"Ruisheng, a professional cognac bottle manufacturer, wholesale empty glass bottle for XO, Cognac. Get wholesale transparent 750ml xo bottle price here.","breadcrumb":{"@id":"https:\/\/ruishengglassco.com\/product\/rs128-transparent-750ml-xo-bottle#breadcrumb"},"inLanguage":"es","potentialAction":[{"@type":"ReadAction","target":["https:\/\/ruishengglassco.com\/product\/rs128-transparent-750ml-xo-bottle"]}]},{"@type":"BreadcrumbList","@id":"https:\/\/ruishengglassco.com\/product\/rs128-transparent-750ml-xo-bottle#breadcrumb","itemListElement":[{"@type":"ListItem","position":1,"name":"Home","item":"https:\/\/ruishengglassco.com\/"},{"@type":"ListItem","position":2,"name":"Products","item":"https:\/\/ruishengglassco.com\/products"},{"@type":"ListItem","position":3,"name":"RS128: Transparent 750ml XO Bottle"}]},{"@type":"WebSite","@id":"https:\/\/ruishengglassco.com\/#website","url":"https:\/\/ruishengglassco.com\/","name":"Ruisheng Glass","description":"","publisher":{"@id":"https:\/\/ruishengglassco.com\/#organization"},"potentialAction":[{"@type":"SearchAction","target":{"@type":"EntryPoint","urlTemplate":"https:\/\/ruishengglassco.com\/?s={search_term_string}"},"query-input":"required name=search_term_string"}],"inLanguage":"es"},{"@type":"Organization","@id":"https:\/\/ruishengglassco.com\/#organization","name":"Shandong Yuncheng Ruisheng Glass Co., Ltd","url":"https:\/\/ruishengglassco.com\/","logo":{"@type":"ImageObject","inLanguage":"es","@id":"https:\/\/ruishengglassco.com\/#\/schema\/logo\/image\/","url":"https:\/\/ruishengglassco.com\/wp-content\/uploads\/2023\/09\/ruisheng_logo_icon.webp","contentUrl":"https:\/\/ruishengglassco.com\/wp-content\/uploads\/2023\/09\/ruisheng_logo_icon.webp","width":400,"height":233,"caption":"Shandong Yuncheng Ruisheng Glass Co., Ltd"},"image":{"@id":"https:\/\/ruishengglassco.com\/#\/schema\/logo\/image\/"},"sameAs":["https:\/\/www.facebook.com\/ruishengglassbottles","https:\/\/www.instagram.com\/Ruishengglassbottlewholesales\/","https:\/\/www.youtube.com\/channel\/UCMmbMNGwsL-XrtjfSFLCdVQ"]}]}},"_links":{"self":[{"href":"https:\/\/ruishengglassco.com\/es\/wp-json\/wp\/v2\/product\/4141","targetHints":{"allow":["GET"]}}],"collection":[{"href":"https:\/\/ruishengglassco.com\/es\/wp-json\/wp\/v2\/product"}],"about":[{"href":"https:\/\/ruishengglassco.com\/es\/wp-json\/wp\/v2\/types\/product"}],"replies":[{"embeddable":true,"href":"https:\/\/ruishengglassco.com\/es\/wp-json\/wp\/v2\/comments?post=4141"}],"wp:featuredmedia":[{"embeddable":true,"href":"https:\/\/ruishengglassco.com\/es\/wp-json\/wp\/v2\/media\/4142"}],"wp:attachment":[{"href":"https:\/\/ruishengglassco.com\/es\/wp-json\/wp\/v2\/media?parent=4141"}],"wp:term":[{"taxonomy":"product_cat","embeddable":true,"href":"https:\/\/ruishengglassco.com\/es\/wp-json\/wp\/v2\/product_cat?post=4141"}],"curies":[{"name":"wp","href":"https:\/\/api.w.org\/{rel}","templated":true}]}}