{"id":4131,"date":"2025-03-14T09:41:31","date_gmt":"2025-03-14T01:41:31","guid":{"rendered":"https:\/\/ruishengglassco.com\/?post_type=product&#038;p=4131"},"modified":"2026-01-05T09:07:54","modified_gmt":"2026-01-05T01:07:54","slug":"rs136-750ml-licor-unico-decantador-botella-de-vidrio-para-la-venta","status":"publish","type":"product","link":"https:\/\/ruishengglassco.com\/es\/producto\/rs136-750ml-licor-unico-decantador-botella-de-vidrio-para-la-venta","title":{"rendered":"RS136: 1000ml botella de vidrio decantador de licor \u00fanico para la venta"},"content":{"rendered":"<p>Como uno de los mayores fabricantes de garrafas de licor vac\u00edas de China, Ruisheng se ha centrado en la fabricaci\u00f3n de botellas de vidrio desde 2009. Estas botellas de vidrio \u00fanicas est\u00e1n a la venta. Est\u00e1n hechas de vidrio de alto pedernal. Esto las hace claras, duraderas y suaves. Se utilizan principalmente para el envasado de licor de alta calidad.<\/p>\n<p>Tenemos a la venta una botella de licor \u00fanica de 1000ml. Tambi\u00e9n vendemos botellas de vidrio \u00fanicas al por mayor para Brandy, Vodka, Whisky, Ginebra, Ron, y m\u00e1s. Como proveedor especializado en botellas de vidrio vac\u00edas para licores, ofrecemos servicios OEM\/ODM. Esto incluye el dise\u00f1o de botellas de vidrio, impresi\u00f3n de logotipos y corchos personalizados.<\/p>\n<h4>Botella de vidrio \u00fanica a granel para licor<\/h4>\n<p>La informaci\u00f3n sobre la botella de vidrio es la siguiente:<\/p>\n<ul>\n<li>Material principal: vidrio de alto s\u00edlex<\/li>\n<li>Tap\u00f3n: corcho<\/li>\n<li>Referencia: RS136<\/li>\n<li>MOQ: 10000 PCS<\/li>\n<li>Capacidad: 1000 ml<\/li>\n<li>Pzs\/Ctn: 24pzs<\/li>\n<li>Origen del lugar: Shandong, China<\/li>\n<li>Caracter\u00edstica: Ecol\u00f3gico<\/li>\n<\/ul>\n<p data-block-id=\"c308a2be-d8aa-46f8-b690-e3349108e148\" data-pm-slice=\"1 1 []\">Ofrecemos la botella de vidrio para bebidas espirituosas de 1000 ml en diferentes formas. Puede elegir entre botellas con forma de coraz\u00f3n, de torre o de calavera.<\/p>\n<p data-block-id=\"38688893-bfb4-4968-97bd-5187795502b6\">Despu\u00e9s de diez a\u00f1os de desarrollo, nuestra botella de vidrio para licor de 1000ml se exporta a 30 pa\u00edses. Estos incluyen el Reino Unido, EE.UU., Australia, Canad\u00e1, Francia, Alemania, Espa\u00f1a, Portugal, Egipto, y m\u00e1s. Todos los productos gozan de una gran reputaci\u00f3n por su innovaci\u00f3n y funcionalidad.<\/p>\n<p data-block-id=\"6487c633-639b-42df-80d4-58ff6419e278\">Le invitamos a visitar nuestra f\u00e1brica. Esperamos que le gusten nuestras botellas \u00fanicas y haga un pedido.<\/p>\n<p><span data-preserver-spaces=\"true\">Si est\u00e1 interesado en comprar un decantador de licor a granel, por favor <\/span><a class=\"editor-rtfLink\" href=\"https:\/\/glassbottlewholesale.com\/contact\/\" target=\"_blank\" rel=\"noopener\"><span data-preserver-spaces=\"true\">no dude en ponerse en contacto con nosotros<\/span><\/a><span data-preserver-spaces=\"true\">. Le responderemos en un plazo de 24 horas.<\/span><\/p>","protected":false},"excerpt":{"rendered":"<p data-block-id=\"81d268da-2813-4ee7-996f-ec51961a3074\" data-pm-slice=\"1 1 []\">Las tendencias de la moda van y vienen, pero la verdadera elegancia siempre estar\u00e1 de moda. Estas exclusivas botellas de cristal est\u00e1n a la venta a granel. Tienen una gran calidad y un estilo cl\u00e1sico. Aportar\u00e1n elegancia a su bebida espirituosa. Dise\u00f1o cl\u00e1sico con cuello estrecho y tap\u00f3n de corcho a juego, perfectas para Whisky, Vodka, Brandy y otras bebidas alcoh\u00f3licas.<\/p>\n<p>Botella de vidrio de forma \u00fanica a granel Informaci\u00f3n:<\/p>\n<ul>\n<li>Referencia: RS136<\/li>\n<li><strong>Se ofrece servicio OEM\/ODM. MOQ:10000pcs(10000 PCS)<\/strong><\/li>\n<li>Tapa: Corcho o a medida<\/li>\n<li>Material: Vidrio de alto s\u00edlex<\/li>\n<li>Altura de la botella:155 mm<\/li>\n<li>Di\u00e1metro de la botella: 56,5 mm<\/li>\n<\/ul>","protected":false},"featured_media":4132,"comment_status":"closed","ping_status":"closed","template":"","meta":[],"product_cat":[15,40],"class_list":{"0":"post-4131","1":"product","2":"type-product","3":"status-publish","4":"has-post-thumbnail","6":"product_cat-glass-liquor-spirit-bottles","7":"product_cat-750ml-liquor-bottle-manufacturer","9":"first","10":"instock","11":"shipping-taxable","12":"product-type-simple"},"yoast_head":"<!-- This site is optimized with the Yoast SEO plugin v22.0 - https:\/\/yoast.com\/wordpress\/plugins\/seo\/ -->\n<title>RS136: 1000ml Unique Liquor Decanter Glass Bottle for Sale<\/title>\n<meta name=\"description\" content=\"Buy Bulk Unique Glass Bottle For Sale From China Liquor Bottle Manufacturer. Factory Outlet 1000ml Glass Spirit Bottle Wholesale In Cheap Price.\" \/>\n<meta name=\"robots\" content=\"index, follow, max-snippet:-1, max-image-preview:large, max-video-preview:-1\" \/>\n<link rel=\"canonical\" href=\"https:\/\/ruishengglassco.com\/es\/producto\/rs136-750ml-licor-unico-decantador-botella-de-vidrio-para-la-venta\" \/>\n<meta property=\"og:locale\" content=\"es_ES\" \/>\n<meta property=\"og:type\" content=\"article\" \/>\n<meta property=\"og:title\" content=\"RS136: 1000ml Unique Liquor Decanter Glass Bottle for Sale\" \/>\n<meta property=\"og:description\" content=\"Buy Bulk Unique Glass Bottle For Sale From China Liquor Bottle Manufacturer. Factory Outlet 1000ml Glass Spirit Bottle Wholesale In Cheap Price.\" \/>\n<meta property=\"og:url\" content=\"https:\/\/ruishengglassco.com\/es\/producto\/rs136-750ml-licor-unico-decantador-botella-de-vidrio-para-la-venta\" \/>\n<meta property=\"article:publisher\" content=\"https:\/\/www.facebook.com\/ruishengglassbottles\" \/>\n<meta property=\"article:modified_time\" content=\"2026-01-05T01:07:54+00:00\" \/>\n<meta property=\"og:image\" content=\"https:\/\/ruishengglassco.com\/wp-content\/uploads\/2025\/03\/750ml-Unique-Liquor-Decanter-Glass-Bottle-for-Sale.webp\" \/>\n\t<meta property=\"og:image:width\" content=\"400\" \/>\n\t<meta property=\"og:image:height\" content=\"400\" \/>\n\t<meta property=\"og:image:type\" content=\"image\/webp\" \/>\n<meta name=\"twitter:card\" content=\"summary_large_image\" \/>\n<meta name=\"twitter:label1\" content=\"Tiempo de lectura\" \/>\n\t<meta name=\"twitter:data1\" content=\"2 minutos\" \/>\n<script type=\"application\/ld+json\" class=\"yoast-schema-graph\">{\"@context\":\"https:\/\/schema.org\",\"@graph\":[{\"@type\":\"WebPage\",\"@id\":\"https:\/\/ruishengglassco.com\/product\/rs136-750ml-unique-liquor-decanter-glass-bottle-for-sale\",\"url\":\"https:\/\/ruishengglassco.com\/product\/rs136-750ml-unique-liquor-decanter-glass-bottle-for-sale\",\"name\":\"RS136: 1000ml Unique Liquor Decanter Glass Bottle for Sale\",\"isPartOf\":{\"@id\":\"https:\/\/ruishengglassco.com\/#website\"},\"datePublished\":\"2025-03-14T01:41:31+00:00\",\"dateModified\":\"2026-01-05T01:07:54+00:00\",\"description\":\"Buy Bulk Unique Glass Bottle For Sale From China Liquor Bottle Manufacturer. Factory Outlet 1000ml Glass Spirit Bottle Wholesale In Cheap Price.\",\"breadcrumb\":{\"@id\":\"https:\/\/ruishengglassco.com\/product\/rs136-750ml-unique-liquor-decanter-glass-bottle-for-sale#breadcrumb\"},\"inLanguage\":\"es\",\"potentialAction\":[{\"@type\":\"ReadAction\",\"target\":[\"https:\/\/ruishengglassco.com\/product\/rs136-750ml-unique-liquor-decanter-glass-bottle-for-sale\"]}]},{\"@type\":\"BreadcrumbList\",\"@id\":\"https:\/\/ruishengglassco.com\/product\/rs136-750ml-unique-liquor-decanter-glass-bottle-for-sale#breadcrumb\",\"itemListElement\":[{\"@type\":\"ListItem\",\"position\":1,\"name\":\"Home\",\"item\":\"https:\/\/ruishengglassco.com\/\"},{\"@type\":\"ListItem\",\"position\":2,\"name\":\"Products\",\"item\":\"https:\/\/ruishengglassco.com\/products\"},{\"@type\":\"ListItem\",\"position\":3,\"name\":\"RS136: 1000ml Unique Liquor Decanter Glass Bottle for Sale\"}]},{\"@type\":\"WebSite\",\"@id\":\"https:\/\/ruishengglassco.com\/#website\",\"url\":\"https:\/\/ruishengglassco.com\/\",\"name\":\"Ruisheng Glass\",\"description\":\"\",\"publisher\":{\"@id\":\"https:\/\/ruishengglassco.com\/#organization\"},\"potentialAction\":[{\"@type\":\"SearchAction\",\"target\":{\"@type\":\"EntryPoint\",\"urlTemplate\":\"https:\/\/ruishengglassco.com\/?s={search_term_string}\"},\"query-input\":\"required name=search_term_string\"}],\"inLanguage\":\"es\"},{\"@type\":\"Organization\",\"@id\":\"https:\/\/ruishengglassco.com\/#organization\",\"name\":\"Shandong Yuncheng Ruisheng Glass Co., Ltd\",\"url\":\"https:\/\/ruishengglassco.com\/\",\"logo\":{\"@type\":\"ImageObject\",\"inLanguage\":\"es\",\"@id\":\"https:\/\/ruishengglassco.com\/#\/schema\/logo\/image\/\",\"url\":\"https:\/\/ruishengglassco.com\/wp-content\/uploads\/2023\/09\/ruisheng_logo_icon.webp\",\"contentUrl\":\"https:\/\/ruishengglassco.com\/wp-content\/uploads\/2023\/09\/ruisheng_logo_icon.webp\",\"width\":400,\"height\":233,\"caption\":\"Shandong Yuncheng Ruisheng Glass Co., Ltd\"},\"image\":{\"@id\":\"https:\/\/ruishengglassco.com\/#\/schema\/logo\/image\/\"},\"sameAs\":[\"https:\/\/www.facebook.com\/ruishengglassbottles\",\"https:\/\/www.instagram.com\/Ruishengglassbottlewholesales\/\",\"https:\/\/www.youtube.com\/channel\/UCMmbMNGwsL-XrtjfSFLCdVQ\"]}]}<\/script>\n<!-- \/ Yoast SEO plugin. -->","yoast_head_json":{"title":"RS136: 1000ml Unique Liquor Decanter Glass Bottle for Sale","description":"Buy Bulk Unique Glass Bottle For Sale From China Liquor Bottle Manufacturer. Factory Outlet 1000ml Glass Spirit Bottle Wholesale In Cheap Price.","robots":{"index":"index","follow":"follow","max-snippet":"max-snippet:-1","max-image-preview":"max-image-preview:large","max-video-preview":"max-video-preview:-1"},"canonical":"https:\/\/ruishengglassco.com\/es\/producto\/rs136-750ml-licor-unico-decantador-botella-de-vidrio-para-la-venta","og_locale":"es_ES","og_type":"article","og_title":"RS136: 1000ml Unique Liquor Decanter Glass Bottle for Sale","og_description":"Buy Bulk Unique Glass Bottle For Sale From China Liquor Bottle Manufacturer. Factory Outlet 1000ml Glass Spirit Bottle Wholesale In Cheap Price.","og_url":"https:\/\/ruishengglassco.com\/es\/producto\/rs136-750ml-licor-unico-decantador-botella-de-vidrio-para-la-venta","article_publisher":"https:\/\/www.facebook.com\/ruishengglassbottles","article_modified_time":"2026-01-05T01:07:54+00:00","og_image":[{"width":400,"height":400,"url":"https:\/\/ruishengglassco.com\/wp-content\/uploads\/2025\/03\/750ml-Unique-Liquor-Decanter-Glass-Bottle-for-Sale.webp","type":"image\/webp"}],"twitter_card":"summary_large_image","twitter_misc":{"Tiempo de lectura":"2 minutos"},"schema":{"@context":"https:\/\/schema.org","@graph":[{"@type":"WebPage","@id":"https:\/\/ruishengglassco.com\/product\/rs136-750ml-unique-liquor-decanter-glass-bottle-for-sale","url":"https:\/\/ruishengglassco.com\/product\/rs136-750ml-unique-liquor-decanter-glass-bottle-for-sale","name":"RS136: 1000ml Unique Liquor Decanter Glass Bottle for Sale","isPartOf":{"@id":"https:\/\/ruishengglassco.com\/#website"},"datePublished":"2025-03-14T01:41:31+00:00","dateModified":"2026-01-05T01:07:54+00:00","description":"Buy Bulk Unique Glass Bottle For Sale From China Liquor Bottle Manufacturer. Factory Outlet 1000ml Glass Spirit Bottle Wholesale In Cheap Price.","breadcrumb":{"@id":"https:\/\/ruishengglassco.com\/product\/rs136-750ml-unique-liquor-decanter-glass-bottle-for-sale#breadcrumb"},"inLanguage":"es","potentialAction":[{"@type":"ReadAction","target":["https:\/\/ruishengglassco.com\/product\/rs136-750ml-unique-liquor-decanter-glass-bottle-for-sale"]}]},{"@type":"BreadcrumbList","@id":"https:\/\/ruishengglassco.com\/product\/rs136-750ml-unique-liquor-decanter-glass-bottle-for-sale#breadcrumb","itemListElement":[{"@type":"ListItem","position":1,"name":"Home","item":"https:\/\/ruishengglassco.com\/"},{"@type":"ListItem","position":2,"name":"Products","item":"https:\/\/ruishengglassco.com\/products"},{"@type":"ListItem","position":3,"name":"RS136: 1000ml Unique Liquor Decanter Glass Bottle for Sale"}]},{"@type":"WebSite","@id":"https:\/\/ruishengglassco.com\/#website","url":"https:\/\/ruishengglassco.com\/","name":"Ruisheng Glass","description":"","publisher":{"@id":"https:\/\/ruishengglassco.com\/#organization"},"potentialAction":[{"@type":"SearchAction","target":{"@type":"EntryPoint","urlTemplate":"https:\/\/ruishengglassco.com\/?s={search_term_string}"},"query-input":"required name=search_term_string"}],"inLanguage":"es"},{"@type":"Organization","@id":"https:\/\/ruishengglassco.com\/#organization","name":"Shandong Yuncheng Ruisheng Glass Co., Ltd","url":"https:\/\/ruishengglassco.com\/","logo":{"@type":"ImageObject","inLanguage":"es","@id":"https:\/\/ruishengglassco.com\/#\/schema\/logo\/image\/","url":"https:\/\/ruishengglassco.com\/wp-content\/uploads\/2023\/09\/ruisheng_logo_icon.webp","contentUrl":"https:\/\/ruishengglassco.com\/wp-content\/uploads\/2023\/09\/ruisheng_logo_icon.webp","width":400,"height":233,"caption":"Shandong Yuncheng Ruisheng Glass Co., Ltd"},"image":{"@id":"https:\/\/ruishengglassco.com\/#\/schema\/logo\/image\/"},"sameAs":["https:\/\/www.facebook.com\/ruishengglassbottles","https:\/\/www.instagram.com\/Ruishengglassbottlewholesales\/","https:\/\/www.youtube.com\/channel\/UCMmbMNGwsL-XrtjfSFLCdVQ"]}]}},"_links":{"self":[{"href":"https:\/\/ruishengglassco.com\/es\/wp-json\/wp\/v2\/product\/4131","targetHints":{"allow":["GET"]}}],"collection":[{"href":"https:\/\/ruishengglassco.com\/es\/wp-json\/wp\/v2\/product"}],"about":[{"href":"https:\/\/ruishengglassco.com\/es\/wp-json\/wp\/v2\/types\/product"}],"replies":[{"embeddable":true,"href":"https:\/\/ruishengglassco.com\/es\/wp-json\/wp\/v2\/comments?post=4131"}],"wp:featuredmedia":[{"embeddable":true,"href":"https:\/\/ruishengglassco.com\/es\/wp-json\/wp\/v2\/media\/4132"}],"wp:attachment":[{"href":"https:\/\/ruishengglassco.com\/es\/wp-json\/wp\/v2\/media?parent=4131"}],"wp:term":[{"taxonomy":"product_cat","embeddable":true,"href":"https:\/\/ruishengglassco.com\/es\/wp-json\/wp\/v2\/product_cat?post=4131"}],"curies":[{"name":"wp","href":"https:\/\/api.w.org\/{rel}","templated":true}]}}