{"id":4129,"date":"2025-03-14T09:31:32","date_gmt":"2025-03-14T01:31:32","guid":{"rendered":"https:\/\/ruishengglassco.com\/?post_type=product&#038;p=4129"},"modified":"2025-07-16T14:47:08","modified_gmt":"2025-07-16T06:47:08","slug":"rs137-comprar-frasco-de-vidrio-con-tapa","status":"publish","type":"product","link":"https:\/\/ruishengglassco.com\/es\/producto\/rs137-comprar-frasco-de-vidrio-con-tapa","title":{"rendered":"RS137: Comprar frascos de vidrio con tapa"},"content":{"rendered":"<p><span data-preserver-spaces=\"true\">La botella de vidrio transparente de 750 ml para licor <\/span><span data-preserver-spaces=\"true\">se fabrica<\/span><span data-preserver-spaces=\"true\"> de Shandong Yuncheng Ruisheng Glass Co., Ltd. Nuestra empresa es uno de los mayores fabricantes de superpedernal<\/span><a class=\"editor-rtfLink\" href=\"https:\/\/glassbottlewholesale.com\/about-us\/\" target=\"_blank\" rel=\"noopener\"><span data-preserver-spaces=\"true\"> botellas de licor en<\/span><\/a><span data-preserver-spaces=\"true\"> China. Nuestra empresa cuenta con m\u00e1s de 500 empleados y un equipo de ingenieros cualificados. Con nuestra rica experiencia, hemos establecido una buena reputaci\u00f3n en todo el mundo.<\/span><\/p>\n<p><span data-preserver-spaces=\"true\">La botella de 750 ml para bebidas espirituosas al por mayor incluye corchos y <\/span><span data-preserver-spaces=\"true\">se elabora<\/span><span data-preserver-spaces=\"true\"> de vidrio de s\u00edlex de alta calidad. Este tipo de vidrio es transparente, duradero y suave al tacto. <\/span><span data-preserver-spaces=\"true\">Es <\/span><span data-preserver-spaces=\"true\">perfecto<\/span><span data-preserver-spaces=\"true\"> para envasar licores, vodka, brandy, whisky y <\/span><span data-preserver-spaces=\"true\">m\u00e1s<\/span><span data-preserver-spaces=\"true\">.<\/span><\/p>\n<p><span data-preserver-spaces=\"true\">Ruisheng es un fabricante l\u00edder de botellas de licor con tap\u00f3n de corcho al por mayor. Fabricamos botellas de vidrio de alta calidad para vodka, brandy, whisky, licores y mermeladas. Tambi\u00e9n podemos ofrecer botellas de licor de varios colores al por mayor. Las opciones incluyen botellas de vidrio \u00e1mbar, verde, blanco y transparente. Nuestros principales mercados incluyen el Reino Unido, Estados Unidos, Australia, Canad\u00e1 y otras regiones. Todos los productos gozan de una gran reputaci\u00f3n por su innovaci\u00f3n y funcionalidad.<\/span><\/p>\n<p><span data-preserver-spaces=\"true\">\u00bfY c\u00f3mo elegir las botellas de vidrio para e-l\u00edquido? Por favor, seleccione la correcta botella de vidrio transparente para el licor. La primera es la calidad de las botellas de l\u00edquido. De alta calidad<\/span><a class=\"editor-rtfLink\" href=\"https:\/\/glassbottlewholesale.com\/our-products\/\" target=\"_blank\" rel=\"noopener\"><span data-preserver-spaces=\"true\"> botellas de vidrio lata<\/span><\/a><span data-preserver-spaces=\"true\"> garantizar la calidad del licor y aumentar su valor. Adem\u00e1s, los clientes tambi\u00e9n deben prestar atenci\u00f3n a la calidad de los productos de licor, al sabor del licor y a la propaganda cultural a la hora de seleccionar una botella de vidrio para l\u00edquidos.\u00a0<\/span><span data-preserver-spaces=\"true\">En <\/span><span data-preserver-spaces=\"true\">comprar<\/span><span data-preserver-spaces=\"true\"> botellas de licor, <\/span><span data-preserver-spaces=\"true\">elija<\/span><span data-preserver-spaces=\"true\"> a <\/span><span data-preserver-spaces=\"true\">fiable<\/span><span data-preserver-spaces=\"true\"> fabricante.<\/span> <span data-preserver-spaces=\"true\">Este<\/span><span data-preserver-spaces=\"true\"> contribuye a garantizar la calidad y el precio de las botellas.<\/span><\/p>\n<p><span data-preserver-spaces=\"true\">Si est\u00e1 interesado en esta Botella de Vidrio Transparente para Licor de 750ml, <\/span><span data-preserver-spaces=\"true\">p\u00f3ngase en contacto con nosotros<\/span><span data-preserver-spaces=\"true\">.<\/span><span data-preserver-spaces=\"true\"> Le responderemos en un plazo de 24 horas.<\/span><\/p>","protected":false},"excerpt":{"rendered":"<p>Botella de cristal transparente de 750 ml de forma redonda para licores. El hermoso color del licor se muestra a trav\u00e9s del vidrio super-flint, funciona para Whisky, Brandy, Vodka, etc. Disponible con tap\u00f3n de corcho.<\/p>\n<p>Custom 750ml botella de vidrio Esp\u00edritu Venta al por mayor Detalles:<\/p>\n<ul>\n<li>Referencia: RS137<\/li>\n<li><strong>Se ofrece servicio OEM\/ODM. MOQ:10000pcs<\/strong><\/li>\n<li>Tap\u00f3n: Tap\u00f3n de rosca\/Corcho<\/li>\n<li>Material: Vidrio de alto s\u00edlex<\/li>\n<li>Entrega: Muestra gratuita ofrecida dentro de 3-7 d\u00edas. Orden a granel en el plazo de 30 d\u00edas.<\/li>\n<li>Caracter\u00edstica: Ecol\u00f3gico<\/li>\n<\/ul>","protected":false},"featured_media":4130,"comment_status":"closed","ping_status":"closed","template":"","meta":[],"product_cat":[15],"class_list":{"0":"post-4129","1":"product","2":"type-product","3":"status-publish","4":"has-post-thumbnail","6":"product_cat-glass-liquor-spirit-bottles","8":"first","9":"instock","10":"shipping-taxable","11":"product-type-simple"},"yoast_head":"<!-- This site is optimized with the Yoast SEO plugin v22.0 - https:\/\/yoast.com\/wordpress\/plugins\/seo\/ -->\n<title>RS137: Buy Glass Bottle With Lids<\/title>\n<meta name=\"description\" content=\"Glass round shape 750ml clear glass bottle for liquor. The beautiful color of the spirit shows through the super-flint glass, works for Whiskey, Brandy, Vodka, etc. Cork\/Scrow cap Available.\" \/>\n<meta name=\"robots\" content=\"index, follow, max-snippet:-1, max-image-preview:large, max-video-preview:-1\" \/>\n<link rel=\"canonical\" href=\"https:\/\/ruishengglassco.com\/es\/producto\/rs137-comprar-frasco-de-vidrio-con-tapa\" \/>\n<meta property=\"og:locale\" content=\"es_ES\" \/>\n<meta property=\"og:type\" content=\"article\" \/>\n<meta property=\"og:title\" content=\"RS137: Buy Glass Bottle With Lids\" \/>\n<meta property=\"og:description\" content=\"Glass round shape 750ml clear glass bottle for liquor. The beautiful color of the spirit shows through the super-flint glass, works for Whiskey, Brandy, Vodka, etc. Cork\/Scrow cap Available.\" \/>\n<meta property=\"og:url\" content=\"https:\/\/ruishengglassco.com\/es\/producto\/rs137-comprar-frasco-de-vidrio-con-tapa\" \/>\n<meta property=\"article:publisher\" content=\"https:\/\/www.facebook.com\/ruishengglassbottles\" \/>\n<meta property=\"article:modified_time\" content=\"2025-07-16T06:47:08+00:00\" \/>\n<meta property=\"og:image\" content=\"https:\/\/ruishengglassco.com\/wp-content\/uploads\/2025\/03\/RS137-Buy-Glass-Bottle-With-Lids.webp\" \/>\n\t<meta property=\"og:image:width\" content=\"400\" \/>\n\t<meta property=\"og:image:height\" content=\"400\" \/>\n\t<meta property=\"og:image:type\" content=\"image\/webp\" \/>\n<meta name=\"twitter:card\" content=\"summary_large_image\" \/>\n<meta name=\"twitter:label1\" content=\"Tiempo de lectura\" \/>\n\t<meta name=\"twitter:data1\" content=\"2 minutos\" \/>\n<script type=\"application\/ld+json\" class=\"yoast-schema-graph\">{\"@context\":\"https:\/\/schema.org\",\"@graph\":[{\"@type\":\"WebPage\",\"@id\":\"https:\/\/ruishengglassco.com\/product\/rs137-buy-glass-bottle-with-lids\",\"url\":\"https:\/\/ruishengglassco.com\/product\/rs137-buy-glass-bottle-with-lids\",\"name\":\"RS137: Buy Glass Bottle With Lids\",\"isPartOf\":{\"@id\":\"https:\/\/ruishengglassco.com\/#website\"},\"datePublished\":\"2025-03-14T01:31:32+00:00\",\"dateModified\":\"2025-07-16T06:47:08+00:00\",\"description\":\"Glass round shape 750ml clear glass bottle for liquor. The beautiful color of the spirit shows through the super-flint glass, works for Whiskey, Brandy, Vodka, etc. Cork\/Scrow cap Available.\",\"breadcrumb\":{\"@id\":\"https:\/\/ruishengglassco.com\/product\/rs137-buy-glass-bottle-with-lids#breadcrumb\"},\"inLanguage\":\"es\",\"potentialAction\":[{\"@type\":\"ReadAction\",\"target\":[\"https:\/\/ruishengglassco.com\/product\/rs137-buy-glass-bottle-with-lids\"]}]},{\"@type\":\"BreadcrumbList\",\"@id\":\"https:\/\/ruishengglassco.com\/product\/rs137-buy-glass-bottle-with-lids#breadcrumb\",\"itemListElement\":[{\"@type\":\"ListItem\",\"position\":1,\"name\":\"Home\",\"item\":\"https:\/\/ruishengglassco.com\/\"},{\"@type\":\"ListItem\",\"position\":2,\"name\":\"Products\",\"item\":\"https:\/\/ruishengglassco.com\/products\"},{\"@type\":\"ListItem\",\"position\":3,\"name\":\"RS137: Buy Glass Bottle With Lids\"}]},{\"@type\":\"WebSite\",\"@id\":\"https:\/\/ruishengglassco.com\/#website\",\"url\":\"https:\/\/ruishengglassco.com\/\",\"name\":\"Ruisheng Glass\",\"description\":\"\",\"publisher\":{\"@id\":\"https:\/\/ruishengglassco.com\/#organization\"},\"potentialAction\":[{\"@type\":\"SearchAction\",\"target\":{\"@type\":\"EntryPoint\",\"urlTemplate\":\"https:\/\/ruishengglassco.com\/?s={search_term_string}\"},\"query-input\":\"required name=search_term_string\"}],\"inLanguage\":\"es\"},{\"@type\":\"Organization\",\"@id\":\"https:\/\/ruishengglassco.com\/#organization\",\"name\":\"Shandong Yuncheng Ruisheng Glass Co., Ltd\",\"url\":\"https:\/\/ruishengglassco.com\/\",\"logo\":{\"@type\":\"ImageObject\",\"inLanguage\":\"es\",\"@id\":\"https:\/\/ruishengglassco.com\/#\/schema\/logo\/image\/\",\"url\":\"https:\/\/ruishengglassco.com\/wp-content\/uploads\/2023\/09\/ruisheng_logo_icon.webp\",\"contentUrl\":\"https:\/\/ruishengglassco.com\/wp-content\/uploads\/2023\/09\/ruisheng_logo_icon.webp\",\"width\":400,\"height\":233,\"caption\":\"Shandong Yuncheng Ruisheng Glass Co., Ltd\"},\"image\":{\"@id\":\"https:\/\/ruishengglassco.com\/#\/schema\/logo\/image\/\"},\"sameAs\":[\"https:\/\/www.facebook.com\/ruishengglassbottles\",\"https:\/\/www.instagram.com\/Ruishengglassbottlewholesales\/\",\"https:\/\/www.youtube.com\/channel\/UCMmbMNGwsL-XrtjfSFLCdVQ\"]}]}<\/script>\n<!-- \/ Yoast SEO plugin. -->","yoast_head_json":{"title":"RS137: Buy Glass Bottle With Lids","description":"Glass round shape 750ml clear glass bottle for liquor. The beautiful color of the spirit shows through the super-flint glass, works for Whiskey, Brandy, Vodka, etc. Cork\/Scrow cap Available.","robots":{"index":"index","follow":"follow","max-snippet":"max-snippet:-1","max-image-preview":"max-image-preview:large","max-video-preview":"max-video-preview:-1"},"canonical":"https:\/\/ruishengglassco.com\/es\/producto\/rs137-comprar-frasco-de-vidrio-con-tapa","og_locale":"es_ES","og_type":"article","og_title":"RS137: Buy Glass Bottle With Lids","og_description":"Glass round shape 750ml clear glass bottle for liquor. The beautiful color of the spirit shows through the super-flint glass, works for Whiskey, Brandy, Vodka, etc. Cork\/Scrow cap Available.","og_url":"https:\/\/ruishengglassco.com\/es\/producto\/rs137-comprar-frasco-de-vidrio-con-tapa","article_publisher":"https:\/\/www.facebook.com\/ruishengglassbottles","article_modified_time":"2025-07-16T06:47:08+00:00","og_image":[{"width":400,"height":400,"url":"https:\/\/ruishengglassco.com\/wp-content\/uploads\/2025\/03\/RS137-Buy-Glass-Bottle-With-Lids.webp","type":"image\/webp"}],"twitter_card":"summary_large_image","twitter_misc":{"Tiempo de lectura":"2 minutos"},"schema":{"@context":"https:\/\/schema.org","@graph":[{"@type":"WebPage","@id":"https:\/\/ruishengglassco.com\/product\/rs137-buy-glass-bottle-with-lids","url":"https:\/\/ruishengglassco.com\/product\/rs137-buy-glass-bottle-with-lids","name":"RS137: Buy Glass Bottle With Lids","isPartOf":{"@id":"https:\/\/ruishengglassco.com\/#website"},"datePublished":"2025-03-14T01:31:32+00:00","dateModified":"2025-07-16T06:47:08+00:00","description":"Glass round shape 750ml clear glass bottle for liquor. The beautiful color of the spirit shows through the super-flint glass, works for Whiskey, Brandy, Vodka, etc. Cork\/Scrow cap Available.","breadcrumb":{"@id":"https:\/\/ruishengglassco.com\/product\/rs137-buy-glass-bottle-with-lids#breadcrumb"},"inLanguage":"es","potentialAction":[{"@type":"ReadAction","target":["https:\/\/ruishengglassco.com\/product\/rs137-buy-glass-bottle-with-lids"]}]},{"@type":"BreadcrumbList","@id":"https:\/\/ruishengglassco.com\/product\/rs137-buy-glass-bottle-with-lids#breadcrumb","itemListElement":[{"@type":"ListItem","position":1,"name":"Home","item":"https:\/\/ruishengglassco.com\/"},{"@type":"ListItem","position":2,"name":"Products","item":"https:\/\/ruishengglassco.com\/products"},{"@type":"ListItem","position":3,"name":"RS137: Buy Glass Bottle With Lids"}]},{"@type":"WebSite","@id":"https:\/\/ruishengglassco.com\/#website","url":"https:\/\/ruishengglassco.com\/","name":"Ruisheng Glass","description":"","publisher":{"@id":"https:\/\/ruishengglassco.com\/#organization"},"potentialAction":[{"@type":"SearchAction","target":{"@type":"EntryPoint","urlTemplate":"https:\/\/ruishengglassco.com\/?s={search_term_string}"},"query-input":"required name=search_term_string"}],"inLanguage":"es"},{"@type":"Organization","@id":"https:\/\/ruishengglassco.com\/#organization","name":"Shandong Yuncheng Ruisheng Glass Co., Ltd","url":"https:\/\/ruishengglassco.com\/","logo":{"@type":"ImageObject","inLanguage":"es","@id":"https:\/\/ruishengglassco.com\/#\/schema\/logo\/image\/","url":"https:\/\/ruishengglassco.com\/wp-content\/uploads\/2023\/09\/ruisheng_logo_icon.webp","contentUrl":"https:\/\/ruishengglassco.com\/wp-content\/uploads\/2023\/09\/ruisheng_logo_icon.webp","width":400,"height":233,"caption":"Shandong Yuncheng Ruisheng Glass Co., Ltd"},"image":{"@id":"https:\/\/ruishengglassco.com\/#\/schema\/logo\/image\/"},"sameAs":["https:\/\/www.facebook.com\/ruishengglassbottles","https:\/\/www.instagram.com\/Ruishengglassbottlewholesales\/","https:\/\/www.youtube.com\/channel\/UCMmbMNGwsL-XrtjfSFLCdVQ"]}]}},"_links":{"self":[{"href":"https:\/\/ruishengglassco.com\/es\/wp-json\/wp\/v2\/product\/4129","targetHints":{"allow":["GET"]}}],"collection":[{"href":"https:\/\/ruishengglassco.com\/es\/wp-json\/wp\/v2\/product"}],"about":[{"href":"https:\/\/ruishengglassco.com\/es\/wp-json\/wp\/v2\/types\/product"}],"replies":[{"embeddable":true,"href":"https:\/\/ruishengglassco.com\/es\/wp-json\/wp\/v2\/comments?post=4129"}],"wp:featuredmedia":[{"embeddable":true,"href":"https:\/\/ruishengglassco.com\/es\/wp-json\/wp\/v2\/media\/4130"}],"wp:attachment":[{"href":"https:\/\/ruishengglassco.com\/es\/wp-json\/wp\/v2\/media?parent=4129"}],"wp:term":[{"taxonomy":"product_cat","embeddable":true,"href":"https:\/\/ruishengglassco.com\/es\/wp-json\/wp\/v2\/product_cat?post=4129"}],"curies":[{"name":"wp","href":"https:\/\/api.w.org\/{rel}","templated":true}]}}