{"id":4127,"date":"2025-03-14T09:25:40","date_gmt":"2025-03-14T01:25:40","guid":{"rendered":"https:\/\/ruishengglassco.com\/?post_type=product&#038;p=4127"},"modified":"2025-07-17T13:28:01","modified_gmt":"2025-07-17T05:28:01","slug":"rs138-botellas-de-vidrio-para-brandy-de-500-ml-con-tapon-de-corcho","status":"publish","type":"product","link":"https:\/\/ruishengglassco.com\/es\/producto\/rs138-botellas-de-vidrio-para-brandy-de-500-ml-con-tapon-de-corcho","title":{"rendered":"RS138: Botellas de vidrio para Brandy de 500 ml con tap\u00f3n de corcho"},"content":{"rendered":"<p data-block-id=\"8e424e2a-b69d-4b17-baf7-4c23129c161c\" data-pm-slice=\"1 1 []\">Las botellas de cristal para brandy de 500 ml vienen con tap\u00f3n de corcho. Las fabrica la empresa Shandong Yuncheng Ruisheng Glass Co. Esta empresa tiene m\u00e1s de 10 a\u00f1os de experiencia en la fabricaci\u00f3n de botellas de brandy de cristal. Tenemos una gran f\u00e1brica de producci\u00f3n de botellas de vidrio que abarca 500 hect\u00e1reas.<\/p>\n<p data-block-id=\"85b6d636-5937-413f-9527-6025ca1e254d\">Nuestra empresa ha invertido en 2 l\u00edneas de producci\u00f3n de la m\u00e1quina totalmente autom\u00e1tica 8S m\u00e1s avanzada, tres l\u00edneas de producci\u00f3n de m\u00e1quinas manuales CNC y cuatro l\u00edneas de producci\u00f3n de m\u00e1quinas semiautom\u00e1ticas CNC. Nuestra f\u00e1brica tambi\u00e9n cuenta con dos conjuntos de m\u00e1quinas IS. La m\u00e1quina 8S y las m\u00e1quinas CNC se utilizan para producir botellas de vidrio de primera calidad - botellas de vidrio super flint. La producci\u00f3n diaria es de 120.000 piezas. Las m\u00e1quinas IS se utilizan para producir botellas de vidrio de grado medio, con una producci\u00f3n diaria de 200.000 piezas.<\/p>\n<p data-block-id=\"c389e3ec-a233-4e69-b707-4d2e88e16830\">Nuestra botella de cristal utiliza tecnolog\u00eda de fabricaci\u00f3n avanzada. Tiene un aspecto claro, de alta calidad y estilo elegante. Estas caracter\u00edsticas atraen a clientes de los EE.UU., Reino Unido, Francia, Alemania, Argentina, Rusia, y m\u00e1s.<\/p>\n<h4>Detalles Sobre Botella De Brandy De Cristal De 500ml Al Por Mayor<\/h4>\n<ul>\n<li>Marca: RS<\/li>\n<li>Referencia: RS138<\/li>\n<li>Material principal: vidrio de alto s\u00edlex<\/li>\n<li>Tap\u00f3n: tap\u00f3n de rosca<\/li>\n<li><strong>MOQ: 10000 PCS<\/strong><\/li>\n<li>Capacidad:500 ml<\/li>\n<li>Pcs\/Ctn:24pcs<\/li>\n<li>Origen del lugar: Shandong, China<\/li>\n<li>Caracter\u00edstica: Ecol\u00f3gico<\/li>\n<\/ul>\n<p>Si est\u00e1 interesado en nuestra botella de brandy de cristal al por mayor, por favor <a href=\"https:\/\/glassbottlewholesale.com\/contact\/\">Contacto<\/a>. Le responderemos en un plazo de 24 horas.<\/p>","protected":false},"excerpt":{"rendered":"<p>Comprar botellas de brandy de cristal de 500ml al por mayor de un fabricante profesional de botellas de brandy de cristal. Claro 500ml botellas de brandy con material de alto pedernal para hacer la botella de vidrio puro y elegante. Las botellas de brandy redondas adoptan el proceso de galvanoplastia de grabado para hacer las botellas de vidrio decorativas. Nuestra botella de brandy de cristal se utiliza principalmente en el envasado de brandy, XO, Vodka, Whisky, etc.<\/p>","protected":false},"featured_media":4128,"comment_status":"closed","ping_status":"closed","template":"","meta":[],"product_cat":[41,58],"class_list":{"0":"post-4127","1":"product","2":"type-product","3":"status-publish","4":"has-post-thumbnail","6":"product_cat-500ml-liquor-bottle-manufacturer","7":"product_cat-brandy-bottle","9":"first","10":"instock","11":"shipping-taxable","12":"product-type-simple"},"yoast_head":"<!-- This site is optimized with the Yoast SEO plugin v22.0 - https:\/\/yoast.com\/wordpress\/plugins\/seo\/ -->\n<title>500ml Crystal Brandy Bottle | Glass Brandy Bottle Manufacturer<\/title>\n<meta name=\"description\" content=\"Buy 500ml Crystal Brandy Bottle Wholesale From Professional Glass Brandy Bottle Manufacturer. Factory Outlet High Quality Brandy Bottle With Cheap Price.\" \/>\n<meta name=\"robots\" content=\"index, follow, max-snippet:-1, max-image-preview:large, max-video-preview:-1\" \/>\n<link rel=\"canonical\" href=\"https:\/\/ruishengglassco.com\/es\/producto\/rs138-botellas-de-vidrio-para-brandy-de-500-ml-con-tapon-de-corcho\" \/>\n<meta property=\"og:locale\" content=\"es_ES\" \/>\n<meta property=\"og:type\" content=\"article\" \/>\n<meta property=\"og:title\" content=\"500ml Crystal Brandy Bottle | Glass Brandy Bottle Manufacturer\" \/>\n<meta property=\"og:description\" content=\"Buy 500ml Crystal Brandy Bottle Wholesale From Professional Glass Brandy Bottle Manufacturer. Factory Outlet High Quality Brandy Bottle With Cheap Price.\" \/>\n<meta property=\"og:url\" content=\"https:\/\/ruishengglassco.com\/es\/producto\/rs138-botellas-de-vidrio-para-brandy-de-500-ml-con-tapon-de-corcho\" \/>\n<meta property=\"article:publisher\" content=\"https:\/\/www.facebook.com\/ruishengglassbottles\" \/>\n<meta property=\"article:modified_time\" content=\"2025-07-17T05:28:01+00:00\" \/>\n<meta property=\"og:image\" content=\"https:\/\/ruishengglassco.com\/wp-content\/uploads\/2025\/03\/500ml-Brandy-Glass-Bottles-With-Corks.webp\" \/>\n\t<meta property=\"og:image:width\" content=\"400\" \/>\n\t<meta property=\"og:image:height\" content=\"400\" \/>\n\t<meta property=\"og:image:type\" content=\"image\/webp\" \/>\n<meta name=\"twitter:card\" content=\"summary_large_image\" \/>\n<meta name=\"twitter:label1\" content=\"Tiempo de lectura\" \/>\n\t<meta name=\"twitter:data1\" content=\"2 minutos\" \/>\n<script type=\"application\/ld+json\" class=\"yoast-schema-graph\">{\"@context\":\"https:\/\/schema.org\",\"@graph\":[{\"@type\":\"WebPage\",\"@id\":\"https:\/\/ruishengglassco.com\/product\/rs138-500ml-brandy-glass-bottles-with-corks\",\"url\":\"https:\/\/ruishengglassco.com\/product\/rs138-500ml-brandy-glass-bottles-with-corks\",\"name\":\"500ml Crystal Brandy Bottle | Glass Brandy Bottle Manufacturer\",\"isPartOf\":{\"@id\":\"https:\/\/ruishengglassco.com\/#website\"},\"datePublished\":\"2025-03-14T01:25:40+00:00\",\"dateModified\":\"2025-07-17T05:28:01+00:00\",\"description\":\"Buy 500ml Crystal Brandy Bottle Wholesale From Professional Glass Brandy Bottle Manufacturer. Factory Outlet High Quality Brandy Bottle With Cheap Price.\",\"breadcrumb\":{\"@id\":\"https:\/\/ruishengglassco.com\/product\/rs138-500ml-brandy-glass-bottles-with-corks#breadcrumb\"},\"inLanguage\":\"es\",\"potentialAction\":[{\"@type\":\"ReadAction\",\"target\":[\"https:\/\/ruishengglassco.com\/product\/rs138-500ml-brandy-glass-bottles-with-corks\"]}]},{\"@type\":\"BreadcrumbList\",\"@id\":\"https:\/\/ruishengglassco.com\/product\/rs138-500ml-brandy-glass-bottles-with-corks#breadcrumb\",\"itemListElement\":[{\"@type\":\"ListItem\",\"position\":1,\"name\":\"Home\",\"item\":\"https:\/\/ruishengglassco.com\/\"},{\"@type\":\"ListItem\",\"position\":2,\"name\":\"Products\",\"item\":\"https:\/\/ruishengglassco.com\/products\"},{\"@type\":\"ListItem\",\"position\":3,\"name\":\"RS138: 500ml Brandy Glass Bottles With Corks\"}]},{\"@type\":\"WebSite\",\"@id\":\"https:\/\/ruishengglassco.com\/#website\",\"url\":\"https:\/\/ruishengglassco.com\/\",\"name\":\"Ruisheng Glass\",\"description\":\"\",\"publisher\":{\"@id\":\"https:\/\/ruishengglassco.com\/#organization\"},\"potentialAction\":[{\"@type\":\"SearchAction\",\"target\":{\"@type\":\"EntryPoint\",\"urlTemplate\":\"https:\/\/ruishengglassco.com\/?s={search_term_string}\"},\"query-input\":\"required name=search_term_string\"}],\"inLanguage\":\"es\"},{\"@type\":\"Organization\",\"@id\":\"https:\/\/ruishengglassco.com\/#organization\",\"name\":\"Shandong Yuncheng Ruisheng Glass Co., Ltd\",\"url\":\"https:\/\/ruishengglassco.com\/\",\"logo\":{\"@type\":\"ImageObject\",\"inLanguage\":\"es\",\"@id\":\"https:\/\/ruishengglassco.com\/#\/schema\/logo\/image\/\",\"url\":\"https:\/\/ruishengglassco.com\/wp-content\/uploads\/2023\/09\/ruisheng_logo_icon.webp\",\"contentUrl\":\"https:\/\/ruishengglassco.com\/wp-content\/uploads\/2023\/09\/ruisheng_logo_icon.webp\",\"width\":400,\"height\":233,\"caption\":\"Shandong Yuncheng Ruisheng Glass Co., Ltd\"},\"image\":{\"@id\":\"https:\/\/ruishengglassco.com\/#\/schema\/logo\/image\/\"},\"sameAs\":[\"https:\/\/www.facebook.com\/ruishengglassbottles\",\"https:\/\/www.instagram.com\/Ruishengglassbottlewholesales\/\",\"https:\/\/www.youtube.com\/channel\/UCMmbMNGwsL-XrtjfSFLCdVQ\"]}]}<\/script>\n<!-- \/ Yoast SEO plugin. -->","yoast_head_json":{"title":"500ml Crystal Brandy Bottle | Glass Brandy Bottle Manufacturer","description":"Buy 500ml Crystal Brandy Bottle Wholesale From Professional Glass Brandy Bottle Manufacturer. Factory Outlet High Quality Brandy Bottle With Cheap Price.","robots":{"index":"index","follow":"follow","max-snippet":"max-snippet:-1","max-image-preview":"max-image-preview:large","max-video-preview":"max-video-preview:-1"},"canonical":"https:\/\/ruishengglassco.com\/es\/producto\/rs138-botellas-de-vidrio-para-brandy-de-500-ml-con-tapon-de-corcho","og_locale":"es_ES","og_type":"article","og_title":"500ml Crystal Brandy Bottle | Glass Brandy Bottle Manufacturer","og_description":"Buy 500ml Crystal Brandy Bottle Wholesale From Professional Glass Brandy Bottle Manufacturer. Factory Outlet High Quality Brandy Bottle With Cheap Price.","og_url":"https:\/\/ruishengglassco.com\/es\/producto\/rs138-botellas-de-vidrio-para-brandy-de-500-ml-con-tapon-de-corcho","article_publisher":"https:\/\/www.facebook.com\/ruishengglassbottles","article_modified_time":"2025-07-17T05:28:01+00:00","og_image":[{"width":400,"height":400,"url":"https:\/\/ruishengglassco.com\/wp-content\/uploads\/2025\/03\/500ml-Brandy-Glass-Bottles-With-Corks.webp","type":"image\/webp"}],"twitter_card":"summary_large_image","twitter_misc":{"Tiempo de lectura":"2 minutos"},"schema":{"@context":"https:\/\/schema.org","@graph":[{"@type":"WebPage","@id":"https:\/\/ruishengglassco.com\/product\/rs138-500ml-brandy-glass-bottles-with-corks","url":"https:\/\/ruishengglassco.com\/product\/rs138-500ml-brandy-glass-bottles-with-corks","name":"500ml Crystal Brandy Bottle | Glass Brandy Bottle Manufacturer","isPartOf":{"@id":"https:\/\/ruishengglassco.com\/#website"},"datePublished":"2025-03-14T01:25:40+00:00","dateModified":"2025-07-17T05:28:01+00:00","description":"Buy 500ml Crystal Brandy Bottle Wholesale From Professional Glass Brandy Bottle Manufacturer. Factory Outlet High Quality Brandy Bottle With Cheap Price.","breadcrumb":{"@id":"https:\/\/ruishengglassco.com\/product\/rs138-500ml-brandy-glass-bottles-with-corks#breadcrumb"},"inLanguage":"es","potentialAction":[{"@type":"ReadAction","target":["https:\/\/ruishengglassco.com\/product\/rs138-500ml-brandy-glass-bottles-with-corks"]}]},{"@type":"BreadcrumbList","@id":"https:\/\/ruishengglassco.com\/product\/rs138-500ml-brandy-glass-bottles-with-corks#breadcrumb","itemListElement":[{"@type":"ListItem","position":1,"name":"Home","item":"https:\/\/ruishengglassco.com\/"},{"@type":"ListItem","position":2,"name":"Products","item":"https:\/\/ruishengglassco.com\/products"},{"@type":"ListItem","position":3,"name":"RS138: 500ml Brandy Glass Bottles With Corks"}]},{"@type":"WebSite","@id":"https:\/\/ruishengglassco.com\/#website","url":"https:\/\/ruishengglassco.com\/","name":"Ruisheng Glass","description":"","publisher":{"@id":"https:\/\/ruishengglassco.com\/#organization"},"potentialAction":[{"@type":"SearchAction","target":{"@type":"EntryPoint","urlTemplate":"https:\/\/ruishengglassco.com\/?s={search_term_string}"},"query-input":"required name=search_term_string"}],"inLanguage":"es"},{"@type":"Organization","@id":"https:\/\/ruishengglassco.com\/#organization","name":"Shandong Yuncheng Ruisheng Glass Co., Ltd","url":"https:\/\/ruishengglassco.com\/","logo":{"@type":"ImageObject","inLanguage":"es","@id":"https:\/\/ruishengglassco.com\/#\/schema\/logo\/image\/","url":"https:\/\/ruishengglassco.com\/wp-content\/uploads\/2023\/09\/ruisheng_logo_icon.webp","contentUrl":"https:\/\/ruishengglassco.com\/wp-content\/uploads\/2023\/09\/ruisheng_logo_icon.webp","width":400,"height":233,"caption":"Shandong Yuncheng Ruisheng Glass Co., Ltd"},"image":{"@id":"https:\/\/ruishengglassco.com\/#\/schema\/logo\/image\/"},"sameAs":["https:\/\/www.facebook.com\/ruishengglassbottles","https:\/\/www.instagram.com\/Ruishengglassbottlewholesales\/","https:\/\/www.youtube.com\/channel\/UCMmbMNGwsL-XrtjfSFLCdVQ"]}]}},"_links":{"self":[{"href":"https:\/\/ruishengglassco.com\/es\/wp-json\/wp\/v2\/product\/4127","targetHints":{"allow":["GET"]}}],"collection":[{"href":"https:\/\/ruishengglassco.com\/es\/wp-json\/wp\/v2\/product"}],"about":[{"href":"https:\/\/ruishengglassco.com\/es\/wp-json\/wp\/v2\/types\/product"}],"replies":[{"embeddable":true,"href":"https:\/\/ruishengglassco.com\/es\/wp-json\/wp\/v2\/comments?post=4127"}],"wp:featuredmedia":[{"embeddable":true,"href":"https:\/\/ruishengglassco.com\/es\/wp-json\/wp\/v2\/media\/4128"}],"wp:attachment":[{"href":"https:\/\/ruishengglassco.com\/es\/wp-json\/wp\/v2\/media?parent=4127"}],"wp:term":[{"taxonomy":"product_cat","embeddable":true,"href":"https:\/\/ruishengglassco.com\/es\/wp-json\/wp\/v2\/product_cat?post=4127"}],"curies":[{"name":"wp","href":"https:\/\/api.w.org\/{rel}","templated":true}]}}