{"id":4125,"date":"2025-03-14T09:18:43","date_gmt":"2025-03-14T01:18:43","guid":{"rendered":"https:\/\/ruishengglassco.com\/?post_type=product&#038;p=4125"},"modified":"2025-07-17T13:27:03","modified_gmt":"2025-07-17T05:27:03","slug":"rs139-botellas-de-vidrio-vintage-de-500-ml-con-tapon-de-corcho","status":"publish","type":"product","link":"https:\/\/ruishengglassco.com\/es\/producto\/rs139-botellas-de-vidrio-vintage-de-500-ml-con-tapon-de-corcho","title":{"rendered":"RS139: Botellas de vidrio Vintage de 500 ml con tap\u00f3n de corcho"},"content":{"rendered":"<p>Esta serie de botellas de vidrio vintage es adecuada para vodka, brandy, co\u00f1ac XO y otros licores de primera calidad. Su forma es plana, lo que facilita su sujeci\u00f3n.<br \/>\nEl material de esta botella de vidrio vac\u00eda de 500 ml es de alto s\u00edlex, lo que garantiza que no se romper\u00e1 f\u00e1cilmente. Adem\u00e1s, es muy transparente. Es adecuada para el tap\u00f3n de rosca, y ofrecemos tanto tapones de aluminio como de gala.<\/p>\n<p>Tambi\u00e9n podemos cambiar el tap\u00f3n; si prefiere utilizar corcho, podemos hacerlo. Adem\u00e1s, podemos cambiar el color de la botella de cristal a azul, verde, rojo y otros colores.<\/p>\n<p>Nuestros trabajadores cumplen con su deber cada d\u00eda, trabajando duro e inspeccionando estrictamente la calidad de las botellas. En cuanto se detecta un problema de calidad en una botella de vidrio, se corrige inmediatamente.<\/p>\n<p>Si desea imprimir su logotipo en ella, tambi\u00e9n podemos hacerlo. Podemos realizar tratamientos profundos en botellas de vidrio, como aplicar calcoman\u00edas, escarchar, chorrear con arena y pintar.<\/p>\n<h4>Detalles sobre Botella de vidrio vintage al por mayor<\/h4>\n<p>La informaci\u00f3n sobre la botella de vidrio es la siguiente:<\/p>\n<ul>\n<li>Material principal: vidrio de alto s\u00edlex<\/li>\n<li>Tap\u00f3n: tap\u00f3n de rosca<\/li>\n<li>Referencia: RS139<\/li>\n<li>MOQ: 10000 PCS<\/li>\n<li>Capacidad: personalizada<\/li>\n<li>Pcs\/Ctn:24pcs<\/li>\n<li>Origen del lugar: Shandong, China<\/li>\n<li>Caracter\u00edstica: Ecol\u00f3gico<\/li>\n<\/ul>\n<p><span data-preserver-spaces=\"true\">Nuestros productos se envasan con sumo cuidado y<\/span> <span data-preserver-spaces=\"true\">podemos asegurarle que est\u00e1n en buen estado.<\/span><\/p>\n<p><span data-preserver-spaces=\"true\">Lo m\u00e1s importante es que ofrecemos un servicio posventa de primera clase; responderemos a sus preguntas y le ayudaremos a familiarizarse con el proceso de producci\u00f3n de nuestros productos.<\/span><\/p>\n<p><span data-preserver-spaces=\"true\">Por supuesto, usted <\/span><span data-preserver-spaces=\"true\">puede venir y<\/span><span data-preserver-spaces=\"true\"> visite nuestra f\u00e1brica<\/span><span data-preserver-spaces=\"true\">, <\/span><span data-preserver-spaces=\"true\">nosotros<\/span><span data-preserver-spaces=\"true\"> te ense\u00f1ar\u00e9 <\/span><span data-preserver-spaces=\"true\">la f\u00e1brica<\/span><span data-preserver-spaces=\"true\">.<\/span><span data-preserver-spaces=\"true\"> Adem\u00e1s, nuestro proceso de producci\u00f3n es muy formal. Esperamos que pueda confiar en nuestras botellas de vidrio, y esperamos una cooperaci\u00f3n a largo plazo con usted.<\/span><\/p>\n<p><span data-preserver-spaces=\"true\">Tambi\u00e9n aceptamos botellas de vidrio personalizadas; puede <\/span><span data-preserver-spaces=\"true\">dame<\/span><span data-preserver-spaces=\"true\"> muestras o dibujos, y podemos <\/span><span data-preserver-spaces=\"true\">hacer la misma botella de vidrio<\/span><span data-preserver-spaces=\"true\">.<\/span><\/p>\n<p><span data-preserver-spaces=\"true\">Por favor, le gusta esta botella de vidrio y hacer un pedido.<\/span><\/p>\n<p><span data-preserver-spaces=\"true\">Si usted <\/span><span data-preserver-spaces=\"true\">como<\/span><span data-preserver-spaces=\"true\"> esta botella de vidrio vintage al por mayor, por favor <\/span><span data-preserver-spaces=\"true\">si\u00e9ntete libre<\/span><span data-preserver-spaces=\"true\"> a <\/span><a class=\"editor-rtfLink\" href=\"https:\/\/glassbottlewholesale.com\/contact\/\" target=\"_blank\" rel=\"noopener\"><span data-preserver-spaces=\"true\">Contacto<\/span><\/a><span data-preserver-spaces=\"true\">.<\/span><span data-preserver-spaces=\"true\"> Estaremos en l\u00ednea las 24 horas del d\u00eda.<\/span><\/p>","protected":false},"excerpt":{"rendered":"<p>Ruisheng Glass Bottle, una empresa de fabricaci\u00f3n de botellas de licor de larga data con sede en Shandong, China, se ha dedicado a la fabricaci\u00f3n y venta de botellas de vidrio por m\u00e1s de 10 a\u00f1os. Nuestra botella de vidrio vintage al por mayor est\u00e1 hecha de vidrio de pedernal de alta calidad, lo que hace que la botella de vidrio sea m\u00e1s clara, duradera y suave. Siempre se utiliza como botellas de licor, botellas de brandy, botellas de whisky y botellas de vodka.<\/p>\n<p>Si desea comprar una botella de vidrio para su licor, no dude en ponerse en contacto con nosotros.<\/p>","protected":false},"featured_media":4126,"comment_status":"closed","ping_status":"closed","template":"","meta":[],"product_cat":[15,41],"class_list":{"0":"post-4125","1":"product","2":"type-product","3":"status-publish","4":"has-post-thumbnail","6":"product_cat-glass-liquor-spirit-bottles","7":"product_cat-500ml-liquor-bottle-manufacturer","9":"first","10":"instock","11":"shipping-taxable","12":"product-type-simple"},"yoast_head":"<!-- This site is optimized with the Yoast SEO plugin v22.0 - https:\/\/yoast.com\/wordpress\/plugins\/seo\/ -->\n<title>RS139: 500ml Vintage Glass Bottles With Corks<\/title>\n<meta name=\"description\" content=\"Ruisheng, an old liquor bottle making company, provide 500ml Vintage Glass Bottles Wholesale. Factory Outlet&amp;Save Cost. Free Sample here.\" \/>\n<meta name=\"robots\" content=\"index, follow, max-snippet:-1, max-image-preview:large, max-video-preview:-1\" \/>\n<link rel=\"canonical\" href=\"https:\/\/ruishengglassco.com\/es\/producto\/rs139-botellas-de-vidrio-vintage-de-500-ml-con-tapon-de-corcho\" \/>\n<meta property=\"og:locale\" content=\"es_ES\" \/>\n<meta property=\"og:type\" content=\"article\" \/>\n<meta property=\"og:title\" content=\"RS139: 500ml Vintage Glass Bottles With Corks\" \/>\n<meta property=\"og:description\" content=\"Ruisheng, an old liquor bottle making company, provide 500ml Vintage Glass Bottles Wholesale. Factory Outlet&amp;Save Cost. Free Sample here.\" \/>\n<meta property=\"og:url\" content=\"https:\/\/ruishengglassco.com\/es\/producto\/rs139-botellas-de-vidrio-vintage-de-500-ml-con-tapon-de-corcho\" \/>\n<meta property=\"article:publisher\" content=\"https:\/\/www.facebook.com\/ruishengglassbottles\" \/>\n<meta property=\"article:modified_time\" content=\"2025-07-17T05:27:03+00:00\" \/>\n<meta property=\"og:image\" content=\"https:\/\/ruishengglassco.com\/wp-content\/uploads\/2025\/03\/500ml-Vintage-Glass-Bottles-manufacturer.webp\" \/>\n\t<meta property=\"og:image:width\" content=\"350\" \/>\n\t<meta property=\"og:image:height\" content=\"350\" \/>\n\t<meta property=\"og:image:type\" content=\"image\/webp\" \/>\n<meta name=\"twitter:card\" content=\"summary_large_image\" \/>\n<meta name=\"twitter:label1\" content=\"Tiempo de lectura\" \/>\n\t<meta name=\"twitter:data1\" content=\"2 minutos\" \/>\n<script type=\"application\/ld+json\" class=\"yoast-schema-graph\">{\"@context\":\"https:\/\/schema.org\",\"@graph\":[{\"@type\":\"WebPage\",\"@id\":\"https:\/\/ruishengglassco.com\/product\/rs139-500ml-vintage-glass-bottles-with-corks\",\"url\":\"https:\/\/ruishengglassco.com\/product\/rs139-500ml-vintage-glass-bottles-with-corks\",\"name\":\"RS139: 500ml Vintage Glass Bottles With Corks\",\"isPartOf\":{\"@id\":\"https:\/\/ruishengglassco.com\/#website\"},\"datePublished\":\"2025-03-14T01:18:43+00:00\",\"dateModified\":\"2025-07-17T05:27:03+00:00\",\"description\":\"Ruisheng, an old liquor bottle making company, provide 500ml Vintage Glass Bottles Wholesale. Factory Outlet&Save Cost. Free Sample here.\",\"breadcrumb\":{\"@id\":\"https:\/\/ruishengglassco.com\/product\/rs139-500ml-vintage-glass-bottles-with-corks#breadcrumb\"},\"inLanguage\":\"es\",\"potentialAction\":[{\"@type\":\"ReadAction\",\"target\":[\"https:\/\/ruishengglassco.com\/product\/rs139-500ml-vintage-glass-bottles-with-corks\"]}]},{\"@type\":\"BreadcrumbList\",\"@id\":\"https:\/\/ruishengglassco.com\/product\/rs139-500ml-vintage-glass-bottles-with-corks#breadcrumb\",\"itemListElement\":[{\"@type\":\"ListItem\",\"position\":1,\"name\":\"Home\",\"item\":\"https:\/\/ruishengglassco.com\/\"},{\"@type\":\"ListItem\",\"position\":2,\"name\":\"Products\",\"item\":\"https:\/\/ruishengglassco.com\/products\"},{\"@type\":\"ListItem\",\"position\":3,\"name\":\"RS139: 500ml Vintage Glass Bottles With Corks\"}]},{\"@type\":\"WebSite\",\"@id\":\"https:\/\/ruishengglassco.com\/#website\",\"url\":\"https:\/\/ruishengglassco.com\/\",\"name\":\"Ruisheng Glass\",\"description\":\"\",\"publisher\":{\"@id\":\"https:\/\/ruishengglassco.com\/#organization\"},\"potentialAction\":[{\"@type\":\"SearchAction\",\"target\":{\"@type\":\"EntryPoint\",\"urlTemplate\":\"https:\/\/ruishengglassco.com\/?s={search_term_string}\"},\"query-input\":\"required name=search_term_string\"}],\"inLanguage\":\"es\"},{\"@type\":\"Organization\",\"@id\":\"https:\/\/ruishengglassco.com\/#organization\",\"name\":\"Shandong Yuncheng Ruisheng Glass Co., Ltd\",\"url\":\"https:\/\/ruishengglassco.com\/\",\"logo\":{\"@type\":\"ImageObject\",\"inLanguage\":\"es\",\"@id\":\"https:\/\/ruishengglassco.com\/#\/schema\/logo\/image\/\",\"url\":\"https:\/\/ruishengglassco.com\/wp-content\/uploads\/2023\/09\/ruisheng_logo_icon.webp\",\"contentUrl\":\"https:\/\/ruishengglassco.com\/wp-content\/uploads\/2023\/09\/ruisheng_logo_icon.webp\",\"width\":400,\"height\":233,\"caption\":\"Shandong Yuncheng Ruisheng Glass Co., Ltd\"},\"image\":{\"@id\":\"https:\/\/ruishengglassco.com\/#\/schema\/logo\/image\/\"},\"sameAs\":[\"https:\/\/www.facebook.com\/ruishengglassbottles\",\"https:\/\/www.instagram.com\/Ruishengglassbottlewholesales\/\",\"https:\/\/www.youtube.com\/channel\/UCMmbMNGwsL-XrtjfSFLCdVQ\"]}]}<\/script>\n<!-- \/ Yoast SEO plugin. -->","yoast_head_json":{"title":"RS139: 500ml Vintage Glass Bottles With Corks","description":"Ruisheng, an old liquor bottle making company, provide 500ml Vintage Glass Bottles Wholesale. Factory Outlet&Save Cost. Free Sample here.","robots":{"index":"index","follow":"follow","max-snippet":"max-snippet:-1","max-image-preview":"max-image-preview:large","max-video-preview":"max-video-preview:-1"},"canonical":"https:\/\/ruishengglassco.com\/es\/producto\/rs139-botellas-de-vidrio-vintage-de-500-ml-con-tapon-de-corcho","og_locale":"es_ES","og_type":"article","og_title":"RS139: 500ml Vintage Glass Bottles With Corks","og_description":"Ruisheng, an old liquor bottle making company, provide 500ml Vintage Glass Bottles Wholesale. Factory Outlet&Save Cost. Free Sample here.","og_url":"https:\/\/ruishengglassco.com\/es\/producto\/rs139-botellas-de-vidrio-vintage-de-500-ml-con-tapon-de-corcho","article_publisher":"https:\/\/www.facebook.com\/ruishengglassbottles","article_modified_time":"2025-07-17T05:27:03+00:00","og_image":[{"width":350,"height":350,"url":"https:\/\/ruishengglassco.com\/wp-content\/uploads\/2025\/03\/500ml-Vintage-Glass-Bottles-manufacturer.webp","type":"image\/webp"}],"twitter_card":"summary_large_image","twitter_misc":{"Tiempo de lectura":"2 minutos"},"schema":{"@context":"https:\/\/schema.org","@graph":[{"@type":"WebPage","@id":"https:\/\/ruishengglassco.com\/product\/rs139-500ml-vintage-glass-bottles-with-corks","url":"https:\/\/ruishengglassco.com\/product\/rs139-500ml-vintage-glass-bottles-with-corks","name":"RS139: 500ml Vintage Glass Bottles With Corks","isPartOf":{"@id":"https:\/\/ruishengglassco.com\/#website"},"datePublished":"2025-03-14T01:18:43+00:00","dateModified":"2025-07-17T05:27:03+00:00","description":"Ruisheng, an old liquor bottle making company, provide 500ml Vintage Glass Bottles Wholesale. Factory Outlet&Save Cost. Free Sample here.","breadcrumb":{"@id":"https:\/\/ruishengglassco.com\/product\/rs139-500ml-vintage-glass-bottles-with-corks#breadcrumb"},"inLanguage":"es","potentialAction":[{"@type":"ReadAction","target":["https:\/\/ruishengglassco.com\/product\/rs139-500ml-vintage-glass-bottles-with-corks"]}]},{"@type":"BreadcrumbList","@id":"https:\/\/ruishengglassco.com\/product\/rs139-500ml-vintage-glass-bottles-with-corks#breadcrumb","itemListElement":[{"@type":"ListItem","position":1,"name":"Home","item":"https:\/\/ruishengglassco.com\/"},{"@type":"ListItem","position":2,"name":"Products","item":"https:\/\/ruishengglassco.com\/products"},{"@type":"ListItem","position":3,"name":"RS139: 500ml Vintage Glass Bottles With Corks"}]},{"@type":"WebSite","@id":"https:\/\/ruishengglassco.com\/#website","url":"https:\/\/ruishengglassco.com\/","name":"Ruisheng Glass","description":"","publisher":{"@id":"https:\/\/ruishengglassco.com\/#organization"},"potentialAction":[{"@type":"SearchAction","target":{"@type":"EntryPoint","urlTemplate":"https:\/\/ruishengglassco.com\/?s={search_term_string}"},"query-input":"required name=search_term_string"}],"inLanguage":"es"},{"@type":"Organization","@id":"https:\/\/ruishengglassco.com\/#organization","name":"Shandong Yuncheng Ruisheng Glass Co., Ltd","url":"https:\/\/ruishengglassco.com\/","logo":{"@type":"ImageObject","inLanguage":"es","@id":"https:\/\/ruishengglassco.com\/#\/schema\/logo\/image\/","url":"https:\/\/ruishengglassco.com\/wp-content\/uploads\/2023\/09\/ruisheng_logo_icon.webp","contentUrl":"https:\/\/ruishengglassco.com\/wp-content\/uploads\/2023\/09\/ruisheng_logo_icon.webp","width":400,"height":233,"caption":"Shandong Yuncheng Ruisheng Glass Co., Ltd"},"image":{"@id":"https:\/\/ruishengglassco.com\/#\/schema\/logo\/image\/"},"sameAs":["https:\/\/www.facebook.com\/ruishengglassbottles","https:\/\/www.instagram.com\/Ruishengglassbottlewholesales\/","https:\/\/www.youtube.com\/channel\/UCMmbMNGwsL-XrtjfSFLCdVQ"]}]}},"_links":{"self":[{"href":"https:\/\/ruishengglassco.com\/es\/wp-json\/wp\/v2\/product\/4125","targetHints":{"allow":["GET"]}}],"collection":[{"href":"https:\/\/ruishengglassco.com\/es\/wp-json\/wp\/v2\/product"}],"about":[{"href":"https:\/\/ruishengglassco.com\/es\/wp-json\/wp\/v2\/types\/product"}],"replies":[{"embeddable":true,"href":"https:\/\/ruishengglassco.com\/es\/wp-json\/wp\/v2\/comments?post=4125"}],"wp:featuredmedia":[{"embeddable":true,"href":"https:\/\/ruishengglassco.com\/es\/wp-json\/wp\/v2\/media\/4126"}],"wp:attachment":[{"href":"https:\/\/ruishengglassco.com\/es\/wp-json\/wp\/v2\/media?parent=4125"}],"wp:term":[{"taxonomy":"product_cat","embeddable":true,"href":"https:\/\/ruishengglassco.com\/es\/wp-json\/wp\/v2\/product_cat?post=4125"}],"curies":[{"name":"wp","href":"https:\/\/api.w.org\/{rel}","templated":true}]}}