{"id":4123,"date":"2025-03-14T09:13:49","date_gmt":"2025-03-14T01:13:49","guid":{"rendered":"https:\/\/ruishengglassco.com\/?post_type=product&#038;p=4123"},"modified":"2025-09-11T16:01:55","modified_gmt":"2025-09-11T08:01:55","slug":"rs140-mini-botella-de-absenta-personalizada-de-50-ml","status":"publish","type":"product","link":"https:\/\/ruishengglassco.com\/es\/producto\/rs140-mini-botella-de-absenta-personalizada-de-50-ml","title":{"rendered":"RS140: Mini botella de absenta de 50 ml personalizada"},"content":{"rendered":"<p>Fabricamos nuestras propias mini botellas en Shandong Yuncheng Ruisheng Glass Co., Ltd. Somos uno de los mayores fabricantes de botellas de licor de China. Ofrecemos 50ml Mini botellas de alcohol a granel, para que pueda obtener botellas de vidrio a precio de mayorista.<\/p>\n<p>Esta botella de absenta en miniatura est\u00e1 hecha de vidrio transparente. Esto la hace transparente, duradera y suave.<\/p>\n<p>Nuestra empresa cuenta con m\u00e1s de 500 empleados y un equipo de ingenieros cualificados. Con nuestra rica experiencia, hemos establecido una buena reputaci\u00f3n en todo el mundo.<\/p>\n<p>Nuestros principales productos son botellas de vidrio para alcohol de primera calidad, incluyendo botellas de vodka, botellas de brandy, botellas de whisky, botellas de licor y botellas de mermelada, entre otros. Tambi\u00e9n podemos ofrecer botellas de vidrio \u00e1mbar, botellas verdes y botellas de agua. Nuestros principales mercados incluyen Europa, EE.UU., Australia y otras regiones. Todos los productos gozan de una gran reputaci\u00f3n por su innovaci\u00f3n y funcionalidad.<\/p>\n<h4>La informaci\u00f3n sobre el Absinthe Mini Botella al por mayor como abajo:<\/h4>\n<ul>\n<li>Material principal: Cristal blanco, Vidrio<\/li>\n<li>Tap\u00f3n: Tap\u00f3n de rosca<\/li>\n<li>Referencia: RS140<\/li>\n<li>MOQ: 10000 PCS<\/li>\n<li><span class=\"attr-name J-attr-name\" title=\"Capacidad\">Capacidad<\/span>: 100ml\/375ml\/500ml\/700ml\/750ml\/Custom<\/li>\n<li>Pzs\/Ctn: 24pzs<\/li>\n<li>Origen del lugar: Shandong, China<\/li>\n<li>Caracter\u00edstica: Ecol\u00f3gico<\/li>\n<\/ul>\n<p>Si desea conocer el precio de la botella de vidrio para absenta o si desea una botella de vidrio personalizada para absenta, p\u00f3ngase en contacto con nosotros. Le responderemos en 24 horas.<\/p>","protected":false},"excerpt":{"rendered":"<p>Ruisheng, un fabricante original de botellas de vidrio, ofrece servicios de venta al por mayor de mini botellas de absenta a marcas de absenta, empresas, proveedores de botellas de vidrio, mayoristas, distribuidores y m\u00e1s. La botella de vidrio transparente adopta material de vidrio de alto pedernal, lo que hace que nuestras botellas de vidrio sean mejores para mostrar la excelente calidad de la absenta. El dise\u00f1o de forma \u00fanica puede atraer la atenci\u00f3n de los clientes en un instante. Como principal fabricante de botellas de vidrio, podemos ofrecer servicio ODM\/OEM en funci\u00f3n de sus necesidades.<\/p>","protected":false},"featured_media":4124,"comment_status":"closed","ping_status":"closed","template":"","meta":[],"product_cat":[15,48],"class_list":{"0":"post-4123","1":"product","2":"type-product","3":"status-publish","4":"has-post-thumbnail","6":"product_cat-glass-liquor-spirit-bottles","7":"product_cat-50ml-mini-liquor-bottle-manufacturer","9":"first","10":"instock","11":"shipping-taxable","12":"product-type-simple"},"yoast_head":"<!-- This site is optimized with the Yoast SEO plugin v22.0 - https:\/\/yoast.com\/wordpress\/plugins\/seo\/ -->\n<title>RS140: Custom 50ml Absinthe Mini Bottle Wholesale<\/title>\n<meta name=\"description\" content=\"Ruisheng, a professional glass bottle manufacturer, sales absinthe mini bottle wholesale at factory outlet price. Accept custom glass bottles for absinthe.\" \/>\n<meta name=\"robots\" content=\"index, follow, max-snippet:-1, max-image-preview:large, max-video-preview:-1\" \/>\n<link rel=\"canonical\" href=\"https:\/\/ruishengglassco.com\/es\/producto\/rs140-mini-botella-de-absenta-personalizada-de-50-ml\" \/>\n<meta property=\"og:locale\" content=\"es_ES\" \/>\n<meta property=\"og:type\" content=\"article\" \/>\n<meta property=\"og:title\" content=\"RS140: Custom 50ml Absinthe Mini Bottle Wholesale\" \/>\n<meta property=\"og:description\" content=\"Ruisheng, a professional glass bottle manufacturer, sales absinthe mini bottle wholesale at factory outlet price. Accept custom glass bottles for absinthe.\" \/>\n<meta property=\"og:url\" content=\"https:\/\/ruishengglassco.com\/es\/producto\/rs140-mini-botella-de-absenta-personalizada-de-50-ml\" \/>\n<meta property=\"article:publisher\" content=\"https:\/\/www.facebook.com\/ruishengglassbottles\" \/>\n<meta property=\"article:modified_time\" content=\"2025-09-11T08:01:55+00:00\" \/>\n<meta property=\"og:image\" content=\"https:\/\/ruishengglassco.com\/wp-content\/uploads\/2025\/03\/Absinthe-Mini-Bottle.webp\" \/>\n\t<meta property=\"og:image:width\" content=\"800\" \/>\n\t<meta property=\"og:image:height\" content=\"800\" \/>\n\t<meta property=\"og:image:type\" content=\"image\/webp\" \/>\n<meta name=\"twitter:card\" content=\"summary_large_image\" \/>\n<meta name=\"twitter:label1\" content=\"Tiempo de lectura\" \/>\n\t<meta name=\"twitter:data1\" content=\"2 minutos\" \/>\n<script type=\"application\/ld+json\" class=\"yoast-schema-graph\">{\"@context\":\"https:\/\/schema.org\",\"@graph\":[{\"@type\":\"WebPage\",\"@id\":\"https:\/\/ruishengglassco.com\/product\/rs140-custom-50ml-absinthe-mini-bottle\",\"url\":\"https:\/\/ruishengglassco.com\/product\/rs140-custom-50ml-absinthe-mini-bottle\",\"name\":\"RS140: Custom 50ml Absinthe Mini Bottle Wholesale\",\"isPartOf\":{\"@id\":\"https:\/\/ruishengglassco.com\/#website\"},\"datePublished\":\"2025-03-14T01:13:49+00:00\",\"dateModified\":\"2025-09-11T08:01:55+00:00\",\"description\":\"Ruisheng, a professional glass bottle manufacturer, sales absinthe mini bottle wholesale at factory outlet price. Accept custom glass bottles for absinthe.\",\"breadcrumb\":{\"@id\":\"https:\/\/ruishengglassco.com\/product\/rs140-custom-50ml-absinthe-mini-bottle#breadcrumb\"},\"inLanguage\":\"es\",\"potentialAction\":[{\"@type\":\"ReadAction\",\"target\":[\"https:\/\/ruishengglassco.com\/product\/rs140-custom-50ml-absinthe-mini-bottle\"]}]},{\"@type\":\"BreadcrumbList\",\"@id\":\"https:\/\/ruishengglassco.com\/product\/rs140-custom-50ml-absinthe-mini-bottle#breadcrumb\",\"itemListElement\":[{\"@type\":\"ListItem\",\"position\":1,\"name\":\"Home\",\"item\":\"https:\/\/ruishengglassco.com\/\"},{\"@type\":\"ListItem\",\"position\":2,\"name\":\"Products\",\"item\":\"https:\/\/ruishengglassco.com\/products\"},{\"@type\":\"ListItem\",\"position\":3,\"name\":\"RS140: Custom 50ml Absinthe Mini Bottle\"}]},{\"@type\":\"WebSite\",\"@id\":\"https:\/\/ruishengglassco.com\/#website\",\"url\":\"https:\/\/ruishengglassco.com\/\",\"name\":\"Ruisheng Glass\",\"description\":\"\",\"publisher\":{\"@id\":\"https:\/\/ruishengglassco.com\/#organization\"},\"potentialAction\":[{\"@type\":\"SearchAction\",\"target\":{\"@type\":\"EntryPoint\",\"urlTemplate\":\"https:\/\/ruishengglassco.com\/?s={search_term_string}\"},\"query-input\":\"required name=search_term_string\"}],\"inLanguage\":\"es\"},{\"@type\":\"Organization\",\"@id\":\"https:\/\/ruishengglassco.com\/#organization\",\"name\":\"Shandong Yuncheng Ruisheng Glass Co., Ltd\",\"url\":\"https:\/\/ruishengglassco.com\/\",\"logo\":{\"@type\":\"ImageObject\",\"inLanguage\":\"es\",\"@id\":\"https:\/\/ruishengglassco.com\/#\/schema\/logo\/image\/\",\"url\":\"https:\/\/ruishengglassco.com\/wp-content\/uploads\/2023\/09\/ruisheng_logo_icon.webp\",\"contentUrl\":\"https:\/\/ruishengglassco.com\/wp-content\/uploads\/2023\/09\/ruisheng_logo_icon.webp\",\"width\":400,\"height\":233,\"caption\":\"Shandong Yuncheng Ruisheng Glass Co., Ltd\"},\"image\":{\"@id\":\"https:\/\/ruishengglassco.com\/#\/schema\/logo\/image\/\"},\"sameAs\":[\"https:\/\/www.facebook.com\/ruishengglassbottles\",\"https:\/\/www.instagram.com\/Ruishengglassbottlewholesales\/\",\"https:\/\/www.youtube.com\/channel\/UCMmbMNGwsL-XrtjfSFLCdVQ\"]}]}<\/script>\n<!-- \/ Yoast SEO plugin. -->","yoast_head_json":{"title":"RS140: Custom 50ml Absinthe Mini Bottle Wholesale","description":"Ruisheng, a professional glass bottle manufacturer, sales absinthe mini bottle wholesale at factory outlet price. Accept custom glass bottles for absinthe.","robots":{"index":"index","follow":"follow","max-snippet":"max-snippet:-1","max-image-preview":"max-image-preview:large","max-video-preview":"max-video-preview:-1"},"canonical":"https:\/\/ruishengglassco.com\/es\/producto\/rs140-mini-botella-de-absenta-personalizada-de-50-ml","og_locale":"es_ES","og_type":"article","og_title":"RS140: Custom 50ml Absinthe Mini Bottle Wholesale","og_description":"Ruisheng, a professional glass bottle manufacturer, sales absinthe mini bottle wholesale at factory outlet price. Accept custom glass bottles for absinthe.","og_url":"https:\/\/ruishengglassco.com\/es\/producto\/rs140-mini-botella-de-absenta-personalizada-de-50-ml","article_publisher":"https:\/\/www.facebook.com\/ruishengglassbottles","article_modified_time":"2025-09-11T08:01:55+00:00","og_image":[{"width":800,"height":800,"url":"https:\/\/ruishengglassco.com\/wp-content\/uploads\/2025\/03\/Absinthe-Mini-Bottle.webp","type":"image\/webp"}],"twitter_card":"summary_large_image","twitter_misc":{"Tiempo de lectura":"2 minutos"},"schema":{"@context":"https:\/\/schema.org","@graph":[{"@type":"WebPage","@id":"https:\/\/ruishengglassco.com\/product\/rs140-custom-50ml-absinthe-mini-bottle","url":"https:\/\/ruishengglassco.com\/product\/rs140-custom-50ml-absinthe-mini-bottle","name":"RS140: Custom 50ml Absinthe Mini Bottle Wholesale","isPartOf":{"@id":"https:\/\/ruishengglassco.com\/#website"},"datePublished":"2025-03-14T01:13:49+00:00","dateModified":"2025-09-11T08:01:55+00:00","description":"Ruisheng, a professional glass bottle manufacturer, sales absinthe mini bottle wholesale at factory outlet price. Accept custom glass bottles for absinthe.","breadcrumb":{"@id":"https:\/\/ruishengglassco.com\/product\/rs140-custom-50ml-absinthe-mini-bottle#breadcrumb"},"inLanguage":"es","potentialAction":[{"@type":"ReadAction","target":["https:\/\/ruishengglassco.com\/product\/rs140-custom-50ml-absinthe-mini-bottle"]}]},{"@type":"BreadcrumbList","@id":"https:\/\/ruishengglassco.com\/product\/rs140-custom-50ml-absinthe-mini-bottle#breadcrumb","itemListElement":[{"@type":"ListItem","position":1,"name":"Home","item":"https:\/\/ruishengglassco.com\/"},{"@type":"ListItem","position":2,"name":"Products","item":"https:\/\/ruishengglassco.com\/products"},{"@type":"ListItem","position":3,"name":"RS140: Custom 50ml Absinthe Mini Bottle"}]},{"@type":"WebSite","@id":"https:\/\/ruishengglassco.com\/#website","url":"https:\/\/ruishengglassco.com\/","name":"Ruisheng Glass","description":"","publisher":{"@id":"https:\/\/ruishengglassco.com\/#organization"},"potentialAction":[{"@type":"SearchAction","target":{"@type":"EntryPoint","urlTemplate":"https:\/\/ruishengglassco.com\/?s={search_term_string}"},"query-input":"required name=search_term_string"}],"inLanguage":"es"},{"@type":"Organization","@id":"https:\/\/ruishengglassco.com\/#organization","name":"Shandong Yuncheng Ruisheng Glass Co., Ltd","url":"https:\/\/ruishengglassco.com\/","logo":{"@type":"ImageObject","inLanguage":"es","@id":"https:\/\/ruishengglassco.com\/#\/schema\/logo\/image\/","url":"https:\/\/ruishengglassco.com\/wp-content\/uploads\/2023\/09\/ruisheng_logo_icon.webp","contentUrl":"https:\/\/ruishengglassco.com\/wp-content\/uploads\/2023\/09\/ruisheng_logo_icon.webp","width":400,"height":233,"caption":"Shandong Yuncheng Ruisheng Glass Co., Ltd"},"image":{"@id":"https:\/\/ruishengglassco.com\/#\/schema\/logo\/image\/"},"sameAs":["https:\/\/www.facebook.com\/ruishengglassbottles","https:\/\/www.instagram.com\/Ruishengglassbottlewholesales\/","https:\/\/www.youtube.com\/channel\/UCMmbMNGwsL-XrtjfSFLCdVQ"]}]}},"_links":{"self":[{"href":"https:\/\/ruishengglassco.com\/es\/wp-json\/wp\/v2\/product\/4123","targetHints":{"allow":["GET"]}}],"collection":[{"href":"https:\/\/ruishengglassco.com\/es\/wp-json\/wp\/v2\/product"}],"about":[{"href":"https:\/\/ruishengglassco.com\/es\/wp-json\/wp\/v2\/types\/product"}],"replies":[{"embeddable":true,"href":"https:\/\/ruishengglassco.com\/es\/wp-json\/wp\/v2\/comments?post=4123"}],"wp:featuredmedia":[{"embeddable":true,"href":"https:\/\/ruishengglassco.com\/es\/wp-json\/wp\/v2\/media\/4124"}],"wp:attachment":[{"href":"https:\/\/ruishengglassco.com\/es\/wp-json\/wp\/v2\/media?parent=4123"}],"wp:term":[{"taxonomy":"product_cat","embeddable":true,"href":"https:\/\/ruishengglassco.com\/es\/wp-json\/wp\/v2\/product_cat?post=4123"}],"curies":[{"name":"wp","href":"https:\/\/api.w.org\/{rel}","templated":true}]}}