{"id":4121,"date":"2025-03-14T09:02:56","date_gmt":"2025-03-14T01:02:56","guid":{"rendered":"https:\/\/ruishengglassco.com\/?post_type=product&#038;p=4121"},"modified":"2025-09-11T16:51:47","modified_gmt":"2025-09-11T08:51:47","slug":"rs141-botella-de-licor-de-cristal-china-750ml","status":"publish","type":"product","link":"https:\/\/ruishengglassco.com\/es\/producto\/rs141-botella-de-licor-de-cristal-china-750ml","title":{"rendered":"RS141: Botella de licor de vidrio China 750ml"},"content":{"rendered":"<p>Ruisheng, una famosa botella de vino de 750ml fabricante de China, ofrece botellas de vino tinto al por mayor a precios de f\u00e1brica. Estas botellas de vino vac\u00edas para la venta est\u00e1n en forma ordinaria, pero pueden garantizar m\u00e1s l\u00edquido. As\u00ed que esta botella de vidrio de vino 750ml es muy popular entre los consumidores.<br \/>\nEl color de estas botellas de vino tinto al por mayor es transparente; si tiene alg\u00fan requisito de color, podemos cambiarlo seg\u00fan su petici\u00f3n. Tambi\u00e9n podemos imprimir su logotipo en la tapa y el cuerpo de la botella. Adem\u00e1s, nuestra empresa ha obtenido muchos certificados, por lo que estamos muy seguros de nuestras botellas.<br \/>\nTenemos requisitos estrictos sobre las materias primas antes de hacer botellas de vidrio para vino, y nuestro jefe supervisar\u00e1 personalmente la producci\u00f3n de botellas en la f\u00e1brica.<br \/>\nNuestras botellas de vidrio para vino de exportaci\u00f3n de 750ml se embalan seg\u00fan la norma nacional, y la cantidad tambi\u00e9n es un c\u00e1lculo estricto. Nos aseguraremos de que las mercanc\u00edas lleguen a su pa\u00eds con seguridad.<br \/>\nLo principal es nuestro excelente servicio posventa. Estamos aqu\u00ed para responder a sus preguntas desde que hace el pedido hasta que se lo enviamos. Le prometemos que conocer\u00e1 bien nuestros productos.<br \/>\nSi quiere confirmar nuestra empresa, podemos grabar el v\u00eddeo para usted, o puede visitar nuestra empresa. Haremos que alguien especial te recoja, y alguien te ense\u00f1ar\u00e1 la f\u00e1brica.<br \/>\nNuestros principales productos son botellas de vidrio de primera calidad, tales como botellas de vodka, botellas de brandy, botellas de whisky, botellas de licor, botellas de mermelada, y as\u00ed sucesivamente. Tambi\u00e9n podemos ofrecer botellas de vidrio \u00e1mbar, botellas verdes y botellas de agua. Nuestro principal mercado es Europa, EE.UU., Australia, Am\u00e9rica, etc. Y todos los productos gozan de una gran reputaci\u00f3n por su innovaci\u00f3n y funcionalidad.<\/p>\n<h4>Botellas Vino 750ml Fabricantes China<\/h4>\n<p>La informaci\u00f3n sobre la botella de vidrio es la siguiente:<\/p>\n<ul>\n<li>Material principal: vidrio de alto s\u00edlex<\/li>\n<li>Tap\u00f3n: tap\u00f3n de rosca<\/li>\n<li>Referencia: RS141<\/li>\n<li>MOQ: 10000 PCS<\/li>\n<li>Capacidad: 750 ml<\/li>\n<li>Pzs\/Ctn: 24pzs<\/li>\n<li>Origen del lugar: Shandong, China<\/li>\n<li>Caracter\u00edstica: Ecol\u00f3gico<\/li>\n<\/ul>\n<p>Si te gustan estas botellas de vidrio de vino tinto al por mayor de un fabricante de botellas de vino 750ml China, por favor no dude en contactar con nosotros.<\/p>\n<p>Si no te gusta, podemos enviarte nuestro cat\u00e1logo, puedes elegir el que m\u00e1s te guste.<\/p>\n<p>Si est\u00e1 interesado en nuestras botellas de vino al por mayor, p\u00f3ngase en contacto con nosotros. Le responderemos en un plazo de 24 horas.<\/p>","protected":false},"excerpt":{"rendered":"<p>Esta serie de botellas de vidrio redondas de 750 ml est\u00e1 dise\u00f1ada principalmente para el envasado de vino tinto. El vidrio transparente refleja el hermoso color del vino tinto. Especialmente para Bodegas y Empresas Vin\u00edcolas.<\/p>\n<p>Botella de cristal de 750 ml personalizada para vino tinto:<\/p>\n<ul>\n<li>Referencia: RS141<\/li>\n<li><strong>Servicio OEM\/ODM con muestra gratis. MOQ:10000pcs(10000 PCS)<\/strong><\/li>\n<li>Tap\u00f3n: Corcho, tap\u00f3n de rosca o personalizado<\/li>\n<li>Material: Vidrio de alto s\u00edlex<\/li>\n<li>Altura de la botella:228MM\u00b12MMmm<\/li>\n<li>Di\u00e1metro de la botella: 92,4MM\u00b12MM<\/li>\n<\/ul>","protected":false},"featured_media":4122,"comment_status":"closed","ping_status":"closed","template":"","meta":[],"product_cat":[15,40],"class_list":{"0":"post-4121","1":"product","2":"type-product","3":"status-publish","4":"has-post-thumbnail","6":"product_cat-glass-liquor-spirit-bottles","7":"product_cat-750ml-liquor-bottle-manufacturer","9":"first","10":"instock","11":"shipping-taxable","12":"product-type-simple"},"yoast_head":"<!-- This site is optimized with the Yoast SEO plugin v22.0 - https:\/\/yoast.com\/wordpress\/plugins\/seo\/ -->\n<title>RS141: China 750ml Glass Liquor Bottle<\/title>\n<meta name=\"description\" content=\"This series 750ml round shape glass bottle is mainly designed for Red Wine packaging. Transparent high flint glass reflects the beautiful color of red wine.\" \/>\n<meta name=\"robots\" content=\"index, follow, max-snippet:-1, max-image-preview:large, max-video-preview:-1\" \/>\n<link rel=\"canonical\" href=\"https:\/\/ruishengglassco.com\/es\/producto\/rs141-botella-de-licor-de-cristal-china-750ml\" \/>\n<meta property=\"og:locale\" content=\"es_ES\" \/>\n<meta property=\"og:type\" content=\"article\" \/>\n<meta property=\"og:title\" content=\"RS141: China 750ml Glass Liquor Bottle\" \/>\n<meta property=\"og:description\" content=\"This series 750ml round shape glass bottle is mainly designed for Red Wine packaging. Transparent high flint glass reflects the beautiful color of red wine.\" \/>\n<meta property=\"og:url\" content=\"https:\/\/ruishengglassco.com\/es\/producto\/rs141-botella-de-licor-de-cristal-china-750ml\" \/>\n<meta property=\"article:publisher\" content=\"https:\/\/www.facebook.com\/ruishengglassbottles\" \/>\n<meta property=\"article:modified_time\" content=\"2025-09-11T08:51:47+00:00\" \/>\n<meta property=\"og:image\" content=\"https:\/\/ruishengglassco.com\/wp-content\/uploads\/2025\/03\/China-750ml-Glass-Liquor-Bottle.webp\" \/>\n\t<meta property=\"og:image:width\" content=\"800\" \/>\n\t<meta property=\"og:image:height\" content=\"800\" \/>\n\t<meta property=\"og:image:type\" content=\"image\/webp\" \/>\n<meta name=\"twitter:card\" content=\"summary_large_image\" \/>\n<meta name=\"twitter:label1\" content=\"Tiempo de lectura\" \/>\n\t<meta name=\"twitter:data1\" content=\"2 minutos\" \/>\n<script type=\"application\/ld+json\" class=\"yoast-schema-graph\">{\"@context\":\"https:\/\/schema.org\",\"@graph\":[{\"@type\":\"WebPage\",\"@id\":\"https:\/\/ruishengglassco.com\/product\/rs141-china-750ml-glass-liquor-bottle\",\"url\":\"https:\/\/ruishengglassco.com\/product\/rs141-china-750ml-glass-liquor-bottle\",\"name\":\"RS141: China 750ml Glass Liquor Bottle\",\"isPartOf\":{\"@id\":\"https:\/\/ruishengglassco.com\/#website\"},\"datePublished\":\"2025-03-14T01:02:56+00:00\",\"dateModified\":\"2025-09-11T08:51:47+00:00\",\"description\":\"This series 750ml round shape glass bottle is mainly designed for Red Wine packaging. Transparent high flint glass reflects the beautiful color of red wine.\",\"breadcrumb\":{\"@id\":\"https:\/\/ruishengglassco.com\/product\/rs141-china-750ml-glass-liquor-bottle#breadcrumb\"},\"inLanguage\":\"es\",\"potentialAction\":[{\"@type\":\"ReadAction\",\"target\":[\"https:\/\/ruishengglassco.com\/product\/rs141-china-750ml-glass-liquor-bottle\"]}]},{\"@type\":\"BreadcrumbList\",\"@id\":\"https:\/\/ruishengglassco.com\/product\/rs141-china-750ml-glass-liquor-bottle#breadcrumb\",\"itemListElement\":[{\"@type\":\"ListItem\",\"position\":1,\"name\":\"Home\",\"item\":\"https:\/\/ruishengglassco.com\/\"},{\"@type\":\"ListItem\",\"position\":2,\"name\":\"Products\",\"item\":\"https:\/\/ruishengglassco.com\/products\"},{\"@type\":\"ListItem\",\"position\":3,\"name\":\"RS141: China 750ml Glass Liquor Bottle\"}]},{\"@type\":\"WebSite\",\"@id\":\"https:\/\/ruishengglassco.com\/#website\",\"url\":\"https:\/\/ruishengglassco.com\/\",\"name\":\"Ruisheng Glass\",\"description\":\"\",\"publisher\":{\"@id\":\"https:\/\/ruishengglassco.com\/#organization\"},\"potentialAction\":[{\"@type\":\"SearchAction\",\"target\":{\"@type\":\"EntryPoint\",\"urlTemplate\":\"https:\/\/ruishengglassco.com\/?s={search_term_string}\"},\"query-input\":\"required name=search_term_string\"}],\"inLanguage\":\"es\"},{\"@type\":\"Organization\",\"@id\":\"https:\/\/ruishengglassco.com\/#organization\",\"name\":\"Shandong Yuncheng Ruisheng Glass Co., Ltd\",\"url\":\"https:\/\/ruishengglassco.com\/\",\"logo\":{\"@type\":\"ImageObject\",\"inLanguage\":\"es\",\"@id\":\"https:\/\/ruishengglassco.com\/#\/schema\/logo\/image\/\",\"url\":\"https:\/\/ruishengglassco.com\/wp-content\/uploads\/2023\/09\/ruisheng_logo_icon.webp\",\"contentUrl\":\"https:\/\/ruishengglassco.com\/wp-content\/uploads\/2023\/09\/ruisheng_logo_icon.webp\",\"width\":400,\"height\":233,\"caption\":\"Shandong Yuncheng Ruisheng Glass Co., Ltd\"},\"image\":{\"@id\":\"https:\/\/ruishengglassco.com\/#\/schema\/logo\/image\/\"},\"sameAs\":[\"https:\/\/www.facebook.com\/ruishengglassbottles\",\"https:\/\/www.instagram.com\/Ruishengglassbottlewholesales\/\",\"https:\/\/www.youtube.com\/channel\/UCMmbMNGwsL-XrtjfSFLCdVQ\"]}]}<\/script>\n<!-- \/ Yoast SEO plugin. -->","yoast_head_json":{"title":"RS141: China 750ml Glass Liquor Bottle","description":"This series 750ml round shape glass bottle is mainly designed for Red Wine packaging. Transparent high flint glass reflects the beautiful color of red wine.","robots":{"index":"index","follow":"follow","max-snippet":"max-snippet:-1","max-image-preview":"max-image-preview:large","max-video-preview":"max-video-preview:-1"},"canonical":"https:\/\/ruishengglassco.com\/es\/producto\/rs141-botella-de-licor-de-cristal-china-750ml","og_locale":"es_ES","og_type":"article","og_title":"RS141: China 750ml Glass Liquor Bottle","og_description":"This series 750ml round shape glass bottle is mainly designed for Red Wine packaging. Transparent high flint glass reflects the beautiful color of red wine.","og_url":"https:\/\/ruishengglassco.com\/es\/producto\/rs141-botella-de-licor-de-cristal-china-750ml","article_publisher":"https:\/\/www.facebook.com\/ruishengglassbottles","article_modified_time":"2025-09-11T08:51:47+00:00","og_image":[{"width":800,"height":800,"url":"https:\/\/ruishengglassco.com\/wp-content\/uploads\/2025\/03\/China-750ml-Glass-Liquor-Bottle.webp","type":"image\/webp"}],"twitter_card":"summary_large_image","twitter_misc":{"Tiempo de lectura":"2 minutos"},"schema":{"@context":"https:\/\/schema.org","@graph":[{"@type":"WebPage","@id":"https:\/\/ruishengglassco.com\/product\/rs141-china-750ml-glass-liquor-bottle","url":"https:\/\/ruishengglassco.com\/product\/rs141-china-750ml-glass-liquor-bottle","name":"RS141: China 750ml Glass Liquor Bottle","isPartOf":{"@id":"https:\/\/ruishengglassco.com\/#website"},"datePublished":"2025-03-14T01:02:56+00:00","dateModified":"2025-09-11T08:51:47+00:00","description":"This series 750ml round shape glass bottle is mainly designed for Red Wine packaging. Transparent high flint glass reflects the beautiful color of red wine.","breadcrumb":{"@id":"https:\/\/ruishengglassco.com\/product\/rs141-china-750ml-glass-liquor-bottle#breadcrumb"},"inLanguage":"es","potentialAction":[{"@type":"ReadAction","target":["https:\/\/ruishengglassco.com\/product\/rs141-china-750ml-glass-liquor-bottle"]}]},{"@type":"BreadcrumbList","@id":"https:\/\/ruishengglassco.com\/product\/rs141-china-750ml-glass-liquor-bottle#breadcrumb","itemListElement":[{"@type":"ListItem","position":1,"name":"Home","item":"https:\/\/ruishengglassco.com\/"},{"@type":"ListItem","position":2,"name":"Products","item":"https:\/\/ruishengglassco.com\/products"},{"@type":"ListItem","position":3,"name":"RS141: China 750ml Glass Liquor Bottle"}]},{"@type":"WebSite","@id":"https:\/\/ruishengglassco.com\/#website","url":"https:\/\/ruishengglassco.com\/","name":"Ruisheng Glass","description":"","publisher":{"@id":"https:\/\/ruishengglassco.com\/#organization"},"potentialAction":[{"@type":"SearchAction","target":{"@type":"EntryPoint","urlTemplate":"https:\/\/ruishengglassco.com\/?s={search_term_string}"},"query-input":"required name=search_term_string"}],"inLanguage":"es"},{"@type":"Organization","@id":"https:\/\/ruishengglassco.com\/#organization","name":"Shandong Yuncheng Ruisheng Glass Co., Ltd","url":"https:\/\/ruishengglassco.com\/","logo":{"@type":"ImageObject","inLanguage":"es","@id":"https:\/\/ruishengglassco.com\/#\/schema\/logo\/image\/","url":"https:\/\/ruishengglassco.com\/wp-content\/uploads\/2023\/09\/ruisheng_logo_icon.webp","contentUrl":"https:\/\/ruishengglassco.com\/wp-content\/uploads\/2023\/09\/ruisheng_logo_icon.webp","width":400,"height":233,"caption":"Shandong Yuncheng Ruisheng Glass Co., Ltd"},"image":{"@id":"https:\/\/ruishengglassco.com\/#\/schema\/logo\/image\/"},"sameAs":["https:\/\/www.facebook.com\/ruishengglassbottles","https:\/\/www.instagram.com\/Ruishengglassbottlewholesales\/","https:\/\/www.youtube.com\/channel\/UCMmbMNGwsL-XrtjfSFLCdVQ"]}]}},"_links":{"self":[{"href":"https:\/\/ruishengglassco.com\/es\/wp-json\/wp\/v2\/product\/4121","targetHints":{"allow":["GET"]}}],"collection":[{"href":"https:\/\/ruishengglassco.com\/es\/wp-json\/wp\/v2\/product"}],"about":[{"href":"https:\/\/ruishengglassco.com\/es\/wp-json\/wp\/v2\/types\/product"}],"replies":[{"embeddable":true,"href":"https:\/\/ruishengglassco.com\/es\/wp-json\/wp\/v2\/comments?post=4121"}],"wp:featuredmedia":[{"embeddable":true,"href":"https:\/\/ruishengglassco.com\/es\/wp-json\/wp\/v2\/media\/4122"}],"wp:attachment":[{"href":"https:\/\/ruishengglassco.com\/es\/wp-json\/wp\/v2\/media?parent=4121"}],"wp:term":[{"taxonomy":"product_cat","embeddable":true,"href":"https:\/\/ruishengglassco.com\/es\/wp-json\/wp\/v2\/product_cat?post=4121"}],"curies":[{"name":"wp","href":"https:\/\/api.w.org\/{rel}","templated":true}]}}