{"id":4119,"date":"2025-03-14T08:55:20","date_gmt":"2025-03-14T00:55:20","guid":{"rendered":"https:\/\/ruishengglassco.com\/?post_type=product&#038;p=4119"},"modified":"2025-07-16T13:24:35","modified_gmt":"2025-07-16T05:24:35","slug":"rs142-comprar-botellas-de-vidrio-de-500-ml-de-fabricante-chino","status":"publish","type":"product","link":"https:\/\/ruishengglassco.com\/es\/producto\/rs142-comprar-botellas-de-vidrio-de-500-ml-de-fabricante-chino","title":{"rendered":"RS142: Comprar botellas de vidrio de 500 ml del fabricante de China"},"content":{"rendered":"<p>Nuestra empresa produce todo tipo de botellas, botellas de perfume, y tambi\u00e9n podemos hacerlo. Esta es una botella de vidrio de color 500ml botella de vidrio; su forma es plana, y su color es transparente.<br \/>El material de color que tenemos es alto s\u00edlex y supers\u00edlex; este \u00faltimo es m\u00e1s duro y transparente. Si desea otros colores, pintamos otros colores para usted.<br \/>Nuestros productos se venden en todo el mundo, y siempre nos ce\u00f1imos a ofrecer a los clientes los mejores productos y servicios. Vendemos principalmente a Am\u00e9rica, Rusia y el Sudeste Asi\u00e1tico.<br \/>Nuestros principales productos son botellas de vodka, botellas de brandy, botellas de whisky, botellas de licor, botellas de mermelada, etc. Tambi\u00e9n podemos ofrecer botellas de vidrio \u00e1mbar, botellas verdes y botellas de agua.<br \/>Podemos garantizar que la calidad de nuestros productos es alta porque todas las botellas de vidrio pasan una estricta inspecci\u00f3n antes de salir.<br \/>\u00a0<br \/>Muchos clientes extranjeros piden nuestras botellas porque, una vez que las compran, volver\u00e1n la pr\u00f3xima vez.<br \/>Creo que nuestros productos son de alta calidad, y esperamos que pueda confiar en nosotros. Si no conf\u00eda en nosotros, no dude en visitar nuestra f\u00e1brica.<br \/>Nuestra empresa tambi\u00e9n acepta botellas personalizadas; si puede darnos dibujos, podemos hacer lo mismo.<br \/>Por favor, no dude en contactar con nosotros si te gusta esta botella si no te gusta esto. Y podemos enviarle nuestro cat\u00e1logo, y usted puede elegir algunas que le gusten y enviarme una foto.<br \/>Si desea saber m\u00e1s sobre esta botella, no dude en ponerse en contacto con nosotros y responderemos a sus preguntas.<\/p>\n<p>Si est\u00e1 interesado en nuestro Comprar botellas de vidrio de color botellas de vidrio de 500 ml, p\u00f3ngase en contacto con nosotros. Le contestaremos en el plazo de 24hours.<\/p>","protected":false},"excerpt":{"rendered":"<ul>\n<li>Material principal: vidrio de alto s\u00edlex<\/li>\n<li>Tapa Corcho<\/li>\n<li>Referencia: RS142<\/li>\n<li>MOQ: 10000 PCS<\/li>\n<li>Capacidad: seg\u00fan la demanda del cliente<\/li>\n<li>Pcs\/Ctn:24pcs<\/li>\n<li>Origen del lugar: Shandong, China<\/li>\n<li>Caracter\u00edstica: Ecol\u00f3gico<\/li>\n<\/ul>","protected":false},"featured_media":4120,"comment_status":"closed","ping_status":"closed","template":"","meta":[],"product_cat":[41,52],"class_list":{"0":"post-4119","1":"product","2":"type-product","3":"status-publish","4":"has-post-thumbnail","6":"product_cat-500ml-liquor-bottle-manufacturer","7":"product_cat-vodka-bottle","9":"first","10":"instock","11":"shipping-taxable","12":"product-type-simple"},"yoast_head":"<!-- This site is optimized with the Yoast SEO plugin v22.0 - https:\/\/yoast.com\/wordpress\/plugins\/seo\/ -->\n<title>RS142: Buy 500ml Glass Bottles From China Manufacturer<\/title>\n<meta name=\"description\" content=\"The glass bottles with corks is made by high flint glass material which make the glass bottle more clear, more durable and more smooth.\" \/>\n<meta name=\"robots\" content=\"index, follow, max-snippet:-1, max-image-preview:large, max-video-preview:-1\" \/>\n<link rel=\"canonical\" href=\"https:\/\/ruishengglassco.com\/es\/producto\/rs142-comprar-botellas-de-vidrio-de-500-ml-de-fabricante-chino\" \/>\n<meta property=\"og:locale\" content=\"es_ES\" \/>\n<meta property=\"og:type\" content=\"article\" \/>\n<meta property=\"og:title\" content=\"RS142: Buy 500ml Glass Bottles From China Manufacturer\" \/>\n<meta property=\"og:description\" content=\"The glass bottles with corks is made by high flint glass material which make the glass bottle more clear, more durable and more smooth.\" \/>\n<meta property=\"og:url\" content=\"https:\/\/ruishengglassco.com\/es\/producto\/rs142-comprar-botellas-de-vidrio-de-500-ml-de-fabricante-chino\" \/>\n<meta property=\"article:publisher\" content=\"https:\/\/www.facebook.com\/ruishengglassbottles\" \/>\n<meta property=\"article:modified_time\" content=\"2025-07-16T05:24:35+00:00\" \/>\n<meta property=\"og:image\" content=\"https:\/\/ruishengglassco.com\/wp-content\/uploads\/2025\/03\/Buy-500ml-Glass-Bottles-From-China-Manufacturer.webp\" \/>\n\t<meta property=\"og:image:width\" content=\"350\" \/>\n\t<meta property=\"og:image:height\" content=\"350\" \/>\n\t<meta property=\"og:image:type\" content=\"image\/webp\" \/>\n<meta name=\"twitter:card\" content=\"summary_large_image\" \/>\n<meta name=\"twitter:label1\" content=\"Tiempo de lectura\" \/>\n\t<meta name=\"twitter:data1\" content=\"2 minutos\" \/>\n<script type=\"application\/ld+json\" class=\"yoast-schema-graph\">{\"@context\":\"https:\/\/schema.org\",\"@graph\":[{\"@type\":\"WebPage\",\"@id\":\"https:\/\/ruishengglassco.com\/product\/rs142-buy-500ml-glass-bottles-from-china-manufacturer\",\"url\":\"https:\/\/ruishengglassco.com\/product\/rs142-buy-500ml-glass-bottles-from-china-manufacturer\",\"name\":\"RS142: Buy 500ml Glass Bottles From China Manufacturer\",\"isPartOf\":{\"@id\":\"https:\/\/ruishengglassco.com\/#website\"},\"datePublished\":\"2025-03-14T00:55:20+00:00\",\"dateModified\":\"2025-07-16T05:24:35+00:00\",\"description\":\"The glass bottles with corks is made by high flint glass material which make the glass bottle more clear, more durable and more smooth.\",\"breadcrumb\":{\"@id\":\"https:\/\/ruishengglassco.com\/product\/rs142-buy-500ml-glass-bottles-from-china-manufacturer#breadcrumb\"},\"inLanguage\":\"es\",\"potentialAction\":[{\"@type\":\"ReadAction\",\"target\":[\"https:\/\/ruishengglassco.com\/product\/rs142-buy-500ml-glass-bottles-from-china-manufacturer\"]}]},{\"@type\":\"BreadcrumbList\",\"@id\":\"https:\/\/ruishengglassco.com\/product\/rs142-buy-500ml-glass-bottles-from-china-manufacturer#breadcrumb\",\"itemListElement\":[{\"@type\":\"ListItem\",\"position\":1,\"name\":\"Home\",\"item\":\"https:\/\/ruishengglassco.com\/\"},{\"@type\":\"ListItem\",\"position\":2,\"name\":\"Products\",\"item\":\"https:\/\/ruishengglassco.com\/products\"},{\"@type\":\"ListItem\",\"position\":3,\"name\":\"RS142: Buy 500ml Glass Bottles From China Manufacturer\"}]},{\"@type\":\"WebSite\",\"@id\":\"https:\/\/ruishengglassco.com\/#website\",\"url\":\"https:\/\/ruishengglassco.com\/\",\"name\":\"Ruisheng Glass\",\"description\":\"\",\"publisher\":{\"@id\":\"https:\/\/ruishengglassco.com\/#organization\"},\"potentialAction\":[{\"@type\":\"SearchAction\",\"target\":{\"@type\":\"EntryPoint\",\"urlTemplate\":\"https:\/\/ruishengglassco.com\/?s={search_term_string}\"},\"query-input\":\"required name=search_term_string\"}],\"inLanguage\":\"es\"},{\"@type\":\"Organization\",\"@id\":\"https:\/\/ruishengglassco.com\/#organization\",\"name\":\"Shandong Yuncheng Ruisheng Glass Co., Ltd\",\"url\":\"https:\/\/ruishengglassco.com\/\",\"logo\":{\"@type\":\"ImageObject\",\"inLanguage\":\"es\",\"@id\":\"https:\/\/ruishengglassco.com\/#\/schema\/logo\/image\/\",\"url\":\"https:\/\/ruishengglassco.com\/wp-content\/uploads\/2023\/09\/ruisheng_logo_icon.webp\",\"contentUrl\":\"https:\/\/ruishengglassco.com\/wp-content\/uploads\/2023\/09\/ruisheng_logo_icon.webp\",\"width\":400,\"height\":233,\"caption\":\"Shandong Yuncheng Ruisheng Glass Co., Ltd\"},\"image\":{\"@id\":\"https:\/\/ruishengglassco.com\/#\/schema\/logo\/image\/\"},\"sameAs\":[\"https:\/\/www.facebook.com\/ruishengglassbottles\",\"https:\/\/www.instagram.com\/Ruishengglassbottlewholesales\/\",\"https:\/\/www.youtube.com\/channel\/UCMmbMNGwsL-XrtjfSFLCdVQ\"]}]}<\/script>\n<!-- \/ Yoast SEO plugin. -->","yoast_head_json":{"title":"RS142: Buy 500ml Glass Bottles From China Manufacturer","description":"The glass bottles with corks is made by high flint glass material which make the glass bottle more clear, more durable and more smooth.","robots":{"index":"index","follow":"follow","max-snippet":"max-snippet:-1","max-image-preview":"max-image-preview:large","max-video-preview":"max-video-preview:-1"},"canonical":"https:\/\/ruishengglassco.com\/es\/producto\/rs142-comprar-botellas-de-vidrio-de-500-ml-de-fabricante-chino","og_locale":"es_ES","og_type":"article","og_title":"RS142: Buy 500ml Glass Bottles From China Manufacturer","og_description":"The glass bottles with corks is made by high flint glass material which make the glass bottle more clear, more durable and more smooth.","og_url":"https:\/\/ruishengglassco.com\/es\/producto\/rs142-comprar-botellas-de-vidrio-de-500-ml-de-fabricante-chino","article_publisher":"https:\/\/www.facebook.com\/ruishengglassbottles","article_modified_time":"2025-07-16T05:24:35+00:00","og_image":[{"width":350,"height":350,"url":"https:\/\/ruishengglassco.com\/wp-content\/uploads\/2025\/03\/Buy-500ml-Glass-Bottles-From-China-Manufacturer.webp","type":"image\/webp"}],"twitter_card":"summary_large_image","twitter_misc":{"Tiempo de lectura":"2 minutos"},"schema":{"@context":"https:\/\/schema.org","@graph":[{"@type":"WebPage","@id":"https:\/\/ruishengglassco.com\/product\/rs142-buy-500ml-glass-bottles-from-china-manufacturer","url":"https:\/\/ruishengglassco.com\/product\/rs142-buy-500ml-glass-bottles-from-china-manufacturer","name":"RS142: Buy 500ml Glass Bottles From China Manufacturer","isPartOf":{"@id":"https:\/\/ruishengglassco.com\/#website"},"datePublished":"2025-03-14T00:55:20+00:00","dateModified":"2025-07-16T05:24:35+00:00","description":"The glass bottles with corks is made by high flint glass material which make the glass bottle more clear, more durable and more smooth.","breadcrumb":{"@id":"https:\/\/ruishengglassco.com\/product\/rs142-buy-500ml-glass-bottles-from-china-manufacturer#breadcrumb"},"inLanguage":"es","potentialAction":[{"@type":"ReadAction","target":["https:\/\/ruishengglassco.com\/product\/rs142-buy-500ml-glass-bottles-from-china-manufacturer"]}]},{"@type":"BreadcrumbList","@id":"https:\/\/ruishengglassco.com\/product\/rs142-buy-500ml-glass-bottles-from-china-manufacturer#breadcrumb","itemListElement":[{"@type":"ListItem","position":1,"name":"Home","item":"https:\/\/ruishengglassco.com\/"},{"@type":"ListItem","position":2,"name":"Products","item":"https:\/\/ruishengglassco.com\/products"},{"@type":"ListItem","position":3,"name":"RS142: Buy 500ml Glass Bottles From China Manufacturer"}]},{"@type":"WebSite","@id":"https:\/\/ruishengglassco.com\/#website","url":"https:\/\/ruishengglassco.com\/","name":"Ruisheng Glass","description":"","publisher":{"@id":"https:\/\/ruishengglassco.com\/#organization"},"potentialAction":[{"@type":"SearchAction","target":{"@type":"EntryPoint","urlTemplate":"https:\/\/ruishengglassco.com\/?s={search_term_string}"},"query-input":"required name=search_term_string"}],"inLanguage":"es"},{"@type":"Organization","@id":"https:\/\/ruishengglassco.com\/#organization","name":"Shandong Yuncheng Ruisheng Glass Co., Ltd","url":"https:\/\/ruishengglassco.com\/","logo":{"@type":"ImageObject","inLanguage":"es","@id":"https:\/\/ruishengglassco.com\/#\/schema\/logo\/image\/","url":"https:\/\/ruishengglassco.com\/wp-content\/uploads\/2023\/09\/ruisheng_logo_icon.webp","contentUrl":"https:\/\/ruishengglassco.com\/wp-content\/uploads\/2023\/09\/ruisheng_logo_icon.webp","width":400,"height":233,"caption":"Shandong Yuncheng Ruisheng Glass Co., Ltd"},"image":{"@id":"https:\/\/ruishengglassco.com\/#\/schema\/logo\/image\/"},"sameAs":["https:\/\/www.facebook.com\/ruishengglassbottles","https:\/\/www.instagram.com\/Ruishengglassbottlewholesales\/","https:\/\/www.youtube.com\/channel\/UCMmbMNGwsL-XrtjfSFLCdVQ"]}]}},"_links":{"self":[{"href":"https:\/\/ruishengglassco.com\/es\/wp-json\/wp\/v2\/product\/4119","targetHints":{"allow":["GET"]}}],"collection":[{"href":"https:\/\/ruishengglassco.com\/es\/wp-json\/wp\/v2\/product"}],"about":[{"href":"https:\/\/ruishengglassco.com\/es\/wp-json\/wp\/v2\/types\/product"}],"replies":[{"embeddable":true,"href":"https:\/\/ruishengglassco.com\/es\/wp-json\/wp\/v2\/comments?post=4119"}],"wp:featuredmedia":[{"embeddable":true,"href":"https:\/\/ruishengglassco.com\/es\/wp-json\/wp\/v2\/media\/4120"}],"wp:attachment":[{"href":"https:\/\/ruishengglassco.com\/es\/wp-json\/wp\/v2\/media?parent=4119"}],"wp:term":[{"taxonomy":"product_cat","embeddable":true,"href":"https:\/\/ruishengglassco.com\/es\/wp-json\/wp\/v2\/product_cat?post=4119"}],"curies":[{"name":"wp","href":"https:\/\/api.w.org\/{rel}","templated":true}]}}