{"id":3824,"date":"2024-07-04T16:15:40","date_gmt":"2024-07-04T08:15:40","guid":{"rendered":"https:\/\/ruishengglassco.com\/?post_type=product&#038;p=3824"},"modified":"2024-07-15T11:45:42","modified_gmt":"2024-07-15T03:45:42","slug":"proveedor-de-botellas-de-vidrio-galvanico","status":"publish","type":"product","link":"https:\/\/ruishengglassco.com\/es\/producto\/proveedor-de-botellas-de-vidrio-galvanico","title":{"rendered":"Galvanoplastia Botella de vidrio"},"content":{"rendered":"<section class=\"section\" id=\"section_1970566937\">\n\t\t<div class=\"bg section-bg fill bg-fill  bg-loaded\" >\n\n\t\t\t\n\t\t\t\n\t\t\t\n\n\t\t<\/div>\n\n\t\t\n\n\t\t<div class=\"section-content relative\">\n\t\t\t\n<div class=\"row\"  id=\"row-310924261\">\n\n\t<div id=\"col-1893477590\" class=\"col small-12 large-12\"  >\n\t\t\t\t<div class=\"col-inner\"  >\n\t\t\t\n\t\t\t\n<h2 style=\"text-align: center;\">\u00a0Por qu\u00e9 elegir nuestra botella de vidrio galv\u00e1nico para licores y bebidas espirituosas<\/h2>\n\t\t<\/div>\n\t\t\t\t\t<\/div>\n\n\t\n<\/div>\n<div class=\"row\"  id=\"row-1550352469\">\n\n\t<div id=\"col-343733244\" class=\"col medium-4 small-12 large-4\"  >\n\t\t\t\t<div class=\"col-inner\"  >\n\t\t\t\n\t\t\t\n\t<div class=\"box has-hover   has-hover box-text-bottom\" >\n\n\t\t<div class=\"box-image\" >\n\t\t\t\t\t\t<div class=\"image-zoom\" >\n\t\t\t\t<img decoding=\"async\" width=\"509\" height=\"740\" src=\"https:\/\/ruishengglassco.com\/wp-content\/uploads\/2024\/07\/Electroplating-Glass_Bottle_for_Liquor_Spirits_blue.webp\" class=\"attachment-original size-original\" alt=\"Galvanoplastia Botella_de_vidrio_para_bebidas_espirituosas_de_licor_azul\" srcset=\"https:\/\/ruishengglassco.com\/wp-content\/uploads\/2024\/07\/Electroplating-Glass_Bottle_for_Liquor_Spirits_blue.webp 509w, https:\/\/ruishengglassco.com\/wp-content\/uploads\/2024\/07\/Electroplating-Glass_Bottle_for_Liquor_Spirits_blue-206x300.webp 206w\" sizes=\"(max-width: 509px) 100vw, 509px\" \/>\t\t\t\t\t\t\t\t\t\t\t<\/div>\n\t\t\t\t\t<\/div>\n\n\t\t<div class=\"box-text text-center\" >\n\t\t\t<div class=\"box-text-inner\">\n\t\t\t\t\n<h4>Excelente calidad:<\/h4>\n<p>Nuestro proceso de galvanoplastia garantiza un acabado de alta calidad. Mejora el aspecto de la botella de vidrio.<\/p>\n\t\t\t<\/div>\n\t\t<\/div>\n\t<\/div>\n\t\n\t\t<\/div>\n\t\t\t\t\t<\/div>\n\n\t\n\n\t<div id=\"col-90666736\" class=\"col medium-4 small-12 large-4\"  >\n\t\t\t\t<div class=\"col-inner\"  >\n\t\t\t\n\t\t\t\n\t<div class=\"box has-hover   has-hover box-text-bottom\" >\n\n\t\t<div class=\"box-image\" >\n\t\t\t\t\t\t<div class=\"image-zoom\" >\n\t\t\t\t<img decoding=\"async\" width=\"509\" height=\"740\" src=\"https:\/\/ruishengglassco.com\/wp-content\/uploads\/2024\/07\/Electroplating-Glass_Bottle_for_Liquor_Spirits_clear.webp\" class=\"attachment-original size-original\" alt=\"Galvanoplastia Botella_de_vidrio_para_bebidas_espirituosas_claras\" srcset=\"https:\/\/ruishengglassco.com\/wp-content\/uploads\/2024\/07\/Electroplating-Glass_Bottle_for_Liquor_Spirits_clear.webp 509w, https:\/\/ruishengglassco.com\/wp-content\/uploads\/2024\/07\/Electroplating-Glass_Bottle_for_Liquor_Spirits_clear-206x300.webp 206w\" sizes=\"(max-width: 509px) 100vw, 509px\" \/>\t\t\t\t\t\t\t\t\t\t\t<\/div>\n\t\t\t\t\t<\/div>\n\n\t\t<div class=\"box-text text-center\" >\n\t\t\t<div class=\"box-text-inner\">\n\t\t\t\t\n<h4>Opciones de personalizaci\u00f3n:<\/h4>\n<p>Ofrecemos acabados galv\u00e1nicos personalizados. Se adaptan a las necesidades de marca y dise\u00f1o de nuestros clientes.<\/p>\n\t\t\t<\/div>\n\t\t<\/div>\n\t<\/div>\n\t\n\t\t<\/div>\n\t\t\t\t\t<\/div>\n\n\t\n\n\t<div id=\"col-1767091024\" class=\"col medium-4 small-12 large-4\"  >\n\t\t\t\t<div class=\"col-inner\"  >\n\t\t\t\n\t\t\t\n\t<div class=\"box has-hover   has-hover box-text-bottom\" >\n\n\t\t<div class=\"box-image\" >\n\t\t\t\t\t\t<div class=\"image-zoom\" >\n\t\t\t\t<img decoding=\"async\" width=\"509\" height=\"740\" src=\"https:\/\/ruishengglassco.com\/wp-content\/uploads\/2024\/07\/Electroplating-Glass_Bottle_for_Liquor_Spirits.webp\" class=\"attachment-original size-original\" alt=\"Galvanoplastia Botella_de_vidrio_para_bebidas_licorosas\" srcset=\"https:\/\/ruishengglassco.com\/wp-content\/uploads\/2024\/07\/Electroplating-Glass_Bottle_for_Liquor_Spirits.webp 509w, https:\/\/ruishengglassco.com\/wp-content\/uploads\/2024\/07\/Electroplating-Glass_Bottle_for_Liquor_Spirits-206x300.webp 206w\" sizes=\"(max-width: 509px) 100vw, 509px\" \/>\t\t\t\t\t\t\t\t\t\t\t<\/div>\n\t\t\t\t\t<\/div>\n\n\t\t<div class=\"box-text text-center\" >\n\t\t\t<div class=\"box-text-inner\">\n\t\t\t\t\n<h4>Durabilidad:<\/h4>\n<p>La galvanoplastia proporciona un acabado duradero. Garantiza que la botella mantenga su aspecto y calidad con el paso del tiempo, incluso con un uso regular.<\/p>\n\t\t\t<\/div>\n\t\t<\/div>\n\t<\/div>\n\t\n\t\t<\/div>\n\t\t\t\t\t<\/div>\n\n\t\n<\/div>\n<div class=\"row\"  id=\"row-937447855\">\n\n\t<div id=\"col-201153869\" class=\"col small-12 large-12\"  >\n\t\t\t\t<div class=\"col-inner\"  >\n\t\t\t\n\t\t\t\n<p style=\"text-align: center;\"><a class=\"button gradient\" data-fancybox=\"\" data-src=\"#hidden-CF7\">Contacte con nosotros<\/a><\/p>\n\t\t<\/div>\n\t\t\t\t\t<\/div>\n\n\t\n<\/div>\n<div class=\"row\"  id=\"row-1354999859\">\n\n\t<div id=\"col-471883063\" class=\"col medium-4 small-12 large-4\"  >\n\t\t\t\t<div class=\"col-inner\"  >\n\t\t\t\n\t\t\t\n\t<div class=\"box has-hover   has-hover box-text-bottom\" >\n\n\t\t<div class=\"box-image\" >\n\t\t\t\t\t\t<div class=\"image-zoom\" >\n\t\t\t\t<img decoding=\"async\" width=\"509\" height=\"740\" src=\"https:\/\/ruishengglassco.com\/wp-content\/uploads\/2024\/07\/Electroplating-Glass_Bottle_for_Liquor_Spirits_roumd_yellow.webp\" class=\"attachment-original size-original\" alt=\"Galvanoplastia Botella_de_vidrio_para_bebidas_espirituosas_roumd_amarillo\" srcset=\"https:\/\/ruishengglassco.com\/wp-content\/uploads\/2024\/07\/Electroplating-Glass_Bottle_for_Liquor_Spirits_roumd_yellow.webp 509w, https:\/\/ruishengglassco.com\/wp-content\/uploads\/2024\/07\/Electroplating-Glass_Bottle_for_Liquor_Spirits_roumd_yellow-206x300.webp 206w\" sizes=\"(max-width: 509px) 100vw, 509px\" \/>\t\t\t\t\t\t\t\t\t\t\t<\/div>\n\t\t\t\t\t<\/div>\n\n\t\t<div class=\"box-text text-center\" >\n\t\t\t<div class=\"box-text-inner\">\n\t\t\t\t\n<h4>Mejora de la marca:<\/h4>\n<p>El acabado galv\u00e1nico a\u00f1ade lujo y sofisticaci\u00f3n a la botella de vidrio, realzando la marca y el atractivo del licor que contiene.<\/p>\n\t\t\t<\/div>\n\t\t<\/div>\n\t<\/div>\n\t\n\t\t<\/div>\n\t\t\t\t\t<\/div>\n\n\t\n\n\t<div id=\"col-122474708\" class=\"col medium-4 small-12 large-4\"  >\n\t\t\t\t<div class=\"col-inner\"  >\n\t\t\t\n\t\t\t\n\t<div class=\"box has-hover   has-hover box-text-bottom\" >\n\n\t\t<div class=\"box-image\" >\n\t\t\t\t\t\t<div class=\"image-zoom\" >\n\t\t\t\t<img decoding=\"async\" width=\"509\" height=\"740\" src=\"https:\/\/ruishengglassco.com\/wp-content\/uploads\/2024\/07\/Electroplating-Glass_Bottle_for_Liquor_Spirits_round.webp\" class=\"attachment-original size-original\" alt=\"Galvanoplastia Botella_de_vidrio_para_bebidas_espirituosas_redonda\" srcset=\"https:\/\/ruishengglassco.com\/wp-content\/uploads\/2024\/07\/Electroplating-Glass_Bottle_for_Liquor_Spirits_round.webp 509w, https:\/\/ruishengglassco.com\/wp-content\/uploads\/2024\/07\/Electroplating-Glass_Bottle_for_Liquor_Spirits_round-206x300.webp 206w\" sizes=\"(max-width: 509px) 100vw, 509px\" \/>\t\t\t\t\t\t\t\t\t\t\t<\/div>\n\t\t\t\t\t<\/div>\n\n\t\t<div class=\"box-text text-center\" >\n\t\t\t<div class=\"box-text-inner\">\n\t\t\t\t\n<h4>Respetuoso con el medio ambiente:<\/h4>\n<p>Nuestro proceso de galvanoplastia sigue estrictas normas medioambientales. Es una opci\u00f3n sostenible y ecol\u00f3gica para el envasado de bebidas espirituosas.<\/p>\n\t\t\t<\/div>\n\t\t<\/div>\n\t<\/div>\n\t\n\t\t<\/div>\n\t\t\t\t\t<\/div>\n\n\t\n\n\t<div id=\"col-458495968\" class=\"col medium-4 small-12 large-4\"  >\n\t\t\t\t<div class=\"col-inner\"  >\n\t\t\t\n\t\t\t\n\t<div class=\"box has-hover   has-hover box-text-bottom\" >\n\n\t\t<div class=\"box-image\" >\n\t\t\t\t\t\t<div class=\"image-zoom\" >\n\t\t\t\t<img decoding=\"async\" width=\"509\" height=\"740\" src=\"https:\/\/ruishengglassco.com\/wp-content\/uploads\/2024\/07\/Electroplating-Glass_Bottle_for_Liquor_Spirits_round_green.webp\" class=\"attachment-original size-original\" alt=\"Galvanoplastia Botella_de_vidrio_para_bebidas_espirituosas_redonda_verde\" srcset=\"https:\/\/ruishengglassco.com\/wp-content\/uploads\/2024\/07\/Electroplating-Glass_Bottle_for_Liquor_Spirits_round_green.webp 509w, https:\/\/ruishengglassco.com\/wp-content\/uploads\/2024\/07\/Electroplating-Glass_Bottle_for_Liquor_Spirits_round_green-206x300.webp 206w\" sizes=\"(max-width: 509px) 100vw, 509px\" \/>\t\t\t\t\t\t\t\t\t\t\t<\/div>\n\t\t\t\t\t<\/div>\n\n\t\t<div class=\"box-text text-center\" >\n\t\t\t<div class=\"box-text-inner\">\n\t\t\t\t\n<h4>Versatilidad:<\/h4>\n<p>Nuestras botellas de vidrio galv\u00e1nico son adecuadas para muchos tipos de licores, como whisky, vodka, ron y otros. Son una opci\u00f3n de envasado flexible y atractiva para diversos productos.<\/p>\n\t\t\t<\/div>\n\t\t<\/div>\n\t<\/div>\n\t\n\t\t<\/div>\n\t\t\t\t\t<\/div>\n\n\t\n<\/div>\n\t<div id=\"gap-693110379\" class=\"gap-element clearfix\" style=\"display:block; height:auto;\">\n\t\t\n<style>\n#gap-693110379 {\n  padding-top: 50px;\n}\n<\/style>\n\t<\/div>\n\t\n<div class=\"row\"  id=\"row-501483237\">\n\n\t<div id=\"col-1903565108\" class=\"col small-12 large-12\"  >\n\t\t\t\t<div class=\"col-inner\"  >\n\t\t\t\n\t\t\t\n<p style=\"text-align: center;\"><a class=\"button gradient\" data-fancybox=\"\" data-src=\"#hidden-CF7\">Contacte con nosotros<\/a><\/p>\n\t\t<\/div>\n\t\t\t\t\t<\/div>\n\n\t\n<\/div>\n\t\t<\/div>\n\n\t\t\n<style>\n#section_1970566937 {\n  padding-top: 30px;\n  padding-bottom: 30px;\n  background-color: rgb(238, 238, 238);\n}\n<\/style>\n\t<\/section>\n\t\n\t<section class=\"section\" id=\"section_1598739207\">\n\t\t<div class=\"bg section-bg fill bg-fill  bg-loaded\" >\n\n\t\t\t\n\t\t\t\n\t\t\t\n\n\t\t<\/div>\n\n\t\t\n\n\t\t<div class=\"section-content relative\">\n\t\t\t\n<div class=\"row\"  id=\"row-1545670284\">\n\n\t<div id=\"col-560372056\" class=\"col small-12 large-12\"  >\n\t\t\t\t<div class=\"col-inner\"  >\n\t\t\t\n\t\t\t\n<h2 style=\"text-align: center;\">Ventajas de la galvanoplastia de botellas de vidrio<\/h2>\n\t\t<\/div>\n\t\t\t\t\t<\/div>\n\n\t\n<\/div>\n\t<div id=\"gap-768033969\" class=\"gap-element clearfix\" style=\"display:block; height:auto;\">\n\t\t\n<style>\n#gap-768033969 {\n  padding-top: 30px;\n}\n<\/style>\n\t<\/div>\n\t\n<div class=\"row align-middle\"  id=\"row-2123180309\">\n\n\t<div id=\"col-1090148367\" class=\"col medium-6 small-12 large-6\"  >\n\t\t\t\t<div class=\"col-inner\"  >\n\t\t\t\n\t\t\t\n\t<div class=\"img has-hover x md-x lg-x y md-y lg-y\" id=\"image_1961351622\">\n\t\t\t\t\t\t\t\t<div class=\"img-inner image-zoom dark\" >\n\t\t\t<img decoding=\"async\" width=\"509\" height=\"740\" src=\"https:\/\/ruishengglassco.com\/wp-content\/uploads\/2024\/07\/Electroplating-Glass_Bottle_for_Liquor_Spirits_round_pink.webp\" class=\"attachment-original size-original\" alt=\"Galvanoplastia Botella_de_vidrio_para_bebidas_espirituosas_redonda_rosa\" srcset=\"https:\/\/ruishengglassco.com\/wp-content\/uploads\/2024\/07\/Electroplating-Glass_Bottle_for_Liquor_Spirits_round_pink.webp 509w, https:\/\/ruishengglassco.com\/wp-content\/uploads\/2024\/07\/Electroplating-Glass_Bottle_for_Liquor_Spirits_round_pink-206x300.webp 206w\" sizes=\"(max-width: 509px) 100vw, 509px\" \/>\t\t\t\t\t\t\n\t\t\t\t\t<\/div>\n\t\t\t\t\t\t\t\t\n<style>\n#image_1961351622 {\n  width: 86%;\n}\n<\/style>\n\t<\/div>\n\t\n\t\t<\/div>\n\t\t\t\t\t<\/div>\n\n\t\n\n\t<div id=\"col-2095352257\" class=\"col medium-6 small-12 large-6\"  >\n\t\t\t\t<div class=\"col-inner\"  >\n\t\t\t\n\t\t\t\n\t<div id=\"text-3675868012\" class=\"text\">\n\t\t\n<ul>\n<li data-block-id=\"5aec3e87-4042-4874-accc-977c2c83e765\" data-pm-slice=\"1 1 &#091;&#093;\">Acabado de alto brillo:<br \/>\nLa galvanoplastia proporciona una superficie lustrosa y brillante. A\u00f1ade un aspecto lujoso a la botella.<\/li>\n<li data-block-id=\"5aec3e87-4042-4874-accc-977c2c83e765\" data-pm-slice=\"1 1 &#091;&#093;\">Variedad de colores:<br \/>\nEl proceso permite obtener una gama de colores met\u00e1licos. Entre ellos est\u00e1n el oro, la plata y el cromo.<\/li>\n<li data-block-id=\"5aec3e87-4042-4874-accc-977c2c83e765\" data-pm-slice=\"1 1 &#091;&#093;\">Patrones decorativos:<br \/>\nLa galvanoplastia puede a\u00f1adir dise\u00f1os y motivos complejos, realzando el atractivo visual y haciendo que la botella destaque en las estanter\u00edas.<\/li>\n<li data-block-id=\"5aec3e87-4042-4874-accc-977c2c83e765\" data-pm-slice=\"1 1 &#091;&#093;\">Resistencia a los ara\u00f1azos:<br \/>\nLa capa galvanopl\u00e1stica a\u00f1ade protecci\u00f3n adicional. Hace que la botella sea m\u00e1s resistente a los ara\u00f1azos y al desgaste.<\/li>\n<li data-block-id=\"5aec3e87-4042-4874-accc-977c2c83e765\" data-pm-slice=\"1 1 &#091;&#093;\">Resistencia a la corrosi\u00f3n:<br \/>\nEl revestimiento met\u00e1lico ayuda a proteger la botella del medio ambiente y los productos qu\u00edmicos. Tambi\u00e9n ayuda a prevenir la corrosi\u00f3n.<\/li>\n<\/ul>\n\t\t\n<style>\n#text-3675868012 {\n  font-size: 1rem;\n}\n<\/style>\n\t<\/div>\n\t\n\t\t<\/div>\n\t\t\t\t\t<\/div>\n\n\t\n<\/div>\n\t\t<\/div>\n\n\t\t\n<style>\n#section_1598739207 {\n  padding-top: 30px;\n  padding-bottom: 30px;\n}\n<\/style>\n\t<\/section>","protected":false},"excerpt":{"rendered":"<table>\n<thead>\n<tr>\n<th>Plazo<\/th>\n<th>Detalles<\/th>\n<\/tr>\n<\/thead>\n<tbody>\n<tr>\n<td>Capacidad (ml):<\/td>\n<td>30-3000<\/td>\n<\/tr>\n<tr>\n<td>Material\uff1a<\/td>\n<td>Vidrio<\/td>\n<\/tr>\n<tr>\n<td>Forma\uff1a<\/td>\n<td>C\u00edrculo, cuadrado, \u00f3valo<\/td>\n<\/tr>\n<tr>\n<td>Color:<\/td>\n<td>Oro, plata, rojo, personalizado<\/td>\n<\/tr>\n<tr>\n<td>Productos de embalaje<\/td>\n<td>Esp\u00edritus diversos<\/td>\n<\/tr>\n<\/tbody>\n<\/table>","protected":false},"featured_media":3828,"comment_status":"closed","ping_status":"closed","template":"","meta":[],"product_cat":[15],"class_list":{"0":"post-3824","1":"product","2":"type-product","3":"status-publish","4":"has-post-thumbnail","6":"product_cat-glass-liquor-spirit-bottles","8":"first","9":"instock","10":"shipping-taxable","11":"product-type-simple"},"yoast_head":"<!-- This site is optimized with the Yoast SEO plugin v22.0 - https:\/\/yoast.com\/wordpress\/plugins\/seo\/ -->\n<title>Electroplating Glass Bottles \uff5cLiquor Spirits Bottle Supplier<\/title>\n<meta name=\"description\" content=\"We are a glass bottle supplier from China. If you are looking for electroplating glass bottles for liquor spirits , please feel free to contact us!\" \/>\n<meta name=\"robots\" content=\"index, follow, max-snippet:-1, max-image-preview:large, max-video-preview:-1\" \/>\n<link rel=\"canonical\" href=\"https:\/\/ruishengglassco.com\/es\/producto\/proveedor-de-botellas-de-vidrio-galvanico\" \/>\n<meta property=\"og:locale\" content=\"es_ES\" \/>\n<meta property=\"og:type\" content=\"article\" \/>\n<meta property=\"og:title\" content=\"Electroplating Glass Bottles \uff5cLiquor Spirits Bottle Supplier\" \/>\n<meta property=\"og:description\" content=\"We are a glass bottle supplier from China. If you are looking for electroplating glass bottles for liquor spirits , please feel free to contact us!\" \/>\n<meta property=\"og:url\" content=\"https:\/\/ruishengglassco.com\/es\/producto\/proveedor-de-botellas-de-vidrio-galvanico\" \/>\n<meta property=\"article:publisher\" content=\"https:\/\/www.facebook.com\/ruishengglassbottles\" \/>\n<meta property=\"article:modified_time\" content=\"2024-07-15T03:45:42+00:00\" \/>\n<meta property=\"og:image\" content=\"https:\/\/ruishengglassco.com\/wp-content\/uploads\/2024\/07\/Electroplating-Glass_Bottle_for_Liquor_Spirits_pink.webp\" \/>\n\t<meta property=\"og:image:width\" content=\"509\" \/>\n\t<meta property=\"og:image:height\" content=\"740\" \/>\n\t<meta property=\"og:image:type\" content=\"image\/webp\" \/>\n<meta name=\"twitter:card\" content=\"summary_large_image\" \/>\n<meta name=\"twitter:label1\" content=\"Tiempo de lectura\" \/>\n\t<meta name=\"twitter:data1\" content=\"2 minutos\" \/>\n<script type=\"application\/ld+json\" class=\"yoast-schema-graph\">{\"@context\":\"https:\/\/schema.org\",\"@graph\":[{\"@type\":\"WebPage\",\"@id\":\"https:\/\/ruishengglassco.com\/product\/electroplating-glass-bottles-supplier\",\"url\":\"https:\/\/ruishengglassco.com\/product\/electroplating-glass-bottles-supplier\",\"name\":\"Electroplating Glass Bottles \uff5cLiquor Spirits Bottle Supplier\",\"isPartOf\":{\"@id\":\"https:\/\/ruishengglassco.com\/#website\"},\"datePublished\":\"2024-07-04T08:15:40+00:00\",\"dateModified\":\"2024-07-15T03:45:42+00:00\",\"description\":\"We are a glass bottle supplier from China. If you are looking for electroplating glass bottles for liquor spirits , please feel free to contact us!\",\"breadcrumb\":{\"@id\":\"https:\/\/ruishengglassco.com\/product\/electroplating-glass-bottles-supplier#breadcrumb\"},\"inLanguage\":\"es\",\"potentialAction\":[{\"@type\":\"ReadAction\",\"target\":[\"https:\/\/ruishengglassco.com\/product\/electroplating-glass-bottles-supplier\"]}]},{\"@type\":\"BreadcrumbList\",\"@id\":\"https:\/\/ruishengglassco.com\/product\/electroplating-glass-bottles-supplier#breadcrumb\",\"itemListElement\":[{\"@type\":\"ListItem\",\"position\":1,\"name\":\"Home\",\"item\":\"https:\/\/ruishengglassco.com\/\"},{\"@type\":\"ListItem\",\"position\":2,\"name\":\"Products\",\"item\":\"https:\/\/ruishengglassco.com\/products\"},{\"@type\":\"ListItem\",\"position\":3,\"name\":\"Electroplating Glass Bottle\"}]},{\"@type\":\"WebSite\",\"@id\":\"https:\/\/ruishengglassco.com\/#website\",\"url\":\"https:\/\/ruishengglassco.com\/\",\"name\":\"Ruisheng Glass\",\"description\":\"\",\"publisher\":{\"@id\":\"https:\/\/ruishengglassco.com\/#organization\"},\"potentialAction\":[{\"@type\":\"SearchAction\",\"target\":{\"@type\":\"EntryPoint\",\"urlTemplate\":\"https:\/\/ruishengglassco.com\/?s={search_term_string}\"},\"query-input\":\"required name=search_term_string\"}],\"inLanguage\":\"es\"},{\"@type\":\"Organization\",\"@id\":\"https:\/\/ruishengglassco.com\/#organization\",\"name\":\"Shandong Yuncheng Ruisheng Glass Co., Ltd\",\"url\":\"https:\/\/ruishengglassco.com\/\",\"logo\":{\"@type\":\"ImageObject\",\"inLanguage\":\"es\",\"@id\":\"https:\/\/ruishengglassco.com\/#\/schema\/logo\/image\/\",\"url\":\"https:\/\/ruishengglassco.com\/wp-content\/uploads\/2023\/09\/ruisheng_logo_icon.webp\",\"contentUrl\":\"https:\/\/ruishengglassco.com\/wp-content\/uploads\/2023\/09\/ruisheng_logo_icon.webp\",\"width\":400,\"height\":233,\"caption\":\"Shandong Yuncheng Ruisheng Glass Co., Ltd\"},\"image\":{\"@id\":\"https:\/\/ruishengglassco.com\/#\/schema\/logo\/image\/\"},\"sameAs\":[\"https:\/\/www.facebook.com\/ruishengglassbottles\",\"https:\/\/www.instagram.com\/Ruishengglassbottlewholesales\/\",\"https:\/\/www.youtube.com\/channel\/UCMmbMNGwsL-XrtjfSFLCdVQ\"]}]}<\/script>\n<!-- \/ Yoast SEO plugin. -->","yoast_head_json":{"title":"Electroplating Glass Bottles \uff5cLiquor Spirits Bottle Supplier","description":"We are a glass bottle supplier from China. If you are looking for electroplating glass bottles for liquor spirits , please feel free to contact us!","robots":{"index":"index","follow":"follow","max-snippet":"max-snippet:-1","max-image-preview":"max-image-preview:large","max-video-preview":"max-video-preview:-1"},"canonical":"https:\/\/ruishengglassco.com\/es\/producto\/proveedor-de-botellas-de-vidrio-galvanico","og_locale":"es_ES","og_type":"article","og_title":"Electroplating Glass Bottles \uff5cLiquor Spirits Bottle Supplier","og_description":"We are a glass bottle supplier from China. If you are looking for electroplating glass bottles for liquor spirits , please feel free to contact us!","og_url":"https:\/\/ruishengglassco.com\/es\/producto\/proveedor-de-botellas-de-vidrio-galvanico","article_publisher":"https:\/\/www.facebook.com\/ruishengglassbottles","article_modified_time":"2024-07-15T03:45:42+00:00","og_image":[{"width":509,"height":740,"url":"https:\/\/ruishengglassco.com\/wp-content\/uploads\/2024\/07\/Electroplating-Glass_Bottle_for_Liquor_Spirits_pink.webp","type":"image\/webp"}],"twitter_card":"summary_large_image","twitter_misc":{"Tiempo de lectura":"2 minutos"},"schema":{"@context":"https:\/\/schema.org","@graph":[{"@type":"WebPage","@id":"https:\/\/ruishengglassco.com\/product\/electroplating-glass-bottles-supplier","url":"https:\/\/ruishengglassco.com\/product\/electroplating-glass-bottles-supplier","name":"Electroplating Glass Bottles \uff5cLiquor Spirits Bottle Supplier","isPartOf":{"@id":"https:\/\/ruishengglassco.com\/#website"},"datePublished":"2024-07-04T08:15:40+00:00","dateModified":"2024-07-15T03:45:42+00:00","description":"We are a glass bottle supplier from China. If you are looking for electroplating glass bottles for liquor spirits , please feel free to contact us!","breadcrumb":{"@id":"https:\/\/ruishengglassco.com\/product\/electroplating-glass-bottles-supplier#breadcrumb"},"inLanguage":"es","potentialAction":[{"@type":"ReadAction","target":["https:\/\/ruishengglassco.com\/product\/electroplating-glass-bottles-supplier"]}]},{"@type":"BreadcrumbList","@id":"https:\/\/ruishengglassco.com\/product\/electroplating-glass-bottles-supplier#breadcrumb","itemListElement":[{"@type":"ListItem","position":1,"name":"Home","item":"https:\/\/ruishengglassco.com\/"},{"@type":"ListItem","position":2,"name":"Products","item":"https:\/\/ruishengglassco.com\/products"},{"@type":"ListItem","position":3,"name":"Electroplating Glass Bottle"}]},{"@type":"WebSite","@id":"https:\/\/ruishengglassco.com\/#website","url":"https:\/\/ruishengglassco.com\/","name":"Ruisheng Glass","description":"","publisher":{"@id":"https:\/\/ruishengglassco.com\/#organization"},"potentialAction":[{"@type":"SearchAction","target":{"@type":"EntryPoint","urlTemplate":"https:\/\/ruishengglassco.com\/?s={search_term_string}"},"query-input":"required name=search_term_string"}],"inLanguage":"es"},{"@type":"Organization","@id":"https:\/\/ruishengglassco.com\/#organization","name":"Shandong Yuncheng Ruisheng Glass Co., Ltd","url":"https:\/\/ruishengglassco.com\/","logo":{"@type":"ImageObject","inLanguage":"es","@id":"https:\/\/ruishengglassco.com\/#\/schema\/logo\/image\/","url":"https:\/\/ruishengglassco.com\/wp-content\/uploads\/2023\/09\/ruisheng_logo_icon.webp","contentUrl":"https:\/\/ruishengglassco.com\/wp-content\/uploads\/2023\/09\/ruisheng_logo_icon.webp","width":400,"height":233,"caption":"Shandong Yuncheng Ruisheng Glass Co., Ltd"},"image":{"@id":"https:\/\/ruishengglassco.com\/#\/schema\/logo\/image\/"},"sameAs":["https:\/\/www.facebook.com\/ruishengglassbottles","https:\/\/www.instagram.com\/Ruishengglassbottlewholesales\/","https:\/\/www.youtube.com\/channel\/UCMmbMNGwsL-XrtjfSFLCdVQ"]}]}},"_links":{"self":[{"href":"https:\/\/ruishengglassco.com\/es\/wp-json\/wp\/v2\/product\/3824","targetHints":{"allow":["GET"]}}],"collection":[{"href":"https:\/\/ruishengglassco.com\/es\/wp-json\/wp\/v2\/product"}],"about":[{"href":"https:\/\/ruishengglassco.com\/es\/wp-json\/wp\/v2\/types\/product"}],"replies":[{"embeddable":true,"href":"https:\/\/ruishengglassco.com\/es\/wp-json\/wp\/v2\/comments?post=3824"}],"wp:featuredmedia":[{"embeddable":true,"href":"https:\/\/ruishengglassco.com\/es\/wp-json\/wp\/v2\/media\/3828"}],"wp:attachment":[{"href":"https:\/\/ruishengglassco.com\/es\/wp-json\/wp\/v2\/media?parent=3824"}],"wp:term":[{"taxonomy":"product_cat","embeddable":true,"href":"https:\/\/ruishengglassco.com\/es\/wp-json\/wp\/v2\/product_cat?post=3824"}],"curies":[{"name":"wp","href":"https:\/\/api.w.org\/{rel}","templated":true}]}}