{"id":5519,"date":"2026-02-02T14:46:52","date_gmt":"2026-02-02T06:46:52","guid":{"rendered":"https:\/\/ruishengglassco.com\/?page_id=5519"},"modified":"2026-02-28T10:55:42","modified_gmt":"2026-02-28T02:55:42","slug":"high-flint-vs-super-flint","status":"publish","type":"page","link":"https:\/\/ruishengglassco.com\/es\/high-flint-vs-super-flint","title":{"rendered":"High Flint VS Super Flint"},"content":{"rendered":"<section class=\"section\" id=\"section_235386908\">\n\t\t<div class=\"bg section-bg fill bg-fill  bg-loaded\" >\n\n\t\t\t\n\t\t\t\n\t\t\t\n\n\t\t<\/div>\n\n\t\t\n\n\t\t<div class=\"section-content relative\">\n\t\t\t\n<div class=\"row\"  id=\"row-1653057001\">\n\n\t<div id=\"col-965243935\" class=\"col small-12 large-12\"  >\n\t\t\t\t<div class=\"col-inner\"  >\n\t\t\t\n\t\t\t\n<h1 style=\"text-align: center;\">Super Flint vs. High Flint vs. Regular Flint - Ruisheng Glass<\/h1>\n<div style=\"overflow: auto;\">\n<table border=\"\u201d1\u2033\" width=\"\u201d3000px\u201d\" align=\"\u201dcenter\u201d\">\n<tbody>\n<tr>\n<td width=\"138\">Material de vidrio<\/td>\n<td width=\"138\">Color del vidrio<\/td>\n<td width=\"138\">\u00cdndice de refracci\u00f3n<\/td>\n<td width=\"144\">Claridad\/Transparencia<\/td>\n<td width=\"231\">Composici\u00f3n<\/td>\n<td width=\"87\">Precio<\/td>\n<td width=\"138\">MOQ<\/td>\n<\/tr>\n<tr>\n<td width=\"138\">Super Flint (Extra Flint)<\/td>\n<td width=\"138\">Color superblanco<\/td>\n<td width=\"138\">Alta<\/td>\n<td width=\"144\">Alta<\/td>\n<td width=\"231\">85%-90%-S\u00edlice, sosa, cal 10%-15%Cullet<\/td>\n<td width=\"87\">Alta<\/td>\n<td width=\"138\">10000<\/td>\n<\/tr>\n<tr>\n<td width=\"138\">High Flint<\/td>\n<td width=\"138\">Color blanco<\/td>\n<td width=\"138\">Medio<\/td>\n<td width=\"144\">Medio<\/td>\n<td width=\"231\">80%-85%-S\u00edlice, Sosa, Cal 15%-20% Cullet<\/td>\n<td width=\"87\">Medio<\/td>\n<td width=\"138\">30000<\/td>\n<\/tr>\n<tr>\n<td width=\"138\">Normal Flint (S\u00edlex normal)<\/td>\n<td width=\"138\">Blanco con tono verde<\/td>\n<td width=\"138\">Bajo<\/td>\n<td width=\"144\">Bajo<\/td>\n<td width=\"231\">75%-80%-S\u00edlice, sosa, cal 20%-25% Cullet<\/td>\n<td width=\"87\">Bajo<\/td>\n<td width=\"138\">30000<\/td>\n<\/tr>\n<\/tbody>\n<\/table>\n<\/div>\n\t\t<\/div>\n\t\t\t\t\t<\/div>\n\n\t\n<\/div>\n<div class=\"row align-middle\"  id=\"row-1385541072\">\n\n\t<div id=\"col-211836043\" class=\"col medium-6 small-12 large-6\"  >\n\t\t\t\t<div class=\"col-inner\"  >\n\t\t\t\n\t\t\t\n<p><strong>Vidrio Super Flint<\/strong> tiene un color m\u00e1s puro y transparente, con un \u00edndice de refracci\u00f3n significativamente superior al del vidrio ordinario. Las botellas fabricadas con este material parecen m\u00e1s cristalinas tanto bajo la luz artificial como bajo la natural, lo que les confiere un aspecto general notablemente m\u00e1s premium. Este material es m\u00e1s caro que los otros dos. Los clientes de gama media-alta suelen preferir el vidrio Super Flint. Este material tambi\u00e9n es <a href=\"https:\/\/ruishengglassco.com\/es\/\" target=\"_blank\" rel=\"noopener\">Vidrio Ruisheng<\/a>principal producto y material de ventaja fundamental de la empresa.<\/p>\n<p><strong>High Flint<\/strong> logra un buen equilibrio entre aspecto y coste. Este material tiene un precio moderado. Es adecuado para productos que requieren un cierto grado de transparencia de la botella pero no exigen el m\u00e1ximo efecto visual.<\/p>\n<p><strong>Regular Flint<\/strong> se centra m\u00e1s en el control de costes, pero su aspecto y transparencia son relativamente limitados. Este material es relativamente barato. Es adecuado para necesidades de envasado convencionales en las que el aspecto no es una preocupaci\u00f3n primordial.<\/p>\n<a class=\"button primary is-pop\"  >\n    <span>Solicitar presupuesto<\/span>\n  <\/a>\n\n\t\t<\/div>\n\t\t\t\t\t<\/div>\n\n\t\n\n\t<div id=\"col-1028712338\" class=\"col medium-6 small-12 large-6\"  >\n\t\t\t\t<div class=\"col-inner\"  >\n\t\t\t\n\t\t\t\n\t<div class=\"img has-hover x md-x lg-x y md-y lg-y\" id=\"image_192980702\">\n\t\t\t\t\t\t\t\t<div class=\"img-inner image-cover dark\" style=\"padding-top:89%;\">\n\t\t\t<img decoding=\"async\" width=\"1536\" height=\"2048\" src=\"https:\/\/ruishengglassco.com\/wp-content\/uploads\/2026\/02\/Super-Flint-VS-High-Flint-VS-Regular-Flint-Ruisheng-Glass.webp\" class=\"attachment-original size-original\" alt=\"Super Flint VS High Flint VS Regular Flint - Ruisheng Glass\" srcset=\"https:\/\/ruishengglassco.com\/wp-content\/uploads\/2026\/02\/Super-Flint-VS-High-Flint-VS-Regular-Flint-Ruisheng-Glass.webp 1536w, https:\/\/ruishengglassco.com\/wp-content\/uploads\/2026\/02\/Super-Flint-VS-High-Flint-VS-Regular-Flint-Ruisheng-Glass-225x300.webp 225w, https:\/\/ruishengglassco.com\/wp-content\/uploads\/2026\/02\/Super-Flint-VS-High-Flint-VS-Regular-Flint-Ruisheng-Glass-773x1030.webp 773w, https:\/\/ruishengglassco.com\/wp-content\/uploads\/2026\/02\/Super-Flint-VS-High-Flint-VS-Regular-Flint-Ruisheng-Glass-768x1024.webp 768w, https:\/\/ruishengglassco.com\/wp-content\/uploads\/2026\/02\/Super-Flint-VS-High-Flint-VS-Regular-Flint-Ruisheng-Glass-1152x1536.webp 1152w, https:\/\/ruishengglassco.com\/wp-content\/uploads\/2026\/02\/Super-Flint-VS-High-Flint-VS-Regular-Flint-Ruisheng-Glass-9x12.webp 9w, https:\/\/ruishengglassco.com\/wp-content\/uploads\/2026\/02\/Super-Flint-VS-High-Flint-VS-Regular-Flint-Ruisheng-Glass-800x1067.webp 800w\" sizes=\"(max-width: 1536px) 100vw, 1536px\" \/>\t\t\t\t\t\t\n\t\t\t\t\t<\/div>\n\t\t\t\t\t\t\t\t\n<style>\n#image_192980702 {\n  width: 100%;\n}\n<\/style>\n\t<\/div>\n\t\n\t\t<\/div>\n\t\t\t\t\t<\/div>\n\n\t\n<\/div>\n<div class=\"row\"  id=\"row-1498350692\">\n\n\t<div id=\"col-1944810391\" class=\"col medium-6 small-12 large-6\"  >\n\t\t\t\t<div class=\"col-inner\"  >\n\t\t\t\n\t\t\t\n\t<div class=\"img has-hover x md-x lg-x y md-y lg-y\" id=\"image_1476208695\">\n\t\t\t\t\t\t\t\t<div class=\"img-inner dark\" >\n\t\t\t<img decoding=\"async\" width=\"1000\" height=\"750\" src=\"https:\/\/ruishengglassco.com\/wp-content\/uploads\/2026\/02\/Super-Flint-vs-High-Flint-vs-normal-Flint.webp\" class=\"attachment-original size-original\" alt=\"Super-Flint-vs-High-Flint-vs-normal-Flint\" srcset=\"https:\/\/ruishengglassco.com\/wp-content\/uploads\/2026\/02\/Super-Flint-vs-High-Flint-vs-normal-Flint.webp 1000w, https:\/\/ruishengglassco.com\/wp-content\/uploads\/2026\/02\/Super-Flint-vs-High-Flint-vs-normal-Flint-300x225.webp 300w, https:\/\/ruishengglassco.com\/wp-content\/uploads\/2026\/02\/Super-Flint-vs-High-Flint-vs-normal-Flint-768x576.webp 768w, https:\/\/ruishengglassco.com\/wp-content\/uploads\/2026\/02\/Super-Flint-vs-High-Flint-vs-normal-Flint-16x12.webp 16w, https:\/\/ruishengglassco.com\/wp-content\/uploads\/2026\/02\/Super-Flint-vs-High-Flint-vs-normal-Flint-800x600.webp 800w\" sizes=\"(max-width: 1000px) 100vw, 1000px\" \/>\t\t\t\t\t\t\n\t\t\t\t\t<\/div>\n\t\t\t\t\t\t\t\t\n<style>\n#image_1476208695 {\n  width: 100%;\n}\n<\/style>\n\t<\/div>\n\t\n\t\t<\/div>\n\t\t\t\t\t<\/div>\n\n\t\n\n\t<div id=\"col-712357462\" class=\"col medium-6 small-12 large-6\"  >\n\t\t\t\t<div class=\"col-inner\"  >\n\t\t\t\n\t\t\t\n\t<div class=\"img has-hover x md-x lg-x y md-y lg-y\" id=\"image_570367061\">\n\t\t\t\t\t\t\t\t<div class=\"img-inner dark\" >\n\t\t\t<img decoding=\"async\" width=\"1000\" height=\"750\" src=\"https:\/\/ruishengglassco.com\/wp-content\/uploads\/2026\/02\/high-flint-vs-super-flint-bottom.webp\" class=\"attachment-original size-original\" alt=\"alto-flint-vs-super-flint-bottom\" srcset=\"https:\/\/ruishengglassco.com\/wp-content\/uploads\/2026\/02\/high-flint-vs-super-flint-bottom.webp 1000w, https:\/\/ruishengglassco.com\/wp-content\/uploads\/2026\/02\/high-flint-vs-super-flint-bottom-300x225.webp 300w, https:\/\/ruishengglassco.com\/wp-content\/uploads\/2026\/02\/high-flint-vs-super-flint-bottom-768x576.webp 768w, https:\/\/ruishengglassco.com\/wp-content\/uploads\/2026\/02\/high-flint-vs-super-flint-bottom-16x12.webp 16w, https:\/\/ruishengglassco.com\/wp-content\/uploads\/2026\/02\/high-flint-vs-super-flint-bottom-800x600.webp 800w\" sizes=\"(max-width: 1000px) 100vw, 1000px\" \/>\t\t\t\t\t\t\n\t\t\t\t\t<\/div>\n\t\t\t\t\t\t\t\t\n<style>\n#image_570367061 {\n  width: 100%;\n}\n<\/style>\n\t<\/div>\n\t\n\t\t<\/div>\n\t\t\t\t\t<\/div>\n\n\t\n<\/div>\n\t\t<\/div>\n\n\t\t\n<style>\n#section_235386908 {\n  padding-top: 30px;\n  padding-bottom: 30px;\n}\n<\/style>\n\t<\/section>","protected":false},"excerpt":{"rendered":"","protected":false},"author":10,"featured_media":0,"parent":0,"menu_order":0,"comment_status":"closed","ping_status":"closed","template":"page-blank.php","meta":{"footnotes":""},"class_list":["post-5519","page","type-page","status-publish","hentry"],"yoast_head":"<!-- This site is optimized with the Yoast SEO plugin v22.0 - https:\/\/yoast.com\/wordpress\/plugins\/seo\/ -->\n<title>Super Flint vs. High Flint vs. Regular Flint - Ruisheng Glass<\/title>\n<meta name=\"description\" content=\"Discover the differences between Super Flint, High Flint and Regular Flint glass at Ruisheng Glass. Super Flint offers higher clarity, purer color and premium appearance for high-end bottle packaging.\" \/>\n<meta name=\"robots\" content=\"index, follow, max-snippet:-1, max-image-preview:large, max-video-preview:-1\" \/>\n<link rel=\"canonical\" href=\"https:\/\/ruishengglassco.com\/es\/high-flint-vs-super-flint\" \/>\n<meta property=\"og:locale\" content=\"es_ES\" \/>\n<meta property=\"og:type\" content=\"article\" \/>\n<meta property=\"og:title\" content=\"Super Flint vs. High Flint vs. Regular Flint - Ruisheng Glass\" \/>\n<meta property=\"og:description\" content=\"Discover the differences between Super Flint, High Flint and Regular Flint glass at Ruisheng Glass. Super Flint offers higher clarity, purer color and premium appearance for high-end bottle packaging.\" \/>\n<meta property=\"og:url\" content=\"https:\/\/ruishengglassco.com\/es\/high-flint-vs-super-flint\" \/>\n<meta property=\"article:publisher\" content=\"https:\/\/www.facebook.com\/ruishengglassbottles\" \/>\n<meta property=\"article:modified_time\" content=\"2026-02-28T02:55:42+00:00\" \/>\n<meta name=\"twitter:card\" content=\"summary_large_image\" \/>\n<meta name=\"twitter:label1\" content=\"Tiempo de lectura\" \/>\n\t<meta name=\"twitter:data1\" content=\"2 minutos\" \/>\n<script type=\"application\/ld+json\" class=\"yoast-schema-graph\">{\"@context\":\"https:\/\/schema.org\",\"@graph\":[{\"@type\":\"WebPage\",\"@id\":\"https:\/\/ruishengglassco.com\/high-flint-vs-super-flint\",\"url\":\"https:\/\/ruishengglassco.com\/high-flint-vs-super-flint\",\"name\":\"Super Flint vs. High Flint vs. Regular Flint - Ruisheng Glass\",\"isPartOf\":{\"@id\":\"https:\/\/ruishengglassco.com\/#website\"},\"datePublished\":\"2026-02-02T06:46:52+00:00\",\"dateModified\":\"2026-02-28T02:55:42+00:00\",\"description\":\"Discover the differences between Super Flint, High Flint and Regular Flint glass at Ruisheng Glass. Super Flint offers higher clarity, purer color and premium appearance for high-end bottle packaging.\",\"breadcrumb\":{\"@id\":\"https:\/\/ruishengglassco.com\/high-flint-vs-super-flint#breadcrumb\"},\"inLanguage\":\"es\",\"potentialAction\":[{\"@type\":\"ReadAction\",\"target\":[\"https:\/\/ruishengglassco.com\/high-flint-vs-super-flint\"]}]},{\"@type\":\"BreadcrumbList\",\"@id\":\"https:\/\/ruishengglassco.com\/high-flint-vs-super-flint#breadcrumb\",\"itemListElement\":[{\"@type\":\"ListItem\",\"position\":1,\"name\":\"Home\",\"item\":\"https:\/\/ruishengglassco.com\/\"},{\"@type\":\"ListItem\",\"position\":2,\"name\":\"High Flint VS Super Flint\"}]},{\"@type\":\"WebSite\",\"@id\":\"https:\/\/ruishengglassco.com\/#website\",\"url\":\"https:\/\/ruishengglassco.com\/\",\"name\":\"Ruisheng Glass\",\"description\":\"\",\"publisher\":{\"@id\":\"https:\/\/ruishengglassco.com\/#organization\"},\"potentialAction\":[{\"@type\":\"SearchAction\",\"target\":{\"@type\":\"EntryPoint\",\"urlTemplate\":\"https:\/\/ruishengglassco.com\/?s={search_term_string}\"},\"query-input\":\"required name=search_term_string\"}],\"inLanguage\":\"es\"},{\"@type\":\"Organization\",\"@id\":\"https:\/\/ruishengglassco.com\/#organization\",\"name\":\"Shandong Yuncheng Ruisheng Glass Co., Ltd\",\"url\":\"https:\/\/ruishengglassco.com\/\",\"logo\":{\"@type\":\"ImageObject\",\"inLanguage\":\"es\",\"@id\":\"https:\/\/ruishengglassco.com\/#\/schema\/logo\/image\/\",\"url\":\"https:\/\/ruishengglassco.com\/wp-content\/uploads\/2023\/09\/ruisheng_logo_icon.webp\",\"contentUrl\":\"https:\/\/ruishengglassco.com\/wp-content\/uploads\/2023\/09\/ruisheng_logo_icon.webp\",\"width\":400,\"height\":233,\"caption\":\"Shandong Yuncheng Ruisheng Glass Co., Ltd\"},\"image\":{\"@id\":\"https:\/\/ruishengglassco.com\/#\/schema\/logo\/image\/\"},\"sameAs\":[\"https:\/\/www.facebook.com\/ruishengglassbottles\",\"https:\/\/www.instagram.com\/Ruishengglassbottlewholesales\/\",\"https:\/\/www.youtube.com\/channel\/UCMmbMNGwsL-XrtjfSFLCdVQ\"]}]}<\/script>\n<!-- \/ Yoast SEO plugin. -->","yoast_head_json":{"title":"Super Flint vs. High Flint vs. Regular Flint - Ruisheng Glass","description":"Discover the differences between Super Flint, High Flint and Regular Flint glass at Ruisheng Glass. Super Flint offers higher clarity, purer color and premium appearance for high-end bottle packaging.","robots":{"index":"index","follow":"follow","max-snippet":"max-snippet:-1","max-image-preview":"max-image-preview:large","max-video-preview":"max-video-preview:-1"},"canonical":"https:\/\/ruishengglassco.com\/es\/high-flint-vs-super-flint","og_locale":"es_ES","og_type":"article","og_title":"Super Flint vs. High Flint vs. Regular Flint - Ruisheng Glass","og_description":"Discover the differences between Super Flint, High Flint and Regular Flint glass at Ruisheng Glass. Super Flint offers higher clarity, purer color and premium appearance for high-end bottle packaging.","og_url":"https:\/\/ruishengglassco.com\/es\/high-flint-vs-super-flint","article_publisher":"https:\/\/www.facebook.com\/ruishengglassbottles","article_modified_time":"2026-02-28T02:55:42+00:00","twitter_card":"summary_large_image","twitter_misc":{"Tiempo de lectura":"2 minutos"},"schema":{"@context":"https:\/\/schema.org","@graph":[{"@type":"WebPage","@id":"https:\/\/ruishengglassco.com\/high-flint-vs-super-flint","url":"https:\/\/ruishengglassco.com\/high-flint-vs-super-flint","name":"Super Flint vs. High Flint vs. Regular Flint - Ruisheng Glass","isPartOf":{"@id":"https:\/\/ruishengglassco.com\/#website"},"datePublished":"2026-02-02T06:46:52+00:00","dateModified":"2026-02-28T02:55:42+00:00","description":"Discover the differences between Super Flint, High Flint and Regular Flint glass at Ruisheng Glass. Super Flint offers higher clarity, purer color and premium appearance for high-end bottle packaging.","breadcrumb":{"@id":"https:\/\/ruishengglassco.com\/high-flint-vs-super-flint#breadcrumb"},"inLanguage":"es","potentialAction":[{"@type":"ReadAction","target":["https:\/\/ruishengglassco.com\/high-flint-vs-super-flint"]}]},{"@type":"BreadcrumbList","@id":"https:\/\/ruishengglassco.com\/high-flint-vs-super-flint#breadcrumb","itemListElement":[{"@type":"ListItem","position":1,"name":"Home","item":"https:\/\/ruishengglassco.com\/"},{"@type":"ListItem","position":2,"name":"High Flint VS Super Flint"}]},{"@type":"WebSite","@id":"https:\/\/ruishengglassco.com\/#website","url":"https:\/\/ruishengglassco.com\/","name":"Ruisheng Glass","description":"","publisher":{"@id":"https:\/\/ruishengglassco.com\/#organization"},"potentialAction":[{"@type":"SearchAction","target":{"@type":"EntryPoint","urlTemplate":"https:\/\/ruishengglassco.com\/?s={search_term_string}"},"query-input":"required name=search_term_string"}],"inLanguage":"es"},{"@type":"Organization","@id":"https:\/\/ruishengglassco.com\/#organization","name":"Shandong Yuncheng Ruisheng Glass Co., Ltd","url":"https:\/\/ruishengglassco.com\/","logo":{"@type":"ImageObject","inLanguage":"es","@id":"https:\/\/ruishengglassco.com\/#\/schema\/logo\/image\/","url":"https:\/\/ruishengglassco.com\/wp-content\/uploads\/2023\/09\/ruisheng_logo_icon.webp","contentUrl":"https:\/\/ruishengglassco.com\/wp-content\/uploads\/2023\/09\/ruisheng_logo_icon.webp","width":400,"height":233,"caption":"Shandong Yuncheng Ruisheng Glass Co., Ltd"},"image":{"@id":"https:\/\/ruishengglassco.com\/#\/schema\/logo\/image\/"},"sameAs":["https:\/\/www.facebook.com\/ruishengglassbottles","https:\/\/www.instagram.com\/Ruishengglassbottlewholesales\/","https:\/\/www.youtube.com\/channel\/UCMmbMNGwsL-XrtjfSFLCdVQ"]}]}},"_links":{"self":[{"href":"https:\/\/ruishengglassco.com\/es\/wp-json\/wp\/v2\/pages\/5519","targetHints":{"allow":["GET"]}}],"collection":[{"href":"https:\/\/ruishengglassco.com\/es\/wp-json\/wp\/v2\/pages"}],"about":[{"href":"https:\/\/ruishengglassco.com\/es\/wp-json\/wp\/v2\/types\/page"}],"author":[{"embeddable":true,"href":"https:\/\/ruishengglassco.com\/es\/wp-json\/wp\/v2\/users\/10"}],"replies":[{"embeddable":true,"href":"https:\/\/ruishengglassco.com\/es\/wp-json\/wp\/v2\/comments?post=5519"}],"version-history":[{"count":4,"href":"https:\/\/ruishengglassco.com\/es\/wp-json\/wp\/v2\/pages\/5519\/revisions"}],"predecessor-version":[{"id":5661,"href":"https:\/\/ruishengglassco.com\/es\/wp-json\/wp\/v2\/pages\/5519\/revisions\/5661"}],"wp:attachment":[{"href":"https:\/\/ruishengglassco.com\/es\/wp-json\/wp\/v2\/media?parent=5519"}],"curies":[{"name":"wp","href":"https:\/\/api.w.org\/{rel}","templated":true}]}}