{"id":5481,"date":"2026-01-30T08:32:49","date_gmt":"2026-01-30T00:32:49","guid":{"rendered":"https:\/\/ruishengglassco.com\/?page_id=5481"},"modified":"2026-01-30T13:54:38","modified_gmt":"2026-01-30T05:54:38","slug":"servicio-postventa","status":"publish","type":"page","link":"https:\/\/ruishengglassco.com\/es\/servicio-postventa","title":{"rendered":"Servicio posventa"},"content":{"rendered":"<section class=\"section\" id=\"section_265194885\">\n\t\t<div class=\"bg section-bg fill bg-fill  bg-loaded\" >\n\n\t\t\t\n\t\t\t\n\t\t\t\n\n\t\t<\/div>\n\n\t\t\n\n\t\t<div class=\"section-content relative\">\n\t\t\t\n<div class=\"row align-middle\"  id=\"row-1448111393\">\n\n\t<div id=\"col-1032491469\" class=\"col medium-6 small-12 large-6\"  >\n\t\t\t\t<div class=\"col-inner text-center\"  >\n\t\t\t\n\t\t\t\n<h1 style=\"text-align: center;\">Servicio postventa de Ruisheng Glass<\/h1>\n<p>Bienvenido a nuestro centro de servicio post-venta. Ruisheng Glass se compromete a proporcionar a los clientes botellas de licor de alta calidad y a ofrecer un apoyo estable y fiable en cada etapa de nuestra cooperaci\u00f3n. Desde la entrega del pedido hasta su uso posterior, nuestro equipo de postventa realizar\u00e1 un seguimiento puntual para garantizar la resoluci\u00f3n de sus problemas.<\/p>\n<p>Nuestra garant\u00eda de servicio: Nuestro equipo postventa est\u00e1 formado por profesionales con muchos a\u00f1os de experiencia en el sector, y est\u00e1n familiarizados con la coordinaci\u00f3n log\u00edstica, la inspecci\u00f3n de calidad y el soporte t\u00e9cnico. Gracias a nuestro profundo conocimiento del sector de los envases de vidrio, podemos gestionar eficazmente problemas comunes como la protecci\u00f3n durante el transporte, la calidad del producto y la compatibilidad de uso, y ofrecerle soluciones pr\u00e1cticas.<\/p>\n<a class=\"button primary is-pop\"  >\n    <span>Contacto Ruisheng Glass<\/span>\n  <\/a>\n\n\t\t<\/div>\n\t\t\t\t\t<\/div>\n\n\t\n\n\t<div id=\"col-690466595\" class=\"col medium-6 small-12 large-6\"  >\n\t\t\t\t<div class=\"col-inner\"  >\n\t\t\t\n\t\t\t\n\t<div class=\"img has-hover x md-x lg-x y md-y lg-y\" id=\"image_1660130139\">\n\t\t\t\t\t\t\t\t<div class=\"img-inner dark\" >\n\t\t\t<img decoding=\"async\" width=\"969\" height=\"969\" src=\"https:\/\/ruishengglassco.com\/wp-content\/uploads\/2024\/04\/glassbottle_design.webp\" class=\"attachment-original size-original\" alt=\"glassbottle_design\" srcset=\"https:\/\/ruishengglassco.com\/wp-content\/uploads\/2024\/04\/glassbottle_design.webp 969w, https:\/\/ruishengglassco.com\/wp-content\/uploads\/2024\/04\/glassbottle_design-300x300.webp 300w, https:\/\/ruishengglassco.com\/wp-content\/uploads\/2024\/04\/glassbottle_design-80x80.webp 80w, https:\/\/ruishengglassco.com\/wp-content\/uploads\/2024\/04\/glassbottle_design-768x768.webp 768w, https:\/\/ruishengglassco.com\/wp-content\/uploads\/2024\/04\/glassbottle_design-500x500.webp 500w, https:\/\/ruishengglassco.com\/wp-content\/uploads\/2024\/04\/glassbottle_design-800x800.webp 800w, https:\/\/ruishengglassco.com\/wp-content\/uploads\/2024\/04\/glassbottle_design-100x100.webp 100w\" sizes=\"(max-width: 969px) 100vw, 969px\" \/>\t\t\t\t\t\t\n\t\t\t\t\t<\/div>\n\t\t\t\t\t\t\t\t\n<style>\n#image_1660130139 {\n  width: 100%;\n}\n<\/style>\n\t<\/div>\n\t\n\t\t<\/div>\n\t\t\t\t\t<\/div>\n\n\t\n<\/div>\n\t\t<\/div>\n\n\t\t\n<style>\n#section_265194885 {\n  padding-top: 30px;\n  padding-bottom: 30px;\n}\n<\/style>\n\t<\/section>\n\t\n\t<section class=\"section\" id=\"section_959515156\">\n\t\t<div class=\"bg section-bg fill bg-fill  bg-loaded\" >\n\n\t\t\t\n\t\t\t\n\t\t\t\n\n\t\t<\/div>\n\n\t\t\n\n\t\t<div class=\"section-content relative\">\n\t\t\t\n<div class=\"row\"  id=\"row-580608541\">\n\n\t<div id=\"col-447144404\" class=\"col small-12 large-12\"  >\n\t\t\t\t<div class=\"col-inner\"  >\n\t\t\t\n\t\t\t\n<h2 style=\"text-align: center;\">Asistencia completa, cooperaci\u00f3n sin preocupaciones<\/h2>\n\t\t<\/div>\n\t\t\t\t\t<\/div>\n\n\t\n<\/div>\n<div class=\"row\"  id=\"row-836524234\">\n\n\t<div id=\"col-1567056289\" class=\"col medium-3 small-12 large-3\"  >\n\t\t\t\t<div class=\"col-inner\"  >\n\t\t\t\n\t\t\t\n\n\t\t<div class=\"icon-box featured-box icon-box-center text-center\"  >\n\t\t\t\t\t<div class=\"icon-box-img\" style=\"width: 60px\">\n\t\t\t\t<div class=\"icon\">\n\t\t\t\t\t<div class=\"icon-inner\" >\n\t\t\t\t\t\t<img decoding=\"async\" width=\"300\" height=\"300\" src=\"https:\/\/ruishengglassco.com\/wp-content\/uploads\/2026\/01\/support-300x300.png\" class=\"attachment-medium size-medium\" alt=\"\" srcset=\"https:\/\/ruishengglassco.com\/wp-content\/uploads\/2026\/01\/support-300x300.png 300w, https:\/\/ruishengglassco.com\/wp-content\/uploads\/2026\/01\/support-80x80.png 80w, https:\/\/ruishengglassco.com\/wp-content\/uploads\/2026\/01\/support-12x12.png 12w, https:\/\/ruishengglassco.com\/wp-content\/uploads\/2026\/01\/support-500x500.png 500w, https:\/\/ruishengglassco.com\/wp-content\/uploads\/2026\/01\/support-100x100.png 100w, https:\/\/ruishengglassco.com\/wp-content\/uploads\/2026\/01\/support.png 512w\" sizes=\"(max-width: 300px) 100vw, 300px\" \/>\t\t\t\t\t<\/div>\n\t\t\t\t<\/div>\n\t\t\t<\/div>\n\t\t\t\t<div class=\"icon-box-text last-reset\">\n\t\t\t\t\t\t\t\t\t\n<h3>Respuesta r\u00e1pida 24 horas<\/h3>\n<p>Durante los d\u00edas laborables, sus consultas y comentarios recibir\u00e1n un seguimiento espec\u00edfico y respuestas iniciales en 24 horas, d\u00e1ndose prioridad a los asuntos urgentes.<\/p>\n\t\t<\/div>\n\t<\/div>\n\t\n\t\n\t\t<\/div>\n\t\t\t\t\t<\/div>\n\n\t\n\n\t<div id=\"col-1330048323\" class=\"col medium-3 small-12 large-3\"  >\n\t\t\t\t<div class=\"col-inner\"  >\n\t\t\t\n\t\t\t\n\n\t\t<div class=\"icon-box featured-box icon-box-center text-center\"  >\n\t\t\t\t\t<div class=\"icon-box-img\" style=\"width: 60px\">\n\t\t\t\t<div class=\"icon\">\n\t\t\t\t\t<div class=\"icon-inner\" >\n\t\t\t\t\t\t<img decoding=\"async\" width=\"300\" height=\"300\" src=\"https:\/\/ruishengglassco.com\/wp-content\/uploads\/2026\/01\/professional-300x300.png\" class=\"attachment-medium size-medium\" alt=\"\" srcset=\"https:\/\/ruishengglassco.com\/wp-content\/uploads\/2026\/01\/professional-300x300.png 300w, https:\/\/ruishengglassco.com\/wp-content\/uploads\/2026\/01\/professional-80x80.png 80w, https:\/\/ruishengglassco.com\/wp-content\/uploads\/2026\/01\/professional-12x12.png 12w, https:\/\/ruishengglassco.com\/wp-content\/uploads\/2026\/01\/professional-500x500.png 500w, https:\/\/ruishengglassco.com\/wp-content\/uploads\/2026\/01\/professional-100x100.png 100w, https:\/\/ruishengglassco.com\/wp-content\/uploads\/2026\/01\/professional.png 512w\" sizes=\"(max-width: 300px) 100vw, 300px\" \/>\t\t\t\t\t<\/div>\n\t\t\t\t<\/div>\n\t\t\t<\/div>\n\t\t\t\t<div class=\"icon-box-text last-reset\">\n\t\t\t\t\t\t\t\t\t\n<h3>Soluciones profesionales y eficaces<\/h3>\n<p>Ya se trate de da\u00f1os de transporte, defectos de calidad, consultas t\u00e9cnicas o consejos de uso, le ofreceremos soluciones pr\u00e1cticas basadas en la situaci\u00f3n real: sin excusas ni retrasos.<\/p>\n\t\t<\/div>\n\t<\/div>\n\t\n\t\n\t\t<\/div>\n\t\t\t\t\t<\/div>\n\n\t\n\n\t<div id=\"col-2135662460\" class=\"col medium-3 small-12 large-3\"  >\n\t\t\t\t<div class=\"col-inner\"  >\n\t\t\t\n\t\t\t\n\n\t\t<div class=\"icon-box featured-box icon-box-center text-center\"  >\n\t\t\t\t\t<div class=\"icon-box-img\" style=\"width: 60px\">\n\t\t\t\t<div class=\"icon\">\n\t\t\t\t\t<div class=\"icon-inner\" >\n\t\t\t\t\t\t<img decoding=\"async\" width=\"300\" height=\"300\" src=\"https:\/\/ruishengglassco.com\/wp-content\/uploads\/2026\/01\/rfid-300x300.png\" class=\"attachment-medium size-medium\" alt=\"\" srcset=\"https:\/\/ruishengglassco.com\/wp-content\/uploads\/2026\/01\/rfid-300x300.png 300w, https:\/\/ruishengglassco.com\/wp-content\/uploads\/2026\/01\/rfid-80x80.png 80w, https:\/\/ruishengglassco.com\/wp-content\/uploads\/2026\/01\/rfid-12x12.png 12w, https:\/\/ruishengglassco.com\/wp-content\/uploads\/2026\/01\/rfid-500x500.png 500w, https:\/\/ruishengglassco.com\/wp-content\/uploads\/2026\/01\/rfid-100x100.png 100w, https:\/\/ruishengglassco.com\/wp-content\/uploads\/2026\/01\/rfid.png 512w\" sizes=\"(max-width: 300px) 100vw, 300px\" \/>\t\t\t\t\t<\/div>\n\t\t\t\t<\/div>\n\t\t\t<\/div>\n\t\t\t\t<div class=\"icon-box-text last-reset\">\n\t\t\t\t\t\t\t\t\t\n<h3>Servicio de seguimiento de todo el proceso<\/h3>\n<p>Haremos un seguimiento del proceso de resoluci\u00f3n de problemas de principio a fin hasta que se satisfagan plenamente sus necesidades, garantizando una experiencia sin preocupaciones con cada colaboraci\u00f3n.<\/p>\n\t\t<\/div>\n\t<\/div>\n\t\n\t\n\t\t<\/div>\n\t\t\t\t\t<\/div>\n\n\t\n\n\t<div id=\"col-1530702180\" class=\"col medium-3 small-12 large-3\"  >\n\t\t\t\t<div class=\"col-inner\"  >\n\t\t\t\n\t\t\t\n\n\t\t<div class=\"icon-box featured-box icon-box-center text-center\"  >\n\t\t\t\t\t<div class=\"icon-box-img\" style=\"width: 60px\">\n\t\t\t\t<div class=\"icon\">\n\t\t\t\t\t<div class=\"icon-inner\" >\n\t\t\t\t\t\t<img decoding=\"async\" width=\"300\" height=\"300\" src=\"https:\/\/ruishengglassco.com\/wp-content\/uploads\/2026\/01\/feedback-loop-300x300.png\" class=\"attachment-medium size-medium\" alt=\"\" srcset=\"https:\/\/ruishengglassco.com\/wp-content\/uploads\/2026\/01\/feedback-loop-300x300.png 300w, https:\/\/ruishengglassco.com\/wp-content\/uploads\/2026\/01\/feedback-loop-80x80.png 80w, https:\/\/ruishengglassco.com\/wp-content\/uploads\/2026\/01\/feedback-loop-12x12.png 12w, https:\/\/ruishengglassco.com\/wp-content\/uploads\/2026\/01\/feedback-loop-500x500.png 500w, https:\/\/ruishengglassco.com\/wp-content\/uploads\/2026\/01\/feedback-loop-100x100.png 100w, https:\/\/ruishengglassco.com\/wp-content\/uploads\/2026\/01\/feedback-loop.png 512w\" sizes=\"(max-width: 300px) 100vw, 300px\" \/>\t\t\t\t\t<\/div>\n\t\t\t\t<\/div>\n\t\t\t<\/div>\n\t\t\t\t<div class=\"icon-box-text last-reset\">\n\t\t\t\t\t\t\t\t\t\n<h3>Mejora continua<\/h3>\n<p>Cada comentario es muy importante para nosotros. Revisaremos regularmente los problemas posventa, optimizaremos continuamente la producci\u00f3n, el embalaje, la log\u00edstica y el servicio en general para mejorar continuamente su experiencia de cooperaci\u00f3n.<\/p>\n\t\t<\/div>\n\t<\/div>\n\t\n\t\n\t\t<\/div>\n\t\t\t\t\t<\/div>\n\n\t\n<\/div>\n<div class=\"row\"  id=\"row-1076734721\">\n\n\t<div id=\"col-52990350\" class=\"col small-12 large-12\"  >\n\t\t\t\t<div class=\"col-inner text-center\"  >\n\t\t\t\n\t\t\t\n<a class=\"button primary is-pop\"  >\n    <span>Contacto Ruisheng Glass<\/span>\n  <\/a>\n\n\t\t<\/div>\n\t\t\t\t\t<\/div>\n\n\t\n<\/div>\n\t\t<\/div>\n\n\t\t\n<style>\n#section_959515156 {\n  padding-top: 30px;\n  padding-bottom: 30px;\n}\n<\/style>\n\t<\/section>\n\t\n\t<section class=\"section\" id=\"section_157360077\">\n\t\t<div class=\"bg section-bg fill bg-fill  bg-loaded\" >\n\n\t\t\t\n\t\t\t\n\t\t\t\n\n\t\t<\/div>\n\n\t\t\n\n\t\t<div class=\"section-content relative\">\n\t\t\t\n<div class=\"row\"  id=\"row-226232229\">\n\n\t<div id=\"col-7047110\" class=\"col small-12 large-12\"  >\n\t\t\t\t<div class=\"col-inner\"  >\n\t\t\t\n\t\t\t\n<h2 style=\"text-align: center;\">Principales servicios posventa: Embalaje, garant\u00eda y devoluci\u00f3n\/cambio<\/h2>\n<h3>1. Acerca del embalaje<\/h3>\n<p>Las botellas de vidrio son las m\u00e1s susceptibles de sufrir da\u00f1os por colisi\u00f3n y compresi\u00f3n durante el transporte, por lo que dedicamos un esfuerzo extra al embalaje.<\/p>\n<p>Dependiendo del tama\u00f1o y la cantidad de botellas, utilizamos separadores de espuma amortiguadora, cajas de cart\u00f3n grueso y forros interiores individuales para proteger sus botellas de cristal. Esto minimiza las colisiones y abrasiones, garantizando que sus botellas de licor lleguen en perfectas condiciones.<\/p>\n<p>En el env\u00edo real, tambi\u00e9n tenemos en cuenta las situaciones incontrolables que pueden producirse durante el transporte a larga distancia, por lo que estipulamos una tolerancia de cantidad de \u00b12% en el pedido. Esto garantiza que, aunque un peque\u00f1o n\u00famero de botellas se da\u00f1e durante el transporte, no afectar\u00e1 al uso normal del cliente.<\/p>\n<h3>2. Garant\u00eda y cambios y devoluciones<\/h3>\n<p>En condiciones normales de uso y almacenamiento, si las botellas de vidrio presentan defectos de calidad debidos a los procesos de fabricaci\u00f3n o a los materiales, como rotura de la botella, grosor desigual, deformaci\u00f3n del cuello de la botella o sellado deficiente, proporcionaremos la asistencia posventa correspondiente.<\/p>\n<p>Debe tenerse en cuenta que los problemas causados por una manipulaci\u00f3n brusca durante el transporte, un almacenamiento inadecuado, un error humano durante el uso o el desgaste normal no suelen estar cubiertos por la garant\u00eda.<\/p>\n<p>Si encuentra alg\u00fan da\u00f1o evidente, problemas de calidad o discrepancias en la cantidad al recibir las botellas de vidrio, p\u00f3ngase en contacto con nosotros en un plazo de 7 d\u00edas laborables. Deber\u00e1 facilitarnos su n\u00famero de pedido, informaci\u00f3n sobre el producto y fotos o v\u00eddeos relevantes para que podamos comprender y verificar r\u00e1pidamente la situaci\u00f3n. Una vez confirmado, organizaremos la sustituci\u00f3n, el reembolso u otras soluciones adecuadas en funci\u00f3n de las circunstancias reales para minimizar cualquier inconveniente.<\/p>\n<h3>3. Proceso de servicio postventa de Ruisheng<\/h3>\n<ul>\n<li><strong>Recepci\u00f3n e inspecci\u00f3n<\/strong><\/li>\n<\/ul>\n<p>Tras recibir las botellas de vidrio, le recomendamos que compruebe r\u00e1pidamente si el embalaje exterior presenta da\u00f1os, verifique la cantidad y compruebe si se han producido da\u00f1os durante el transporte. Si hay alg\u00fan problema, inf\u00f3rmenos r\u00e1pidamente y nos encargaremos de solucionarlo lo antes posible.<\/p>\n<ul>\n<li><strong>Comentarios sobre el problema<\/strong><\/li>\n<\/ul>\n<p>Si observa alguna anomal\u00eda en las botellas de vidrio, env\u00edenos los datos de su pedido y fotos o v\u00eddeos n\u00edtidos para que podamos determinar la causa del problema.<\/p>\n<ul>\n<li><strong>Confirmaci\u00f3n y soluci\u00f3n<\/strong><\/li>\n<\/ul>\n<p>Evaluaremos la situaci\u00f3n espec\u00edfica y nos comunicaremos con usted para determinar la soluci\u00f3n m\u00e1s adecuada.<\/p>\n<ul>\n<li><strong>Seguimiento<\/strong><\/li>\n<\/ul>\n<p>Una vez resuelto el problema, haremos un seguimiento para asegurarnos de que el cliente ha recibido correctamente el producto de sustituci\u00f3n o la resoluci\u00f3n correspondiente.<\/p>\n\t\t<\/div>\n\t\t\t\t\t<\/div>\n\n\t\n<\/div>\n\t\t<\/div>\n\n\t\t\n<style>\n#section_157360077 {\n  padding-top: 30px;\n  padding-bottom: 30px;\n}\n<\/style>\n\t<\/section>\n\t\n\t<section class=\"section\" id=\"section_1342172626\">\n\t\t<div class=\"bg section-bg fill bg-fill  bg-loaded\" >\n\n\t\t\t\n\t\t\t\n\t\t\t\n\n\t\t<\/div>\n\n\t\t\n\n\t\t<div class=\"section-content relative\">\n\t\t\t\n<div class=\"row align-middle\"  id=\"row-347654585\">\n\n\t<div id=\"col-127317944\" class=\"col medium-3 small-12 large-3\"  >\n\t\t\t\t<div class=\"col-inner\"  >\n\t\t\t\n\t\t\t\n\t<div class=\"img has-hover x md-x lg-x y md-y lg-y\" id=\"image_214737991\">\n\t\t\t\t\t\t\t\t<div class=\"img-inner dark\" >\n\t\t\t<img decoding=\"async\" width=\"512\" height=\"512\" src=\"https:\/\/ruishengglassco.com\/wp-content\/uploads\/2026\/01\/customer-service.png\" class=\"attachment-original size-original\" alt=\"atenci\u00f3n al cliente\" srcset=\"https:\/\/ruishengglassco.com\/wp-content\/uploads\/2026\/01\/customer-service.png 512w, https:\/\/ruishengglassco.com\/wp-content\/uploads\/2026\/01\/customer-service-300x300.png 300w, https:\/\/ruishengglassco.com\/wp-content\/uploads\/2026\/01\/customer-service-80x80.png 80w, https:\/\/ruishengglassco.com\/wp-content\/uploads\/2026\/01\/customer-service-12x12.png 12w, https:\/\/ruishengglassco.com\/wp-content\/uploads\/2026\/01\/customer-service-500x500.png 500w, https:\/\/ruishengglassco.com\/wp-content\/uploads\/2026\/01\/customer-service-100x100.png 100w\" sizes=\"(max-width: 512px) 100vw, 512px\" \/>\t\t\t\t\t\t\n\t\t\t\t\t<\/div>\n\t\t\t\t\t\t\t\t\n<style>\n#image_214737991 {\n  width: 100%;\n}\n<\/style>\n\t<\/div>\n\t\n\t\t<\/div>\n\t\t\t\t\t<\/div>\n\n\t\n\n\t<div id=\"col-273074531\" class=\"col medium-9 small-12 large-9\"  >\n\t\t\t\t<div class=\"col-inner text-center\"  >\n\t\t\t\n\t\t\t\n\t<div id=\"text-94455245\" class=\"text\">\n\t\t\n<h2><strong>\u00bfNecesita ayuda? Estamos a su disposici\u00f3n las 24 horas del d\u00eda, todos los d\u00edas del a\u00f1o.<\/strong><\/h2>\n\t\t\n<style>\n#text-94455245 {\n  font-size: 1.2rem;\n}\n<\/style>\n\t<\/div>\n\t\n\t<div id=\"gap-1079246067\" class=\"gap-element clearfix\" style=\"display:block; height:auto;\">\n\t\t\n<style>\n#gap-1079246067 {\n  padding-top: 30px;\n}\n<\/style>\n\t<\/div>\n\t\n\t<div id=\"text-3932773748\" class=\"text\">\n\t\t\n<p>Su satisfacci\u00f3n nos importa. Por eso nuestra asistencia no se detiene despu\u00e9s de la entrega. Nuestro equipo de China, basado en la colaboraci\u00f3n a largo plazo y la fiabilidad, est\u00e1 siempre dispuesto a ayudarle cuando lo necesite.<\/p>\n\t\t\n<style>\n#text-3932773748 {\n  font-size: 1rem;\n  text-align: left;\n}\n<\/style>\n\t<\/div>\n\t\n<a href=\"https:\/\/ruishengglassco.com\/es\/faq\/\" class=\"button primary is-outline is-xlarge is-pop\"  style=\"padding:0px 90px 0px 90px;\">\n    <span>Preguntas frecuentes<\/span>\n  <\/a>\n\n<a class=\"button primary is-outline is-xlarge is-pop\"  >\n    <span>Contacto<\/span>\n  <\/a>\n\n\t\t<\/div>\n\t\t\t\t\t<\/div>\n\n\t\n<\/div>\n\t\t<\/div>\n\n\t\t\n<style>\n#section_1342172626 {\n  padding-top: 30px;\n  padding-bottom: 30px;\n}\n<\/style>\n\t<\/section>","protected":false},"excerpt":{"rendered":"","protected":false},"author":10,"featured_media":0,"parent":0,"menu_order":0,"comment_status":"closed","ping_status":"closed","template":"page-blank.php","meta":{"footnotes":""},"class_list":["post-5481","page","type-page","status-publish","hentry"],"yoast_head":"<!-- This site is optimized with the Yoast SEO plugin v22.0 - https:\/\/yoast.com\/wordpress\/plugins\/seo\/ -->\n<title>Ruisheng Glass After-Sales Service<\/title>\n<meta name=\"description\" content=\"At Ruisheng Glass, we are committed to providing not only high-quality glass bottles but also reliable and professional support throughout your entire experience with us.\" \/>\n<meta name=\"robots\" content=\"index, follow, max-snippet:-1, max-image-preview:large, max-video-preview:-1\" \/>\n<link rel=\"canonical\" href=\"https:\/\/ruishengglassco.com\/es\/servicio-postventa\" \/>\n<meta property=\"og:locale\" content=\"es_ES\" \/>\n<meta property=\"og:type\" content=\"article\" \/>\n<meta property=\"og:title\" content=\"Ruisheng Glass After-Sales Service\" \/>\n<meta property=\"og:description\" content=\"At Ruisheng Glass, we are committed to providing not only high-quality glass bottles but also reliable and professional support throughout your entire experience with us.\" \/>\n<meta property=\"og:url\" content=\"https:\/\/ruishengglassco.com\/es\/servicio-postventa\" \/>\n<meta property=\"article:publisher\" content=\"https:\/\/www.facebook.com\/ruishengglassbottles\" \/>\n<meta property=\"article:modified_time\" content=\"2026-01-30T05:54:38+00:00\" \/>\n<meta name=\"twitter:card\" content=\"summary_large_image\" \/>\n<script type=\"application\/ld+json\" class=\"yoast-schema-graph\">{\"@context\":\"https:\/\/schema.org\",\"@graph\":[{\"@type\":\"WebPage\",\"@id\":\"https:\/\/ruishengglassco.com\/after-sales-service\",\"url\":\"https:\/\/ruishengglassco.com\/after-sales-service\",\"name\":\"Ruisheng Glass After-Sales Service\",\"isPartOf\":{\"@id\":\"https:\/\/ruishengglassco.com\/#website\"},\"datePublished\":\"2026-01-30T00:32:49+00:00\",\"dateModified\":\"2026-01-30T05:54:38+00:00\",\"description\":\"At Ruisheng Glass, we are committed to providing not only high-quality glass bottles but also reliable and professional support throughout your entire experience with us.\",\"breadcrumb\":{\"@id\":\"https:\/\/ruishengglassco.com\/after-sales-service#breadcrumb\"},\"inLanguage\":\"es\",\"potentialAction\":[{\"@type\":\"ReadAction\",\"target\":[\"https:\/\/ruishengglassco.com\/after-sales-service\"]}]},{\"@type\":\"BreadcrumbList\",\"@id\":\"https:\/\/ruishengglassco.com\/after-sales-service#breadcrumb\",\"itemListElement\":[{\"@type\":\"ListItem\",\"position\":1,\"name\":\"Home\",\"item\":\"https:\/\/ruishengglassco.com\/\"},{\"@type\":\"ListItem\",\"position\":2,\"name\":\"After-Sales Service\"}]},{\"@type\":\"WebSite\",\"@id\":\"https:\/\/ruishengglassco.com\/#website\",\"url\":\"https:\/\/ruishengglassco.com\/\",\"name\":\"Ruisheng Glass\",\"description\":\"\",\"publisher\":{\"@id\":\"https:\/\/ruishengglassco.com\/#organization\"},\"potentialAction\":[{\"@type\":\"SearchAction\",\"target\":{\"@type\":\"EntryPoint\",\"urlTemplate\":\"https:\/\/ruishengglassco.com\/?s={search_term_string}\"},\"query-input\":\"required name=search_term_string\"}],\"inLanguage\":\"es\"},{\"@type\":\"Organization\",\"@id\":\"https:\/\/ruishengglassco.com\/#organization\",\"name\":\"Shandong Yuncheng Ruisheng Glass Co., Ltd\",\"url\":\"https:\/\/ruishengglassco.com\/\",\"logo\":{\"@type\":\"ImageObject\",\"inLanguage\":\"es\",\"@id\":\"https:\/\/ruishengglassco.com\/#\/schema\/logo\/image\/\",\"url\":\"https:\/\/ruishengglassco.com\/wp-content\/uploads\/2023\/09\/ruisheng_logo_icon.webp\",\"contentUrl\":\"https:\/\/ruishengglassco.com\/wp-content\/uploads\/2023\/09\/ruisheng_logo_icon.webp\",\"width\":400,\"height\":233,\"caption\":\"Shandong Yuncheng Ruisheng Glass Co., Ltd\"},\"image\":{\"@id\":\"https:\/\/ruishengglassco.com\/#\/schema\/logo\/image\/\"},\"sameAs\":[\"https:\/\/www.facebook.com\/ruishengglassbottles\",\"https:\/\/www.instagram.com\/Ruishengglassbottlewholesales\/\",\"https:\/\/www.youtube.com\/channel\/UCMmbMNGwsL-XrtjfSFLCdVQ\"]}]}<\/script>\n<!-- \/ Yoast SEO plugin. -->","yoast_head_json":{"title":"Ruisheng Glass After-Sales Service","description":"At Ruisheng Glass, we are committed to providing not only high-quality glass bottles but also reliable and professional support throughout your entire experience with us.","robots":{"index":"index","follow":"follow","max-snippet":"max-snippet:-1","max-image-preview":"max-image-preview:large","max-video-preview":"max-video-preview:-1"},"canonical":"https:\/\/ruishengglassco.com\/es\/servicio-postventa","og_locale":"es_ES","og_type":"article","og_title":"Ruisheng Glass After-Sales Service","og_description":"At Ruisheng Glass, we are committed to providing not only high-quality glass bottles but also reliable and professional support throughout your entire experience with us.","og_url":"https:\/\/ruishengglassco.com\/es\/servicio-postventa","article_publisher":"https:\/\/www.facebook.com\/ruishengglassbottles","article_modified_time":"2026-01-30T05:54:38+00:00","twitter_card":"summary_large_image","schema":{"@context":"https:\/\/schema.org","@graph":[{"@type":"WebPage","@id":"https:\/\/ruishengglassco.com\/after-sales-service","url":"https:\/\/ruishengglassco.com\/after-sales-service","name":"Ruisheng Glass After-Sales Service","isPartOf":{"@id":"https:\/\/ruishengglassco.com\/#website"},"datePublished":"2026-01-30T00:32:49+00:00","dateModified":"2026-01-30T05:54:38+00:00","description":"At Ruisheng Glass, we are committed to providing not only high-quality glass bottles but also reliable and professional support throughout your entire experience with us.","breadcrumb":{"@id":"https:\/\/ruishengglassco.com\/after-sales-service#breadcrumb"},"inLanguage":"es","potentialAction":[{"@type":"ReadAction","target":["https:\/\/ruishengglassco.com\/after-sales-service"]}]},{"@type":"BreadcrumbList","@id":"https:\/\/ruishengglassco.com\/after-sales-service#breadcrumb","itemListElement":[{"@type":"ListItem","position":1,"name":"Home","item":"https:\/\/ruishengglassco.com\/"},{"@type":"ListItem","position":2,"name":"After-Sales Service"}]},{"@type":"WebSite","@id":"https:\/\/ruishengglassco.com\/#website","url":"https:\/\/ruishengglassco.com\/","name":"Ruisheng Glass","description":"","publisher":{"@id":"https:\/\/ruishengglassco.com\/#organization"},"potentialAction":[{"@type":"SearchAction","target":{"@type":"EntryPoint","urlTemplate":"https:\/\/ruishengglassco.com\/?s={search_term_string}"},"query-input":"required name=search_term_string"}],"inLanguage":"es"},{"@type":"Organization","@id":"https:\/\/ruishengglassco.com\/#organization","name":"Shandong Yuncheng Ruisheng Glass Co., Ltd","url":"https:\/\/ruishengglassco.com\/","logo":{"@type":"ImageObject","inLanguage":"es","@id":"https:\/\/ruishengglassco.com\/#\/schema\/logo\/image\/","url":"https:\/\/ruishengglassco.com\/wp-content\/uploads\/2023\/09\/ruisheng_logo_icon.webp","contentUrl":"https:\/\/ruishengglassco.com\/wp-content\/uploads\/2023\/09\/ruisheng_logo_icon.webp","width":400,"height":233,"caption":"Shandong Yuncheng Ruisheng Glass Co., Ltd"},"image":{"@id":"https:\/\/ruishengglassco.com\/#\/schema\/logo\/image\/"},"sameAs":["https:\/\/www.facebook.com\/ruishengglassbottles","https:\/\/www.instagram.com\/Ruishengglassbottlewholesales\/","https:\/\/www.youtube.com\/channel\/UCMmbMNGwsL-XrtjfSFLCdVQ"]}]}},"_links":{"self":[{"href":"https:\/\/ruishengglassco.com\/es\/wp-json\/wp\/v2\/pages\/5481","targetHints":{"allow":["GET"]}}],"collection":[{"href":"https:\/\/ruishengglassco.com\/es\/wp-json\/wp\/v2\/pages"}],"about":[{"href":"https:\/\/ruishengglassco.com\/es\/wp-json\/wp\/v2\/types\/page"}],"author":[{"embeddable":true,"href":"https:\/\/ruishengglassco.com\/es\/wp-json\/wp\/v2\/users\/10"}],"replies":[{"embeddable":true,"href":"https:\/\/ruishengglassco.com\/es\/wp-json\/wp\/v2\/comments?post=5481"}],"version-history":[{"count":9,"href":"https:\/\/ruishengglassco.com\/es\/wp-json\/wp\/v2\/pages\/5481\/revisions"}],"predecessor-version":[{"id":5495,"href":"https:\/\/ruishengglassco.com\/es\/wp-json\/wp\/v2\/pages\/5481\/revisions\/5495"}],"wp:attachment":[{"href":"https:\/\/ruishengglassco.com\/es\/wp-json\/wp\/v2\/media?parent=5481"}],"curies":[{"name":"wp","href":"https:\/\/api.w.org\/{rel}","templated":true}]}}