{"id":3970,"date":"2024-12-11T16:55:26","date_gmt":"2024-12-11T08:55:26","guid":{"rendered":"https:\/\/ruishengglassco.com\/?page_id=3970"},"modified":"2024-12-11T17:09:44","modified_gmt":"2024-12-11T09:09:44","slug":"politica-de-privacidad","status":"publish","type":"page","link":"https:\/\/ruishengglassco.com\/es\/politica-de-privacidad","title":{"rendered":"Pol\u00edtica de privacidad"},"content":{"rendered":"<div>\u00daltima actualizaci\u00f3n: [2024.12]<\/div>\n<div><\/div>\n<div>Gracias por visitar Ruisheng Glass Co. (en lo sucesivo, \"nosotros\", \"nuestro\"). Valoramos su privacidad y nos comprometemos a proteger su informaci\u00f3n personal. Esta pol\u00edtica de privacidad explica c\u00f3mo recopilamos, utilizamos, protegemos y compartimos su informaci\u00f3n personal, as\u00ed como sus derechos relacionados al utilizar nuestro sitio web (ruishengglassco.com).<\/div>\n<div><\/div>\n<div>1. Informaci\u00f3n que recopilamos<\/div>\n<div>Cuando visita nuestro sitio web, podemos recopilar los siguientes tipos de informaci\u00f3n:<\/div>\n<div><\/div>\n<div>Informaci\u00f3n personal:<\/div>\n<div>Nombre<\/div>\n<div>Direcci\u00f3n de correo electr\u00f3nico<\/div>\n<div>N\u00famero de contacto<\/div>\n<div>Direcci\u00f3n<\/div>\n<div>Otros datos que pueda facilitar al rellenar formularios o interactuar con nosotros<\/div>\n<div>Informaci\u00f3n no personal:<\/div>\n<div>Tipo de navegador<\/div>\n<div>Sistema operativo<\/div>\n<div>Direcci\u00f3n IP<\/div>\n<div>Fecha y hora de la visita<\/div>\n<div>P\u00e1ginas visitadas<\/div>\n<div>Informaci\u00f3n de geolocalizaci\u00f3n (si est\u00e1 activada)<\/div>\n<div>Estad\u00edsticas de uso del sitio web (por ejemplo, datos recogidos a trav\u00e9s de cookies)<\/div>\n<div>2. Uso de la informaci\u00f3n<\/div>\n<div>La informaci\u00f3n que recogemos se utiliza principalmente para los siguientes fines:<\/div>\n<div><\/div>\n<div>Proporcionar y mejorar los servicios: Proporcionarle una mejor experiencia de productos y servicios.<\/div>\n<div>Atenci\u00f3n al cliente: Responder a sus consultas y prestar servicio posventa.<\/div>\n<div>Marketing y promoci\u00f3n: Enviarle actualizaciones relacionadas con nuestros productos, servicios, promociones y noticias (si decide recibirlas).<\/div>\n<div>Requisitos legales y de cumplimiento: Cumplir las leyes, reglamentos y normas del sector aplicables.<\/div>\n<div>3. Compartir y divulgar informaci\u00f3n<\/div>\n<div>Nos comprometemos a no vender ni alquilar sus datos personales a terceros sin su consentimiento. Sin embargo, podemos compartir su informaci\u00f3n en las siguientes circunstancias:<\/div>\n<div><\/div>\n<div>Terceros proveedores de servicios: Es posible que trabajemos con socios externos para prestar servicios de asistencia t\u00e9cnica, procesamiento de pagos, log\u00edstica y entrega. Estos proveedores de servicios solo acceder\u00e1n a su informaci\u00f3n cuando sea necesario y deber\u00e1n cumplir las condiciones de protecci\u00f3n de la privacidad.<\/div>\n<div>Requisitos legales: Podemos divulgar su informaci\u00f3n si creemos que divulgar su informaci\u00f3n es necesario para cumplir con obligaciones legales, responder a solicitudes leg\u00edtimas del gobierno, hacer cumplir nuestros t\u00e9rminos y condiciones o proteger nuestros derechos, propiedad y seguridad.<\/div>\n<div>4. 4. Seguridad de los datos<\/div>\n<div>Tomamos medidas t\u00e9cnicas y administrativas razonables para proteger su informaci\u00f3n personal frente a p\u00e9rdidas, accesos no autorizados, divulgaci\u00f3n, alteraci\u00f3n o destrucci\u00f3n. Sin embargo, tenga en cuenta que ning\u00fan proceso de transmisi\u00f3n de informaci\u00f3n o almacenamiento en l\u00ednea puede ser completamente seguro. Por lo tanto, no podemos garantizar la seguridad absoluta de los datos durante su transmisi\u00f3n.<\/div>\n<div><\/div>\n<div>5. Cookies y tecnolog\u00edas de seguimiento<\/div>\n<div>Nuestro sitio web utiliza cookies y otras tecnolog\u00edas similares para mejorar su experiencia. Estas tecnolog\u00edas nos ayudan a recopilar y almacenar datos sobre su comportamiento de navegaci\u00f3n para ofrecerle contenidos y publicidad personalizados. Puede desactivar las cookies en la configuraci\u00f3n de su navegador, pero esto puede afectar a su experiencia con determinadas funciones.<\/div>\n<div><\/div>\n<div>6. Sitios web de terceros<\/div>\n<div>Nuestra pol\u00edtica de privacidad se aplica \u00fanicamente al sitio web ruishengglassco.com. Nuestro sitio web puede contener enlaces a sitios web de terceros, y no somos responsables de las pr\u00e1cticas de privacidad o el contenido de estos sitios web. Le recomendamos que consulte sus pol\u00edticas de privacidad cuando visite estos sitios web.<\/div>\n<div><\/div>\n<div>7. Privacidad de los ni\u00f1os<\/div>\n<div>Nuestro sitio web no est\u00e1 dirigido a ni\u00f1os menores de 13 a\u00f1os. No recopilamos conscientemente informaci\u00f3n personal de ni\u00f1os menores de 13 a\u00f1os. Si descubrimos que se ha recopilado dicha informaci\u00f3n, tomaremos medidas para eliminar los datos lo antes posible.<\/div>\n<div><\/div>\n<div>8. Sus derechos<\/div>\n<div>En virtud de las leyes de privacidad aplicables, usted puede tener derecho a:<\/div>\n<div><\/div>\n<div>Acceder a la informaci\u00f3n personal que tenemos sobre usted.<\/div>\n<div><\/div>\n<div>Solicitar la correcci\u00f3n o actualizaci\u00f3n de sus datos personales.<\/div>\n<div><\/div>\n<div>Solicitar la supresi\u00f3n de sus datos personales.<\/div>\n<div><\/div>\n<div>Negarse a que utilicemos determinados datos o retirar su consentimiento.<\/div>\n<div>Si desea ejercer los derechos mencionados, p\u00f3ngase en contacto con nosotros de la siguiente manera (v\u00e9ase la secci\u00f3n 9).<\/div>\n<div><\/div>\n<div>9. Contacto<\/div>\n<div>Si tiene alguna pregunta sobre esta Pol\u00edtica de privacidad o desea ejercer sus derechos de privacidad, p\u00f3ngase en contacto con nosotros de la siguiente manera:<\/div>\n<div><\/div>\n<div>Ruisheng Glass Co.<\/div>\n<div>Correo electr\u00f3nico: [<a href=\"mailto:sales@ruishengglassco.com\">sales@ruishengglassco.com<\/a>]<\/div>\n<div>Tel\u00e9fono: [+86 15865878888]<\/div>\n<div>Direcci\u00f3n: [Parque industrial del vidrio, condado de Yuncheng, Heze, provincia de Shandong, China].<\/div>\n<div><\/div>\n<div>10. Actualizaciones de la pol\u00edtica de privacidad<\/div>\n<div>Podemos actualizar esta Pol\u00edtica de Privacidad de vez en cuando. Cualquier cambio le ser\u00e1 notificado mediante la publicaci\u00f3n de la Pol\u00edtica de Privacidad actualizada en esta p\u00e1gina. Le recomendamos que revise esta p\u00e1gina peri\u00f3dicamente para estar informado de c\u00f3mo protegemos su informaci\u00f3n.<\/div>","protected":false},"excerpt":{"rendered":"<p>\u00daltima actualizaci\u00f3n el: [2024.12] Gracias por visitar Ruisheng Glass Co. (en lo sucesivo, \"nosotros\", \"nuestro\"). Valoramos su privacidad y nos comprometemos a proteger su informaci\u00f3n personal. Esta pol\u00edtica de privacidad explica c\u00f3mo recopilamos, utilizamos, protegemos y compartimos su informaci\u00f3n personal, as\u00ed como sus derechos relacionados cuando utiliza nuestro sitio web (ruishengglassco.com). 1....<\/p>","protected":false},"author":8,"featured_media":0,"parent":0,"menu_order":0,"comment_status":"closed","ping_status":"closed","template":"","meta":{"footnotes":""},"class_list":["post-3970","page","type-page","status-publish","hentry"],"yoast_head":"<!-- This site is optimized with the Yoast SEO plugin v22.0 - https:\/\/yoast.com\/wordpress\/plugins\/seo\/ -->\n<title>Privacy Policy -<\/title>\n<meta name=\"robots\" content=\"index, follow, max-snippet:-1, max-image-preview:large, max-video-preview:-1\" \/>\n<link rel=\"canonical\" href=\"https:\/\/ruishengglassco.com\/es\/politica-de-privacidad\" \/>\n<meta property=\"og:locale\" content=\"es_ES\" \/>\n<meta property=\"og:type\" content=\"article\" \/>\n<meta property=\"og:title\" content=\"Privacy Policy -\" \/>\n<meta property=\"og:description\" content=\"Last updated on: [2024.12] Thank you for visiting Ruisheng Glass Co. (hereinafter referred to as &#8220;we&#8221;, &#8220;our&#8221;). We value your privacy and are committed to protecting your personal information. This privacy policy explains how we collect, use, protect and share your personal information, as well as your related rights when using our website (ruishengglassco.com). 1....\" \/>\n<meta property=\"og:url\" content=\"https:\/\/ruishengglassco.com\/es\/politica-de-privacidad\" \/>\n<meta property=\"article:publisher\" content=\"https:\/\/www.facebook.com\/ruishengglassbottles\" \/>\n<meta property=\"article:modified_time\" content=\"2024-12-11T09:09:44+00:00\" \/>\n<meta name=\"twitter:card\" content=\"summary_large_image\" \/>\n<meta name=\"twitter:label1\" content=\"Tiempo de lectura\" \/>\n\t<meta name=\"twitter:data1\" content=\"3 minutos\" \/>\n<script type=\"application\/ld+json\" class=\"yoast-schema-graph\">{\"@context\":\"https:\/\/schema.org\",\"@graph\":[{\"@type\":\"WebPage\",\"@id\":\"https:\/\/ruishengglassco.com\/privacy-policy\",\"url\":\"https:\/\/ruishengglassco.com\/privacy-policy\",\"name\":\"Privacy Policy -\",\"isPartOf\":{\"@id\":\"https:\/\/ruishengglassco.com\/#website\"},\"datePublished\":\"2024-12-11T08:55:26+00:00\",\"dateModified\":\"2024-12-11T09:09:44+00:00\",\"breadcrumb\":{\"@id\":\"https:\/\/ruishengglassco.com\/privacy-policy#breadcrumb\"},\"inLanguage\":\"es\",\"potentialAction\":[{\"@type\":\"ReadAction\",\"target\":[\"https:\/\/ruishengglassco.com\/privacy-policy\"]}]},{\"@type\":\"BreadcrumbList\",\"@id\":\"https:\/\/ruishengglassco.com\/privacy-policy#breadcrumb\",\"itemListElement\":[{\"@type\":\"ListItem\",\"position\":1,\"name\":\"Home\",\"item\":\"https:\/\/ruishengglassco.com\/\"},{\"@type\":\"ListItem\",\"position\":2,\"name\":\"Privacy Policy\"}]},{\"@type\":\"WebSite\",\"@id\":\"https:\/\/ruishengglassco.com\/#website\",\"url\":\"https:\/\/ruishengglassco.com\/\",\"name\":\"Ruisheng Glass\",\"description\":\"\",\"publisher\":{\"@id\":\"https:\/\/ruishengglassco.com\/#organization\"},\"potentialAction\":[{\"@type\":\"SearchAction\",\"target\":{\"@type\":\"EntryPoint\",\"urlTemplate\":\"https:\/\/ruishengglassco.com\/?s={search_term_string}\"},\"query-input\":\"required name=search_term_string\"}],\"inLanguage\":\"es\"},{\"@type\":\"Organization\",\"@id\":\"https:\/\/ruishengglassco.com\/#organization\",\"name\":\"Shandong Yuncheng Ruisheng Glass Co., Ltd\",\"url\":\"https:\/\/ruishengglassco.com\/\",\"logo\":{\"@type\":\"ImageObject\",\"inLanguage\":\"es\",\"@id\":\"https:\/\/ruishengglassco.com\/#\/schema\/logo\/image\/\",\"url\":\"https:\/\/ruishengglassco.com\/wp-content\/uploads\/2023\/09\/ruisheng_logo_icon.webp\",\"contentUrl\":\"https:\/\/ruishengglassco.com\/wp-content\/uploads\/2023\/09\/ruisheng_logo_icon.webp\",\"width\":400,\"height\":233,\"caption\":\"Shandong Yuncheng Ruisheng Glass Co., Ltd\"},\"image\":{\"@id\":\"https:\/\/ruishengglassco.com\/#\/schema\/logo\/image\/\"},\"sameAs\":[\"https:\/\/www.facebook.com\/ruishengglassbottles\",\"https:\/\/www.instagram.com\/Ruishengglassbottlewholesales\/\",\"https:\/\/www.youtube.com\/channel\/UCMmbMNGwsL-XrtjfSFLCdVQ\"]}]}<\/script>\n<!-- \/ Yoast SEO plugin. -->","yoast_head_json":{"title":"Privacy Policy -","robots":{"index":"index","follow":"follow","max-snippet":"max-snippet:-1","max-image-preview":"max-image-preview:large","max-video-preview":"max-video-preview:-1"},"canonical":"https:\/\/ruishengglassco.com\/es\/politica-de-privacidad","og_locale":"es_ES","og_type":"article","og_title":"Privacy Policy -","og_description":"Last updated on: [2024.12] Thank you for visiting Ruisheng Glass Co. (hereinafter referred to as &#8220;we&#8221;, &#8220;our&#8221;). We value your privacy and are committed to protecting your personal information. This privacy policy explains how we collect, use, protect and share your personal information, as well as your related rights when using our website (ruishengglassco.com). 1....","og_url":"https:\/\/ruishengglassco.com\/es\/politica-de-privacidad","article_publisher":"https:\/\/www.facebook.com\/ruishengglassbottles","article_modified_time":"2024-12-11T09:09:44+00:00","twitter_card":"summary_large_image","twitter_misc":{"Tiempo de lectura":"3 minutos"},"schema":{"@context":"https:\/\/schema.org","@graph":[{"@type":"WebPage","@id":"https:\/\/ruishengglassco.com\/privacy-policy","url":"https:\/\/ruishengglassco.com\/privacy-policy","name":"Privacy Policy -","isPartOf":{"@id":"https:\/\/ruishengglassco.com\/#website"},"datePublished":"2024-12-11T08:55:26+00:00","dateModified":"2024-12-11T09:09:44+00:00","breadcrumb":{"@id":"https:\/\/ruishengglassco.com\/privacy-policy#breadcrumb"},"inLanguage":"es","potentialAction":[{"@type":"ReadAction","target":["https:\/\/ruishengglassco.com\/privacy-policy"]}]},{"@type":"BreadcrumbList","@id":"https:\/\/ruishengglassco.com\/privacy-policy#breadcrumb","itemListElement":[{"@type":"ListItem","position":1,"name":"Home","item":"https:\/\/ruishengglassco.com\/"},{"@type":"ListItem","position":2,"name":"Privacy Policy"}]},{"@type":"WebSite","@id":"https:\/\/ruishengglassco.com\/#website","url":"https:\/\/ruishengglassco.com\/","name":"Ruisheng Glass","description":"","publisher":{"@id":"https:\/\/ruishengglassco.com\/#organization"},"potentialAction":[{"@type":"SearchAction","target":{"@type":"EntryPoint","urlTemplate":"https:\/\/ruishengglassco.com\/?s={search_term_string}"},"query-input":"required name=search_term_string"}],"inLanguage":"es"},{"@type":"Organization","@id":"https:\/\/ruishengglassco.com\/#organization","name":"Shandong Yuncheng Ruisheng Glass Co., Ltd","url":"https:\/\/ruishengglassco.com\/","logo":{"@type":"ImageObject","inLanguage":"es","@id":"https:\/\/ruishengglassco.com\/#\/schema\/logo\/image\/","url":"https:\/\/ruishengglassco.com\/wp-content\/uploads\/2023\/09\/ruisheng_logo_icon.webp","contentUrl":"https:\/\/ruishengglassco.com\/wp-content\/uploads\/2023\/09\/ruisheng_logo_icon.webp","width":400,"height":233,"caption":"Shandong Yuncheng Ruisheng Glass Co., Ltd"},"image":{"@id":"https:\/\/ruishengglassco.com\/#\/schema\/logo\/image\/"},"sameAs":["https:\/\/www.facebook.com\/ruishengglassbottles","https:\/\/www.instagram.com\/Ruishengglassbottlewholesales\/","https:\/\/www.youtube.com\/channel\/UCMmbMNGwsL-XrtjfSFLCdVQ"]}]}},"_links":{"self":[{"href":"https:\/\/ruishengglassco.com\/es\/wp-json\/wp\/v2\/pages\/3970","targetHints":{"allow":["GET"]}}],"collection":[{"href":"https:\/\/ruishengglassco.com\/es\/wp-json\/wp\/v2\/pages"}],"about":[{"href":"https:\/\/ruishengglassco.com\/es\/wp-json\/wp\/v2\/types\/page"}],"author":[{"embeddable":true,"href":"https:\/\/ruishengglassco.com\/es\/wp-json\/wp\/v2\/users\/8"}],"replies":[{"embeddable":true,"href":"https:\/\/ruishengglassco.com\/es\/wp-json\/wp\/v2\/comments?post=3970"}],"version-history":[{"count":4,"href":"https:\/\/ruishengglassco.com\/es\/wp-json\/wp\/v2\/pages\/3970\/revisions"}],"predecessor-version":[{"id":3976,"href":"https:\/\/ruishengglassco.com\/es\/wp-json\/wp\/v2\/pages\/3970\/revisions\/3976"}],"wp:attachment":[{"href":"https:\/\/ruishengglassco.com\/es\/wp-json\/wp\/v2\/media?parent=3970"}],"curies":[{"name":"wp","href":"https:\/\/api.w.org\/{rel}","templated":true}]}}