{"id":4722,"date":"2025-04-15T16:27:52","date_gmt":"2025-04-15T08:27:52","guid":{"rendered":"https:\/\/ruishengglassco.com\/?post_type=product&#038;p=4722"},"modified":"2025-09-11T16:55:16","modified_gmt":"2025-09-11T08:55:16","slug":"rs166-750ml-schrage-quadratische-flasche","status":"publish","type":"product","link":"https:\/\/ruishengglassco.com\/de\/produkt\/rs166-750ml-schrage-quadratische-flasche","title":{"rendered":"RS166 750ml Schr\u00e4ge Vierkantflasche"},"content":{"rendered":"<section class=\"section\" id=\"section_310215778\">\n\t\t<div class=\"bg section-bg fill bg-fill  bg-loaded\" >\n\n\t\t\t\n\t\t\t\n\t\t\t\n\n\t\t<\/div>\n\n\t\t\n\n\t\t<div class=\"section-content relative\">\n\t\t\t\n<div class=\"row\"  id=\"row-654886865\">\n\n\t<div id=\"col-1192377403\" class=\"col small-12 large-12\"  >\n\t\t\t\t<div class=\"col-inner\"  >\n\t\t\t\n\t\t\t\n<h2 style=\"text-align: center;\"><strong>Parametertabelle unserer 750ml Schr\u00e4grechteckflasche<\/strong><\/h2>\n<div style=\"overflow: auto;\">\n<table border=\"\u201d1\u2033\" width=\"\u201d3000px\u201d\" align=\"\u201dcenter\u201d\">\n<thead>\n<tr>\n<td>Kapazit\u00e4t Gr\u00f6\u00dfe<\/td>\n<td>750ml<\/td>\n<\/tr>\n<\/thead>\n<tbody>\n<tr>\n<td>Temperaturbereich<\/td>\n<td>-10\u00b0C ~ 80\u00b0C<\/td>\n<\/tr>\n<tr>\n<td>Material<\/td>\n<td>Super Flint Glas<\/td>\n<\/tr>\n<tr>\n<td>Oberfl\u00e4chenbehandlung:<\/td>\n<td>Siebdruck, Abziehbilder, Pr\u00e4gung, Gravur, Galvanik, Glasur, Malerei, etc.<\/td>\n<\/tr>\n<tr>\n<td>Verwendung<\/td>\n<td>Brandy, Whiskey, Wein, Lik\u00f6r, Wodka, Tequila, Wasser, Getr\u00e4nke und Oliven\u00f6l, etc.<\/td>\n<\/tr>\n<tr>\n<td>Zertifizierung in Lebensmittelqualit\u00e4t<\/td>\n<td>FDA- und EU-Zertifikat<\/td>\n<\/tr>\n<tr>\n<td>MOQ<\/td>\n<td>6000 St\u00fcck<\/td>\n<\/tr>\n<tr>\n<td>OEM\/ODM verf\u00fcgbar<\/td>\n<td>Ja<\/td>\n<\/tr>\n<tr>\n<td>Kostenlose Probe<\/td>\n<td>Lagermuster sind kostenlos<\/p>\n<p>Bei kundenspezifischen Mustern ist eine Zahlung f\u00fcr den Korrekturabzug erforderlich.<\/td>\n<\/tr>\n<tr>\n<td>Preis<\/td>\n<td>Der Preis h\u00e4ngt vom Gewicht der Flasche, dem Material, der Menge, der Verpackung und der Tiefe der Verarbeitung usw. ab. Bitte kontaktieren Sie uns f\u00fcr weitere Informationen.<\/td>\n<\/tr>\n<tr>\n<td>Verpackung<\/td>\n<td>1. Standard-Exportkarton mit Papptrennwand<\/p>\n<p>2. Standard-Export-Palettenverpackung<\/p>\n<p>3. Standard-Export-Karton + Palette Verpackung<\/p>\n<p>4. Benutzerdefinierte Wellpappe Verpackung (Die Box wird wiederverwendet werden, um Lik\u00f6r in der Fabrik des Kunden zu verpacken)<\/td>\n<\/tr>\n<tr>\n<td>Versandmethoden<\/td>\n<td>Auf dem Seeweg, auf dem Luftweg, per Express (DHL, FedEx, UPS)<\/td>\n<\/tr>\n<tr>\n<td>Produktionszeit<\/td>\n<td>Die Vorlaufzeit betr\u00e4gt etwa 25 Tage f\u00fcr klare Flaschen und weitere 10 Tage f\u00fcr die Tiefenbearbeitung, beginnend mit dem Eingang des 50%-Pfandes.<\/td>\n<\/tr>\n<\/tbody>\n<\/table>\n<\/div>\n\t\t<\/div>\n\t\t\t\t\t<\/div>\n\n\t\n<\/div>\n<div class=\"row\"  id=\"row-248272165\">\n\n\t<div id=\"col-7778912\" class=\"col small-12 large-12\"  >\n\t\t\t\t<div class=\"col-inner\"  >\n\t\t\t\n\t\t\t\n<div style=\"overflow: auto;\">\n<table border=\"\u201d1\u2033\" width=\"\u201d3000px\u201d\" align=\"\u201dcenter\u201d\">\n<thead>\n<tr>\n<td>\u00a0\u00a0\u00a0Korken<\/td>\n<td>Wir bieten eine breite Palette von Standardverschl\u00fcssen an, um den unterschiedlichen Bed\u00fcrfnissen und Vorlieben unserer Kunden gerecht zu werden. Diese Verschl\u00fcsse sind nicht nur zuverl\u00e4ssig und langlebig, sondern bewahren auch effektiv die Frische und Qualit\u00e4t der Fl\u00fcssigkeit.<\/p>\n<p>1. Klassische Verschlusskappen: einschlie\u00dflich traditioneller Aluminiumkappen-Polymerstopfen und Holzkappen-Polymerstopfen, geeignet f\u00fcr Anwendungen mit hohen Dichtungsanforderungen.<\/p>\n<p>2. Hochwertige Optionen: bieten elegante Glasstopfen f\u00fcr Kunden, die eine hochwertige Verpackung w\u00fcnschen.<\/p>\n<p>3. Gewindekappen: einschlie\u00dflich Aluminiumkappen und Aluminium-Kunststoff-Kombikappen, geeignet f\u00fcr eine Vielzahl von Flaschentypen, und bieten eine Vielzahl von Gr\u00f6\u00dfenoptionen.<\/p>\n<p>4. Guala-M\u00fctzen, die den europ\u00e4ischen Normen entsprechen: Sie gew\u00e4hrleisten, dass sie den Qualit\u00e4tsanforderungen des internationalen Marktes entsprechen und Sch\u00f6nheit und Zweckm\u00e4\u00dfigkeit verbinden.<\/p>\n<p>Unsere Verschl\u00fcsse sind nicht nur funktional, sondern werten auch die Optik der Gesamtverpackung auf und eignen sich daher f\u00fcr verschiedene Branchen und Anwendungsszenarien.<\/td>\n<\/tr>\n<\/thead>\n<tbody>\n<tr>\n<td>Produkt-Zertifizierung<\/td>\n<td>Wir sind eine Unternehmensgruppe mit einer Produktionskapazit\u00e4t von 600.000 Glasflaschen pro Tag. Unsere 2 Tochterunternehmen sind alle nach ISO9001 zertifiziert und bei der FDA registriert. Unsere Hauptprodukte sind Super Flint und High Flint Glasflaschen. Unsere Produkte erf\u00fcllen die h\u00f6chsten Qualit\u00e4tsstandards, einschlie\u00dflich SGS-, T\u00dcV- und EU-Lebensmittelsicherheitszertifikate. Unser technisches Team, das aus \u00fcber 70 Fachleuten besteht, steht Ihnen jederzeit zur Verf\u00fcgung und sorgt daf\u00fcr, dass Ihre ODM- und OEM-Bestellung perfekt erf\u00fcllt wird.<\/td>\n<\/tr>\n<tr>\n<td>Lieferung und R\u00fcckgabebedingungen<\/td>\n<td>Wir arbeiten mit professionellen Spediteuren zusammen, um die Lieferung an den von Ihnen gew\u00fcnschten Seehafen zu arrangieren oder einen Haus-zu-Haus-Service anzubieten. Je nach Verf\u00fcgbarkeit der Reederei bieten wir Optionen mit Maersk, COSCO, MSC, CMA, ONE und anderen Reedereien an.<\/p>\n<p>Eine Bruchrate von bis zu 3% wird w\u00e4hrend des Versands als normal angesehen. Wenn der Bruch 3% \u00fcbersteigt, werden wir den \u00dcberschuss bei Ihrer n\u00e4chsten Bestellung ausgleichen.<\/td>\n<\/tr>\n<\/tbody>\n<\/table>\n<\/div>\n\t\t<\/div>\n\t\t\t\t\t<\/div>\n\n\t\n<\/div>\n<div class=\"row align-center\"  id=\"row-84789613\">\n\n\t<div id=\"col-270757165\" class=\"col medium-6 small-12 large-6\"  >\n\t\t\t\t<div class=\"col-inner\"  >\n\t\t\t\n\t\t\t\n\t<div class=\"img has-hover x md-x lg-x y md-y lg-y\" id=\"image_1035625379\">\n\t\t\t\t\t\t\t\t<div class=\"img-inner dark\" >\n\t\t\t<img decoding=\"async\" width=\"874\" height=\"681\" src=\"https:\/\/ruishengglassco.com\/wp-content\/uploads\/2025\/04\/750ml-oblique-square-bottle-mould.webp\" class=\"attachment-original size-original\" alt=\"750ml-oblique-quadratische-flaschenform\" srcset=\"https:\/\/ruishengglassco.com\/wp-content\/uploads\/2025\/04\/750ml-oblique-square-bottle-mould.webp 874w, https:\/\/ruishengglassco.com\/wp-content\/uploads\/2025\/04\/750ml-oblique-square-bottle-mould-300x234.webp 300w, https:\/\/ruishengglassco.com\/wp-content\/uploads\/2025\/04\/750ml-oblique-square-bottle-mould-768x598.webp 768w, https:\/\/ruishengglassco.com\/wp-content\/uploads\/2025\/04\/750ml-oblique-square-bottle-mould-15x12.webp 15w, https:\/\/ruishengglassco.com\/wp-content\/uploads\/2025\/04\/750ml-oblique-square-bottle-mould-800x623.webp 800w\" sizes=\"(max-width: 874px) 100vw, 874px\" \/>\t\t\t\t\t\t\n\t\t\t\t\t<\/div>\n\t\t\t\t\t\t\t\t\n<style>\n#image_1035625379 {\n  width: 100%;\n}\n<\/style>\n\t<\/div>\n\t\n\t\t<\/div>\n\t\t\t\t\t<\/div>\n\n\t\n<\/div>\n\t\t<\/div>\n\n\t\t\n<style>\n#section_310215778 {\n  padding-top: 30px;\n  padding-bottom: 30px;\n}\n<\/style>\n\t<\/section>\n\t\n\t<section class=\"section\" id=\"section_401024388\">\n\t\t<div class=\"bg section-bg fill bg-fill  bg-loaded\" >\n\n\t\t\t\n\t\t\t\n\t\t\t\n\n\t\t<\/div>\n\n\t\t\n\n\t\t<div class=\"section-content relative\">\n\t\t\t\n<div class=\"row\"  id=\"row-956547895\">\n\n\t<div id=\"col-867010267\" class=\"col small-12 large-12\"  >\n\t\t\t\t<div class=\"col-inner\"  >\n\t\t\t\n\t\t\t\n<h2 style=\"text-align: center;\">Ruisheng Glasflasche Hersteller<\/h2>\n<p><span data-preserver-spaces=\"true\">Ruisheng verf\u00fcgt \u00fcber mehr als 16 Jahre Erfahrung in der Glasflaschenproduktion, die bis ins Jahr 2009 zur\u00fcckreicht.<\/span><span data-preserver-spaces=\"true\"> Au\u00dferdem verf\u00fcgen wir \u00fcber eine fortschrittliche Produktionstechnologie und eine strenge Qualit\u00e4tskontrolle. Unsere Flaschen <\/span><span data-preserver-spaces=\"true\">gemacht werden<\/span><span data-preserver-spaces=\"true\"> aus hochwertigem, kristallklarem Wei\u00dfglas, das f\u00fcr seine au\u00dfergew\u00f6hnliche Transparenz bekannt ist. Wir verwenden umweltfreundliche und recycelbare Materialien, um Nachhaltigkeit zu gew\u00e4hrleisten und Umweltstandards zu erf\u00fcllen.<\/span><\/p>\n<p><span data-preserver-spaces=\"true\">Die Oberfl\u00e4che der Flasche <\/span><span data-preserver-spaces=\"true\">behandelt wird<\/span><span data-preserver-spaces=\"true\"> mit einer glatten Oberfl\u00e4che f\u00fcr ein raffiniertes Aussehen und einen angenehmen Griff. Unsere Schnapsflaschen aus Glas sind resistent gegen Absplitterungen und Kratzer. <\/span><span data-preserver-spaces=\"true\">Diese<\/span><span data-preserver-spaces=\"true\"> macht sie langlebig f\u00fcr <\/span><span data-preserver-spaces=\"true\">lang<\/span><span data-preserver-spaces=\"true\"> Verwendung, auch wenn sie transportiert oder gehandhabt werden.<\/span><\/p>\n<p><strong><span data-preserver-spaces=\"true\">Fertigung und Dienstleistung<\/span><\/strong><\/p>\n<p><span data-preserver-spaces=\"true\">OEM- und ODM-Auftr\u00e4ge werden akzeptiert - wir arbeiten eng mit unseren Kunden zusammen, um ihre Visionen vom Konzept bis zur Produktion zu verwirklichen. Wir sind ein Hersteller und k\u00f6nnen die Vorlaufzeit kontrollieren, um die Anforderungen der Kunden zu erf\u00fcllen.<\/span><\/p>\n<p><span data-preserver-spaces=\"true\">\u00a0<\/span><\/p>\n<p style=\"text-align: center;\"><a class=\"button gradient\" data-fancybox=\"\" data-src=\"#hidden-CF7\">Angebot einholen<\/a><\/p>\n<h2 style=\"text-align: center;\">Anpassbare Designoptionen<\/h2>\n<p>Wir bieten eine Reihe von Formen, Gr\u00f6\u00dfen und Farben an, um Ihren speziellen Anforderungen gerecht zu werden. Wir k\u00f6nnen auch eine neue Form erstellen, um Flaschen genau nach Ihren W\u00fcnschen herzustellen.<\/p>\n<p>Wir sind ein professioneller Hersteller von Glasflaschen. Wir bieten auch kundenspezifische Dienstleistungen wie Logodruck, Aufkleber, Pr\u00e4gung, Gravur, Glasur und Malerei.<\/p>\n<p>Wir bieten auch passende Verschl\u00fcsse an, wie z.B. Aluminiumkorken mit Hochpolymerf\u00fc\u00dfen und Holzkorken mit Hochpolymerf\u00fc\u00dfen, und auch kundenspezifische Farben sind erh\u00e4ltlich.<\/p>\n<p>Vielen Dank, dass Sie sich f\u00fcr unsere Weinflaschen aus Glas entschieden haben. Wir freuen uns darauf, Sie mit den besten Produkten und Dienstleistungen zu versorgen.<\/p>\n<p>Wenn Sie Fragen oder spezielle W\u00fcnsche haben, wenden Sie sich bitte an uns - unser Team steht Ihnen gerne zur Verf\u00fcgung!<\/p>\n\t\t<\/div>\n\t\t\t\t\t<\/div>\n\n\t\n<\/div>\n\t\t<\/div>\n\n\t\t\n<style>\n#section_401024388 {\n  padding-top: 30px;\n  padding-bottom: 30px;\n}\n<\/style>\n\t<\/section>","protected":false},"excerpt":{"rendered":"<p><strong>Produktname<\/strong>: 750ml Schr\u00e4ge Quadratische Flasche<\/p>\n<p><strong>Material<\/strong>: Kristallwei\u00dfes Glas (Super Flint Glass)<\/p>\n<p><strong>Gewicht<\/strong>: 850g<\/p>\n<p><strong>MOQ<\/strong>: 10.000 Einheiten<\/p>\n<p><strong>Abmessungen<\/strong>: Durchmesser 106 mm \u00d7 H\u00f6he 211,3 mm<\/p>\n<p><strong>Anwendungen<\/strong>: Er eignet sich am besten f\u00fcr die Verpackung von hochwertigen Spirituosen wie Wodka, Whiskey, Gin, Tequila und anderen Lik\u00f6ren und Getr\u00e4nken.<\/p>","protected":false},"featured_media":4723,"comment_status":"closed","ping_status":"closed","template":"","meta":[],"product_cat":[40,50],"class_list":{"0":"post-4722","1":"product","2":"type-product","3":"status-publish","4":"has-post-thumbnail","6":"product_cat-750ml-liquor-bottle-manufacturer","7":"product_cat-gin-bottle","9":"first","10":"instock","11":"shipping-taxable","12":"product-type-simple"},"yoast_head":"<!-- This site is optimized with the Yoast SEO plugin v22.0 - https:\/\/yoast.com\/wordpress\/plugins\/seo\/ -->\n<title>750ml Oblique Square Bottle<\/title>\n<meta name=\"description\" content=\"This transparent glass liquor bottle showcases a modern, rectangular design. Its sleek silhouette and high - quality glass material make it an ideal choice for storing spirits.\" \/>\n<meta name=\"robots\" content=\"index, follow, max-snippet:-1, max-image-preview:large, max-video-preview:-1\" \/>\n<link rel=\"canonical\" href=\"https:\/\/ruishengglassco.com\/de\/rs166-750ml-schrage-quadratische-flasche\/\" \/>\n<meta property=\"og:locale\" content=\"de_DE\" \/>\n<meta property=\"og:type\" content=\"article\" \/>\n<meta property=\"og:title\" content=\"750ml Oblique Square Bottle\" \/>\n<meta property=\"og:description\" content=\"This transparent glass liquor bottle showcases a modern, rectangular design. Its sleek silhouette and high - quality glass material make it an ideal choice for storing spirits.\" \/>\n<meta property=\"og:url\" content=\"https:\/\/ruishengglassco.com\/de\/rs166-750ml-schrage-quadratische-flasche\/\" \/>\n<meta property=\"article:publisher\" content=\"https:\/\/www.facebook.com\/ruishengglassbottles\" \/>\n<meta property=\"article:modified_time\" content=\"2025-09-11T08:55:16+00:00\" \/>\n<meta property=\"og:image\" content=\"https:\/\/ruishengglassco.com\/wp-content\/uploads\/2025\/04\/750ml-Oblique-Square-Bottle.webp\" \/>\n\t<meta property=\"og:image:width\" content=\"800\" \/>\n\t<meta property=\"og:image:height\" content=\"800\" \/>\n\t<meta property=\"og:image:type\" content=\"image\/webp\" \/>\n<meta name=\"twitter:card\" content=\"summary_large_image\" \/>\n<meta name=\"twitter:label1\" content=\"Gesch\u00e4tzte Lesezeit\" \/>\n\t<meta name=\"twitter:data1\" content=\"4\u00a0Minuten\" \/>\n<script type=\"application\/ld+json\" class=\"yoast-schema-graph\">{\"@context\":\"https:\/\/schema.org\",\"@graph\":[{\"@type\":\"WebPage\",\"@id\":\"https:\/\/ruishengglassco.com\/rs166-750ml-oblique-square-bottle\",\"url\":\"https:\/\/ruishengglassco.com\/rs166-750ml-oblique-square-bottle\",\"name\":\"750ml Oblique Square Bottle\",\"isPartOf\":{\"@id\":\"https:\/\/ruishengglassco.com\/#website\"},\"datePublished\":\"2025-04-15T08:27:52+00:00\",\"dateModified\":\"2025-09-11T08:55:16+00:00\",\"description\":\"This transparent glass liquor bottle showcases a modern, rectangular design. Its sleek silhouette and high - quality glass material make it an ideal choice for storing spirits.\",\"breadcrumb\":{\"@id\":\"https:\/\/ruishengglassco.com\/rs166-750ml-oblique-square-bottle#breadcrumb\"},\"inLanguage\":\"de\",\"potentialAction\":[{\"@type\":\"ReadAction\",\"target\":[\"https:\/\/ruishengglassco.com\/rs166-750ml-oblique-square-bottle\"]}]},{\"@type\":\"BreadcrumbList\",\"@id\":\"https:\/\/ruishengglassco.com\/rs166-750ml-oblique-square-bottle#breadcrumb\",\"itemListElement\":[{\"@type\":\"ListItem\",\"position\":1,\"name\":\"Home\",\"item\":\"https:\/\/ruishengglassco.com\/\"},{\"@type\":\"ListItem\",\"position\":2,\"name\":\"Products\",\"item\":\"https:\/\/ruishengglassco.com\/products\"},{\"@type\":\"ListItem\",\"position\":3,\"name\":\"RS166 750ml Oblique Square Bottle\"}]},{\"@type\":\"WebSite\",\"@id\":\"https:\/\/ruishengglassco.com\/#website\",\"url\":\"https:\/\/ruishengglassco.com\/\",\"name\":\"Ruisheng Glass\",\"description\":\"\",\"publisher\":{\"@id\":\"https:\/\/ruishengglassco.com\/#organization\"},\"potentialAction\":[{\"@type\":\"SearchAction\",\"target\":{\"@type\":\"EntryPoint\",\"urlTemplate\":\"https:\/\/ruishengglassco.com\/?s={search_term_string}\"},\"query-input\":\"required name=search_term_string\"}],\"inLanguage\":\"de\"},{\"@type\":\"Organization\",\"@id\":\"https:\/\/ruishengglassco.com\/#organization\",\"name\":\"Shandong Yuncheng Ruisheng Glass Co., Ltd\",\"url\":\"https:\/\/ruishengglassco.com\/\",\"logo\":{\"@type\":\"ImageObject\",\"inLanguage\":\"de\",\"@id\":\"https:\/\/ruishengglassco.com\/#\/schema\/logo\/image\/\",\"url\":\"https:\/\/ruishengglassco.com\/wp-content\/uploads\/2023\/09\/ruisheng_logo_icon.webp\",\"contentUrl\":\"https:\/\/ruishengglassco.com\/wp-content\/uploads\/2023\/09\/ruisheng_logo_icon.webp\",\"width\":400,\"height\":233,\"caption\":\"Shandong Yuncheng Ruisheng Glass Co., Ltd\"},\"image\":{\"@id\":\"https:\/\/ruishengglassco.com\/#\/schema\/logo\/image\/\"},\"sameAs\":[\"https:\/\/www.facebook.com\/ruishengglassbottles\",\"https:\/\/www.instagram.com\/Ruishengglassbottlewholesales\/\",\"https:\/\/www.youtube.com\/channel\/UCMmbMNGwsL-XrtjfSFLCdVQ\"]}]}<\/script>\n<!-- \/ Yoast SEO plugin. -->","yoast_head_json":{"title":"750ml Oblique Square Bottle","description":"This transparent glass liquor bottle showcases a modern, rectangular design. Its sleek silhouette and high - quality glass material make it an ideal choice for storing spirits.","robots":{"index":"index","follow":"follow","max-snippet":"max-snippet:-1","max-image-preview":"max-image-preview:large","max-video-preview":"max-video-preview:-1"},"canonical":"https:\/\/ruishengglassco.com\/de\/rs166-750ml-schrage-quadratische-flasche\/","og_locale":"de_DE","og_type":"article","og_title":"750ml Oblique Square Bottle","og_description":"This transparent glass liquor bottle showcases a modern, rectangular design. Its sleek silhouette and high - quality glass material make it an ideal choice for storing spirits.","og_url":"https:\/\/ruishengglassco.com\/de\/rs166-750ml-schrage-quadratische-flasche\/","article_publisher":"https:\/\/www.facebook.com\/ruishengglassbottles","article_modified_time":"2025-09-11T08:55:16+00:00","og_image":[{"width":800,"height":800,"url":"https:\/\/ruishengglassco.com\/wp-content\/uploads\/2025\/04\/750ml-Oblique-Square-Bottle.webp","type":"image\/webp"}],"twitter_card":"summary_large_image","twitter_misc":{"Gesch\u00e4tzte Lesezeit":"4\u00a0Minuten"},"schema":{"@context":"https:\/\/schema.org","@graph":[{"@type":"WebPage","@id":"https:\/\/ruishengglassco.com\/rs166-750ml-oblique-square-bottle","url":"https:\/\/ruishengglassco.com\/rs166-750ml-oblique-square-bottle","name":"750ml Oblique Square Bottle","isPartOf":{"@id":"https:\/\/ruishengglassco.com\/#website"},"datePublished":"2025-04-15T08:27:52+00:00","dateModified":"2025-09-11T08:55:16+00:00","description":"This transparent glass liquor bottle showcases a modern, rectangular design. Its sleek silhouette and high - quality glass material make it an ideal choice for storing spirits.","breadcrumb":{"@id":"https:\/\/ruishengglassco.com\/rs166-750ml-oblique-square-bottle#breadcrumb"},"inLanguage":"de","potentialAction":[{"@type":"ReadAction","target":["https:\/\/ruishengglassco.com\/rs166-750ml-oblique-square-bottle"]}]},{"@type":"BreadcrumbList","@id":"https:\/\/ruishengglassco.com\/rs166-750ml-oblique-square-bottle#breadcrumb","itemListElement":[{"@type":"ListItem","position":1,"name":"Home","item":"https:\/\/ruishengglassco.com\/"},{"@type":"ListItem","position":2,"name":"Products","item":"https:\/\/ruishengglassco.com\/products"},{"@type":"ListItem","position":3,"name":"RS166 750ml Oblique Square Bottle"}]},{"@type":"WebSite","@id":"https:\/\/ruishengglassco.com\/#website","url":"https:\/\/ruishengglassco.com\/","name":"Ruisheng Glass","description":"","publisher":{"@id":"https:\/\/ruishengglassco.com\/#organization"},"potentialAction":[{"@type":"SearchAction","target":{"@type":"EntryPoint","urlTemplate":"https:\/\/ruishengglassco.com\/?s={search_term_string}"},"query-input":"required name=search_term_string"}],"inLanguage":"de"},{"@type":"Organization","@id":"https:\/\/ruishengglassco.com\/#organization","name":"Shandong Yuncheng Ruisheng Glass Co., Ltd","url":"https:\/\/ruishengglassco.com\/","logo":{"@type":"ImageObject","inLanguage":"de","@id":"https:\/\/ruishengglassco.com\/#\/schema\/logo\/image\/","url":"https:\/\/ruishengglassco.com\/wp-content\/uploads\/2023\/09\/ruisheng_logo_icon.webp","contentUrl":"https:\/\/ruishengglassco.com\/wp-content\/uploads\/2023\/09\/ruisheng_logo_icon.webp","width":400,"height":233,"caption":"Shandong Yuncheng Ruisheng Glass Co., Ltd"},"image":{"@id":"https:\/\/ruishengglassco.com\/#\/schema\/logo\/image\/"},"sameAs":["https:\/\/www.facebook.com\/ruishengglassbottles","https:\/\/www.instagram.com\/Ruishengglassbottlewholesales\/","https:\/\/www.youtube.com\/channel\/UCMmbMNGwsL-XrtjfSFLCdVQ"]}]}},"_links":{"self":[{"href":"https:\/\/ruishengglassco.com\/de\/wp-json\/wp\/v2\/product\/4722","targetHints":{"allow":["GET"]}}],"collection":[{"href":"https:\/\/ruishengglassco.com\/de\/wp-json\/wp\/v2\/product"}],"about":[{"href":"https:\/\/ruishengglassco.com\/de\/wp-json\/wp\/v2\/types\/product"}],"replies":[{"embeddable":true,"href":"https:\/\/ruishengglassco.com\/de\/wp-json\/wp\/v2\/comments?post=4722"}],"wp:featuredmedia":[{"embeddable":true,"href":"https:\/\/ruishengglassco.com\/de\/wp-json\/wp\/v2\/media\/4723"}],"wp:attachment":[{"href":"https:\/\/ruishengglassco.com\/de\/wp-json\/wp\/v2\/media?parent=4722"}],"wp:term":[{"taxonomy":"product_cat","embeddable":true,"href":"https:\/\/ruishengglassco.com\/de\/wp-json\/wp\/v2\/product_cat?post=4722"}],"curies":[{"name":"wp","href":"https:\/\/api.w.org\/{rel}","templated":true}]}}