{"id":4711,"date":"2025-04-15T15:16:37","date_gmt":"2025-04-15T07:16:37","guid":{"rendered":"https:\/\/ruishengglassco.com\/?post_type=product&#038;p=4711"},"modified":"2025-09-11T16:54:36","modified_gmt":"2025-09-11T08:54:36","slug":"rs164-750ml-zylindrische-glasflasche-fur-spirituosen","status":"publish","type":"product","link":"https:\/\/ruishengglassco.com\/de\/produkt\/rs164-750ml-zylindrische-glasflasche-fur-spirituosen","title":{"rendered":"RS164 750ml Zylindrische Glasflasche f\u00fcr Spirituosen"},"content":{"rendered":"<section class=\"section\" id=\"section_402376045\">\n\t\t<div class=\"bg section-bg fill bg-fill  bg-loaded\" >\n\n\t\t\t\n\t\t\t\n\t\t\t\n\n\t\t<\/div>\n\n\t\t\n\n\t\t<div class=\"section-content relative\">\n\t\t\t\n<div class=\"row\"  id=\"row-1346924015\">\n\n\t<div id=\"col-1435866353\" class=\"col small-12 large-12\"  >\n\t\t\t\t<div class=\"col-inner\"  >\n\t\t\t\n\t\t\t\n<h2 style=\"text-align: center;\"><strong>Parametertabelle unserer zylindrischen 750ml Glasflasche f\u00fcr Spirituosen<\/strong><\/h2>\n<div style=\"overflow: auto;\">\n<table border=\"\u201d1\u2033\" width=\"\u201d3000px\u201d\" align=\"\u201dcenter\u201d\">\n<thead>\n<tr>\n<td>Kapazit\u00e4t Gr\u00f6\u00dfe<\/td>\n<td>750ml<\/td>\n<\/tr>\n<\/thead>\n<tbody>\n<tr>\n<td>Temperaturbereich<\/td>\n<td>-10\u00b0C ~ 80\u00b0C<\/td>\n<\/tr>\n<tr>\n<td>Material<\/td>\n<td>Super Flint Glas<\/td>\n<\/tr>\n<tr>\n<td>Oberfl\u00e4chenbehandlung:<\/td>\n<td>Siebdruck, Abziehbilder, Pr\u00e4gung, Gravur, Galvanik, Glasur, Malerei, etc.<\/td>\n<\/tr>\n<tr>\n<td>Verwendung<\/td>\n<td>Brandy, Whiskey, Wein, Lik\u00f6r, Wodka, Tequila, Wasser, Getr\u00e4nke und Oliven\u00f6l, etc.<\/td>\n<\/tr>\n<tr>\n<td>Zertifizierung in Lebensmittelqualit\u00e4t<\/td>\n<td>FDA- und EU-Zertifikat<\/td>\n<\/tr>\n<tr>\n<td>MOQ<\/td>\n<td>6000 St\u00fcck<\/td>\n<\/tr>\n<tr>\n<td>OEM\/ODM verf\u00fcgbar<\/td>\n<td>Ja<\/td>\n<\/tr>\n<tr>\n<td>Kostenlose Probe<\/td>\n<td>Lagermuster sind kostenlos<\/p>\n<p>Bei kundenspezifischen Mustern ist eine Zahlung f\u00fcr den Korrekturabzug erforderlich.<\/td>\n<\/tr>\n<tr>\n<td>Preis<\/td>\n<td>Der Preis h\u00e4ngt vom Gewicht der Flasche, dem Material, der Menge, der Verpackung und der Tiefe der Verarbeitung usw. ab. Bitte kontaktieren Sie uns f\u00fcr weitere Informationen.<\/td>\n<\/tr>\n<tr>\n<td>Verpackung<\/td>\n<td>1. Standard-Exportkarton mit Papptrennwand<\/p>\n<p>2. Standard-Export-Palettenverpackung<\/p>\n<p>3. Standard-Export-Karton + Palette Verpackung<\/p>\n<p>4. Benutzerdefinierte Wellpappe Verpackung (Die Box wird wiederverwendet werden, um Lik\u00f6r in der Fabrik des Kunden zu verpacken)<\/td>\n<\/tr>\n<tr>\n<td>Versandmethoden<\/td>\n<td>Auf dem Seeweg, auf dem Luftweg, per Express (DHL, FedEx, UPS)<\/td>\n<\/tr>\n<tr>\n<td>Produktionszeit<\/td>\n<td>Die Vorlaufzeit betr\u00e4gt etwa 25 Tage f\u00fcr klare Flaschen und weitere 10 Tage f\u00fcr die Tiefenbearbeitung, beginnend mit dem Eingang des 50%-Pfandes.<\/td>\n<\/tr>\n<\/tbody>\n<\/table>\n<\/div>\n\t\t<\/div>\n\t\t\t\t\t<\/div>\n\n\t\n<\/div>\n<div class=\"row\"  id=\"row-2146398451\">\n\n\t<div id=\"col-810068242\" class=\"col small-12 large-12\"  >\n\t\t\t\t<div class=\"col-inner\"  >\n\t\t\t\n\t\t\t\n<div style=\"overflow: auto;\">\n<table border=\"\u201d1\u2033\" width=\"\u201d3000px\u201d\" align=\"\u201dcenter\u201d\">\n<thead>\n<tr>\n<td>\u00a0\u00a0\u00a0Korken<\/td>\n<td>Wir bieten eine breite Palette von Standardverschl\u00fcssen an, um den unterschiedlichen Bed\u00fcrfnissen und Vorlieben unserer Kunden gerecht zu werden. Diese Verschl\u00fcsse sind nicht nur zuverl\u00e4ssig und langlebig, sondern bewahren auch effektiv die Frische und Qualit\u00e4t der Fl\u00fcssigkeit.<\/p>\n<p>1. Klassische Verschlusskappen: einschlie\u00dflich traditioneller Aluminiumkappen-Polymerstopfen und Holzkappen-Polymerstopfen, geeignet f\u00fcr Anwendungen mit hohen Dichtungsanforderungen.<\/p>\n<p>2. Hochwertige Optionen: bieten elegante Glasstopfen f\u00fcr Kunden, die eine hochwertige Verpackung w\u00fcnschen.<\/p>\n<p>3. Gewindekappen: einschlie\u00dflich Aluminiumkappen und Aluminium-Kunststoff-Kombikappen, geeignet f\u00fcr eine Vielzahl von Flaschentypen, und bieten eine Vielzahl von Gr\u00f6\u00dfenoptionen.<\/p>\n<p>4. Guala-M\u00fctzen, die den europ\u00e4ischen Normen entsprechen: Sie gew\u00e4hrleisten, dass sie den Qualit\u00e4tsanforderungen des internationalen Marktes entsprechen und Sch\u00f6nheit und Zweckm\u00e4\u00dfigkeit verbinden.<\/p>\n<p>Unsere Verschl\u00fcsse sind nicht nur funktional, sondern werten auch die Optik der Gesamtverpackung auf und eignen sich daher f\u00fcr verschiedene Branchen und Anwendungsszenarien.<\/td>\n<\/tr>\n<\/thead>\n<tbody>\n<tr>\n<td>Produkt-Zertifizierung<\/td>\n<td>Wir sind eine Unternehmensgruppe mit einer Produktionskapazit\u00e4t von 600.000 Glasflaschen pro Tag. Unsere 2 Tochterunternehmen sind alle nach ISO9001 zertifiziert und bei der FDA registriert. Unsere Hauptprodukte sind Super Flint und High Flint Glasflaschen. Unsere Produkte erf\u00fcllen die h\u00f6chsten Qualit\u00e4tsstandards, einschlie\u00dflich SGS-, T\u00dcV- und EU-Lebensmittelsicherheitszertifikate. Unser technisches Team, das aus \u00fcber 70 Fachleuten besteht, steht Ihnen jederzeit zur Verf\u00fcgung und sorgt daf\u00fcr, dass Ihre ODM- und OEM-Bestellung perfekt erf\u00fcllt wird.<\/td>\n<\/tr>\n<tr>\n<td>Lieferung und R\u00fcckgabebedingungen<\/td>\n<td>Wir arbeiten mit professionellen Spediteuren zusammen, um die Lieferung an den von Ihnen gew\u00fcnschten Seehafen zu arrangieren oder einen Haus-zu-Haus-Service anzubieten. Je nach Verf\u00fcgbarkeit der Reederei bieten wir Optionen mit Maersk, COSCO, MSC, CMA, ONE und anderen Reedereien an.<\/p>\n<p>Eine Bruchrate von bis zu 3% wird w\u00e4hrend des Versands als normal angesehen. Wenn der Bruch 3% \u00fcbersteigt, werden wir den \u00dcberschuss bei Ihrer n\u00e4chsten Bestellung ausgleichen.<\/td>\n<\/tr>\n<\/tbody>\n<\/table>\n<\/div>\n\t\t<\/div>\n\t\t\t\t\t<\/div>\n\n\t\n<\/div>\n<div class=\"row align-center\"  id=\"row-867399478\">\n\n\t<div id=\"col-1978576241\" class=\"col medium-6 small-12 large-6\"  >\n\t\t\t\t<div class=\"col-inner\"  >\n\t\t\t\n\t\t\t\n\t<div class=\"img has-hover x md-x lg-x y md-y lg-y\" id=\"image_486446621\">\n\t\t\t\t\t\t\t\t<div class=\"img-inner dark\" >\n\t\t\t<img decoding=\"async\" width=\"711\" height=\"1280\" src=\"https:\/\/ruishengglassco.com\/wp-content\/uploads\/2025\/04\/750ml-Cylindrical-Glass-Liquor-Bottle-mould.webp\" class=\"attachment-original size-original\" alt=\"750ml-Zylinder-Glas-Schnapsflaschen-Formen\" srcset=\"https:\/\/ruishengglassco.com\/wp-content\/uploads\/2025\/04\/750ml-Cylindrical-Glass-Liquor-Bottle-mould.webp 711w, https:\/\/ruishengglassco.com\/wp-content\/uploads\/2025\/04\/750ml-Cylindrical-Glass-Liquor-Bottle-mould-167x300.webp 167w, https:\/\/ruishengglassco.com\/wp-content\/uploads\/2025\/04\/750ml-Cylindrical-Glass-Liquor-Bottle-mould-572x1030.webp 572w, https:\/\/ruishengglassco.com\/wp-content\/uploads\/2025\/04\/750ml-Cylindrical-Glass-Liquor-Bottle-mould-7x12.webp 7w\" sizes=\"(max-width: 711px) 100vw, 711px\" \/>\t\t\t\t\t\t\n\t\t\t\t\t<\/div>\n\t\t\t\t\t\t\t\t\n<style>\n#image_486446621 {\n  width: 100%;\n}\n<\/style>\n\t<\/div>\n\t\n\t\t<\/div>\n\t\t\t\t\t<\/div>\n\n\t\n<\/div>\n\t\t<\/div>\n\n\t\t\n<style>\n#section_402376045 {\n  padding-top: 30px;\n  padding-bottom: 30px;\n}\n<\/style>\n\t<\/section>\n\t\n\t<section class=\"section\" id=\"section_261952631\">\n\t\t<div class=\"bg section-bg fill bg-fill  bg-loaded\" >\n\n\t\t\t\n\t\t\t\n\t\t\t\n\n\t\t<\/div>\n\n\t\t\n\n\t\t<div class=\"section-content relative\">\n\t\t\t\n<div class=\"row\"  id=\"row-19798855\">\n\n\t<div id=\"col-1914893501\" class=\"col small-12 large-12\"  >\n\t\t\t\t<div class=\"col-inner\"  >\n\t\t\t\n\t\t\t\n<h2 style=\"text-align: center;\">Ruisheng Glasflasche Hersteller<\/h2>\n<p>Ruisheng verf\u00fcgt \u00fcber 16 Jahre Erfahrung in der Herstellung von Glasflaschen, die bis ins Jahr 2009 zur\u00fcckreicht. Au\u00dferdem verf\u00fcgen wir \u00fcber eine fortschrittliche Produktionstechnologie und strenge Qualit\u00e4tskontrollen. Unsere Flaschen werden aus hochwertigem, kristallklarem Wei\u00dfglas hergestellt, das f\u00fcr seine au\u00dfergew\u00f6hnliche Transparenz bekannt ist. Wir verwenden umweltfreundliche und recycelbare Materialien, um Nachhaltigkeit zu gew\u00e4hrleisten und Umweltstandards zu erf\u00fcllen.<\/p>\n<p>Die Oberfl\u00e4che der Flaschen ist mit einer glatten Oberfl\u00e4che versehen, die f\u00fcr ein edles Aussehen und einen angenehmen Griff sorgt. Unsere Schnapsflaschen aus Glas sind resistent gegen Absplitterungen und Kratzer. Das bedeutet, dass sie l\u00e4nger halten, auch wenn sie transportiert oder gehandhabt werden.<\/p>\n<p>Wir nehmen OEM- und ODM-Auftr\u00e4ge f\u00fcr Fertigung und Dienstleistungen an. Wir arbeiten eng mit unseren Kunden zusammen, um ihre Ideen in die Realit\u00e4t umzusetzen, vom Konzept bis zur Produktion. Wir sind ein Hersteller und k\u00f6nnen die Vorlaufzeit kontrollieren, um die Anforderungen unserer Kunden zu erf\u00fcllen.<\/p>\n<p style=\"text-align: center;\"><a class=\"button gradient\" data-fancybox=\"\" data-src=\"#hidden-CF7\">Angebot einholen<\/a><\/p>\n<h2 style=\"text-align: center;\">Anpassbare Designoptionen<\/h2>\n<p data-block-id=\"f23e08db-4cbd-42a4-8080-132459592ef0\" data-pm-slice=\"1 1 &#091;&#093;\">Wir bieten verschiedene Formen, Gr\u00f6\u00dfen und Farben an, um Ihren Bed\u00fcrfnissen gerecht zu werden. Wir k\u00f6nnen auch eine neue Form erstellen, um Flaschen genau nach Ihren W\u00fcnschen herzustellen.<\/p>\n<p data-block-id=\"a9ef7ff5-765c-4c42-9bb3-fbae4199eb5b\">Wir sind ein Glasflaschenhersteller, der personalisierte Dienstleistungen anbietet. Wir k\u00f6nnen Logos drucken, Aufkleber hinzuf\u00fcgen, pr\u00e4gen, gravieren, mattieren und lackieren.<\/p>\n<p data-block-id=\"95a9d51e-638d-457e-b59f-6624fa511cd5\">Wir bieten auch passende Verschl\u00fcsse an, wie z.B. Aluminiumkorken mit Hochpolymerf\u00fc\u00dfen und Holzkorken mit Hochpolymerf\u00fc\u00dfen, und auch kundenspezifische Farben sind erh\u00e4ltlich.<\/p>\n<p data-block-id=\"7e7fdbca-6780-4772-920b-7490aa5ce246\">Vielen Dank, dass Sie sich f\u00fcr unsere Weinflaschen aus Glas entschieden haben. Wir freuen uns darauf, Sie mit den besten Produkten und Dienstleistungen zu versorgen.<\/p>\n<p data-block-id=\"e477c7e9-4f71-4574-8665-b3c937c994a8\">Wenn Sie Fragen oder spezielle W\u00fcnsche haben, wenden Sie sich bitte an uns - unser Team steht Ihnen gerne zur Verf\u00fcgung!<\/p>\n\t\t<\/div>\n\t\t\t\t\t<\/div>\n\n\t\n<\/div>\n\t\t<\/div>\n\n\t\t\n<style>\n#section_261952631 {\n  padding-top: 30px;\n  padding-bottom: 30px;\n}\n<\/style>\n\t<\/section>","protected":false},"excerpt":{"rendered":"<p><strong>Produktname<\/strong>: 750ml Zylindrische Glasflasche f\u00fcr Spirituosen<\/p>\n<p><strong>Material<\/strong>: Kristallwei\u00dfes Glas (Super Flint Glass)<\/p>\n<p><strong>Gewicht<\/strong>: 650g<\/p>\n<p><strong>MOQ<\/strong>: 10.000 Einheiten<\/p>\n<p><strong>Abmessungen<\/strong>: Durchmesser 88,8 mm \u00d7 H\u00f6he 274 mm<\/p>\n<p><strong>Anwendungen<\/strong>: Er eignet sich am besten f\u00fcr die Verpackung von hochwertigen Spirituosen wie Wodka, Whiskey, Gin, Tequila und anderen Lik\u00f6ren und Getr\u00e4nken.<\/p>","protected":false},"featured_media":4714,"comment_status":"closed","ping_status":"closed","template":"","meta":[],"product_cat":[40,54],"class_list":{"0":"post-4711","1":"product","2":"type-product","3":"status-publish","4":"has-post-thumbnail","6":"product_cat-750ml-liquor-bottle-manufacturer","7":"product_cat-whiskey-bottle","9":"first","10":"instock","11":"shipping-taxable","12":"product-type-simple"},"yoast_head":"<!-- This site is optimized with the Yoast SEO plugin v22.0 - https:\/\/yoast.com\/wordpress\/plugins\/seo\/ -->\n<title>RS164 750ml Cylindrical Glass Liquor Bottle<\/title>\n<meta name=\"description\" content=\"This transparent glass liquor bottle features smooth and elegant lines, with a simple and stylish bottle body design. Made of high-quality glass material, it ensures the safety of liquor storage.\" \/>\n<meta name=\"robots\" content=\"index, follow, max-snippet:-1, max-image-preview:large, max-video-preview:-1\" \/>\n<link rel=\"canonical\" href=\"https:\/\/ruishengglassco.com\/de\/rs164-750ml-zylindrische-glasflasche-fur-spirituosen\/\" \/>\n<meta property=\"og:locale\" content=\"de_DE\" \/>\n<meta property=\"og:type\" content=\"article\" \/>\n<meta property=\"og:title\" content=\"RS164 750ml Cylindrical Glass Liquor Bottle\" \/>\n<meta property=\"og:description\" content=\"This transparent glass liquor bottle features smooth and elegant lines, with a simple and stylish bottle body design. Made of high-quality glass material, it ensures the safety of liquor storage.\" \/>\n<meta property=\"og:url\" content=\"https:\/\/ruishengglassco.com\/de\/rs164-750ml-zylindrische-glasflasche-fur-spirituosen\/\" \/>\n<meta property=\"article:publisher\" content=\"https:\/\/www.facebook.com\/ruishengglassbottles\" \/>\n<meta property=\"article:modified_time\" content=\"2025-09-11T08:54:36+00:00\" \/>\n<meta property=\"og:image\" content=\"https:\/\/ruishengglassco.com\/wp-content\/uploads\/2025\/04\/750ml-transparent-glass-liquor-bottle.webp\" \/>\n\t<meta property=\"og:image:width\" content=\"800\" \/>\n\t<meta property=\"og:image:height\" content=\"800\" \/>\n\t<meta property=\"og:image:type\" content=\"image\/webp\" \/>\n<meta name=\"twitter:card\" content=\"summary_large_image\" \/>\n<meta name=\"twitter:label1\" content=\"Gesch\u00e4tzte Lesezeit\" \/>\n\t<meta name=\"twitter:data1\" content=\"4\u00a0Minuten\" \/>\n<script type=\"application\/ld+json\" class=\"yoast-schema-graph\">{\"@context\":\"https:\/\/schema.org\",\"@graph\":[{\"@type\":\"WebPage\",\"@id\":\"https:\/\/ruishengglassco.com\/rs164-750ml-cylindrical-glass-liquor-bottle\",\"url\":\"https:\/\/ruishengglassco.com\/rs164-750ml-cylindrical-glass-liquor-bottle\",\"name\":\"RS164 750ml Cylindrical Glass Liquor Bottle\",\"isPartOf\":{\"@id\":\"https:\/\/ruishengglassco.com\/#website\"},\"datePublished\":\"2025-04-15T07:16:37+00:00\",\"dateModified\":\"2025-09-11T08:54:36+00:00\",\"description\":\"This transparent glass liquor bottle features smooth and elegant lines, with a simple and stylish bottle body design. Made of high-quality glass material, it ensures the safety of liquor storage.\",\"breadcrumb\":{\"@id\":\"https:\/\/ruishengglassco.com\/rs164-750ml-cylindrical-glass-liquor-bottle#breadcrumb\"},\"inLanguage\":\"de\",\"potentialAction\":[{\"@type\":\"ReadAction\",\"target\":[\"https:\/\/ruishengglassco.com\/rs164-750ml-cylindrical-glass-liquor-bottle\"]}]},{\"@type\":\"BreadcrumbList\",\"@id\":\"https:\/\/ruishengglassco.com\/rs164-750ml-cylindrical-glass-liquor-bottle#breadcrumb\",\"itemListElement\":[{\"@type\":\"ListItem\",\"position\":1,\"name\":\"Home\",\"item\":\"https:\/\/ruishengglassco.com\/\"},{\"@type\":\"ListItem\",\"position\":2,\"name\":\"Products\",\"item\":\"https:\/\/ruishengglassco.com\/products\"},{\"@type\":\"ListItem\",\"position\":3,\"name\":\"RS164 750ml Cylindrical Glass Liquor Bottle\"}]},{\"@type\":\"WebSite\",\"@id\":\"https:\/\/ruishengglassco.com\/#website\",\"url\":\"https:\/\/ruishengglassco.com\/\",\"name\":\"Ruisheng Glass\",\"description\":\"\",\"publisher\":{\"@id\":\"https:\/\/ruishengglassco.com\/#organization\"},\"potentialAction\":[{\"@type\":\"SearchAction\",\"target\":{\"@type\":\"EntryPoint\",\"urlTemplate\":\"https:\/\/ruishengglassco.com\/?s={search_term_string}\"},\"query-input\":\"required name=search_term_string\"}],\"inLanguage\":\"de\"},{\"@type\":\"Organization\",\"@id\":\"https:\/\/ruishengglassco.com\/#organization\",\"name\":\"Shandong Yuncheng Ruisheng Glass Co., Ltd\",\"url\":\"https:\/\/ruishengglassco.com\/\",\"logo\":{\"@type\":\"ImageObject\",\"inLanguage\":\"de\",\"@id\":\"https:\/\/ruishengglassco.com\/#\/schema\/logo\/image\/\",\"url\":\"https:\/\/ruishengglassco.com\/wp-content\/uploads\/2023\/09\/ruisheng_logo_icon.webp\",\"contentUrl\":\"https:\/\/ruishengglassco.com\/wp-content\/uploads\/2023\/09\/ruisheng_logo_icon.webp\",\"width\":400,\"height\":233,\"caption\":\"Shandong Yuncheng Ruisheng Glass Co., Ltd\"},\"image\":{\"@id\":\"https:\/\/ruishengglassco.com\/#\/schema\/logo\/image\/\"},\"sameAs\":[\"https:\/\/www.facebook.com\/ruishengglassbottles\",\"https:\/\/www.instagram.com\/Ruishengglassbottlewholesales\/\",\"https:\/\/www.youtube.com\/channel\/UCMmbMNGwsL-XrtjfSFLCdVQ\"]}]}<\/script>\n<!-- \/ Yoast SEO plugin. -->","yoast_head_json":{"title":"RS164 750ml Cylindrical Glass Liquor Bottle","description":"This transparent glass liquor bottle features smooth and elegant lines, with a simple and stylish bottle body design. Made of high-quality glass material, it ensures the safety of liquor storage.","robots":{"index":"index","follow":"follow","max-snippet":"max-snippet:-1","max-image-preview":"max-image-preview:large","max-video-preview":"max-video-preview:-1"},"canonical":"https:\/\/ruishengglassco.com\/de\/rs164-750ml-zylindrische-glasflasche-fur-spirituosen\/","og_locale":"de_DE","og_type":"article","og_title":"RS164 750ml Cylindrical Glass Liquor Bottle","og_description":"This transparent glass liquor bottle features smooth and elegant lines, with a simple and stylish bottle body design. Made of high-quality glass material, it ensures the safety of liquor storage.","og_url":"https:\/\/ruishengglassco.com\/de\/rs164-750ml-zylindrische-glasflasche-fur-spirituosen\/","article_publisher":"https:\/\/www.facebook.com\/ruishengglassbottles","article_modified_time":"2025-09-11T08:54:36+00:00","og_image":[{"width":800,"height":800,"url":"https:\/\/ruishengglassco.com\/wp-content\/uploads\/2025\/04\/750ml-transparent-glass-liquor-bottle.webp","type":"image\/webp"}],"twitter_card":"summary_large_image","twitter_misc":{"Gesch\u00e4tzte Lesezeit":"4\u00a0Minuten"},"schema":{"@context":"https:\/\/schema.org","@graph":[{"@type":"WebPage","@id":"https:\/\/ruishengglassco.com\/rs164-750ml-cylindrical-glass-liquor-bottle","url":"https:\/\/ruishengglassco.com\/rs164-750ml-cylindrical-glass-liquor-bottle","name":"RS164 750ml Cylindrical Glass Liquor Bottle","isPartOf":{"@id":"https:\/\/ruishengglassco.com\/#website"},"datePublished":"2025-04-15T07:16:37+00:00","dateModified":"2025-09-11T08:54:36+00:00","description":"This transparent glass liquor bottle features smooth and elegant lines, with a simple and stylish bottle body design. Made of high-quality glass material, it ensures the safety of liquor storage.","breadcrumb":{"@id":"https:\/\/ruishengglassco.com\/rs164-750ml-cylindrical-glass-liquor-bottle#breadcrumb"},"inLanguage":"de","potentialAction":[{"@type":"ReadAction","target":["https:\/\/ruishengglassco.com\/rs164-750ml-cylindrical-glass-liquor-bottle"]}]},{"@type":"BreadcrumbList","@id":"https:\/\/ruishengglassco.com\/rs164-750ml-cylindrical-glass-liquor-bottle#breadcrumb","itemListElement":[{"@type":"ListItem","position":1,"name":"Home","item":"https:\/\/ruishengglassco.com\/"},{"@type":"ListItem","position":2,"name":"Products","item":"https:\/\/ruishengglassco.com\/products"},{"@type":"ListItem","position":3,"name":"RS164 750ml Cylindrical Glass Liquor Bottle"}]},{"@type":"WebSite","@id":"https:\/\/ruishengglassco.com\/#website","url":"https:\/\/ruishengglassco.com\/","name":"Ruisheng Glass","description":"","publisher":{"@id":"https:\/\/ruishengglassco.com\/#organization"},"potentialAction":[{"@type":"SearchAction","target":{"@type":"EntryPoint","urlTemplate":"https:\/\/ruishengglassco.com\/?s={search_term_string}"},"query-input":"required name=search_term_string"}],"inLanguage":"de"},{"@type":"Organization","@id":"https:\/\/ruishengglassco.com\/#organization","name":"Shandong Yuncheng Ruisheng Glass Co., Ltd","url":"https:\/\/ruishengglassco.com\/","logo":{"@type":"ImageObject","inLanguage":"de","@id":"https:\/\/ruishengglassco.com\/#\/schema\/logo\/image\/","url":"https:\/\/ruishengglassco.com\/wp-content\/uploads\/2023\/09\/ruisheng_logo_icon.webp","contentUrl":"https:\/\/ruishengglassco.com\/wp-content\/uploads\/2023\/09\/ruisheng_logo_icon.webp","width":400,"height":233,"caption":"Shandong Yuncheng Ruisheng Glass Co., Ltd"},"image":{"@id":"https:\/\/ruishengglassco.com\/#\/schema\/logo\/image\/"},"sameAs":["https:\/\/www.facebook.com\/ruishengglassbottles","https:\/\/www.instagram.com\/Ruishengglassbottlewholesales\/","https:\/\/www.youtube.com\/channel\/UCMmbMNGwsL-XrtjfSFLCdVQ"]}]}},"_links":{"self":[{"href":"https:\/\/ruishengglassco.com\/de\/wp-json\/wp\/v2\/product\/4711","targetHints":{"allow":["GET"]}}],"collection":[{"href":"https:\/\/ruishengglassco.com\/de\/wp-json\/wp\/v2\/product"}],"about":[{"href":"https:\/\/ruishengglassco.com\/de\/wp-json\/wp\/v2\/types\/product"}],"replies":[{"embeddable":true,"href":"https:\/\/ruishengglassco.com\/de\/wp-json\/wp\/v2\/comments?post=4711"}],"wp:featuredmedia":[{"embeddable":true,"href":"https:\/\/ruishengglassco.com\/de\/wp-json\/wp\/v2\/media\/4714"}],"wp:attachment":[{"href":"https:\/\/ruishengglassco.com\/de\/wp-json\/wp\/v2\/media?parent=4711"}],"wp:term":[{"taxonomy":"product_cat","embeddable":true,"href":"https:\/\/ruishengglassco.com\/de\/wp-json\/wp\/v2\/product_cat?post=4711"}],"curies":[{"name":"wp","href":"https:\/\/api.w.org\/{rel}","templated":true}]}}