{"id":4412,"date":"2025-03-15T23:20:05","date_gmt":"2025-03-15T15:20:05","guid":{"rendered":"https:\/\/ruishengglassco.com\/?post_type=product&#038;p=4412"},"modified":"2025-07-17T11:15:32","modified_gmt":"2025-07-17T03:15:32","slug":"rs159-china-whiskey-flasche-750-ml-fabrik","status":"publish","type":"product","link":"https:\/\/ruishengglassco.com\/de\/produkt\/rs159-china-whiskey-flasche-750-ml-fabrik","title":{"rendered":"RS159 China Whiskey Flasche 750 ml Fabrik"},"content":{"rendered":"<h2><span data-preserver-spaces=\"true\">Spezifikationen<\/span><\/h2>\n<ul>\n<li><span data-preserver-spaces=\"true\">Oberfl\u00e4chenbehandlung: Innen-Gravur<\/span><\/li>\n<li><span data-preserver-spaces=\"true\">Industrielle Nutzung: Getr\u00e4nk<\/span><\/li>\n<li><span data-preserver-spaces=\"true\">Dichtungsart: SCREW CAP\/Kork<\/span><\/li>\n<li><span data-preserver-spaces=\"true\">Herkunftsort: Shandong, China<\/span><\/li>\n<li><span data-preserver-spaces=\"true\">Material der Basis: Superflintglas<\/span><\/li>\n<li><span data-preserver-spaces=\"true\">Material des Geh\u00e4uses: Superflintglas<\/span><\/li>\n<li><span data-preserver-spaces=\"true\">Modell-Nummer: RS-160<\/span><\/li>\n<li><span data-preserver-spaces=\"true\">Markenname: RUISHENG<\/span><\/li>\n<li><span data-preserver-spaces=\"true\">Verwendung: Alkohol\/Lik\u00f6r\/Spirituosen\/Wodka\/Whisky\/Brandy\/Rum\/Gin<\/span><\/li>\n<li><span data-preserver-spaces=\"true\">Verpacken: Benutzerdefinierte Verpackung ist akzeptabel<\/span><\/li>\n<li><span data-preserver-spaces=\"true\">Capacity: 200ml\/300ml\/500ml\/700\/750ml\/1000ml<\/span><\/li>\n<li><span data-preserver-spaces=\"true\">Form: Kundenspezifische Form<\/span><\/li>\n<li><span data-preserver-spaces=\"true\">Logo: Akzeptables Logo des Kunden<\/span><\/li>\n<li><span data-preserver-spaces=\"true\">Dienstleistung: OEM \/ODM<\/span><\/li>\n<li><span data-preserver-spaces=\"true\">Muster: Unentgeltlich zur Verf\u00fcgung gestellt<\/span><\/li>\n<li><span data-preserver-spaces=\"true\">Logo-Druck: Akzeptieren Kundenlogo Druck<\/span><\/li>\n<li><span data-preserver-spaces=\"true\">Lieferzeiten: 30-45 Tage<\/span><\/li>\n<li><span data-preserver-spaces=\"true\">Verpackung: Standard-Exportkarton\/Palette\/individuelle Verpackung<\/span><\/li>\n<li><span data-preserver-spaces=\"true\">Hafen: Qingdao<\/span><\/li>\n<\/ul>\n<h2><strong><span data-preserver-spaces=\"true\">Ruisheng Glasfabrik in Shandong, China<\/span><\/strong><\/h2>\n<p><span data-preserver-spaces=\"true\">Seit 2009 befinden sich unsere moderne Produktionsanlage f\u00fcr Glasflaschen und unser gut ausgestattetes Forschungs- und Entwicklungszentrum in einer 5.000.000 Quadratmeter gro\u00dfen Anlage. Wir sind auf die Herstellung hochwertiger Glasflaschen f\u00fcr Spirituosen, Whiskey, Wodka, Brandy und andere alkoholische Getr\u00e4nke spezialisiert.<\/span><\/p>\n<h3><strong><span data-preserver-spaces=\"true\">Volle Kapazit\u00e4t in unserer Fabrik f\u00fcr Lik\u00f6rglasflaschen<\/span><\/strong><\/h3>\n<h4><strong><span data-preserver-spaces=\"true\">12 Produktionslinien<\/span><\/strong><\/h4>\n<p><span data-preserver-spaces=\"true\">Unsere halbautomatischen, hocheffizienten Produktionslinien f\u00fcr Glasflaschen k\u00f6nnen verschiedene Arten von Glasflaschen gleichzeitig herstellen.<\/span><\/p>\n<h4><strong><span data-preserver-spaces=\"true\">500+ Mitarbeiter<\/span><\/strong><\/h4>\n<p><span data-preserver-spaces=\"true\">Ruisheng Glass besch\u00e4ftigt mehr als 500 qualifizierte Mitarbeiter, darunter:<\/span><\/p>\n<ul>\n<li><span data-preserver-spaces=\"true\">15 Industriedesigner<\/span><\/li>\n<li><span data-preserver-spaces=\"true\">35 Inspektoren f\u00fcr Produktqualit\u00e4t<\/span><\/li>\n<li><span data-preserver-spaces=\"true\">Produktionsmitarbeiter, Vertriebs- und Marketingpersonal<\/span><\/li>\n<\/ul>\n<h4><strong><span data-preserver-spaces=\"true\">8000+ Design-Formen<\/span><\/strong><\/h4>\n<p><span data-preserver-spaces=\"true\">Wir haben einen gro\u00dfen Vorrat an Formen. <\/span><span data-preserver-spaces=\"true\">Diese<\/span><span data-preserver-spaces=\"true\"> k\u00f6nnen wir eine Vielzahl von Kundenw\u00fcnschen problemlos erf\u00fcllen.<\/span><\/p>\n<h4><strong><span data-preserver-spaces=\"true\">120.000+ Tagesleistung<\/span><\/strong><\/h4>\n<p><span data-preserver-spaces=\"true\">Unsere gro\u00df angelegten Produktionskapazit\u00e4ten erm\u00f6glichen <\/span><span data-preserver-spaces=\"true\">schnelle Marktreaktion<\/span><span data-preserver-spaces=\"true\"> und <\/span><span data-preserver-spaces=\"true\">nahtlose Auftragsabwicklung<\/span><span data-preserver-spaces=\"true\">.<\/span><\/p>\n<h2><strong><span data-preserver-spaces=\"true\">Wie man Ruisheng Glas bestellt<\/span><\/strong><\/h2>\n<p><span data-preserver-spaces=\"true\">F\u00fcr Anfragen und Bestellungen, <\/span><span data-preserver-spaces=\"true\">Bitte kontaktieren Sie uns<\/span><span data-preserver-spaces=\"true\"> oder besuchen Sie unser Werk in Shandong, China.<\/span><\/p>","protected":false},"excerpt":{"rendered":"<p>Spezifikationen Oberfl\u00e4chenbehandlung: Innengravur Industrielle Verwendung: Getr\u00e4nk Verschlusstyp: SCREW CAP\/Kork Herkunftsort: Shandong, China Grundmaterial: Super Flintglas K\u00f6rper Material: Super Feuerstein Glas Modell Nummer: RS-160 Markenname: RUISHENG Verwendung: Alkohol\/Lik\u00f6r\/Spirituosen\/Wodka\/Whisky\/Brandy\/Rum\/Gin Verpackung: Kundenspezifische Verpackung ist annehmbar Kapazit\u00e4t: 200ml\/300ml\/500ml\/700\/750ml\/1000ml Form: Kundenspezifische Form Logo: Akzeptabel Logo des Kunden Service: OEM \/ODM Probe: Frei zur Verf\u00fcgung gestellt...<\/p>","protected":false},"featured_media":4415,"comment_status":"closed","ping_status":"closed","template":"","meta":[],"product_cat":[54],"class_list":{"0":"post-4412","1":"product","2":"type-product","3":"status-publish","4":"has-post-thumbnail","6":"product_cat-whiskey-bottle","8":"first","9":"instock","10":"shipping-taxable","11":"product-type-simple"},"yoast_head":"<!-- This site is optimized with the Yoast SEO plugin v22.0 - https:\/\/yoast.com\/wordpress\/plugins\/seo\/ -->\n<title>RS159 China Whiskey Bottle 750 ml Factory -<\/title>\n<meta name=\"robots\" content=\"index, follow, max-snippet:-1, max-image-preview:large, max-video-preview:-1\" \/>\n<link rel=\"canonical\" href=\"https:\/\/ruishengglassco.com\/de\/rs159-china-whiskey-flasche-750-ml-fabrik\" \/>\n<meta property=\"og:locale\" content=\"de_DE\" \/>\n<meta property=\"og:type\" content=\"article\" \/>\n<meta property=\"og:title\" content=\"RS159 China Whiskey Bottle 750 ml Factory -\" \/>\n<meta property=\"og:description\" content=\"Specifications Surface Handling: Inside Engraving Industrial Use: Beverage Sealing Type: SCREW CAP\/Cork Place of Origin: Shandong, China Base Material: Super flint glass Body Material: Super flint glass Model Number: RS-160 Brand Name: RUISHENG Usage: Alcohol\/liquor\/spirits\/vodka\/whisky\/brandy\/rum\/gin Packing: Custom Packing is Acceptable Capacity: 200ml\/300ml\/500ml\/700\/750ml\/1000ml Shape: Customized Shape Logo: Acceptable Customer&#8217;s Logo Service: OEM \/ODM Sample: Provided Freely...\" \/>\n<meta property=\"og:url\" content=\"https:\/\/ruishengglassco.com\/de\/rs159-china-whiskey-flasche-750-ml-fabrik\" \/>\n<meta property=\"article:publisher\" content=\"https:\/\/www.facebook.com\/ruishengglassbottles\" \/>\n<meta property=\"article:modified_time\" content=\"2025-07-17T03:15:32+00:00\" \/>\n<meta property=\"og:image\" content=\"https:\/\/ruishengglassco.com\/wp-content\/uploads\/2025\/03\/RS159-China-Whiskey-Bottle-750-ml-Factory.webp\" \/>\n\t<meta property=\"og:image:width\" content=\"800\" \/>\n\t<meta property=\"og:image:height\" content=\"800\" \/>\n\t<meta property=\"og:image:type\" content=\"image\/webp\" \/>\n<meta name=\"twitter:card\" content=\"summary_large_image\" \/>\n<meta name=\"twitter:label1\" content=\"Gesch\u00e4tzte Lesezeit\" \/>\n\t<meta name=\"twitter:data1\" content=\"1\u00a0Minute\" \/>\n<script type=\"application\/ld+json\" class=\"yoast-schema-graph\">{\"@context\":\"https:\/\/schema.org\",\"@graph\":[{\"@type\":\"WebPage\",\"@id\":\"https:\/\/ruishengglassco.com\/de\/rs159-china-whiskey-flasche-750-ml-fabrik\",\"url\":\"https:\/\/ruishengglassco.com\/de\/rs159-china-whiskey-flasche-750-ml-fabrik\",\"name\":\"RS159 China Whiskey Bottle 750 ml Factory -\",\"isPartOf\":{\"@id\":\"https:\/\/ruishengglassco.com\/#website\"},\"datePublished\":\"2025-03-15T15:20:05+00:00\",\"dateModified\":\"2025-07-17T03:15:32+00:00\",\"breadcrumb\":{\"@id\":\"https:\/\/ruishengglassco.com\/de\/rs159-china-whiskey-flasche-750-ml-fabrik#breadcrumb\"},\"inLanguage\":\"de\",\"potentialAction\":[{\"@type\":\"ReadAction\",\"target\":[\"https:\/\/ruishengglassco.com\/de\/rs159-china-whiskey-flasche-750-ml-fabrik\"]}]},{\"@type\":\"BreadcrumbList\",\"@id\":\"https:\/\/ruishengglassco.com\/de\/rs159-china-whiskey-flasche-750-ml-fabrik#breadcrumb\",\"itemListElement\":[{\"@type\":\"ListItem\",\"position\":1,\"name\":\"Home\",\"item\":\"https:\/\/ruishengglassco.com\/\"},{\"@type\":\"ListItem\",\"position\":2,\"name\":\"Products\",\"item\":\"https:\/\/ruishengglassco.com\/products\"},{\"@type\":\"ListItem\",\"position\":3,\"name\":\"RS159 China Whiskey Bottle 750 ml Factory\"}]},{\"@type\":\"WebSite\",\"@id\":\"https:\/\/ruishengglassco.com\/#website\",\"url\":\"https:\/\/ruishengglassco.com\/\",\"name\":\"Ruisheng Glass\",\"description\":\"\",\"publisher\":{\"@id\":\"https:\/\/ruishengglassco.com\/#organization\"},\"potentialAction\":[{\"@type\":\"SearchAction\",\"target\":{\"@type\":\"EntryPoint\",\"urlTemplate\":\"https:\/\/ruishengglassco.com\/?s={search_term_string}\"},\"query-input\":\"required name=search_term_string\"}],\"inLanguage\":\"de\"},{\"@type\":\"Organization\",\"@id\":\"https:\/\/ruishengglassco.com\/#organization\",\"name\":\"Shandong Yuncheng Ruisheng Glass Co., Ltd\",\"url\":\"https:\/\/ruishengglassco.com\/\",\"logo\":{\"@type\":\"ImageObject\",\"inLanguage\":\"de\",\"@id\":\"https:\/\/ruishengglassco.com\/#\/schema\/logo\/image\/\",\"url\":\"https:\/\/ruishengglassco.com\/wp-content\/uploads\/2023\/09\/ruisheng_logo_icon.webp\",\"contentUrl\":\"https:\/\/ruishengglassco.com\/wp-content\/uploads\/2023\/09\/ruisheng_logo_icon.webp\",\"width\":400,\"height\":233,\"caption\":\"Shandong Yuncheng Ruisheng Glass Co., Ltd\"},\"image\":{\"@id\":\"https:\/\/ruishengglassco.com\/#\/schema\/logo\/image\/\"},\"sameAs\":[\"https:\/\/www.facebook.com\/ruishengglassbottles\",\"https:\/\/www.instagram.com\/Ruishengglassbottlewholesales\/\",\"https:\/\/www.youtube.com\/channel\/UCMmbMNGwsL-XrtjfSFLCdVQ\"]}]}<\/script>\n<!-- \/ Yoast SEO plugin. -->","yoast_head_json":{"title":"RS159 China Whiskey Bottle 750 ml Factory -","robots":{"index":"index","follow":"follow","max-snippet":"max-snippet:-1","max-image-preview":"max-image-preview:large","max-video-preview":"max-video-preview:-1"},"canonical":"https:\/\/ruishengglassco.com\/de\/rs159-china-whiskey-flasche-750-ml-fabrik","og_locale":"de_DE","og_type":"article","og_title":"RS159 China Whiskey Bottle 750 ml Factory -","og_description":"Specifications Surface Handling: Inside Engraving Industrial Use: Beverage Sealing Type: SCREW CAP\/Cork Place of Origin: Shandong, China Base Material: Super flint glass Body Material: Super flint glass Model Number: RS-160 Brand Name: RUISHENG Usage: Alcohol\/liquor\/spirits\/vodka\/whisky\/brandy\/rum\/gin Packing: Custom Packing is Acceptable Capacity: 200ml\/300ml\/500ml\/700\/750ml\/1000ml Shape: Customized Shape Logo: Acceptable Customer&#8217;s Logo Service: OEM \/ODM Sample: Provided Freely...","og_url":"https:\/\/ruishengglassco.com\/de\/rs159-china-whiskey-flasche-750-ml-fabrik","article_publisher":"https:\/\/www.facebook.com\/ruishengglassbottles","article_modified_time":"2025-07-17T03:15:32+00:00","og_image":[{"width":800,"height":800,"url":"https:\/\/ruishengglassco.com\/wp-content\/uploads\/2025\/03\/RS159-China-Whiskey-Bottle-750-ml-Factory.webp","type":"image\/webp"}],"twitter_card":"summary_large_image","twitter_misc":{"Gesch\u00e4tzte Lesezeit":"1\u00a0Minute"},"schema":{"@context":"https:\/\/schema.org","@graph":[{"@type":"WebPage","@id":"https:\/\/ruishengglassco.com\/de\/rs159-china-whiskey-flasche-750-ml-fabrik","url":"https:\/\/ruishengglassco.com\/de\/rs159-china-whiskey-flasche-750-ml-fabrik","name":"RS159 China Whiskey Bottle 750 ml Factory -","isPartOf":{"@id":"https:\/\/ruishengglassco.com\/#website"},"datePublished":"2025-03-15T15:20:05+00:00","dateModified":"2025-07-17T03:15:32+00:00","breadcrumb":{"@id":"https:\/\/ruishengglassco.com\/de\/rs159-china-whiskey-flasche-750-ml-fabrik#breadcrumb"},"inLanguage":"de","potentialAction":[{"@type":"ReadAction","target":["https:\/\/ruishengglassco.com\/de\/rs159-china-whiskey-flasche-750-ml-fabrik"]}]},{"@type":"BreadcrumbList","@id":"https:\/\/ruishengglassco.com\/de\/rs159-china-whiskey-flasche-750-ml-fabrik#breadcrumb","itemListElement":[{"@type":"ListItem","position":1,"name":"Home","item":"https:\/\/ruishengglassco.com\/"},{"@type":"ListItem","position":2,"name":"Products","item":"https:\/\/ruishengglassco.com\/products"},{"@type":"ListItem","position":3,"name":"RS159 China Whiskey Bottle 750 ml Factory"}]},{"@type":"WebSite","@id":"https:\/\/ruishengglassco.com\/#website","url":"https:\/\/ruishengglassco.com\/","name":"Ruisheng Glass","description":"","publisher":{"@id":"https:\/\/ruishengglassco.com\/#organization"},"potentialAction":[{"@type":"SearchAction","target":{"@type":"EntryPoint","urlTemplate":"https:\/\/ruishengglassco.com\/?s={search_term_string}"},"query-input":"required name=search_term_string"}],"inLanguage":"de"},{"@type":"Organization","@id":"https:\/\/ruishengglassco.com\/#organization","name":"Shandong Yuncheng Ruisheng Glass Co., Ltd","url":"https:\/\/ruishengglassco.com\/","logo":{"@type":"ImageObject","inLanguage":"de","@id":"https:\/\/ruishengglassco.com\/#\/schema\/logo\/image\/","url":"https:\/\/ruishengglassco.com\/wp-content\/uploads\/2023\/09\/ruisheng_logo_icon.webp","contentUrl":"https:\/\/ruishengglassco.com\/wp-content\/uploads\/2023\/09\/ruisheng_logo_icon.webp","width":400,"height":233,"caption":"Shandong Yuncheng Ruisheng Glass Co., Ltd"},"image":{"@id":"https:\/\/ruishengglassco.com\/#\/schema\/logo\/image\/"},"sameAs":["https:\/\/www.facebook.com\/ruishengglassbottles","https:\/\/www.instagram.com\/Ruishengglassbottlewholesales\/","https:\/\/www.youtube.com\/channel\/UCMmbMNGwsL-XrtjfSFLCdVQ"]}]}},"_links":{"self":[{"href":"https:\/\/ruishengglassco.com\/de\/wp-json\/wp\/v2\/product\/4412","targetHints":{"allow":["GET"]}}],"collection":[{"href":"https:\/\/ruishengglassco.com\/de\/wp-json\/wp\/v2\/product"}],"about":[{"href":"https:\/\/ruishengglassco.com\/de\/wp-json\/wp\/v2\/types\/product"}],"replies":[{"embeddable":true,"href":"https:\/\/ruishengglassco.com\/de\/wp-json\/wp\/v2\/comments?post=4412"}],"wp:featuredmedia":[{"embeddable":true,"href":"https:\/\/ruishengglassco.com\/de\/wp-json\/wp\/v2\/media\/4415"}],"wp:attachment":[{"href":"https:\/\/ruishengglassco.com\/de\/wp-json\/wp\/v2\/media?parent=4412"}],"wp:term":[{"taxonomy":"product_cat","embeddable":true,"href":"https:\/\/ruishengglassco.com\/de\/wp-json\/wp\/v2\/product_cat?post=4412"}],"curies":[{"name":"wp","href":"https:\/\/api.w.org\/{rel}","templated":true}]}}