{"id":4411,"date":"2025-03-15T23:19:23","date_gmt":"2025-03-15T15:19:23","guid":{"rendered":"https:\/\/ruishengglassco.com\/?post_type=product&#038;p=4411"},"modified":"2025-03-15T23:19:24","modified_gmt":"2025-03-15T15:19:24","slug":"rs158-china-benutzerdefinierte-whiskey-flasche-lieferant-gemacht","status":"publish","type":"product","link":"https:\/\/ruishengglassco.com\/de\/produkt\/rs158-china-benutzerdefinierte-whiskey-flasche-lieferant-gemacht","title":{"rendered":"RS158 China Custom Made Whiskey Flasche Lieferant"},"content":{"rendered":"<h2 data-spm-anchor-id=\"a2700.details.0.i82.67a53c122iOfKz\">Details von Ruisheng Custom Made Whiskey Flaschenservice<\/h2>\n<p>Wenn Sie Ihre Bestellung f\u00fcr eine ma\u00dfgeschneiderte Whiskeyflasche in Auftrag geben m\u00f6chten, m\u00fcssen Sie unserem Verkaufsteam als Erstes Ihre W\u00fcnsche mitteilen, einschlie\u00dflich der gew\u00fcnschten Flaschenform, Gr\u00f6\u00dfe, des Fassungsverm\u00f6gens und spezifischer Designelemente.<\/p>\n<p>Dann schickt Ihnen unser Designteam Glasflaschenvorlagen aus unserem Hause. Wenn Sie eine eigene Vorlage f\u00fcr ein Flaschendesign haben, ist das nat\u00fcrlich auch m\u00f6glich. Wir werden mit Ihnen zusammenarbeiten, um die ersten Konzepte zu \u00fcberpr\u00fcfen und zu verfeinern.<\/p>\n<p>Sobald das Design fertiggestellt ist, erstellen wir einen physischen Prototyp der individuellen Flasche. Nach diesem Schritt fahren wir mit der Produktion der individuellen Whiskey-Flaschen fort.<\/p>\n<h2 data-spm-anchor-id=\"a2700.details.0.i82.67a53c122iOfKz\"><span style=\"font-size: 100%;\">Spezifikationen<\/span><\/h2>\n<div class=\"attribute-list\">\n<div class=\"attribute-item\">\n<ul>\n<li class=\"left\">Handhabung der Oberfl\u00e4che: <span style=\"color: var(--wpex-text-2);\">Innengravur<\/span><\/li>\n<li class=\"left\">Industrielle Nutzung: <span style=\"color: var(--wpex-text-2);\">Getr\u00e4nke<\/span><\/li>\n<li class=\"left\">Art der Versiegelung: <span style=\"color: var(--wpex-text-2);\">SCHRAUBENKAPPE\/Kork<\/span><\/li>\n<li class=\"left\">Ort der Herkunft: <span style=\"color: var(--wpex-text-2);\">Shandong, China<\/span><\/li>\n<li class=\"left\">Grundmaterial: S<span style=\"color: var(--wpex-text-2);\">oberes Flintglas<\/span><\/li>\n<li class=\"left\">Material des Geh\u00e4uses: <span style=\"color: var(--wpex-text-2);\">Super-Flintglas<\/span><\/li>\n<li class=\"left\">Modellnummer: <span style=\"color: var(--wpex-text-2);\">RS-160<\/span><\/li>\n<li class=\"left\">Markenname: <span style=\"color: var(--wpex-text-2);\">RUISHENG<\/span><\/li>\n<li class=\"left\">Verwendung: <span style=\"color: var(--wpex-text-2);\">Alkohol\/Lik\u00f6r\/Spirituosen\/Wodka\/Whisky\/Brandy\/Rum\/Gin<\/span><\/li>\n<li class=\"left\">Verpacken: <span style=\"color: var(--wpex-text-2);\">Kundenspezifische Verpackung akzeptabel<\/span><\/li>\n<li class=\"left\">Kapazit\u00e4t: <span style=\"color: var(--wpex-text-2);\">200ml\/300ml\/500ml\/700\/750ml\/1000ml<\/span><\/li>\n<li class=\"left\">Die Form: <span style=\"color: var(--wpex-text-2);\">Kundenspezifische Form<\/span><\/li>\n<li class=\"left\">Logo: <span style=\"color: var(--wpex-text-2);\">Akzeptables Kundenlogo<\/span><\/li>\n<li class=\"left\">Dienst: <span style=\"color: var(--wpex-text-2);\">OEM\/ODM<\/span><\/li>\n<li class=\"left\">Beispiel: <span style=\"color: var(--wpex-text-2);\">Unentgeltlich zur Verf\u00fcgung gestellt<\/span><\/li>\n<li class=\"left\">Logo-Druck: <span style=\"color: var(--wpex-text-2);\">Kundenlogo-Druck akzeptieren<\/span><\/li>\n<li class=\"left\">Lieferfrist: <span style=\"color: var(--wpex-text-2);\">30-45 Tage<\/span><\/li>\n<li class=\"left\">Verpackung: <span style=\"font-family: var(--wpex-heading-font-family); font-style: var(--wpex-heading-font-style); letter-spacing: var(--wpex-heading-letter-spacing); text-transform: var(--wpex-heading-text-transform); color: var(--wpex-text-2);\" data-spm-anchor-id=\"a2700.details.0.i77.67a53c122iOfKz\">Standard-Exportkarton\/<\/span><span style=\"color: var(--wpex-text-2);\">Palette\/<\/span><span style=\"color: var(--wpex-text-2);\">Kundenspezifische Verpackung<\/span><\/li>\n<li class=\"left\">Hafen: <span style=\"color: var(--wpex-text-2);\">Qingdao<\/span><\/li>\n<\/ul>\n<h2 data-start=\"138\" data-end=\"188\"><strong data-start=\"141\" data-end=\"186\">Ruisheng Glasfabrik in Shandong, China<\/strong><\/h2>\n<p data-start=\"190\" data-end=\"460\">Seit 2009 befinden sich unsere moderne Produktionsanlage f\u00fcr Glasflaschen und unser gut ausgestattetes Forschungs- und Entwicklungszentrum in einer 5.000.000 Quadratmeter gro\u00dfen Anlage. Wir sind auf die Herstellung hochwertiger Glasflaschen f\u00fcr Spirituosen, Whiskey, Wodka, Brandy und andere alkoholische Getr\u00e4nke spezialisiert.<\/p>\n<h3 data-start=\"467\" data-end=\"539\"><strong data-start=\"471\" data-end=\"537\">Volle Kapazit\u00e4t in unserer Fabrik f\u00fcr Lik\u00f6rglasflaschen<\/strong><\/h3>\n<h4 data-start=\"541\" data-end=\"571\"><strong data-start=\"546\" data-end=\"569\">12 Produktionslinien<\/strong><\/h4>\n<p data-start=\"572\" data-end=\"733\">Unsere halbautomatischen, hocheffizienten Produktionslinien f\u00fcr Glasflaschen erm\u00f6glichen die gleichzeitige Herstellung von Glasflaschen mit verschiedenen Behandlungsverfahren.<\/p>\n<h4 data-start=\"735\" data-end=\"760\"><strong data-start=\"740\" data-end=\"758\">500+ Mitarbeiter<\/strong><\/h4>\n<p data-start=\"761\" data-end=\"835\">Ruisheng Glass besch\u00e4ftigt mehr als 500 qualifizierte Mitarbeiter, darunter:<\/p>\n<ul data-start=\"836\" data-end=\"952\">\n<li data-start=\"836\" data-end=\"863\">15 Industriedesigner<\/li>\n<li data-start=\"864\" data-end=\"897\">35 Inspektoren f\u00fcr Produktqualit\u00e4t<\/li>\n<li data-start=\"898\" data-end=\"952\">Produktionsmitarbeiter, Vertriebs- und Marketingpersonal<\/li>\n<\/ul>\n<h4 data-start=\"954\" data-end=\"983\"><strong data-start=\"959\" data-end=\"981\">8000+ Design-Formen<\/strong><\/h4>\n<p data-start=\"984\" data-end=\"1105\">Mit einem umfangreichen internen Formenbestand bieten wir eine un\u00fcbertroffene Flexibilit\u00e4t, um die unterschiedlichsten Kundenanforderungen zu erf\u00fcllen.<\/p>\n<h4 data-start=\"1107\" data-end=\"1139\"><strong data-start=\"1112\" data-end=\"1137\">120.000+ Tagesleistung<\/strong><\/h4>\n<p data-start=\"1140\" data-end=\"1242\">Unsere gro\u00df angelegten Produktionskapazit\u00e4ten erm\u00f6glichen eine schnelle Reaktion auf den Markt und eine nahtlose Auftragsabwicklung.<\/p>\n<h2 data-start=\"1249\" data-end=\"1285\"><strong data-start=\"1252\" data-end=\"1283\">Wie man Ruisheng Glas bestellt<\/strong><\/h2>\n<p data-start=\"1286\" data-end=\"1372\">F\u00fcr Anfragen und Bestellungen kontaktieren Sie uns bitte oder besuchen Sie unser Werk in Shandong, China.<\/p>\n<\/div>\n<\/div>","protected":false},"excerpt":{"rendered":"<p>Details von Ruisheng Custom Made Whiskey Bottle Service Wenn Sie Ihre ma\u00dfgeschneiderte Whiskey-Flasche bestellen m\u00f6chten, ist der erste Schritt, den Sie tun m\u00fcssen, um Ihre Bed\u00fcrfnisse an unser Verkaufsteam, einschlie\u00dflich der gew\u00fcnschten Flaschenform, Gr\u00f6\u00dfe, Kapazit\u00e4t und alle spezifischen Design-Elemente zu erz\u00e4hlen. Dann wird unser Designteam Ihnen Glasflaschen schicken...<\/p>","protected":false},"featured_media":4414,"comment_status":"closed","ping_status":"closed","template":"","meta":[],"product_cat":[54],"class_list":{"0":"post-4411","1":"product","2":"type-product","3":"status-publish","4":"has-post-thumbnail","6":"product_cat-whiskey-bottle","8":"first","9":"instock","10":"shipping-taxable","11":"product-type-simple"},"yoast_head":"<!-- This site is optimized with the Yoast SEO plugin v22.0 - https:\/\/yoast.com\/wordpress\/plugins\/seo\/ -->\n<title>RS158 China Custom Made Whiskey Bottle Supplier -<\/title>\n<meta name=\"robots\" content=\"index, follow, max-snippet:-1, max-image-preview:large, max-video-preview:-1\" \/>\n<link rel=\"canonical\" href=\"https:\/\/ruishengglassco.com\/de\/rs158-china-benutzerdefinierte-whiskey-flasche-lieferant-gemacht\/\" \/>\n<meta property=\"og:locale\" content=\"de_DE\" \/>\n<meta property=\"og:type\" content=\"article\" \/>\n<meta property=\"og:title\" content=\"RS158 China Custom Made Whiskey Bottle Supplier -\" \/>\n<meta property=\"og:description\" content=\"Details Of Ruisheng Custom Made Whiskey Bottle Service If you want to start your custom made whiskey bottle order, the first step you need to do is telling your needs to our sales team, including the desired bottle shape, size, capacity, and any specific design elements. Then our design team will send you glass bottle...\" \/>\n<meta property=\"og:url\" content=\"https:\/\/ruishengglassco.com\/de\/rs158-china-benutzerdefinierte-whiskey-flasche-lieferant-gemacht\/\" \/>\n<meta property=\"article:publisher\" content=\"https:\/\/www.facebook.com\/ruishengglassbottles\" \/>\n<meta property=\"article:modified_time\" content=\"2025-03-15T15:19:24+00:00\" \/>\n<meta property=\"og:image\" content=\"https:\/\/ruishengglassco.com\/wp-content\/uploads\/2025\/03\/RS158-China-Custom-Made-Whiskey-Bottle-Supplier.webp\" \/>\n\t<meta property=\"og:image:width\" content=\"800\" \/>\n\t<meta property=\"og:image:height\" content=\"800\" \/>\n\t<meta property=\"og:image:type\" content=\"image\/webp\" \/>\n<meta name=\"twitter:card\" content=\"summary_large_image\" \/>\n<meta name=\"twitter:label1\" content=\"Gesch\u00e4tzte Lesezeit\" \/>\n\t<meta name=\"twitter:data1\" content=\"2\u00a0Minuten\" \/>\n<script type=\"application\/ld+json\" class=\"yoast-schema-graph\">{\"@context\":\"https:\/\/schema.org\",\"@graph\":[{\"@type\":\"WebPage\",\"@id\":\"https:\/\/ruishengglassco.com\/rs158-china-custom-made-whiskey-bottle-supplier\",\"url\":\"https:\/\/ruishengglassco.com\/rs158-china-custom-made-whiskey-bottle-supplier\",\"name\":\"RS158 China Custom Made Whiskey Bottle Supplier -\",\"isPartOf\":{\"@id\":\"https:\/\/ruishengglassco.com\/#website\"},\"datePublished\":\"2025-03-15T15:19:23+00:00\",\"dateModified\":\"2025-03-15T15:19:24+00:00\",\"breadcrumb\":{\"@id\":\"https:\/\/ruishengglassco.com\/rs158-china-custom-made-whiskey-bottle-supplier#breadcrumb\"},\"inLanguage\":\"de\",\"potentialAction\":[{\"@type\":\"ReadAction\",\"target\":[\"https:\/\/ruishengglassco.com\/rs158-china-custom-made-whiskey-bottle-supplier\"]}]},{\"@type\":\"BreadcrumbList\",\"@id\":\"https:\/\/ruishengglassco.com\/rs158-china-custom-made-whiskey-bottle-supplier#breadcrumb\",\"itemListElement\":[{\"@type\":\"ListItem\",\"position\":1,\"name\":\"Home\",\"item\":\"https:\/\/ruishengglassco.com\/\"},{\"@type\":\"ListItem\",\"position\":2,\"name\":\"Products\",\"item\":\"https:\/\/ruishengglassco.com\/products\"},{\"@type\":\"ListItem\",\"position\":3,\"name\":\"RS158 China Custom Made Whiskey Bottle Supplier\"}]},{\"@type\":\"WebSite\",\"@id\":\"https:\/\/ruishengglassco.com\/#website\",\"url\":\"https:\/\/ruishengglassco.com\/\",\"name\":\"Ruisheng Glass\",\"description\":\"\",\"publisher\":{\"@id\":\"https:\/\/ruishengglassco.com\/#organization\"},\"potentialAction\":[{\"@type\":\"SearchAction\",\"target\":{\"@type\":\"EntryPoint\",\"urlTemplate\":\"https:\/\/ruishengglassco.com\/?s={search_term_string}\"},\"query-input\":\"required name=search_term_string\"}],\"inLanguage\":\"de\"},{\"@type\":\"Organization\",\"@id\":\"https:\/\/ruishengglassco.com\/#organization\",\"name\":\"Shandong Yuncheng Ruisheng Glass Co., Ltd\",\"url\":\"https:\/\/ruishengglassco.com\/\",\"logo\":{\"@type\":\"ImageObject\",\"inLanguage\":\"de\",\"@id\":\"https:\/\/ruishengglassco.com\/#\/schema\/logo\/image\/\",\"url\":\"https:\/\/ruishengglassco.com\/wp-content\/uploads\/2023\/09\/ruisheng_logo_icon.webp\",\"contentUrl\":\"https:\/\/ruishengglassco.com\/wp-content\/uploads\/2023\/09\/ruisheng_logo_icon.webp\",\"width\":400,\"height\":233,\"caption\":\"Shandong Yuncheng Ruisheng Glass Co., Ltd\"},\"image\":{\"@id\":\"https:\/\/ruishengglassco.com\/#\/schema\/logo\/image\/\"},\"sameAs\":[\"https:\/\/www.facebook.com\/ruishengglassbottles\",\"https:\/\/www.instagram.com\/Ruishengglassbottlewholesales\/\",\"https:\/\/www.youtube.com\/channel\/UCMmbMNGwsL-XrtjfSFLCdVQ\"]}]}<\/script>\n<!-- \/ Yoast SEO plugin. -->","yoast_head_json":{"title":"RS158 China Custom Made Whiskey Bottle Supplier -","robots":{"index":"index","follow":"follow","max-snippet":"max-snippet:-1","max-image-preview":"max-image-preview:large","max-video-preview":"max-video-preview:-1"},"canonical":"https:\/\/ruishengglassco.com\/de\/rs158-china-benutzerdefinierte-whiskey-flasche-lieferant-gemacht\/","og_locale":"de_DE","og_type":"article","og_title":"RS158 China Custom Made Whiskey Bottle Supplier -","og_description":"Details Of Ruisheng Custom Made Whiskey Bottle Service If you want to start your custom made whiskey bottle order, the first step you need to do is telling your needs to our sales team, including the desired bottle shape, size, capacity, and any specific design elements. Then our design team will send you glass bottle...","og_url":"https:\/\/ruishengglassco.com\/de\/rs158-china-benutzerdefinierte-whiskey-flasche-lieferant-gemacht\/","article_publisher":"https:\/\/www.facebook.com\/ruishengglassbottles","article_modified_time":"2025-03-15T15:19:24+00:00","og_image":[{"width":800,"height":800,"url":"https:\/\/ruishengglassco.com\/wp-content\/uploads\/2025\/03\/RS158-China-Custom-Made-Whiskey-Bottle-Supplier.webp","type":"image\/webp"}],"twitter_card":"summary_large_image","twitter_misc":{"Gesch\u00e4tzte Lesezeit":"2\u00a0Minuten"},"schema":{"@context":"https:\/\/schema.org","@graph":[{"@type":"WebPage","@id":"https:\/\/ruishengglassco.com\/rs158-china-custom-made-whiskey-bottle-supplier","url":"https:\/\/ruishengglassco.com\/rs158-china-custom-made-whiskey-bottle-supplier","name":"RS158 China Custom Made Whiskey Bottle Supplier -","isPartOf":{"@id":"https:\/\/ruishengglassco.com\/#website"},"datePublished":"2025-03-15T15:19:23+00:00","dateModified":"2025-03-15T15:19:24+00:00","breadcrumb":{"@id":"https:\/\/ruishengglassco.com\/rs158-china-custom-made-whiskey-bottle-supplier#breadcrumb"},"inLanguage":"de","potentialAction":[{"@type":"ReadAction","target":["https:\/\/ruishengglassco.com\/rs158-china-custom-made-whiskey-bottle-supplier"]}]},{"@type":"BreadcrumbList","@id":"https:\/\/ruishengglassco.com\/rs158-china-custom-made-whiskey-bottle-supplier#breadcrumb","itemListElement":[{"@type":"ListItem","position":1,"name":"Home","item":"https:\/\/ruishengglassco.com\/"},{"@type":"ListItem","position":2,"name":"Products","item":"https:\/\/ruishengglassco.com\/products"},{"@type":"ListItem","position":3,"name":"RS158 China Custom Made Whiskey Bottle Supplier"}]},{"@type":"WebSite","@id":"https:\/\/ruishengglassco.com\/#website","url":"https:\/\/ruishengglassco.com\/","name":"Ruisheng Glass","description":"","publisher":{"@id":"https:\/\/ruishengglassco.com\/#organization"},"potentialAction":[{"@type":"SearchAction","target":{"@type":"EntryPoint","urlTemplate":"https:\/\/ruishengglassco.com\/?s={search_term_string}"},"query-input":"required name=search_term_string"}],"inLanguage":"de"},{"@type":"Organization","@id":"https:\/\/ruishengglassco.com\/#organization","name":"Shandong Yuncheng Ruisheng Glass Co., Ltd","url":"https:\/\/ruishengglassco.com\/","logo":{"@type":"ImageObject","inLanguage":"de","@id":"https:\/\/ruishengglassco.com\/#\/schema\/logo\/image\/","url":"https:\/\/ruishengglassco.com\/wp-content\/uploads\/2023\/09\/ruisheng_logo_icon.webp","contentUrl":"https:\/\/ruishengglassco.com\/wp-content\/uploads\/2023\/09\/ruisheng_logo_icon.webp","width":400,"height":233,"caption":"Shandong Yuncheng Ruisheng Glass Co., Ltd"},"image":{"@id":"https:\/\/ruishengglassco.com\/#\/schema\/logo\/image\/"},"sameAs":["https:\/\/www.facebook.com\/ruishengglassbottles","https:\/\/www.instagram.com\/Ruishengglassbottlewholesales\/","https:\/\/www.youtube.com\/channel\/UCMmbMNGwsL-XrtjfSFLCdVQ"]}]}},"_links":{"self":[{"href":"https:\/\/ruishengglassco.com\/de\/wp-json\/wp\/v2\/product\/4411","targetHints":{"allow":["GET"]}}],"collection":[{"href":"https:\/\/ruishengglassco.com\/de\/wp-json\/wp\/v2\/product"}],"about":[{"href":"https:\/\/ruishengglassco.com\/de\/wp-json\/wp\/v2\/types\/product"}],"replies":[{"embeddable":true,"href":"https:\/\/ruishengglassco.com\/de\/wp-json\/wp\/v2\/comments?post=4411"}],"wp:featuredmedia":[{"embeddable":true,"href":"https:\/\/ruishengglassco.com\/de\/wp-json\/wp\/v2\/media\/4414"}],"wp:attachment":[{"href":"https:\/\/ruishengglassco.com\/de\/wp-json\/wp\/v2\/media?parent=4411"}],"wp:term":[{"taxonomy":"product_cat","embeddable":true,"href":"https:\/\/ruishengglassco.com\/de\/wp-json\/wp\/v2\/product_cat?post=4411"}],"curies":[{"name":"wp","href":"https:\/\/api.w.org\/{rel}","templated":true}]}}