{"id":4401,"date":"2025-03-15T23:09:41","date_gmt":"2025-03-15T15:09:41","guid":{"rendered":"https:\/\/ruishengglassco.com\/?post_type=product&#038;p=4401"},"modified":"2025-07-17T13:15:00","modified_gmt":"2025-07-17T05:15:00","slug":"rs153-china-transparente-whiskey-flasche-produktion","status":"publish","type":"product","link":"https:\/\/ruishengglassco.com\/de\/produkt\/rs153-china-transparente-whiskey-flasche-produktion","title":{"rendered":"RS153 China Transparente Whiskeyflasche Produktion"},"content":{"rendered":"<h2 data-spm-anchor-id=\"a2700.details.0.i82.67a53c122iOfKz\">Spezifikationen<\/h2>\n<div class=\"attribute-list\">\n<div class=\"attribute-item\">\n<ul>\n<li class=\"left\">Handhabung der Oberfl\u00e4che: <span style=\"color: var(--wpex-text-2);\">Innengravur<\/span><\/li>\n<li class=\"left\">Industrielle Nutzung: <span style=\"color: var(--wpex-text-2);\">Getr\u00e4nke<\/span><\/li>\n<li class=\"left\">Art der Versiegelung: <span style=\"color: var(--wpex-text-2);\">SCHRAUBENKAPPE\/Kork<\/span><\/li>\n<li class=\"left\">Ort der Herkunft: <span style=\"color: var(--wpex-text-2);\">Shandong, China<\/span><\/li>\n<li class=\"left\">Grundmaterial: S<span style=\"color: var(--wpex-text-2);\">oberes Flintglas<\/span><\/li>\n<li class=\"left\">Material des Geh\u00e4uses: <span style=\"color: var(--wpex-text-2);\">Super-Flintglas<\/span><\/li>\n<li class=\"left\">Modellnummer: <span style=\"color: var(--wpex-text-2);\">RS-160<\/span><\/li>\n<li class=\"left\">Markenname: <span style=\"color: var(--wpex-text-2);\">RUISHENG<\/span><\/li>\n<li class=\"left\">Verwendung: <span style=\"color: var(--wpex-text-2);\">Alkohol\/Lik\u00f6r\/Spirituosen\/Wodka\/Whisky\/Brandy\/Rum\/Gin<\/span><\/li>\n<li class=\"left\">Verpacken: <span style=\"color: var(--wpex-text-2);\">Kundenspezifische Verpackung akzeptabel<\/span><\/li>\n<li class=\"left\">Kapazit\u00e4t: <span style=\"color: var(--wpex-text-2);\">200ml\/300ml\/500ml\/700\/750ml\/1000ml<\/span><\/li>\n<li class=\"left\">Die Form: <span style=\"color: var(--wpex-text-2);\">Kundenspezifische Form<\/span><\/li>\n<li class=\"left\">Logo: <span style=\"color: var(--wpex-text-2);\">Akzeptables Kundenlogo<\/span><\/li>\n<li class=\"left\">Dienst: <span style=\"color: var(--wpex-text-2);\">OEM\/ODM<\/span><\/li>\n<li class=\"left\">Beispiel: <span style=\"color: var(--wpex-text-2);\">Unentgeltlich zur Verf\u00fcgung gestellt<\/span><\/li>\n<li class=\"left\">Logo-Druck: <span style=\"color: var(--wpex-text-2);\">Kundenlogo-Druck akzeptieren<\/span><\/li>\n<li class=\"left\">Lieferfrist: <span style=\"color: var(--wpex-text-2);\">30-45 Tage<\/span><\/li>\n<li class=\"left\">Verpackung: <span style=\"font-family: var(--wpex-heading-font-family); font-style: var(--wpex-heading-font-style); letter-spacing: var(--wpex-heading-letter-spacing); text-transform: var(--wpex-heading-text-transform); color: var(--wpex-text-2);\" data-spm-anchor-id=\"a2700.details.0.i77.67a53c122iOfKz\">Standard-Exportkarton\/<\/span><span style=\"color: var(--wpex-text-2);\">Palette\/<\/span><span style=\"color: var(--wpex-text-2);\">Kundenspezifische Verpackung<\/span><\/li>\n<li class=\"left\">Hafen: <span style=\"color: var(--wpex-text-2);\">Qingdao<\/span><\/li>\n<\/ul>\n<\/div>\n<\/div>\n<div class=\"attribute-list\">\n<div class=\"attribute-item\">\u00a0<\/div>\n<\/div>\n<div class=\"row align-middle\"  id=\"row-1326301831\">\n\n\t<div id=\"col-389944450\" class=\"col medium-6 small-12 large-6\"  >\n\t\t\t\t<div class=\"col-inner\"  >\n\t\t\t\n\t\t\t\n\t<div class=\"img has-hover x md-x lg-x y md-y lg-y\" id=\"image_570270046\">\n\t\t\t\t\t\t\t\t<div class=\"img-inner image-cover dark\" style=\"padding-top:50%;\">\n\t\t\t<img decoding=\"async\" width=\"1000\" height=\"750\" src=\"https:\/\/ruishengglassco.com\/wp-content\/uploads\/2025\/04\/Cooperative-Partner-of-Ruisheng-Glass-Bottle-Manufacturer.webp\" class=\"attachment-original size-original\" alt=\"Kooperativer Partner des Glasflaschenherstellers Ruisheng\" srcset=\"https:\/\/ruishengglassco.com\/wp-content\/uploads\/2025\/04\/Cooperative-Partner-of-Ruisheng-Glass-Bottle-Manufacturer.webp 1000w, https:\/\/ruishengglassco.com\/wp-content\/uploads\/2025\/04\/Cooperative-Partner-of-Ruisheng-Glass-Bottle-Manufacturer-300x225.webp 300w, https:\/\/ruishengglassco.com\/wp-content\/uploads\/2025\/04\/Cooperative-Partner-of-Ruisheng-Glass-Bottle-Manufacturer-768x576.webp 768w, https:\/\/ruishengglassco.com\/wp-content\/uploads\/2025\/04\/Cooperative-Partner-of-Ruisheng-Glass-Bottle-Manufacturer-16x12.webp 16w, https:\/\/ruishengglassco.com\/wp-content\/uploads\/2025\/04\/Cooperative-Partner-of-Ruisheng-Glass-Bottle-Manufacturer-800x600.webp 800w\" sizes=\"(max-width: 1000px) 100vw, 1000px\" \/>\t\t\t\t\t\t\n\t\t\t\t\t<\/div>\n\t\t\t\t\t\t\t\t\n<style>\n#image_570270046 {\n  width: 100%;\n}\n<\/style>\n\t<\/div>\n\t\n\t\t<\/div>\n\t\t\t\t\t<\/div>\n\n\t\n\n\t<div id=\"col-339259822\" class=\"col medium-6 small-12 large-6\"  >\n\t\t\t\t<div class=\"col-inner\"  >\n\t\t\t\n\t\t\t\n<h2><span data-preserver-spaces=\"true\">Ruisheng Glasfabrik in Shandong, China<\/span><\/h2>\n<p><span data-preserver-spaces=\"true\">Seit 2009 sind unsere moderne Produktionsanlage f\u00fcr Glasflaschen und unser gut ausgestattetes Forschungs- und Entwicklungszentrum auf einer Fl\u00e4che von 5.000.000 Quadratmetern in Betrieb. <\/span><span data-preserver-spaces=\"true\">Die Fabrik <\/span><span data-preserver-spaces=\"true\">macht<\/span><span data-preserver-spaces=\"true\"> hochwertige Glasflaschen f\u00fcr Spirituosen, Whiskey, Wodka, Brandy und andere <\/span><span data-preserver-spaces=\"true\">Getr\u00e4nke<\/span><span data-preserver-spaces=\"true\">.<\/span><\/p>\n\t\t<\/div>\n\t\t\t\t\t<\/div>\n\n\t\n<\/div>\n\t<div id=\"text-3724840486\" class=\"text\">\n\t\t\n<div class=\"attribute-list\">\n<div class=\"attribute-item\">\n<div class=\"right\">\n<h2>Volle Kapazit\u00e4t in unserer Fabrik f\u00fcr Lik\u00f6rglasflaschen<\/h2>\n<\/div>\n<\/div>\n<\/div>\n\t\t\n<style>\n#text-3724840486 {\n  text-align: center;\n}\n<\/style>\n\t<\/div>\n\t\n<div class=\"row\"  id=\"row-1832599150\">\n\n\t<div id=\"col-431472249\" class=\"col medium-3 small-6 large-3\"  >\n\t\t\t\t<div class=\"col-inner\"  >\n\t\t\t\n\t\t\t\n<h4 data-block-id=\"af96dd16-66c2-4462-af20-a66de914a210\" data-pm-slice=\"1 1 &#091;&#093;\"><strong>12 Produktionslinien<\/strong><\/h4>\n<p data-block-id=\"e79032f9-c421-4fd3-b574-69946d694597\">Unsere halbautomatischen Produktionslinien f\u00fcr Glasflaschen sind effizient. Sie k\u00f6nnen verschiedene Arten von Glasflaschen gleichzeitig herstellen.<\/p>\n\t\t<\/div>\n\t\t\t\t\t<\/div>\n\n\t\n\n\t<div id=\"col-66094044\" class=\"col medium-3 small-6 large-3\"  >\n\t\t\t\t<div class=\"col-inner\"  >\n\t\t\t\n\t\t\t\n<h4 data-start=\"321\" data-end=\"346\"><strong data-start=\"326\" data-end=\"344\">500+ Mitarbeiter<\/strong><\/h4>\n<p data-start=\"347\" data-end=\"423\">Ruisheng Glass hat \u00fcber 500 engagierte Mitarbeiter, darunter:<\/p>\n<ul data-start=\"424\" data-end=\"540\">\n<li data-start=\"424\" data-end=\"451\">15 Industriedesigner<\/li>\n<li data-start=\"452\" data-end=\"485\">35 Inspektoren f\u00fcr Produktqualit\u00e4t<\/li>\n<li data-start=\"486\" data-end=\"540\">Produktionsmitarbeiter, Vertriebs- und Marketingpersonal<\/li>\n<\/ul>\n\t\t<\/div>\n\t\t\t\t\t<\/div>\n\n\t\n\n\t<div id=\"col-445957883\" class=\"col medium-3 small-6 large-3\"  >\n\t\t\t\t<div class=\"col-inner\"  >\n\t\t\t\n\t\t\t\n<p data-block-id=\"da5bf13a-e5b2-4865-b830-010e3f03c76f\" data-pm-slice=\"1 1 &#091;&#093;\"><strong>8000+ Design-Formen<\/strong><\/p>\n<p data-block-id=\"8cf01a23-7ac8-479a-9faf-a4ce0cb2c5bd\">Wir haben einen gro\u00dfen eigenen Formenbestand. Das gibt uns die Flexibilit\u00e4t, unterschiedliche Kundenw\u00fcnsche zu erf\u00fcllen.<\/p>\n\t\t<\/div>\n\t\t\t\t\t<\/div>\n\n\t\n\n\t<div id=\"col-729989192\" class=\"col medium-3 small-6 large-3\"  >\n\t\t\t\t<div class=\"col-inner\"  >\n\t\t\t\n\t\t\t\n<h4 data-start=\"691\" data-end=\"723\"><strong data-start=\"696\" data-end=\"721\">120.000+ Tagesleistung<\/strong><\/h4>\n<p data-start=\"724\" data-end=\"815\">Unsere gro\u00df angelegte Produktion gew\u00e4hrleistet eine schnelle Reaktion auf den Markt und eine effiziente Auftragsabwicklung.<\/p>\n\t\t<\/div>\n\t\t\t\t\t<\/div>\n\n\t\n<\/div>","protected":false},"excerpt":{"rendered":"<p>Spezifikationen Oberfl\u00e4chenbehandlung: Innengravur Industrielle Verwendung: Getr\u00e4nk Verschlusstyp: SCREW CAP\/Kork Herkunftsort: Shandong, China Grundmaterial: Super Flintglas K\u00f6rper Material: Super Feuerstein Glas Modellnummer: RS-160 Markenname: RUISHENG Verwendung: Alkohol\/Lik\u00f6r\/Spirituosen\/Wodka\/Whisky\/Brandy\/Rum\/Gin Verpackung: Kundenspezifische Verpackung Akzeptable Kapazit\u00e4t: 200ml\/300ml\/500ml\/700\/750ml\/1000ml Form: Kundenspezifische Form Logo: Akzeptabel Logo des Kunden Service: OEM \/ODM Probe: Frei zur Verf\u00fcgung gestellt Logo...<\/p>","protected":false},"featured_media":4402,"comment_status":"closed","ping_status":"closed","template":"","meta":[],"product_cat":[54],"class_list":{"0":"post-4401","1":"product","2":"type-product","3":"status-publish","4":"has-post-thumbnail","6":"product_cat-whiskey-bottle","8":"first","9":"instock","10":"shipping-taxable","11":"product-type-simple"},"yoast_head":"<!-- This site is optimized with the Yoast SEO plugin v22.0 - https:\/\/yoast.com\/wordpress\/plugins\/seo\/ -->\n<title>RS153 China Transparent Whiskey Bottle Production -<\/title>\n<meta name=\"robots\" content=\"index, follow, max-snippet:-1, max-image-preview:large, max-video-preview:-1\" \/>\n<link rel=\"canonical\" href=\"https:\/\/ruishengglassco.com\/de\/rs153-china-transparente-whiskey-flasche-produktion\/\" \/>\n<meta property=\"og:locale\" content=\"de_DE\" \/>\n<meta property=\"og:type\" content=\"article\" \/>\n<meta property=\"og:title\" content=\"RS153 China Transparent Whiskey Bottle Production -\" \/>\n<meta property=\"og:description\" content=\"Specifications Surface Handling: Inside Engraving Industrial Use: Beverage Sealing Type: SCREW CAP\/Cork Place of Origin: Shandong, China Base Material: Super flint glass Body Material: Super flint glass Model Number: RS-160 Brand Name: RUISHENG Usage: Alcohol\/liquor\/spirits\/vodka\/whisky\/brandy\/rum\/gin Packing: Custom Packing Acceptable Capacity: 200ml\/300ml\/500ml\/700\/750ml\/1000ml Shape: Customized Shape Logo: Acceptable Customer&#8217;s Logo Service: OEM \/ODM Sample: Provided Freely Logo...\" \/>\n<meta property=\"og:url\" content=\"https:\/\/ruishengglassco.com\/de\/rs153-china-transparente-whiskey-flasche-produktion\/\" \/>\n<meta property=\"article:publisher\" content=\"https:\/\/www.facebook.com\/ruishengglassbottles\" \/>\n<meta property=\"article:modified_time\" content=\"2025-07-17T05:15:00+00:00\" \/>\n<meta property=\"og:image\" content=\"https:\/\/ruishengglassco.com\/wp-content\/uploads\/2025\/03\/RS153-China-Transparent-Whiskey-Bottle-Production.webp\" \/>\n\t<meta property=\"og:image:width\" content=\"800\" \/>\n\t<meta property=\"og:image:height\" content=\"800\" \/>\n\t<meta property=\"og:image:type\" content=\"image\/webp\" \/>\n<meta name=\"twitter:card\" content=\"summary_large_image\" \/>\n<meta name=\"twitter:label1\" content=\"Gesch\u00e4tzte Lesezeit\" \/>\n\t<meta name=\"twitter:data1\" content=\"1\u00a0Minute\" \/>\n<script type=\"application\/ld+json\" class=\"yoast-schema-graph\">{\"@context\":\"https:\/\/schema.org\",\"@graph\":[{\"@type\":\"WebPage\",\"@id\":\"https:\/\/ruishengglassco.com\/rs153-china-transparent-whiskey-bottle-production\",\"url\":\"https:\/\/ruishengglassco.com\/rs153-china-transparent-whiskey-bottle-production\",\"name\":\"RS153 China Transparent Whiskey Bottle Production -\",\"isPartOf\":{\"@id\":\"https:\/\/ruishengglassco.com\/#website\"},\"datePublished\":\"2025-03-15T15:09:41+00:00\",\"dateModified\":\"2025-07-17T05:15:00+00:00\",\"breadcrumb\":{\"@id\":\"https:\/\/ruishengglassco.com\/rs153-china-transparent-whiskey-bottle-production#breadcrumb\"},\"inLanguage\":\"de\",\"potentialAction\":[{\"@type\":\"ReadAction\",\"target\":[\"https:\/\/ruishengglassco.com\/rs153-china-transparent-whiskey-bottle-production\"]}]},{\"@type\":\"BreadcrumbList\",\"@id\":\"https:\/\/ruishengglassco.com\/rs153-china-transparent-whiskey-bottle-production#breadcrumb\",\"itemListElement\":[{\"@type\":\"ListItem\",\"position\":1,\"name\":\"Home\",\"item\":\"https:\/\/ruishengglassco.com\/\"},{\"@type\":\"ListItem\",\"position\":2,\"name\":\"Products\",\"item\":\"https:\/\/ruishengglassco.com\/products\"},{\"@type\":\"ListItem\",\"position\":3,\"name\":\"RS153 China Transparent Whiskey Bottle Production\"}]},{\"@type\":\"WebSite\",\"@id\":\"https:\/\/ruishengglassco.com\/#website\",\"url\":\"https:\/\/ruishengglassco.com\/\",\"name\":\"Ruisheng Glass\",\"description\":\"\",\"publisher\":{\"@id\":\"https:\/\/ruishengglassco.com\/#organization\"},\"potentialAction\":[{\"@type\":\"SearchAction\",\"target\":{\"@type\":\"EntryPoint\",\"urlTemplate\":\"https:\/\/ruishengglassco.com\/?s={search_term_string}\"},\"query-input\":\"required name=search_term_string\"}],\"inLanguage\":\"de\"},{\"@type\":\"Organization\",\"@id\":\"https:\/\/ruishengglassco.com\/#organization\",\"name\":\"Shandong Yuncheng Ruisheng Glass Co., Ltd\",\"url\":\"https:\/\/ruishengglassco.com\/\",\"logo\":{\"@type\":\"ImageObject\",\"inLanguage\":\"de\",\"@id\":\"https:\/\/ruishengglassco.com\/#\/schema\/logo\/image\/\",\"url\":\"https:\/\/ruishengglassco.com\/wp-content\/uploads\/2023\/09\/ruisheng_logo_icon.webp\",\"contentUrl\":\"https:\/\/ruishengglassco.com\/wp-content\/uploads\/2023\/09\/ruisheng_logo_icon.webp\",\"width\":400,\"height\":233,\"caption\":\"Shandong Yuncheng Ruisheng Glass Co., Ltd\"},\"image\":{\"@id\":\"https:\/\/ruishengglassco.com\/#\/schema\/logo\/image\/\"},\"sameAs\":[\"https:\/\/www.facebook.com\/ruishengglassbottles\",\"https:\/\/www.instagram.com\/Ruishengglassbottlewholesales\/\",\"https:\/\/www.youtube.com\/channel\/UCMmbMNGwsL-XrtjfSFLCdVQ\"]}]}<\/script>\n<!-- \/ Yoast SEO plugin. -->","yoast_head_json":{"title":"RS153 China Transparent Whiskey Bottle Production -","robots":{"index":"index","follow":"follow","max-snippet":"max-snippet:-1","max-image-preview":"max-image-preview:large","max-video-preview":"max-video-preview:-1"},"canonical":"https:\/\/ruishengglassco.com\/de\/rs153-china-transparente-whiskey-flasche-produktion\/","og_locale":"de_DE","og_type":"article","og_title":"RS153 China Transparent Whiskey Bottle Production -","og_description":"Specifications Surface Handling: Inside Engraving Industrial Use: Beverage Sealing Type: SCREW CAP\/Cork Place of Origin: Shandong, China Base Material: Super flint glass Body Material: Super flint glass Model Number: RS-160 Brand Name: RUISHENG Usage: Alcohol\/liquor\/spirits\/vodka\/whisky\/brandy\/rum\/gin Packing: Custom Packing Acceptable Capacity: 200ml\/300ml\/500ml\/700\/750ml\/1000ml Shape: Customized Shape Logo: Acceptable Customer&#8217;s Logo Service: OEM \/ODM Sample: Provided Freely Logo...","og_url":"https:\/\/ruishengglassco.com\/de\/rs153-china-transparente-whiskey-flasche-produktion\/","article_publisher":"https:\/\/www.facebook.com\/ruishengglassbottles","article_modified_time":"2025-07-17T05:15:00+00:00","og_image":[{"width":800,"height":800,"url":"https:\/\/ruishengglassco.com\/wp-content\/uploads\/2025\/03\/RS153-China-Transparent-Whiskey-Bottle-Production.webp","type":"image\/webp"}],"twitter_card":"summary_large_image","twitter_misc":{"Gesch\u00e4tzte Lesezeit":"1\u00a0Minute"},"schema":{"@context":"https:\/\/schema.org","@graph":[{"@type":"WebPage","@id":"https:\/\/ruishengglassco.com\/rs153-china-transparent-whiskey-bottle-production","url":"https:\/\/ruishengglassco.com\/rs153-china-transparent-whiskey-bottle-production","name":"RS153 China Transparent Whiskey Bottle Production -","isPartOf":{"@id":"https:\/\/ruishengglassco.com\/#website"},"datePublished":"2025-03-15T15:09:41+00:00","dateModified":"2025-07-17T05:15:00+00:00","breadcrumb":{"@id":"https:\/\/ruishengglassco.com\/rs153-china-transparent-whiskey-bottle-production#breadcrumb"},"inLanguage":"de","potentialAction":[{"@type":"ReadAction","target":["https:\/\/ruishengglassco.com\/rs153-china-transparent-whiskey-bottle-production"]}]},{"@type":"BreadcrumbList","@id":"https:\/\/ruishengglassco.com\/rs153-china-transparent-whiskey-bottle-production#breadcrumb","itemListElement":[{"@type":"ListItem","position":1,"name":"Home","item":"https:\/\/ruishengglassco.com\/"},{"@type":"ListItem","position":2,"name":"Products","item":"https:\/\/ruishengglassco.com\/products"},{"@type":"ListItem","position":3,"name":"RS153 China Transparent Whiskey Bottle Production"}]},{"@type":"WebSite","@id":"https:\/\/ruishengglassco.com\/#website","url":"https:\/\/ruishengglassco.com\/","name":"Ruisheng Glass","description":"","publisher":{"@id":"https:\/\/ruishengglassco.com\/#organization"},"potentialAction":[{"@type":"SearchAction","target":{"@type":"EntryPoint","urlTemplate":"https:\/\/ruishengglassco.com\/?s={search_term_string}"},"query-input":"required name=search_term_string"}],"inLanguage":"de"},{"@type":"Organization","@id":"https:\/\/ruishengglassco.com\/#organization","name":"Shandong Yuncheng Ruisheng Glass Co., Ltd","url":"https:\/\/ruishengglassco.com\/","logo":{"@type":"ImageObject","inLanguage":"de","@id":"https:\/\/ruishengglassco.com\/#\/schema\/logo\/image\/","url":"https:\/\/ruishengglassco.com\/wp-content\/uploads\/2023\/09\/ruisheng_logo_icon.webp","contentUrl":"https:\/\/ruishengglassco.com\/wp-content\/uploads\/2023\/09\/ruisheng_logo_icon.webp","width":400,"height":233,"caption":"Shandong Yuncheng Ruisheng Glass Co., Ltd"},"image":{"@id":"https:\/\/ruishengglassco.com\/#\/schema\/logo\/image\/"},"sameAs":["https:\/\/www.facebook.com\/ruishengglassbottles","https:\/\/www.instagram.com\/Ruishengglassbottlewholesales\/","https:\/\/www.youtube.com\/channel\/UCMmbMNGwsL-XrtjfSFLCdVQ"]}]}},"_links":{"self":[{"href":"https:\/\/ruishengglassco.com\/de\/wp-json\/wp\/v2\/product\/4401","targetHints":{"allow":["GET"]}}],"collection":[{"href":"https:\/\/ruishengglassco.com\/de\/wp-json\/wp\/v2\/product"}],"about":[{"href":"https:\/\/ruishengglassco.com\/de\/wp-json\/wp\/v2\/types\/product"}],"replies":[{"embeddable":true,"href":"https:\/\/ruishengglassco.com\/de\/wp-json\/wp\/v2\/comments?post=4401"}],"wp:featuredmedia":[{"embeddable":true,"href":"https:\/\/ruishengglassco.com\/de\/wp-json\/wp\/v2\/media\/4402"}],"wp:attachment":[{"href":"https:\/\/ruishengglassco.com\/de\/wp-json\/wp\/v2\/media?parent=4401"}],"wp:term":[{"taxonomy":"product_cat","embeddable":true,"href":"https:\/\/ruishengglassco.com\/de\/wp-json\/wp\/v2\/product_cat?post=4401"}],"curies":[{"name":"wp","href":"https:\/\/api.w.org\/{rel}","templated":true}]}}