{"id":4399,"date":"2025-03-15T23:07:43","date_gmt":"2025-03-15T15:07:43","guid":{"rendered":"https:\/\/ruishengglassco.com\/?post_type=product&#038;p=4399"},"modified":"2025-07-17T11:02:37","modified_gmt":"2025-07-17T03:02:37","slug":"rs151-groshandel-700ml-whiskey-flasche","status":"publish","type":"product","link":"https:\/\/ruishengglassco.com\/de\/produkt\/rs151-groshandel-700ml-whiskey-flasche","title":{"rendered":"RS151 700ml Whiskey-Flasche"},"content":{"rendered":"<h2><span data-preserver-spaces=\"true\">Spezifikationen<\/span><\/h2>\n<ul>\n<li><span data-preserver-spaces=\"true\">Oberfl\u00e4chenbehandlung: Innen-Gravur<\/span><\/li>\n<li><span data-preserver-spaces=\"true\">Industrielle Nutzung: Getr\u00e4nk<\/span><\/li>\n<li><span data-preserver-spaces=\"true\">Dichtungsart: SCREW CAP\/Kork<\/span><\/li>\n<li><span data-preserver-spaces=\"true\">Herkunftsort: Shandong, China<\/span><\/li>\n<li><span data-preserver-spaces=\"true\">Material der Basis: Superflintglas<\/span><\/li>\n<li><span data-preserver-spaces=\"true\">Material des Geh\u00e4uses: Superflintglas<\/span><\/li>\n<li><span data-preserver-spaces=\"true\">Modell-Nummer: RS-160<\/span><\/li>\n<li><span data-preserver-spaces=\"true\">Markenname: RUISHENG<\/span><\/li>\n<li><span data-preserver-spaces=\"true\">Verwendung: Alkohol\/Lik\u00f6r\/Spirituosen\/Wodka\/Whisky\/Brandy\/Rum\/Gin<\/span><\/li>\n<li><span data-preserver-spaces=\"true\">Verpacken: Benutzerdefinierte Verpackung ist akzeptabel<\/span><\/li>\n<li><span data-preserver-spaces=\"true\">Capacity: 200ml\/300ml\/500ml\/700\/750ml\/1000ml<\/span><\/li>\n<li><span data-preserver-spaces=\"true\">Form: Kundenspezifische Form<\/span><\/li>\n<li><span data-preserver-spaces=\"true\">Logo: Akzeptables Logo des Kunden<\/span><\/li>\n<li><span data-preserver-spaces=\"true\">Dienstleistung: OEM \/ODM<\/span><\/li>\n<li><span data-preserver-spaces=\"true\">Muster: Unentgeltlich zur Verf\u00fcgung gestellt<\/span><\/li>\n<li><span data-preserver-spaces=\"true\">Logo-Druck: Akzeptieren Kundenlogo Druck<\/span><\/li>\n<li><span data-preserver-spaces=\"true\">Lieferzeiten: 30-45 Tage<\/span><\/li>\n<li><span data-preserver-spaces=\"true\">Verpackung: Standard-Exportkarton\/Palette\/individuelle Verpackung<\/span><\/li>\n<li><span data-preserver-spaces=\"true\">Hafen: Qingdao<\/span><\/li>\n<\/ul>\n<h3><strong><span data-preserver-spaces=\"true\">Ruisheng Glasfabrik in Shandong, China<\/span><\/strong><\/h3>\n<p><span data-preserver-spaces=\"true\">Seit 2009 sind unsere moderne Produktionsanlage f\u00fcr Glasflaschen und unser gut ausgestattetes Forschungs- und Entwicklungszentrum auf einer Fl\u00e4che von 5.000.000 Quadratmetern in Betrieb. Die Fabrik stellt hochwertige Glasflaschen her. Diese Flaschen sind f\u00fcr Lik\u00f6r, Spirituosen, Whiskey, Wodka, Brandy und andere alkoholische Getr\u00e4nke bestimmt.<\/span><\/p>\n<h3><strong><span data-preserver-spaces=\"true\">Volle Kapazit\u00e4t in unserer Fabrik f\u00fcr Lik\u00f6rglasflaschen<\/span><\/strong><\/h3>\n<ul>\n<li><span data-preserver-spaces=\"true\">12 Produktionslinien <\/span><span data-preserver-spaces=\"true\">Halbautomatisch<\/span><span data-preserver-spaces=\"true\"> Glasflaschenlinien sind hocheffizient. Sie k\u00f6nnen gleichzeitig verschiedene Arten von Glasflaschen mit unterschiedlichen Behandlungsverfahren herstellen.<\/span><\/li>\n<li><strong><span data-preserver-spaces=\"true\">500+ Mitarbeiter<\/span><\/strong><span data-preserver-spaces=\"true\"> Unser Unternehmen besch\u00e4ftigt mehr als 500 Mitarbeiter, darunter 15 Industriedesigner, 35 Produktqualit\u00e4tspr\u00fcfer, verschiedene Produktionsmitarbeiter sowie Vertriebs- und Marketingpersonal.<\/span><\/li>\n<li><strong><span data-preserver-spaces=\"true\">8000+ Design-Formen<\/span><\/strong><span data-preserver-spaces=\"true\"> Das Vorhalten einer gro\u00dfen Anzahl von Werkzeugen im eigenen Haus gew\u00e4hrleistet Flexibilit\u00e4t und die F\u00e4higkeit, unterschiedliche Kundenanforderungen zu erf\u00fcllen.<\/span><\/li>\n<li><span data-preserver-spaces=\"true\">120.000+ Tagesproduktion. Wir k\u00f6nnen schnell eine Menge produzieren. Unsere gro\u00dfe Kapazit\u00e4t hilft Unternehmen, die Produktionsphasen reibungslos zu durchlaufen.<\/span><\/li>\n<\/ul>","protected":false},"excerpt":{"rendered":"<p>Spezifikationen Oberfl\u00e4chenbehandlung: Innengravur Industrielle Verwendung: Getr\u00e4nk Verschlusstyp: SCREW CAP\/Kork Herkunftsort: Shandong, China Grundmaterial: Super Flintglas K\u00f6rper Material: Super Feuerstein Glas Modell Nummer: RS-160 Markenname: RUISHENG Verwendung: Alkohol\/Lik\u00f6r\/Spirituosen\/Wodka\/Whisky\/Brandy\/Rum\/Gin Verpackung: Kundenspezifische Verpackung ist annehmbar Kapazit\u00e4t: 200ml\/300ml\/500ml\/700\/750ml\/1000ml Form: Kundenspezifische Form Logo: Akzeptabel Logo des Kunden Service: OEM \/ODM Probe: Frei zur Verf\u00fcgung gestellt...<\/p>","protected":false},"featured_media":4400,"comment_status":"closed","ping_status":"closed","template":"","meta":[],"product_cat":[54],"class_list":{"0":"post-4399","1":"product","2":"type-product","3":"status-publish","4":"has-post-thumbnail","6":"product_cat-whiskey-bottle","8":"first","9":"instock","10":"shipping-taxable","11":"product-type-simple"},"yoast_head":"<!-- This site is optimized with the Yoast SEO plugin v22.0 - https:\/\/yoast.com\/wordpress\/plugins\/seo\/ -->\n<title>700ml Whiskey Bottle Manufacturer<\/title>\n<meta name=\"robots\" content=\"index, follow, max-snippet:-1, max-image-preview:large, max-video-preview:-1\" \/>\n<link rel=\"canonical\" href=\"https:\/\/ruishengglassco.com\/de\/rs151-groshandel-700ml-whiskey-flasche\/\" \/>\n<meta property=\"og:locale\" content=\"de_DE\" \/>\n<meta property=\"og:type\" content=\"article\" \/>\n<meta property=\"og:title\" content=\"700ml Whiskey Bottle Manufacturer\" \/>\n<meta property=\"og:description\" content=\"Specifications Surface Handling: Inside Engraving Industrial Use: Beverage Sealing Type: SCREW CAP\/Cork Place of Origin: Shandong, China Base Material: Super flint glass Body Material: Super flint glass Model Number: RS-160 Brand Name: RUISHENG Usage: Alcohol\/liquor\/spirits\/vodka\/whisky\/brandy\/rum\/gin Packing: Custom Packing is Acceptable Capacity: 200ml\/300ml\/500ml\/700\/750ml\/1000ml Shape: Customized Shape Logo: Acceptable Customer&#8217;s Logo Service: OEM \/ODM Sample: Provided Freely...\" \/>\n<meta property=\"og:url\" content=\"https:\/\/ruishengglassco.com\/de\/rs151-groshandel-700ml-whiskey-flasche\/\" \/>\n<meta property=\"article:publisher\" content=\"https:\/\/www.facebook.com\/ruishengglassbottles\" \/>\n<meta property=\"article:modified_time\" content=\"2025-07-17T03:02:37+00:00\" \/>\n<meta property=\"og:image\" content=\"https:\/\/ruishengglassco.com\/wp-content\/uploads\/2025\/03\/RS151-Wholesale-700ml-Whiskey-Bottle.webp\" \/>\n\t<meta property=\"og:image:width\" content=\"800\" \/>\n\t<meta property=\"og:image:height\" content=\"800\" \/>\n\t<meta property=\"og:image:type\" content=\"image\/webp\" \/>\n<meta name=\"twitter:card\" content=\"summary_large_image\" \/>\n<meta name=\"twitter:label1\" content=\"Gesch\u00e4tzte Lesezeit\" \/>\n\t<meta name=\"twitter:data1\" content=\"2\u00a0Minuten\" \/>\n<script type=\"application\/ld+json\" class=\"yoast-schema-graph\">{\"@context\":\"https:\/\/schema.org\",\"@graph\":[{\"@type\":\"WebPage\",\"@id\":\"https:\/\/ruishengglassco.com\/rs151-wholesale-700ml-whiskey-bottle\",\"url\":\"https:\/\/ruishengglassco.com\/rs151-wholesale-700ml-whiskey-bottle\",\"name\":\"700ml Whiskey Bottle Manufacturer\",\"isPartOf\":{\"@id\":\"https:\/\/ruishengglassco.com\/#website\"},\"datePublished\":\"2025-03-15T15:07:43+00:00\",\"dateModified\":\"2025-07-17T03:02:37+00:00\",\"breadcrumb\":{\"@id\":\"https:\/\/ruishengglassco.com\/rs151-wholesale-700ml-whiskey-bottle#breadcrumb\"},\"inLanguage\":\"de\",\"potentialAction\":[{\"@type\":\"ReadAction\",\"target\":[\"https:\/\/ruishengglassco.com\/rs151-wholesale-700ml-whiskey-bottle\"]}]},{\"@type\":\"BreadcrumbList\",\"@id\":\"https:\/\/ruishengglassco.com\/rs151-wholesale-700ml-whiskey-bottle#breadcrumb\",\"itemListElement\":[{\"@type\":\"ListItem\",\"position\":1,\"name\":\"Home\",\"item\":\"https:\/\/ruishengglassco.com\/\"},{\"@type\":\"ListItem\",\"position\":2,\"name\":\"Products\",\"item\":\"https:\/\/ruishengglassco.com\/products\"},{\"@type\":\"ListItem\",\"position\":3,\"name\":\"RS151 700ml Whiskey Bottle\"}]},{\"@type\":\"WebSite\",\"@id\":\"https:\/\/ruishengglassco.com\/#website\",\"url\":\"https:\/\/ruishengglassco.com\/\",\"name\":\"Ruisheng Glass\",\"description\":\"\",\"publisher\":{\"@id\":\"https:\/\/ruishengglassco.com\/#organization\"},\"potentialAction\":[{\"@type\":\"SearchAction\",\"target\":{\"@type\":\"EntryPoint\",\"urlTemplate\":\"https:\/\/ruishengglassco.com\/?s={search_term_string}\"},\"query-input\":\"required name=search_term_string\"}],\"inLanguage\":\"de\"},{\"@type\":\"Organization\",\"@id\":\"https:\/\/ruishengglassco.com\/#organization\",\"name\":\"Shandong Yuncheng Ruisheng Glass Co., Ltd\",\"url\":\"https:\/\/ruishengglassco.com\/\",\"logo\":{\"@type\":\"ImageObject\",\"inLanguage\":\"de\",\"@id\":\"https:\/\/ruishengglassco.com\/#\/schema\/logo\/image\/\",\"url\":\"https:\/\/ruishengglassco.com\/wp-content\/uploads\/2023\/09\/ruisheng_logo_icon.webp\",\"contentUrl\":\"https:\/\/ruishengglassco.com\/wp-content\/uploads\/2023\/09\/ruisheng_logo_icon.webp\",\"width\":400,\"height\":233,\"caption\":\"Shandong Yuncheng Ruisheng Glass Co., Ltd\"},\"image\":{\"@id\":\"https:\/\/ruishengglassco.com\/#\/schema\/logo\/image\/\"},\"sameAs\":[\"https:\/\/www.facebook.com\/ruishengglassbottles\",\"https:\/\/www.instagram.com\/Ruishengglassbottlewholesales\/\",\"https:\/\/www.youtube.com\/channel\/UCMmbMNGwsL-XrtjfSFLCdVQ\"]}]}<\/script>\n<!-- \/ Yoast SEO plugin. -->","yoast_head_json":{"title":"700ml Whiskey Bottle Manufacturer","robots":{"index":"index","follow":"follow","max-snippet":"max-snippet:-1","max-image-preview":"max-image-preview:large","max-video-preview":"max-video-preview:-1"},"canonical":"https:\/\/ruishengglassco.com\/de\/rs151-groshandel-700ml-whiskey-flasche\/","og_locale":"de_DE","og_type":"article","og_title":"700ml Whiskey Bottle Manufacturer","og_description":"Specifications Surface Handling: Inside Engraving Industrial Use: Beverage Sealing Type: SCREW CAP\/Cork Place of Origin: Shandong, China Base Material: Super flint glass Body Material: Super flint glass Model Number: RS-160 Brand Name: RUISHENG Usage: Alcohol\/liquor\/spirits\/vodka\/whisky\/brandy\/rum\/gin Packing: Custom Packing is Acceptable Capacity: 200ml\/300ml\/500ml\/700\/750ml\/1000ml Shape: Customized Shape Logo: Acceptable Customer&#8217;s Logo Service: OEM \/ODM Sample: Provided Freely...","og_url":"https:\/\/ruishengglassco.com\/de\/rs151-groshandel-700ml-whiskey-flasche\/","article_publisher":"https:\/\/www.facebook.com\/ruishengglassbottles","article_modified_time":"2025-07-17T03:02:37+00:00","og_image":[{"width":800,"height":800,"url":"https:\/\/ruishengglassco.com\/wp-content\/uploads\/2025\/03\/RS151-Wholesale-700ml-Whiskey-Bottle.webp","type":"image\/webp"}],"twitter_card":"summary_large_image","twitter_misc":{"Gesch\u00e4tzte Lesezeit":"2\u00a0Minuten"},"schema":{"@context":"https:\/\/schema.org","@graph":[{"@type":"WebPage","@id":"https:\/\/ruishengglassco.com\/rs151-wholesale-700ml-whiskey-bottle","url":"https:\/\/ruishengglassco.com\/rs151-wholesale-700ml-whiskey-bottle","name":"700ml Whiskey Bottle Manufacturer","isPartOf":{"@id":"https:\/\/ruishengglassco.com\/#website"},"datePublished":"2025-03-15T15:07:43+00:00","dateModified":"2025-07-17T03:02:37+00:00","breadcrumb":{"@id":"https:\/\/ruishengglassco.com\/rs151-wholesale-700ml-whiskey-bottle#breadcrumb"},"inLanguage":"de","potentialAction":[{"@type":"ReadAction","target":["https:\/\/ruishengglassco.com\/rs151-wholesale-700ml-whiskey-bottle"]}]},{"@type":"BreadcrumbList","@id":"https:\/\/ruishengglassco.com\/rs151-wholesale-700ml-whiskey-bottle#breadcrumb","itemListElement":[{"@type":"ListItem","position":1,"name":"Home","item":"https:\/\/ruishengglassco.com\/"},{"@type":"ListItem","position":2,"name":"Products","item":"https:\/\/ruishengglassco.com\/products"},{"@type":"ListItem","position":3,"name":"RS151 700ml Whiskey Bottle"}]},{"@type":"WebSite","@id":"https:\/\/ruishengglassco.com\/#website","url":"https:\/\/ruishengglassco.com\/","name":"Ruisheng Glass","description":"","publisher":{"@id":"https:\/\/ruishengglassco.com\/#organization"},"potentialAction":[{"@type":"SearchAction","target":{"@type":"EntryPoint","urlTemplate":"https:\/\/ruishengglassco.com\/?s={search_term_string}"},"query-input":"required name=search_term_string"}],"inLanguage":"de"},{"@type":"Organization","@id":"https:\/\/ruishengglassco.com\/#organization","name":"Shandong Yuncheng Ruisheng Glass Co., Ltd","url":"https:\/\/ruishengglassco.com\/","logo":{"@type":"ImageObject","inLanguage":"de","@id":"https:\/\/ruishengglassco.com\/#\/schema\/logo\/image\/","url":"https:\/\/ruishengglassco.com\/wp-content\/uploads\/2023\/09\/ruisheng_logo_icon.webp","contentUrl":"https:\/\/ruishengglassco.com\/wp-content\/uploads\/2023\/09\/ruisheng_logo_icon.webp","width":400,"height":233,"caption":"Shandong Yuncheng Ruisheng Glass Co., Ltd"},"image":{"@id":"https:\/\/ruishengglassco.com\/#\/schema\/logo\/image\/"},"sameAs":["https:\/\/www.facebook.com\/ruishengglassbottles","https:\/\/www.instagram.com\/Ruishengglassbottlewholesales\/","https:\/\/www.youtube.com\/channel\/UCMmbMNGwsL-XrtjfSFLCdVQ"]}]}},"_links":{"self":[{"href":"https:\/\/ruishengglassco.com\/de\/wp-json\/wp\/v2\/product\/4399","targetHints":{"allow":["GET"]}}],"collection":[{"href":"https:\/\/ruishengglassco.com\/de\/wp-json\/wp\/v2\/product"}],"about":[{"href":"https:\/\/ruishengglassco.com\/de\/wp-json\/wp\/v2\/types\/product"}],"replies":[{"embeddable":true,"href":"https:\/\/ruishengglassco.com\/de\/wp-json\/wp\/v2\/comments?post=4399"}],"wp:featuredmedia":[{"embeddable":true,"href":"https:\/\/ruishengglassco.com\/de\/wp-json\/wp\/v2\/media\/4400"}],"wp:attachment":[{"href":"https:\/\/ruishengglassco.com\/de\/wp-json\/wp\/v2\/media?parent=4399"}],"wp:term":[{"taxonomy":"product_cat","embeddable":true,"href":"https:\/\/ruishengglassco.com\/de\/wp-json\/wp\/v2\/product_cat?post=4399"}],"curies":[{"name":"wp","href":"https:\/\/api.w.org\/{rel}","templated":true}]}}