{"id":4394,"date":"2025-03-15T22:42:13","date_gmt":"2025-03-15T14:42:13","guid":{"rendered":"https:\/\/ruishengglassco.com\/?post_type=product&#038;p=4394"},"modified":"2025-07-17T15:16:52","modified_gmt":"2025-07-17T07:16:52","slug":"rs001-groshandel-250ml-schraubverschluss-glasflaschen-fur-spirituosen","status":"publish","type":"product","link":"https:\/\/ruishengglassco.com\/de\/produkt\/rs001-groshandel-250ml-schraubverschluss-glasflaschen-fur-spirituosen","title":{"rendered":"RS001 250ml Schraubverschluss-Glasflaschen f\u00fcr Spirituosen"},"content":{"rendered":"<h2><span style=\"color: #000000;\">Details \u00fcber Gro\u00dfhandel 250ml Schraube oben Glasflaschen f\u00fcr Liquor<\/span><\/h2>\n<p>Diese 250-ml-Glasflaschen mit Schraubverschluss eignen sich hervorragend f\u00fcr die Verpackung von Spirituosen. Sie eignen sich gut f\u00fcr Spirituosen, Whiskey, Brandy, Wodka, Cognac, Tequila, Champagner und mehr.<\/p>\n<p>Die Produkte werden aus hochwertigen Glasrohstoffen hergestellt, die in mehr als 10 Verfahren verarbeitet werden. Transparent, sauber und frei von Verunreinigungen. Es kann die Qualit\u00e4t der Spirituose perfekt hervorheben und die Gesamtqualit\u00e4t des Produkts verbessern.<\/p>\n<p>Wenn Sie mit dem von uns angebotenen Modell zufrieden sind, k\u00f6nnen wir 100% nach dem Originalmodell herstellen. Wenn Sie kundenspezifischen Service ben\u00f6tigen. Sie k\u00f6nnen Anfragen f\u00fcr jede der Weinflaschengr\u00f6\u00dfen, -formen, -farben, -oberfl\u00e4chenbehandlungen, -etiketten, -kappen, etc. stellen, und wir werden entsprechend Ihren Anforderungen produzieren.<\/p>\n<ul>\n<li>Produktname: Gro\u00dfhandel 250ml Schraube oben Glasflaschen f\u00fcr Liquor<\/li>\n<li>Marke: Ruisheng\/RS Glas<\/li>\n<li>Referenz: RS001<\/li>\n<li>Material Glas: Hohe Flint Glas Material<\/li>\n<li>Nenninhalt: 250 ml<\/li>\n<li>Gewicht der Flasche: 550g<\/li>\n<li>Verschlusstyp: Ropp \/ GPI \/ Kork \/ Guala \/ Swing Top \/ Kundenspezifische Verschlie\u00dfmethode<\/li>\n<li>Anwendung: Wodka-Flasche, Whiskey-Flasche, Cognac-Flasche, Rum-Flasche, Xo-Flasche<\/li>\n<li>Verpackung\n<ul>\n<li>24 St\u00fcck\/Karton, mit Kartontrenner<\/li>\n<li>6 St\u00fcck \/ farbige Schachtel, mit Kartontrenner<\/li>\n<li>Palettenverpackung, mit Kartontrennung<\/li>\n<li>Karton \/ Kiste + Palettenverpackung<\/li>\n<\/ul>\n<\/li>\n<li><span style=\"color: #ff0000;\">MOQ: 6000 St\u00fcck f\u00fcr einen neuen Lauf<\/span><\/li>\n<li>Vorlaufzeit: 20-30 Tage<\/li>\n<\/ul>\n<p data-start=\"1542\" data-end=\"1659\">Wenn Sie weitere Fragen zu Gro\u00dfhandel 250ml Screw Top Glasflaschen f\u00fcr Liquor haben, kontaktieren Sie bitte unser Verkaufsteam.<\/p>\n<hr data-start=\"1661\" data-end=\"1664\" \/>\n<h2 data-start=\"1666\" data-end=\"1717\"><strong data-start=\"1670\" data-end=\"1715\">Ruisheng Glasfabrik in Shandong, China<\/strong><\/h2>\n<p data-start=\"1718\" data-end=\"1992\">Seit 2009 verf\u00fcgt Ruisheng Glass \u00fcber eine moderne Produktionsst\u00e4tte und ein gut ausgestattetes Forschungs- und Entwicklungszentrum mit einer Fl\u00e4che von 5.000.000 Quadratmetern. Das Werk ist auf die Herstellung von hochwertigen Glasflaschen f\u00fcr Spirituosen, einschlie\u00dflich Whiskey, Wodka, Brandy und andere alkoholische Getr\u00e4nke, spezialisiert.<\/p>\n<h3 data-start=\"1994\" data-end=\"2020\"><strong data-start=\"1998\" data-end=\"2018\">Fabrik Kapazit\u00e4t<\/strong><\/h3>\n<ul data-start=\"2021\" data-end=\"2577\">\n<li data-start=\"2021\" data-end=\"2178\"><strong data-start=\"2023\" data-end=\"2046\">12 Produktionslinien<\/strong> - Halbautomatische, hocheffiziente Produktionslinien f\u00fcr Glasflaschen, die verschiedene Behandlungsprozesse gleichzeitig durchf\u00fchren k\u00f6nnen.<\/li>\n<li data-start=\"2179\" data-end=\"2316\"><strong data-start=\"2181\" data-end=\"2199\">500+ Mitarbeiter<\/strong> - Dazu geh\u00f6ren 15 Industriedesigner, 35 Produktqualit\u00e4tspr\u00fcfer sowie Produktions-, Vertriebs- und Marketingpersonal.<\/li>\n<li data-start=\"2317\" data-end=\"2447\"><strong data-start=\"2319\" data-end=\"2342\">8.000+ Design-Formen<\/strong> - Das Vorhalten einer gro\u00dfen Anzahl von Werkzeugen im eigenen Haus bietet Flexibilit\u00e4t, um die unterschiedlichsten Kundenanforderungen zu erf\u00fcllen.<\/li>\n<li data-start=\"2448\" data-end=\"2577\"><strong data-start=\"2450\" data-end=\"2483\">120.000+ Flaschen Tagesproduktion<\/strong> - Die Massenproduktion in gro\u00dfem Ma\u00dfstab gew\u00e4hrleistet eine schnelle Reaktion auf den Markt und eine effiziente Auftragsabwicklung.<\/li>\n<\/ul>\n<h3 data-start=\"2579\" data-end=\"2621\"><strong data-start=\"2583\" data-end=\"2619\">Wie man bei Ruisheng Glass bestellt<\/strong><\/h3>\n<p data-start=\"2622\" data-end=\"2736\">Bei Anfragen, Bestellungen oder Sonderw\u00fcnschen wenden Sie sich bitte an unser Team, um Ihre Anforderungen zu besprechen und ein Angebot einzuholen.<\/p>","protected":false},"excerpt":{"rendered":"<p>Entdecken Sie Gro\u00dfhandel 250ml Schraubverschluss Glasflaschen f\u00fcr Spirituosen bei Ruisheng Glass Co. Ruisheng wurde 2009 gegr\u00fcndet und ist ein Top-Unternehmen in der Spirituosenflaschen-Verpackungsindustrie. Wir haben uns immer verpflichtet, One-Stop-Verpackungsl\u00f6sungen f\u00fcr die Lik\u00f6rflaschenindustrie anzubieten. Wir stellen Qualit\u00e4tsglasflaschen aus hochwertigen Glasmaterialien her. Sie finden bei uns viele Produkte wie Lik\u00f6rflaschen, Whiskeyflaschen, Brandyflaschen, Ginflaschen, Cognacflaschen, Tequilaflaschen und Weinflaschen.<\/p>\n<p>Als Hersteller von Spirituosenflaschen bieten wir OEM\/ODM-Dienstleistungen f\u00fcr unsere Kunden an. Wenn Sie Ihre Spirituosenflaschen-Typen nicht finden, machen Sie sich keine Sorgen. Sagen Sie uns Ihre Anforderung, und lassen Sie uns f\u00fcr Sie produzieren.<\/p>\n<p>Klicken Sie hier, um mehr Informationen \u00fcber Gro\u00dfhandel 250ml Screw Top Glasflaschen f\u00fcr Liquor wissen.<\/p>","protected":false},"featured_media":4395,"comment_status":"closed","ping_status":"closed","template":"","meta":[],"product_cat":[47],"class_list":{"0":"post-4394","1":"product","2":"type-product","3":"status-publish","4":"has-post-thumbnail","6":"product_cat-250ml-liquor-bottle-manufacturer","8":"first","9":"instock","10":"shipping-taxable","11":"product-type-simple"},"yoast_head":"<!-- This site is optimized with the Yoast SEO plugin v22.0 - https:\/\/yoast.com\/wordpress\/plugins\/seo\/ -->\n<title>250ml Screw Top Glass Bottles For Liquor-Ruisheng Glass<\/title>\n<meta name=\"description\" content=\"Find Wholesale 250ml Screw Top Glass Bottles For Liquor At Ruisheng Glass Co,. Factory Outlet&amp;Save Cost Here.\" \/>\n<meta name=\"robots\" content=\"index, follow, max-snippet:-1, max-image-preview:large, max-video-preview:-1\" \/>\n<link rel=\"canonical\" href=\"https:\/\/ruishengglassco.com\/de\/produkt\/rs001-groshandel-250ml-schraubverschluss-glasflaschen-fur-spirituosen\" \/>\n<meta property=\"og:locale\" content=\"de_DE\" \/>\n<meta property=\"og:type\" content=\"article\" \/>\n<meta property=\"og:title\" content=\"250ml Screw Top Glass Bottles For Liquor-Ruisheng Glass\" \/>\n<meta property=\"og:description\" content=\"Find Wholesale 250ml Screw Top Glass Bottles For Liquor At Ruisheng Glass Co,. Factory Outlet&amp;Save Cost Here.\" \/>\n<meta property=\"og:url\" content=\"https:\/\/ruishengglassco.com\/de\/produkt\/rs001-groshandel-250ml-schraubverschluss-glasflaschen-fur-spirituosen\" \/>\n<meta property=\"article:publisher\" content=\"https:\/\/www.facebook.com\/ruishengglassbottles\" \/>\n<meta property=\"article:modified_time\" content=\"2025-07-17T07:16:52+00:00\" \/>\n<meta property=\"og:image\" content=\"https:\/\/ruishengglassco.com\/wp-content\/uploads\/2025\/03\/RS001-Wholesale-250ml-Screw-Top-Glass-Bottles-For-Liquor.webp\" \/>\n\t<meta property=\"og:image:width\" content=\"800\" \/>\n\t<meta property=\"og:image:height\" content=\"800\" \/>\n\t<meta property=\"og:image:type\" content=\"image\/webp\" \/>\n<meta name=\"twitter:card\" content=\"summary_large_image\" \/>\n<meta name=\"twitter:label1\" content=\"Gesch\u00e4tzte Lesezeit\" \/>\n\t<meta name=\"twitter:data1\" content=\"2\u00a0Minuten\" \/>\n<script type=\"application\/ld+json\" class=\"yoast-schema-graph\">{\"@context\":\"https:\/\/schema.org\",\"@graph\":[{\"@type\":\"WebPage\",\"@id\":\"https:\/\/ruishengglassco.com\/product\/rs001-wholesale-250ml-screw-top-glass-bottles-for-liquor\",\"url\":\"https:\/\/ruishengglassco.com\/product\/rs001-wholesale-250ml-screw-top-glass-bottles-for-liquor\",\"name\":\"250ml Screw Top Glass Bottles For Liquor-Ruisheng Glass\",\"isPartOf\":{\"@id\":\"https:\/\/ruishengglassco.com\/#website\"},\"datePublished\":\"2025-03-15T14:42:13+00:00\",\"dateModified\":\"2025-07-17T07:16:52+00:00\",\"description\":\"Find Wholesale 250ml Screw Top Glass Bottles For Liquor At Ruisheng Glass Co,. Factory Outlet&Save Cost Here.\",\"breadcrumb\":{\"@id\":\"https:\/\/ruishengglassco.com\/product\/rs001-wholesale-250ml-screw-top-glass-bottles-for-liquor#breadcrumb\"},\"inLanguage\":\"de\",\"potentialAction\":[{\"@type\":\"ReadAction\",\"target\":[\"https:\/\/ruishengglassco.com\/product\/rs001-wholesale-250ml-screw-top-glass-bottles-for-liquor\"]}]},{\"@type\":\"BreadcrumbList\",\"@id\":\"https:\/\/ruishengglassco.com\/product\/rs001-wholesale-250ml-screw-top-glass-bottles-for-liquor#breadcrumb\",\"itemListElement\":[{\"@type\":\"ListItem\",\"position\":1,\"name\":\"Home\",\"item\":\"https:\/\/ruishengglassco.com\/\"},{\"@type\":\"ListItem\",\"position\":2,\"name\":\"Products\",\"item\":\"https:\/\/ruishengglassco.com\/products\"},{\"@type\":\"ListItem\",\"position\":3,\"name\":\"RS001 250ml Screw Top Glass Bottles For Liquor\"}]},{\"@type\":\"WebSite\",\"@id\":\"https:\/\/ruishengglassco.com\/#website\",\"url\":\"https:\/\/ruishengglassco.com\/\",\"name\":\"Ruisheng Glass\",\"description\":\"\",\"publisher\":{\"@id\":\"https:\/\/ruishengglassco.com\/#organization\"},\"potentialAction\":[{\"@type\":\"SearchAction\",\"target\":{\"@type\":\"EntryPoint\",\"urlTemplate\":\"https:\/\/ruishengglassco.com\/?s={search_term_string}\"},\"query-input\":\"required name=search_term_string\"}],\"inLanguage\":\"de\"},{\"@type\":\"Organization\",\"@id\":\"https:\/\/ruishengglassco.com\/#organization\",\"name\":\"Shandong Yuncheng Ruisheng Glass Co., Ltd\",\"url\":\"https:\/\/ruishengglassco.com\/\",\"logo\":{\"@type\":\"ImageObject\",\"inLanguage\":\"de\",\"@id\":\"https:\/\/ruishengglassco.com\/#\/schema\/logo\/image\/\",\"url\":\"https:\/\/ruishengglassco.com\/wp-content\/uploads\/2023\/09\/ruisheng_logo_icon.webp\",\"contentUrl\":\"https:\/\/ruishengglassco.com\/wp-content\/uploads\/2023\/09\/ruisheng_logo_icon.webp\",\"width\":400,\"height\":233,\"caption\":\"Shandong Yuncheng Ruisheng Glass Co., Ltd\"},\"image\":{\"@id\":\"https:\/\/ruishengglassco.com\/#\/schema\/logo\/image\/\"},\"sameAs\":[\"https:\/\/www.facebook.com\/ruishengglassbottles\",\"https:\/\/www.instagram.com\/Ruishengglassbottlewholesales\/\",\"https:\/\/www.youtube.com\/channel\/UCMmbMNGwsL-XrtjfSFLCdVQ\"]}]}<\/script>\n<!-- \/ Yoast SEO plugin. -->","yoast_head_json":{"title":"250ml Screw Top Glass Bottles For Liquor-Ruisheng Glass","description":"Find Wholesale 250ml Screw Top Glass Bottles For Liquor At Ruisheng Glass Co,. Factory Outlet&Save Cost Here.","robots":{"index":"index","follow":"follow","max-snippet":"max-snippet:-1","max-image-preview":"max-image-preview:large","max-video-preview":"max-video-preview:-1"},"canonical":"https:\/\/ruishengglassco.com\/de\/produkt\/rs001-groshandel-250ml-schraubverschluss-glasflaschen-fur-spirituosen","og_locale":"de_DE","og_type":"article","og_title":"250ml Screw Top Glass Bottles For Liquor-Ruisheng Glass","og_description":"Find Wholesale 250ml Screw Top Glass Bottles For Liquor At Ruisheng Glass Co,. Factory Outlet&Save Cost Here.","og_url":"https:\/\/ruishengglassco.com\/de\/produkt\/rs001-groshandel-250ml-schraubverschluss-glasflaschen-fur-spirituosen","article_publisher":"https:\/\/www.facebook.com\/ruishengglassbottles","article_modified_time":"2025-07-17T07:16:52+00:00","og_image":[{"width":800,"height":800,"url":"https:\/\/ruishengglassco.com\/wp-content\/uploads\/2025\/03\/RS001-Wholesale-250ml-Screw-Top-Glass-Bottles-For-Liquor.webp","type":"image\/webp"}],"twitter_card":"summary_large_image","twitter_misc":{"Gesch\u00e4tzte Lesezeit":"2\u00a0Minuten"},"schema":{"@context":"https:\/\/schema.org","@graph":[{"@type":"WebPage","@id":"https:\/\/ruishengglassco.com\/product\/rs001-wholesale-250ml-screw-top-glass-bottles-for-liquor","url":"https:\/\/ruishengglassco.com\/product\/rs001-wholesale-250ml-screw-top-glass-bottles-for-liquor","name":"250ml Screw Top Glass Bottles For Liquor-Ruisheng Glass","isPartOf":{"@id":"https:\/\/ruishengglassco.com\/#website"},"datePublished":"2025-03-15T14:42:13+00:00","dateModified":"2025-07-17T07:16:52+00:00","description":"Find Wholesale 250ml Screw Top Glass Bottles For Liquor At Ruisheng Glass Co,. Factory Outlet&Save Cost Here.","breadcrumb":{"@id":"https:\/\/ruishengglassco.com\/product\/rs001-wholesale-250ml-screw-top-glass-bottles-for-liquor#breadcrumb"},"inLanguage":"de","potentialAction":[{"@type":"ReadAction","target":["https:\/\/ruishengglassco.com\/product\/rs001-wholesale-250ml-screw-top-glass-bottles-for-liquor"]}]},{"@type":"BreadcrumbList","@id":"https:\/\/ruishengglassco.com\/product\/rs001-wholesale-250ml-screw-top-glass-bottles-for-liquor#breadcrumb","itemListElement":[{"@type":"ListItem","position":1,"name":"Home","item":"https:\/\/ruishengglassco.com\/"},{"@type":"ListItem","position":2,"name":"Products","item":"https:\/\/ruishengglassco.com\/products"},{"@type":"ListItem","position":3,"name":"RS001 250ml Screw Top Glass Bottles For Liquor"}]},{"@type":"WebSite","@id":"https:\/\/ruishengglassco.com\/#website","url":"https:\/\/ruishengglassco.com\/","name":"Ruisheng Glass","description":"","publisher":{"@id":"https:\/\/ruishengglassco.com\/#organization"},"potentialAction":[{"@type":"SearchAction","target":{"@type":"EntryPoint","urlTemplate":"https:\/\/ruishengglassco.com\/?s={search_term_string}"},"query-input":"required name=search_term_string"}],"inLanguage":"de"},{"@type":"Organization","@id":"https:\/\/ruishengglassco.com\/#organization","name":"Shandong Yuncheng Ruisheng Glass Co., Ltd","url":"https:\/\/ruishengglassco.com\/","logo":{"@type":"ImageObject","inLanguage":"de","@id":"https:\/\/ruishengglassco.com\/#\/schema\/logo\/image\/","url":"https:\/\/ruishengglassco.com\/wp-content\/uploads\/2023\/09\/ruisheng_logo_icon.webp","contentUrl":"https:\/\/ruishengglassco.com\/wp-content\/uploads\/2023\/09\/ruisheng_logo_icon.webp","width":400,"height":233,"caption":"Shandong Yuncheng Ruisheng Glass Co., Ltd"},"image":{"@id":"https:\/\/ruishengglassco.com\/#\/schema\/logo\/image\/"},"sameAs":["https:\/\/www.facebook.com\/ruishengglassbottles","https:\/\/www.instagram.com\/Ruishengglassbottlewholesales\/","https:\/\/www.youtube.com\/channel\/UCMmbMNGwsL-XrtjfSFLCdVQ"]}]}},"_links":{"self":[{"href":"https:\/\/ruishengglassco.com\/de\/wp-json\/wp\/v2\/product\/4394","targetHints":{"allow":["GET"]}}],"collection":[{"href":"https:\/\/ruishengglassco.com\/de\/wp-json\/wp\/v2\/product"}],"about":[{"href":"https:\/\/ruishengglassco.com\/de\/wp-json\/wp\/v2\/types\/product"}],"replies":[{"embeddable":true,"href":"https:\/\/ruishengglassco.com\/de\/wp-json\/wp\/v2\/comments?post=4394"}],"wp:featuredmedia":[{"embeddable":true,"href":"https:\/\/ruishengglassco.com\/de\/wp-json\/wp\/v2\/media\/4395"}],"wp:attachment":[{"href":"https:\/\/ruishengglassco.com\/de\/wp-json\/wp\/v2\/media?parent=4394"}],"wp:term":[{"taxonomy":"product_cat","embeddable":true,"href":"https:\/\/ruishengglassco.com\/de\/wp-json\/wp\/v2\/product_cat?post=4394"}],"curies":[{"name":"wp","href":"https:\/\/api.w.org\/{rel}","templated":true}]}}