{"id":4390,"date":"2025-03-15T22:36:56","date_gmt":"2025-03-15T14:36:56","guid":{"rendered":"https:\/\/ruishengglassco.com\/?post_type=product&#038;p=4390"},"modified":"2025-07-17T15:14:54","modified_gmt":"2025-07-17T07:14:54","slug":"rs003250ml-glasflaschen-mit-korken-groshandel","status":"publish","type":"product","link":"https:\/\/ruishengglassco.com\/de\/produkt\/rs003250ml-glasflaschen-mit-korken-groshandel","title":{"rendered":"RS003:250ml Glasflaschen mit Korken"},"content":{"rendered":"<h2 style=\"text-align: left;\">Detaillierte Informationen \u00fcber 250ml Glasflaschen mit Kork Gro\u00dfhandel<\/h2>\n<p>Diese 250-ml-Glasflaschen mit Korken werden aus Kristallflintglas hergestellt. Dieses Material verleiht den Flaschen eine gro\u00dfe Transparenz und Helligkeit. Der runde K\u00f6rper ist abgerundet und hat eine unebene Textur. Die Oberfl\u00e4che des Produkts weist eine Vielzahl von Verarbeitungstechniken auf, darunter Pr\u00e4gung, Abziehbild, Lackierung, Mattierung, Hei\u00dfpr\u00e4gung und Galvanisierung.<\/p>\n<p>Diese Serie runder Spirituosenflaschen eignet sich f\u00fcr die Verpackung von Schnaps, Wodka, Brandy, Tequila und anderen alkoholischen Getr\u00e4nken. Wir haben \u00fcber 20 Jahre Erfahrung in der Herstellung von Spirituosenflaschen. Wir bieten auch ma\u00dfgeschneiderte Dienstleistungen an, die auf die Bed\u00fcrfnisse unserer Kunden zugeschnitten sind. Wir k\u00f6nnen Glasflaschen herstellen, die auf Ihre speziellen Bed\u00fcrfnisse zugeschnitten sind. Bitte teilen Sie uns Form, Farbe, Gr\u00f6\u00dfe, Umverpackung und Logo mit, die Sie w\u00fcnschen.<\/p>\n<ul>\n<li>Oberfl\u00e4chenbehandlung: Abziehbild<\/li>\n<li>Industrielle Nutzung: Getr\u00e4nk<\/li>\n<li>Material des Sockels: Flintglas<\/li>\n<li>Material des K\u00f6rpers: Flintglas<\/li>\n<li>Material des Halsbandes: Flintglas<\/li>\n<li>Verschlusstyp: Kork, Kork, Glaskappe, Twist-off-Kappe, Schraubverschluss<\/li>\n<li>Verwendung: Lik\u00f6r, Brandy, Wodka, Tequila<\/li>\n<li>Herkunftsort: China<\/li>\n<li>Modell-Nummer: RS003<\/li>\n<li>Markenname: Ruisheng Glas<\/li>\n<li>Material der Flasche: Gl\u00e4ser<\/li>\n<li>Verwendung: \u00d6l\/Spiritus\/Lik\u00f6r\/Wein\/Getr\u00e4nk<\/li>\n<li>Fassungsverm\u00f6gen: 50ml~2L<\/li>\n<li>OEM\/ODM: Verf\u00fcgbar<\/li>\n<li>Zertifikat: SGS , TUV, ISO9001, ISO14001<\/li>\n<li>Farbe: Transparent, Lackiert, Frost<\/li>\n<li>Oberfl\u00e4chenbehandlung: Siebdruck, Druck, Abziehbild, Spray, Frost<\/li>\n<\/ul>\n<p>Wenn Sie wissen m\u00f6chten, wie wir das Produkt verpacken und in Ihr Land versenden, klicken Sie bitte hier, um es zu sehen: Wie verpackt und versendet man Glasflaschen?<\/p>\n<p>Wenn Sie mehr \u00fcber unsere 250ml Glasflaschen mit Kork Gro\u00dfhandel, und andere Informationen wissen wollen, z\u00f6gern Sie nicht uns hier zu kontaktieren.<\/p>","protected":false},"excerpt":{"rendered":"<p><span data-preserver-spaces=\"true\">Ruisheng hat \u00fcber 10 Jahre Erfahrung in der Herstellung von Glasflaschen. Sie bieten 250ml Glasflaschen mit Korken an, die sich perfekt f\u00fcr die Verpackung von Spirituosen eignen. <\/span><span data-preserver-spaces=\"true\">Diese<\/span><span data-preserver-spaces=\"true\"> umfasst Whiskey, Brandy, Wodka und Rum. Unsere Klarglasflaschen haben nicht nur eine gute Lagerfunktion, sondern lassen Ihre Produkte auch luxuri\u00f6ser aussehen.<\/span><\/p>\n<p><span data-preserver-spaces=\"true\">Hier sind die Fragen, die Sie interessieren k\u00f6nnten:<\/span><\/p>\n<p><strong><span data-preserver-spaces=\"true\">-MOQ: 10000 ST\u00dcCK\u00a0<\/span><\/strong><\/p>\n<p><span data-preserver-spaces=\"true\">-kundenspezifischer Service mit kostenlosem Muster angeboten<\/span><\/p>\n<p><span data-preserver-spaces=\"true\">-Globaler Versand+Lieferung innerhalb von 30 Tagen<\/span><\/p>\n<p><span data-preserver-spaces=\"true\">Wenn Sie <\/span><span data-preserver-spaces=\"true\">wollen<\/span><span data-preserver-spaces=\"true\"> um Ihr Unternehmen zu gr\u00fcnden <\/span><span data-preserver-spaces=\"true\">f\u00fcr<\/span><span data-preserver-spaces=\"true\"> 250ml Glasflaschen <\/span><span data-preserver-spaces=\"true\">mit<\/span><span data-preserver-spaces=\"true\"> Kork-Gro\u00dfhandel, <\/span><span data-preserver-spaces=\"true\">Bitte kontaktieren Sie uns<\/span><span data-preserver-spaces=\"true\"> jetzt.<\/span><\/p>","protected":false},"featured_media":4391,"comment_status":"closed","ping_status":"closed","template":"","meta":[],"product_cat":[47],"class_list":{"0":"post-4390","1":"product","2":"type-product","3":"status-publish","4":"has-post-thumbnail","6":"product_cat-250ml-liquor-bottle-manufacturer","8":"first","9":"instock","10":"shipping-taxable","11":"product-type-simple"},"yoast_head":"<!-- This site is optimized with the Yoast SEO plugin v22.0 - https:\/\/yoast.com\/wordpress\/plugins\/seo\/ -->\n<title>250ml Glass Bottles With Cork Manufacturer | Ruisheng Glass Co., Ltd<\/title>\n<meta name=\"description\" content=\"Find 250ml Glass Bottles With Cork Wholesale in Ruisheng Glass Co., Ltd. Liquor Bottle Manufacturer and Factory. Global Shipping Service.\" \/>\n<meta name=\"robots\" content=\"index, follow, max-snippet:-1, max-image-preview:large, max-video-preview:-1\" \/>\n<link rel=\"canonical\" href=\"https:\/\/ruishengglassco.com\/de\/produkt\/rs003250ml-glasflaschen-mit-korken-groshandel\" \/>\n<meta property=\"og:locale\" content=\"de_DE\" \/>\n<meta property=\"og:type\" content=\"article\" \/>\n<meta property=\"og:title\" content=\"250ml Glass Bottles With Cork Manufacturer | Ruisheng Glass Co., Ltd\" \/>\n<meta property=\"og:description\" content=\"Find 250ml Glass Bottles With Cork Wholesale in Ruisheng Glass Co., Ltd. Liquor Bottle Manufacturer and Factory. Global Shipping Service.\" \/>\n<meta property=\"og:url\" content=\"https:\/\/ruishengglassco.com\/de\/produkt\/rs003250ml-glasflaschen-mit-korken-groshandel\" \/>\n<meta property=\"article:publisher\" content=\"https:\/\/www.facebook.com\/ruishengglassbottles\" \/>\n<meta property=\"article:modified_time\" content=\"2025-07-17T07:14:54+00:00\" \/>\n<meta property=\"og:image\" content=\"https:\/\/ruishengglassco.com\/wp-content\/uploads\/2025\/03\/RS003-250ml-Glass-Bottles-With-Cork-Wholesale.webp\" \/>\n\t<meta property=\"og:image:width\" content=\"800\" \/>\n\t<meta property=\"og:image:height\" content=\"800\" \/>\n\t<meta property=\"og:image:type\" content=\"image\/webp\" \/>\n<meta name=\"twitter:card\" content=\"summary_large_image\" \/>\n<meta name=\"twitter:label1\" content=\"Gesch\u00e4tzte Lesezeit\" \/>\n\t<meta name=\"twitter:data1\" content=\"2\u00a0Minuten\" \/>\n<script type=\"application\/ld+json\" class=\"yoast-schema-graph\">{\"@context\":\"https:\/\/schema.org\",\"@graph\":[{\"@type\":\"WebPage\",\"@id\":\"https:\/\/ruishengglassco.com\/product\/rs003250ml-glass-bottles-with-cork-wholesale\",\"url\":\"https:\/\/ruishengglassco.com\/product\/rs003250ml-glass-bottles-with-cork-wholesale\",\"name\":\"250ml Glass Bottles With Cork Manufacturer | Ruisheng Glass Co., Ltd\",\"isPartOf\":{\"@id\":\"https:\/\/ruishengglassco.com\/#website\"},\"datePublished\":\"2025-03-15T14:36:56+00:00\",\"dateModified\":\"2025-07-17T07:14:54+00:00\",\"description\":\"Find 250ml Glass Bottles With Cork Wholesale in Ruisheng Glass Co., Ltd. Liquor Bottle Manufacturer and Factory. Global Shipping Service.\",\"breadcrumb\":{\"@id\":\"https:\/\/ruishengglassco.com\/product\/rs003250ml-glass-bottles-with-cork-wholesale#breadcrumb\"},\"inLanguage\":\"de\",\"potentialAction\":[{\"@type\":\"ReadAction\",\"target\":[\"https:\/\/ruishengglassco.com\/product\/rs003250ml-glass-bottles-with-cork-wholesale\"]}]},{\"@type\":\"BreadcrumbList\",\"@id\":\"https:\/\/ruishengglassco.com\/product\/rs003250ml-glass-bottles-with-cork-wholesale#breadcrumb\",\"itemListElement\":[{\"@type\":\"ListItem\",\"position\":1,\"name\":\"Home\",\"item\":\"https:\/\/ruishengglassco.com\/\"},{\"@type\":\"ListItem\",\"position\":2,\"name\":\"Products\",\"item\":\"https:\/\/ruishengglassco.com\/products\"},{\"@type\":\"ListItem\",\"position\":3,\"name\":\"RS003:250ml Glass Bottles With Cork\"}]},{\"@type\":\"WebSite\",\"@id\":\"https:\/\/ruishengglassco.com\/#website\",\"url\":\"https:\/\/ruishengglassco.com\/\",\"name\":\"Ruisheng Glass\",\"description\":\"\",\"publisher\":{\"@id\":\"https:\/\/ruishengglassco.com\/#organization\"},\"potentialAction\":[{\"@type\":\"SearchAction\",\"target\":{\"@type\":\"EntryPoint\",\"urlTemplate\":\"https:\/\/ruishengglassco.com\/?s={search_term_string}\"},\"query-input\":\"required name=search_term_string\"}],\"inLanguage\":\"de\"},{\"@type\":\"Organization\",\"@id\":\"https:\/\/ruishengglassco.com\/#organization\",\"name\":\"Shandong Yuncheng Ruisheng Glass Co., Ltd\",\"url\":\"https:\/\/ruishengglassco.com\/\",\"logo\":{\"@type\":\"ImageObject\",\"inLanguage\":\"de\",\"@id\":\"https:\/\/ruishengglassco.com\/#\/schema\/logo\/image\/\",\"url\":\"https:\/\/ruishengglassco.com\/wp-content\/uploads\/2023\/09\/ruisheng_logo_icon.webp\",\"contentUrl\":\"https:\/\/ruishengglassco.com\/wp-content\/uploads\/2023\/09\/ruisheng_logo_icon.webp\",\"width\":400,\"height\":233,\"caption\":\"Shandong Yuncheng Ruisheng Glass Co., Ltd\"},\"image\":{\"@id\":\"https:\/\/ruishengglassco.com\/#\/schema\/logo\/image\/\"},\"sameAs\":[\"https:\/\/www.facebook.com\/ruishengglassbottles\",\"https:\/\/www.instagram.com\/Ruishengglassbottlewholesales\/\",\"https:\/\/www.youtube.com\/channel\/UCMmbMNGwsL-XrtjfSFLCdVQ\"]}]}<\/script>\n<!-- \/ Yoast SEO plugin. -->","yoast_head_json":{"title":"250ml Glass Bottles With Cork Manufacturer | Ruisheng Glass Co., Ltd","description":"Find 250ml Glass Bottles With Cork Wholesale in Ruisheng Glass Co., Ltd. Liquor Bottle Manufacturer and Factory. Global Shipping Service.","robots":{"index":"index","follow":"follow","max-snippet":"max-snippet:-1","max-image-preview":"max-image-preview:large","max-video-preview":"max-video-preview:-1"},"canonical":"https:\/\/ruishengglassco.com\/de\/produkt\/rs003250ml-glasflaschen-mit-korken-groshandel","og_locale":"de_DE","og_type":"article","og_title":"250ml Glass Bottles With Cork Manufacturer | Ruisheng Glass Co., Ltd","og_description":"Find 250ml Glass Bottles With Cork Wholesale in Ruisheng Glass Co., Ltd. Liquor Bottle Manufacturer and Factory. Global Shipping Service.","og_url":"https:\/\/ruishengglassco.com\/de\/produkt\/rs003250ml-glasflaschen-mit-korken-groshandel","article_publisher":"https:\/\/www.facebook.com\/ruishengglassbottles","article_modified_time":"2025-07-17T07:14:54+00:00","og_image":[{"width":800,"height":800,"url":"https:\/\/ruishengglassco.com\/wp-content\/uploads\/2025\/03\/RS003-250ml-Glass-Bottles-With-Cork-Wholesale.webp","type":"image\/webp"}],"twitter_card":"summary_large_image","twitter_misc":{"Gesch\u00e4tzte Lesezeit":"2\u00a0Minuten"},"schema":{"@context":"https:\/\/schema.org","@graph":[{"@type":"WebPage","@id":"https:\/\/ruishengglassco.com\/product\/rs003250ml-glass-bottles-with-cork-wholesale","url":"https:\/\/ruishengglassco.com\/product\/rs003250ml-glass-bottles-with-cork-wholesale","name":"250ml Glass Bottles With Cork Manufacturer | Ruisheng Glass Co., Ltd","isPartOf":{"@id":"https:\/\/ruishengglassco.com\/#website"},"datePublished":"2025-03-15T14:36:56+00:00","dateModified":"2025-07-17T07:14:54+00:00","description":"Find 250ml Glass Bottles With Cork Wholesale in Ruisheng Glass Co., Ltd. Liquor Bottle Manufacturer and Factory. Global Shipping Service.","breadcrumb":{"@id":"https:\/\/ruishengglassco.com\/product\/rs003250ml-glass-bottles-with-cork-wholesale#breadcrumb"},"inLanguage":"de","potentialAction":[{"@type":"ReadAction","target":["https:\/\/ruishengglassco.com\/product\/rs003250ml-glass-bottles-with-cork-wholesale"]}]},{"@type":"BreadcrumbList","@id":"https:\/\/ruishengglassco.com\/product\/rs003250ml-glass-bottles-with-cork-wholesale#breadcrumb","itemListElement":[{"@type":"ListItem","position":1,"name":"Home","item":"https:\/\/ruishengglassco.com\/"},{"@type":"ListItem","position":2,"name":"Products","item":"https:\/\/ruishengglassco.com\/products"},{"@type":"ListItem","position":3,"name":"RS003:250ml Glass Bottles With Cork"}]},{"@type":"WebSite","@id":"https:\/\/ruishengglassco.com\/#website","url":"https:\/\/ruishengglassco.com\/","name":"Ruisheng Glass","description":"","publisher":{"@id":"https:\/\/ruishengglassco.com\/#organization"},"potentialAction":[{"@type":"SearchAction","target":{"@type":"EntryPoint","urlTemplate":"https:\/\/ruishengglassco.com\/?s={search_term_string}"},"query-input":"required name=search_term_string"}],"inLanguage":"de"},{"@type":"Organization","@id":"https:\/\/ruishengglassco.com\/#organization","name":"Shandong Yuncheng Ruisheng Glass Co., Ltd","url":"https:\/\/ruishengglassco.com\/","logo":{"@type":"ImageObject","inLanguage":"de","@id":"https:\/\/ruishengglassco.com\/#\/schema\/logo\/image\/","url":"https:\/\/ruishengglassco.com\/wp-content\/uploads\/2023\/09\/ruisheng_logo_icon.webp","contentUrl":"https:\/\/ruishengglassco.com\/wp-content\/uploads\/2023\/09\/ruisheng_logo_icon.webp","width":400,"height":233,"caption":"Shandong Yuncheng Ruisheng Glass Co., Ltd"},"image":{"@id":"https:\/\/ruishengglassco.com\/#\/schema\/logo\/image\/"},"sameAs":["https:\/\/www.facebook.com\/ruishengglassbottles","https:\/\/www.instagram.com\/Ruishengglassbottlewholesales\/","https:\/\/www.youtube.com\/channel\/UCMmbMNGwsL-XrtjfSFLCdVQ"]}]}},"_links":{"self":[{"href":"https:\/\/ruishengglassco.com\/de\/wp-json\/wp\/v2\/product\/4390","targetHints":{"allow":["GET"]}}],"collection":[{"href":"https:\/\/ruishengglassco.com\/de\/wp-json\/wp\/v2\/product"}],"about":[{"href":"https:\/\/ruishengglassco.com\/de\/wp-json\/wp\/v2\/types\/product"}],"replies":[{"embeddable":true,"href":"https:\/\/ruishengglassco.com\/de\/wp-json\/wp\/v2\/comments?post=4390"}],"wp:featuredmedia":[{"embeddable":true,"href":"https:\/\/ruishengglassco.com\/de\/wp-json\/wp\/v2\/media\/4391"}],"wp:attachment":[{"href":"https:\/\/ruishengglassco.com\/de\/wp-json\/wp\/v2\/media?parent=4390"}],"wp:term":[{"taxonomy":"product_cat","embeddable":true,"href":"https:\/\/ruishengglassco.com\/de\/wp-json\/wp\/v2\/product_cat?post=4390"}],"curies":[{"name":"wp","href":"https:\/\/api.w.org\/{rel}","templated":true}]}}