{"id":4388,"date":"2025-03-15T22:35:19","date_gmt":"2025-03-15T14:35:19","guid":{"rendered":"https:\/\/ruishengglassco.com\/?post_type=product&#038;p=4388"},"modified":"2025-09-11T16:22:44","modified_gmt":"2025-09-11T08:22:44","slug":"rs004-leere-weinflaschen-groshandel","status":"publish","type":"product","link":"https:\/\/ruishengglassco.com\/de\/produkt\/rs004-leere-weinflaschen-groshandel","title":{"rendered":"RS004 Leere Weinflaschen"},"content":{"rendered":"<h2>Details \u00fcber leere Weinflaschen Gro\u00dfhandel<\/h2>\n<p>Wir sind ein professioneller Hersteller von Weinflaschen in China. Wir bieten haupts\u00e4chlich leere Weinflaschen f\u00fcr den Gro\u00dfhandel an. Zu unseren Kunden geh\u00f6ren Weinkellereien, Weinunternehmen, Weinflaschengro\u00dfh\u00e4ndler und Einzelh\u00e4ndler. Wir verkaufen jedoch nicht direkt an Verbraucher.<\/p>\n<p>Als professioneller Hersteller von Glasflaschen bieten wir Design- und Produktionsdienstleistungen f\u00fcr Glasflaschen an. Wenn Sie Weinflaschen im Gro\u00dfhandel erhalten m\u00f6chten, k\u00f6nnen Sie die Form w\u00e4hlen, die in unserem Unternehmen existiert. Sie k\u00f6nnen auch den Designentwurf zur Verf\u00fcgung stellen, und wir werden es nach Ihren Anforderungen produzieren. OEM\/ODM\/angepasste Weinflasche Service angeboten.<\/p>\n<ul>\n<li>Artikel: 750ml Weinflaschen Gro\u00dfhandel<\/li>\n<li>Hersteller: Ruisheng Glasflasche<\/li>\n<li>Nummer: RS004<\/li>\n<li>Fassungsverm\u00f6gen: 50ml, 200ml, 300ml, 700ml, 750ml, 1000ml, 2L und kundenspezifischer Weinflaschenservice<\/li>\n<li>Verschlusstyp: Schraubverschluss<\/li>\n<li>Material: Super Flintglas Material, Kristallwei\u00dfes Glas Material, Teures wei\u00dfes Glas Material<\/li>\n<li>Verwendung: Glas Weinflasche<\/li>\n<li>Oberfl\u00e4che: Frost, Abziehbild, Malerei, Hei\u00dfpr\u00e4gung, Pr\u00e4gung, Druck, Gold, Siebdruck<\/li>\n<li>Logo: Akzeptables Logo des Kunden<\/li>\n<li>Beispiel:\n<ul>\n<li>Formenbau<\/li>\n<li>Frei durch bestehende Form<\/li>\n<li>Als Worte oder Ihr Entwurf<\/li>\n<\/ul>\n<\/li>\n<li>Verpackung: Standard-Exportkarton; oder Palettenverpackung; FGC-Box-Verpackung<\/li>\n<li>Lieferzeit: 20-30 Tage nach Auftragsbest\u00e4tigung<\/li>\n<\/ul>\n<p>Wenn Sie mehr Informationen \u00fcber unsere 750ml Weinflaschen Gro\u00dfhandel erhalten m\u00f6chten, kontaktieren Sie uns bitte hier.<\/p>","protected":false},"excerpt":{"rendered":"<p><span data-preserver-spaces=\"true\">Ruisheng Glass Co, Ltd. ist ein Hersteller von Weinflaschen aus Glas in China. Sie bieten leere Weinflaschen zu Gro\u00dfhandelspreisen direkt ab Werk an.<\/span><\/p>\n<p><span data-preserver-spaces=\"true\">Diese Serie von leeren Weinflaschen im Gro\u00dfhandel <\/span><span data-preserver-spaces=\"true\">wird gemacht<\/span><span data-preserver-spaces=\"true\"> aus hochwertigem Flintglas. Die klassische Form der Bordeauxflasche eignet sich aufgrund ihrer Klarheit perfekt f\u00fcr die Lagerung von Wein. Sie zeichnet sich durch gerade Seiten und markante, hohe Schultern aus und erfordert die Verwendung eines Bar-Top-Verschlusses. Mehr als 10 Arten von Glasflaschenverschl\u00fcssen <\/span><span data-preserver-spaces=\"true\">angeboten werden<\/span><span data-preserver-spaces=\"true\">.<\/span><\/p>\n<p><strong><span data-preserver-spaces=\"true\">-MOQ: 10000 PCS (etwa 30000 St\u00fcck)<\/span><\/strong><\/p>\n<p><span data-preserver-spaces=\"true\">-Gratismuster angeboten. OEM\/ODM verf\u00fcgbar<\/span><\/p>\n<p><span data-preserver-spaces=\"true\">-Kostenlose Musterlieferung innerhalb von 7 Tagen; Lieferung von Gro\u00dfbestellungen innerhalb von 30 Tagen nach Auftragsbest\u00e4tigung.<\/span><\/p>","protected":false},"featured_media":4389,"comment_status":"closed","ping_status":"closed","template":"","meta":[],"product_cat":[44,40],"class_list":{"0":"post-4388","1":"product","2":"type-product","3":"status-publish","4":"has-post-thumbnail","6":"product_cat-700ml-liquor-bottle-manufacturer","7":"product_cat-750ml-liquor-bottle-manufacturer","9":"first","10":"instock","11":"shipping-taxable","12":"product-type-simple"},"yoast_head":"<!-- This site is optimized with the Yoast SEO plugin v22.0 - https:\/\/yoast.com\/wordpress\/plugins\/seo\/ -->\n<title>Empty Wine Bottles Supplier | China Wine Bottle Manufacturer<\/title>\n<meta name=\"description\" content=\"Ruisheng glass, top China Wine Bottle Manufacturer, provide Empty Wine Bottles Wholesale at factory outlet price. Quality Asurance&amp;Save Cost.\" \/>\n<meta name=\"robots\" content=\"index, follow, max-snippet:-1, max-image-preview:large, max-video-preview:-1\" \/>\n<link rel=\"canonical\" href=\"https:\/\/ruishengglassco.com\/de\/produkt\/rs004-leere-weinflaschen-groshandel\" \/>\n<meta property=\"og:locale\" content=\"de_DE\" \/>\n<meta property=\"og:type\" content=\"article\" \/>\n<meta property=\"og:title\" content=\"Empty Wine Bottles Supplier | China Wine Bottle Manufacturer\" \/>\n<meta property=\"og:description\" content=\"Ruisheng glass, top China Wine Bottle Manufacturer, provide Empty Wine Bottles Wholesale at factory outlet price. Quality Asurance&amp;Save Cost.\" \/>\n<meta property=\"og:url\" content=\"https:\/\/ruishengglassco.com\/de\/produkt\/rs004-leere-weinflaschen-groshandel\" \/>\n<meta property=\"article:publisher\" content=\"https:\/\/www.facebook.com\/ruishengglassbottles\" \/>\n<meta property=\"article:modified_time\" content=\"2025-09-11T08:22:44+00:00\" \/>\n<meta property=\"og:image\" content=\"https:\/\/ruishengglassco.com\/wp-content\/uploads\/2025\/03\/RS004-Empty-Wine-Bottles-Wholesale.webp\" \/>\n\t<meta property=\"og:image:width\" content=\"500\" \/>\n\t<meta property=\"og:image:height\" content=\"500\" \/>\n\t<meta property=\"og:image:type\" content=\"image\/webp\" \/>\n<meta name=\"twitter:card\" content=\"summary_large_image\" \/>\n<meta name=\"twitter:label1\" content=\"Gesch\u00e4tzte Lesezeit\" \/>\n\t<meta name=\"twitter:data1\" content=\"2\u00a0Minuten\" \/>\n<script type=\"application\/ld+json\" class=\"yoast-schema-graph\">{\"@context\":\"https:\/\/schema.org\",\"@graph\":[{\"@type\":\"WebPage\",\"@id\":\"https:\/\/ruishengglassco.com\/product\/rs004-empty-wine-bottles-wholesale\",\"url\":\"https:\/\/ruishengglassco.com\/product\/rs004-empty-wine-bottles-wholesale\",\"name\":\"Empty Wine Bottles Supplier | China Wine Bottle Manufacturer\",\"isPartOf\":{\"@id\":\"https:\/\/ruishengglassco.com\/#website\"},\"datePublished\":\"2025-03-15T14:35:19+00:00\",\"dateModified\":\"2025-09-11T08:22:44+00:00\",\"description\":\"Ruisheng glass, top China Wine Bottle Manufacturer, provide Empty Wine Bottles Wholesale at factory outlet price. Quality Asurance&Save Cost.\",\"breadcrumb\":{\"@id\":\"https:\/\/ruishengglassco.com\/product\/rs004-empty-wine-bottles-wholesale#breadcrumb\"},\"inLanguage\":\"de\",\"potentialAction\":[{\"@type\":\"ReadAction\",\"target\":[\"https:\/\/ruishengglassco.com\/product\/rs004-empty-wine-bottles-wholesale\"]}]},{\"@type\":\"BreadcrumbList\",\"@id\":\"https:\/\/ruishengglassco.com\/product\/rs004-empty-wine-bottles-wholesale#breadcrumb\",\"itemListElement\":[{\"@type\":\"ListItem\",\"position\":1,\"name\":\"Home\",\"item\":\"https:\/\/ruishengglassco.com\/\"},{\"@type\":\"ListItem\",\"position\":2,\"name\":\"Products\",\"item\":\"https:\/\/ruishengglassco.com\/products\"},{\"@type\":\"ListItem\",\"position\":3,\"name\":\"RS004 Empty Wine Bottles\"}]},{\"@type\":\"WebSite\",\"@id\":\"https:\/\/ruishengglassco.com\/#website\",\"url\":\"https:\/\/ruishengglassco.com\/\",\"name\":\"Ruisheng Glass\",\"description\":\"\",\"publisher\":{\"@id\":\"https:\/\/ruishengglassco.com\/#organization\"},\"potentialAction\":[{\"@type\":\"SearchAction\",\"target\":{\"@type\":\"EntryPoint\",\"urlTemplate\":\"https:\/\/ruishengglassco.com\/?s={search_term_string}\"},\"query-input\":\"required name=search_term_string\"}],\"inLanguage\":\"de\"},{\"@type\":\"Organization\",\"@id\":\"https:\/\/ruishengglassco.com\/#organization\",\"name\":\"Shandong Yuncheng Ruisheng Glass Co., Ltd\",\"url\":\"https:\/\/ruishengglassco.com\/\",\"logo\":{\"@type\":\"ImageObject\",\"inLanguage\":\"de\",\"@id\":\"https:\/\/ruishengglassco.com\/#\/schema\/logo\/image\/\",\"url\":\"https:\/\/ruishengglassco.com\/wp-content\/uploads\/2023\/09\/ruisheng_logo_icon.webp\",\"contentUrl\":\"https:\/\/ruishengglassco.com\/wp-content\/uploads\/2023\/09\/ruisheng_logo_icon.webp\",\"width\":400,\"height\":233,\"caption\":\"Shandong Yuncheng Ruisheng Glass Co., Ltd\"},\"image\":{\"@id\":\"https:\/\/ruishengglassco.com\/#\/schema\/logo\/image\/\"},\"sameAs\":[\"https:\/\/www.facebook.com\/ruishengglassbottles\",\"https:\/\/www.instagram.com\/Ruishengglassbottlewholesales\/\",\"https:\/\/www.youtube.com\/channel\/UCMmbMNGwsL-XrtjfSFLCdVQ\"]}]}<\/script>\n<!-- \/ Yoast SEO plugin. -->","yoast_head_json":{"title":"Empty Wine Bottles Supplier | China Wine Bottle Manufacturer","description":"Ruisheng glass, top China Wine Bottle Manufacturer, provide Empty Wine Bottles Wholesale at factory outlet price. Quality Asurance&Save Cost.","robots":{"index":"index","follow":"follow","max-snippet":"max-snippet:-1","max-image-preview":"max-image-preview:large","max-video-preview":"max-video-preview:-1"},"canonical":"https:\/\/ruishengglassco.com\/de\/produkt\/rs004-leere-weinflaschen-groshandel","og_locale":"de_DE","og_type":"article","og_title":"Empty Wine Bottles Supplier | China Wine Bottle Manufacturer","og_description":"Ruisheng glass, top China Wine Bottle Manufacturer, provide Empty Wine Bottles Wholesale at factory outlet price. Quality Asurance&Save Cost.","og_url":"https:\/\/ruishengglassco.com\/de\/produkt\/rs004-leere-weinflaschen-groshandel","article_publisher":"https:\/\/www.facebook.com\/ruishengglassbottles","article_modified_time":"2025-09-11T08:22:44+00:00","og_image":[{"width":500,"height":500,"url":"https:\/\/ruishengglassco.com\/wp-content\/uploads\/2025\/03\/RS004-Empty-Wine-Bottles-Wholesale.webp","type":"image\/webp"}],"twitter_card":"summary_large_image","twitter_misc":{"Gesch\u00e4tzte Lesezeit":"2\u00a0Minuten"},"schema":{"@context":"https:\/\/schema.org","@graph":[{"@type":"WebPage","@id":"https:\/\/ruishengglassco.com\/product\/rs004-empty-wine-bottles-wholesale","url":"https:\/\/ruishengglassco.com\/product\/rs004-empty-wine-bottles-wholesale","name":"Empty Wine Bottles Supplier | China Wine Bottle Manufacturer","isPartOf":{"@id":"https:\/\/ruishengglassco.com\/#website"},"datePublished":"2025-03-15T14:35:19+00:00","dateModified":"2025-09-11T08:22:44+00:00","description":"Ruisheng glass, top China Wine Bottle Manufacturer, provide Empty Wine Bottles Wholesale at factory outlet price. Quality Asurance&Save Cost.","breadcrumb":{"@id":"https:\/\/ruishengglassco.com\/product\/rs004-empty-wine-bottles-wholesale#breadcrumb"},"inLanguage":"de","potentialAction":[{"@type":"ReadAction","target":["https:\/\/ruishengglassco.com\/product\/rs004-empty-wine-bottles-wholesale"]}]},{"@type":"BreadcrumbList","@id":"https:\/\/ruishengglassco.com\/product\/rs004-empty-wine-bottles-wholesale#breadcrumb","itemListElement":[{"@type":"ListItem","position":1,"name":"Home","item":"https:\/\/ruishengglassco.com\/"},{"@type":"ListItem","position":2,"name":"Products","item":"https:\/\/ruishengglassco.com\/products"},{"@type":"ListItem","position":3,"name":"RS004 Empty Wine Bottles"}]},{"@type":"WebSite","@id":"https:\/\/ruishengglassco.com\/#website","url":"https:\/\/ruishengglassco.com\/","name":"Ruisheng Glass","description":"","publisher":{"@id":"https:\/\/ruishengglassco.com\/#organization"},"potentialAction":[{"@type":"SearchAction","target":{"@type":"EntryPoint","urlTemplate":"https:\/\/ruishengglassco.com\/?s={search_term_string}"},"query-input":"required name=search_term_string"}],"inLanguage":"de"},{"@type":"Organization","@id":"https:\/\/ruishengglassco.com\/#organization","name":"Shandong Yuncheng Ruisheng Glass Co., Ltd","url":"https:\/\/ruishengglassco.com\/","logo":{"@type":"ImageObject","inLanguage":"de","@id":"https:\/\/ruishengglassco.com\/#\/schema\/logo\/image\/","url":"https:\/\/ruishengglassco.com\/wp-content\/uploads\/2023\/09\/ruisheng_logo_icon.webp","contentUrl":"https:\/\/ruishengglassco.com\/wp-content\/uploads\/2023\/09\/ruisheng_logo_icon.webp","width":400,"height":233,"caption":"Shandong Yuncheng Ruisheng Glass Co., Ltd"},"image":{"@id":"https:\/\/ruishengglassco.com\/#\/schema\/logo\/image\/"},"sameAs":["https:\/\/www.facebook.com\/ruishengglassbottles","https:\/\/www.instagram.com\/Ruishengglassbottlewholesales\/","https:\/\/www.youtube.com\/channel\/UCMmbMNGwsL-XrtjfSFLCdVQ"]}]}},"_links":{"self":[{"href":"https:\/\/ruishengglassco.com\/de\/wp-json\/wp\/v2\/product\/4388","targetHints":{"allow":["GET"]}}],"collection":[{"href":"https:\/\/ruishengglassco.com\/de\/wp-json\/wp\/v2\/product"}],"about":[{"href":"https:\/\/ruishengglassco.com\/de\/wp-json\/wp\/v2\/types\/product"}],"replies":[{"embeddable":true,"href":"https:\/\/ruishengglassco.com\/de\/wp-json\/wp\/v2\/comments?post=4388"}],"wp:featuredmedia":[{"embeddable":true,"href":"https:\/\/ruishengglassco.com\/de\/wp-json\/wp\/v2\/media\/4389"}],"wp:attachment":[{"href":"https:\/\/ruishengglassco.com\/de\/wp-json\/wp\/v2\/media?parent=4388"}],"wp:term":[{"taxonomy":"product_cat","embeddable":true,"href":"https:\/\/ruishengglassco.com\/de\/wp-json\/wp\/v2\/product_cat?post=4388"}],"curies":[{"name":"wp","href":"https:\/\/api.w.org\/{rel}","templated":true}]}}