{"id":4382,"date":"2025-03-15T22:29:44","date_gmt":"2025-03-15T14:29:44","guid":{"rendered":"https:\/\/ruishengglassco.com\/?post_type=product&#038;p=4382"},"modified":"2025-07-17T15:09:29","modified_gmt":"2025-07-17T07:09:29","slug":"rs007-750ml-burgunder-flasche-wein-flasche-lieferant","status":"publish","type":"product","link":"https:\/\/ruishengglassco.com\/de\/produkt\/rs007-750ml-burgunder-flasche-wein-flasche-lieferant","title":{"rendered":"RS007: 750ml Burgunder Flasche Weinflasche Lieferant"},"content":{"rendered":"<h2>Detaillierte Informationen \u00fcber 750ml leere Weinflaschen Gro\u00dfhandel<\/h2>\n<p><span data-preserver-spaces=\"true\">Diese Serie von 750ml-Burgunderflaschen <\/span><span data-preserver-spaces=\"true\">hat<\/span><span data-preserver-spaces=\"true\"> einen langen Hals und ausgepr\u00e4gte schr\u00e4ge Schultern, <\/span><span data-preserver-spaces=\"true\">das macht<\/span><span data-preserver-spaces=\"true\"> f\u00fcr die Glasmacher sehr einfach herzustellen.<\/span><span data-preserver-spaces=\"true\"> Das Standardvolumen dieser Flasche betr\u00e4gt 750 ml, was dem durchschnittlichen Ausatmungsvolumen der menschlichen Lunge entspricht.<\/span><\/p>\n<p><span data-preserver-spaces=\"true\">Unsere leeren 750ml Weinflaschen <\/span><span data-preserver-spaces=\"true\">Gro\u00dfhandel<\/span> <span data-preserver-spaces=\"true\">gemacht werden<\/span><span data-preserver-spaces=\"true\"> von bleifreien <\/span><span data-preserver-spaces=\"true\">Superflint<\/span><span data-preserver-spaces=\"true\"> Glasmaterial, das unsere Glasflaschen klar, sch\u00f6n und umweltfreundlich macht.<\/span><span data-preserver-spaces=\"true\"> Als professioneller Hersteller und Lieferant von Weinflaschen bieten wir OEM\/ODM\/individuelle Glasflaschen f\u00fcr unsere Kunden an.<\/span><\/p>\n<ul>\n<li><span data-preserver-spaces=\"true\">Artikel: 750ml Burgunderflasche Weinflasche<\/span><\/li>\n<li><span data-preserver-spaces=\"true\">Hersteller: Ruisheng Glasflasche<\/span><\/li>\n<li><span data-preserver-spaces=\"true\">Nummer: RS007<\/span><\/li>\n<li><span data-preserver-spaces=\"true\">Fassungsverm\u00f6gen: 500ml, 700ml, 750ml, 1000ml, 2L oder kundenspezifischer Service<\/span><\/li>\n<li><span data-preserver-spaces=\"true\">Material: Super Flintglas Material, Kristallwei\u00dfes Glas Material, Teures wei\u00dfes Glas Material<\/span><\/li>\n<li><span data-preserver-spaces=\"true\">Verwendung: Glas Weinflasche<\/span><\/li>\n<li><span data-preserver-spaces=\"true\">Oberfl\u00e4che: Frost, Abziehbild, Malerei, Hei\u00dfpr\u00e4gung, Pr\u00e4gung, Druck, Gold, Siebdruck<\/span><\/li>\n<li><span data-preserver-spaces=\"true\">Logo: Akzeptables Logo des Kunden<\/span><\/li>\n<li><span data-preserver-spaces=\"true\">Beispiel:<\/span>\n<ul>\n<li><span data-preserver-spaces=\"true\">Formenbau<\/span><\/li>\n<li><span data-preserver-spaces=\"true\">Frei von vorhandenem Schimmel<\/span><\/li>\n<li><span data-preserver-spaces=\"true\">Als Worte oder Ihr Entwurf<\/span><\/li>\n<\/ul>\n<\/li>\n<li><span data-preserver-spaces=\"true\">Verpackung: Standard-Exportkarton, oder Palettenverpackung, FGC-Box-Verpackung<\/span><\/li>\n<li><span data-preserver-spaces=\"true\">Lieferzeit: 20-30 Tage nach Auftragsbest\u00e4tigung<\/span><\/li>\n<\/ul>","protected":false},"excerpt":{"rendered":"<p><span data-preserver-spaces=\"true\">Ruisheng ist ein f\u00fchrender Hersteller von Weinflaschen. Das Unternehmen bietet hochwertige leere Weinflaschen zu Gro\u00dfhandelspreisen an. Zu ihren Kunden geh\u00f6ren Weing\u00fcter, Weinunternehmen, Getr\u00e4nkeverpackungsfirmen, Glasflaschen-Gro\u00dfh\u00e4ndler und viele mehr.<\/span><\/p>\n<p><span data-preserver-spaces=\"true\">Die Weinflasche auf dem Foto ist eine Burgunderflasche, die zu den klassischen Glasflaschen f\u00fcr Rotwein geh\u00f6rt. Und am h\u00e4ufigsten f\u00fcr Chardonnay, Sauvignon Blanc und Pinot Noir verwendet.  Hier finden Sie einige Bestellinformationen \u00fcber leere Weinflaschen im Gro\u00dfhandel:<\/span><\/p>\n<p><strong><span data-preserver-spaces=\"true\">-MOQ: 10000 PCS (etwa 10000-20000 St\u00fcck)<\/span><\/strong><\/p>\n<p><span data-preserver-spaces=\"true\">-kundenspezifischer Service mit kostenlosem Muster angeboten<\/span><\/p>\n<p><span data-preserver-spaces=\"true\">-Globaler Versand+Lieferung innerhalb von 30 Tagen<\/span><\/p>\n<p><span data-preserver-spaces=\"true\">Wenn Sie <\/span><span data-preserver-spaces=\"true\">beginnen wollen<\/span><span data-preserver-spaces=\"true\"> Ihr Unternehmen <\/span><span data-preserver-spaces=\"true\">f\u00fcr<\/span><span data-preserver-spaces=\"true\"> 750ml leere Weinflaschen Gro\u00dfhandel, kontaktieren Sie uns bitte jetzt.<\/span><\/p>","protected":false},"featured_media":4383,"comment_status":"closed","ping_status":"closed","template":"","meta":[],"product_cat":[40],"class_list":{"0":"post-4382","1":"product","2":"type-product","3":"status-publish","4":"has-post-thumbnail","6":"product_cat-750ml-liquor-bottle-manufacturer","8":"first","9":"instock","10":"shipping-taxable","11":"product-type-simple"},"yoast_head":"<!-- This site is optimized with the Yoast SEO plugin v22.0 - https:\/\/yoast.com\/wordpress\/plugins\/seo\/ -->\n<title>Empty Wine Bottles Wholesale | Burgundy Bottle Supplier China<\/title>\n<meta name=\"description\" content=\"Ruisheng, one of the leading Burgundy Bottle manufacturers and suppliers in China, provide empty wine bottles wholesale at cheap price.\" \/>\n<meta name=\"robots\" content=\"index, follow, max-snippet:-1, max-image-preview:large, max-video-preview:-1\" \/>\n<link rel=\"canonical\" href=\"https:\/\/ruishengglassco.com\/de\/produkt\/rs007-750ml-burgunder-flasche-wein-flasche-lieferant\" \/>\n<meta property=\"og:locale\" content=\"de_DE\" \/>\n<meta property=\"og:type\" content=\"article\" \/>\n<meta property=\"og:title\" content=\"Empty Wine Bottles Wholesale | Burgundy Bottle Supplier China\" \/>\n<meta property=\"og:description\" content=\"Ruisheng, one of the leading Burgundy Bottle manufacturers and suppliers in China, provide empty wine bottles wholesale at cheap price.\" \/>\n<meta property=\"og:url\" content=\"https:\/\/ruishengglassco.com\/de\/produkt\/rs007-750ml-burgunder-flasche-wein-flasche-lieferant\" \/>\n<meta property=\"article:publisher\" content=\"https:\/\/www.facebook.com\/ruishengglassbottles\" \/>\n<meta property=\"article:modified_time\" content=\"2025-07-17T07:09:29+00:00\" \/>\n<meta property=\"og:image\" content=\"https:\/\/ruishengglassco.com\/wp-content\/uploads\/2025\/03\/RS007-750ml-Burgundy-Bottle-Wine-Bottle-Supplier.webp\" \/>\n\t<meta property=\"og:image:width\" content=\"400\" \/>\n\t<meta property=\"og:image:height\" content=\"400\" \/>\n\t<meta property=\"og:image:type\" content=\"image\/webp\" \/>\n<meta name=\"twitter:card\" content=\"summary_large_image\" \/>\n<meta name=\"twitter:label1\" content=\"Gesch\u00e4tzte Lesezeit\" \/>\n\t<meta name=\"twitter:data1\" content=\"1\u00a0Minute\" \/>\n<script type=\"application\/ld+json\" class=\"yoast-schema-graph\">{\"@context\":\"https:\/\/schema.org\",\"@graph\":[{\"@type\":\"WebPage\",\"@id\":\"https:\/\/ruishengglassco.com\/product\/rs007-750ml-burgundy-bottle-wine-bottle-supplier\",\"url\":\"https:\/\/ruishengglassco.com\/product\/rs007-750ml-burgundy-bottle-wine-bottle-supplier\",\"name\":\"Empty Wine Bottles Wholesale | Burgundy Bottle Supplier China\",\"isPartOf\":{\"@id\":\"https:\/\/ruishengglassco.com\/#website\"},\"datePublished\":\"2025-03-15T14:29:44+00:00\",\"dateModified\":\"2025-07-17T07:09:29+00:00\",\"description\":\"Ruisheng, one of the leading Burgundy Bottle manufacturers and suppliers in China, provide empty wine bottles wholesale at cheap price.\",\"breadcrumb\":{\"@id\":\"https:\/\/ruishengglassco.com\/product\/rs007-750ml-burgundy-bottle-wine-bottle-supplier#breadcrumb\"},\"inLanguage\":\"de\",\"potentialAction\":[{\"@type\":\"ReadAction\",\"target\":[\"https:\/\/ruishengglassco.com\/product\/rs007-750ml-burgundy-bottle-wine-bottle-supplier\"]}]},{\"@type\":\"BreadcrumbList\",\"@id\":\"https:\/\/ruishengglassco.com\/product\/rs007-750ml-burgundy-bottle-wine-bottle-supplier#breadcrumb\",\"itemListElement\":[{\"@type\":\"ListItem\",\"position\":1,\"name\":\"Home\",\"item\":\"https:\/\/ruishengglassco.com\/\"},{\"@type\":\"ListItem\",\"position\":2,\"name\":\"Products\",\"item\":\"https:\/\/ruishengglassco.com\/products\"},{\"@type\":\"ListItem\",\"position\":3,\"name\":\"RS007: 750ml Burgundy Bottle Wine Bottle Supplier\"}]},{\"@type\":\"WebSite\",\"@id\":\"https:\/\/ruishengglassco.com\/#website\",\"url\":\"https:\/\/ruishengglassco.com\/\",\"name\":\"Ruisheng Glass\",\"description\":\"\",\"publisher\":{\"@id\":\"https:\/\/ruishengglassco.com\/#organization\"},\"potentialAction\":[{\"@type\":\"SearchAction\",\"target\":{\"@type\":\"EntryPoint\",\"urlTemplate\":\"https:\/\/ruishengglassco.com\/?s={search_term_string}\"},\"query-input\":\"required name=search_term_string\"}],\"inLanguage\":\"de\"},{\"@type\":\"Organization\",\"@id\":\"https:\/\/ruishengglassco.com\/#organization\",\"name\":\"Shandong Yuncheng Ruisheng Glass Co., Ltd\",\"url\":\"https:\/\/ruishengglassco.com\/\",\"logo\":{\"@type\":\"ImageObject\",\"inLanguage\":\"de\",\"@id\":\"https:\/\/ruishengglassco.com\/#\/schema\/logo\/image\/\",\"url\":\"https:\/\/ruishengglassco.com\/wp-content\/uploads\/2023\/09\/ruisheng_logo_icon.webp\",\"contentUrl\":\"https:\/\/ruishengglassco.com\/wp-content\/uploads\/2023\/09\/ruisheng_logo_icon.webp\",\"width\":400,\"height\":233,\"caption\":\"Shandong Yuncheng Ruisheng Glass Co., Ltd\"},\"image\":{\"@id\":\"https:\/\/ruishengglassco.com\/#\/schema\/logo\/image\/\"},\"sameAs\":[\"https:\/\/www.facebook.com\/ruishengglassbottles\",\"https:\/\/www.instagram.com\/Ruishengglassbottlewholesales\/\",\"https:\/\/www.youtube.com\/channel\/UCMmbMNGwsL-XrtjfSFLCdVQ\"]}]}<\/script>\n<!-- \/ Yoast SEO plugin. -->","yoast_head_json":{"title":"Empty Wine Bottles Wholesale | Burgundy Bottle Supplier China","description":"Ruisheng, one of the leading Burgundy Bottle manufacturers and suppliers in China, provide empty wine bottles wholesale at cheap price.","robots":{"index":"index","follow":"follow","max-snippet":"max-snippet:-1","max-image-preview":"max-image-preview:large","max-video-preview":"max-video-preview:-1"},"canonical":"https:\/\/ruishengglassco.com\/de\/produkt\/rs007-750ml-burgunder-flasche-wein-flasche-lieferant","og_locale":"de_DE","og_type":"article","og_title":"Empty Wine Bottles Wholesale | Burgundy Bottle Supplier China","og_description":"Ruisheng, one of the leading Burgundy Bottle manufacturers and suppliers in China, provide empty wine bottles wholesale at cheap price.","og_url":"https:\/\/ruishengglassco.com\/de\/produkt\/rs007-750ml-burgunder-flasche-wein-flasche-lieferant","article_publisher":"https:\/\/www.facebook.com\/ruishengglassbottles","article_modified_time":"2025-07-17T07:09:29+00:00","og_image":[{"width":400,"height":400,"url":"https:\/\/ruishengglassco.com\/wp-content\/uploads\/2025\/03\/RS007-750ml-Burgundy-Bottle-Wine-Bottle-Supplier.webp","type":"image\/webp"}],"twitter_card":"summary_large_image","twitter_misc":{"Gesch\u00e4tzte Lesezeit":"1\u00a0Minute"},"schema":{"@context":"https:\/\/schema.org","@graph":[{"@type":"WebPage","@id":"https:\/\/ruishengglassco.com\/product\/rs007-750ml-burgundy-bottle-wine-bottle-supplier","url":"https:\/\/ruishengglassco.com\/product\/rs007-750ml-burgundy-bottle-wine-bottle-supplier","name":"Empty Wine Bottles Wholesale | Burgundy Bottle Supplier China","isPartOf":{"@id":"https:\/\/ruishengglassco.com\/#website"},"datePublished":"2025-03-15T14:29:44+00:00","dateModified":"2025-07-17T07:09:29+00:00","description":"Ruisheng, one of the leading Burgundy Bottle manufacturers and suppliers in China, provide empty wine bottles wholesale at cheap price.","breadcrumb":{"@id":"https:\/\/ruishengglassco.com\/product\/rs007-750ml-burgundy-bottle-wine-bottle-supplier#breadcrumb"},"inLanguage":"de","potentialAction":[{"@type":"ReadAction","target":["https:\/\/ruishengglassco.com\/product\/rs007-750ml-burgundy-bottle-wine-bottle-supplier"]}]},{"@type":"BreadcrumbList","@id":"https:\/\/ruishengglassco.com\/product\/rs007-750ml-burgundy-bottle-wine-bottle-supplier#breadcrumb","itemListElement":[{"@type":"ListItem","position":1,"name":"Home","item":"https:\/\/ruishengglassco.com\/"},{"@type":"ListItem","position":2,"name":"Products","item":"https:\/\/ruishengglassco.com\/products"},{"@type":"ListItem","position":3,"name":"RS007: 750ml Burgundy Bottle Wine Bottle Supplier"}]},{"@type":"WebSite","@id":"https:\/\/ruishengglassco.com\/#website","url":"https:\/\/ruishengglassco.com\/","name":"Ruisheng Glass","description":"","publisher":{"@id":"https:\/\/ruishengglassco.com\/#organization"},"potentialAction":[{"@type":"SearchAction","target":{"@type":"EntryPoint","urlTemplate":"https:\/\/ruishengglassco.com\/?s={search_term_string}"},"query-input":"required name=search_term_string"}],"inLanguage":"de"},{"@type":"Organization","@id":"https:\/\/ruishengglassco.com\/#organization","name":"Shandong Yuncheng Ruisheng Glass Co., Ltd","url":"https:\/\/ruishengglassco.com\/","logo":{"@type":"ImageObject","inLanguage":"de","@id":"https:\/\/ruishengglassco.com\/#\/schema\/logo\/image\/","url":"https:\/\/ruishengglassco.com\/wp-content\/uploads\/2023\/09\/ruisheng_logo_icon.webp","contentUrl":"https:\/\/ruishengglassco.com\/wp-content\/uploads\/2023\/09\/ruisheng_logo_icon.webp","width":400,"height":233,"caption":"Shandong Yuncheng Ruisheng Glass Co., Ltd"},"image":{"@id":"https:\/\/ruishengglassco.com\/#\/schema\/logo\/image\/"},"sameAs":["https:\/\/www.facebook.com\/ruishengglassbottles","https:\/\/www.instagram.com\/Ruishengglassbottlewholesales\/","https:\/\/www.youtube.com\/channel\/UCMmbMNGwsL-XrtjfSFLCdVQ"]}]}},"_links":{"self":[{"href":"https:\/\/ruishengglassco.com\/de\/wp-json\/wp\/v2\/product\/4382","targetHints":{"allow":["GET"]}}],"collection":[{"href":"https:\/\/ruishengglassco.com\/de\/wp-json\/wp\/v2\/product"}],"about":[{"href":"https:\/\/ruishengglassco.com\/de\/wp-json\/wp\/v2\/types\/product"}],"replies":[{"embeddable":true,"href":"https:\/\/ruishengglassco.com\/de\/wp-json\/wp\/v2\/comments?post=4382"}],"wp:featuredmedia":[{"embeddable":true,"href":"https:\/\/ruishengglassco.com\/de\/wp-json\/wp\/v2\/media\/4383"}],"wp:attachment":[{"href":"https:\/\/ruishengglassco.com\/de\/wp-json\/wp\/v2\/media?parent=4382"}],"wp:term":[{"taxonomy":"product_cat","embeddable":true,"href":"https:\/\/ruishengglassco.com\/de\/wp-json\/wp\/v2\/product_cat?post=4382"}],"curies":[{"name":"wp","href":"https:\/\/api.w.org\/{rel}","templated":true}]}}