{"id":4380,"date":"2025-03-15T22:28:13","date_gmt":"2025-03-15T14:28:13","guid":{"rendered":"https:\/\/ruishengglassco.com\/?post_type=product&#038;p=4380"},"modified":"2025-07-17T15:07:08","modified_gmt":"2025-07-17T07:07:08","slug":"rs008-750ml-alsace-flasche-wein-flasche-groshandel-lieferant","status":"publish","type":"product","link":"https:\/\/ruishengglassco.com\/de\/produkt\/rs008-750ml-alsace-flasche-wein-flasche-groshandel-lieferant","title":{"rendered":"RS008: 750ml Elsass Flasche Weinflasche Lieferant"},"content":{"rendered":"<h2>Detaillierte Informationen \u00fcber 750ml Weinflasche Gro\u00dfhandel-Elsass Flasche<\/h2>\n<ul>\n<li><span data-preserver-spaces=\"true\">Artikel: 750ml Elsass Flasche Weinflasche Gro\u00dfhandel<\/span><\/li>\n<li><span data-preserver-spaces=\"true\">Hersteller: Ruisheng Glasflasche<\/span><\/li>\n<li><span data-preserver-spaces=\"true\">Nummer: RS-008<\/span><\/li>\n<li><span data-preserver-spaces=\"true\">Fassungsverm\u00f6gen: 700ml, 750ml, 1000ml, 2L<\/span><\/li>\n<li><span data-preserver-spaces=\"true\">Material: Super Flintglas Material, Kristallwei\u00dfes Glas Material, Teures wei\u00dfes Glas Material<\/span><\/li>\n<li><span data-preserver-spaces=\"true\">Verwendung: Glas Weinflasche<\/span><\/li>\n<li><span data-preserver-spaces=\"true\">Oberfl\u00e4che: Frost, Abziehbild, Malerei, Hei\u00dfpr\u00e4gung, Pr\u00e4gung, Druck, Gold, Siebdruck<\/span><\/li>\n<li><span data-preserver-spaces=\"true\">Logo: Akzeptables Logo des Kunden<\/span><\/li>\n<li><span data-preserver-spaces=\"true\">Beispiel:<\/span>\n<ul>\n<li><span data-preserver-spaces=\"true\">Formenbau<\/span><\/li>\n<li><span data-preserver-spaces=\"true\">Frei von vorhandenem Schimmel<\/span><\/li>\n<li><span data-preserver-spaces=\"true\">Als Worte oder Ihr Entwurf<\/span><\/li>\n<\/ul>\n<\/li>\n<li><span data-preserver-spaces=\"true\">Verpackung: Standard-Exportkarton, oder Palettenverpackung, FGC-Box-Verpackung<\/span><\/li>\n<li><span data-preserver-spaces=\"true\">Lieferzeit: 20-30 Tage nach Auftragsbest\u00e4tigung<\/span><\/li>\n<\/ul>","protected":false},"excerpt":{"rendered":"<p><span data-preserver-spaces=\"true\">Ruisheng ist ein Profi in der Herstellung von Els\u00e4sser Flaschen. Sie bieten 750-ml-Weinflaschen zu Gro\u00dfhandelspreisen an. Zu ihren Kunden geh\u00f6ren Weinkellereien, Weinunternehmen, Lebensmittelverpackungsfirmen, Gro\u00dfh\u00e4ndler f\u00fcr Glasflaschen und Einzelh\u00e4ndler. Diese leere Weinflasche ist auch als germanische Flasche bekannt und wurde speziell f\u00fcr die Verpackung von Weinflaschen entwickelt.<\/span><\/p>\n<p><span data-preserver-spaces=\"true\">Als professioneller Hersteller und Lieferant von Glasflaschen sind wir <\/span><span data-preserver-spaces=\"true\">bieten kundenspezifische<\/span><span data-preserver-spaces=\"true\"> Weinflaschen-Service <\/span><span data-preserver-spaces=\"true\">f\u00fcr<\/span><span data-preserver-spaces=\"true\"> unsere Kunden.<\/span><span data-preserver-spaces=\"true\"> OEM\/ODM-Service angeboten.<\/span><\/p>\n<p><strong><span data-preserver-spaces=\"true\">-MOQ: 10000 PCS (Etwa 10000 St\u00fcck)<\/span><\/strong><\/p>\n<p><span data-preserver-spaces=\"true\">-Gratismuster angeboten. OEM\/ODM verf\u00fcgbar<\/span><\/p>\n<p><span data-preserver-spaces=\"true\">-Kostenlose Musterlieferung innerhalb von 7 Tagen; Lieferung von Gro\u00dfbestellungen innerhalb von 30 Tagen nach Auftragsbest\u00e4tigung.<\/span><\/p>","protected":false},"featured_media":4381,"comment_status":"closed","ping_status":"closed","template":"","meta":[],"product_cat":[40],"class_list":{"0":"post-4380","1":"product","2":"type-product","3":"status-publish","4":"has-post-thumbnail","6":"product_cat-750ml-liquor-bottle-manufacturer","8":"first","9":"instock","10":"shipping-taxable","11":"product-type-simple"},"yoast_head":"<!-- This site is optimized with the Yoast SEO plugin v22.0 - https:\/\/yoast.com\/wordpress\/plugins\/seo\/ -->\n<title>750ml Wine Bottle Supplier | Alsace Bottle Manufacturer<\/title>\n<meta name=\"description\" content=\"Ruisheng, a professional Alsace Bottle Manufacturer and supplier, provide 750ml wine bottle wholesale at factory outlet price.\" \/>\n<meta name=\"robots\" content=\"index, follow, max-snippet:-1, max-image-preview:large, max-video-preview:-1\" \/>\n<link rel=\"canonical\" href=\"https:\/\/ruishengglassco.com\/de\/produkt\/rs008-750ml-alsace-flasche-wein-flasche-groshandel-lieferant\" \/>\n<meta property=\"og:locale\" content=\"de_DE\" \/>\n<meta property=\"og:type\" content=\"article\" \/>\n<meta property=\"og:title\" content=\"750ml Wine Bottle Supplier | Alsace Bottle Manufacturer\" \/>\n<meta property=\"og:description\" content=\"Ruisheng, a professional Alsace Bottle Manufacturer and supplier, provide 750ml wine bottle wholesale at factory outlet price.\" \/>\n<meta property=\"og:url\" content=\"https:\/\/ruishengglassco.com\/de\/produkt\/rs008-750ml-alsace-flasche-wein-flasche-groshandel-lieferant\" \/>\n<meta property=\"article:publisher\" content=\"https:\/\/www.facebook.com\/ruishengglassbottles\" \/>\n<meta property=\"article:modified_time\" content=\"2025-07-17T07:07:08+00:00\" \/>\n<meta property=\"og:image\" content=\"https:\/\/ruishengglassco.com\/wp-content\/uploads\/2025\/03\/RS008-750ml-Alsace-Bottle-Wine-Bottle-Wholesale-Supplier.webp\" \/>\n\t<meta property=\"og:image:width\" content=\"500\" \/>\n\t<meta property=\"og:image:height\" content=\"500\" \/>\n\t<meta property=\"og:image:type\" content=\"image\/webp\" \/>\n<meta name=\"twitter:card\" content=\"summary_large_image\" \/>\n<meta name=\"twitter:label1\" content=\"Gesch\u00e4tzte Lesezeit\" \/>\n\t<meta name=\"twitter:data1\" content=\"1\u00a0Minute\" \/>\n<script type=\"application\/ld+json\" class=\"yoast-schema-graph\">{\"@context\":\"https:\/\/schema.org\",\"@graph\":[{\"@type\":\"WebPage\",\"@id\":\"https:\/\/ruishengglassco.com\/product\/rs008-750ml-alsace-bottle-wine-bottle-wholesale-supplier\",\"url\":\"https:\/\/ruishengglassco.com\/product\/rs008-750ml-alsace-bottle-wine-bottle-wholesale-supplier\",\"name\":\"750ml Wine Bottle Supplier | Alsace Bottle Manufacturer\",\"isPartOf\":{\"@id\":\"https:\/\/ruishengglassco.com\/#website\"},\"datePublished\":\"2025-03-15T14:28:13+00:00\",\"dateModified\":\"2025-07-17T07:07:08+00:00\",\"description\":\"Ruisheng, a professional Alsace Bottle Manufacturer and supplier, provide 750ml wine bottle wholesale at factory outlet price.\",\"breadcrumb\":{\"@id\":\"https:\/\/ruishengglassco.com\/product\/rs008-750ml-alsace-bottle-wine-bottle-wholesale-supplier#breadcrumb\"},\"inLanguage\":\"de\",\"potentialAction\":[{\"@type\":\"ReadAction\",\"target\":[\"https:\/\/ruishengglassco.com\/product\/rs008-750ml-alsace-bottle-wine-bottle-wholesale-supplier\"]}]},{\"@type\":\"BreadcrumbList\",\"@id\":\"https:\/\/ruishengglassco.com\/product\/rs008-750ml-alsace-bottle-wine-bottle-wholesale-supplier#breadcrumb\",\"itemListElement\":[{\"@type\":\"ListItem\",\"position\":1,\"name\":\"Home\",\"item\":\"https:\/\/ruishengglassco.com\/\"},{\"@type\":\"ListItem\",\"position\":2,\"name\":\"Products\",\"item\":\"https:\/\/ruishengglassco.com\/products\"},{\"@type\":\"ListItem\",\"position\":3,\"name\":\"RS008: 750ml Alsace Bottle Wine Bottle Supplier\"}]},{\"@type\":\"WebSite\",\"@id\":\"https:\/\/ruishengglassco.com\/#website\",\"url\":\"https:\/\/ruishengglassco.com\/\",\"name\":\"Ruisheng Glass\",\"description\":\"\",\"publisher\":{\"@id\":\"https:\/\/ruishengglassco.com\/#organization\"},\"potentialAction\":[{\"@type\":\"SearchAction\",\"target\":{\"@type\":\"EntryPoint\",\"urlTemplate\":\"https:\/\/ruishengglassco.com\/?s={search_term_string}\"},\"query-input\":\"required name=search_term_string\"}],\"inLanguage\":\"de\"},{\"@type\":\"Organization\",\"@id\":\"https:\/\/ruishengglassco.com\/#organization\",\"name\":\"Shandong Yuncheng Ruisheng Glass Co., Ltd\",\"url\":\"https:\/\/ruishengglassco.com\/\",\"logo\":{\"@type\":\"ImageObject\",\"inLanguage\":\"de\",\"@id\":\"https:\/\/ruishengglassco.com\/#\/schema\/logo\/image\/\",\"url\":\"https:\/\/ruishengglassco.com\/wp-content\/uploads\/2023\/09\/ruisheng_logo_icon.webp\",\"contentUrl\":\"https:\/\/ruishengglassco.com\/wp-content\/uploads\/2023\/09\/ruisheng_logo_icon.webp\",\"width\":400,\"height\":233,\"caption\":\"Shandong Yuncheng Ruisheng Glass Co., Ltd\"},\"image\":{\"@id\":\"https:\/\/ruishengglassco.com\/#\/schema\/logo\/image\/\"},\"sameAs\":[\"https:\/\/www.facebook.com\/ruishengglassbottles\",\"https:\/\/www.instagram.com\/Ruishengglassbottlewholesales\/\",\"https:\/\/www.youtube.com\/channel\/UCMmbMNGwsL-XrtjfSFLCdVQ\"]}]}<\/script>\n<!-- \/ Yoast SEO plugin. -->","yoast_head_json":{"title":"750ml Wine Bottle Supplier | Alsace Bottle Manufacturer","description":"Ruisheng, a professional Alsace Bottle Manufacturer and supplier, provide 750ml wine bottle wholesale at factory outlet price.","robots":{"index":"index","follow":"follow","max-snippet":"max-snippet:-1","max-image-preview":"max-image-preview:large","max-video-preview":"max-video-preview:-1"},"canonical":"https:\/\/ruishengglassco.com\/de\/produkt\/rs008-750ml-alsace-flasche-wein-flasche-groshandel-lieferant","og_locale":"de_DE","og_type":"article","og_title":"750ml Wine Bottle Supplier | Alsace Bottle Manufacturer","og_description":"Ruisheng, a professional Alsace Bottle Manufacturer and supplier, provide 750ml wine bottle wholesale at factory outlet price.","og_url":"https:\/\/ruishengglassco.com\/de\/produkt\/rs008-750ml-alsace-flasche-wein-flasche-groshandel-lieferant","article_publisher":"https:\/\/www.facebook.com\/ruishengglassbottles","article_modified_time":"2025-07-17T07:07:08+00:00","og_image":[{"width":500,"height":500,"url":"https:\/\/ruishengglassco.com\/wp-content\/uploads\/2025\/03\/RS008-750ml-Alsace-Bottle-Wine-Bottle-Wholesale-Supplier.webp","type":"image\/webp"}],"twitter_card":"summary_large_image","twitter_misc":{"Gesch\u00e4tzte Lesezeit":"1\u00a0Minute"},"schema":{"@context":"https:\/\/schema.org","@graph":[{"@type":"WebPage","@id":"https:\/\/ruishengglassco.com\/product\/rs008-750ml-alsace-bottle-wine-bottle-wholesale-supplier","url":"https:\/\/ruishengglassco.com\/product\/rs008-750ml-alsace-bottle-wine-bottle-wholesale-supplier","name":"750ml Wine Bottle Supplier | Alsace Bottle Manufacturer","isPartOf":{"@id":"https:\/\/ruishengglassco.com\/#website"},"datePublished":"2025-03-15T14:28:13+00:00","dateModified":"2025-07-17T07:07:08+00:00","description":"Ruisheng, a professional Alsace Bottle Manufacturer and supplier, provide 750ml wine bottle wholesale at factory outlet price.","breadcrumb":{"@id":"https:\/\/ruishengglassco.com\/product\/rs008-750ml-alsace-bottle-wine-bottle-wholesale-supplier#breadcrumb"},"inLanguage":"de","potentialAction":[{"@type":"ReadAction","target":["https:\/\/ruishengglassco.com\/product\/rs008-750ml-alsace-bottle-wine-bottle-wholesale-supplier"]}]},{"@type":"BreadcrumbList","@id":"https:\/\/ruishengglassco.com\/product\/rs008-750ml-alsace-bottle-wine-bottle-wholesale-supplier#breadcrumb","itemListElement":[{"@type":"ListItem","position":1,"name":"Home","item":"https:\/\/ruishengglassco.com\/"},{"@type":"ListItem","position":2,"name":"Products","item":"https:\/\/ruishengglassco.com\/products"},{"@type":"ListItem","position":3,"name":"RS008: 750ml Alsace Bottle Wine Bottle Supplier"}]},{"@type":"WebSite","@id":"https:\/\/ruishengglassco.com\/#website","url":"https:\/\/ruishengglassco.com\/","name":"Ruisheng Glass","description":"","publisher":{"@id":"https:\/\/ruishengglassco.com\/#organization"},"potentialAction":[{"@type":"SearchAction","target":{"@type":"EntryPoint","urlTemplate":"https:\/\/ruishengglassco.com\/?s={search_term_string}"},"query-input":"required name=search_term_string"}],"inLanguage":"de"},{"@type":"Organization","@id":"https:\/\/ruishengglassco.com\/#organization","name":"Shandong Yuncheng Ruisheng Glass Co., Ltd","url":"https:\/\/ruishengglassco.com\/","logo":{"@type":"ImageObject","inLanguage":"de","@id":"https:\/\/ruishengglassco.com\/#\/schema\/logo\/image\/","url":"https:\/\/ruishengglassco.com\/wp-content\/uploads\/2023\/09\/ruisheng_logo_icon.webp","contentUrl":"https:\/\/ruishengglassco.com\/wp-content\/uploads\/2023\/09\/ruisheng_logo_icon.webp","width":400,"height":233,"caption":"Shandong Yuncheng Ruisheng Glass Co., Ltd"},"image":{"@id":"https:\/\/ruishengglassco.com\/#\/schema\/logo\/image\/"},"sameAs":["https:\/\/www.facebook.com\/ruishengglassbottles","https:\/\/www.instagram.com\/Ruishengglassbottlewholesales\/","https:\/\/www.youtube.com\/channel\/UCMmbMNGwsL-XrtjfSFLCdVQ"]}]}},"_links":{"self":[{"href":"https:\/\/ruishengglassco.com\/de\/wp-json\/wp\/v2\/product\/4380","targetHints":{"allow":["GET"]}}],"collection":[{"href":"https:\/\/ruishengglassco.com\/de\/wp-json\/wp\/v2\/product"}],"about":[{"href":"https:\/\/ruishengglassco.com\/de\/wp-json\/wp\/v2\/types\/product"}],"replies":[{"embeddable":true,"href":"https:\/\/ruishengglassco.com\/de\/wp-json\/wp\/v2\/comments?post=4380"}],"wp:featuredmedia":[{"embeddable":true,"href":"https:\/\/ruishengglassco.com\/de\/wp-json\/wp\/v2\/media\/4381"}],"wp:attachment":[{"href":"https:\/\/ruishengglassco.com\/de\/wp-json\/wp\/v2\/media?parent=4380"}],"wp:term":[{"taxonomy":"product_cat","embeddable":true,"href":"https:\/\/ruishengglassco.com\/de\/wp-json\/wp\/v2\/product_cat?post=4380"}],"curies":[{"name":"wp","href":"https:\/\/api.w.org\/{rel}","templated":true}]}}