{"id":4378,"date":"2025-03-15T22:18:47","date_gmt":"2025-03-15T14:18:47","guid":{"rendered":"https:\/\/ruishengglassco.com\/?post_type=product&#038;p=4378"},"modified":"2025-07-17T15:05:29","modified_gmt":"2025-07-17T07:05:29","slug":"rs009-standard-750ml-bordeaux-glas-wein-flasche-zitate","status":"publish","type":"product","link":"https:\/\/ruishengglassco.com\/de\/produkt\/rs009-standard-750ml-bordeaux-glas-wein-flasche-zitate","title":{"rendered":"RS009 Standard 750ml Bordeaux Glas Weinflasche Zitate"},"content":{"rendered":"<h2>Detaillierte Informationen \u00fcber Standard 750ml Bordeaux-Flaschen Gro\u00dfhandel<\/h2>\n<ul>\n<li><span data-preserver-spaces=\"true\">Artikel: Standard 750ml Bordeaux-Flasche<\/span><\/li>\n<li><span data-preserver-spaces=\"true\">Hersteller: Ruisheng Glasflasche<\/span><\/li>\n<li><span data-preserver-spaces=\"true\">Nummer: RS009<\/span><\/li>\n<li><span data-preserver-spaces=\"true\">Fassungsverm\u00f6gen: 50ml, 200ml, 300ml, 700ml, 750ml, 1000ml, 2L und kundenspezifischer Weinflaschenservice<\/span><\/li>\n<li><span data-preserver-spaces=\"true\">Verschlusstyp: Schraubverschluss<\/span><\/li>\n<li><span data-preserver-spaces=\"true\">Material: Super Flintglas Material, Kristallwei\u00dfes Glas Material, Teures wei\u00dfes Glas Material<\/span><\/li>\n<li><span data-preserver-spaces=\"true\">Verwendung: Glas Weinflasche<\/span><\/li>\n<li><span data-preserver-spaces=\"true\">Oberfl\u00e4che: Frost, Abziehbild, Malerei, Hei\u00dfpr\u00e4gung, Pr\u00e4gung, Druck, Gold, Siebdruck<\/span><\/li>\n<li><span data-preserver-spaces=\"true\">Logo: Akzeptables Logo des Kunden<\/span><\/li>\n<li><span data-preserver-spaces=\"true\">Beispiel:<\/span>\n<ul>\n<li><span data-preserver-spaces=\"true\">Formenbau<\/span><\/li>\n<li><span data-preserver-spaces=\"true\">Frei von vorhandenem Schimmel<\/span><\/li>\n<li><span data-preserver-spaces=\"true\">Als Worte oder Ihr Entwurf<\/span><\/li>\n<\/ul>\n<\/li>\n<li style=\"list-style-type: none;\">\n<ul>\n<li><span data-preserver-spaces=\"true\">Verpackung: Standard-Exportkarton, oder Palettenverpackung, FGC-Box-Verpackung<\/span><\/li>\n<li><span data-preserver-spaces=\"true\">Lieferzeit: 20-30 Tage nach Auftragsbest\u00e4tigung<\/span><\/li>\n<\/ul>\n<\/li>\n<\/ul>\n<p><img decoding=\"async\" class=\"aligncenter wp-image-1556 size-full\" src=\"https:\/\/glassbottlewholesale.com\/wp-content\/uploads\/2019\/11\/custom-glass-bottle-manufacturing.png\" alt=\"Verfahren zur Herstellung von Glasflaschen\" width=\"863\" height=\"881\" \/><\/p>\n<p>Wir sind ein professioneller Hersteller von Standard-Bordeauxflaschen. Unser Unternehmen bietet OEM-, ODM- und kundenspezifische Glasflaschen-Dienstleistungen an. Sie k\u00f6nnen aus den freien Formen w\u00e4hlen, die in unserem Unternehmen verf\u00fcgbar sind, oder Sie k\u00f6nnen uns Designentw\u00fcrfe oder Fotos schicken.<\/p>\n<p>Wenn Sie weitere Informationen \u00fcber den Gro\u00dfhandel mit Standard-Bordeauxflaschen erhalten m\u00f6chten, kontaktieren Sie uns bitte hier.<\/p>","protected":false},"excerpt":{"rendered":"<p><span data-preserver-spaces=\"true\">M\u00f6chten Sie Weinflaschen in gro\u00dfen Mengen kaufen? <\/span><span data-preserver-spaces=\"true\">Hier, unsere Standard 750ml Weinflaschen Gro\u00dfhandel <\/span><span data-preserver-spaces=\"true\">wird<\/span><span data-preserver-spaces=\"true\"> Ihren Bedarf decken<\/span><span data-preserver-spaces=\"true\">s!<\/span><\/p>\n<p><span data-preserver-spaces=\"true\">Als professioneller Hersteller von Bordeauxflaschen aus Glas hat sich Ruisheng Glass. Ruisheng Glass konzentriert sich seit \u00fcber 10 Jahren auf das Design und die Herstellung von Weinflaschen. <\/span><span data-preserver-spaces=\"true\">Neben<\/span><span data-preserver-spaces=\"true\">wir <\/span><span data-preserver-spaces=\"true\">anbieten.<\/span><span data-preserver-spaces=\"true\"> OEM\/ODM\/angepasste Glasflasche <\/span><span data-preserver-spaces=\"true\">Dienst f\u00fcr<\/span><span data-preserver-spaces=\"true\"> unsere Kunden.<\/span><\/p>\n<p><span data-preserver-spaces=\"true\">Die Bordeauxflasche ist die g\u00e4ngigste Flasche f\u00fcr Weinverpackungen. Sie ist in der ganzen Welt sehr beliebt. Sie hat gerade Seiten und markante, hohe Schultern und ist in einer Vielzahl von Farben erh\u00e4ltlich. Rotweine werden in der Regel in dunkelgr\u00fcnes oder braunes Glas abgef\u00fcllt, um <\/span><span data-preserver-spaces=\"true\">Schutz bieten<\/span><span data-preserver-spaces=\"true\"> vor der Sonne zu sch\u00fctzen, wenn sie altern.<\/span><\/p>\n<p><span data-preserver-spaces=\"true\">Hier finden Sie einige Informationen zu Ihrer Bestellung von Weinflaschen in gro\u00dfen Mengen bei unserem Unternehmen:<\/span><\/p>\n<p><strong><span data-preserver-spaces=\"true\">-MOQ: 10000 PCS (Etwa 10000 St\u00fcck)<\/span><\/strong><\/p>\n<p><span data-preserver-spaces=\"true\">-Gratismuster angeboten. OEM\/ODM verf\u00fcgbar<\/span><\/p>\n<p><span data-preserver-spaces=\"true\">-Kostenlose Musterlieferung innerhalb von 7 Tagen; Lieferung von Gro\u00dfbestellungen innerhalb von 30 Tagen nach Auftragsbest\u00e4tigung.<\/span><\/p>","protected":false},"featured_media":4379,"comment_status":"closed","ping_status":"closed","template":"","meta":[],"product_cat":[40],"class_list":{"0":"post-4378","1":"product","2":"type-product","3":"status-publish","4":"has-post-thumbnail","6":"product_cat-750ml-liquor-bottle-manufacturer","8":"first","9":"instock","10":"shipping-taxable","11":"product-type-simple"},"yoast_head":"<!-- This site is optimized with the Yoast SEO plugin v22.0 - https:\/\/yoast.com\/wordpress\/plugins\/seo\/ -->\n<title>Buy Wine Bottles in Bulk | Standard Bordeaux Bottle Manufacturer<\/title>\n<meta name=\"description\" content=\"Want to buy wine bottles in bulk? Click here to get 750ml wine bottles wholesale from Standard Bordeaux Bottle Manufacturer.\" \/>\n<meta name=\"robots\" content=\"index, follow, max-snippet:-1, max-image-preview:large, max-video-preview:-1\" \/>\n<link rel=\"canonical\" href=\"https:\/\/ruishengglassco.com\/de\/produkt\/rs009-standard-750ml-bordeaux-glas-wein-flasche-zitate\" \/>\n<meta property=\"og:locale\" content=\"de_DE\" \/>\n<meta property=\"og:type\" content=\"article\" \/>\n<meta property=\"og:title\" content=\"Buy Wine Bottles in Bulk | Standard Bordeaux Bottle Manufacturer\" \/>\n<meta property=\"og:description\" content=\"Want to buy wine bottles in bulk? Click here to get 750ml wine bottles wholesale from Standard Bordeaux Bottle Manufacturer.\" \/>\n<meta property=\"og:url\" content=\"https:\/\/ruishengglassco.com\/de\/produkt\/rs009-standard-750ml-bordeaux-glas-wein-flasche-zitate\" \/>\n<meta property=\"article:publisher\" content=\"https:\/\/www.facebook.com\/ruishengglassbottles\" \/>\n<meta property=\"article:modified_time\" content=\"2025-07-17T07:05:29+00:00\" \/>\n<meta property=\"og:image\" content=\"https:\/\/ruishengglassco.com\/wp-content\/uploads\/2025\/03\/RS009-Standard-750ml-Bordeaux-Glass-Wine-Bottle-Quotes.webp\" \/>\n\t<meta property=\"og:image:width\" content=\"500\" \/>\n\t<meta property=\"og:image:height\" content=\"500\" \/>\n\t<meta property=\"og:image:type\" content=\"image\/webp\" \/>\n<meta name=\"twitter:card\" content=\"summary_large_image\" \/>\n<meta name=\"twitter:label1\" content=\"Gesch\u00e4tzte Lesezeit\" \/>\n\t<meta name=\"twitter:data1\" content=\"2\u00a0Minuten\" \/>\n<script type=\"application\/ld+json\" class=\"yoast-schema-graph\">{\"@context\":\"https:\/\/schema.org\",\"@graph\":[{\"@type\":\"WebPage\",\"@id\":\"https:\/\/ruishengglassco.com\/product\/rs009-standard-750ml-bordeaux-glass-wine-bottle-quotes\",\"url\":\"https:\/\/ruishengglassco.com\/product\/rs009-standard-750ml-bordeaux-glass-wine-bottle-quotes\",\"name\":\"Buy Wine Bottles in Bulk | Standard Bordeaux Bottle Manufacturer\",\"isPartOf\":{\"@id\":\"https:\/\/ruishengglassco.com\/#website\"},\"datePublished\":\"2025-03-15T14:18:47+00:00\",\"dateModified\":\"2025-07-17T07:05:29+00:00\",\"description\":\"Want to buy wine bottles in bulk? Click here to get 750ml wine bottles wholesale from Standard Bordeaux Bottle Manufacturer.\",\"breadcrumb\":{\"@id\":\"https:\/\/ruishengglassco.com\/product\/rs009-standard-750ml-bordeaux-glass-wine-bottle-quotes#breadcrumb\"},\"inLanguage\":\"de\",\"potentialAction\":[{\"@type\":\"ReadAction\",\"target\":[\"https:\/\/ruishengglassco.com\/product\/rs009-standard-750ml-bordeaux-glass-wine-bottle-quotes\"]}]},{\"@type\":\"BreadcrumbList\",\"@id\":\"https:\/\/ruishengglassco.com\/product\/rs009-standard-750ml-bordeaux-glass-wine-bottle-quotes#breadcrumb\",\"itemListElement\":[{\"@type\":\"ListItem\",\"position\":1,\"name\":\"Home\",\"item\":\"https:\/\/ruishengglassco.com\/\"},{\"@type\":\"ListItem\",\"position\":2,\"name\":\"Products\",\"item\":\"https:\/\/ruishengglassco.com\/products\"},{\"@type\":\"ListItem\",\"position\":3,\"name\":\"RS009 Standard 750ml Bordeaux Glass Wine Bottle Quotes\"}]},{\"@type\":\"WebSite\",\"@id\":\"https:\/\/ruishengglassco.com\/#website\",\"url\":\"https:\/\/ruishengglassco.com\/\",\"name\":\"Ruisheng Glass\",\"description\":\"\",\"publisher\":{\"@id\":\"https:\/\/ruishengglassco.com\/#organization\"},\"potentialAction\":[{\"@type\":\"SearchAction\",\"target\":{\"@type\":\"EntryPoint\",\"urlTemplate\":\"https:\/\/ruishengglassco.com\/?s={search_term_string}\"},\"query-input\":\"required name=search_term_string\"}],\"inLanguage\":\"de\"},{\"@type\":\"Organization\",\"@id\":\"https:\/\/ruishengglassco.com\/#organization\",\"name\":\"Shandong Yuncheng Ruisheng Glass Co., Ltd\",\"url\":\"https:\/\/ruishengglassco.com\/\",\"logo\":{\"@type\":\"ImageObject\",\"inLanguage\":\"de\",\"@id\":\"https:\/\/ruishengglassco.com\/#\/schema\/logo\/image\/\",\"url\":\"https:\/\/ruishengglassco.com\/wp-content\/uploads\/2023\/09\/ruisheng_logo_icon.webp\",\"contentUrl\":\"https:\/\/ruishengglassco.com\/wp-content\/uploads\/2023\/09\/ruisheng_logo_icon.webp\",\"width\":400,\"height\":233,\"caption\":\"Shandong Yuncheng Ruisheng Glass Co., Ltd\"},\"image\":{\"@id\":\"https:\/\/ruishengglassco.com\/#\/schema\/logo\/image\/\"},\"sameAs\":[\"https:\/\/www.facebook.com\/ruishengglassbottles\",\"https:\/\/www.instagram.com\/Ruishengglassbottlewholesales\/\",\"https:\/\/www.youtube.com\/channel\/UCMmbMNGwsL-XrtjfSFLCdVQ\"]}]}<\/script>\n<!-- \/ Yoast SEO plugin. -->","yoast_head_json":{"title":"Buy Wine Bottles in Bulk | Standard Bordeaux Bottle Manufacturer","description":"Want to buy wine bottles in bulk? Click here to get 750ml wine bottles wholesale from Standard Bordeaux Bottle Manufacturer.","robots":{"index":"index","follow":"follow","max-snippet":"max-snippet:-1","max-image-preview":"max-image-preview:large","max-video-preview":"max-video-preview:-1"},"canonical":"https:\/\/ruishengglassco.com\/de\/produkt\/rs009-standard-750ml-bordeaux-glas-wein-flasche-zitate","og_locale":"de_DE","og_type":"article","og_title":"Buy Wine Bottles in Bulk | Standard Bordeaux Bottle Manufacturer","og_description":"Want to buy wine bottles in bulk? Click here to get 750ml wine bottles wholesale from Standard Bordeaux Bottle Manufacturer.","og_url":"https:\/\/ruishengglassco.com\/de\/produkt\/rs009-standard-750ml-bordeaux-glas-wein-flasche-zitate","article_publisher":"https:\/\/www.facebook.com\/ruishengglassbottles","article_modified_time":"2025-07-17T07:05:29+00:00","og_image":[{"width":500,"height":500,"url":"https:\/\/ruishengglassco.com\/wp-content\/uploads\/2025\/03\/RS009-Standard-750ml-Bordeaux-Glass-Wine-Bottle-Quotes.webp","type":"image\/webp"}],"twitter_card":"summary_large_image","twitter_misc":{"Gesch\u00e4tzte Lesezeit":"2\u00a0Minuten"},"schema":{"@context":"https:\/\/schema.org","@graph":[{"@type":"WebPage","@id":"https:\/\/ruishengglassco.com\/product\/rs009-standard-750ml-bordeaux-glass-wine-bottle-quotes","url":"https:\/\/ruishengglassco.com\/product\/rs009-standard-750ml-bordeaux-glass-wine-bottle-quotes","name":"Buy Wine Bottles in Bulk | Standard Bordeaux Bottle Manufacturer","isPartOf":{"@id":"https:\/\/ruishengglassco.com\/#website"},"datePublished":"2025-03-15T14:18:47+00:00","dateModified":"2025-07-17T07:05:29+00:00","description":"Want to buy wine bottles in bulk? Click here to get 750ml wine bottles wholesale from Standard Bordeaux Bottle Manufacturer.","breadcrumb":{"@id":"https:\/\/ruishengglassco.com\/product\/rs009-standard-750ml-bordeaux-glass-wine-bottle-quotes#breadcrumb"},"inLanguage":"de","potentialAction":[{"@type":"ReadAction","target":["https:\/\/ruishengglassco.com\/product\/rs009-standard-750ml-bordeaux-glass-wine-bottle-quotes"]}]},{"@type":"BreadcrumbList","@id":"https:\/\/ruishengglassco.com\/product\/rs009-standard-750ml-bordeaux-glass-wine-bottle-quotes#breadcrumb","itemListElement":[{"@type":"ListItem","position":1,"name":"Home","item":"https:\/\/ruishengglassco.com\/"},{"@type":"ListItem","position":2,"name":"Products","item":"https:\/\/ruishengglassco.com\/products"},{"@type":"ListItem","position":3,"name":"RS009 Standard 750ml Bordeaux Glass Wine Bottle Quotes"}]},{"@type":"WebSite","@id":"https:\/\/ruishengglassco.com\/#website","url":"https:\/\/ruishengglassco.com\/","name":"Ruisheng Glass","description":"","publisher":{"@id":"https:\/\/ruishengglassco.com\/#organization"},"potentialAction":[{"@type":"SearchAction","target":{"@type":"EntryPoint","urlTemplate":"https:\/\/ruishengglassco.com\/?s={search_term_string}"},"query-input":"required name=search_term_string"}],"inLanguage":"de"},{"@type":"Organization","@id":"https:\/\/ruishengglassco.com\/#organization","name":"Shandong Yuncheng Ruisheng Glass Co., Ltd","url":"https:\/\/ruishengglassco.com\/","logo":{"@type":"ImageObject","inLanguage":"de","@id":"https:\/\/ruishengglassco.com\/#\/schema\/logo\/image\/","url":"https:\/\/ruishengglassco.com\/wp-content\/uploads\/2023\/09\/ruisheng_logo_icon.webp","contentUrl":"https:\/\/ruishengglassco.com\/wp-content\/uploads\/2023\/09\/ruisheng_logo_icon.webp","width":400,"height":233,"caption":"Shandong Yuncheng Ruisheng Glass Co., Ltd"},"image":{"@id":"https:\/\/ruishengglassco.com\/#\/schema\/logo\/image\/"},"sameAs":["https:\/\/www.facebook.com\/ruishengglassbottles","https:\/\/www.instagram.com\/Ruishengglassbottlewholesales\/","https:\/\/www.youtube.com\/channel\/UCMmbMNGwsL-XrtjfSFLCdVQ"]}]}},"_links":{"self":[{"href":"https:\/\/ruishengglassco.com\/de\/wp-json\/wp\/v2\/product\/4378","targetHints":{"allow":["GET"]}}],"collection":[{"href":"https:\/\/ruishengglassco.com\/de\/wp-json\/wp\/v2\/product"}],"about":[{"href":"https:\/\/ruishengglassco.com\/de\/wp-json\/wp\/v2\/types\/product"}],"replies":[{"embeddable":true,"href":"https:\/\/ruishengglassco.com\/de\/wp-json\/wp\/v2\/comments?post=4378"}],"wp:featuredmedia":[{"embeddable":true,"href":"https:\/\/ruishengglassco.com\/de\/wp-json\/wp\/v2\/media\/4379"}],"wp:attachment":[{"href":"https:\/\/ruishengglassco.com\/de\/wp-json\/wp\/v2\/media?parent=4378"}],"wp:term":[{"taxonomy":"product_cat","embeddable":true,"href":"https:\/\/ruishengglassco.com\/de\/wp-json\/wp\/v2\/product_cat?post=4378"}],"curies":[{"name":"wp","href":"https:\/\/api.w.org\/{rel}","templated":true}]}}