{"id":4376,"date":"2025-03-15T22:15:46","date_gmt":"2025-03-15T14:15:46","guid":{"rendered":"https:\/\/ruishengglassco.com\/?post_type=product&#038;p=4376"},"modified":"2025-09-11T16:34:19","modified_gmt":"2025-09-11T08:34:19","slug":"rs010-standard-750ml-weinflaschen-groshandel","status":"publish","type":"product","link":"https:\/\/ruishengglassco.com\/de\/produkt\/rs010-standard-750ml-weinflaschen-groshandel","title":{"rendered":"RS010: Standard 750ml Weinflaschen"},"content":{"rendered":"<h2>Detaillierte Informationen \u00fcber Standard 750ml Weinflaschen<\/h2>\n<p><span data-preserver-spaces=\"true\">Diese Serie von 750-ml-Weinflaschen im Gro\u00dfhandel ist eine klassische Bordeaux-Flasche, die bei Weinverpackungen sehr verbreitet ist. <\/span><span data-preserver-spaces=\"true\">Mit runden, geraden Seiten<\/span><span data-preserver-spaces=\"true\">, <\/span><span data-preserver-spaces=\"true\">Der gestanzte Boden sorgt f\u00fcr ein sauberes, klassisches Aussehen und steigert die Attraktivit\u00e4t des Regals.<\/span><span data-preserver-spaces=\"true\"> Eine Weinflasche aus gr\u00fcnem und braunem Glas <\/span><span data-preserver-spaces=\"true\">wird angeboten<\/span><span data-preserver-spaces=\"true\">.<\/span><\/p>\n<p><span data-preserver-spaces=\"true\">Ruisheng ist ein Profi bei der Lieferung leerer Weinflaschen. <\/span><span data-preserver-spaces=\"true\">Wir bieten <\/span><span data-preserver-spaces=\"true\">verschiedene<\/span><span data-preserver-spaces=\"true\"> Spirituosenflaschen aus Glas, einschlie\u00dflich Wein, Whiskey, Brandy und Wodka <\/span><span data-preserver-spaces=\"true\">Flaschen<\/span><span data-preserver-spaces=\"true\">.<\/span><span data-preserver-spaces=\"true\"> Als Hersteller von Weinflaschen bieten wir auch OEM-, ODM- und kundenspezifische Flaschendienste f\u00fcr Weinkellereien, Getr\u00e4nkehersteller und Flaschengro\u00dfh\u00e4ndler an.<\/span><\/p>\n<ul>\n<li><span data-preserver-spaces=\"true\">Artikel: Standard 750ml Weinflaschen Gro\u00dfhandel<\/span><\/li>\n<li><span data-preserver-spaces=\"true\">Hersteller: Ruisheng Glasflasche<\/span><\/li>\n<li><span data-preserver-spaces=\"true\">Nummer: RS010<\/span><\/li>\n<li><span data-preserver-spaces=\"true\">Fassungsverm\u00f6gen: 700ml, 750ml, 1000ml, 2L<\/span><\/li>\n<li><span data-preserver-spaces=\"true\">Material: Super Flintglas Material, Kristallwei\u00dfes Glas Material, Teures wei\u00dfes Glas Material<\/span><\/li>\n<li><span data-preserver-spaces=\"true\">Verwendung: Glas Weinflasche<\/span><\/li>\n<li><span data-preserver-spaces=\"true\">Oberfl\u00e4che: Frost, Abziehbild, Malerei, Hei\u00dfpr\u00e4gung, Pr\u00e4gung, Druck, Gold, Siebdruck<\/span><\/li>\n<li><span data-preserver-spaces=\"true\">Logo: Akzeptables Logo des Kunden<\/span><\/li>\n<li><span data-preserver-spaces=\"true\">Beispiel:<\/span>\n<ul>\n<li><span data-preserver-spaces=\"true\">Formenbau<\/span><\/li>\n<li><span data-preserver-spaces=\"true\">Frei von vorhandenem Schimmel<\/span><\/li>\n<li><span data-preserver-spaces=\"true\">Als Worte oder Ihr Entwurf<\/span><\/li>\n<\/ul>\n<\/li>\n<li><span data-preserver-spaces=\"true\">Verpackung: Standard-Exportkarton, oder Palettenverpackung, FGC-Box-Verpackung<\/span><\/li>\n<li><span data-preserver-spaces=\"true\">Lieferzeit: 20-30 Tage nach Auftragsbest\u00e4tigung<\/span><\/li>\n<\/ul>","protected":false},"excerpt":{"rendered":"<p><span data-preserver-spaces=\"true\">Ruisheng Glass Co. Ltd. ist ein professioneller Hersteller von Glasflaschen. Sie konzentrieren sich auf die Erforschung, Gestaltung, Herstellung und Vermarktung von verschiedenen Glaswarenprodukten. Die Standard 750ml Weinflaschen Gro\u00dfhandel ist eine der beliebtesten Produktkategorien in unserem Unternehmen. <\/span><span data-preserver-spaces=\"true\">Die 750-ml-Glasflasche ist die h\u00e4ufigste <\/span><span data-preserver-spaces=\"true\">Glas<\/span><span data-preserver-spaces=\"true\"> Flasche <\/span><span data-preserver-spaces=\"true\">f\u00fcr<\/span><span data-preserver-spaces=\"true\"> Weinverpackung.<\/span><\/p>\n<h2><strong><span data-preserver-spaces=\"true\">Besorgte Informationen \u00fcber Standard 750ml Weinflaschen Gro\u00dfhandel<\/span><\/strong><\/h2>\n<p><strong><span data-preserver-spaces=\"true\">-MOQ: 10000 PCS (Etwa 10000 St\u00fcck)<\/span><\/strong><\/p>\n<p><span data-preserver-spaces=\"true\">-Gratismuster angeboten. OEM\/ODM verf\u00fcgbar<\/span><\/p>\n<p><span data-preserver-spaces=\"true\">-Kostenlose Musterlieferung innerhalb von 7 Tagen; Lieferung von Gro\u00dfbestellungen innerhalb von 30 Tagen nach Auftragsbest\u00e4tigung.<\/span><\/p>\n<p><span data-preserver-spaces=\"true\">Wenn Sie an unseren Standard 750ml Weinflaschen im Gro\u00dfhandel interessiert sind, bitte <\/span><span data-preserver-spaces=\"true\">sich frei f\u00fchlen<\/span><span data-preserver-spaces=\"true\"> um uns zu kontaktieren.<\/span><\/p>","protected":false},"featured_media":4377,"comment_status":"closed","ping_status":"closed","template":"","meta":[],"product_cat":[40],"class_list":{"0":"post-4376","1":"product","2":"type-product","3":"status-publish","4":"has-post-thumbnail","6":"product_cat-750ml-liquor-bottle-manufacturer","8":"first","9":"instock","10":"shipping-taxable","11":"product-type-simple"},"yoast_head":"<!-- This site is optimized with the Yoast SEO plugin v22.0 - https:\/\/yoast.com\/wordpress\/plugins\/seo\/ -->\n<title>Standard 750ml Wine Bottles Manufacturer | Brown Wine Bottle Supplier<\/title>\n<meta name=\"description\" content=\"Ruisheng Glass Co, ltd, a professional glass bottle supplier, provide Standard 750ml Wine Bottles Wholesale at factory outlet price.\" \/>\n<meta name=\"robots\" content=\"index, follow, max-snippet:-1, max-image-preview:large, max-video-preview:-1\" \/>\n<link rel=\"canonical\" href=\"https:\/\/ruishengglassco.com\/de\/produkt\/rs010-standard-750ml-weinflaschen-groshandel\" \/>\n<meta property=\"og:locale\" content=\"de_DE\" \/>\n<meta property=\"og:type\" content=\"article\" \/>\n<meta property=\"og:title\" content=\"Standard 750ml Wine Bottles Manufacturer | Brown Wine Bottle Supplier\" \/>\n<meta property=\"og:description\" content=\"Ruisheng Glass Co, ltd, a professional glass bottle supplier, provide Standard 750ml Wine Bottles Wholesale at factory outlet price.\" \/>\n<meta property=\"og:url\" content=\"https:\/\/ruishengglassco.com\/de\/produkt\/rs010-standard-750ml-weinflaschen-groshandel\" \/>\n<meta property=\"article:publisher\" content=\"https:\/\/www.facebook.com\/ruishengglassbottles\" \/>\n<meta property=\"article:modified_time\" content=\"2025-09-11T08:34:19+00:00\" \/>\n<meta property=\"og:image\" content=\"https:\/\/ruishengglassco.com\/wp-content\/uploads\/2025\/03\/RS010-Standard-750ml-Wine-Bottles-Wholesale.webp\" \/>\n\t<meta property=\"og:image:width\" content=\"2304\" \/>\n\t<meta property=\"og:image:height\" content=\"2304\" \/>\n\t<meta property=\"og:image:type\" content=\"image\/webp\" \/>\n<meta name=\"twitter:card\" content=\"summary_large_image\" \/>\n<meta name=\"twitter:label1\" content=\"Gesch\u00e4tzte Lesezeit\" \/>\n\t<meta name=\"twitter:data1\" content=\"1\u00a0Minute\" \/>\n<script type=\"application\/ld+json\" class=\"yoast-schema-graph\">{\"@context\":\"https:\/\/schema.org\",\"@graph\":[{\"@type\":\"WebPage\",\"@id\":\"https:\/\/ruishengglassco.com\/product\/rs010-standard-750ml-wine-bottles-wholesale\",\"url\":\"https:\/\/ruishengglassco.com\/product\/rs010-standard-750ml-wine-bottles-wholesale\",\"name\":\"Standard 750ml Wine Bottles Manufacturer | Brown Wine Bottle Supplier\",\"isPartOf\":{\"@id\":\"https:\/\/ruishengglassco.com\/#website\"},\"datePublished\":\"2025-03-15T14:15:46+00:00\",\"dateModified\":\"2025-09-11T08:34:19+00:00\",\"description\":\"Ruisheng Glass Co, ltd, a professional glass bottle supplier, provide Standard 750ml Wine Bottles Wholesale at factory outlet price.\",\"breadcrumb\":{\"@id\":\"https:\/\/ruishengglassco.com\/product\/rs010-standard-750ml-wine-bottles-wholesale#breadcrumb\"},\"inLanguage\":\"de\",\"potentialAction\":[{\"@type\":\"ReadAction\",\"target\":[\"https:\/\/ruishengglassco.com\/product\/rs010-standard-750ml-wine-bottles-wholesale\"]}]},{\"@type\":\"BreadcrumbList\",\"@id\":\"https:\/\/ruishengglassco.com\/product\/rs010-standard-750ml-wine-bottles-wholesale#breadcrumb\",\"itemListElement\":[{\"@type\":\"ListItem\",\"position\":1,\"name\":\"Home\",\"item\":\"https:\/\/ruishengglassco.com\/\"},{\"@type\":\"ListItem\",\"position\":2,\"name\":\"Products\",\"item\":\"https:\/\/ruishengglassco.com\/products\"},{\"@type\":\"ListItem\",\"position\":3,\"name\":\"RS010: Standard 750ml Wine Bottles\"}]},{\"@type\":\"WebSite\",\"@id\":\"https:\/\/ruishengglassco.com\/#website\",\"url\":\"https:\/\/ruishengglassco.com\/\",\"name\":\"Ruisheng Glass\",\"description\":\"\",\"publisher\":{\"@id\":\"https:\/\/ruishengglassco.com\/#organization\"},\"potentialAction\":[{\"@type\":\"SearchAction\",\"target\":{\"@type\":\"EntryPoint\",\"urlTemplate\":\"https:\/\/ruishengglassco.com\/?s={search_term_string}\"},\"query-input\":\"required name=search_term_string\"}],\"inLanguage\":\"de\"},{\"@type\":\"Organization\",\"@id\":\"https:\/\/ruishengglassco.com\/#organization\",\"name\":\"Shandong Yuncheng Ruisheng Glass Co., Ltd\",\"url\":\"https:\/\/ruishengglassco.com\/\",\"logo\":{\"@type\":\"ImageObject\",\"inLanguage\":\"de\",\"@id\":\"https:\/\/ruishengglassco.com\/#\/schema\/logo\/image\/\",\"url\":\"https:\/\/ruishengglassco.com\/wp-content\/uploads\/2023\/09\/ruisheng_logo_icon.webp\",\"contentUrl\":\"https:\/\/ruishengglassco.com\/wp-content\/uploads\/2023\/09\/ruisheng_logo_icon.webp\",\"width\":400,\"height\":233,\"caption\":\"Shandong Yuncheng Ruisheng Glass Co., Ltd\"},\"image\":{\"@id\":\"https:\/\/ruishengglassco.com\/#\/schema\/logo\/image\/\"},\"sameAs\":[\"https:\/\/www.facebook.com\/ruishengglassbottles\",\"https:\/\/www.instagram.com\/Ruishengglassbottlewholesales\/\",\"https:\/\/www.youtube.com\/channel\/UCMmbMNGwsL-XrtjfSFLCdVQ\"]}]}<\/script>\n<!-- \/ Yoast SEO plugin. -->","yoast_head_json":{"title":"Standard 750ml Wine Bottles Manufacturer | Brown Wine Bottle Supplier","description":"Ruisheng Glass Co, ltd, a professional glass bottle supplier, provide Standard 750ml Wine Bottles Wholesale at factory outlet price.","robots":{"index":"index","follow":"follow","max-snippet":"max-snippet:-1","max-image-preview":"max-image-preview:large","max-video-preview":"max-video-preview:-1"},"canonical":"https:\/\/ruishengglassco.com\/de\/produkt\/rs010-standard-750ml-weinflaschen-groshandel","og_locale":"de_DE","og_type":"article","og_title":"Standard 750ml Wine Bottles Manufacturer | Brown Wine Bottle Supplier","og_description":"Ruisheng Glass Co, ltd, a professional glass bottle supplier, provide Standard 750ml Wine Bottles Wholesale at factory outlet price.","og_url":"https:\/\/ruishengglassco.com\/de\/produkt\/rs010-standard-750ml-weinflaschen-groshandel","article_publisher":"https:\/\/www.facebook.com\/ruishengglassbottles","article_modified_time":"2025-09-11T08:34:19+00:00","og_image":[{"width":2304,"height":2304,"url":"https:\/\/ruishengglassco.com\/wp-content\/uploads\/2025\/03\/RS010-Standard-750ml-Wine-Bottles-Wholesale.webp","type":"image\/webp"}],"twitter_card":"summary_large_image","twitter_misc":{"Gesch\u00e4tzte Lesezeit":"1\u00a0Minute"},"schema":{"@context":"https:\/\/schema.org","@graph":[{"@type":"WebPage","@id":"https:\/\/ruishengglassco.com\/product\/rs010-standard-750ml-wine-bottles-wholesale","url":"https:\/\/ruishengglassco.com\/product\/rs010-standard-750ml-wine-bottles-wholesale","name":"Standard 750ml Wine Bottles Manufacturer | Brown Wine Bottle Supplier","isPartOf":{"@id":"https:\/\/ruishengglassco.com\/#website"},"datePublished":"2025-03-15T14:15:46+00:00","dateModified":"2025-09-11T08:34:19+00:00","description":"Ruisheng Glass Co, ltd, a professional glass bottle supplier, provide Standard 750ml Wine Bottles Wholesale at factory outlet price.","breadcrumb":{"@id":"https:\/\/ruishengglassco.com\/product\/rs010-standard-750ml-wine-bottles-wholesale#breadcrumb"},"inLanguage":"de","potentialAction":[{"@type":"ReadAction","target":["https:\/\/ruishengglassco.com\/product\/rs010-standard-750ml-wine-bottles-wholesale"]}]},{"@type":"BreadcrumbList","@id":"https:\/\/ruishengglassco.com\/product\/rs010-standard-750ml-wine-bottles-wholesale#breadcrumb","itemListElement":[{"@type":"ListItem","position":1,"name":"Home","item":"https:\/\/ruishengglassco.com\/"},{"@type":"ListItem","position":2,"name":"Products","item":"https:\/\/ruishengglassco.com\/products"},{"@type":"ListItem","position":3,"name":"RS010: Standard 750ml Wine Bottles"}]},{"@type":"WebSite","@id":"https:\/\/ruishengglassco.com\/#website","url":"https:\/\/ruishengglassco.com\/","name":"Ruisheng Glass","description":"","publisher":{"@id":"https:\/\/ruishengglassco.com\/#organization"},"potentialAction":[{"@type":"SearchAction","target":{"@type":"EntryPoint","urlTemplate":"https:\/\/ruishengglassco.com\/?s={search_term_string}"},"query-input":"required name=search_term_string"}],"inLanguage":"de"},{"@type":"Organization","@id":"https:\/\/ruishengglassco.com\/#organization","name":"Shandong Yuncheng Ruisheng Glass Co., Ltd","url":"https:\/\/ruishengglassco.com\/","logo":{"@type":"ImageObject","inLanguage":"de","@id":"https:\/\/ruishengglassco.com\/#\/schema\/logo\/image\/","url":"https:\/\/ruishengglassco.com\/wp-content\/uploads\/2023\/09\/ruisheng_logo_icon.webp","contentUrl":"https:\/\/ruishengglassco.com\/wp-content\/uploads\/2023\/09\/ruisheng_logo_icon.webp","width":400,"height":233,"caption":"Shandong Yuncheng Ruisheng Glass Co., Ltd"},"image":{"@id":"https:\/\/ruishengglassco.com\/#\/schema\/logo\/image\/"},"sameAs":["https:\/\/www.facebook.com\/ruishengglassbottles","https:\/\/www.instagram.com\/Ruishengglassbottlewholesales\/","https:\/\/www.youtube.com\/channel\/UCMmbMNGwsL-XrtjfSFLCdVQ"]}]}},"_links":{"self":[{"href":"https:\/\/ruishengglassco.com\/de\/wp-json\/wp\/v2\/product\/4376","targetHints":{"allow":["GET"]}}],"collection":[{"href":"https:\/\/ruishengglassco.com\/de\/wp-json\/wp\/v2\/product"}],"about":[{"href":"https:\/\/ruishengglassco.com\/de\/wp-json\/wp\/v2\/types\/product"}],"replies":[{"embeddable":true,"href":"https:\/\/ruishengglassco.com\/de\/wp-json\/wp\/v2\/comments?post=4376"}],"wp:featuredmedia":[{"embeddable":true,"href":"https:\/\/ruishengglassco.com\/de\/wp-json\/wp\/v2\/media\/4377"}],"wp:attachment":[{"href":"https:\/\/ruishengglassco.com\/de\/wp-json\/wp\/v2\/media?parent=4376"}],"wp:term":[{"taxonomy":"product_cat","embeddable":true,"href":"https:\/\/ruishengglassco.com\/de\/wp-json\/wp\/v2\/product_cat?post=4376"}],"curies":[{"name":"wp","href":"https:\/\/api.w.org\/{rel}","templated":true}]}}