{"id":4373,"date":"2025-03-15T22:12:36","date_gmt":"2025-03-15T14:12:36","guid":{"rendered":"https:\/\/ruishengglassco.com\/?post_type=product&#038;p=4373"},"modified":"2025-09-11T16:09:39","modified_gmt":"2025-09-11T08:09:39","slug":"rs011-375ml-glas-getrankeflaschen-groshandel","status":"publish","type":"product","link":"https:\/\/ruishengglassco.com\/de\/produkt\/rs011-375ml-glas-getrankeflaschen-groshandel","title":{"rendered":"RS011: 375ml Glas-Getr\u00e4nkeflaschen Hersteller"},"content":{"rendered":"<h2>Detaillierte Informationen \u00fcber 375ml Glas Getr\u00e4nkeflaschen Hersteller<\/h2>\n<p><span data-preserver-spaces=\"true\">Diese Serie von 375ml-Getr\u00e4nkeflaschen aus Glas <\/span><span data-preserver-spaces=\"true\">ist in erster Linie konzipiert<\/span><span data-preserver-spaces=\"true\"> zur Verpackung von Spirituosen, S\u00e4ften, Milch, Sekt und anderen Getr\u00e4nken. Die leeren Getr\u00e4nkeflaschen im Gro\u00dfhandel <\/span><span data-preserver-spaces=\"true\">gemacht werden<\/span><span data-preserver-spaces=\"true\"> aus hochwertigem Flintglas, das f\u00fcr den menschlichen K\u00f6rper unsch\u00e4dlich ist und zum Schutz der Umwelt recycelt werden kann.<\/span><\/p>\n<ul>\n<li><span data-preserver-spaces=\"true\">Modell Name: 375ml Glas-Getr\u00e4nkeflaschen Gro\u00dfhandel<\/span><\/li>\n<li><span data-preserver-spaces=\"true\">Modell-Nummer: RS011<\/span><\/li>\n<li><span data-preserver-spaces=\"true\">Markenname: RUISHENG<\/span><\/li>\n<li><strong><span data-preserver-spaces=\"true\">MOQ: 10000St\u00fcck<\/span><\/strong><\/li>\n<li><span data-preserver-spaces=\"true\">Fassungsverm\u00f6gen: 375ml\/500ml\/700ml\/750ml\/angepasst<\/span><\/li>\n<li><span data-preserver-spaces=\"true\">Oberfl\u00e4chenbehandlung: Hei\u00dfpr\u00e4gung, Frost, Abziehbild, Pr\u00e4gung, Siebdruck<\/span><\/li>\n<li><span data-preserver-spaces=\"true\">Material: Super Flint Glas<\/span><\/li>\n<li><span data-preserver-spaces=\"true\">Material des Halsbandes: Klarglasflasche<\/span><\/li>\n<li><span data-preserver-spaces=\"true\">Verschlusstyp: Schraubverschluss, Kork, Glasverschluss, Twist-off-Verschluss<\/span><\/li>\n<li><span data-preserver-spaces=\"true\">Verwendung: Rum\/Gin\/Whiskey-Flasche<\/span><\/li>\n<li><span data-preserver-spaces=\"true\">Herkunftsort: Shandong, China<\/span><\/li>\n<li><span data-preserver-spaces=\"true\">Standard-Exportkartons und -paletten<\/span><\/li>\n<li><span data-preserver-spaces=\"true\">Dienstleistung: OEM\/ODM-Dienst<\/span><\/li>\n<\/ul>\n<p><span data-preserver-spaces=\"true\">Die Getr\u00e4nkeflasche im Gro\u00dfhandel, die auf dem Bild zu sehen ist, wird von unserer Glasflaschenform hergestellt.<\/span> <span data-preserver-spaces=\"true\">Wenn <\/span><span data-preserver-spaces=\"true\">Sie ben\u00f6tigen<\/span><span data-preserver-spaces=\"true\">k\u00f6nnen Sie kostenlose Formen von unserer Firma f\u00fcr die Produktion w\u00e4hlen.<\/span><span data-preserver-spaces=\"true\"> Nat\u00fcrlich k\u00f6nnen Sie uns auch Zeichnungen oder Bilder zur Verf\u00fcgung stellen, die wir dann nach Ihren W\u00fcnschen anfertigen.<\/span><\/p>\n<p><span data-preserver-spaces=\"true\">Wir bieten unseren Kunden die folgenden Flaschenverschl\u00fcsse zur Auswahl an. <\/span><span data-preserver-spaces=\"true\">Sie k\u00f6nnen <\/span><span data-preserver-spaces=\"true\">w\u00e4hlen.<\/span><span data-preserver-spaces=\"true\"> die Kappe gem\u00e4\u00df der <\/span><span data-preserver-spaces=\"true\">Anforderungen an das Produkt<\/span><span data-preserver-spaces=\"true\">.<\/span><\/p>\n<p><img decoding=\"async\" class=\"aligncenter wp-image-2420 size-full\" src=\"https:\/\/glassbottlewholesale.com\/wp-content\/uploads\/2020\/12\/WX20201229-154422.png\" alt=\"Flaschenverschl\u00fcsse\" width=\"752\" height=\"452\" \/><\/p>","protected":false},"excerpt":{"rendered":"<p data-block-id=\"2fccc605-569a-451f-b582-ef4f74e8dea9\" data-pm-slice=\"1 1 []\">Ruisheng ist ein f\u00fchrender Hersteller von Abf\u00fcllanlagen f\u00fcr Spirituosen in China. Sie bieten 375ml Glasflaschen zu Gro\u00dfhandelspreisen an. Diese Flaschen sind perfekt f\u00fcr Lik\u00f6r, Saft, Milch, Champagner und mehr. Wir sind ein professioneller Hersteller und Lieferant von Glasflaschen. Wir bieten OEM-, ODM- und kundenspezifische Glasflaschendienste auf der Grundlage der Bed\u00fcrfnisse unserer Kunden.<\/p>\n<h2 data-block-id=\"f567e7e9-5604-43e5-a87a-2a0497e00473\"><strong>Concerned Detail \u00fcber 375ml Glas Getr\u00e4nkeflaschen Gro\u00dfhandel<\/strong><\/h2>\n<p data-block-id=\"2305cfd6-c096-4e86-802f-cbbe8a8874ca\"><strong>-MOQ: 10000 PCS (etwa 10000 St\u00fcck)<\/strong><\/p>\n<p data-block-id=\"9e737b91-c3d0-40e3-a5d5-df8fe3c3d8bc\">-Gratisprobe angeboten.<\/p>\n<p data-block-id=\"9de52572-52c0-4a46-a1f2-a8d73d6e8c47\">-Kostenlose Musterlieferung innerhalb von 7 Tagen. Bulk bestellen Lieferung innerhalb von 30 Tagen.<\/p>\n<p data-block-id=\"8480d1ea-96f1-4699-9d67-f37482a57305\">Wenn Sie mehr Informationen \u00fcber Glasflaschen Gro\u00dfhandel erhalten m\u00f6chten, kontaktieren Sie uns bitte, um mehr zu erfahren.<\/p>","protected":false},"featured_media":4374,"comment_status":"closed","ping_status":"closed","template":"","meta":[],"product_cat":[55,40,45],"class_list":{"0":"post-4373","1":"product","2":"type-product","3":"status-publish","4":"has-post-thumbnail","6":"product_cat-375ml-liquor-bottle-manufacturer","7":"product_cat-750ml-liquor-bottle-manufacturer","8":"product_cat-custom-glass-bottle","10":"first","11":"instock","12":"shipping-taxable","13":"product-type-simple"},"yoast_head":"<!-- This site is optimized with the Yoast SEO plugin v22.0 - https:\/\/yoast.com\/wordpress\/plugins\/seo\/ -->\n<title>Glass Beverage Bottles Manufacturers | Liquor Bottling Plant Manufacturers<\/title>\n<meta name=\"description\" content=\"Ruisheng, one of the leading liquor bottling plant manufacturers in China, provides 375ml Glass Beverage Bottles Wholesale for liquor, juice, milk, champagne, and other drinks.\" \/>\n<meta name=\"robots\" content=\"index, follow, max-snippet:-1, max-image-preview:large, max-video-preview:-1\" \/>\n<link rel=\"canonical\" href=\"https:\/\/ruishengglassco.com\/de\/produkt\/rs011-375ml-glas-getrankeflaschen-groshandel\" \/>\n<meta property=\"og:locale\" content=\"de_DE\" \/>\n<meta property=\"og:type\" content=\"article\" \/>\n<meta property=\"og:title\" content=\"Glass Beverage Bottles Manufacturers | Liquor Bottling Plant Manufacturers\" \/>\n<meta property=\"og:description\" content=\"Ruisheng, one of the leading liquor bottling plant manufacturers in China, provides 375ml Glass Beverage Bottles Wholesale for liquor, juice, milk, champagne, and other drinks.\" \/>\n<meta property=\"og:url\" content=\"https:\/\/ruishengglassco.com\/de\/produkt\/rs011-375ml-glas-getrankeflaschen-groshandel\" \/>\n<meta property=\"article:publisher\" content=\"https:\/\/www.facebook.com\/ruishengglassbottles\" \/>\n<meta property=\"article:modified_time\" content=\"2025-09-11T08:09:39+00:00\" \/>\n<meta property=\"og:image\" content=\"https:\/\/ruishengglassco.com\/wp-content\/uploads\/2025\/03\/RS011-375ml-Glass-Beverage-Bottles-Wholesale.webp\" \/>\n\t<meta property=\"og:image:width\" content=\"800\" \/>\n\t<meta property=\"og:image:height\" content=\"800\" \/>\n\t<meta property=\"og:image:type\" content=\"image\/webp\" \/>\n<meta name=\"twitter:card\" content=\"summary_large_image\" \/>\n<meta name=\"twitter:label1\" content=\"Gesch\u00e4tzte Lesezeit\" \/>\n\t<meta name=\"twitter:data1\" content=\"2\u00a0Minuten\" \/>\n<script type=\"application\/ld+json\" class=\"yoast-schema-graph\">{\"@context\":\"https:\/\/schema.org\",\"@graph\":[{\"@type\":\"WebPage\",\"@id\":\"https:\/\/ruishengglassco.com\/product\/rs011-375ml-glass-beverage-bottles-wholesale\",\"url\":\"https:\/\/ruishengglassco.com\/product\/rs011-375ml-glass-beverage-bottles-wholesale\",\"name\":\"Glass Beverage Bottles Manufacturers | Liquor Bottling Plant Manufacturers\",\"isPartOf\":{\"@id\":\"https:\/\/ruishengglassco.com\/#website\"},\"datePublished\":\"2025-03-15T14:12:36+00:00\",\"dateModified\":\"2025-09-11T08:09:39+00:00\",\"description\":\"Ruisheng, one of the leading liquor bottling plant manufacturers in China, provides 375ml Glass Beverage Bottles Wholesale for liquor, juice, milk, champagne, and other drinks.\",\"breadcrumb\":{\"@id\":\"https:\/\/ruishengglassco.com\/product\/rs011-375ml-glass-beverage-bottles-wholesale#breadcrumb\"},\"inLanguage\":\"de\",\"potentialAction\":[{\"@type\":\"ReadAction\",\"target\":[\"https:\/\/ruishengglassco.com\/product\/rs011-375ml-glass-beverage-bottles-wholesale\"]}]},{\"@type\":\"BreadcrumbList\",\"@id\":\"https:\/\/ruishengglassco.com\/product\/rs011-375ml-glass-beverage-bottles-wholesale#breadcrumb\",\"itemListElement\":[{\"@type\":\"ListItem\",\"position\":1,\"name\":\"Home\",\"item\":\"https:\/\/ruishengglassco.com\/\"},{\"@type\":\"ListItem\",\"position\":2,\"name\":\"Products\",\"item\":\"https:\/\/ruishengglassco.com\/products\"},{\"@type\":\"ListItem\",\"position\":3,\"name\":\"RS011: 375ml Glass Beverage Bottles Manufacturer\"}]},{\"@type\":\"WebSite\",\"@id\":\"https:\/\/ruishengglassco.com\/#website\",\"url\":\"https:\/\/ruishengglassco.com\/\",\"name\":\"Ruisheng Glass\",\"description\":\"\",\"publisher\":{\"@id\":\"https:\/\/ruishengglassco.com\/#organization\"},\"potentialAction\":[{\"@type\":\"SearchAction\",\"target\":{\"@type\":\"EntryPoint\",\"urlTemplate\":\"https:\/\/ruishengglassco.com\/?s={search_term_string}\"},\"query-input\":\"required name=search_term_string\"}],\"inLanguage\":\"de\"},{\"@type\":\"Organization\",\"@id\":\"https:\/\/ruishengglassco.com\/#organization\",\"name\":\"Shandong Yuncheng Ruisheng Glass Co., Ltd\",\"url\":\"https:\/\/ruishengglassco.com\/\",\"logo\":{\"@type\":\"ImageObject\",\"inLanguage\":\"de\",\"@id\":\"https:\/\/ruishengglassco.com\/#\/schema\/logo\/image\/\",\"url\":\"https:\/\/ruishengglassco.com\/wp-content\/uploads\/2023\/09\/ruisheng_logo_icon.webp\",\"contentUrl\":\"https:\/\/ruishengglassco.com\/wp-content\/uploads\/2023\/09\/ruisheng_logo_icon.webp\",\"width\":400,\"height\":233,\"caption\":\"Shandong Yuncheng Ruisheng Glass Co., Ltd\"},\"image\":{\"@id\":\"https:\/\/ruishengglassco.com\/#\/schema\/logo\/image\/\"},\"sameAs\":[\"https:\/\/www.facebook.com\/ruishengglassbottles\",\"https:\/\/www.instagram.com\/Ruishengglassbottlewholesales\/\",\"https:\/\/www.youtube.com\/channel\/UCMmbMNGwsL-XrtjfSFLCdVQ\"]}]}<\/script>\n<!-- \/ Yoast SEO plugin. -->","yoast_head_json":{"title":"Glass Beverage Bottles Manufacturers | Liquor Bottling Plant Manufacturers","description":"Ruisheng, one of the leading liquor bottling plant manufacturers in China, provides 375ml Glass Beverage Bottles Wholesale for liquor, juice, milk, champagne, and other drinks.","robots":{"index":"index","follow":"follow","max-snippet":"max-snippet:-1","max-image-preview":"max-image-preview:large","max-video-preview":"max-video-preview:-1"},"canonical":"https:\/\/ruishengglassco.com\/de\/produkt\/rs011-375ml-glas-getrankeflaschen-groshandel","og_locale":"de_DE","og_type":"article","og_title":"Glass Beverage Bottles Manufacturers | Liquor Bottling Plant Manufacturers","og_description":"Ruisheng, one of the leading liquor bottling plant manufacturers in China, provides 375ml Glass Beverage Bottles Wholesale for liquor, juice, milk, champagne, and other drinks.","og_url":"https:\/\/ruishengglassco.com\/de\/produkt\/rs011-375ml-glas-getrankeflaschen-groshandel","article_publisher":"https:\/\/www.facebook.com\/ruishengglassbottles","article_modified_time":"2025-09-11T08:09:39+00:00","og_image":[{"width":800,"height":800,"url":"https:\/\/ruishengglassco.com\/wp-content\/uploads\/2025\/03\/RS011-375ml-Glass-Beverage-Bottles-Wholesale.webp","type":"image\/webp"}],"twitter_card":"summary_large_image","twitter_misc":{"Gesch\u00e4tzte Lesezeit":"2\u00a0Minuten"},"schema":{"@context":"https:\/\/schema.org","@graph":[{"@type":"WebPage","@id":"https:\/\/ruishengglassco.com\/product\/rs011-375ml-glass-beverage-bottles-wholesale","url":"https:\/\/ruishengglassco.com\/product\/rs011-375ml-glass-beverage-bottles-wholesale","name":"Glass Beverage Bottles Manufacturers | Liquor Bottling Plant Manufacturers","isPartOf":{"@id":"https:\/\/ruishengglassco.com\/#website"},"datePublished":"2025-03-15T14:12:36+00:00","dateModified":"2025-09-11T08:09:39+00:00","description":"Ruisheng, one of the leading liquor bottling plant manufacturers in China, provides 375ml Glass Beverage Bottles Wholesale for liquor, juice, milk, champagne, and other drinks.","breadcrumb":{"@id":"https:\/\/ruishengglassco.com\/product\/rs011-375ml-glass-beverage-bottles-wholesale#breadcrumb"},"inLanguage":"de","potentialAction":[{"@type":"ReadAction","target":["https:\/\/ruishengglassco.com\/product\/rs011-375ml-glass-beverage-bottles-wholesale"]}]},{"@type":"BreadcrumbList","@id":"https:\/\/ruishengglassco.com\/product\/rs011-375ml-glass-beverage-bottles-wholesale#breadcrumb","itemListElement":[{"@type":"ListItem","position":1,"name":"Home","item":"https:\/\/ruishengglassco.com\/"},{"@type":"ListItem","position":2,"name":"Products","item":"https:\/\/ruishengglassco.com\/products"},{"@type":"ListItem","position":3,"name":"RS011: 375ml Glass Beverage Bottles Manufacturer"}]},{"@type":"WebSite","@id":"https:\/\/ruishengglassco.com\/#website","url":"https:\/\/ruishengglassco.com\/","name":"Ruisheng Glass","description":"","publisher":{"@id":"https:\/\/ruishengglassco.com\/#organization"},"potentialAction":[{"@type":"SearchAction","target":{"@type":"EntryPoint","urlTemplate":"https:\/\/ruishengglassco.com\/?s={search_term_string}"},"query-input":"required name=search_term_string"}],"inLanguage":"de"},{"@type":"Organization","@id":"https:\/\/ruishengglassco.com\/#organization","name":"Shandong Yuncheng Ruisheng Glass Co., Ltd","url":"https:\/\/ruishengglassco.com\/","logo":{"@type":"ImageObject","inLanguage":"de","@id":"https:\/\/ruishengglassco.com\/#\/schema\/logo\/image\/","url":"https:\/\/ruishengglassco.com\/wp-content\/uploads\/2023\/09\/ruisheng_logo_icon.webp","contentUrl":"https:\/\/ruishengglassco.com\/wp-content\/uploads\/2023\/09\/ruisheng_logo_icon.webp","width":400,"height":233,"caption":"Shandong Yuncheng Ruisheng Glass Co., Ltd"},"image":{"@id":"https:\/\/ruishengglassco.com\/#\/schema\/logo\/image\/"},"sameAs":["https:\/\/www.facebook.com\/ruishengglassbottles","https:\/\/www.instagram.com\/Ruishengglassbottlewholesales\/","https:\/\/www.youtube.com\/channel\/UCMmbMNGwsL-XrtjfSFLCdVQ"]}]}},"_links":{"self":[{"href":"https:\/\/ruishengglassco.com\/de\/wp-json\/wp\/v2\/product\/4373","targetHints":{"allow":["GET"]}}],"collection":[{"href":"https:\/\/ruishengglassco.com\/de\/wp-json\/wp\/v2\/product"}],"about":[{"href":"https:\/\/ruishengglassco.com\/de\/wp-json\/wp\/v2\/types\/product"}],"replies":[{"embeddable":true,"href":"https:\/\/ruishengglassco.com\/de\/wp-json\/wp\/v2\/comments?post=4373"}],"wp:featuredmedia":[{"embeddable":true,"href":"https:\/\/ruishengglassco.com\/de\/wp-json\/wp\/v2\/media\/4374"}],"wp:attachment":[{"href":"https:\/\/ruishengglassco.com\/de\/wp-json\/wp\/v2\/media?parent=4373"}],"wp:term":[{"taxonomy":"product_cat","embeddable":true,"href":"https:\/\/ruishengglassco.com\/de\/wp-json\/wp\/v2\/product_cat?post=4373"}],"curies":[{"name":"wp","href":"https:\/\/api.w.org\/{rel}","templated":true}]}}