{"id":4369,"date":"2025-03-15T22:08:41","date_gmt":"2025-03-15T14:08:41","guid":{"rendered":"https:\/\/ruishengglassco.com\/?post_type=product&#038;p=4369"},"modified":"2025-07-17T15:00:43","modified_gmt":"2025-07-17T07:00:43","slug":"rs013-1000ml-750ml-700ml-375ml-glas-spirituosenflasche-groshandel","status":"publish","type":"product","link":"https:\/\/ruishengglassco.com\/de\/produkt\/rs013-1000ml-750ml-700ml-375ml-glas-spirituosenflasche-groshandel","title":{"rendered":"RS013: 1000ml\/750ml\/700ml\/375ml Glas Lik\u00f6rflasche Lieferant"},"content":{"rendered":"<h2>Detaillierte Informationen \u00fcber 1000ml\/750ml\/700ml\/375ml Glas Lik\u00f6rflasche Fabrik<\/h2>\n<p><span data-preserver-spaces=\"true\">Ruisheng Glass ist ein Experte f\u00fcr die Herstellung von Spirituosenflaschen aus Glas. Sie bieten 375ml Spirituosenflaschen f\u00fcr den Gro\u00dfhandel an. Diese sind ideal f\u00fcr die Verpackung von Wein, Whiskey, Brandy, Wodka, Gin und Tequila.<\/span><\/p>\n<ul>\n<li><span data-preserver-spaces=\"true\">Modell Name: 375ml Glas Lik\u00f6r Flasche Gro\u00dfhandel<\/span><\/li>\n<li><span data-preserver-spaces=\"true\">Modell-Nummer: RS013<\/span><\/li>\n<li><span data-preserver-spaces=\"true\">Markenname: RUISHENG<\/span><\/li>\n<li><strong><span data-preserver-spaces=\"true\">MOQ: 10000St\u00fcck<\/span><\/strong><\/li>\n<li><span data-preserver-spaces=\"true\">Fassungsverm\u00f6gen: 375ml\/500ml\/700ml\/750ml\/angepasst<\/span><\/li>\n<li><span data-preserver-spaces=\"true\">Oberfl\u00e4chenbehandlung: Hei\u00dfpr\u00e4gung, Frost, Abziehbild, Pr\u00e4gung, Siebdruck<\/span><\/li>\n<li><span data-preserver-spaces=\"true\">Material: Super Flint Glas<\/span><\/li>\n<li><span data-preserver-spaces=\"true\">Material des Halsbandes: Klarglasflasche<\/span><\/li>\n<li><span data-preserver-spaces=\"true\">Verschlusstyp: Schraubverschluss, Kork, Glasverschluss, Twist-off-Verschluss<\/span><\/li>\n<li><span data-preserver-spaces=\"true\">Verwendung: Rum\/Gin\/Whiskey-Flasche\/Wodka\/Brandy<\/span><\/li>\n<li><span data-preserver-spaces=\"true\">Herkunftsort: Shandong, China<\/span><\/li>\n<li><span data-preserver-spaces=\"true\">Verpackung: Standard-Exportkartons und Paletten<\/span><\/li>\n<li><span data-preserver-spaces=\"true\">Dienstleistung: OEM\/ODM-Dienst<\/span><\/li>\n<\/ul>\n<p><span data-preserver-spaces=\"true\">Die im Bild gezeigte Schnapsflasche aus Glas wird vom Kunden speziell f\u00fcr die Verpackung von Branntwein angepasst.<\/span><span data-preserver-spaces=\"true\"> Die Glasflasche ist mit mehreren Kanten und Ecken versehen, so dass sie die Qualit\u00e4t und Farbe des Produkts aus verschiedenen Blickwinkeln widerspiegeln kann. <\/span><span data-preserver-spaces=\"true\">Das Produkt <\/span><span data-preserver-spaces=\"true\">wird gemacht<\/span><span data-preserver-spaces=\"true\"> aus hochwertigem, ultraklarem Glasmaterial, <\/span><span data-preserver-spaces=\"true\">das macht<\/span><span data-preserver-spaces=\"true\"> die Flasche ist transparenter, sch\u00f6ner und eleganter.<\/span><span data-preserver-spaces=\"true\"> In der Regel entscheiden sich die Kunden f\u00fcr 750-ml- oder 700-ml-Flaschen, da diese beiden Gr\u00f6\u00dfen die international \u00fcblichen Fassungsverm\u00f6gen sind. <\/span><span data-preserver-spaces=\"true\">Nat\u00fcrlich k\u00f6nnen wir auch Flaschen mit <\/span><span data-preserver-spaces=\"true\">verschiedene<\/span><span data-preserver-spaces=\"true\"> Kapazit\u00e4ten <\/span><span data-preserver-spaces=\"true\">laut<\/span><span data-preserver-spaces=\"true\"> Bed\u00fcrfnisse der Kunden.<\/span> <span data-preserver-spaces=\"true\">Dar\u00fcber hinaus<\/span><span data-preserver-spaces=\"true\">wir <\/span><span data-preserver-spaces=\"true\">anbieten.<\/span><span data-preserver-spaces=\"true\"> a <\/span><span data-preserver-spaces=\"true\">Sorte<\/span><span data-preserver-spaces=\"true\"> von Flaschenverschl\u00fcssen f\u00fcr Kunden zum <\/span><span data-preserver-spaces=\"true\">w\u00e4hlen.<\/span><span data-preserver-spaces=\"true\"> von.<\/span><\/p>\n<p><img decoding=\"async\" class=\"aligncenter wp-image-2420 size-full\" src=\"https:\/\/glassbottlewholesale.com\/wp-content\/uploads\/2020\/12\/WX20201229-154422.png\" alt=\"Flaschenverschl\u00fcsse\" width=\"752\" height=\"452\" \/><\/p>","protected":false},"excerpt":{"rendered":"<p><span data-preserver-spaces=\"true\">Ruisheng Glass Co. Ltd. wurde im Jahr 2009 gegr\u00fcndet. Das Unternehmen ist auf die Entwicklung und Herstellung aller Arten von Spirituosenflaschen aus Glas spezialisiert. Sie bieten auch Gro\u00dfhandelsdienstleistungen f\u00fcr 375ml Spirituosenflaschen an. Ruisheng Glass ist ein einzigartiger Anbieter von Glasflaschen. Sie verwenden verschiedene Techniken, um ma\u00dfgeschneiderte und Standarddesigns zu erstellen. Au\u00dferdem sind ihre Preise fair. Wir beliefern unsere Kunden mit Qualit\u00e4tsprodukten, die ihren Anforderungen voll und ganz entsprechen.<\/span><\/p>\n<p><strong><span data-preserver-spaces=\"true\">-MOQ: 10000 PCS (etwa 10000-30000 St\u00fcck)<\/span><\/strong><\/p>\n<p><span data-preserver-spaces=\"true\">-Gratisprobe angeboten.<\/span><\/p>\n<p><span data-preserver-spaces=\"true\">-Globale Lieferung innerhalb von 30 Tagen.<\/span><\/p>","protected":false},"featured_media":4370,"comment_status":"closed","ping_status":"closed","template":"","meta":[],"product_cat":[55,44,40,43],"class_list":{"0":"post-4369","1":"product","2":"type-product","3":"status-publish","4":"has-post-thumbnail","6":"product_cat-375ml-liquor-bottle-manufacturer","7":"product_cat-700ml-liquor-bottle-manufacturer","8":"product_cat-750ml-liquor-bottle-manufacturer","9":"product_cat-1000ml-liquor-bottle-manufacturer","11":"first","12":"instock","13":"shipping-taxable","14":"product-type-simple"},"yoast_head":"<!-- This site is optimized with the Yoast SEO plugin v22.0 - https:\/\/yoast.com\/wordpress\/plugins\/seo\/ -->\n<title>375ml Liquor Bottle Supplier | Glass Spirit Bottle Manufacturers<\/title>\n<meta name=\"description\" content=\"Ruisheng Glass Co, Ltd, a professional glass spirit bottle manufacturers in China, provide 375ml liquor bottle wholesale at factory outlet price.\" \/>\n<meta name=\"robots\" content=\"index, follow, max-snippet:-1, max-image-preview:large, max-video-preview:-1\" \/>\n<link rel=\"canonical\" href=\"https:\/\/ruishengglassco.com\/de\/produkt\/rs013-1000ml-750ml-700ml-375ml-glas-spirituosenflasche-groshandel\" \/>\n<meta property=\"og:locale\" content=\"de_DE\" \/>\n<meta property=\"og:type\" content=\"article\" \/>\n<meta property=\"og:title\" content=\"375ml Liquor Bottle Supplier | Glass Spirit Bottle Manufacturers\" \/>\n<meta property=\"og:description\" content=\"Ruisheng Glass Co, Ltd, a professional glass spirit bottle manufacturers in China, provide 375ml liquor bottle wholesale at factory outlet price.\" \/>\n<meta property=\"og:url\" content=\"https:\/\/ruishengglassco.com\/de\/produkt\/rs013-1000ml-750ml-700ml-375ml-glas-spirituosenflasche-groshandel\" \/>\n<meta property=\"article:publisher\" content=\"https:\/\/www.facebook.com\/ruishengglassbottles\" \/>\n<meta property=\"article:modified_time\" content=\"2025-07-17T07:00:43+00:00\" \/>\n<meta property=\"og:image\" content=\"https:\/\/ruishengglassco.com\/wp-content\/uploads\/2025\/03\/RS013-1000ml-750ml-700ml-375ml-Glass-Liquor-Bottle-Wholesale.webp\" \/>\n\t<meta property=\"og:image:width\" content=\"800\" \/>\n\t<meta property=\"og:image:height\" content=\"800\" \/>\n\t<meta property=\"og:image:type\" content=\"image\/webp\" \/>\n<meta name=\"twitter:card\" content=\"summary_large_image\" \/>\n<meta name=\"twitter:label1\" content=\"Gesch\u00e4tzte Lesezeit\" \/>\n\t<meta name=\"twitter:data1\" content=\"2\u00a0Minuten\" \/>\n<script type=\"application\/ld+json\" class=\"yoast-schema-graph\">{\"@context\":\"https:\/\/schema.org\",\"@graph\":[{\"@type\":\"WebPage\",\"@id\":\"https:\/\/ruishengglassco.com\/product\/rs013-1000ml-750ml-700ml-375ml-glass-liquor-bottle-wholesale\",\"url\":\"https:\/\/ruishengglassco.com\/product\/rs013-1000ml-750ml-700ml-375ml-glass-liquor-bottle-wholesale\",\"name\":\"375ml Liquor Bottle Supplier | Glass Spirit Bottle Manufacturers\",\"isPartOf\":{\"@id\":\"https:\/\/ruishengglassco.com\/#website\"},\"datePublished\":\"2025-03-15T14:08:41+00:00\",\"dateModified\":\"2025-07-17T07:00:43+00:00\",\"description\":\"Ruisheng Glass Co, Ltd, a professional glass spirit bottle manufacturers in China, provide 375ml liquor bottle wholesale at factory outlet price.\",\"breadcrumb\":{\"@id\":\"https:\/\/ruishengglassco.com\/product\/rs013-1000ml-750ml-700ml-375ml-glass-liquor-bottle-wholesale#breadcrumb\"},\"inLanguage\":\"de\",\"potentialAction\":[{\"@type\":\"ReadAction\",\"target\":[\"https:\/\/ruishengglassco.com\/product\/rs013-1000ml-750ml-700ml-375ml-glass-liquor-bottle-wholesale\"]}]},{\"@type\":\"BreadcrumbList\",\"@id\":\"https:\/\/ruishengglassco.com\/product\/rs013-1000ml-750ml-700ml-375ml-glass-liquor-bottle-wholesale#breadcrumb\",\"itemListElement\":[{\"@type\":\"ListItem\",\"position\":1,\"name\":\"Home\",\"item\":\"https:\/\/ruishengglassco.com\/\"},{\"@type\":\"ListItem\",\"position\":2,\"name\":\"Products\",\"item\":\"https:\/\/ruishengglassco.com\/products\"},{\"@type\":\"ListItem\",\"position\":3,\"name\":\"RS013: 1000ml\/750ml\/700ml\/375ml Glass Liquor Bottle Supplier\"}]},{\"@type\":\"WebSite\",\"@id\":\"https:\/\/ruishengglassco.com\/#website\",\"url\":\"https:\/\/ruishengglassco.com\/\",\"name\":\"Ruisheng Glass\",\"description\":\"\",\"publisher\":{\"@id\":\"https:\/\/ruishengglassco.com\/#organization\"},\"potentialAction\":[{\"@type\":\"SearchAction\",\"target\":{\"@type\":\"EntryPoint\",\"urlTemplate\":\"https:\/\/ruishengglassco.com\/?s={search_term_string}\"},\"query-input\":\"required name=search_term_string\"}],\"inLanguage\":\"de\"},{\"@type\":\"Organization\",\"@id\":\"https:\/\/ruishengglassco.com\/#organization\",\"name\":\"Shandong Yuncheng Ruisheng Glass Co., Ltd\",\"url\":\"https:\/\/ruishengglassco.com\/\",\"logo\":{\"@type\":\"ImageObject\",\"inLanguage\":\"de\",\"@id\":\"https:\/\/ruishengglassco.com\/#\/schema\/logo\/image\/\",\"url\":\"https:\/\/ruishengglassco.com\/wp-content\/uploads\/2023\/09\/ruisheng_logo_icon.webp\",\"contentUrl\":\"https:\/\/ruishengglassco.com\/wp-content\/uploads\/2023\/09\/ruisheng_logo_icon.webp\",\"width\":400,\"height\":233,\"caption\":\"Shandong Yuncheng Ruisheng Glass Co., Ltd\"},\"image\":{\"@id\":\"https:\/\/ruishengglassco.com\/#\/schema\/logo\/image\/\"},\"sameAs\":[\"https:\/\/www.facebook.com\/ruishengglassbottles\",\"https:\/\/www.instagram.com\/Ruishengglassbottlewholesales\/\",\"https:\/\/www.youtube.com\/channel\/UCMmbMNGwsL-XrtjfSFLCdVQ\"]}]}<\/script>\n<!-- \/ Yoast SEO plugin. -->","yoast_head_json":{"title":"375ml Liquor Bottle Supplier | Glass Spirit Bottle Manufacturers","description":"Ruisheng Glass Co, Ltd, a professional glass spirit bottle manufacturers in China, provide 375ml liquor bottle wholesale at factory outlet price.","robots":{"index":"index","follow":"follow","max-snippet":"max-snippet:-1","max-image-preview":"max-image-preview:large","max-video-preview":"max-video-preview:-1"},"canonical":"https:\/\/ruishengglassco.com\/de\/produkt\/rs013-1000ml-750ml-700ml-375ml-glas-spirituosenflasche-groshandel","og_locale":"de_DE","og_type":"article","og_title":"375ml Liquor Bottle Supplier | Glass Spirit Bottle Manufacturers","og_description":"Ruisheng Glass Co, Ltd, a professional glass spirit bottle manufacturers in China, provide 375ml liquor bottle wholesale at factory outlet price.","og_url":"https:\/\/ruishengglassco.com\/de\/produkt\/rs013-1000ml-750ml-700ml-375ml-glas-spirituosenflasche-groshandel","article_publisher":"https:\/\/www.facebook.com\/ruishengglassbottles","article_modified_time":"2025-07-17T07:00:43+00:00","og_image":[{"width":800,"height":800,"url":"https:\/\/ruishengglassco.com\/wp-content\/uploads\/2025\/03\/RS013-1000ml-750ml-700ml-375ml-Glass-Liquor-Bottle-Wholesale.webp","type":"image\/webp"}],"twitter_card":"summary_large_image","twitter_misc":{"Gesch\u00e4tzte Lesezeit":"2\u00a0Minuten"},"schema":{"@context":"https:\/\/schema.org","@graph":[{"@type":"WebPage","@id":"https:\/\/ruishengglassco.com\/product\/rs013-1000ml-750ml-700ml-375ml-glass-liquor-bottle-wholesale","url":"https:\/\/ruishengglassco.com\/product\/rs013-1000ml-750ml-700ml-375ml-glass-liquor-bottle-wholesale","name":"375ml Liquor Bottle Supplier | Glass Spirit Bottle Manufacturers","isPartOf":{"@id":"https:\/\/ruishengglassco.com\/#website"},"datePublished":"2025-03-15T14:08:41+00:00","dateModified":"2025-07-17T07:00:43+00:00","description":"Ruisheng Glass Co, Ltd, a professional glass spirit bottle manufacturers in China, provide 375ml liquor bottle wholesale at factory outlet price.","breadcrumb":{"@id":"https:\/\/ruishengglassco.com\/product\/rs013-1000ml-750ml-700ml-375ml-glass-liquor-bottle-wholesale#breadcrumb"},"inLanguage":"de","potentialAction":[{"@type":"ReadAction","target":["https:\/\/ruishengglassco.com\/product\/rs013-1000ml-750ml-700ml-375ml-glass-liquor-bottle-wholesale"]}]},{"@type":"BreadcrumbList","@id":"https:\/\/ruishengglassco.com\/product\/rs013-1000ml-750ml-700ml-375ml-glass-liquor-bottle-wholesale#breadcrumb","itemListElement":[{"@type":"ListItem","position":1,"name":"Home","item":"https:\/\/ruishengglassco.com\/"},{"@type":"ListItem","position":2,"name":"Products","item":"https:\/\/ruishengglassco.com\/products"},{"@type":"ListItem","position":3,"name":"RS013: 1000ml\/750ml\/700ml\/375ml Glass Liquor Bottle Supplier"}]},{"@type":"WebSite","@id":"https:\/\/ruishengglassco.com\/#website","url":"https:\/\/ruishengglassco.com\/","name":"Ruisheng Glass","description":"","publisher":{"@id":"https:\/\/ruishengglassco.com\/#organization"},"potentialAction":[{"@type":"SearchAction","target":{"@type":"EntryPoint","urlTemplate":"https:\/\/ruishengglassco.com\/?s={search_term_string}"},"query-input":"required name=search_term_string"}],"inLanguage":"de"},{"@type":"Organization","@id":"https:\/\/ruishengglassco.com\/#organization","name":"Shandong Yuncheng Ruisheng Glass Co., Ltd","url":"https:\/\/ruishengglassco.com\/","logo":{"@type":"ImageObject","inLanguage":"de","@id":"https:\/\/ruishengglassco.com\/#\/schema\/logo\/image\/","url":"https:\/\/ruishengglassco.com\/wp-content\/uploads\/2023\/09\/ruisheng_logo_icon.webp","contentUrl":"https:\/\/ruishengglassco.com\/wp-content\/uploads\/2023\/09\/ruisheng_logo_icon.webp","width":400,"height":233,"caption":"Shandong Yuncheng Ruisheng Glass Co., Ltd"},"image":{"@id":"https:\/\/ruishengglassco.com\/#\/schema\/logo\/image\/"},"sameAs":["https:\/\/www.facebook.com\/ruishengglassbottles","https:\/\/www.instagram.com\/Ruishengglassbottlewholesales\/","https:\/\/www.youtube.com\/channel\/UCMmbMNGwsL-XrtjfSFLCdVQ"]}]}},"_links":{"self":[{"href":"https:\/\/ruishengglassco.com\/de\/wp-json\/wp\/v2\/product\/4369","targetHints":{"allow":["GET"]}}],"collection":[{"href":"https:\/\/ruishengglassco.com\/de\/wp-json\/wp\/v2\/product"}],"about":[{"href":"https:\/\/ruishengglassco.com\/de\/wp-json\/wp\/v2\/types\/product"}],"replies":[{"embeddable":true,"href":"https:\/\/ruishengglassco.com\/de\/wp-json\/wp\/v2\/comments?post=4369"}],"wp:featuredmedia":[{"embeddable":true,"href":"https:\/\/ruishengglassco.com\/de\/wp-json\/wp\/v2\/media\/4370"}],"wp:attachment":[{"href":"https:\/\/ruishengglassco.com\/de\/wp-json\/wp\/v2\/media?parent=4369"}],"wp:term":[{"taxonomy":"product_cat","embeddable":true,"href":"https:\/\/ruishengglassco.com\/de\/wp-json\/wp\/v2\/product_cat?post=4369"}],"curies":[{"name":"wp","href":"https:\/\/api.w.org\/{rel}","templated":true}]}}