{"id":4367,"date":"2025-03-15T22:06:38","date_gmt":"2025-03-15T14:06:38","guid":{"rendered":"https:\/\/ruishengglassco.com\/?post_type=product&#038;p=4367"},"modified":"2025-07-17T14:57:26","modified_gmt":"2025-07-17T06:57:26","slug":"rs014-375ml-klarglasflasche-groshandel-fur-spirituosen","status":"publish","type":"product","link":"https:\/\/ruishengglassco.com\/de\/produkt\/rs014-375ml-klarglasflasche-groshandel-fur-spirituosen","title":{"rendered":"RS014: 375ml Klarglasflasche Fabrik f\u00fcr Lik\u00f6r"},"content":{"rendered":"<h2>Detaillierte Informationen \u00fcber 375ml Fabrik Lik\u00f6rflaschen<\/h2>\n<p><span data-preserver-spaces=\"true\">M\u00f6chten Sie Spirituosenflaschen im Gro\u00dfhandel verkaufen?  Wenn Sie direkt von einem zuverl\u00e4ssigen Hersteller von Spirituosenflaschen kaufen, k\u00f6nnen Sie hochwertige Spirituosenflaschen zum Verkauf finden und Kosten sparen.<\/span><\/p>\n<p><span data-preserver-spaces=\"true\">Diese Serie von 375ml Klarglasflaschen im Gro\u00dfhandel <\/span><span data-preserver-spaces=\"true\">wird haupts\u00e4chlich verwendet<\/span><span data-preserver-spaces=\"true\"> bei der Verpackung von Getr\u00e4nken und Spirituosen. <\/span><span data-preserver-spaces=\"true\">Das Produkt <\/span><span data-preserver-spaces=\"true\">nimmt eine hohe<\/span><span data-preserver-spaces=\"true\"> Feuerstein-Glasmaterial, <\/span><span data-preserver-spaces=\"true\">das macht<\/span><span data-preserver-spaces=\"true\"> unser Glas <\/span><span data-preserver-spaces=\"true\">Flasche<\/span> <span data-preserver-spaces=\"true\">\u00dcbersichtlicher<\/span><span data-preserver-spaces=\"true\">, transparent und umweltfreundlich.<\/span><\/p>\n<p><span data-preserver-spaces=\"true\">Als professioneller Lieferant von Spirituosenflaschen bietet unser Unternehmen OEM\/ODM\/kundenspezifische Glasflaschen an. <\/span><span data-preserver-spaces=\"true\">Sie k\u00f6nnen <\/span><span data-preserver-spaces=\"true\">vorbringen<\/span><span data-preserver-spaces=\"true\"> Anforderungen <\/span><span data-preserver-spaces=\"true\">auf<\/span><span data-preserver-spaces=\"true\"> das Fassungsverm\u00f6gen, die Farbe, die Form, den Deckel, <\/span><span data-preserver-spaces=\"true\">usw.<\/span><span data-preserver-spaces=\"true\"> der Weinflasche, und wir k\u00f6nnen sie nach Ihren W\u00fcnschen herstellen <\/span><span data-preserver-spaces=\"true\">Anforderungen<\/span><span data-preserver-spaces=\"true\">.<\/span><\/p>\n<ul>\n<li><span data-preserver-spaces=\"true\">Produkt Name: 375ml Klarglasflasche Gro\u00dfhandel f\u00fcr Lik\u00f6r<\/span><\/li>\n<li><span data-preserver-spaces=\"true\">Referenznummer: RS014<\/span><\/li>\n<li><span data-preserver-spaces=\"true\">Material Glas: Super Flint \/ Extra Flint<\/span><\/li>\n<li><span data-preserver-spaces=\"true\">Form der Flasche: Hohe runde Form<\/span><\/li>\n<li><span data-preserver-spaces=\"true\">Nenninhalt: 375ml<\/span><\/li>\n<li><span data-preserver-spaces=\"true\">Gewicht der Flasche: 580 g<\/span><\/li>\n<li><span data-preserver-spaces=\"true\">Verschlusstyp: Kork \/ GPI-Kappen \/ Ropp-Kappen<\/span><\/li>\n<li><span data-preserver-spaces=\"true\">Industrielle Verwendung: Wodka, Whiskey, Brandy, Cognac, Rum, Tequila, Wasser, Saft, Sirup.<\/span><\/li>\n<li><span data-preserver-spaces=\"true\">Dekoration Gravur \/ Druck \/ Glasur \/ Galvanik \/ Spritzen<\/span><\/li>\n<\/ul>\n<p><span data-preserver-spaces=\"true\">Wenn Sie <\/span><span data-preserver-spaces=\"true\">wollen<\/span><span data-preserver-spaces=\"true\"> zu <\/span><span data-preserver-spaces=\"true\">wissen<\/span><span data-preserver-spaces=\"true\"> mehr \u00fcber Liquor Bottles For Sale im Gro\u00dfhandel, bitte <\/span><span data-preserver-spaces=\"true\">sich frei f\u00fchlen<\/span><span data-preserver-spaces=\"true\"> um uns zu kontaktieren.<\/span><\/p>","protected":false},"excerpt":{"rendered":"<p><span data-preserver-spaces=\"true\">Gro\u00dfhandel mit Spirituosenflaschen zum Verkauf finden <\/span><a class=\"editor-rtfLink\" href=\"http:\/\/glassbottlewholesale.com\" target=\"_blank\" rel=\"noopener\"><span data-preserver-spaces=\"true\">glassbottlewholesale.com<\/span><\/a><span data-preserver-spaces=\"true\">. Ruisheng Glass Co., Ltd. ist ein professioneller Hersteller von Glas Spirituosenflaschen in China. Wir bieten leere Spirituosenflaschen f\u00fcr den Gro\u00dfhandel und individuelle Etiketten f\u00fcr Spirituosenflaschen an. Unsere Dienstleistungen richten sich an Glasflaschen-Gro\u00dfh\u00e4ndler, Distributoren, Superm\u00e4rkte und mehr.<\/span><\/p>\n<h2><strong><span data-preserver-spaces=\"true\">Informationen \u00fcber den Gro\u00dfhandel mit Schnapsflaschen zum Verkauf bestellen<\/span><\/strong><\/h2>\n<ul>\n<li><strong><span data-preserver-spaces=\"true\">MOQ:10000pcs(10000 PCS)<\/span><\/strong><\/li>\n<li><span data-preserver-spaces=\"true\">OEM\/ODM\/Kundenservice f\u00fcr Spirituosenflaschen angeboten.<\/span><\/li>\n<li><span data-preserver-spaces=\"true\">Kostenlose Musterlieferung innerhalb von 7 Tagen<\/span><\/li>\n<li><span data-preserver-spaces=\"true\">Gro\u00dfbestellung Globaler Versand innerhalb von 30 Tagen<\/span><\/li>\n<\/ul>\n<p><span data-preserver-spaces=\"true\">Wenn Sie an unseren Spirituosenflaschen im Gro\u00dfhandel interessiert sind, wenden Sie sich bitte an <\/span><span data-preserver-spaces=\"true\">sich frei f\u00fchlen<\/span><span data-preserver-spaces=\"true\"> um uns zu kontaktieren.<\/span><\/p>","protected":false},"featured_media":4368,"comment_status":"closed","ping_status":"closed","template":"","meta":[],"product_cat":[55,45,52,54,56],"class_list":{"0":"post-4367","1":"product","2":"type-product","3":"status-publish","4":"has-post-thumbnail","6":"product_cat-375ml-liquor-bottle-manufacturer","7":"product_cat-custom-glass-bottle","8":"product_cat-vodka-bottle","9":"product_cat-whiskey-bottle","10":"product_cat-xo-brandy-bottle","12":"first","13":"instock","14":"shipping-taxable","15":"product-type-simple"},"yoast_head":"<!-- This site is optimized with the Yoast SEO plugin v22.0 - https:\/\/yoast.com\/wordpress\/plugins\/seo\/ -->\n<title>FactoryF Liquor Bottles For Sale | Custom Spirit Bottle Labels<\/title>\n<meta name=\"description\" content=\"Find Wholesale Liquor Bottles For Sale At Glassbottlewholesale.com. Custom Spirit Bottle Labels and Free Sample Offered. Get Quote Now.\" \/>\n<meta name=\"robots\" content=\"index, follow, max-snippet:-1, max-image-preview:large, max-video-preview:-1\" \/>\n<link rel=\"canonical\" href=\"https:\/\/ruishengglassco.com\/de\/produkt\/rs014-375ml-klarglasflasche-groshandel-fur-spirituosen\" \/>\n<meta property=\"og:locale\" content=\"de_DE\" \/>\n<meta property=\"og:type\" content=\"article\" \/>\n<meta property=\"og:title\" content=\"FactoryF Liquor Bottles For Sale | Custom Spirit Bottle Labels\" \/>\n<meta property=\"og:description\" content=\"Find Wholesale Liquor Bottles For Sale At Glassbottlewholesale.com. Custom Spirit Bottle Labels and Free Sample Offered. Get Quote Now.\" \/>\n<meta property=\"og:url\" content=\"https:\/\/ruishengglassco.com\/de\/produkt\/rs014-375ml-klarglasflasche-groshandel-fur-spirituosen\" \/>\n<meta property=\"article:publisher\" content=\"https:\/\/www.facebook.com\/ruishengglassbottles\" \/>\n<meta property=\"article:modified_time\" content=\"2025-07-17T06:57:26+00:00\" \/>\n<meta property=\"og:image\" content=\"https:\/\/ruishengglassco.com\/wp-content\/uploads\/2025\/03\/RS014-375ml-Clear-Glass-Bottle-Wholesale-For-Liquor.webp\" \/>\n\t<meta property=\"og:image:width\" content=\"800\" \/>\n\t<meta property=\"og:image:height\" content=\"800\" \/>\n\t<meta property=\"og:image:type\" content=\"image\/webp\" \/>\n<meta name=\"twitter:card\" content=\"summary_large_image\" \/>\n<meta name=\"twitter:label1\" content=\"Gesch\u00e4tzte Lesezeit\" \/>\n\t<meta name=\"twitter:data1\" content=\"2\u00a0Minuten\" \/>\n<script type=\"application\/ld+json\" class=\"yoast-schema-graph\">{\"@context\":\"https:\/\/schema.org\",\"@graph\":[{\"@type\":\"WebPage\",\"@id\":\"https:\/\/ruishengglassco.com\/product\/rs014-375ml-clear-glass-bottle-wholesale-for-liquor\",\"url\":\"https:\/\/ruishengglassco.com\/product\/rs014-375ml-clear-glass-bottle-wholesale-for-liquor\",\"name\":\"FactoryF Liquor Bottles For Sale | Custom Spirit Bottle Labels\",\"isPartOf\":{\"@id\":\"https:\/\/ruishengglassco.com\/#website\"},\"datePublished\":\"2025-03-15T14:06:38+00:00\",\"dateModified\":\"2025-07-17T06:57:26+00:00\",\"description\":\"Find Wholesale Liquor Bottles For Sale At Glassbottlewholesale.com. Custom Spirit Bottle Labels and Free Sample Offered. Get Quote Now.\",\"breadcrumb\":{\"@id\":\"https:\/\/ruishengglassco.com\/product\/rs014-375ml-clear-glass-bottle-wholesale-for-liquor#breadcrumb\"},\"inLanguage\":\"de\",\"potentialAction\":[{\"@type\":\"ReadAction\",\"target\":[\"https:\/\/ruishengglassco.com\/product\/rs014-375ml-clear-glass-bottle-wholesale-for-liquor\"]}]},{\"@type\":\"BreadcrumbList\",\"@id\":\"https:\/\/ruishengglassco.com\/product\/rs014-375ml-clear-glass-bottle-wholesale-for-liquor#breadcrumb\",\"itemListElement\":[{\"@type\":\"ListItem\",\"position\":1,\"name\":\"Home\",\"item\":\"https:\/\/ruishengglassco.com\/\"},{\"@type\":\"ListItem\",\"position\":2,\"name\":\"Products\",\"item\":\"https:\/\/ruishengglassco.com\/products\"},{\"@type\":\"ListItem\",\"position\":3,\"name\":\"RS014: 375ml Clear Glass Bottle Factory For Liquor\"}]},{\"@type\":\"WebSite\",\"@id\":\"https:\/\/ruishengglassco.com\/#website\",\"url\":\"https:\/\/ruishengglassco.com\/\",\"name\":\"Ruisheng Glass\",\"description\":\"\",\"publisher\":{\"@id\":\"https:\/\/ruishengglassco.com\/#organization\"},\"potentialAction\":[{\"@type\":\"SearchAction\",\"target\":{\"@type\":\"EntryPoint\",\"urlTemplate\":\"https:\/\/ruishengglassco.com\/?s={search_term_string}\"},\"query-input\":\"required name=search_term_string\"}],\"inLanguage\":\"de\"},{\"@type\":\"Organization\",\"@id\":\"https:\/\/ruishengglassco.com\/#organization\",\"name\":\"Shandong Yuncheng Ruisheng Glass Co., Ltd\",\"url\":\"https:\/\/ruishengglassco.com\/\",\"logo\":{\"@type\":\"ImageObject\",\"inLanguage\":\"de\",\"@id\":\"https:\/\/ruishengglassco.com\/#\/schema\/logo\/image\/\",\"url\":\"https:\/\/ruishengglassco.com\/wp-content\/uploads\/2023\/09\/ruisheng_logo_icon.webp\",\"contentUrl\":\"https:\/\/ruishengglassco.com\/wp-content\/uploads\/2023\/09\/ruisheng_logo_icon.webp\",\"width\":400,\"height\":233,\"caption\":\"Shandong Yuncheng Ruisheng Glass Co., Ltd\"},\"image\":{\"@id\":\"https:\/\/ruishengglassco.com\/#\/schema\/logo\/image\/\"},\"sameAs\":[\"https:\/\/www.facebook.com\/ruishengglassbottles\",\"https:\/\/www.instagram.com\/Ruishengglassbottlewholesales\/\",\"https:\/\/www.youtube.com\/channel\/UCMmbMNGwsL-XrtjfSFLCdVQ\"]}]}<\/script>\n<!-- \/ Yoast SEO plugin. -->","yoast_head_json":{"title":"FactoryF Liquor Bottles For Sale | Custom Spirit Bottle Labels","description":"Find Wholesale Liquor Bottles For Sale At Glassbottlewholesale.com. Custom Spirit Bottle Labels and Free Sample Offered. Get Quote Now.","robots":{"index":"index","follow":"follow","max-snippet":"max-snippet:-1","max-image-preview":"max-image-preview:large","max-video-preview":"max-video-preview:-1"},"canonical":"https:\/\/ruishengglassco.com\/de\/produkt\/rs014-375ml-klarglasflasche-groshandel-fur-spirituosen","og_locale":"de_DE","og_type":"article","og_title":"FactoryF Liquor Bottles For Sale | Custom Spirit Bottle Labels","og_description":"Find Wholesale Liquor Bottles For Sale At Glassbottlewholesale.com. Custom Spirit Bottle Labels and Free Sample Offered. Get Quote Now.","og_url":"https:\/\/ruishengglassco.com\/de\/produkt\/rs014-375ml-klarglasflasche-groshandel-fur-spirituosen","article_publisher":"https:\/\/www.facebook.com\/ruishengglassbottles","article_modified_time":"2025-07-17T06:57:26+00:00","og_image":[{"width":800,"height":800,"url":"https:\/\/ruishengglassco.com\/wp-content\/uploads\/2025\/03\/RS014-375ml-Clear-Glass-Bottle-Wholesale-For-Liquor.webp","type":"image\/webp"}],"twitter_card":"summary_large_image","twitter_misc":{"Gesch\u00e4tzte Lesezeit":"2\u00a0Minuten"},"schema":{"@context":"https:\/\/schema.org","@graph":[{"@type":"WebPage","@id":"https:\/\/ruishengglassco.com\/product\/rs014-375ml-clear-glass-bottle-wholesale-for-liquor","url":"https:\/\/ruishengglassco.com\/product\/rs014-375ml-clear-glass-bottle-wholesale-for-liquor","name":"FactoryF Liquor Bottles For Sale | Custom Spirit Bottle Labels","isPartOf":{"@id":"https:\/\/ruishengglassco.com\/#website"},"datePublished":"2025-03-15T14:06:38+00:00","dateModified":"2025-07-17T06:57:26+00:00","description":"Find Wholesale Liquor Bottles For Sale At Glassbottlewholesale.com. Custom Spirit Bottle Labels and Free Sample Offered. Get Quote Now.","breadcrumb":{"@id":"https:\/\/ruishengglassco.com\/product\/rs014-375ml-clear-glass-bottle-wholesale-for-liquor#breadcrumb"},"inLanguage":"de","potentialAction":[{"@type":"ReadAction","target":["https:\/\/ruishengglassco.com\/product\/rs014-375ml-clear-glass-bottle-wholesale-for-liquor"]}]},{"@type":"BreadcrumbList","@id":"https:\/\/ruishengglassco.com\/product\/rs014-375ml-clear-glass-bottle-wholesale-for-liquor#breadcrumb","itemListElement":[{"@type":"ListItem","position":1,"name":"Home","item":"https:\/\/ruishengglassco.com\/"},{"@type":"ListItem","position":2,"name":"Products","item":"https:\/\/ruishengglassco.com\/products"},{"@type":"ListItem","position":3,"name":"RS014: 375ml Clear Glass Bottle Factory For Liquor"}]},{"@type":"WebSite","@id":"https:\/\/ruishengglassco.com\/#website","url":"https:\/\/ruishengglassco.com\/","name":"Ruisheng Glass","description":"","publisher":{"@id":"https:\/\/ruishengglassco.com\/#organization"},"potentialAction":[{"@type":"SearchAction","target":{"@type":"EntryPoint","urlTemplate":"https:\/\/ruishengglassco.com\/?s={search_term_string}"},"query-input":"required name=search_term_string"}],"inLanguage":"de"},{"@type":"Organization","@id":"https:\/\/ruishengglassco.com\/#organization","name":"Shandong Yuncheng Ruisheng Glass Co., Ltd","url":"https:\/\/ruishengglassco.com\/","logo":{"@type":"ImageObject","inLanguage":"de","@id":"https:\/\/ruishengglassco.com\/#\/schema\/logo\/image\/","url":"https:\/\/ruishengglassco.com\/wp-content\/uploads\/2023\/09\/ruisheng_logo_icon.webp","contentUrl":"https:\/\/ruishengglassco.com\/wp-content\/uploads\/2023\/09\/ruisheng_logo_icon.webp","width":400,"height":233,"caption":"Shandong Yuncheng Ruisheng Glass Co., Ltd"},"image":{"@id":"https:\/\/ruishengglassco.com\/#\/schema\/logo\/image\/"},"sameAs":["https:\/\/www.facebook.com\/ruishengglassbottles","https:\/\/www.instagram.com\/Ruishengglassbottlewholesales\/","https:\/\/www.youtube.com\/channel\/UCMmbMNGwsL-XrtjfSFLCdVQ"]}]}},"_links":{"self":[{"href":"https:\/\/ruishengglassco.com\/de\/wp-json\/wp\/v2\/product\/4367","targetHints":{"allow":["GET"]}}],"collection":[{"href":"https:\/\/ruishengglassco.com\/de\/wp-json\/wp\/v2\/product"}],"about":[{"href":"https:\/\/ruishengglassco.com\/de\/wp-json\/wp\/v2\/types\/product"}],"replies":[{"embeddable":true,"href":"https:\/\/ruishengglassco.com\/de\/wp-json\/wp\/v2\/comments?post=4367"}],"wp:featuredmedia":[{"embeddable":true,"href":"https:\/\/ruishengglassco.com\/de\/wp-json\/wp\/v2\/media\/4368"}],"wp:attachment":[{"href":"https:\/\/ruishengglassco.com\/de\/wp-json\/wp\/v2\/media?parent=4367"}],"wp:term":[{"taxonomy":"product_cat","embeddable":true,"href":"https:\/\/ruishengglassco.com\/de\/wp-json\/wp\/v2\/product_cat?post=4367"}],"curies":[{"name":"wp","href":"https:\/\/api.w.org\/{rel}","templated":true}]}}