{"id":4365,"date":"2025-03-15T22:05:00","date_gmt":"2025-03-15T14:05:00","guid":{"rendered":"https:\/\/ruishengglassco.com\/?post_type=product&#038;p=4365"},"modified":"2025-07-17T14:55:48","modified_gmt":"2025-07-17T06:55:48","slug":"rs015-groshandel-runde-350ml-glas-saftflasche-groshandel-mit-kork","status":"publish","type":"product","link":"https:\/\/ruishengglassco.com\/de\/produkt\/rs015-groshandel-runde-350ml-glas-saftflasche-groshandel-mit-kork","title":{"rendered":"RS015: Gro\u00dfhandel Runde 350ml Glas Saftflasche Hersteller mit Kork"},"content":{"rendered":"<h2>Detaillierte Informationen \u00fcber Glas-Saftflaschenhersteller<\/h2>\n<p><span data-preserver-spaces=\"true\">Diese Serie von Glas-Saft-Flaschen Gro\u00dfhandel ist ein Standard-Design Glasflasche. Unser <\/span><span data-preserver-spaces=\"true\">eigene<\/span><span data-preserver-spaces=\"true\"> Glasform macht es. <\/span><span data-preserver-spaces=\"true\">Das Produkt <\/span><span data-preserver-spaces=\"true\">nimmt  an.<\/span><span data-preserver-spaces=\"true\"> hochwertiges handgefertigtes Kristallglas <\/span><span data-preserver-spaces=\"true\">wei\u00dfes Material<\/span><span data-preserver-spaces=\"true\">, <\/span><span data-preserver-spaces=\"true\">das macht<\/span><span data-preserver-spaces=\"true\"> unsere Glasflasche klar, transparent und elegant.<\/span><\/p>\n<ul>\n<li><span data-preserver-spaces=\"true\">Artikel: Glas-Saftflasche Gro\u00dfhandel<\/span><\/li>\n<li><span data-preserver-spaces=\"true\">Modell-Nummer: RS015<\/span><\/li>\n<li><span data-preserver-spaces=\"true\">Fassungsverm\u00f6gen: =1000ml<\/span><\/li>\n<li><span data-preserver-spaces=\"true\">Material: Superflintglas, Kristallwei\u00dfglas, teures Wei\u00dfglas.<\/span><\/li>\n<li><span data-preserver-spaces=\"true\">Verschlusstyp: Kork, Guala-Verschluss, Schraubverschluss, Kunststoffverschluss, Holzverschluss<\/span><\/li>\n<li><span data-preserver-spaces=\"true\">Oberfl\u00e4che: Frost, Abziehbild, Malerei, Hei\u00dfpr\u00e4gung, Pr\u00e4gung, Druck, Gold, Siebdruck<\/span><\/li>\n<li><span data-preserver-spaces=\"true\">Muster: Frei von vorhandenem Schimmel<\/span><\/li>\n<li><span data-preserver-spaces=\"true\">Vorlaufzeit: 20-30 Tage f\u00fcr Massenprodukte<\/span><\/li>\n<li><span data-preserver-spaces=\"true\">Hafen: Qingdao, Shanghai, Guangzhou<\/span><\/li>\n<li><span data-preserver-spaces=\"true\">Bezahlung: T\/T, <\/span><span data-preserver-spaces=\"true\">Paypal<\/span><span data-preserver-spaces=\"true\">, Handelsversicherung, DP, LC, Western UNION<\/span><\/li>\n<li><span data-preserver-spaces=\"true\">Rohmaterial: Quarzsand, Natriumkarbonat, Kalkstein, Dolomit, Feldspat, Borax, Barium, etc.<\/span><\/li>\n<\/ul>\n<h4><span data-preserver-spaces=\"true\">Merkmale:<\/span><\/h4>\n<ul>\n<li><span data-preserver-spaces=\"true\">Mit professioneller Produktionserfahrung.<\/span><\/li>\n<li><span data-preserver-spaces=\"true\">OEM &amp;ODM Service: nach Ihrem Muster oder Ihrer Zeichnung.<\/span><\/li>\n<li><span data-preserver-spaces=\"true\">Das vorhandene Muster ist kostenlos.<\/span><\/li>\n<li><span data-preserver-spaces=\"true\">Angemessener Preis, hervorragende Qualit\u00e4t und aufmerksamer Service<\/span><\/li>\n<li><span data-preserver-spaces=\"true\">Beim Transport zerbrochene Flaschen<\/span><span data-preserver-spaces=\"true\">, <\/span><span data-preserver-spaces=\"true\">Entsch\u00e4digung f\u00fcr die <\/span><span data-preserver-spaces=\"true\">n\u00e4chste<\/span><span data-preserver-spaces=\"true\"> bestellen.<\/span><\/li>\n<li><span data-preserver-spaces=\"true\">Sofortige Antwort: Beantwortung Ihrer Anfrage und E-Mail innerhalb von 12 Stunden.<\/span><\/li>\n<li><span data-preserver-spaces=\"true\">Lieferung: <\/span><span data-preserver-spaces=\"true\">\u00fcber<\/span><span data-preserver-spaces=\"true\"> 20-25 Tage nach <\/span><span data-preserver-spaces=\"true\">Empfang<\/span><span data-preserver-spaces=\"true\"> die Kaution.<\/span><\/li>\n<li><span data-preserver-spaces=\"true\">Wir haben die <\/span><span data-preserver-spaces=\"true\">ISO9001<\/span><span data-preserver-spaces=\"true\">, <\/span><span data-preserver-spaces=\"true\">ISO14001<\/span><span data-preserver-spaces=\"true\">und andere Tests.<\/span><\/li>\n<li><span data-preserver-spaces=\"true\">Wir bieten nicht nur hervorragende Produkte, sondern auch Dienstleistungen und Marktl\u00f6sungen.<\/span><\/li>\n<li><span data-preserver-spaces=\"true\">Auch wenn er einen dicken Boden hat, ist die Farbe sehr rein.<\/span><\/li>\n<\/ul>","protected":false},"excerpt":{"rendered":"<p><span data-preserver-spaces=\"true\">Ruisheng Glass Co. Ltd. stellt Getr\u00e4nkeflaschen aus Glas her. Das Unternehmen konzentriert sich auf den Verkauf von Spirituosen- und Saftflaschen aus Glas auf internationalen M\u00e4rkten.  Unser Unternehmen bietet Design- und Herstellungsdienstleistungen f\u00fcr Glasflaschen an. OEM\/ODM\/Kundendienst angeboten. <\/span><span data-preserver-spaces=\"true\">Unsere Produkte <\/span><span data-preserver-spaces=\"true\">sind weit verbreitet<\/span><span data-preserver-spaces=\"true\"> zu <\/span><span data-preserver-spaces=\"true\">Geist<\/span><span data-preserver-spaces=\"true\">Wein, Wodka, Whiskey, Reiswein, Obstwein, Rum, Gin, Tequila, medizinischer Schnaps, Parf\u00fcm, Kosmetika, Oliven\u00f6l, <\/span><span data-preserver-spaces=\"true\">usw.<\/span><span data-preserver-spaces=\"true\">.<\/span><\/p>\n<h4><strong><span data-preserver-spaces=\"true\">Besorgte Informationen \u00fcber Glas-Saftflaschen-Gro\u00dfhandel<\/span><\/strong><\/h4>\n<p><strong><span data-preserver-spaces=\"true\">-MOQ: 10000 PCS (etwa 10000-35000 St\u00fcck)<\/span><\/strong><\/p>\n<p><span data-preserver-spaces=\"true\">-Gebrauchsgerechte Spirituosenflaschen mit Korken Muster<\/span><\/p>\n<p><span data-preserver-spaces=\"true\">-Angebot an kundenspezifischen Dienstleistungen<\/span><\/p>\n<p><span data-preserver-spaces=\"true\">Wenn Sie <\/span><span data-preserver-spaces=\"true\">wollen<\/span><span data-preserver-spaces=\"true\"> zu <\/span><span data-preserver-spaces=\"true\">wissen<\/span><span data-preserver-spaces=\"true\"> mehr \u00fcber unsere Glassaftflaschen im Gro\u00dfhandel, bitte <\/span><span data-preserver-spaces=\"true\">sich frei f\u00fchlen<\/span><span data-preserver-spaces=\"true\"> um unser Verkaufsteam zu kontaktieren.<\/span><\/p>","protected":false},"featured_media":4366,"comment_status":"closed","ping_status":"closed","template":"","meta":[],"product_cat":[55,57,52,54,56],"class_list":{"0":"post-4365","1":"product","2":"type-product","3":"status-publish","4":"has-post-thumbnail","6":"product_cat-375ml-liquor-bottle-manufacturer","7":"product_cat-rum-bottle","8":"product_cat-vodka-bottle","9":"product_cat-whiskey-bottle","10":"product_cat-xo-brandy-bottle","12":"first","13":"instock","14":"shipping-taxable","15":"product-type-simple"},"yoast_head":"<!-- This site is optimized with the Yoast SEO plugin v22.0 - https:\/\/yoast.com\/wordpress\/plugins\/seo\/ -->\n<title>Glass Juice Bottles Manufacturers | Beverage Bottle Manufacturers<\/title>\n<meta name=\"description\" content=\"Ruisheng Glass Co, Ltd, a professional beverage bottle manufacturer, provide glass juice bottles wholesale with cork. Custom Bottle Design Offered.\" \/>\n<meta name=\"robots\" content=\"index, follow, max-snippet:-1, max-image-preview:large, max-video-preview:-1\" \/>\n<link rel=\"canonical\" href=\"https:\/\/ruishengglassco.com\/de\/produkt\/rs015-groshandel-runde-350ml-glas-saftflasche-groshandel-mit-kork\" \/>\n<meta property=\"og:locale\" content=\"de_DE\" \/>\n<meta property=\"og:type\" content=\"article\" \/>\n<meta property=\"og:title\" content=\"Glass Juice Bottles Manufacturers | Beverage Bottle Manufacturers\" \/>\n<meta property=\"og:description\" content=\"Ruisheng Glass Co, Ltd, a professional beverage bottle manufacturer, provide glass juice bottles wholesale with cork. Custom Bottle Design Offered.\" \/>\n<meta property=\"og:url\" content=\"https:\/\/ruishengglassco.com\/de\/produkt\/rs015-groshandel-runde-350ml-glas-saftflasche-groshandel-mit-kork\" \/>\n<meta property=\"article:publisher\" content=\"https:\/\/www.facebook.com\/ruishengglassbottles\" \/>\n<meta property=\"article:modified_time\" content=\"2025-07-17T06:55:48+00:00\" \/>\n<meta property=\"og:image\" content=\"https:\/\/ruishengglassco.com\/wp-content\/uploads\/2025\/03\/RS015-Wholesale-Round-350ml-Glass-Juice-Bottle-Wholesale-With-Cork.webp\" \/>\n\t<meta property=\"og:image:width\" content=\"800\" \/>\n\t<meta property=\"og:image:height\" content=\"800\" \/>\n\t<meta property=\"og:image:type\" content=\"image\/webp\" \/>\n<meta name=\"twitter:card\" content=\"summary_large_image\" \/>\n<meta name=\"twitter:label1\" content=\"Gesch\u00e4tzte Lesezeit\" \/>\n\t<meta name=\"twitter:data1\" content=\"2\u00a0Minuten\" \/>\n<script type=\"application\/ld+json\" class=\"yoast-schema-graph\">{\"@context\":\"https:\/\/schema.org\",\"@graph\":[{\"@type\":\"WebPage\",\"@id\":\"https:\/\/ruishengglassco.com\/product\/rs015-wholesale-round-350ml-glass-juice-bottle-wholesale-with-cork\",\"url\":\"https:\/\/ruishengglassco.com\/product\/rs015-wholesale-round-350ml-glass-juice-bottle-wholesale-with-cork\",\"name\":\"Glass Juice Bottles Manufacturers | Beverage Bottle Manufacturers\",\"isPartOf\":{\"@id\":\"https:\/\/ruishengglassco.com\/#website\"},\"datePublished\":\"2025-03-15T14:05:00+00:00\",\"dateModified\":\"2025-07-17T06:55:48+00:00\",\"description\":\"Ruisheng Glass Co, Ltd, a professional beverage bottle manufacturer, provide glass juice bottles wholesale with cork. Custom Bottle Design Offered.\",\"breadcrumb\":{\"@id\":\"https:\/\/ruishengglassco.com\/product\/rs015-wholesale-round-350ml-glass-juice-bottle-wholesale-with-cork#breadcrumb\"},\"inLanguage\":\"de\",\"potentialAction\":[{\"@type\":\"ReadAction\",\"target\":[\"https:\/\/ruishengglassco.com\/product\/rs015-wholesale-round-350ml-glass-juice-bottle-wholesale-with-cork\"]}]},{\"@type\":\"BreadcrumbList\",\"@id\":\"https:\/\/ruishengglassco.com\/product\/rs015-wholesale-round-350ml-glass-juice-bottle-wholesale-with-cork#breadcrumb\",\"itemListElement\":[{\"@type\":\"ListItem\",\"position\":1,\"name\":\"Home\",\"item\":\"https:\/\/ruishengglassco.com\/\"},{\"@type\":\"ListItem\",\"position\":2,\"name\":\"Products\",\"item\":\"https:\/\/ruishengglassco.com\/products\"},{\"@type\":\"ListItem\",\"position\":3,\"name\":\"RS015: Wholesale Round 350ml Glass Juice Bottle Manufacturers With Cork\"}]},{\"@type\":\"WebSite\",\"@id\":\"https:\/\/ruishengglassco.com\/#website\",\"url\":\"https:\/\/ruishengglassco.com\/\",\"name\":\"Ruisheng Glass\",\"description\":\"\",\"publisher\":{\"@id\":\"https:\/\/ruishengglassco.com\/#organization\"},\"potentialAction\":[{\"@type\":\"SearchAction\",\"target\":{\"@type\":\"EntryPoint\",\"urlTemplate\":\"https:\/\/ruishengglassco.com\/?s={search_term_string}\"},\"query-input\":\"required name=search_term_string\"}],\"inLanguage\":\"de\"},{\"@type\":\"Organization\",\"@id\":\"https:\/\/ruishengglassco.com\/#organization\",\"name\":\"Shandong Yuncheng Ruisheng Glass Co., Ltd\",\"url\":\"https:\/\/ruishengglassco.com\/\",\"logo\":{\"@type\":\"ImageObject\",\"inLanguage\":\"de\",\"@id\":\"https:\/\/ruishengglassco.com\/#\/schema\/logo\/image\/\",\"url\":\"https:\/\/ruishengglassco.com\/wp-content\/uploads\/2023\/09\/ruisheng_logo_icon.webp\",\"contentUrl\":\"https:\/\/ruishengglassco.com\/wp-content\/uploads\/2023\/09\/ruisheng_logo_icon.webp\",\"width\":400,\"height\":233,\"caption\":\"Shandong Yuncheng Ruisheng Glass Co., Ltd\"},\"image\":{\"@id\":\"https:\/\/ruishengglassco.com\/#\/schema\/logo\/image\/\"},\"sameAs\":[\"https:\/\/www.facebook.com\/ruishengglassbottles\",\"https:\/\/www.instagram.com\/Ruishengglassbottlewholesales\/\",\"https:\/\/www.youtube.com\/channel\/UCMmbMNGwsL-XrtjfSFLCdVQ\"]}]}<\/script>\n<!-- \/ Yoast SEO plugin. -->","yoast_head_json":{"title":"Glass Juice Bottles Manufacturers | Beverage Bottle Manufacturers","description":"Ruisheng Glass Co, Ltd, a professional beverage bottle manufacturer, provide glass juice bottles wholesale with cork. Custom Bottle Design Offered.","robots":{"index":"index","follow":"follow","max-snippet":"max-snippet:-1","max-image-preview":"max-image-preview:large","max-video-preview":"max-video-preview:-1"},"canonical":"https:\/\/ruishengglassco.com\/de\/produkt\/rs015-groshandel-runde-350ml-glas-saftflasche-groshandel-mit-kork","og_locale":"de_DE","og_type":"article","og_title":"Glass Juice Bottles Manufacturers | Beverage Bottle Manufacturers","og_description":"Ruisheng Glass Co, Ltd, a professional beverage bottle manufacturer, provide glass juice bottles wholesale with cork. Custom Bottle Design Offered.","og_url":"https:\/\/ruishengglassco.com\/de\/produkt\/rs015-groshandel-runde-350ml-glas-saftflasche-groshandel-mit-kork","article_publisher":"https:\/\/www.facebook.com\/ruishengglassbottles","article_modified_time":"2025-07-17T06:55:48+00:00","og_image":[{"width":800,"height":800,"url":"https:\/\/ruishengglassco.com\/wp-content\/uploads\/2025\/03\/RS015-Wholesale-Round-350ml-Glass-Juice-Bottle-Wholesale-With-Cork.webp","type":"image\/webp"}],"twitter_card":"summary_large_image","twitter_misc":{"Gesch\u00e4tzte Lesezeit":"2\u00a0Minuten"},"schema":{"@context":"https:\/\/schema.org","@graph":[{"@type":"WebPage","@id":"https:\/\/ruishengglassco.com\/product\/rs015-wholesale-round-350ml-glass-juice-bottle-wholesale-with-cork","url":"https:\/\/ruishengglassco.com\/product\/rs015-wholesale-round-350ml-glass-juice-bottle-wholesale-with-cork","name":"Glass Juice Bottles Manufacturers | Beverage Bottle Manufacturers","isPartOf":{"@id":"https:\/\/ruishengglassco.com\/#website"},"datePublished":"2025-03-15T14:05:00+00:00","dateModified":"2025-07-17T06:55:48+00:00","description":"Ruisheng Glass Co, Ltd, a professional beverage bottle manufacturer, provide glass juice bottles wholesale with cork. Custom Bottle Design Offered.","breadcrumb":{"@id":"https:\/\/ruishengglassco.com\/product\/rs015-wholesale-round-350ml-glass-juice-bottle-wholesale-with-cork#breadcrumb"},"inLanguage":"de","potentialAction":[{"@type":"ReadAction","target":["https:\/\/ruishengglassco.com\/product\/rs015-wholesale-round-350ml-glass-juice-bottle-wholesale-with-cork"]}]},{"@type":"BreadcrumbList","@id":"https:\/\/ruishengglassco.com\/product\/rs015-wholesale-round-350ml-glass-juice-bottle-wholesale-with-cork#breadcrumb","itemListElement":[{"@type":"ListItem","position":1,"name":"Home","item":"https:\/\/ruishengglassco.com\/"},{"@type":"ListItem","position":2,"name":"Products","item":"https:\/\/ruishengglassco.com\/products"},{"@type":"ListItem","position":3,"name":"RS015: Wholesale Round 350ml Glass Juice Bottle Manufacturers With Cork"}]},{"@type":"WebSite","@id":"https:\/\/ruishengglassco.com\/#website","url":"https:\/\/ruishengglassco.com\/","name":"Ruisheng Glass","description":"","publisher":{"@id":"https:\/\/ruishengglassco.com\/#organization"},"potentialAction":[{"@type":"SearchAction","target":{"@type":"EntryPoint","urlTemplate":"https:\/\/ruishengglassco.com\/?s={search_term_string}"},"query-input":"required name=search_term_string"}],"inLanguage":"de"},{"@type":"Organization","@id":"https:\/\/ruishengglassco.com\/#organization","name":"Shandong Yuncheng Ruisheng Glass Co., Ltd","url":"https:\/\/ruishengglassco.com\/","logo":{"@type":"ImageObject","inLanguage":"de","@id":"https:\/\/ruishengglassco.com\/#\/schema\/logo\/image\/","url":"https:\/\/ruishengglassco.com\/wp-content\/uploads\/2023\/09\/ruisheng_logo_icon.webp","contentUrl":"https:\/\/ruishengglassco.com\/wp-content\/uploads\/2023\/09\/ruisheng_logo_icon.webp","width":400,"height":233,"caption":"Shandong Yuncheng Ruisheng Glass Co., Ltd"},"image":{"@id":"https:\/\/ruishengglassco.com\/#\/schema\/logo\/image\/"},"sameAs":["https:\/\/www.facebook.com\/ruishengglassbottles","https:\/\/www.instagram.com\/Ruishengglassbottlewholesales\/","https:\/\/www.youtube.com\/channel\/UCMmbMNGwsL-XrtjfSFLCdVQ"]}]}},"_links":{"self":[{"href":"https:\/\/ruishengglassco.com\/de\/wp-json\/wp\/v2\/product\/4365","targetHints":{"allow":["GET"]}}],"collection":[{"href":"https:\/\/ruishengglassco.com\/de\/wp-json\/wp\/v2\/product"}],"about":[{"href":"https:\/\/ruishengglassco.com\/de\/wp-json\/wp\/v2\/types\/product"}],"replies":[{"embeddable":true,"href":"https:\/\/ruishengglassco.com\/de\/wp-json\/wp\/v2\/comments?post=4365"}],"wp:featuredmedia":[{"embeddable":true,"href":"https:\/\/ruishengglassco.com\/de\/wp-json\/wp\/v2\/media\/4366"}],"wp:attachment":[{"href":"https:\/\/ruishengglassco.com\/de\/wp-json\/wp\/v2\/media?parent=4365"}],"wp:term":[{"taxonomy":"product_cat","embeddable":true,"href":"https:\/\/ruishengglassco.com\/de\/wp-json\/wp\/v2\/product_cat?post=4365"}],"curies":[{"name":"wp","href":"https:\/\/api.w.org\/{rel}","templated":true}]}}