{"id":4360,"date":"2025-03-15T22:00:57","date_gmt":"2025-03-15T14:00:57","guid":{"rendered":"https:\/\/ruishengglassco.com\/?post_type=product&#038;p=4360"},"modified":"2025-07-17T14:54:00","modified_gmt":"2025-07-17T06:54:00","slug":"rs017-375ml-glasflasche-lieferant-fur-schnaps-whiskey-brandy-wodka","status":"publish","type":"product","link":"https:\/\/ruishengglassco.com\/de\/produkt\/rs017-375ml-glasflasche-lieferant-fur-schnaps-whiskey-brandy-wodka","title":{"rendered":"RS017: 375ml Glasflasche Lieferant f\u00fcr Lik\u00f6r\/Whiskey\/Brandy\/Wodka"},"content":{"rendered":"<h2>Detaillierte Informationen \u00fcber 375ml Glas Lik\u00f6rflaschen Hersteller<\/h2>\n<p>Diese Schnapsflaschen aus Glas f\u00fcr den Gro\u00dfhandel sind klassische Bordeaux-Flaschen. Sie sind weit verbreitet f\u00fcr Alkoholverpackungen weltweit verwendet.<\/p>\n<p>Das Titelbild zeigt eine 375-ml-Glasflasche f\u00fcr Spirituosen. Wir k\u00f6nnen leere Schnapsflaschen in verschiedenen Gr\u00f6\u00dfen herstellen, um den Bed\u00fcrfnissen unserer Kunden gerecht zu werden: 100ml, 500ml, 750ml und 1000ml sind erh\u00e4ltlich.<\/p>\n<p>Im Allgemeinen sind unsere Flaschen klar und durchsichtig, aber wenn Kunden andere Farben w\u00fcnschen, kann unser Produktionsprozess dies erm\u00f6glichen.<\/p>\n<p>Es gibt drei g\u00e4ngige Arten von Glasflaschenverschl\u00fcssen: Kork, Schraubverschluss und Guala Cap. Hier ist die Glasflasche Stopfen k\u00f6nnen wir bieten:<\/p>\n<p><img decoding=\"async\" class=\"aligncenter wp-image-2429 size-full\" src=\"https:\/\/glassbottlewholesale.com\/wp-content\/uploads\/2020\/12\/WX20201229-154422-1.png\" alt=\"Glasflaschenkappen Gro\u00dfhandel\" width=\"752\" height=\"452\" \/><\/p>\n<p>Als professioneller Hersteller von Spirituosenflaschen aus Glas bietet unser Unternehmen OEM\/ODM\/kundenspezifische Spirituosenflaschen an. Wenn Sie Fragen zur Herstellung von Schnapsflaschen haben, kontaktieren Sie uns bitte hier.<\/p>\n<ul>\n<li>Produkt Name: 375ml Glas Lik\u00f6rflaschen Gro\u00dfhandel<\/li>\n<li>Referenznummer: RS017<\/li>\n<li>Material Glas: Extra Feuerstein<\/li>\n<li>Form der Flasche: 375ml Flache Form Schnapsflaschen<\/li>\n<li>Nenninhalt: 375ml<\/li>\n<li>Gewicht der Flasche: 550g<\/li>\n<li>Verschlusstyp: Ropp \/ GPI \/ Kork \/ Guala \/ Swing Top \/ Kundenspezifische Verschlie\u00dfmethode<\/li>\n<li>Anwendung: Wodka-Flasche, Whiskey-Flasche, Cognac-Flasche, Rum-Flasche, Xo-Flasche<\/li>\n<li>Verpackung\n<ul>\n<li>24 St\u00fcck\/Karton, mit Kartontrenner<\/li>\n<li>6 St\u00fcck \/ farbige Schachtel, mit Kartontrenner<\/li>\n<li>Palettenverpackung, mit Kartontrennung<\/li>\n<li>Karton \/ Kiste + Palettenverpackung<\/li>\n<\/ul>\n<\/li>\n<li>MOQ: 6000 St\u00fcck f\u00fcr einen neuen Lauf; 1 St\u00fcck f\u00fcr Lagerglasflaschen<\/li>\n<li>Vorlaufzeit: 20-30 Tage<\/li>\n<\/ul>","protected":false},"excerpt":{"rendered":"<p><span data-preserver-spaces=\"true\">Ruisheng Glass Co, Ltd. ist ein professionelles Unternehmen, das Spirituosen abf\u00fcllt. Sie bieten Schnapsflaschen aus Glas im Gro\u00dfhandel f\u00fcr viele Verwendungszwecke an. Diese in<\/span><span data-preserver-spaces=\"true\">Dazu geh\u00f6ren Wein, Whiskey, Brandy, Wodka, Tequila, XO, Champagner und andere alkoholische Getr\u00e4nke.<\/span><\/p>\n<p><span data-preserver-spaces=\"true\">Wir sind ein altmodischer Hersteller von Spirituosenflaschen. <\/span><span data-preserver-spaces=\"true\">Unsere Produkte <\/span><span data-preserver-spaces=\"true\">exportiert werden<\/span><span data-preserver-spaces=\"true\"> in die Vereinigten Staaten, nach Kanada, <\/span><span data-preserver-spaces=\"true\">Gro\u00dfbritannien<\/span><span data-preserver-spaces=\"true\">Frankreich, die Niederlande, Belgien, Russland, Moskau, S\u00fcdafrika und <\/span><span data-preserver-spaces=\"true\">mehr<\/span><span data-preserver-spaces=\"true\">.<\/span><span data-preserver-spaces=\"true\"> Und sie haben einhelliges Lob von den Kunden vor Ort erhalten.<\/span><\/p>\n<p><span data-preserver-spaces=\"true\">Wenn Sie Schnapsflaschen aus Glas im Gro\u00dfhandel bestellen m\u00f6chten, sind hier die wichtigsten Fragen, die unsere Kunden besch\u00e4ftigen:<\/span><\/p>\n<p><strong><span data-preserver-spaces=\"true\">-MOQ: 10000 PCS (etwa 10000-30000 St\u00fcck)<\/span><\/strong><\/p>\n<p><span data-preserver-spaces=\"true\">-Gratismuster wird angeboten. Lieferung innerhalb von 7 Tagen<\/span><\/p>\n<p><span data-preserver-spaces=\"true\">Gro\u00dfbestellung - Globale Lieferung innerhalb von 30 Tagen.<\/span><\/p>\n<p><span data-preserver-spaces=\"true\">-OEM\/ODM\/Custom Liquor Bottle Service angeboten.<\/span><\/p>","protected":false},"featured_media":4361,"comment_status":"closed","ping_status":"closed","template":"","meta":[],"product_cat":[55,52,54,56],"class_list":{"0":"post-4360","1":"product","2":"type-product","3":"status-publish","4":"has-post-thumbnail","6":"product_cat-375ml-liquor-bottle-manufacturer","7":"product_cat-vodka-bottle","8":"product_cat-whiskey-bottle","9":"product_cat-xo-brandy-bottle","11":"first","12":"instock","13":"shipping-taxable","14":"product-type-simple"},"yoast_head":"<!-- This site is optimized with the Yoast SEO plugin v22.0 - https:\/\/yoast.com\/wordpress\/plugins\/seo\/ -->\n<title>375ml Glass Liquor Bottles Supplier | Liquor Bottling Companies<\/title>\n<meta name=\"description\" content=\"Ruisheng Glass Co, Ltd, a professional liquor bottling companies, provide 375ml glass liquor bottles wholesale in factory outlet price.\" \/>\n<meta name=\"robots\" content=\"index, follow, max-snippet:-1, max-image-preview:large, max-video-preview:-1\" \/>\n<link rel=\"canonical\" href=\"https:\/\/ruishengglassco.com\/de\/produkt\/rs017-375ml-glasflasche-lieferant-fur-schnaps-whiskey-brandy-wodka\" \/>\n<meta property=\"og:locale\" content=\"de_DE\" \/>\n<meta property=\"og:type\" content=\"article\" \/>\n<meta property=\"og:title\" content=\"375ml Glass Liquor Bottles Supplier | Liquor Bottling Companies\" \/>\n<meta property=\"og:description\" content=\"Ruisheng Glass Co, Ltd, a professional liquor bottling companies, provide 375ml glass liquor bottles wholesale in factory outlet price.\" \/>\n<meta property=\"og:url\" content=\"https:\/\/ruishengglassco.com\/de\/produkt\/rs017-375ml-glasflasche-lieferant-fur-schnaps-whiskey-brandy-wodka\" \/>\n<meta property=\"article:publisher\" content=\"https:\/\/www.facebook.com\/ruishengglassbottles\" \/>\n<meta property=\"article:modified_time\" content=\"2025-07-17T06:54:00+00:00\" \/>\n<meta property=\"og:image\" content=\"https:\/\/ruishengglassco.com\/wp-content\/uploads\/2025\/03\/RS017-375ml-Glass-Bottle-Wholesale-For-Liquor-Whiskey-Brandy-Vodka.webp\" \/>\n\t<meta property=\"og:image:width\" content=\"800\" \/>\n\t<meta property=\"og:image:height\" content=\"800\" \/>\n\t<meta property=\"og:image:type\" content=\"image\/webp\" \/>\n<meta name=\"twitter:card\" content=\"summary_large_image\" \/>\n<meta name=\"twitter:label1\" content=\"Gesch\u00e4tzte Lesezeit\" \/>\n\t<meta name=\"twitter:data1\" content=\"2\u00a0Minuten\" \/>\n<script type=\"application\/ld+json\" class=\"yoast-schema-graph\">{\"@context\":\"https:\/\/schema.org\",\"@graph\":[{\"@type\":\"WebPage\",\"@id\":\"https:\/\/ruishengglassco.com\/product\/rs017-375ml-glass-bottle-supplier-for-liquor-whiskey-brandy-vodka\",\"url\":\"https:\/\/ruishengglassco.com\/product\/rs017-375ml-glass-bottle-supplier-for-liquor-whiskey-brandy-vodka\",\"name\":\"375ml Glass Liquor Bottles Supplier | Liquor Bottling Companies\",\"isPartOf\":{\"@id\":\"https:\/\/ruishengglassco.com\/#website\"},\"datePublished\":\"2025-03-15T14:00:57+00:00\",\"dateModified\":\"2025-07-17T06:54:00+00:00\",\"description\":\"Ruisheng Glass Co, Ltd, a professional liquor bottling companies, provide 375ml glass liquor bottles wholesale in factory outlet price.\",\"breadcrumb\":{\"@id\":\"https:\/\/ruishengglassco.com\/product\/rs017-375ml-glass-bottle-supplier-for-liquor-whiskey-brandy-vodka#breadcrumb\"},\"inLanguage\":\"de\",\"potentialAction\":[{\"@type\":\"ReadAction\",\"target\":[\"https:\/\/ruishengglassco.com\/product\/rs017-375ml-glass-bottle-supplier-for-liquor-whiskey-brandy-vodka\"]}]},{\"@type\":\"BreadcrumbList\",\"@id\":\"https:\/\/ruishengglassco.com\/product\/rs017-375ml-glass-bottle-supplier-for-liquor-whiskey-brandy-vodka#breadcrumb\",\"itemListElement\":[{\"@type\":\"ListItem\",\"position\":1,\"name\":\"Home\",\"item\":\"https:\/\/ruishengglassco.com\/\"},{\"@type\":\"ListItem\",\"position\":2,\"name\":\"Products\",\"item\":\"https:\/\/ruishengglassco.com\/products\"},{\"@type\":\"ListItem\",\"position\":3,\"name\":\"RS017: 375ml Glass Bottle Supplier For Liquor\/Whiskey\/Brandy\/Vodka\"}]},{\"@type\":\"WebSite\",\"@id\":\"https:\/\/ruishengglassco.com\/#website\",\"url\":\"https:\/\/ruishengglassco.com\/\",\"name\":\"Ruisheng Glass\",\"description\":\"\",\"publisher\":{\"@id\":\"https:\/\/ruishengglassco.com\/#organization\"},\"potentialAction\":[{\"@type\":\"SearchAction\",\"target\":{\"@type\":\"EntryPoint\",\"urlTemplate\":\"https:\/\/ruishengglassco.com\/?s={search_term_string}\"},\"query-input\":\"required name=search_term_string\"}],\"inLanguage\":\"de\"},{\"@type\":\"Organization\",\"@id\":\"https:\/\/ruishengglassco.com\/#organization\",\"name\":\"Shandong Yuncheng Ruisheng Glass Co., Ltd\",\"url\":\"https:\/\/ruishengglassco.com\/\",\"logo\":{\"@type\":\"ImageObject\",\"inLanguage\":\"de\",\"@id\":\"https:\/\/ruishengglassco.com\/#\/schema\/logo\/image\/\",\"url\":\"https:\/\/ruishengglassco.com\/wp-content\/uploads\/2023\/09\/ruisheng_logo_icon.webp\",\"contentUrl\":\"https:\/\/ruishengglassco.com\/wp-content\/uploads\/2023\/09\/ruisheng_logo_icon.webp\",\"width\":400,\"height\":233,\"caption\":\"Shandong Yuncheng Ruisheng Glass Co., Ltd\"},\"image\":{\"@id\":\"https:\/\/ruishengglassco.com\/#\/schema\/logo\/image\/\"},\"sameAs\":[\"https:\/\/www.facebook.com\/ruishengglassbottles\",\"https:\/\/www.instagram.com\/Ruishengglassbottlewholesales\/\",\"https:\/\/www.youtube.com\/channel\/UCMmbMNGwsL-XrtjfSFLCdVQ\"]}]}<\/script>\n<!-- \/ Yoast SEO plugin. -->","yoast_head_json":{"title":"375ml Glass Liquor Bottles Supplier | Liquor Bottling Companies","description":"Ruisheng Glass Co, Ltd, a professional liquor bottling companies, provide 375ml glass liquor bottles wholesale in factory outlet price.","robots":{"index":"index","follow":"follow","max-snippet":"max-snippet:-1","max-image-preview":"max-image-preview:large","max-video-preview":"max-video-preview:-1"},"canonical":"https:\/\/ruishengglassco.com\/de\/produkt\/rs017-375ml-glasflasche-lieferant-fur-schnaps-whiskey-brandy-wodka","og_locale":"de_DE","og_type":"article","og_title":"375ml Glass Liquor Bottles Supplier | Liquor Bottling Companies","og_description":"Ruisheng Glass Co, Ltd, a professional liquor bottling companies, provide 375ml glass liquor bottles wholesale in factory outlet price.","og_url":"https:\/\/ruishengglassco.com\/de\/produkt\/rs017-375ml-glasflasche-lieferant-fur-schnaps-whiskey-brandy-wodka","article_publisher":"https:\/\/www.facebook.com\/ruishengglassbottles","article_modified_time":"2025-07-17T06:54:00+00:00","og_image":[{"width":800,"height":800,"url":"https:\/\/ruishengglassco.com\/wp-content\/uploads\/2025\/03\/RS017-375ml-Glass-Bottle-Wholesale-For-Liquor-Whiskey-Brandy-Vodka.webp","type":"image\/webp"}],"twitter_card":"summary_large_image","twitter_misc":{"Gesch\u00e4tzte Lesezeit":"2\u00a0Minuten"},"schema":{"@context":"https:\/\/schema.org","@graph":[{"@type":"WebPage","@id":"https:\/\/ruishengglassco.com\/product\/rs017-375ml-glass-bottle-supplier-for-liquor-whiskey-brandy-vodka","url":"https:\/\/ruishengglassco.com\/product\/rs017-375ml-glass-bottle-supplier-for-liquor-whiskey-brandy-vodka","name":"375ml Glass Liquor Bottles Supplier | Liquor Bottling Companies","isPartOf":{"@id":"https:\/\/ruishengglassco.com\/#website"},"datePublished":"2025-03-15T14:00:57+00:00","dateModified":"2025-07-17T06:54:00+00:00","description":"Ruisheng Glass Co, Ltd, a professional liquor bottling companies, provide 375ml glass liquor bottles wholesale in factory outlet price.","breadcrumb":{"@id":"https:\/\/ruishengglassco.com\/product\/rs017-375ml-glass-bottle-supplier-for-liquor-whiskey-brandy-vodka#breadcrumb"},"inLanguage":"de","potentialAction":[{"@type":"ReadAction","target":["https:\/\/ruishengglassco.com\/product\/rs017-375ml-glass-bottle-supplier-for-liquor-whiskey-brandy-vodka"]}]},{"@type":"BreadcrumbList","@id":"https:\/\/ruishengglassco.com\/product\/rs017-375ml-glass-bottle-supplier-for-liquor-whiskey-brandy-vodka#breadcrumb","itemListElement":[{"@type":"ListItem","position":1,"name":"Home","item":"https:\/\/ruishengglassco.com\/"},{"@type":"ListItem","position":2,"name":"Products","item":"https:\/\/ruishengglassco.com\/products"},{"@type":"ListItem","position":3,"name":"RS017: 375ml Glass Bottle Supplier For Liquor\/Whiskey\/Brandy\/Vodka"}]},{"@type":"WebSite","@id":"https:\/\/ruishengglassco.com\/#website","url":"https:\/\/ruishengglassco.com\/","name":"Ruisheng Glass","description":"","publisher":{"@id":"https:\/\/ruishengglassco.com\/#organization"},"potentialAction":[{"@type":"SearchAction","target":{"@type":"EntryPoint","urlTemplate":"https:\/\/ruishengglassco.com\/?s={search_term_string}"},"query-input":"required name=search_term_string"}],"inLanguage":"de"},{"@type":"Organization","@id":"https:\/\/ruishengglassco.com\/#organization","name":"Shandong Yuncheng Ruisheng Glass Co., Ltd","url":"https:\/\/ruishengglassco.com\/","logo":{"@type":"ImageObject","inLanguage":"de","@id":"https:\/\/ruishengglassco.com\/#\/schema\/logo\/image\/","url":"https:\/\/ruishengglassco.com\/wp-content\/uploads\/2023\/09\/ruisheng_logo_icon.webp","contentUrl":"https:\/\/ruishengglassco.com\/wp-content\/uploads\/2023\/09\/ruisheng_logo_icon.webp","width":400,"height":233,"caption":"Shandong Yuncheng Ruisheng Glass Co., Ltd"},"image":{"@id":"https:\/\/ruishengglassco.com\/#\/schema\/logo\/image\/"},"sameAs":["https:\/\/www.facebook.com\/ruishengglassbottles","https:\/\/www.instagram.com\/Ruishengglassbottlewholesales\/","https:\/\/www.youtube.com\/channel\/UCMmbMNGwsL-XrtjfSFLCdVQ"]}]}},"_links":{"self":[{"href":"https:\/\/ruishengglassco.com\/de\/wp-json\/wp\/v2\/product\/4360","targetHints":{"allow":["GET"]}}],"collection":[{"href":"https:\/\/ruishengglassco.com\/de\/wp-json\/wp\/v2\/product"}],"about":[{"href":"https:\/\/ruishengglassco.com\/de\/wp-json\/wp\/v2\/types\/product"}],"replies":[{"embeddable":true,"href":"https:\/\/ruishengglassco.com\/de\/wp-json\/wp\/v2\/comments?post=4360"}],"wp:featuredmedia":[{"embeddable":true,"href":"https:\/\/ruishengglassco.com\/de\/wp-json\/wp\/v2\/media\/4361"}],"wp:attachment":[{"href":"https:\/\/ruishengglassco.com\/de\/wp-json\/wp\/v2\/media?parent=4360"}],"wp:term":[{"taxonomy":"product_cat","embeddable":true,"href":"https:\/\/ruishengglassco.com\/de\/wp-json\/wp\/v2\/product_cat?post=4360"}],"curies":[{"name":"wp","href":"https:\/\/api.w.org\/{rel}","templated":true}]}}