{"id":4353,"date":"2025-03-15T21:52:46","date_gmt":"2025-03-15T13:52:46","guid":{"rendered":"https:\/\/ruishengglassco.com\/?post_type=product&#038;p=4353"},"modified":"2025-07-17T14:52:37","modified_gmt":"2025-07-17T06:52:37","slug":"rs019-personalisierte-gin-flasche-500ml-700ml-750ml-kosten","status":"publish","type":"product","link":"https:\/\/ruishengglassco.com\/de\/produkt\/rs019-personalisierte-gin-flasche-500ml-700ml-750ml-kosten","title":{"rendered":"RS019: Personalisierte Gin-Flasche 500ML\/700ML\/750ML Kosten"},"content":{"rendered":"<h2>Detaillierte Informationen \u00fcber personalisierte Gin-Flasche 500ML\/700ML\/750ML Kosten<\/h2>\n<ul>\n<li>Artikel: Personalisierte Gin-Flasche 500ML\/700ML\/750ML<\/li>\n<li>Modell-Nummer: RS019<\/li>\n<li>Verwendung: Gin, \u00d6l, Whiskey, Tequila, Wodka, Schnaps, Wasser, Getr\u00e4nkeglasflasche<\/li>\n<li>Fassungsverm\u00f6gen: 100ml, 200ml, 250ml, 500ml, 600ml, 700ml, 750ml, 1000ml, 2L<\/li>\n<li>Material: Superflintglas\/Extraflintglas<\/li>\n<li>Oberfl\u00e4chenbehandlung: Pr\u00e4gung, Abziehbild, Lackierung, Mattierung, Hei\u00dfpr\u00e4gung, Galvanisierung<\/li>\n<li>Logo: Kundenspezifisches Logo verf\u00fcgbar<\/li>\n<li>Muster: Frei zur Verf\u00fcgung gestellt, wenn Sie unsere bestehende Form verwenden.<\/li>\n<li>Verpackung: Kartons mit Kartontrennwand, Palette, Palette+Karton, kundenspezifische Logo-Farbbox<\/li>\n<li>Lieferung: Auf dem Seeweg, per Luftfracht, per Express<\/li>\n<li>Zahlungsbedingungen: T\/T L\/C Western Union<\/li>\n<li>Vorteile:<\/li>\n<\/ul>\n<p>I). Mit 10 Jahren Erfahrung in der Herstellung von Glasflaschen<\/p>\n<p>II). Hochgradige Transparenz, geringe Bruchrate. Glatte Oberfl\u00e4che, keine Blasen, keine Falten<\/p>\n<p>III). Selbst bei dickem Boden ist die Farbe noch sehr rein.<\/p>\n<p>IV). Niedriger Preis, aber angemessen.<\/p>\n<p>V). Die Formkosten k\u00f6nnen bei einer Bestellung von 50.000 St\u00fcck erstattet werden.<\/p>\n<p>VI). Schnellmuster f\u00fcr eine kundenspezifische Bestellung, das Muster kann innerhalb von 15 Tagen fertiggestellt werden.<\/p>\n<p>VII). Wenn irgendwelche zerbrochenen Flaschen w\u00e4hrend des Transports, wird es eine Entsch\u00e4digung f\u00fcr die n\u00e4chste Bestellung.<\/p>\n<p>VIII). Wir haben die SGS, TUV, ISO9001, ISO14001 und andere Tests bestanden.<\/p>\n<p>VX). Kunden k\u00f6nnen bei Ruisheng einen Service aus einer Hand erhalten<\/p>","protected":false},"excerpt":{"rendered":"<p><span data-preserver-spaces=\"true\">Diese Serie von personalisierten Gin-Flaschen <\/span><span data-preserver-spaces=\"true\">ist konzipiert<\/span><span data-preserver-spaces=\"true\"> f\u00fcr unsere Kunden <\/span><span data-preserver-spaces=\"true\">von<\/span><span data-preserver-spaces=\"true\"> das Vereinigte K\u00f6nigreich, <\/span><span data-preserver-spaces=\"true\">gebraucht<\/span><span data-preserver-spaces=\"true\"> in der Verpackung von Dry Gin.<\/span><span data-preserver-spaces=\"true\"> Einzigartiges Design und attraktives Aussehen gewinnen die Gunst der Kunden.<\/span><\/p>\n<p><span data-preserver-spaces=\"true\">Ruisheng ist ein f\u00fchrender Hersteller von Spirituosenflaschen in China. Wir bieten OEM-, ODM- und kundenspezifische Flaschendienste an. Zu unseren Kunden geh\u00f6ren Spirituosenmarken, Unternehmen, Glasflaschen-Gro\u00dfh\u00e4ndler und Distributoren.<\/span><\/p>\n<h2><strong><span data-preserver-spaces=\"true\">Informationen zur Bestellung von personalisierten Gin-Flaschen<\/span><\/strong><\/h2>\n<p><strong><span data-preserver-spaces=\"true\">-MOQ: 10000 PCS (Etwa 10000 St\u00fcck)<\/span><\/strong><\/p>\n<p><span data-preserver-spaces=\"true\">-Gratismuster angeboten. OEM\/ODM verf\u00fcgbar<\/span><\/p>\n<p><span data-preserver-spaces=\"true\">-Globale Lieferung innerhalb von 30 Tagen.<\/span><\/p>\n<p><span data-preserver-spaces=\"true\">Wenn Sie <\/span><span data-preserver-spaces=\"true\">wollen<\/span><span data-preserver-spaces=\"true\"> zu <\/span><span data-preserver-spaces=\"true\">personalisieren<\/span><span data-preserver-spaces=\"true\"> a<\/span> <span data-preserver-spaces=\"true\">Ginflasche, bitte <\/span><span data-preserver-spaces=\"true\">sich frei f\u00fchlen<\/span><span data-preserver-spaces=\"true\"> um uns zu kontaktieren.<\/span><\/p>","protected":false},"featured_media":4354,"comment_status":"closed","ping_status":"closed","template":"","meta":[],"product_cat":[41,44,40,50],"class_list":{"0":"post-4353","1":"product","2":"type-product","3":"status-publish","4":"has-post-thumbnail","6":"product_cat-500ml-liquor-bottle-manufacturer","7":"product_cat-700ml-liquor-bottle-manufacturer","8":"product_cat-750ml-liquor-bottle-manufacturer","9":"product_cat-gin-bottle","11":"first","12":"instock","13":"shipping-taxable","14":"product-type-simple"},"yoast_head":"<!-- This site is optimized with the Yoast SEO plugin v22.0 - https:\/\/yoast.com\/wordpress\/plugins\/seo\/ -->\n<title>Personalised Gin Bottle 500ML\/700ML\/750ML Cost<\/title>\n<meta name=\"description\" content=\"Want to get personalised gin bottle? Click here to get custom gin bottle 500ML\/700ML\/750ML cost from China Glass Bottle Manufacturer.\" \/>\n<meta name=\"robots\" content=\"index, follow, max-snippet:-1, max-image-preview:large, max-video-preview:-1\" \/>\n<link rel=\"canonical\" href=\"https:\/\/ruishengglassco.com\/de\/produkt\/rs019-personalisierte-gin-flasche-500ml-700ml-750ml-kosten\" \/>\n<meta property=\"og:locale\" content=\"de_DE\" \/>\n<meta property=\"og:type\" content=\"article\" \/>\n<meta property=\"og:title\" content=\"Personalised Gin Bottle 500ML\/700ML\/750ML Cost\" \/>\n<meta property=\"og:description\" content=\"Want to get personalised gin bottle? Click here to get custom gin bottle 500ML\/700ML\/750ML cost from China Glass Bottle Manufacturer.\" \/>\n<meta property=\"og:url\" content=\"https:\/\/ruishengglassco.com\/de\/produkt\/rs019-personalisierte-gin-flasche-500ml-700ml-750ml-kosten\" \/>\n<meta property=\"article:publisher\" content=\"https:\/\/www.facebook.com\/ruishengglassbottles\" \/>\n<meta property=\"article:modified_time\" content=\"2025-07-17T06:52:37+00:00\" \/>\n<meta property=\"og:image\" content=\"https:\/\/ruishengglassco.com\/wp-content\/uploads\/2025\/03\/RS019-Personalised-Gin-Bottle-500ML-700ML-750ML-Cost.webp\" \/>\n\t<meta property=\"og:image:width\" content=\"800\" \/>\n\t<meta property=\"og:image:height\" content=\"800\" \/>\n\t<meta property=\"og:image:type\" content=\"image\/webp\" \/>\n<meta name=\"twitter:card\" content=\"summary_large_image\" \/>\n<meta name=\"twitter:label1\" content=\"Gesch\u00e4tzte Lesezeit\" \/>\n\t<meta name=\"twitter:data1\" content=\"2\u00a0Minuten\" \/>\n<script type=\"application\/ld+json\" class=\"yoast-schema-graph\">{\"@context\":\"https:\/\/schema.org\",\"@graph\":[{\"@type\":\"WebPage\",\"@id\":\"https:\/\/ruishengglassco.com\/product\/rs019-personalised-gin-bottle-500ml-700ml-750ml-cost\",\"url\":\"https:\/\/ruishengglassco.com\/product\/rs019-personalised-gin-bottle-500ml-700ml-750ml-cost\",\"name\":\"Personalised Gin Bottle 500ML\/700ML\/750ML Cost\",\"isPartOf\":{\"@id\":\"https:\/\/ruishengglassco.com\/#website\"},\"datePublished\":\"2025-03-15T13:52:46+00:00\",\"dateModified\":\"2025-07-17T06:52:37+00:00\",\"description\":\"Want to get personalised gin bottle? Click here to get custom gin bottle 500ML\/700ML\/750ML cost from China Glass Bottle Manufacturer.\",\"breadcrumb\":{\"@id\":\"https:\/\/ruishengglassco.com\/product\/rs019-personalised-gin-bottle-500ml-700ml-750ml-cost#breadcrumb\"},\"inLanguage\":\"de\",\"potentialAction\":[{\"@type\":\"ReadAction\",\"target\":[\"https:\/\/ruishengglassco.com\/product\/rs019-personalised-gin-bottle-500ml-700ml-750ml-cost\"]}]},{\"@type\":\"BreadcrumbList\",\"@id\":\"https:\/\/ruishengglassco.com\/product\/rs019-personalised-gin-bottle-500ml-700ml-750ml-cost#breadcrumb\",\"itemListElement\":[{\"@type\":\"ListItem\",\"position\":1,\"name\":\"Home\",\"item\":\"https:\/\/ruishengglassco.com\/\"},{\"@type\":\"ListItem\",\"position\":2,\"name\":\"Products\",\"item\":\"https:\/\/ruishengglassco.com\/products\"},{\"@type\":\"ListItem\",\"position\":3,\"name\":\"RS019: Personalised Gin Bottle 500ML\/700ML\/750ML Cost\"}]},{\"@type\":\"WebSite\",\"@id\":\"https:\/\/ruishengglassco.com\/#website\",\"url\":\"https:\/\/ruishengglassco.com\/\",\"name\":\"Ruisheng Glass\",\"description\":\"\",\"publisher\":{\"@id\":\"https:\/\/ruishengglassco.com\/#organization\"},\"potentialAction\":[{\"@type\":\"SearchAction\",\"target\":{\"@type\":\"EntryPoint\",\"urlTemplate\":\"https:\/\/ruishengglassco.com\/?s={search_term_string}\"},\"query-input\":\"required name=search_term_string\"}],\"inLanguage\":\"de\"},{\"@type\":\"Organization\",\"@id\":\"https:\/\/ruishengglassco.com\/#organization\",\"name\":\"Shandong Yuncheng Ruisheng Glass Co., Ltd\",\"url\":\"https:\/\/ruishengglassco.com\/\",\"logo\":{\"@type\":\"ImageObject\",\"inLanguage\":\"de\",\"@id\":\"https:\/\/ruishengglassco.com\/#\/schema\/logo\/image\/\",\"url\":\"https:\/\/ruishengglassco.com\/wp-content\/uploads\/2023\/09\/ruisheng_logo_icon.webp\",\"contentUrl\":\"https:\/\/ruishengglassco.com\/wp-content\/uploads\/2023\/09\/ruisheng_logo_icon.webp\",\"width\":400,\"height\":233,\"caption\":\"Shandong Yuncheng Ruisheng Glass Co., Ltd\"},\"image\":{\"@id\":\"https:\/\/ruishengglassco.com\/#\/schema\/logo\/image\/\"},\"sameAs\":[\"https:\/\/www.facebook.com\/ruishengglassbottles\",\"https:\/\/www.instagram.com\/Ruishengglassbottlewholesales\/\",\"https:\/\/www.youtube.com\/channel\/UCMmbMNGwsL-XrtjfSFLCdVQ\"]}]}<\/script>\n<!-- \/ Yoast SEO plugin. -->","yoast_head_json":{"title":"Personalised Gin Bottle 500ML\/700ML\/750ML Cost","description":"Want to get personalised gin bottle? Click here to get custom gin bottle 500ML\/700ML\/750ML cost from China Glass Bottle Manufacturer.","robots":{"index":"index","follow":"follow","max-snippet":"max-snippet:-1","max-image-preview":"max-image-preview:large","max-video-preview":"max-video-preview:-1"},"canonical":"https:\/\/ruishengglassco.com\/de\/produkt\/rs019-personalisierte-gin-flasche-500ml-700ml-750ml-kosten","og_locale":"de_DE","og_type":"article","og_title":"Personalised Gin Bottle 500ML\/700ML\/750ML Cost","og_description":"Want to get personalised gin bottle? Click here to get custom gin bottle 500ML\/700ML\/750ML cost from China Glass Bottle Manufacturer.","og_url":"https:\/\/ruishengglassco.com\/de\/produkt\/rs019-personalisierte-gin-flasche-500ml-700ml-750ml-kosten","article_publisher":"https:\/\/www.facebook.com\/ruishengglassbottles","article_modified_time":"2025-07-17T06:52:37+00:00","og_image":[{"width":800,"height":800,"url":"https:\/\/ruishengglassco.com\/wp-content\/uploads\/2025\/03\/RS019-Personalised-Gin-Bottle-500ML-700ML-750ML-Cost.webp","type":"image\/webp"}],"twitter_card":"summary_large_image","twitter_misc":{"Gesch\u00e4tzte Lesezeit":"2\u00a0Minuten"},"schema":{"@context":"https:\/\/schema.org","@graph":[{"@type":"WebPage","@id":"https:\/\/ruishengglassco.com\/product\/rs019-personalised-gin-bottle-500ml-700ml-750ml-cost","url":"https:\/\/ruishengglassco.com\/product\/rs019-personalised-gin-bottle-500ml-700ml-750ml-cost","name":"Personalised Gin Bottle 500ML\/700ML\/750ML Cost","isPartOf":{"@id":"https:\/\/ruishengglassco.com\/#website"},"datePublished":"2025-03-15T13:52:46+00:00","dateModified":"2025-07-17T06:52:37+00:00","description":"Want to get personalised gin bottle? Click here to get custom gin bottle 500ML\/700ML\/750ML cost from China Glass Bottle Manufacturer.","breadcrumb":{"@id":"https:\/\/ruishengglassco.com\/product\/rs019-personalised-gin-bottle-500ml-700ml-750ml-cost#breadcrumb"},"inLanguage":"de","potentialAction":[{"@type":"ReadAction","target":["https:\/\/ruishengglassco.com\/product\/rs019-personalised-gin-bottle-500ml-700ml-750ml-cost"]}]},{"@type":"BreadcrumbList","@id":"https:\/\/ruishengglassco.com\/product\/rs019-personalised-gin-bottle-500ml-700ml-750ml-cost#breadcrumb","itemListElement":[{"@type":"ListItem","position":1,"name":"Home","item":"https:\/\/ruishengglassco.com\/"},{"@type":"ListItem","position":2,"name":"Products","item":"https:\/\/ruishengglassco.com\/products"},{"@type":"ListItem","position":3,"name":"RS019: Personalised Gin Bottle 500ML\/700ML\/750ML Cost"}]},{"@type":"WebSite","@id":"https:\/\/ruishengglassco.com\/#website","url":"https:\/\/ruishengglassco.com\/","name":"Ruisheng Glass","description":"","publisher":{"@id":"https:\/\/ruishengglassco.com\/#organization"},"potentialAction":[{"@type":"SearchAction","target":{"@type":"EntryPoint","urlTemplate":"https:\/\/ruishengglassco.com\/?s={search_term_string}"},"query-input":"required name=search_term_string"}],"inLanguage":"de"},{"@type":"Organization","@id":"https:\/\/ruishengglassco.com\/#organization","name":"Shandong Yuncheng Ruisheng Glass Co., Ltd","url":"https:\/\/ruishengglassco.com\/","logo":{"@type":"ImageObject","inLanguage":"de","@id":"https:\/\/ruishengglassco.com\/#\/schema\/logo\/image\/","url":"https:\/\/ruishengglassco.com\/wp-content\/uploads\/2023\/09\/ruisheng_logo_icon.webp","contentUrl":"https:\/\/ruishengglassco.com\/wp-content\/uploads\/2023\/09\/ruisheng_logo_icon.webp","width":400,"height":233,"caption":"Shandong Yuncheng Ruisheng Glass Co., Ltd"},"image":{"@id":"https:\/\/ruishengglassco.com\/#\/schema\/logo\/image\/"},"sameAs":["https:\/\/www.facebook.com\/ruishengglassbottles","https:\/\/www.instagram.com\/Ruishengglassbottlewholesales\/","https:\/\/www.youtube.com\/channel\/UCMmbMNGwsL-XrtjfSFLCdVQ"]}]}},"_links":{"self":[{"href":"https:\/\/ruishengglassco.com\/de\/wp-json\/wp\/v2\/product\/4353","targetHints":{"allow":["GET"]}}],"collection":[{"href":"https:\/\/ruishengglassco.com\/de\/wp-json\/wp\/v2\/product"}],"about":[{"href":"https:\/\/ruishengglassco.com\/de\/wp-json\/wp\/v2\/types\/product"}],"replies":[{"embeddable":true,"href":"https:\/\/ruishengglassco.com\/de\/wp-json\/wp\/v2\/comments?post=4353"}],"wp:featuredmedia":[{"embeddable":true,"href":"https:\/\/ruishengglassco.com\/de\/wp-json\/wp\/v2\/media\/4354"}],"wp:attachment":[{"href":"https:\/\/ruishengglassco.com\/de\/wp-json\/wp\/v2\/media?parent=4353"}],"wp:term":[{"taxonomy":"product_cat","embeddable":true,"href":"https:\/\/ruishengglassco.com\/de\/wp-json\/wp\/v2\/product_cat?post=4353"}],"curies":[{"name":"wp","href":"https:\/\/api.w.org\/{rel}","templated":true}]}}