{"id":4351,"date":"2025-03-15T21:48:45","date_gmt":"2025-03-15T13:48:45","guid":{"rendered":"https:\/\/ruishengglassco.com\/?post_type=product&#038;p=4351"},"modified":"2025-09-11T16:43:01","modified_gmt":"2025-09-11T08:43:01","slug":"rs020-groshandel-750ml-gin-blaue-flasche-preis-versand-nach-grosbritannien","status":"publish","type":"product","link":"https:\/\/ruishengglassco.com\/de\/produkt\/rs020-groshandel-750ml-gin-blaue-flasche-preis-versand-nach-grosbritannien","title":{"rendered":"RS020: 750ml Gin Blaue Flasche Preis Versand nach Gro\u00dfbritannien"},"content":{"rendered":"<h2>Detaillierte Informationen \u00fcber 750ml Gin Blaue Flasche Preis Versand nach Gro\u00dfbritannien<\/h2>\n<p>Diese Schnapsflasche aus Glas ist haupts\u00e4chlich f\u00fcr trockenen Gin geeignet. Allerdings kann es auch Whiskey, Wodka, Tequila und andere Getr\u00e4nke halten. Unsere Gro\u00dfhandel 750ml Gin blaue Flasche nimmt hohe Feuerstein bleifreies Glasmaterial, das freundlich zu unserer Umwelt, klar, sch\u00f6n und nicht leicht zu brechen ist.<\/p>\n<p>Als ein professioneller Hersteller von Glasflaschen akzeptieren wir OEM\/ODM und kundenspezifische Glasflaschen-Dienstleistungen. Wenn Sie irgendwelche Anforderungen \u00fcber unsere Gro\u00dfhandel Gin Flaschen haben, chatten Sie bitte mit unserem Vertriebsteam.<\/p>\n<ul>\n<li>Produktname: Gro\u00dfhandel 750ml Gin blaue Flasche Preis<\/li>\n<li>Modell-Nummer: RS020<\/li>\n<li>Markenname: RUISHENG<\/li>\n<li>Oberfl\u00e4chenbehandlung: Siebdruck<\/li>\n<li>Industrielle Nutzung: Getr\u00e4nk<\/li>\n<li>Sockelmaterial: Borosilikat-Flintglas<\/li>\n<li>Material des Geh\u00e4uses: Borosilikat-Flintglas<\/li>\n<li>Material der Manschette: Borosilikat-Flintglas<\/li>\n<li>Verschlusstyp: Kork, Schraubverschluss<\/li>\n<li>Herkunftsort: Shandong, China<\/li>\n<li>Material der Flasche: Kristallwei\u00dfes Material: Extrem wei\u00dfes Material<\/li>\n<li>Verwendung: Gin, \u00d6l, Whiskey, Tequila, Wodka, Brandy, Wasser, Getr\u00e4nke, etc.<\/li>\n<li>Flaschenfarbe: Blau oder kundenspezifische Farbe<\/li>\n<li>MOQ: 10000St\u00fcck<\/li>\n<li>Merkmal: Umweltfreundlich Recycelbar, OEM\/ODM verf\u00fcgbar<\/li>\n<li>Versandart: Auf dem Seeweg, auf dem Luftweg, etc.<\/li>\n<li>Dienst: Antwort innerhalb von 12 Stunden<\/li>\n<li>Lieferf\u00e4higkeit: 500000 St\u00fcck\/St\u00fcck pro Tag<\/li>\n<li>Verpackungsdetails: Kundenspezifisches Design Spray Wodka blau Glasflasche 500ml 700ml 750ml gefrostet Lik\u00f6r\/Alkohol\/Spirituosen Glasflasche mit Deckel<\/li>\n<\/ul>\n<ol>\n<li>Standard-Exportkarton mit Kartonzwischenlage<\/li>\n<li>Standard-Exportpalettenverpackung<\/li>\n<li>Standard-Exportkarton + Palettenverpackung<\/li>\n<li>FCG-Kartonverpackung (Der Karton wird in der Fabrik des Kunden zur Verpackung von Spirituosen wiederverwendet)<\/li>\n<\/ol>","protected":false},"excerpt":{"rendered":"<p><span data-preserver-spaces=\"true\">Ruisheng ist ein professioneller Hersteller, Fabrikant, Lieferant und Exporteur von Glasflaschen. Sie bieten Gro\u00dfhandelspreise f\u00fcr 750ml blaue Gin-Flaschen, Versand nach Gro\u00dfbritannien.<\/span><\/p>\n<p><span data-preserver-spaces=\"true\">Gin, auch Genever genannt<\/span><span data-preserver-spaces=\"true\">\uff0c <\/span><span data-preserver-spaces=\"true\">Dry Gin<\/span><span data-preserver-spaces=\"true\">\uff0c <\/span><span data-preserver-spaces=\"true\">London Gin, stammt aus Europa<\/span><span data-preserver-spaces=\"true\">\uff0c <\/span><span data-preserver-spaces=\"true\">insbesondere in S\u00fcdfrankreich, Flandern und den Niederlanden.<\/span><span data-preserver-spaces=\"true\"> Als Ursprungsland des Gins sind diese Regionen zu wichtigen M\u00e4rkten f\u00fcr unsere Glasflaschen geworden, insbesondere das Vereinigte K\u00f6nigreich.<\/span><\/p>\n<h2><strong><span data-preserver-spaces=\"true\">Hier ist die Bestellung Informationen \u00fcber Gro\u00dfhandel 750ml Gin Blue Bottle<\/span><\/strong><\/h2>\n<p><strong><span data-preserver-spaces=\"true\">-MOQ: 10000 PCS (Etwa 10000 St\u00fcck)<\/span><\/strong><\/p>\n<p><span data-preserver-spaces=\"true\">-Gratismuster angeboten. OEM\/ODM verf\u00fcgbar<\/span><\/p>\n<p><span data-preserver-spaces=\"true\">-Globale Lieferung innerhalb von 30 Tagen.<\/span><\/p>\n<p><span data-preserver-spaces=\"true\">Wenn Sie sich<\/span><span data-preserver-spaces=\"true\"> Weitere Informationen \u00fcber Gro\u00dfhandel 750ml Gin blau Flaschen, bitte <\/span><span data-preserver-spaces=\"true\">hinterlassen Sie eine Nachricht f\u00fcr<\/span><span data-preserver-spaces=\"true\"> unser Verkaufsteam.<\/span><\/p>","protected":false},"featured_media":4352,"comment_status":"closed","ping_status":"closed","template":"","meta":[],"product_cat":[40,50],"class_list":{"0":"post-4351","1":"product","2":"type-product","3":"status-publish","4":"has-post-thumbnail","6":"product_cat-750ml-liquor-bottle-manufacturer","7":"product_cat-gin-bottle","9":"first","10":"instock","11":"shipping-taxable","12":"product-type-simple"},"yoast_head":"<!-- This site is optimized with the Yoast SEO plugin v22.0 - https:\/\/yoast.com\/wordpress\/plugins\/seo\/ -->\n<title>750ml Gin Blue Bottle Price Shipping To The UK<\/title>\n<meta name=\"description\" content=\"Do you want to get Wholesale 750ml Gin Blue Bottle Price Shipping To The UK? Click here to get price from Glass Bottle Manufacturer China.\" \/>\n<meta name=\"robots\" content=\"index, follow, max-snippet:-1, max-image-preview:large, max-video-preview:-1\" \/>\n<link rel=\"canonical\" href=\"https:\/\/ruishengglassco.com\/de\/produkt\/rs020-groshandel-750ml-gin-blaue-flasche-preis-versand-nach-grosbritannien\" \/>\n<meta property=\"og:locale\" content=\"de_DE\" \/>\n<meta property=\"og:type\" content=\"article\" \/>\n<meta property=\"og:title\" content=\"750ml Gin Blue Bottle Price Shipping To The UK\" \/>\n<meta property=\"og:description\" content=\"Do you want to get Wholesale 750ml Gin Blue Bottle Price Shipping To The UK? Click here to get price from Glass Bottle Manufacturer China.\" \/>\n<meta property=\"og:url\" content=\"https:\/\/ruishengglassco.com\/de\/produkt\/rs020-groshandel-750ml-gin-blaue-flasche-preis-versand-nach-grosbritannien\" \/>\n<meta property=\"article:publisher\" content=\"https:\/\/www.facebook.com\/ruishengglassbottles\" \/>\n<meta property=\"article:modified_time\" content=\"2025-09-11T08:43:01+00:00\" \/>\n<meta property=\"og:image\" content=\"https:\/\/ruishengglassco.com\/wp-content\/uploads\/2025\/03\/RS020-Wholesale-750ml-Gin-Blue-Bottle-Price-Shipping-To-The-UK.webp\" \/>\n\t<meta property=\"og:image:width\" content=\"800\" \/>\n\t<meta property=\"og:image:height\" content=\"800\" \/>\n\t<meta property=\"og:image:type\" content=\"image\/webp\" \/>\n<meta name=\"twitter:card\" content=\"summary_large_image\" \/>\n<meta name=\"twitter:label1\" content=\"Gesch\u00e4tzte Lesezeit\" \/>\n\t<meta name=\"twitter:data1\" content=\"2\u00a0Minuten\" \/>\n<script type=\"application\/ld+json\" class=\"yoast-schema-graph\">{\"@context\":\"https:\/\/schema.org\",\"@graph\":[{\"@type\":\"WebPage\",\"@id\":\"https:\/\/ruishengglassco.com\/product\/rs020-wholesale-750ml-gin-blue-bottle-price-shipping-to-the-uk\",\"url\":\"https:\/\/ruishengglassco.com\/product\/rs020-wholesale-750ml-gin-blue-bottle-price-shipping-to-the-uk\",\"name\":\"750ml Gin Blue Bottle Price Shipping To The UK\",\"isPartOf\":{\"@id\":\"https:\/\/ruishengglassco.com\/#website\"},\"datePublished\":\"2025-03-15T13:48:45+00:00\",\"dateModified\":\"2025-09-11T08:43:01+00:00\",\"description\":\"Do you want to get Wholesale 750ml Gin Blue Bottle Price Shipping To The UK? Click here to get price from Glass Bottle Manufacturer China.\",\"breadcrumb\":{\"@id\":\"https:\/\/ruishengglassco.com\/product\/rs020-wholesale-750ml-gin-blue-bottle-price-shipping-to-the-uk#breadcrumb\"},\"inLanguage\":\"de\",\"potentialAction\":[{\"@type\":\"ReadAction\",\"target\":[\"https:\/\/ruishengglassco.com\/product\/rs020-wholesale-750ml-gin-blue-bottle-price-shipping-to-the-uk\"]}]},{\"@type\":\"BreadcrumbList\",\"@id\":\"https:\/\/ruishengglassco.com\/product\/rs020-wholesale-750ml-gin-blue-bottle-price-shipping-to-the-uk#breadcrumb\",\"itemListElement\":[{\"@type\":\"ListItem\",\"position\":1,\"name\":\"Home\",\"item\":\"https:\/\/ruishengglassco.com\/\"},{\"@type\":\"ListItem\",\"position\":2,\"name\":\"Products\",\"item\":\"https:\/\/ruishengglassco.com\/products\"},{\"@type\":\"ListItem\",\"position\":3,\"name\":\"RS020: 750ml Gin Blue Bottle Price Shipping To The UK\"}]},{\"@type\":\"WebSite\",\"@id\":\"https:\/\/ruishengglassco.com\/#website\",\"url\":\"https:\/\/ruishengglassco.com\/\",\"name\":\"Ruisheng Glass\",\"description\":\"\",\"publisher\":{\"@id\":\"https:\/\/ruishengglassco.com\/#organization\"},\"potentialAction\":[{\"@type\":\"SearchAction\",\"target\":{\"@type\":\"EntryPoint\",\"urlTemplate\":\"https:\/\/ruishengglassco.com\/?s={search_term_string}\"},\"query-input\":\"required name=search_term_string\"}],\"inLanguage\":\"de\"},{\"@type\":\"Organization\",\"@id\":\"https:\/\/ruishengglassco.com\/#organization\",\"name\":\"Shandong Yuncheng Ruisheng Glass Co., Ltd\",\"url\":\"https:\/\/ruishengglassco.com\/\",\"logo\":{\"@type\":\"ImageObject\",\"inLanguage\":\"de\",\"@id\":\"https:\/\/ruishengglassco.com\/#\/schema\/logo\/image\/\",\"url\":\"https:\/\/ruishengglassco.com\/wp-content\/uploads\/2023\/09\/ruisheng_logo_icon.webp\",\"contentUrl\":\"https:\/\/ruishengglassco.com\/wp-content\/uploads\/2023\/09\/ruisheng_logo_icon.webp\",\"width\":400,\"height\":233,\"caption\":\"Shandong Yuncheng Ruisheng Glass Co., Ltd\"},\"image\":{\"@id\":\"https:\/\/ruishengglassco.com\/#\/schema\/logo\/image\/\"},\"sameAs\":[\"https:\/\/www.facebook.com\/ruishengglassbottles\",\"https:\/\/www.instagram.com\/Ruishengglassbottlewholesales\/\",\"https:\/\/www.youtube.com\/channel\/UCMmbMNGwsL-XrtjfSFLCdVQ\"]}]}<\/script>\n<!-- \/ Yoast SEO plugin. -->","yoast_head_json":{"title":"750ml Gin Blue Bottle Price Shipping To The UK","description":"Do you want to get Wholesale 750ml Gin Blue Bottle Price Shipping To The UK? Click here to get price from Glass Bottle Manufacturer China.","robots":{"index":"index","follow":"follow","max-snippet":"max-snippet:-1","max-image-preview":"max-image-preview:large","max-video-preview":"max-video-preview:-1"},"canonical":"https:\/\/ruishengglassco.com\/de\/produkt\/rs020-groshandel-750ml-gin-blaue-flasche-preis-versand-nach-grosbritannien","og_locale":"de_DE","og_type":"article","og_title":"750ml Gin Blue Bottle Price Shipping To The UK","og_description":"Do you want to get Wholesale 750ml Gin Blue Bottle Price Shipping To The UK? Click here to get price from Glass Bottle Manufacturer China.","og_url":"https:\/\/ruishengglassco.com\/de\/produkt\/rs020-groshandel-750ml-gin-blaue-flasche-preis-versand-nach-grosbritannien","article_publisher":"https:\/\/www.facebook.com\/ruishengglassbottles","article_modified_time":"2025-09-11T08:43:01+00:00","og_image":[{"width":800,"height":800,"url":"https:\/\/ruishengglassco.com\/wp-content\/uploads\/2025\/03\/RS020-Wholesale-750ml-Gin-Blue-Bottle-Price-Shipping-To-The-UK.webp","type":"image\/webp"}],"twitter_card":"summary_large_image","twitter_misc":{"Gesch\u00e4tzte Lesezeit":"2\u00a0Minuten"},"schema":{"@context":"https:\/\/schema.org","@graph":[{"@type":"WebPage","@id":"https:\/\/ruishengglassco.com\/product\/rs020-wholesale-750ml-gin-blue-bottle-price-shipping-to-the-uk","url":"https:\/\/ruishengglassco.com\/product\/rs020-wholesale-750ml-gin-blue-bottle-price-shipping-to-the-uk","name":"750ml Gin Blue Bottle Price Shipping To The UK","isPartOf":{"@id":"https:\/\/ruishengglassco.com\/#website"},"datePublished":"2025-03-15T13:48:45+00:00","dateModified":"2025-09-11T08:43:01+00:00","description":"Do you want to get Wholesale 750ml Gin Blue Bottle Price Shipping To The UK? Click here to get price from Glass Bottle Manufacturer China.","breadcrumb":{"@id":"https:\/\/ruishengglassco.com\/product\/rs020-wholesale-750ml-gin-blue-bottle-price-shipping-to-the-uk#breadcrumb"},"inLanguage":"de","potentialAction":[{"@type":"ReadAction","target":["https:\/\/ruishengglassco.com\/product\/rs020-wholesale-750ml-gin-blue-bottle-price-shipping-to-the-uk"]}]},{"@type":"BreadcrumbList","@id":"https:\/\/ruishengglassco.com\/product\/rs020-wholesale-750ml-gin-blue-bottle-price-shipping-to-the-uk#breadcrumb","itemListElement":[{"@type":"ListItem","position":1,"name":"Home","item":"https:\/\/ruishengglassco.com\/"},{"@type":"ListItem","position":2,"name":"Products","item":"https:\/\/ruishengglassco.com\/products"},{"@type":"ListItem","position":3,"name":"RS020: 750ml Gin Blue Bottle Price Shipping To The UK"}]},{"@type":"WebSite","@id":"https:\/\/ruishengglassco.com\/#website","url":"https:\/\/ruishengglassco.com\/","name":"Ruisheng Glass","description":"","publisher":{"@id":"https:\/\/ruishengglassco.com\/#organization"},"potentialAction":[{"@type":"SearchAction","target":{"@type":"EntryPoint","urlTemplate":"https:\/\/ruishengglassco.com\/?s={search_term_string}"},"query-input":"required name=search_term_string"}],"inLanguage":"de"},{"@type":"Organization","@id":"https:\/\/ruishengglassco.com\/#organization","name":"Shandong Yuncheng Ruisheng Glass Co., Ltd","url":"https:\/\/ruishengglassco.com\/","logo":{"@type":"ImageObject","inLanguage":"de","@id":"https:\/\/ruishengglassco.com\/#\/schema\/logo\/image\/","url":"https:\/\/ruishengglassco.com\/wp-content\/uploads\/2023\/09\/ruisheng_logo_icon.webp","contentUrl":"https:\/\/ruishengglassco.com\/wp-content\/uploads\/2023\/09\/ruisheng_logo_icon.webp","width":400,"height":233,"caption":"Shandong Yuncheng Ruisheng Glass Co., Ltd"},"image":{"@id":"https:\/\/ruishengglassco.com\/#\/schema\/logo\/image\/"},"sameAs":["https:\/\/www.facebook.com\/ruishengglassbottles","https:\/\/www.instagram.com\/Ruishengglassbottlewholesales\/","https:\/\/www.youtube.com\/channel\/UCMmbMNGwsL-XrtjfSFLCdVQ"]}]}},"_links":{"self":[{"href":"https:\/\/ruishengglassco.com\/de\/wp-json\/wp\/v2\/product\/4351","targetHints":{"allow":["GET"]}}],"collection":[{"href":"https:\/\/ruishengglassco.com\/de\/wp-json\/wp\/v2\/product"}],"about":[{"href":"https:\/\/ruishengglassco.com\/de\/wp-json\/wp\/v2\/types\/product"}],"replies":[{"embeddable":true,"href":"https:\/\/ruishengglassco.com\/de\/wp-json\/wp\/v2\/comments?post=4351"}],"wp:featuredmedia":[{"embeddable":true,"href":"https:\/\/ruishengglassco.com\/de\/wp-json\/wp\/v2\/media\/4352"}],"wp:attachment":[{"href":"https:\/\/ruishengglassco.com\/de\/wp-json\/wp\/v2\/media?parent=4351"}],"wp:term":[{"taxonomy":"product_cat","embeddable":true,"href":"https:\/\/ruishengglassco.com\/de\/wp-json\/wp\/v2\/product_cat?post=4351"}],"curies":[{"name":"wp","href":"https:\/\/api.w.org\/{rel}","templated":true}]}}