{"id":4349,"date":"2025-03-15T21:46:38","date_gmt":"2025-03-15T13:46:38","guid":{"rendered":"https:\/\/ruishengglassco.com\/?post_type=product&#038;p=4349"},"modified":"2025-09-11T16:43:24","modified_gmt":"2025-09-11T08:43:24","slug":"rs021-groshandel-spirituosenflaschen-750ml-700ml-fur-rum-gin-whiskey","status":"publish","type":"product","link":"https:\/\/ruishengglassco.com\/de\/produkt\/rs021-groshandel-spirituosenflaschen-750ml-700ml-fur-rum-gin-whiskey","title":{"rendered":"RS021: Lik\u00f6rflaschen 750ml\/700ml f\u00fcr Rum\/Gin\/Whiskey"},"content":{"rendered":"<h2>Detaillierte Informationen \u00fcber Lik\u00f6rflaschen 750ml\/700ml f\u00fcr Rum\/Gin\/Whiskey<\/h2>\n<p>Diese 750-ml-Gro\u00dfhandelsflaschen f\u00fcr Spirituosen bestehen aus hochwertigem Flintglas. Sie sind perfekt f\u00fcr die Verpackung von Lik\u00f6r, Whiskey, Brandy, Rum, Gin und anderen Spirituosen.<\/p>\n<p>Ruisheng ist ein professioneller Hersteller von Glasflaschen. Wir bieten OEM- und ODM-Dienstleistungen f\u00fcr unsere Kunden. Sie k\u00f6nnen Schnapsflaschen, Logos und Etiketten f\u00fcr Ihre Marke anpassen.<\/p>\n<p>Wir hoffen, dass Sie bei Ruisheng die elegantesten Stile und Formen von Glasflaschen finden, die Ihren Anforderungen an die Gro\u00dfproduktion entsprechen. Sie k\u00f6nnen unsere Verkaufsabteilung direkt erreichen, indem Sie hier klicken und unserem Verkaufsteam mitteilen, wonach Sie suchen.<\/p>\n<ul>\n<li>Modell Name: Gro\u00dfhandel Lik\u00f6r Flasche 750ml<\/li>\n<li>Modellnummer: Ruisheng021<\/li>\n<li>Markenname: RUISHENG<\/li>\n<li><strong>MOQ: 10000St\u00fcck<\/strong><\/li>\n<li>Fassungsverm\u00f6gen:500ml\/700ml\/750ml\/angepasst<\/li>\n<li>Oberfl\u00e4chenbehandlung: Hei\u00dfpr\u00e4gung, Frost, Abziehbild, Pr\u00e4gung, Siebdruck<\/li>\n<li>Material: Super Flint Glas<\/li>\n<li>Material des Halsbandes: Klarglasflasche<\/li>\n<li>Verschlusstyp: Schraubverschluss, Kork, Glasverschluss, Twist-off-Verschluss<\/li>\n<li>Verwendung: Rum\/Gin\/Whiskey-Flasche<\/li>\n<li>Herkunftsort: Shandong, China<\/li>\n<li>Verpackung: Standard-Exportkartons und Paletten<\/li>\n<li>Dienstleistung: OEM\/ODM-Dienst<\/li>\n<\/ul>","protected":false},"excerpt":{"rendered":"<p data-block-id=\"3bfc9317-b20e-48b2-b67a-5754d036edf6\" data-pm-slice=\"1 1 []\">Ruisheng ist ein f\u00fchrender Glasflaschenhersteller in China. Sie bieten 750ml Gro\u00dfhandel Spirituosenflaschen f\u00fcr Chateaus, Spirituosenmarken und Unternehmen. Wir haben \u00fcber 10 Jahre Erfahrung in der Herstellung von Glasflaschen f\u00fcr Spirituosen. Unsere Flaschen sind auf dem Markt anerkannt und werden in die USA, Kanada, Frankreich, Gro\u00dfbritannien, Japan, S\u00fcdkorea und \u00fcber 20 weitere L\u00e4nder und Regionen exportiert.<\/p>\n<h2>Hier ist die Bestellung Informationen \u00fcber Gro\u00dfhandel Spirituosenflaschen 750ml<\/h2>\n<ul>\n<li>Nr.:Ruisheng-1008<\/li>\n<li><strong>MOQ: 10000PCS<\/strong><\/li>\n<li>Material: Superflintglas<\/li>\n<li><strong>Angebotener OEM\/ODM-Service<\/strong><\/li>\n<li>Verschlusstyp: Korkverschluss\/Schraubverschluss<\/li>\n<li>Spezifikation: 50ml-1500ml<\/li>\n<li>Verpackungsmethode: Standard-Export-Verpackung oder kundenspezifische Verpackung<\/li>\n<li>Lieferzeit: Innerhalb von 20-30 Tagen je nach gew\u00fcnschter Gr\u00f6\u00dfe und Menge.<\/li>\n<\/ul>\n<p>Wenn Sie Gro\u00dfhandel Spirituosenflaschen Preis erhalten m\u00f6chten, klicken Sie bitte hier, um uns zu kontaktieren.<\/p>","protected":false},"featured_media":4350,"comment_status":"closed","ping_status":"closed","template":"","meta":[],"product_cat":[44,40,50,57],"class_list":{"0":"post-4349","1":"product","2":"type-product","3":"status-publish","4":"has-post-thumbnail","6":"product_cat-700ml-liquor-bottle-manufacturer","7":"product_cat-750ml-liquor-bottle-manufacturer","8":"product_cat-gin-bottle","9":"product_cat-rum-bottle","11":"first","12":"instock","13":"shipping-taxable","14":"product-type-simple"},"yoast_head":"<!-- This site is optimized with the Yoast SEO plugin v22.0 - https:\/\/yoast.com\/wordpress\/plugins\/seo\/ -->\n<title>Liquor Bottles 750ml | Glass Bottle Manufacturing Companies<\/title>\n<meta name=\"description\" content=\"Ruisheng, One of the leading glass bottle manufacturing companies in China, provide wholesale liquor bottles 750ml in cheap price.\" \/>\n<meta name=\"robots\" content=\"index, follow, max-snippet:-1, max-image-preview:large, max-video-preview:-1\" \/>\n<link rel=\"canonical\" href=\"https:\/\/ruishengglassco.com\/de\/produkt\/rs021-groshandel-spirituosenflaschen-750ml-700ml-fur-rum-gin-whiskey\" \/>\n<meta property=\"og:locale\" content=\"de_DE\" \/>\n<meta property=\"og:type\" content=\"article\" \/>\n<meta property=\"og:title\" content=\"Liquor Bottles 750ml | Glass Bottle Manufacturing Companies\" \/>\n<meta property=\"og:description\" content=\"Ruisheng, One of the leading glass bottle manufacturing companies in China, provide wholesale liquor bottles 750ml in cheap price.\" \/>\n<meta property=\"og:url\" content=\"https:\/\/ruishengglassco.com\/de\/produkt\/rs021-groshandel-spirituosenflaschen-750ml-700ml-fur-rum-gin-whiskey\" \/>\n<meta property=\"article:publisher\" content=\"https:\/\/www.facebook.com\/ruishengglassbottles\" \/>\n<meta property=\"article:modified_time\" content=\"2025-09-11T08:43:24+00:00\" \/>\n<meta property=\"og:image\" content=\"https:\/\/ruishengglassco.com\/wp-content\/uploads\/2025\/03\/RS021-Wholesale-Liquor-Bottles-750ml-700ml-For-Rum-Gin-Whiskey.webp\" \/>\n\t<meta property=\"og:image:width\" content=\"800\" \/>\n\t<meta property=\"og:image:height\" content=\"800\" \/>\n\t<meta property=\"og:image:type\" content=\"image\/webp\" \/>\n<meta name=\"twitter:card\" content=\"summary_large_image\" \/>\n<meta name=\"twitter:label1\" content=\"Gesch\u00e4tzte Lesezeit\" \/>\n\t<meta name=\"twitter:data1\" content=\"1\u00a0Minute\" \/>\n<script type=\"application\/ld+json\" class=\"yoast-schema-graph\">{\"@context\":\"https:\/\/schema.org\",\"@graph\":[{\"@type\":\"WebPage\",\"@id\":\"https:\/\/ruishengglassco.com\/product\/rs021-wholesale-liquor-bottles-750ml-700ml-for-rum-gin-whiskey\",\"url\":\"https:\/\/ruishengglassco.com\/product\/rs021-wholesale-liquor-bottles-750ml-700ml-for-rum-gin-whiskey\",\"name\":\"Liquor Bottles 750ml | Glass Bottle Manufacturing Companies\",\"isPartOf\":{\"@id\":\"https:\/\/ruishengglassco.com\/#website\"},\"datePublished\":\"2025-03-15T13:46:38+00:00\",\"dateModified\":\"2025-09-11T08:43:24+00:00\",\"description\":\"Ruisheng, One of the leading glass bottle manufacturing companies in China, provide wholesale liquor bottles 750ml in cheap price.\",\"breadcrumb\":{\"@id\":\"https:\/\/ruishengglassco.com\/product\/rs021-wholesale-liquor-bottles-750ml-700ml-for-rum-gin-whiskey#breadcrumb\"},\"inLanguage\":\"de\",\"potentialAction\":[{\"@type\":\"ReadAction\",\"target\":[\"https:\/\/ruishengglassco.com\/product\/rs021-wholesale-liquor-bottles-750ml-700ml-for-rum-gin-whiskey\"]}]},{\"@type\":\"BreadcrumbList\",\"@id\":\"https:\/\/ruishengglassco.com\/product\/rs021-wholesale-liquor-bottles-750ml-700ml-for-rum-gin-whiskey#breadcrumb\",\"itemListElement\":[{\"@type\":\"ListItem\",\"position\":1,\"name\":\"Home\",\"item\":\"https:\/\/ruishengglassco.com\/\"},{\"@type\":\"ListItem\",\"position\":2,\"name\":\"Products\",\"item\":\"https:\/\/ruishengglassco.com\/products\"},{\"@type\":\"ListItem\",\"position\":3,\"name\":\"RS021: Liquor Bottles 750ml\/700ml For Rum\/Gin\/ Whiskey\"}]},{\"@type\":\"WebSite\",\"@id\":\"https:\/\/ruishengglassco.com\/#website\",\"url\":\"https:\/\/ruishengglassco.com\/\",\"name\":\"Ruisheng Glass\",\"description\":\"\",\"publisher\":{\"@id\":\"https:\/\/ruishengglassco.com\/#organization\"},\"potentialAction\":[{\"@type\":\"SearchAction\",\"target\":{\"@type\":\"EntryPoint\",\"urlTemplate\":\"https:\/\/ruishengglassco.com\/?s={search_term_string}\"},\"query-input\":\"required name=search_term_string\"}],\"inLanguage\":\"de\"},{\"@type\":\"Organization\",\"@id\":\"https:\/\/ruishengglassco.com\/#organization\",\"name\":\"Shandong Yuncheng Ruisheng Glass Co., Ltd\",\"url\":\"https:\/\/ruishengglassco.com\/\",\"logo\":{\"@type\":\"ImageObject\",\"inLanguage\":\"de\",\"@id\":\"https:\/\/ruishengglassco.com\/#\/schema\/logo\/image\/\",\"url\":\"https:\/\/ruishengglassco.com\/wp-content\/uploads\/2023\/09\/ruisheng_logo_icon.webp\",\"contentUrl\":\"https:\/\/ruishengglassco.com\/wp-content\/uploads\/2023\/09\/ruisheng_logo_icon.webp\",\"width\":400,\"height\":233,\"caption\":\"Shandong Yuncheng Ruisheng Glass Co., Ltd\"},\"image\":{\"@id\":\"https:\/\/ruishengglassco.com\/#\/schema\/logo\/image\/\"},\"sameAs\":[\"https:\/\/www.facebook.com\/ruishengglassbottles\",\"https:\/\/www.instagram.com\/Ruishengglassbottlewholesales\/\",\"https:\/\/www.youtube.com\/channel\/UCMmbMNGwsL-XrtjfSFLCdVQ\"]}]}<\/script>\n<!-- \/ Yoast SEO plugin. -->","yoast_head_json":{"title":"Liquor Bottles 750ml | Glass Bottle Manufacturing Companies","description":"Ruisheng, One of the leading glass bottle manufacturing companies in China, provide wholesale liquor bottles 750ml in cheap price.","robots":{"index":"index","follow":"follow","max-snippet":"max-snippet:-1","max-image-preview":"max-image-preview:large","max-video-preview":"max-video-preview:-1"},"canonical":"https:\/\/ruishengglassco.com\/de\/produkt\/rs021-groshandel-spirituosenflaschen-750ml-700ml-fur-rum-gin-whiskey","og_locale":"de_DE","og_type":"article","og_title":"Liquor Bottles 750ml | Glass Bottle Manufacturing Companies","og_description":"Ruisheng, One of the leading glass bottle manufacturing companies in China, provide wholesale liquor bottles 750ml in cheap price.","og_url":"https:\/\/ruishengglassco.com\/de\/produkt\/rs021-groshandel-spirituosenflaschen-750ml-700ml-fur-rum-gin-whiskey","article_publisher":"https:\/\/www.facebook.com\/ruishengglassbottles","article_modified_time":"2025-09-11T08:43:24+00:00","og_image":[{"width":800,"height":800,"url":"https:\/\/ruishengglassco.com\/wp-content\/uploads\/2025\/03\/RS021-Wholesale-Liquor-Bottles-750ml-700ml-For-Rum-Gin-Whiskey.webp","type":"image\/webp"}],"twitter_card":"summary_large_image","twitter_misc":{"Gesch\u00e4tzte Lesezeit":"1\u00a0Minute"},"schema":{"@context":"https:\/\/schema.org","@graph":[{"@type":"WebPage","@id":"https:\/\/ruishengglassco.com\/product\/rs021-wholesale-liquor-bottles-750ml-700ml-for-rum-gin-whiskey","url":"https:\/\/ruishengglassco.com\/product\/rs021-wholesale-liquor-bottles-750ml-700ml-for-rum-gin-whiskey","name":"Liquor Bottles 750ml | Glass Bottle Manufacturing Companies","isPartOf":{"@id":"https:\/\/ruishengglassco.com\/#website"},"datePublished":"2025-03-15T13:46:38+00:00","dateModified":"2025-09-11T08:43:24+00:00","description":"Ruisheng, One of the leading glass bottle manufacturing companies in China, provide wholesale liquor bottles 750ml in cheap price.","breadcrumb":{"@id":"https:\/\/ruishengglassco.com\/product\/rs021-wholesale-liquor-bottles-750ml-700ml-for-rum-gin-whiskey#breadcrumb"},"inLanguage":"de","potentialAction":[{"@type":"ReadAction","target":["https:\/\/ruishengglassco.com\/product\/rs021-wholesale-liquor-bottles-750ml-700ml-for-rum-gin-whiskey"]}]},{"@type":"BreadcrumbList","@id":"https:\/\/ruishengglassco.com\/product\/rs021-wholesale-liquor-bottles-750ml-700ml-for-rum-gin-whiskey#breadcrumb","itemListElement":[{"@type":"ListItem","position":1,"name":"Home","item":"https:\/\/ruishengglassco.com\/"},{"@type":"ListItem","position":2,"name":"Products","item":"https:\/\/ruishengglassco.com\/products"},{"@type":"ListItem","position":3,"name":"RS021: Liquor Bottles 750ml\/700ml For Rum\/Gin\/ Whiskey"}]},{"@type":"WebSite","@id":"https:\/\/ruishengglassco.com\/#website","url":"https:\/\/ruishengglassco.com\/","name":"Ruisheng Glass","description":"","publisher":{"@id":"https:\/\/ruishengglassco.com\/#organization"},"potentialAction":[{"@type":"SearchAction","target":{"@type":"EntryPoint","urlTemplate":"https:\/\/ruishengglassco.com\/?s={search_term_string}"},"query-input":"required name=search_term_string"}],"inLanguage":"de"},{"@type":"Organization","@id":"https:\/\/ruishengglassco.com\/#organization","name":"Shandong Yuncheng Ruisheng Glass Co., Ltd","url":"https:\/\/ruishengglassco.com\/","logo":{"@type":"ImageObject","inLanguage":"de","@id":"https:\/\/ruishengglassco.com\/#\/schema\/logo\/image\/","url":"https:\/\/ruishengglassco.com\/wp-content\/uploads\/2023\/09\/ruisheng_logo_icon.webp","contentUrl":"https:\/\/ruishengglassco.com\/wp-content\/uploads\/2023\/09\/ruisheng_logo_icon.webp","width":400,"height":233,"caption":"Shandong Yuncheng Ruisheng Glass Co., Ltd"},"image":{"@id":"https:\/\/ruishengglassco.com\/#\/schema\/logo\/image\/"},"sameAs":["https:\/\/www.facebook.com\/ruishengglassbottles","https:\/\/www.instagram.com\/Ruishengglassbottlewholesales\/","https:\/\/www.youtube.com\/channel\/UCMmbMNGwsL-XrtjfSFLCdVQ"]}]}},"_links":{"self":[{"href":"https:\/\/ruishengglassco.com\/de\/wp-json\/wp\/v2\/product\/4349","targetHints":{"allow":["GET"]}}],"collection":[{"href":"https:\/\/ruishengglassco.com\/de\/wp-json\/wp\/v2\/product"}],"about":[{"href":"https:\/\/ruishengglassco.com\/de\/wp-json\/wp\/v2\/types\/product"}],"replies":[{"embeddable":true,"href":"https:\/\/ruishengglassco.com\/de\/wp-json\/wp\/v2\/comments?post=4349"}],"wp:featuredmedia":[{"embeddable":true,"href":"https:\/\/ruishengglassco.com\/de\/wp-json\/wp\/v2\/media\/4350"}],"wp:attachment":[{"href":"https:\/\/ruishengglassco.com\/de\/wp-json\/wp\/v2\/media?parent=4349"}],"wp:term":[{"taxonomy":"product_cat","embeddable":true,"href":"https:\/\/ruishengglassco.com\/de\/wp-json\/wp\/v2\/product_cat?post=4349"}],"curies":[{"name":"wp","href":"https:\/\/api.w.org\/{rel}","templated":true}]}}