{"id":4348,"date":"2025-03-15T21:37:28","date_gmt":"2025-03-15T13:37:28","guid":{"rendered":"https:\/\/ruishengglassco.com\/?post_type=product&#038;p=4348"},"modified":"2025-07-17T14:47:59","modified_gmt":"2025-07-17T06:47:59","slug":"rs022-benutzerdefinierte-750ml-glasflasche-fur-xo-brandy-whisky","status":"publish","type":"product","link":"https:\/\/ruishengglassco.com\/de\/produkt\/rs022-benutzerdefinierte-750ml-glasflasche-fur-xo-brandy-whisky","title":{"rendered":"RS022 Individuelle 750ml Glasflasche f\u00fcr XO\/Brandy\/Whisky"},"content":{"rendered":"<h2>Detaillierte Informationen \u00fcber benutzerdefinierte 750ml Glasflasche f\u00fcr XO\/Brandy\/Whisky<\/h2>\n<p><span data-preserver-spaces=\"true\">Diese Serie kundenspezifischer 750ml-Glasflaschen ist haupts\u00e4chlich f\u00fcr XO\/Brandy\/Whisky<\/span><span data-preserver-spaces=\"true\">. Personalisierte<\/span><span data-preserver-spaces=\"true\"> Glasflasche, die von dem Chefdesigner Giugiaro von der K\u00f6niglichen Belgischen Akademie entworfen wurde. Das einzigartige Design zieht Menschen an, die es zum ersten Mal sehen.<\/span><\/p>\n<p><span data-preserver-spaces=\"true\">Die individuelle 750-ml-Glasflasche <\/span><span data-preserver-spaces=\"true\">hergestellt wird<\/span><span data-preserver-spaces=\"true\"> unter Verwendung des weltweit fortschrittlichsten automatisierten Verfahrens zur Herstellung von Glasflaschen. Sie wurde aus hochwertigem Flintglas hergestellt, um den raffinierten Charakter der Marke zu unterstreichen.<\/span><\/p>\n<p><span data-preserver-spaces=\"true\">Als professioneller Hersteller und Fabrik f\u00fcr Spirituosenflaschen bietet unser Unternehmen auch OEM\/ODM-Dienstleistungen f\u00fcr Spirituosenmarken und Unternehmen an. <\/span><span data-preserver-spaces=\"true\">Wir <\/span><span data-preserver-spaces=\"true\">anbieten.<\/span><span data-preserver-spaces=\"true\"> Kunden <\/span><span data-preserver-spaces=\"true\">mit<\/span> <span data-preserver-spaces=\"true\">kostenlos<\/span><span data-preserver-spaces=\"true\"> Formen f\u00fcr Glasflaschen zur Auswahl.<\/span><span data-preserver-spaces=\"true\"> Sie kann auch <\/span><span data-preserver-spaces=\"true\">hergestellt werden<\/span><span data-preserver-spaces=\"true\"> nach den vom Benutzer zur Verf\u00fcgung gestellten Zeichnungen.<\/span><\/p>\n<h4><span data-preserver-spaces=\"true\">Kundenbelange<\/span><\/h4>\n<ol>\n<li><strong><span data-preserver-spaces=\"true\">Die MOQ der benutzerdefinierten 750ml Glasflasche\u00a0<\/span><\/strong><\/li>\n<\/ol>\n<p><span data-preserver-spaces=\"true\">Als professioneller Hersteller von Whiskeyflaschen bieten wir einen Gro\u00dfhandelsservice f\u00fcr kundenspezifische 750-ml-Glasflaschen an, jedoch nicht zu Einzelhandelspreisen. Angesichts unseres Kundenstamms, der Verpackung, des Versands und anderer Faktoren ist unser <\/span><strong><span data-preserver-spaces=\"true\">MOQ ist 10000 PCS\uff08Rund 20000 St\u00fcck)<\/span><\/strong><\/p>\n<p><strong><span data-preserver-spaces=\"true\">2. \u00dcber die Verpackung<\/span><\/strong><\/p>\n<p><span data-preserver-spaces=\"true\">Wie wir alle wissen, sind Glasflaschen zerbrechliche Waren, so dass wir auf die Verpackung achten m\u00fcssen. Wir verwenden sichere Verpackungsmethoden, wie z. B. Innenkarton Gro\u00dfverpackung \/ Farbe Box \/ wei\u00dfe Box \/ Display-Box \/ Standard-Export-Palette, auf Wunsch des Kunden.<\/span><\/p>\n<p><strong><span data-preserver-spaces=\"true\">3. \u00dcber Lieferzeiten<\/span><\/strong><\/p>\n<ul>\n<li><span data-preserver-spaces=\"true\">F\u00fcr fertige Ware: 7 Tage nach Zahlungseingang.<\/span><\/li>\n<li><span data-preserver-spaces=\"true\">F\u00fcr nicht vorr\u00e4tige Produkte: 25<\/span><span data-preserver-spaces=\"true\"> ~ <\/span><span data-preserver-spaces=\"true\">40 Tage nach <\/span><span data-preserver-spaces=\"true\">Zahlungseingang<\/span><span data-preserver-spaces=\"true\">.<\/span><\/li>\n<\/ul>","protected":false},"excerpt":{"rendered":"<p>Benutzerdefinierte 750ml Glasflasche f\u00fcr XO, Brandy, Whisky aus China Top Liquor Flasche Hersteller- Ruisheng. Ruisheng ist ein professioneller Hersteller von Glasflaschen. Sie haben \u00fcber 10 Jahre Erfahrung in der Entwicklung und Herstellung von Glasflaschen. Unsere 750ml Glasflasche Gro\u00dfhandel ist vor allem f\u00fcr Lik\u00f6r, Whisky, Brandy, XO, Cognac und Tequila Verpackung konzipiert.<\/p>\n<p>Bestellinformationen \u00fcber benutzerdefinierte 750ml Glasflasche f\u00fcr XO, Brandy, Whisky<\/p>\n<ul>\n<li><strong>MOQ: 10000 PCS (Etwa 20000 St\u00fcck)<\/strong><\/li>\n<li>Fassungsverm\u00f6gen: 750 ml (kundenspezifischer Service verf\u00fcgbar)<\/li>\n<li>Farbe: Transparent<\/li>\n<li>Kundenspezifischer Service wird angeboten: Gr\u00f6\u00dfe, Fassungsverm\u00f6gen, Muster, Farbe, Stopfen, Logo, Aufdruck, etc.<\/li>\n<\/ul>\n<p>Wenn Sie eine individuelle Glasflasche f\u00fcr Ihre Marke w\u00fcnschen, k\u00f6nnen Sie uns gerne kontaktieren.<\/p>","protected":false},"featured_media":4142,"comment_status":"closed","ping_status":"closed","template":"","meta":[],"product_cat":[40,54,56],"class_list":{"0":"post-4348","1":"product","2":"type-product","3":"status-publish","4":"has-post-thumbnail","6":"product_cat-750ml-liquor-bottle-manufacturer","7":"product_cat-whiskey-bottle","8":"product_cat-xo-brandy-bottle","10":"first","11":"instock","12":"shipping-taxable","13":"product-type-simple"},"yoast_head":"<!-- This site is optimized with the Yoast SEO plugin v22.0 - https:\/\/yoast.com\/wordpress\/plugins\/seo\/ -->\n<title>RS022 Custom 750ml Glass Bottle For XO\/Brandy\/Whisky -<\/title>\n<meta name=\"description\" content=\"Custom 750ml Glass Bottle For XO\/Brandy\/Whisky From China Top Glass Bottle Manufacturer. Factory Outlet&amp;Free Sample Offered.\" \/>\n<meta name=\"robots\" content=\"index, follow, max-snippet:-1, max-image-preview:large, max-video-preview:-1\" \/>\n<link rel=\"canonical\" href=\"https:\/\/ruishengglassco.com\/de\/produkt\/rs022-benutzerdefinierte-750ml-glasflasche-fur-xo-brandy-whisky\" \/>\n<meta property=\"og:locale\" content=\"de_DE\" \/>\n<meta property=\"og:type\" content=\"article\" \/>\n<meta property=\"og:title\" content=\"RS022 Custom 750ml Glass Bottle For XO\/Brandy\/Whisky -\" \/>\n<meta property=\"og:description\" content=\"Custom 750ml Glass Bottle For XO\/Brandy\/Whisky From China Top Glass Bottle Manufacturer. Factory Outlet&amp;Free Sample Offered.\" \/>\n<meta property=\"og:url\" content=\"https:\/\/ruishengglassco.com\/de\/produkt\/rs022-benutzerdefinierte-750ml-glasflasche-fur-xo-brandy-whisky\" \/>\n<meta property=\"article:publisher\" content=\"https:\/\/www.facebook.com\/ruishengglassbottles\" \/>\n<meta property=\"article:modified_time\" content=\"2025-07-17T06:47:59+00:00\" \/>\n<meta property=\"og:image\" content=\"https:\/\/ruishengglassco.com\/wp-content\/uploads\/2025\/03\/Transparent-750ml-XO-Bottle.webp\" \/>\n\t<meta property=\"og:image:width\" content=\"800\" \/>\n\t<meta property=\"og:image:height\" content=\"800\" \/>\n\t<meta property=\"og:image:type\" content=\"image\/webp\" \/>\n<meta name=\"twitter:card\" content=\"summary_large_image\" \/>\n<meta name=\"twitter:label1\" content=\"Gesch\u00e4tzte Lesezeit\" \/>\n\t<meta name=\"twitter:data1\" content=\"2\u00a0Minuten\" \/>\n<script type=\"application\/ld+json\" class=\"yoast-schema-graph\">{\"@context\":\"https:\/\/schema.org\",\"@graph\":[{\"@type\":\"WebPage\",\"@id\":\"https:\/\/ruishengglassco.com\/product\/rs022-custom-750ml-glass-bottle-for-xo-brandy-whisky\",\"url\":\"https:\/\/ruishengglassco.com\/product\/rs022-custom-750ml-glass-bottle-for-xo-brandy-whisky\",\"name\":\"RS022 Custom 750ml Glass Bottle For XO\/Brandy\/Whisky -\",\"isPartOf\":{\"@id\":\"https:\/\/ruishengglassco.com\/#website\"},\"datePublished\":\"2025-03-15T13:37:28+00:00\",\"dateModified\":\"2025-07-17T06:47:59+00:00\",\"description\":\"Custom 750ml Glass Bottle For XO\/Brandy\/Whisky From China Top Glass Bottle Manufacturer. Factory Outlet&Free Sample Offered.\",\"breadcrumb\":{\"@id\":\"https:\/\/ruishengglassco.com\/product\/rs022-custom-750ml-glass-bottle-for-xo-brandy-whisky#breadcrumb\"},\"inLanguage\":\"de\",\"potentialAction\":[{\"@type\":\"ReadAction\",\"target\":[\"https:\/\/ruishengglassco.com\/product\/rs022-custom-750ml-glass-bottle-for-xo-brandy-whisky\"]}]},{\"@type\":\"BreadcrumbList\",\"@id\":\"https:\/\/ruishengglassco.com\/product\/rs022-custom-750ml-glass-bottle-for-xo-brandy-whisky#breadcrumb\",\"itemListElement\":[{\"@type\":\"ListItem\",\"position\":1,\"name\":\"Home\",\"item\":\"https:\/\/ruishengglassco.com\/\"},{\"@type\":\"ListItem\",\"position\":2,\"name\":\"Products\",\"item\":\"https:\/\/ruishengglassco.com\/products\"},{\"@type\":\"ListItem\",\"position\":3,\"name\":\"RS022 Custom 750ml Glass Bottle For XO\/Brandy\/Whisky\"}]},{\"@type\":\"WebSite\",\"@id\":\"https:\/\/ruishengglassco.com\/#website\",\"url\":\"https:\/\/ruishengglassco.com\/\",\"name\":\"Ruisheng Glass\",\"description\":\"\",\"publisher\":{\"@id\":\"https:\/\/ruishengglassco.com\/#organization\"},\"potentialAction\":[{\"@type\":\"SearchAction\",\"target\":{\"@type\":\"EntryPoint\",\"urlTemplate\":\"https:\/\/ruishengglassco.com\/?s={search_term_string}\"},\"query-input\":\"required name=search_term_string\"}],\"inLanguage\":\"de\"},{\"@type\":\"Organization\",\"@id\":\"https:\/\/ruishengglassco.com\/#organization\",\"name\":\"Shandong Yuncheng Ruisheng Glass Co., Ltd\",\"url\":\"https:\/\/ruishengglassco.com\/\",\"logo\":{\"@type\":\"ImageObject\",\"inLanguage\":\"de\",\"@id\":\"https:\/\/ruishengglassco.com\/#\/schema\/logo\/image\/\",\"url\":\"https:\/\/ruishengglassco.com\/wp-content\/uploads\/2023\/09\/ruisheng_logo_icon.webp\",\"contentUrl\":\"https:\/\/ruishengglassco.com\/wp-content\/uploads\/2023\/09\/ruisheng_logo_icon.webp\",\"width\":400,\"height\":233,\"caption\":\"Shandong Yuncheng Ruisheng Glass Co., Ltd\"},\"image\":{\"@id\":\"https:\/\/ruishengglassco.com\/#\/schema\/logo\/image\/\"},\"sameAs\":[\"https:\/\/www.facebook.com\/ruishengglassbottles\",\"https:\/\/www.instagram.com\/Ruishengglassbottlewholesales\/\",\"https:\/\/www.youtube.com\/channel\/UCMmbMNGwsL-XrtjfSFLCdVQ\"]}]}<\/script>\n<!-- \/ Yoast SEO plugin. -->","yoast_head_json":{"title":"RS022 Custom 750ml Glass Bottle For XO\/Brandy\/Whisky -","description":"Custom 750ml Glass Bottle For XO\/Brandy\/Whisky From China Top Glass Bottle Manufacturer. Factory Outlet&Free Sample Offered.","robots":{"index":"index","follow":"follow","max-snippet":"max-snippet:-1","max-image-preview":"max-image-preview:large","max-video-preview":"max-video-preview:-1"},"canonical":"https:\/\/ruishengglassco.com\/de\/produkt\/rs022-benutzerdefinierte-750ml-glasflasche-fur-xo-brandy-whisky","og_locale":"de_DE","og_type":"article","og_title":"RS022 Custom 750ml Glass Bottle For XO\/Brandy\/Whisky -","og_description":"Custom 750ml Glass Bottle For XO\/Brandy\/Whisky From China Top Glass Bottle Manufacturer. Factory Outlet&Free Sample Offered.","og_url":"https:\/\/ruishengglassco.com\/de\/produkt\/rs022-benutzerdefinierte-750ml-glasflasche-fur-xo-brandy-whisky","article_publisher":"https:\/\/www.facebook.com\/ruishengglassbottles","article_modified_time":"2025-07-17T06:47:59+00:00","og_image":[{"width":800,"height":800,"url":"https:\/\/ruishengglassco.com\/wp-content\/uploads\/2025\/03\/Transparent-750ml-XO-Bottle.webp","type":"image\/webp"}],"twitter_card":"summary_large_image","twitter_misc":{"Gesch\u00e4tzte Lesezeit":"2\u00a0Minuten"},"schema":{"@context":"https:\/\/schema.org","@graph":[{"@type":"WebPage","@id":"https:\/\/ruishengglassco.com\/product\/rs022-custom-750ml-glass-bottle-for-xo-brandy-whisky","url":"https:\/\/ruishengglassco.com\/product\/rs022-custom-750ml-glass-bottle-for-xo-brandy-whisky","name":"RS022 Custom 750ml Glass Bottle For XO\/Brandy\/Whisky -","isPartOf":{"@id":"https:\/\/ruishengglassco.com\/#website"},"datePublished":"2025-03-15T13:37:28+00:00","dateModified":"2025-07-17T06:47:59+00:00","description":"Custom 750ml Glass Bottle For XO\/Brandy\/Whisky From China Top Glass Bottle Manufacturer. Factory Outlet&Free Sample Offered.","breadcrumb":{"@id":"https:\/\/ruishengglassco.com\/product\/rs022-custom-750ml-glass-bottle-for-xo-brandy-whisky#breadcrumb"},"inLanguage":"de","potentialAction":[{"@type":"ReadAction","target":["https:\/\/ruishengglassco.com\/product\/rs022-custom-750ml-glass-bottle-for-xo-brandy-whisky"]}]},{"@type":"BreadcrumbList","@id":"https:\/\/ruishengglassco.com\/product\/rs022-custom-750ml-glass-bottle-for-xo-brandy-whisky#breadcrumb","itemListElement":[{"@type":"ListItem","position":1,"name":"Home","item":"https:\/\/ruishengglassco.com\/"},{"@type":"ListItem","position":2,"name":"Products","item":"https:\/\/ruishengglassco.com\/products"},{"@type":"ListItem","position":3,"name":"RS022 Custom 750ml Glass Bottle For XO\/Brandy\/Whisky"}]},{"@type":"WebSite","@id":"https:\/\/ruishengglassco.com\/#website","url":"https:\/\/ruishengglassco.com\/","name":"Ruisheng Glass","description":"","publisher":{"@id":"https:\/\/ruishengglassco.com\/#organization"},"potentialAction":[{"@type":"SearchAction","target":{"@type":"EntryPoint","urlTemplate":"https:\/\/ruishengglassco.com\/?s={search_term_string}"},"query-input":"required name=search_term_string"}],"inLanguage":"de"},{"@type":"Organization","@id":"https:\/\/ruishengglassco.com\/#organization","name":"Shandong Yuncheng Ruisheng Glass Co., Ltd","url":"https:\/\/ruishengglassco.com\/","logo":{"@type":"ImageObject","inLanguage":"de","@id":"https:\/\/ruishengglassco.com\/#\/schema\/logo\/image\/","url":"https:\/\/ruishengglassco.com\/wp-content\/uploads\/2023\/09\/ruisheng_logo_icon.webp","contentUrl":"https:\/\/ruishengglassco.com\/wp-content\/uploads\/2023\/09\/ruisheng_logo_icon.webp","width":400,"height":233,"caption":"Shandong Yuncheng Ruisheng Glass Co., Ltd"},"image":{"@id":"https:\/\/ruishengglassco.com\/#\/schema\/logo\/image\/"},"sameAs":["https:\/\/www.facebook.com\/ruishengglassbottles","https:\/\/www.instagram.com\/Ruishengglassbottlewholesales\/","https:\/\/www.youtube.com\/channel\/UCMmbMNGwsL-XrtjfSFLCdVQ"]}]}},"_links":{"self":[{"href":"https:\/\/ruishengglassco.com\/de\/wp-json\/wp\/v2\/product\/4348","targetHints":{"allow":["GET"]}}],"collection":[{"href":"https:\/\/ruishengglassco.com\/de\/wp-json\/wp\/v2\/product"}],"about":[{"href":"https:\/\/ruishengglassco.com\/de\/wp-json\/wp\/v2\/types\/product"}],"replies":[{"embeddable":true,"href":"https:\/\/ruishengglassco.com\/de\/wp-json\/wp\/v2\/comments?post=4348"}],"wp:featuredmedia":[{"embeddable":true,"href":"https:\/\/ruishengglassco.com\/de\/wp-json\/wp\/v2\/media\/4142"}],"wp:attachment":[{"href":"https:\/\/ruishengglassco.com\/de\/wp-json\/wp\/v2\/media?parent=4348"}],"wp:term":[{"taxonomy":"product_cat","embeddable":true,"href":"https:\/\/ruishengglassco.com\/de\/wp-json\/wp\/v2\/product_cat?post=4348"}],"curies":[{"name":"wp","href":"https:\/\/api.w.org\/{rel}","templated":true}]}}