{"id":4346,"date":"2025-03-15T14:02:55","date_gmt":"2025-03-15T06:02:55","guid":{"rendered":"https:\/\/ruishengglassco.com\/?post_type=product&#038;p=4346"},"modified":"2025-07-17T14:46:54","modified_gmt":"2025-07-17T06:46:54","slug":"rs023-750ml-weinflaschen-hersteller","status":"publish","type":"product","link":"https:\/\/ruishengglassco.com\/de\/produkt\/rs023-750ml-weinflaschen-hersteller","title":{"rendered":"RS023 750ml Weinflaschen Hersteller"},"content":{"rendered":"<h2>Beginnen Sie Ihre Bestellung f\u00fcr 750 ml Weinflaschen Hersteller<\/h2>\n<p><span data-preserver-spaces=\"true\">Diese Serie von 750-ml-Weinflaschen ist eine der beliebtesten Optionen f\u00fcr Glasflaschen. Das Produkt verwendet hochwertiges Flintglasmaterial, um die Glasflasche transparenter, klarer und weniger bruchanf\u00e4llig zu machen.<\/span><\/p>\n<p><strong><span data-preserver-spaces=\"true\">Eigenschaften<\/span><\/strong><\/p>\n<ul>\n<li><span data-preserver-spaces=\"true\">Ein internationalisiertes und leidenschaftliches Team mit durchschnittlich 10 Jahren Erfahrung.<\/span><\/li>\n<li><span data-preserver-spaces=\"true\">Umfangreiche vorr\u00e4tige Produktionslinie<\/span><\/li>\n<li><span data-preserver-spaces=\"true\">Kundenspezifisches Design und Formen<\/span><\/li>\n<li><span data-preserver-spaces=\"true\">24\/7 Online arbeiten<\/span><\/li>\n<\/ul>\n<p><strong><span data-preserver-spaces=\"true\">Besorgter Kunde<\/span><\/strong><\/p>\n<ol>\n<li><strong><span data-preserver-spaces=\"true\">Was ist die MOQ von 750ml Glas Weinflaschen Gro\u00dfhandel?<\/span><\/strong><\/li>\n<\/ol>\n<p><span data-preserver-spaces=\"true\">Ruisheng ist ein professioneller Hersteller von Weinflaschen<\/span><span data-preserver-spaces=\"true\">. <\/span><span data-preserver-spaces=\"true\">Wir <\/span><span data-preserver-spaces=\"true\">nur<\/span><span data-preserver-spaces=\"true\"> bieten Glasflaschen im Gro\u00dfhandel an, nicht im Einzelhandel.<\/span><span data-preserver-spaces=\"true\"> Die <\/span><strong><span data-preserver-spaces=\"true\">MOQ ist 10000 PCS\uff08Rund 10000 St\u00fcck)<\/span><\/strong><\/p>\n<p><strong><span data-preserver-spaces=\"true\">2. Wie k\u00f6nnen wir wissen, dass sie bleifrei und lebensmittelecht sind?<\/span><\/strong><\/p>\n<p><span data-preserver-spaces=\"true\">Wir bieten drei Arten von Glas an: <\/span><span data-preserver-spaces=\"true\">gew\u00f6hnlich, hochwei\u00df und kristallwei\u00df. Alle sind lebensmittelecht und bleifrei. <\/span><span data-preserver-spaces=\"true\">Wir bestehen lebensmitteltaugliche Tests<\/span><span data-preserver-spaces=\"true\">, <\/span><span data-preserver-spaces=\"true\">also<\/span><span data-preserver-spaces=\"true\"> dem Sie vertrauen k\u00f6nnen<\/span><span data-preserver-spaces=\"true\"> die Sicherheit unserer Produkte.<\/span><\/p>\n<p><span data-preserver-spaces=\"true\">3. <\/span><strong><span data-preserver-spaces=\"true\">Wie kann ich ein Muster erhalten, um Ihre Qualit\u00e4t zu \u00fcberpr\u00fcfen? Bieten Sie kostenlose Muster an?<\/span><\/strong><\/p>\n<p><span data-preserver-spaces=\"true\">Ja, es sind kostenlose Muster erh\u00e4ltlich, und<\/span> <span data-preserver-spaces=\"true\">Direktversicherung des Handels <\/span><span data-preserver-spaces=\"true\">Bestellung ist erlaubt. Nur die Frachtkosten sind auf Ihrer Seite, die zur\u00fcckerstattet werden, sobald die Bestellung <\/span><span data-preserver-spaces=\"true\">wird platziert<\/span><span data-preserver-spaces=\"true\">. <\/span><span data-preserver-spaces=\"true\">Oder<\/span><span data-preserver-spaces=\"true\"> wenn Sie ein Kurierkonto haben, k\u00f6nnen wir Muster organisieren <\/span><span data-preserver-spaces=\"true\">zur Abholung<\/span><span data-preserver-spaces=\"true\">.<\/span><\/p>\n<p><span data-preserver-spaces=\"true\">\u00a0<\/span><\/p>","protected":false},"excerpt":{"rendered":"<p data-block-id=\"8fa35e9a-1d07-4d51-8e2a-10f10deb4f39\" data-pm-slice=\"1 1 []\">Ruisheng ist ein Profi in der Herstellung von Glasflaschen. Sie bieten 750-ml-Weinflaschen in gro\u00dfen Mengen f\u00fcr Weinunternehmen, Marken und mehr. Unser Unternehmen ist seit \u00fcber 10 Jahren in der Herstellung von Glasflaschen t\u00e4tig. Als professioneller Lieferant von Glasflaschen bieten wir OEM\/ODM-Services f\u00fcr Gro\u00dfauftr\u00e4ge.<\/p>\n<h2>Detaillierte Informationen \u00fcber 750 ml Weinflaschen Gro\u00dfhandel<\/h2>\n<ul>\n<li>Name: 750 ml Weinflaschen Gro\u00dfhandel<\/li>\n<li>Modell-Nummer: Rs-750<\/li>\n<li>Material: Super Flint Glas Material<\/li>\n<li>Verschlusstyp: Kork, SCREW CAP, Kork, Glaskappe, Twist-off Cap, Schraubverschluss<\/li>\n<li><span style=\"color: #ff6600;\"><strong>MOQ: 10000pcs(Rund 10000pcs)<\/strong><\/span><\/li>\n<li>Verpackung: Kartons mit Kartontrennwand, Palette, Palette+Karton, Farbkarton mit kundenspezifischem Logo<\/li>\n<li>Lieferzeit: Lieferung auf Lager innerhalb von 7 Tagen. Lieferung von kundenspezifischen Flaschen innerhalb von 25-30 Tagen.<\/li>\n<\/ul>\n<p>Wenn Sie mehr Details \u00fcber diese 750 ml Weinflaschen Gro\u00dfhandel erhalten m\u00f6chten, klicken Sie bitte hier, um mit unserem Vertrieb zu chatten.<\/p>\n<p>&nbsp;<\/p>","protected":false},"featured_media":4347,"comment_status":"closed","ping_status":"closed","template":"","meta":[],"product_cat":[40],"class_list":{"0":"post-4346","1":"product","2":"type-product","3":"status-publish","4":"has-post-thumbnail","6":"product_cat-750ml-liquor-bottle-manufacturer","8":"first","9":"instock","10":"shipping-taxable","11":"product-type-simple"},"yoast_head":"<!-- This site is optimized with the Yoast SEO plugin v22.0 - https:\/\/yoast.com\/wordpress\/plugins\/seo\/ -->\n<title>750 ml Wine Bottles Manufacturers | Red Wine Bottle Manufacturer-Ruisheng<\/title>\n<meta name=\"description\" content=\"Ruisheng, a professional glass bottle manufacturer&amp;supplier, provide 750 ml Wine Bottles Manufacturers for wine company, brand, and etc.\" \/>\n<meta name=\"robots\" content=\"index, follow, max-snippet:-1, max-image-preview:large, max-video-preview:-1\" \/>\n<link rel=\"canonical\" href=\"https:\/\/ruishengglassco.com\/de\/produkt\/rs023-750ml-weinflaschen-hersteller\" \/>\n<meta property=\"og:locale\" content=\"de_DE\" \/>\n<meta property=\"og:type\" content=\"article\" \/>\n<meta property=\"og:title\" content=\"750 ml Wine Bottles Manufacturers | Red Wine Bottle Manufacturer-Ruisheng\" \/>\n<meta property=\"og:description\" content=\"Ruisheng, a professional glass bottle manufacturer&amp;supplier, provide 750 ml Wine Bottles Manufacturers for wine company, brand, and etc.\" \/>\n<meta property=\"og:url\" content=\"https:\/\/ruishengglassco.com\/de\/produkt\/rs023-750ml-weinflaschen-hersteller\" \/>\n<meta property=\"article:publisher\" content=\"https:\/\/www.facebook.com\/ruishengglassbottles\" \/>\n<meta property=\"article:modified_time\" content=\"2025-07-17T06:46:54+00:00\" \/>\n<meta property=\"og:image\" content=\"https:\/\/ruishengglassco.com\/wp-content\/uploads\/2025\/03\/RS023-750-ml-Wine-Bottles-Wholesale.webp\" \/>\n\t<meta property=\"og:image:width\" content=\"1000\" \/>\n\t<meta property=\"og:image:height\" content=\"1000\" \/>\n\t<meta property=\"og:image:type\" content=\"image\/webp\" \/>\n<meta name=\"twitter:card\" content=\"summary_large_image\" \/>\n<meta name=\"twitter:label1\" content=\"Gesch\u00e4tzte Lesezeit\" \/>\n\t<meta name=\"twitter:data1\" content=\"2\u00a0Minuten\" \/>\n<script type=\"application\/ld+json\" class=\"yoast-schema-graph\">{\"@context\":\"https:\/\/schema.org\",\"@graph\":[{\"@type\":\"WebPage\",\"@id\":\"https:\/\/ruishengglassco.com\/product\/rs023-750ml-wine-bottles-manufacturers\",\"url\":\"https:\/\/ruishengglassco.com\/product\/rs023-750ml-wine-bottles-manufacturers\",\"name\":\"750 ml Wine Bottles Manufacturers | Red Wine Bottle Manufacturer-Ruisheng\",\"isPartOf\":{\"@id\":\"https:\/\/ruishengglassco.com\/#website\"},\"datePublished\":\"2025-03-15T06:02:55+00:00\",\"dateModified\":\"2025-07-17T06:46:54+00:00\",\"description\":\"Ruisheng, a professional glass bottle manufacturer&supplier, provide 750 ml Wine Bottles Manufacturers for wine company, brand, and etc.\",\"breadcrumb\":{\"@id\":\"https:\/\/ruishengglassco.com\/product\/rs023-750ml-wine-bottles-manufacturers#breadcrumb\"},\"inLanguage\":\"de\",\"potentialAction\":[{\"@type\":\"ReadAction\",\"target\":[\"https:\/\/ruishengglassco.com\/product\/rs023-750ml-wine-bottles-manufacturers\"]}]},{\"@type\":\"BreadcrumbList\",\"@id\":\"https:\/\/ruishengglassco.com\/product\/rs023-750ml-wine-bottles-manufacturers#breadcrumb\",\"itemListElement\":[{\"@type\":\"ListItem\",\"position\":1,\"name\":\"Home\",\"item\":\"https:\/\/ruishengglassco.com\/\"},{\"@type\":\"ListItem\",\"position\":2,\"name\":\"Products\",\"item\":\"https:\/\/ruishengglassco.com\/products\"},{\"@type\":\"ListItem\",\"position\":3,\"name\":\"RS023 750ml Wine Bottles Manufacturers\"}]},{\"@type\":\"WebSite\",\"@id\":\"https:\/\/ruishengglassco.com\/#website\",\"url\":\"https:\/\/ruishengglassco.com\/\",\"name\":\"Ruisheng Glass\",\"description\":\"\",\"publisher\":{\"@id\":\"https:\/\/ruishengglassco.com\/#organization\"},\"potentialAction\":[{\"@type\":\"SearchAction\",\"target\":{\"@type\":\"EntryPoint\",\"urlTemplate\":\"https:\/\/ruishengglassco.com\/?s={search_term_string}\"},\"query-input\":\"required name=search_term_string\"}],\"inLanguage\":\"de\"},{\"@type\":\"Organization\",\"@id\":\"https:\/\/ruishengglassco.com\/#organization\",\"name\":\"Shandong Yuncheng Ruisheng Glass Co., Ltd\",\"url\":\"https:\/\/ruishengglassco.com\/\",\"logo\":{\"@type\":\"ImageObject\",\"inLanguage\":\"de\",\"@id\":\"https:\/\/ruishengglassco.com\/#\/schema\/logo\/image\/\",\"url\":\"https:\/\/ruishengglassco.com\/wp-content\/uploads\/2023\/09\/ruisheng_logo_icon.webp\",\"contentUrl\":\"https:\/\/ruishengglassco.com\/wp-content\/uploads\/2023\/09\/ruisheng_logo_icon.webp\",\"width\":400,\"height\":233,\"caption\":\"Shandong Yuncheng Ruisheng Glass Co., Ltd\"},\"image\":{\"@id\":\"https:\/\/ruishengglassco.com\/#\/schema\/logo\/image\/\"},\"sameAs\":[\"https:\/\/www.facebook.com\/ruishengglassbottles\",\"https:\/\/www.instagram.com\/Ruishengglassbottlewholesales\/\",\"https:\/\/www.youtube.com\/channel\/UCMmbMNGwsL-XrtjfSFLCdVQ\"]}]}<\/script>\n<!-- \/ Yoast SEO plugin. -->","yoast_head_json":{"title":"750 ml Wine Bottles Manufacturers | Red Wine Bottle Manufacturer-Ruisheng","description":"Ruisheng, a professional glass bottle manufacturer&supplier, provide 750 ml Wine Bottles Manufacturers for wine company, brand, and etc.","robots":{"index":"index","follow":"follow","max-snippet":"max-snippet:-1","max-image-preview":"max-image-preview:large","max-video-preview":"max-video-preview:-1"},"canonical":"https:\/\/ruishengglassco.com\/de\/produkt\/rs023-750ml-weinflaschen-hersteller","og_locale":"de_DE","og_type":"article","og_title":"750 ml Wine Bottles Manufacturers | Red Wine Bottle Manufacturer-Ruisheng","og_description":"Ruisheng, a professional glass bottle manufacturer&supplier, provide 750 ml Wine Bottles Manufacturers for wine company, brand, and etc.","og_url":"https:\/\/ruishengglassco.com\/de\/produkt\/rs023-750ml-weinflaschen-hersteller","article_publisher":"https:\/\/www.facebook.com\/ruishengglassbottles","article_modified_time":"2025-07-17T06:46:54+00:00","og_image":[{"width":1000,"height":1000,"url":"https:\/\/ruishengglassco.com\/wp-content\/uploads\/2025\/03\/RS023-750-ml-Wine-Bottles-Wholesale.webp","type":"image\/webp"}],"twitter_card":"summary_large_image","twitter_misc":{"Gesch\u00e4tzte Lesezeit":"2\u00a0Minuten"},"schema":{"@context":"https:\/\/schema.org","@graph":[{"@type":"WebPage","@id":"https:\/\/ruishengglassco.com\/product\/rs023-750ml-wine-bottles-manufacturers","url":"https:\/\/ruishengglassco.com\/product\/rs023-750ml-wine-bottles-manufacturers","name":"750 ml Wine Bottles Manufacturers | Red Wine Bottle Manufacturer-Ruisheng","isPartOf":{"@id":"https:\/\/ruishengglassco.com\/#website"},"datePublished":"2025-03-15T06:02:55+00:00","dateModified":"2025-07-17T06:46:54+00:00","description":"Ruisheng, a professional glass bottle manufacturer&supplier, provide 750 ml Wine Bottles Manufacturers for wine company, brand, and etc.","breadcrumb":{"@id":"https:\/\/ruishengglassco.com\/product\/rs023-750ml-wine-bottles-manufacturers#breadcrumb"},"inLanguage":"de","potentialAction":[{"@type":"ReadAction","target":["https:\/\/ruishengglassco.com\/product\/rs023-750ml-wine-bottles-manufacturers"]}]},{"@type":"BreadcrumbList","@id":"https:\/\/ruishengglassco.com\/product\/rs023-750ml-wine-bottles-manufacturers#breadcrumb","itemListElement":[{"@type":"ListItem","position":1,"name":"Home","item":"https:\/\/ruishengglassco.com\/"},{"@type":"ListItem","position":2,"name":"Products","item":"https:\/\/ruishengglassco.com\/products"},{"@type":"ListItem","position":3,"name":"RS023 750ml Wine Bottles Manufacturers"}]},{"@type":"WebSite","@id":"https:\/\/ruishengglassco.com\/#website","url":"https:\/\/ruishengglassco.com\/","name":"Ruisheng Glass","description":"","publisher":{"@id":"https:\/\/ruishengglassco.com\/#organization"},"potentialAction":[{"@type":"SearchAction","target":{"@type":"EntryPoint","urlTemplate":"https:\/\/ruishengglassco.com\/?s={search_term_string}"},"query-input":"required name=search_term_string"}],"inLanguage":"de"},{"@type":"Organization","@id":"https:\/\/ruishengglassco.com\/#organization","name":"Shandong Yuncheng Ruisheng Glass Co., Ltd","url":"https:\/\/ruishengglassco.com\/","logo":{"@type":"ImageObject","inLanguage":"de","@id":"https:\/\/ruishengglassco.com\/#\/schema\/logo\/image\/","url":"https:\/\/ruishengglassco.com\/wp-content\/uploads\/2023\/09\/ruisheng_logo_icon.webp","contentUrl":"https:\/\/ruishengglassco.com\/wp-content\/uploads\/2023\/09\/ruisheng_logo_icon.webp","width":400,"height":233,"caption":"Shandong Yuncheng Ruisheng Glass Co., Ltd"},"image":{"@id":"https:\/\/ruishengglassco.com\/#\/schema\/logo\/image\/"},"sameAs":["https:\/\/www.facebook.com\/ruishengglassbottles","https:\/\/www.instagram.com\/Ruishengglassbottlewholesales\/","https:\/\/www.youtube.com\/channel\/UCMmbMNGwsL-XrtjfSFLCdVQ"]}]}},"_links":{"self":[{"href":"https:\/\/ruishengglassco.com\/de\/wp-json\/wp\/v2\/product\/4346","targetHints":{"allow":["GET"]}}],"collection":[{"href":"https:\/\/ruishengglassco.com\/de\/wp-json\/wp\/v2\/product"}],"about":[{"href":"https:\/\/ruishengglassco.com\/de\/wp-json\/wp\/v2\/types\/product"}],"replies":[{"embeddable":true,"href":"https:\/\/ruishengglassco.com\/de\/wp-json\/wp\/v2\/comments?post=4346"}],"wp:featuredmedia":[{"embeddable":true,"href":"https:\/\/ruishengglassco.com\/de\/wp-json\/wp\/v2\/media\/4347"}],"wp:attachment":[{"href":"https:\/\/ruishengglassco.com\/de\/wp-json\/wp\/v2\/media?parent=4346"}],"wp:term":[{"taxonomy":"product_cat","embeddable":true,"href":"https:\/\/ruishengglassco.com\/de\/wp-json\/wp\/v2\/product_cat?post=4346"}],"curies":[{"name":"wp","href":"https:\/\/api.w.org\/{rel}","templated":true}]}}