{"id":4344,"date":"2025-03-15T13:36:42","date_gmt":"2025-03-15T05:36:42","guid":{"rendered":"https:\/\/ruishengglassco.com\/?post_type=product&#038;p=4344"},"modified":"2025-07-17T14:45:52","modified_gmt":"2025-07-17T06:45:52","slug":"re024-500ml-700ml-750ml-alte-design-whiskyflaschen-hersteller","status":"publish","type":"product","link":"https:\/\/ruishengglassco.com\/de\/produkt\/re024-500ml-700ml-750ml-alte-design-whiskyflaschen-hersteller","title":{"rendered":"RE024 500ml\/700ml\/750ml Old Design Whiskyflaschen Hersteller"},"content":{"rendered":"<h2>Detaillierte Informationen \u00fcber 500ml\/700ml\/750ml alte Whiskyflaschen Hersteller<\/h2>\n<p>Ruisheng ist seit \u00fcber 10 Jahren ein professioneller Hersteller und Lieferant von Whiskey-Flaschen. Sie sind spezialisiert auf den Gro\u00dfhandel und die Herstellung von Whiskey-Flaschen. Wir verf\u00fcgen \u00fcber die weltweit modernste vollautomatische Produktionslinie f\u00fcr Whiskeyflaschen. Die hergestellten Produkte haben eine hohe Aufl\u00f6sung und sind nicht leicht zu besch\u00e4digen. Die Tagesproduktion kann bis zu 200.000 St\u00fcck erreichen, wodurch die von den Kunden gew\u00fcnschten Whiskyflaschen in k\u00fcrzester Zeit hergestellt werden k\u00f6nnen. Wir sind eine Flaschenproduktionsfabrik. Wir bieten OEM\/ODM-Anpassungsdienste an. Schicken Sie uns einfach Ihr Designmuster und Ihr Markenlogo. Wir k\u00f6nnen Ihnen helfen, die perfekte Whiskeyflasche zu kreieren.<\/p>\n<h2>Kundenbelange<\/h2>\n<ol>\n<li><strong>Die MOQ von The Whiskey Bottle<\/strong><\/li>\n<\/ol>\n<p>Als professioneller Hersteller von Whiskey-Flaschen bieten wir nur den Gro\u00dfhandel mit Whiskey-Flaschen an, nicht den Einzelhandel. Im Hinblick auf unseren Kundenstamm, Verpackung, Versand und andere Faktoren, unsere <strong>MOQ ist <span class=\"mceItemHidden\">10000 PCS\uff08Rund 20000 St\u00fcck)<\/span><\/strong><\/p>\n<p><strong>2. \u00dcber die Verpackung<\/strong><\/p>\n<p>Wie wir alle wissen, sind Weinflaschen zerbrechliche Waren, so dass wir auf die Verpackung achten m\u00fcssen. Wir verwenden sichere Verpackung, wie innere Box Bulk-Verpackung \/ Farbe Box \/ wei\u00dfe Box \/ Display-Box \/ Standard-Export-Palette auf Anfrage des Kunden.<\/p>\n<p><strong>3. \u00dcber Lieferzeiten<\/strong><\/p>\n<ul>\n<li>F\u00fcr fertige Ware: 7 Tage nach Zahlungseingang.<\/li>\n<li>F\u00fcr Produkte, die nicht auf Lager sind: 25 ~ 40 Tage nach Zahlungseingang.<\/li>\n<\/ul>","protected":false},"excerpt":{"rendered":"<p data-block-id=\"3a75f4ee-898b-45f7-9c96-94add5894751\" data-pm-slice=\"1 1 []\">Ruisheng ist ein f\u00fchrender Hersteller von Whiskey-Flaschen in China. Sie bieten alte Whiskey-Flaschen f\u00fcr den Gro\u00dfhandel. Professioneller Hersteller von Whiskeyflaschen mit \u00fcber 10 Jahren Erfahrung in der Herstellung. Bietet hochwertige Whiskyflaschen f\u00fcr Marken, Unternehmen, Glasflaschen-Gro\u00dfh\u00e4ndler und Distributoren.<\/p>\n<ul>\n<li>Artikel: Altes Design Whiskey-Flasche Gro\u00dfhandel<\/li>\n<li>Nr.:RS024<\/li>\n<li><strong>MOQ: 10000PCS<\/strong><\/li>\n<li>Material: Superflintglas<\/li>\n<li>Angebotener OEM\/ODM-Service<\/li>\n<li>Verschlusstyp: Korkverschluss\/Schraubverschluss<\/li>\n<li>Spezifikation: 50ml-1500ml<\/li>\n<li>Verpackungsmethode: Standard-Export-Verpackung oder kundenspezifische Verpackung<\/li>\n<li>Lieferzeit: Innerhalb von 20-30 Tagen je nach gew\u00fcnschter Gr\u00f6\u00dfe und Menge.<\/li>\n<\/ul>\n<p>Wenn Sie an unseren alten Whiskey-Flaschen Gro\u00dfhandel interessiert sind, klicken Sie hier, um ein Angebot zu erhalten.<\/p>","protected":false},"featured_media":4345,"comment_status":"closed","ping_status":"closed","template":"","meta":[],"product_cat":[41,44,40,54],"class_list":{"0":"post-4344","1":"product","2":"type-product","3":"status-publish","4":"has-post-thumbnail","6":"product_cat-500ml-liquor-bottle-manufacturer","7":"product_cat-700ml-liquor-bottle-manufacturer","8":"product_cat-750ml-liquor-bottle-manufacturer","9":"product_cat-whiskey-bottle","11":"first","12":"instock","13":"shipping-taxable","14":"product-type-simple"},"yoast_head":"<!-- This site is optimized with the Yoast SEO plugin v22.0 - https:\/\/yoast.com\/wordpress\/plugins\/seo\/ -->\n<title>Old Whisky Bottles Manufacturers | Best Whiskey Bottles Manufacturer<\/title>\n<meta name=\"description\" content=\"Want to buy Old Whisky Bottles Manufacturers? Click here to get whisky bottle from best whiskey bottles manufacturer China.\" \/>\n<meta name=\"robots\" content=\"index, follow, max-snippet:-1, max-image-preview:large, max-video-preview:-1\" \/>\n<link rel=\"canonical\" href=\"https:\/\/ruishengglassco.com\/de\/produkt\/re024-500ml-700ml-750ml-alte-design-whiskyflaschen-hersteller\" \/>\n<meta property=\"og:locale\" content=\"de_DE\" \/>\n<meta property=\"og:type\" content=\"article\" \/>\n<meta property=\"og:title\" content=\"Old Whisky Bottles Manufacturers | Best Whiskey Bottles Manufacturer\" \/>\n<meta property=\"og:description\" content=\"Want to buy Old Whisky Bottles Manufacturers? Click here to get whisky bottle from best whiskey bottles manufacturer China.\" \/>\n<meta property=\"og:url\" content=\"https:\/\/ruishengglassco.com\/de\/produkt\/re024-500ml-700ml-750ml-alte-design-whiskyflaschen-hersteller\" \/>\n<meta property=\"article:publisher\" content=\"https:\/\/www.facebook.com\/ruishengglassbottles\" \/>\n<meta property=\"article:modified_time\" content=\"2025-07-17T06:45:52+00:00\" \/>\n<meta property=\"og:image\" content=\"https:\/\/ruishengglassco.com\/wp-content\/uploads\/2025\/03\/RE024-500ml-700ml-750ml-Old-Design-Whisky-Bottles-Wholesale.webp\" \/>\n\t<meta property=\"og:image:width\" content=\"800\" \/>\n\t<meta property=\"og:image:height\" content=\"800\" \/>\n\t<meta property=\"og:image:type\" content=\"image\/webp\" \/>\n<meta name=\"twitter:card\" content=\"summary_large_image\" \/>\n<meta name=\"twitter:label1\" content=\"Gesch\u00e4tzte Lesezeit\" \/>\n\t<meta name=\"twitter:data1\" content=\"2\u00a0Minuten\" \/>\n<script type=\"application\/ld+json\" class=\"yoast-schema-graph\">{\"@context\":\"https:\/\/schema.org\",\"@graph\":[{\"@type\":\"WebPage\",\"@id\":\"https:\/\/ruishengglassco.com\/product\/re024-500ml-700ml-750ml-old-design-whisky-bottles-manufacturers\",\"url\":\"https:\/\/ruishengglassco.com\/product\/re024-500ml-700ml-750ml-old-design-whisky-bottles-manufacturers\",\"name\":\"Old Whisky Bottles Manufacturers | Best Whiskey Bottles Manufacturer\",\"isPartOf\":{\"@id\":\"https:\/\/ruishengglassco.com\/#website\"},\"datePublished\":\"2025-03-15T05:36:42+00:00\",\"dateModified\":\"2025-07-17T06:45:52+00:00\",\"description\":\"Want to buy Old Whisky Bottles Manufacturers? Click here to get whisky bottle from best whiskey bottles manufacturer China.\",\"breadcrumb\":{\"@id\":\"https:\/\/ruishengglassco.com\/product\/re024-500ml-700ml-750ml-old-design-whisky-bottles-manufacturers#breadcrumb\"},\"inLanguage\":\"de\",\"potentialAction\":[{\"@type\":\"ReadAction\",\"target\":[\"https:\/\/ruishengglassco.com\/product\/re024-500ml-700ml-750ml-old-design-whisky-bottles-manufacturers\"]}]},{\"@type\":\"BreadcrumbList\",\"@id\":\"https:\/\/ruishengglassco.com\/product\/re024-500ml-700ml-750ml-old-design-whisky-bottles-manufacturers#breadcrumb\",\"itemListElement\":[{\"@type\":\"ListItem\",\"position\":1,\"name\":\"Home\",\"item\":\"https:\/\/ruishengglassco.com\/\"},{\"@type\":\"ListItem\",\"position\":2,\"name\":\"Products\",\"item\":\"https:\/\/ruishengglassco.com\/products\"},{\"@type\":\"ListItem\",\"position\":3,\"name\":\"RE024 500ml\/700ml\/750ml Old Design Whisky Bottles Manufacturers\"}]},{\"@type\":\"WebSite\",\"@id\":\"https:\/\/ruishengglassco.com\/#website\",\"url\":\"https:\/\/ruishengglassco.com\/\",\"name\":\"Ruisheng Glass\",\"description\":\"\",\"publisher\":{\"@id\":\"https:\/\/ruishengglassco.com\/#organization\"},\"potentialAction\":[{\"@type\":\"SearchAction\",\"target\":{\"@type\":\"EntryPoint\",\"urlTemplate\":\"https:\/\/ruishengglassco.com\/?s={search_term_string}\"},\"query-input\":\"required name=search_term_string\"}],\"inLanguage\":\"de\"},{\"@type\":\"Organization\",\"@id\":\"https:\/\/ruishengglassco.com\/#organization\",\"name\":\"Shandong Yuncheng Ruisheng Glass Co., Ltd\",\"url\":\"https:\/\/ruishengglassco.com\/\",\"logo\":{\"@type\":\"ImageObject\",\"inLanguage\":\"de\",\"@id\":\"https:\/\/ruishengglassco.com\/#\/schema\/logo\/image\/\",\"url\":\"https:\/\/ruishengglassco.com\/wp-content\/uploads\/2023\/09\/ruisheng_logo_icon.webp\",\"contentUrl\":\"https:\/\/ruishengglassco.com\/wp-content\/uploads\/2023\/09\/ruisheng_logo_icon.webp\",\"width\":400,\"height\":233,\"caption\":\"Shandong Yuncheng Ruisheng Glass Co., Ltd\"},\"image\":{\"@id\":\"https:\/\/ruishengglassco.com\/#\/schema\/logo\/image\/\"},\"sameAs\":[\"https:\/\/www.facebook.com\/ruishengglassbottles\",\"https:\/\/www.instagram.com\/Ruishengglassbottlewholesales\/\",\"https:\/\/www.youtube.com\/channel\/UCMmbMNGwsL-XrtjfSFLCdVQ\"]}]}<\/script>\n<!-- \/ Yoast SEO plugin. -->","yoast_head_json":{"title":"Old Whisky Bottles Manufacturers | Best Whiskey Bottles Manufacturer","description":"Want to buy Old Whisky Bottles Manufacturers? Click here to get whisky bottle from best whiskey bottles manufacturer China.","robots":{"index":"index","follow":"follow","max-snippet":"max-snippet:-1","max-image-preview":"max-image-preview:large","max-video-preview":"max-video-preview:-1"},"canonical":"https:\/\/ruishengglassco.com\/de\/produkt\/re024-500ml-700ml-750ml-alte-design-whiskyflaschen-hersteller","og_locale":"de_DE","og_type":"article","og_title":"Old Whisky Bottles Manufacturers | Best Whiskey Bottles Manufacturer","og_description":"Want to buy Old Whisky Bottles Manufacturers? Click here to get whisky bottle from best whiskey bottles manufacturer China.","og_url":"https:\/\/ruishengglassco.com\/de\/produkt\/re024-500ml-700ml-750ml-alte-design-whiskyflaschen-hersteller","article_publisher":"https:\/\/www.facebook.com\/ruishengglassbottles","article_modified_time":"2025-07-17T06:45:52+00:00","og_image":[{"width":800,"height":800,"url":"https:\/\/ruishengglassco.com\/wp-content\/uploads\/2025\/03\/RE024-500ml-700ml-750ml-Old-Design-Whisky-Bottles-Wholesale.webp","type":"image\/webp"}],"twitter_card":"summary_large_image","twitter_misc":{"Gesch\u00e4tzte Lesezeit":"2\u00a0Minuten"},"schema":{"@context":"https:\/\/schema.org","@graph":[{"@type":"WebPage","@id":"https:\/\/ruishengglassco.com\/product\/re024-500ml-700ml-750ml-old-design-whisky-bottles-manufacturers","url":"https:\/\/ruishengglassco.com\/product\/re024-500ml-700ml-750ml-old-design-whisky-bottles-manufacturers","name":"Old Whisky Bottles Manufacturers | Best Whiskey Bottles Manufacturer","isPartOf":{"@id":"https:\/\/ruishengglassco.com\/#website"},"datePublished":"2025-03-15T05:36:42+00:00","dateModified":"2025-07-17T06:45:52+00:00","description":"Want to buy Old Whisky Bottles Manufacturers? Click here to get whisky bottle from best whiskey bottles manufacturer China.","breadcrumb":{"@id":"https:\/\/ruishengglassco.com\/product\/re024-500ml-700ml-750ml-old-design-whisky-bottles-manufacturers#breadcrumb"},"inLanguage":"de","potentialAction":[{"@type":"ReadAction","target":["https:\/\/ruishengglassco.com\/product\/re024-500ml-700ml-750ml-old-design-whisky-bottles-manufacturers"]}]},{"@type":"BreadcrumbList","@id":"https:\/\/ruishengglassco.com\/product\/re024-500ml-700ml-750ml-old-design-whisky-bottles-manufacturers#breadcrumb","itemListElement":[{"@type":"ListItem","position":1,"name":"Home","item":"https:\/\/ruishengglassco.com\/"},{"@type":"ListItem","position":2,"name":"Products","item":"https:\/\/ruishengglassco.com\/products"},{"@type":"ListItem","position":3,"name":"RE024 500ml\/700ml\/750ml Old Design Whisky Bottles Manufacturers"}]},{"@type":"WebSite","@id":"https:\/\/ruishengglassco.com\/#website","url":"https:\/\/ruishengglassco.com\/","name":"Ruisheng Glass","description":"","publisher":{"@id":"https:\/\/ruishengglassco.com\/#organization"},"potentialAction":[{"@type":"SearchAction","target":{"@type":"EntryPoint","urlTemplate":"https:\/\/ruishengglassco.com\/?s={search_term_string}"},"query-input":"required name=search_term_string"}],"inLanguage":"de"},{"@type":"Organization","@id":"https:\/\/ruishengglassco.com\/#organization","name":"Shandong Yuncheng Ruisheng Glass Co., Ltd","url":"https:\/\/ruishengglassco.com\/","logo":{"@type":"ImageObject","inLanguage":"de","@id":"https:\/\/ruishengglassco.com\/#\/schema\/logo\/image\/","url":"https:\/\/ruishengglassco.com\/wp-content\/uploads\/2023\/09\/ruisheng_logo_icon.webp","contentUrl":"https:\/\/ruishengglassco.com\/wp-content\/uploads\/2023\/09\/ruisheng_logo_icon.webp","width":400,"height":233,"caption":"Shandong Yuncheng Ruisheng Glass Co., Ltd"},"image":{"@id":"https:\/\/ruishengglassco.com\/#\/schema\/logo\/image\/"},"sameAs":["https:\/\/www.facebook.com\/ruishengglassbottles","https:\/\/www.instagram.com\/Ruishengglassbottlewholesales\/","https:\/\/www.youtube.com\/channel\/UCMmbMNGwsL-XrtjfSFLCdVQ"]}]}},"_links":{"self":[{"href":"https:\/\/ruishengglassco.com\/de\/wp-json\/wp\/v2\/product\/4344","targetHints":{"allow":["GET"]}}],"collection":[{"href":"https:\/\/ruishengglassco.com\/de\/wp-json\/wp\/v2\/product"}],"about":[{"href":"https:\/\/ruishengglassco.com\/de\/wp-json\/wp\/v2\/types\/product"}],"replies":[{"embeddable":true,"href":"https:\/\/ruishengglassco.com\/de\/wp-json\/wp\/v2\/comments?post=4344"}],"wp:featuredmedia":[{"embeddable":true,"href":"https:\/\/ruishengglassco.com\/de\/wp-json\/wp\/v2\/media\/4345"}],"wp:attachment":[{"href":"https:\/\/ruishengglassco.com\/de\/wp-json\/wp\/v2\/media?parent=4344"}],"wp:term":[{"taxonomy":"product_cat","embeddable":true,"href":"https:\/\/ruishengglassco.com\/de\/wp-json\/wp\/v2\/product_cat?post=4344"}],"curies":[{"name":"wp","href":"https:\/\/api.w.org\/{rel}","templated":true}]}}