{"id":4341,"date":"2025-03-15T13:34:18","date_gmt":"2025-03-15T05:34:18","guid":{"rendered":"https:\/\/ruishengglassco.com\/?post_type=product&#038;p=4341"},"modified":"2025-07-17T14:44:45","modified_gmt":"2025-07-17T06:44:45","slug":"rs025-700ml-750ml-runde-leere-whiskeyflaschen","status":"publish","type":"product","link":"https:\/\/ruishengglassco.com\/de\/produkt\/rs025-700ml-750ml-runde-leere-whiskeyflaschen","title":{"rendered":"RS025 700ml\/750ml Runde leere Whiskey-Flaschen"},"content":{"rendered":"<h2>Detaillierte Informationen \u00fcber 700ml\/750ml Runde leere Whiskey-Flaschen Gro\u00dfhandel<\/h2>\n<p>Diese Serie runder, leerer Whiskeyflaschen mit 700 und 750 ml Inhalt ist im Gro\u00dfhandel erh\u00e4ltlich. Sie sind aus hochwertigem Glas gefertigt und eignen sich perfekt f\u00fcr die Verpackung von Whiskey, Schnaps und Wodka. Der transparente Flaschenk\u00f6rper bringt die Qualit\u00e4t und Farbe der Spirituose perfekt zur Geltung.<\/p>\n<p>Als prim\u00e4rer Hersteller von Whiskey-Flaschen bieten wir nur Gro\u00dfhandel Whiskey-Glasflaschen. Nat\u00fcrlich, wie ein professionelles Team, werden wir benutzerdefinierte Whiskey-Flasche Design-Dienstleistungen. OEM\/ODM Dienstleistungen verf\u00fcgbar.<\/p>\n<p><strong>Schnelle Details<\/strong><\/p>\n<ul>\n<li>Oberfl\u00e4chenbehandlung:\uff1aDecal<\/li>\n<li>Industrielle Nutzung: Getr\u00e4nk<\/li>\n<li>Material der Basis: Superflintglas<\/li>\n<li>Material des Geh\u00e4uses: Superflintglas<\/li>\n<li>Material des Halsbandes: Superflintglas<\/li>\n<li>Dichtungsart: Kork<\/li>\n<li>Verwendung: Whiskey\/Brandy<\/li>\n<li>Herkunftsort: Shandong, China<\/li>\n<li>Markenname: Ruisheng<\/li>\n<li>Produktname: 50ml Whisky leer Extra Flint Vodka Premium runde Spirituose Glasflasche<\/li>\n<li>Fassungsverm\u00f6gen: 100-1000ml \/ kundenspezifisch<\/li>\n<li>Zertifizierung: ISO9001<\/li>\n<li>Verpacken: Karton\/Palette\/Sonderanfertigung<\/li>\n<li>Stichwort: Whiskey-Flasche, Glas Whiskey-Flasche, leere Whiskey-Flasche, runde Whisky-Flasche<\/li>\n<li>Dienstleistung: OEM \/ODM<\/li>\n<li>Muster: Kostenloses Muster zur Verf\u00fcgung gestellt<\/li>\n<li>Lieferzeiten: In der Regel 25-30 Arbeitstage<\/li>\n<\/ul>","protected":false},"excerpt":{"rendered":"<p>Sind Sie auf der Suche nach einer leeren Whiskeyflasche f\u00fcr Ihre Marke? Ruisheng Glass Bottle ist ein Profi in der Herstellung von Glasflaschen f\u00fcr Spirituosen. Wir bieten runde, leere Whiskeyflaschen von 700ml und 750ml an. Zu unseren Kunden geh\u00f6ren Whiskey-Marken, Unternehmen, Glasflaschen-Lieferanten, Gro\u00dfh\u00e4ndler und Distributoren.<\/p>\n<h2>Bestellinformationen \u00fcber 700ml\/750ml runde, leere Whiskeyflaschen<\/h2>\n<ul>\n<li>Modell Name: 700ml\/750ml Runde leere Whiskey-Flaschen<\/li>\n<li>Modell-Nummer: RS025<\/li>\n<li>Markenname: RUISHENG<\/li>\n<li><strong>MOQ: 10000St\u00fcck<\/strong><\/li>\n<li>Fassungsverm\u00f6gen: 700ML\/750ml\/angepasst<\/li>\n<li>Oberfl\u00e4chenbehandlung: Hei\u00dfpr\u00e4gung, Frost, Abziehbild, Pr\u00e4gung, Siebdruck<\/li>\n<li>Material: Super Flint Glas<\/li>\n<li>Material des Halsbandes: Klarglasflasche<\/li>\n<li>Verschlusstyp: Schraubverschluss, Kork, Glasverschluss, Twist-off-Verschluss<\/li>\n<li>Verwendung: Whiskeyflasche<\/li>\n<li>Herkunftsort: Shandong, China<\/li>\n<li>Verpackung: Standard-Exportkartons und Paletten<\/li>\n<li>Dienstleistung: OEM\/ODM-Dienst<\/li>\n<\/ul>\n<p>Wenn Sie den Gro\u00dfhandelspreis f\u00fcr Whiskey-Flaschen erhalten m\u00f6chten, klicken Sie hier, um uns zu kontaktieren<\/p>","protected":false},"featured_media":4342,"comment_status":"closed","ping_status":"closed","template":"","meta":[],"product_cat":[44,40,54],"class_list":{"0":"post-4341","1":"product","2":"type-product","3":"status-publish","4":"has-post-thumbnail","6":"product_cat-700ml-liquor-bottle-manufacturer","7":"product_cat-750ml-liquor-bottle-manufacturer","8":"product_cat-whiskey-bottle","10":"first","11":"instock","12":"shipping-taxable","13":"product-type-simple"},"yoast_head":"<!-- This site is optimized with the Yoast SEO plugin v22.0 - https:\/\/yoast.com\/wordpress\/plugins\/seo\/ -->\n<title>700ml\/750ml Round Empty Whiskey Bottle Wholesale<\/title>\n<meta name=\"description\" content=\"Do you want to buy Whsikey Bottle in Bulk for Your Brand? Ruisheng, a professional liquor bottle manufacturer, provide 700ml\/750ml Round Empty Whiskey Bottle Wholesale.\" \/>\n<meta name=\"robots\" content=\"index, follow, max-snippet:-1, max-image-preview:large, max-video-preview:-1\" \/>\n<link rel=\"canonical\" href=\"https:\/\/ruishengglassco.com\/de\/produkt\/rs025-700ml-750ml-runde-leere-whiskeyflaschen\" \/>\n<meta property=\"og:locale\" content=\"de_DE\" \/>\n<meta property=\"og:type\" content=\"article\" \/>\n<meta property=\"og:title\" content=\"700ml\/750ml Round Empty Whiskey Bottle Wholesale\" \/>\n<meta property=\"og:description\" content=\"Do you want to buy Whsikey Bottle in Bulk for Your Brand? Ruisheng, a professional liquor bottle manufacturer, provide 700ml\/750ml Round Empty Whiskey Bottle Wholesale.\" \/>\n<meta property=\"og:url\" content=\"https:\/\/ruishengglassco.com\/de\/produkt\/rs025-700ml-750ml-runde-leere-whiskeyflaschen\" \/>\n<meta property=\"article:publisher\" content=\"https:\/\/www.facebook.com\/ruishengglassbottles\" \/>\n<meta property=\"article:modified_time\" content=\"2025-07-17T06:44:45+00:00\" \/>\n<meta property=\"og:image\" content=\"https:\/\/ruishengglassco.com\/wp-content\/uploads\/2025\/03\/RS025-700ml-750ml-Round-Empty-Whiskey-Bottles.webp\" \/>\n\t<meta property=\"og:image:width\" content=\"800\" \/>\n\t<meta property=\"og:image:height\" content=\"800\" \/>\n\t<meta property=\"og:image:type\" content=\"image\/webp\" \/>\n<meta name=\"twitter:card\" content=\"summary_large_image\" \/>\n<meta name=\"twitter:label1\" content=\"Gesch\u00e4tzte Lesezeit\" \/>\n\t<meta name=\"twitter:data1\" content=\"1\u00a0Minute\" \/>\n<script type=\"application\/ld+json\" class=\"yoast-schema-graph\">{\"@context\":\"https:\/\/schema.org\",\"@graph\":[{\"@type\":\"WebPage\",\"@id\":\"https:\/\/ruishengglassco.com\/product\/rs025-700ml-750ml-round-empty-whiskey-bottles\",\"url\":\"https:\/\/ruishengglassco.com\/product\/rs025-700ml-750ml-round-empty-whiskey-bottles\",\"name\":\"700ml\/750ml Round Empty Whiskey Bottle Wholesale\",\"isPartOf\":{\"@id\":\"https:\/\/ruishengglassco.com\/#website\"},\"datePublished\":\"2025-03-15T05:34:18+00:00\",\"dateModified\":\"2025-07-17T06:44:45+00:00\",\"description\":\"Do you want to buy Whsikey Bottle in Bulk for Your Brand? Ruisheng, a professional liquor bottle manufacturer, provide 700ml\/750ml Round Empty Whiskey Bottle Wholesale.\",\"breadcrumb\":{\"@id\":\"https:\/\/ruishengglassco.com\/product\/rs025-700ml-750ml-round-empty-whiskey-bottles#breadcrumb\"},\"inLanguage\":\"de\",\"potentialAction\":[{\"@type\":\"ReadAction\",\"target\":[\"https:\/\/ruishengglassco.com\/product\/rs025-700ml-750ml-round-empty-whiskey-bottles\"]}]},{\"@type\":\"BreadcrumbList\",\"@id\":\"https:\/\/ruishengglassco.com\/product\/rs025-700ml-750ml-round-empty-whiskey-bottles#breadcrumb\",\"itemListElement\":[{\"@type\":\"ListItem\",\"position\":1,\"name\":\"Home\",\"item\":\"https:\/\/ruishengglassco.com\/\"},{\"@type\":\"ListItem\",\"position\":2,\"name\":\"Products\",\"item\":\"https:\/\/ruishengglassco.com\/products\"},{\"@type\":\"ListItem\",\"position\":3,\"name\":\"RS025 700ml\/750ml Round Empty Whiskey Bottles\"}]},{\"@type\":\"WebSite\",\"@id\":\"https:\/\/ruishengglassco.com\/#website\",\"url\":\"https:\/\/ruishengglassco.com\/\",\"name\":\"Ruisheng Glass\",\"description\":\"\",\"publisher\":{\"@id\":\"https:\/\/ruishengglassco.com\/#organization\"},\"potentialAction\":[{\"@type\":\"SearchAction\",\"target\":{\"@type\":\"EntryPoint\",\"urlTemplate\":\"https:\/\/ruishengglassco.com\/?s={search_term_string}\"},\"query-input\":\"required name=search_term_string\"}],\"inLanguage\":\"de\"},{\"@type\":\"Organization\",\"@id\":\"https:\/\/ruishengglassco.com\/#organization\",\"name\":\"Shandong Yuncheng Ruisheng Glass Co., Ltd\",\"url\":\"https:\/\/ruishengglassco.com\/\",\"logo\":{\"@type\":\"ImageObject\",\"inLanguage\":\"de\",\"@id\":\"https:\/\/ruishengglassco.com\/#\/schema\/logo\/image\/\",\"url\":\"https:\/\/ruishengglassco.com\/wp-content\/uploads\/2023\/09\/ruisheng_logo_icon.webp\",\"contentUrl\":\"https:\/\/ruishengglassco.com\/wp-content\/uploads\/2023\/09\/ruisheng_logo_icon.webp\",\"width\":400,\"height\":233,\"caption\":\"Shandong Yuncheng Ruisheng Glass Co., Ltd\"},\"image\":{\"@id\":\"https:\/\/ruishengglassco.com\/#\/schema\/logo\/image\/\"},\"sameAs\":[\"https:\/\/www.facebook.com\/ruishengglassbottles\",\"https:\/\/www.instagram.com\/Ruishengglassbottlewholesales\/\",\"https:\/\/www.youtube.com\/channel\/UCMmbMNGwsL-XrtjfSFLCdVQ\"]}]}<\/script>\n<!-- \/ Yoast SEO plugin. -->","yoast_head_json":{"title":"700ml\/750ml Round Empty Whiskey Bottle Wholesale","description":"Do you want to buy Whsikey Bottle in Bulk for Your Brand? Ruisheng, a professional liquor bottle manufacturer, provide 700ml\/750ml Round Empty Whiskey Bottle Wholesale.","robots":{"index":"index","follow":"follow","max-snippet":"max-snippet:-1","max-image-preview":"max-image-preview:large","max-video-preview":"max-video-preview:-1"},"canonical":"https:\/\/ruishengglassco.com\/de\/produkt\/rs025-700ml-750ml-runde-leere-whiskeyflaschen","og_locale":"de_DE","og_type":"article","og_title":"700ml\/750ml Round Empty Whiskey Bottle Wholesale","og_description":"Do you want to buy Whsikey Bottle in Bulk for Your Brand? Ruisheng, a professional liquor bottle manufacturer, provide 700ml\/750ml Round Empty Whiskey Bottle Wholesale.","og_url":"https:\/\/ruishengglassco.com\/de\/produkt\/rs025-700ml-750ml-runde-leere-whiskeyflaschen","article_publisher":"https:\/\/www.facebook.com\/ruishengglassbottles","article_modified_time":"2025-07-17T06:44:45+00:00","og_image":[{"width":800,"height":800,"url":"https:\/\/ruishengglassco.com\/wp-content\/uploads\/2025\/03\/RS025-700ml-750ml-Round-Empty-Whiskey-Bottles.webp","type":"image\/webp"}],"twitter_card":"summary_large_image","twitter_misc":{"Gesch\u00e4tzte Lesezeit":"1\u00a0Minute"},"schema":{"@context":"https:\/\/schema.org","@graph":[{"@type":"WebPage","@id":"https:\/\/ruishengglassco.com\/product\/rs025-700ml-750ml-round-empty-whiskey-bottles","url":"https:\/\/ruishengglassco.com\/product\/rs025-700ml-750ml-round-empty-whiskey-bottles","name":"700ml\/750ml Round Empty Whiskey Bottle Wholesale","isPartOf":{"@id":"https:\/\/ruishengglassco.com\/#website"},"datePublished":"2025-03-15T05:34:18+00:00","dateModified":"2025-07-17T06:44:45+00:00","description":"Do you want to buy Whsikey Bottle in Bulk for Your Brand? Ruisheng, a professional liquor bottle manufacturer, provide 700ml\/750ml Round Empty Whiskey Bottle Wholesale.","breadcrumb":{"@id":"https:\/\/ruishengglassco.com\/product\/rs025-700ml-750ml-round-empty-whiskey-bottles#breadcrumb"},"inLanguage":"de","potentialAction":[{"@type":"ReadAction","target":["https:\/\/ruishengglassco.com\/product\/rs025-700ml-750ml-round-empty-whiskey-bottles"]}]},{"@type":"BreadcrumbList","@id":"https:\/\/ruishengglassco.com\/product\/rs025-700ml-750ml-round-empty-whiskey-bottles#breadcrumb","itemListElement":[{"@type":"ListItem","position":1,"name":"Home","item":"https:\/\/ruishengglassco.com\/"},{"@type":"ListItem","position":2,"name":"Products","item":"https:\/\/ruishengglassco.com\/products"},{"@type":"ListItem","position":3,"name":"RS025 700ml\/750ml Round Empty Whiskey Bottles"}]},{"@type":"WebSite","@id":"https:\/\/ruishengglassco.com\/#website","url":"https:\/\/ruishengglassco.com\/","name":"Ruisheng Glass","description":"","publisher":{"@id":"https:\/\/ruishengglassco.com\/#organization"},"potentialAction":[{"@type":"SearchAction","target":{"@type":"EntryPoint","urlTemplate":"https:\/\/ruishengglassco.com\/?s={search_term_string}"},"query-input":"required name=search_term_string"}],"inLanguage":"de"},{"@type":"Organization","@id":"https:\/\/ruishengglassco.com\/#organization","name":"Shandong Yuncheng Ruisheng Glass Co., Ltd","url":"https:\/\/ruishengglassco.com\/","logo":{"@type":"ImageObject","inLanguage":"de","@id":"https:\/\/ruishengglassco.com\/#\/schema\/logo\/image\/","url":"https:\/\/ruishengglassco.com\/wp-content\/uploads\/2023\/09\/ruisheng_logo_icon.webp","contentUrl":"https:\/\/ruishengglassco.com\/wp-content\/uploads\/2023\/09\/ruisheng_logo_icon.webp","width":400,"height":233,"caption":"Shandong Yuncheng Ruisheng Glass Co., Ltd"},"image":{"@id":"https:\/\/ruishengglassco.com\/#\/schema\/logo\/image\/"},"sameAs":["https:\/\/www.facebook.com\/ruishengglassbottles","https:\/\/www.instagram.com\/Ruishengglassbottlewholesales\/","https:\/\/www.youtube.com\/channel\/UCMmbMNGwsL-XrtjfSFLCdVQ"]}]}},"_links":{"self":[{"href":"https:\/\/ruishengglassco.com\/de\/wp-json\/wp\/v2\/product\/4341","targetHints":{"allow":["GET"]}}],"collection":[{"href":"https:\/\/ruishengglassco.com\/de\/wp-json\/wp\/v2\/product"}],"about":[{"href":"https:\/\/ruishengglassco.com\/de\/wp-json\/wp\/v2\/types\/product"}],"replies":[{"embeddable":true,"href":"https:\/\/ruishengglassco.com\/de\/wp-json\/wp\/v2\/comments?post=4341"}],"wp:featuredmedia":[{"embeddable":true,"href":"https:\/\/ruishengglassco.com\/de\/wp-json\/wp\/v2\/media\/4342"}],"wp:attachment":[{"href":"https:\/\/ruishengglassco.com\/de\/wp-json\/wp\/v2\/media?parent=4341"}],"wp:term":[{"taxonomy":"product_cat","embeddable":true,"href":"https:\/\/ruishengglassco.com\/de\/wp-json\/wp\/v2\/product_cat?post=4341"}],"curies":[{"name":"wp","href":"https:\/\/api.w.org\/{rel}","templated":true}]}}